{"id":41461,"date":"2024-08-17T10:44:57","date_gmt":"2024-08-17T08:44:57","guid":{"rendered":"https:\/\/dutchmicrodosing.com\/shop\/sin%20categor\u00eda\/shilajit-extracto-ashwagandha-ayurvediq-60capsulas\/"},"modified":"2025-08-21T08:57:49","modified_gmt":"2025-08-21T06:57:49","slug":"shilajit-extracto-ashwagandha-ayurvediq-60capsulas","status":"publish","type":"product","link":"https:\/\/dutchmicrodosing.com\/es\/herbolario\/suplementos-energeticos\/shilajit-extracto-ashwagandha-ayurvediq-60capsulas\/","title":{"rendered":"Extracto de Shilajit y Ashwagandha (Ayurvediq) &#8211; 60c\u00e1psulas"},"content":{"rendered":"<p>Descubre el poder de las hierbas ayurv\u00e9dicas tradicionales con <strong>las c\u00e1psulas Ayurvediq Shilajit y Ashwagandha<\/strong>. El shilajit, una resina natural de las monta\u00f1as del Himalaya, es rico en minerales y contiene un 60% de \u00e1cido f\u00falvico. Estas c\u00e1psulas tambi\u00e9n est\u00e1n enriquecidas con Ashwagandha org\u00e1nica, una hierba adapt\u00f3gena conocida por sus efectos de apoyo al equilibrio corporal. La combinaci\u00f3n sin\u00e9rgica de Shilajit y Ashwagandha en cada c\u00e1psula ayuda a promover el equilibrio interior. Cada c\u00e1psula aporta 500 mg de Shilajit y 50 mg de Ashwagandha org\u00e1nica. Un envase contiene 60 c\u00e1psulas vegetales.<\/p>\n<p>El shilajit es una sustancia natural que se encuentra principalmente en el Himalaya y otras regiones monta\u00f1osas. Es una sustancia untable rica en minerales creada a partir de la digesti\u00f3n de material vegetal y minerales durante miles de a\u00f1os. En la medicina ayurv\u00e9dica tradicional, el shilajit se utiliza a menudo y es conocido por sus supuestos beneficios para la salud.<\/p>\n<p>Los principales ingredientes del shilajit son el \u00e1cido f\u00falvico, los \u00e1cidos h\u00famicos y diversos minerales. Se cree que el shilajit puede ayudar a aumentar la energ\u00eda, reforzar el sistema inmunitario y promover la salud y la vitalidad en general.<\/p>\n<h3>Caracter\u00edsticas principales:<\/h3>\n<ul>\n<li>Extracto de shilajit con un 60% de \u00e1cido f\u00falvico del Himalaya<\/li>\n<li>Contiene ashwagandha org\u00e1nica<\/li>\n<li>Sin rellenos, aglutinantes ni excipientes<\/li>\n<li>Sin colorantes, conservantes, OMG, gluten, soja ni lactosa<\/li>\n<\/ul>\n<h3>Dosificaci\u00f3n:<\/h3>\n<p>Toma una o dos c\u00e1psulas al d\u00eda con agua, preferiblemente durante una comida. Para obtener resultados \u00f3ptimos, util\u00edzalo de forma constante y como parte de un estilo de vida saludable.<\/p>\n<h3>Composici\u00f3n por c\u00e1psula:<\/h3>\n<ul>\n<li>500 mg de extracto de Shilajit<\/li>\n<li>50 mg de Ashwagandha org\u00e1nica<\/li>\n<\/ul>\n<h3>Ingredientes:<\/h3>\n<p>Extracto de Shilajit, Ashwagandha* (org\u00e1nico), c\u00e1psula vegetal.<\/p>\n<h3>Contenido:<\/h3>\n<p>Ayurvediq Extracto de Shilajit y Ashwagandha &#8211; 60 c\u00e1ps.<\/p>\n","protected":false},"excerpt":{"rendered":"<p>Descubre el poder de las hierbas ayurv\u00e9dicas tradicionales con las c\u00e1psulas Ayurvediq Shilajit y Ashwagandha. El shilajit, una resina natural de las monta\u00f1as del Himalaya, es rico en minerales y contiene un 60% de \u00e1cido f\u00falvico. Estas c\u00e1psulas tambi\u00e9n est\u00e1n enriquecidas con Ashwagandha org\u00e1nica, una hierba adapt\u00f3gena conocida por sus efectos de apoyo al equilibrio [&hellip;]<\/p>\n","protected":false},"featured_media":41455,"comment_status":"closed","ping_status":"closed","template":"","meta":[],"product_brand":[],"product_cat":[297,298,324,140],"product_tag":[],"class_list":{"0":"post-41461","1":"product","2":"type-product","3":"status-publish","4":"has-post-thumbnail","6":"product_cat-suplementos-energeticos","7":"product_cat-suplementos-para-el-sistema-inmunitario","8":"product_cat-suplementos-para-la-concentracion","9":"product_cat-suplementos-de-vitaminas","11":"first","12":"instock","13":"taxable","14":"shipping-taxable","15":"purchasable","16":"product-type-simple"},"yoast_head":"<!-- This site is optimized with the Yoast SEO Premium plugin v26.4 (Yoast SEO v27.4) - https:\/\/yoast.com\/product\/yoast-seo-premium-wordpress\/ -->\n<title>Extracto de Shilajit y Ashwagandha (Ayurvediq) - 60c\u00e1psulas - Dutchmicrodosing<\/title>\n<meta name=\"description\" content=\"Descubre el Shilajit, una poderosa sustancia natural creada a partir de siglos de digesti\u00f3n de material vegetal y minerales. Lee m\u00e1s aqu\u00ed...\" \/>\n<meta name=\"robots\" content=\"index, follow, max-snippet:-1, max-image-preview:large, max-video-preview:-1\" \/>\n<link rel=\"canonical\" href=\"https:\/\/dutchmicrodosing.com\/es\/herbolario\/suplementos-energeticos\/shilajit-extracto-ashwagandha-ayurvediq-60capsulas\/\" \/>\n<meta property=\"og:locale\" content=\"es_ES\" \/>\n<meta property=\"og:type\" content=\"article\" \/>\n<meta property=\"og:title\" content=\"Extracto de Shilajit y Ashwagandha (Ayurvediq) - 60c\u00e1psulas\" \/>\n<meta property=\"og:description\" content=\"Descubre el poder de las hierbas ayurv\u00e9dicas tradicionales con las c\u00e1psulas Ayurvediq Shilajit y Ashwagandha. El shilajit, una resina natural de las\" \/>\n<meta property=\"og:url\" content=\"https:\/\/dutchmicrodosing.com\/es\/herbolario\/suplementos-energeticos\/shilajit-extracto-ashwagandha-ayurvediq-60capsulas\/\" \/>\n<meta property=\"og:site_name\" content=\"Dutchmicrodosing\" \/>\n<meta property=\"article:publisher\" content=\"https:\/\/www.facebook.com\/Dutchmicrodosingxp\/\" \/>\n<meta property=\"article:modified_time\" content=\"2025-08-21T06:57:49+00:00\" \/>\n<meta property=\"og:image\" content=\"https:\/\/dutchmicrodosing.com\/wp-content\/uploads\/2024\/08\/3395_organic_shilajit_ashwagandha_ayurvediq_60caps.jpg\" \/>\n\t<meta property=\"og:image:width\" content=\"700\" \/>\n\t<meta property=\"og:image:height\" content=\"700\" \/>\n\t<meta property=\"og:image:type\" content=\"image\/jpeg\" \/>\n<meta name=\"twitter:card\" content=\"summary_large_image\" \/>\n<script type=\"application\/ld+json\" class=\"yoast-schema-graph\">{\"@context\":\"https:\\\/\\\/schema.org\",\"@graph\":[{\"@type\":\"WebPage\",\"@id\":\"https:\\\/\\\/dutchmicrodosing.com\\\/es\\\/herbolario\\\/suplementos-energeticos\\\/shilajit-extracto-ashwagandha-ayurvediq-60capsulas\\\/\",\"url\":\"https:\\\/\\\/dutchmicrodosing.com\\\/es\\\/herbolario\\\/suplementos-energeticos\\\/shilajit-extracto-ashwagandha-ayurvediq-60capsulas\\\/\",\"name\":\"Extracto de Shilajit y Ashwagandha (Ayurvediq) - 60c\u00e1psulas - Dutchmicrodosing\",\"isPartOf\":{\"@id\":\"https:\\\/\\\/dutchmicrodosing.com\\\/es\\\/#website\"},\"primaryImageOfPage\":{\"@id\":\"https:\\\/\\\/dutchmicrodosing.com\\\/es\\\/herbolario\\\/suplementos-energeticos\\\/shilajit-extracto-ashwagandha-ayurvediq-60capsulas\\\/#primaryimage\"},\"image\":{\"@id\":\"https:\\\/\\\/dutchmicrodosing.com\\\/es\\\/herbolario\\\/suplementos-energeticos\\\/shilajit-extracto-ashwagandha-ayurvediq-60capsulas\\\/#primaryimage\"},\"thumbnailUrl\":\"https:\\\/\\\/dutchmicrodosing.com\\\/wp-content\\\/uploads\\\/2024\\\/08\\\/3395_organic_shilajit_ashwagandha_ayurvediq_60caps.jpg\",\"datePublished\":\"2024-08-17T08:44:57+00:00\",\"dateModified\":\"2025-08-21T06:57:49+00:00\",\"description\":\"Descubre el Shilajit, una poderosa sustancia natural creada a partir de siglos de digesti\u00f3n de material vegetal y minerales. Lee m\u00e1s aqu\u00ed...\",\"breadcrumb\":{\"@id\":\"https:\\\/\\\/dutchmicrodosing.com\\\/es\\\/herbolario\\\/suplementos-energeticos\\\/shilajit-extracto-ashwagandha-ayurvediq-60capsulas\\\/#breadcrumb\"},\"inLanguage\":\"es\",\"potentialAction\":[{\"@type\":\"ReadAction\",\"target\":[\"https:\\\/\\\/dutchmicrodosing.com\\\/es\\\/herbolario\\\/suplementos-energeticos\\\/shilajit-extracto-ashwagandha-ayurvediq-60capsulas\\\/\"]}]},{\"@type\":\"ImageObject\",\"inLanguage\":\"es\",\"@id\":\"https:\\\/\\\/dutchmicrodosing.com\\\/es\\\/herbolario\\\/suplementos-energeticos\\\/shilajit-extracto-ashwagandha-ayurvediq-60capsulas\\\/#primaryimage\",\"url\":\"https:\\\/\\\/dutchmicrodosing.com\\\/wp-content\\\/uploads\\\/2024\\\/08\\\/3395_organic_shilajit_ashwagandha_ayurvediq_60caps.jpg\",\"contentUrl\":\"https:\\\/\\\/dutchmicrodosing.com\\\/wp-content\\\/uploads\\\/2024\\\/08\\\/3395_organic_shilajit_ashwagandha_ayurvediq_60caps.jpg\",\"width\":700,\"height\":700},{\"@type\":\"BreadcrumbList\",\"@id\":\"https:\\\/\\\/dutchmicrodosing.com\\\/es\\\/herbolario\\\/suplementos-energeticos\\\/shilajit-extracto-ashwagandha-ayurvediq-60capsulas\\\/#breadcrumb\",\"itemListElement\":[{\"@type\":\"ListItem\",\"position\":1,\"name\":\"Home\",\"item\":\"https:\\\/\\\/dutchmicrodosing.com\\\/es\\\/\"},{\"@type\":\"ListItem\",\"position\":2,\"name\":\"Tienda\",\"item\":\"https:\\\/\\\/dutchmicrodosing.com\\\/es\\\/tienda\\\/\"},{\"@type\":\"ListItem\",\"position\":3,\"name\":\"Extracto de Shilajit y Ashwagandha (Ayurvediq) &#8211; 60c\u00e1psulas\"}]},{\"@type\":\"WebSite\",\"@id\":\"https:\\\/\\\/dutchmicrodosing.com\\\/es\\\/#website\",\"url\":\"https:\\\/\\\/dutchmicrodosing.com\\\/es\\\/\",\"name\":\"Dutchmicrodosing\",\"description\":\"\",\"publisher\":{\"@id\":\"https:\\\/\\\/dutchmicrodosing.com\\\/es\\\/#organization\"},\"potentialAction\":[{\"@type\":\"SearchAction\",\"target\":{\"@type\":\"EntryPoint\",\"urlTemplate\":\"https:\\\/\\\/dutchmicrodosing.com\\\/es\\\/?s={search_term_string}\"},\"query-input\":{\"@type\":\"PropertyValueSpecification\",\"valueRequired\":true,\"valueName\":\"search_term_string\"}}],\"inLanguage\":\"es\"},{\"@type\":\"Organization\",\"@id\":\"https:\\\/\\\/dutchmicrodosing.com\\\/es\\\/#organization\",\"name\":\"Dutchmicrodosing\",\"url\":\"https:\\\/\\\/dutchmicrodosing.com\\\/es\\\/\",\"logo\":{\"@type\":\"ImageObject\",\"inLanguage\":\"es\",\"@id\":\"https:\\\/\\\/dutchmicrodosing.com\\\/es\\\/#\\\/schema\\\/logo\\\/image\\\/\",\"url\":\"https:\\\/\\\/dutchmicrodosing.com\\\/wp-content\\\/uploads\\\/2021\\\/01\\\/microdosing-categorie-pic-nieuw.jpg\",\"contentUrl\":\"https:\\\/\\\/dutchmicrodosing.com\\\/wp-content\\\/uploads\\\/2021\\\/01\\\/microdosing-categorie-pic-nieuw.jpg\",\"width\":500,\"height\":500,\"caption\":\"Dutchmicrodosing\"},\"image\":{\"@id\":\"https:\\\/\\\/dutchmicrodosing.com\\\/es\\\/#\\\/schema\\\/logo\\\/image\\\/\"},\"sameAs\":[\"https:\\\/\\\/www.facebook.com\\\/Dutchmicrodosingxp\\\/\",\"https:\\\/\\\/www.instagram.com\\\/dutchmicrodosing\\\/\"]}]}<\/script>\n<meta property=\"product:price:amount\" content=\"28.95\" \/>\n<meta property=\"product:price:currency\" content=\"EUR\" \/>\n<meta property=\"og:availability\" content=\"instock\" \/>\n<meta property=\"product:availability\" content=\"instock\" \/>\n<meta property=\"product:retailer_item_id\" content=\"4208667\" \/>\n<meta property=\"product:condition\" content=\"new\" \/>\n<!-- \/ Yoast SEO Premium plugin. -->","yoast_head_json":{"title":"Extracto de Shilajit y Ashwagandha (Ayurvediq) - 60c\u00e1psulas - Dutchmicrodosing","description":"Descubre el Shilajit, una poderosa sustancia natural creada a partir de siglos de digesti\u00f3n de material vegetal y minerales. Lee m\u00e1s aqu\u00ed...","robots":{"index":"index","follow":"follow","max-snippet":"max-snippet:-1","max-image-preview":"max-image-preview:large","max-video-preview":"max-video-preview:-1"},"canonical":"https:\/\/dutchmicrodosing.com\/es\/herbolario\/suplementos-energeticos\/shilajit-extracto-ashwagandha-ayurvediq-60capsulas\/","og_locale":"es_ES","og_type":"article","og_title":"Extracto de Shilajit y Ashwagandha (Ayurvediq) - 60c\u00e1psulas","og_description":"Descubre el poder de las hierbas ayurv\u00e9dicas tradicionales con las c\u00e1psulas Ayurvediq Shilajit y Ashwagandha. El shilajit, una resina natural de las","og_url":"https:\/\/dutchmicrodosing.com\/es\/herbolario\/suplementos-energeticos\/shilajit-extracto-ashwagandha-ayurvediq-60capsulas\/","og_site_name":"Dutchmicrodosing","article_publisher":"https:\/\/www.facebook.com\/Dutchmicrodosingxp\/","article_modified_time":"2025-08-21T06:57:49+00:00","og_image":[{"width":700,"height":700,"url":"https:\/\/dutchmicrodosing.com\/wp-content\/uploads\/2024\/08\/3395_organic_shilajit_ashwagandha_ayurvediq_60caps.jpg","type":"image\/jpeg"}],"twitter_card":"summary_large_image","schema":{"@context":"https:\/\/schema.org","@graph":[{"@type":"WebPage","@id":"https:\/\/dutchmicrodosing.com\/es\/herbolario\/suplementos-energeticos\/shilajit-extracto-ashwagandha-ayurvediq-60capsulas\/","url":"https:\/\/dutchmicrodosing.com\/es\/herbolario\/suplementos-energeticos\/shilajit-extracto-ashwagandha-ayurvediq-60capsulas\/","name":"Extracto de Shilajit y Ashwagandha (Ayurvediq) - 60c\u00e1psulas - Dutchmicrodosing","isPartOf":{"@id":"https:\/\/dutchmicrodosing.com\/es\/#website"},"primaryImageOfPage":{"@id":"https:\/\/dutchmicrodosing.com\/es\/herbolario\/suplementos-energeticos\/shilajit-extracto-ashwagandha-ayurvediq-60capsulas\/#primaryimage"},"image":{"@id":"https:\/\/dutchmicrodosing.com\/es\/herbolario\/suplementos-energeticos\/shilajit-extracto-ashwagandha-ayurvediq-60capsulas\/#primaryimage"},"thumbnailUrl":"https:\/\/dutchmicrodosing.com\/wp-content\/uploads\/2024\/08\/3395_organic_shilajit_ashwagandha_ayurvediq_60caps.jpg","datePublished":"2024-08-17T08:44:57+00:00","dateModified":"2025-08-21T06:57:49+00:00","description":"Descubre el Shilajit, una poderosa sustancia natural creada a partir de siglos de digesti\u00f3n de material vegetal y minerales. Lee m\u00e1s aqu\u00ed...","breadcrumb":{"@id":"https:\/\/dutchmicrodosing.com\/es\/herbolario\/suplementos-energeticos\/shilajit-extracto-ashwagandha-ayurvediq-60capsulas\/#breadcrumb"},"inLanguage":"es","potentialAction":[{"@type":"ReadAction","target":["https:\/\/dutchmicrodosing.com\/es\/herbolario\/suplementos-energeticos\/shilajit-extracto-ashwagandha-ayurvediq-60capsulas\/"]}]},{"@type":"ImageObject","inLanguage":"es","@id":"https:\/\/dutchmicrodosing.com\/es\/herbolario\/suplementos-energeticos\/shilajit-extracto-ashwagandha-ayurvediq-60capsulas\/#primaryimage","url":"https:\/\/dutchmicrodosing.com\/wp-content\/uploads\/2024\/08\/3395_organic_shilajit_ashwagandha_ayurvediq_60caps.jpg","contentUrl":"https:\/\/dutchmicrodosing.com\/wp-content\/uploads\/2024\/08\/3395_organic_shilajit_ashwagandha_ayurvediq_60caps.jpg","width":700,"height":700},{"@type":"BreadcrumbList","@id":"https:\/\/dutchmicrodosing.com\/es\/herbolario\/suplementos-energeticos\/shilajit-extracto-ashwagandha-ayurvediq-60capsulas\/#breadcrumb","itemListElement":[{"@type":"ListItem","position":1,"name":"Home","item":"https:\/\/dutchmicrodosing.com\/es\/"},{"@type":"ListItem","position":2,"name":"Tienda","item":"https:\/\/dutchmicrodosing.com\/es\/tienda\/"},{"@type":"ListItem","position":3,"name":"Extracto de Shilajit y Ashwagandha (Ayurvediq) &#8211; 60c\u00e1psulas"}]},{"@type":"WebSite","@id":"https:\/\/dutchmicrodosing.com\/es\/#website","url":"https:\/\/dutchmicrodosing.com\/es\/","name":"Dutchmicrodosing","description":"","publisher":{"@id":"https:\/\/dutchmicrodosing.com\/es\/#organization"},"potentialAction":[{"@type":"SearchAction","target":{"@type":"EntryPoint","urlTemplate":"https:\/\/dutchmicrodosing.com\/es\/?s={search_term_string}"},"query-input":{"@type":"PropertyValueSpecification","valueRequired":true,"valueName":"search_term_string"}}],"inLanguage":"es"},{"@type":"Organization","@id":"https:\/\/dutchmicrodosing.com\/es\/#organization","name":"Dutchmicrodosing","url":"https:\/\/dutchmicrodosing.com\/es\/","logo":{"@type":"ImageObject","inLanguage":"es","@id":"https:\/\/dutchmicrodosing.com\/es\/#\/schema\/logo\/image\/","url":"https:\/\/dutchmicrodosing.com\/wp-content\/uploads\/2021\/01\/microdosing-categorie-pic-nieuw.jpg","contentUrl":"https:\/\/dutchmicrodosing.com\/wp-content\/uploads\/2021\/01\/microdosing-categorie-pic-nieuw.jpg","width":500,"height":500,"caption":"Dutchmicrodosing"},"image":{"@id":"https:\/\/dutchmicrodosing.com\/es\/#\/schema\/logo\/image\/"},"sameAs":["https:\/\/www.facebook.com\/Dutchmicrodosingxp\/","https:\/\/www.instagram.com\/dutchmicrodosing\/"]}]},"product_price_amount":"28.95","product_price_currency":"EUR","og_availability":"instock","product_availability":"instock","product_retailer_item_id":"4208667","product_condition":"new"},"_links":{"self":[{"href":"https:\/\/dutchmicrodosing.com\/es\/wp-json\/wp\/v2\/product\/41461","targetHints":{"allow":["GET"]}}],"collection":[{"href":"https:\/\/dutchmicrodosing.com\/es\/wp-json\/wp\/v2\/product"}],"about":[{"href":"https:\/\/dutchmicrodosing.com\/es\/wp-json\/wp\/v2\/types\/product"}],"replies":[{"embeddable":true,"href":"https:\/\/dutchmicrodosing.com\/es\/wp-json\/wp\/v2\/comments?post=41461"}],"version-history":[{"count":0,"href":"https:\/\/dutchmicrodosing.com\/es\/wp-json\/wp\/v2\/product\/41461\/revisions"}],"wp:featuredmedia":[{"embeddable":true,"href":"https:\/\/dutchmicrodosing.com\/es\/wp-json\/wp\/v2\/media\/41455"}],"wp:attachment":[{"href":"https:\/\/dutchmicrodosing.com\/es\/wp-json\/wp\/v2\/media?parent=41461"}],"wp:term":[{"taxonomy":"product_brand","embeddable":true,"href":"https:\/\/dutchmicrodosing.com\/es\/wp-json\/wp\/v2\/product_brand?post=41461"},{"taxonomy":"product_cat","embeddable":true,"href":"https:\/\/dutchmicrodosing.com\/es\/wp-json\/wp\/v2\/product_cat?post=41461"},{"taxonomy":"product_tag","embeddable":true,"href":"https:\/\/dutchmicrodosing.com\/es\/wp-json\/wp\/v2\/product_tag?post=41461"}],"curies":[{"name":"wp","href":"https:\/\/api.w.org\/{rel}","templated":true}]}}