{"id":41481,"date":"2024-08-19T08:42:11","date_gmt":"2024-08-19T06:42:11","guid":{"rendered":"https:\/\/dutchmicrodosing.com\/shop\/sin%20categor\u00eda\/miel-de-verdad-nepal-50-gramos\/"},"modified":"2025-08-19T07:37:51","modified_gmt":"2025-08-19T05:37:51","slug":"miel-de-verdad-nepal-50-gramos","status":"publish","type":"product","link":"https:\/\/dutchmicrodosing.com\/es\/herbolario\/suplementos-de-vitaminas\/miel-de-verdad-nepal-50-gramos\/","title":{"rendered":"Miel Loca Real Nepal &#8211; 50 Gramos"},"content":{"rendered":"<p>La miel loca, o \u201cgekke honing\u201d (miel loca), es, de hecho, un tipo \u00fanico de miel producida por abejas que recolectan n\u00e9ctar de ciertas especies de flores de rododendro, como Rhododendron ponticum y Rhododendron luteum. Estas flores contienen grayanotoxinas, toxinas que, cuando se consumen en peque\u00f1as cantidades, pueden causar efectos psicoactivos, como alucinaciones, mareos y euforia.<\/p>\n<p>Se sabe que la variante de <strong>miel loca de Nepal<\/strong> es m\u00e1s fuerte que la variante turca debido a una mayor concentraci\u00f3n de grayanotoxinas. Esta diferencia en la potencia puede deberse a variaciones en las especies de rododendro, las abejas que recolectan el n\u00e9ctar o la concentraci\u00f3n de grayanotoxinas en la regi\u00f3n donde se produce la miel.<\/p>\n<p>El hecho de que Real Mad Honey haya sido probada en laboratorio y tenga informes de an\u00e1lisis disponibles ofrece una capa adicional de seguridad para los consumidores que buscan miel loca aut\u00e9ntica con los efectos esperados. Esto es importante porque no toda la miel que se vende como miel loca contiene realmente las grayanotoxinas psicoactivas. Las pruebas de laboratorio ayudan a confirmar que la miel contiene las sustancias espec\u00edficas responsables de las propiedades \u00fanicas de la miel loca.<\/p>\n<p>Al considerar el consumo de miel loca, es importante saber que los efectos pueden variar seg\u00fan la dosis y la sensibilidad individual. Demasiadas grayanotoxinas pueden ser peligrosas y provocar s\u00edntomas como v\u00f3mitos, diarrea, p\u00e9rdida del conocimiento o incluso problemas card\u00edacos. Por lo tanto, es esencial tener precauci\u00f3n con la ingesta y, si es posible, hablar sobre la dosis con alguien que est\u00e9 familiarizado con los efectos de esta miel.<\/p>\n<h3>Caracter\u00edsticas de la aut\u00e9ntica miel loca nepal\u00ed<\/h3>\n<ul>\n<li><strong>Origen:<\/strong> Se recolecta a una altitud de al menos 3.500 metros.<\/li>\n<li><strong>Naturalidad:<\/strong> 100% natural, no procesado, filtrado ni con aditivos.<\/li>\n<li><strong>Efectos:<\/strong> Contiene cantidades detectables de grayanotoxinas que provocan una intoxicaci\u00f3n agradable.<\/li>\n<li><strong>Color y sabor:<\/strong> Color oscuro con regusto amargo.<\/li>\n<\/ul>\n<h3>Efectos<\/h3>\n<p>\u201cMad Honey\u201d (Miel loca) debe su nombre al hecho de que te vuelve un poco \u201cmad\u201d (loco) debido a las grayanotoxinas que contiene, tambi\u00e9n llamadas rodoxotinas. Tradicionalmente, la miel loca se utiliza como afrodis\u00edaco, para reducir la presi\u00f3n arterial alta y para problemas digestivos. Las grayanotoxinas act\u00faan sobre los canales de iones de sodio y los receptores muscar\u00ednicos, de forma similar a la seta venenosa Amanita muscaria. Con dosis normales, los efectos pueden ser:<\/p>\n<h4>Efectos <strong>positivos<\/strong>:<\/h4>\n<ul>\n<li>Sensaci\u00f3n de relajaci\u00f3n<\/li>\n<li>Sensaci\u00f3n de excitaci\u00f3n<\/li>\n<li>Suavizar el campo de visi\u00f3n<\/li>\n<li>Alucinaciones auditivas y visuales<\/li>\n<li>Dormirse m\u00e1s r\u00e1pido<\/li>\n<li>Alivio de la tos<\/li>\n<\/ul>\n<h4>Efectos f\u00edsicos:<\/h4>\n<ul>\n<li>Disminuci\u00f3n de la tensi\u00f3n arterial<\/li>\n<li>Cambios en el ritmo cardiaco<\/li>\n<li>Mareos<\/li>\n<li>N\u00e1useas<\/li>\n<li>Sudando<\/li>\n<li>Dolor de cabeza<\/li>\n<li>Dificultad para estar de pie<\/li>\n<\/ul>\n<h3><strong>Utilice<\/strong><\/h3>\n<p>Comience con peque\u00f1as cantidades para medir su sensibilidad al veneno. Una media cucharadita o una cucharadita entera de miel loca es una dosis com\u00fan. Para una experiencia m\u00e1s recreativa, se pueden tomar dos cucharaditas. Sin embargo, cuanto m\u00e1s tome, m\u00e1s notables ser\u00e1n los efectos secundarios adversos. Tomar demasiado puede causar una enfermedad grave.<\/p>\n<h3>Advertencia<\/h3>\n<p>Este producto; Mad Honey (Miel loca), puede ser peligroso para la salud cuando se combina con ciertos medicamentos, alcohol o con inhibidores de la MAO. \u00bfEst\u00e1 tomando alg\u00fan medicamento? Consulte siempre primero a su m\u00e9dico y lea el prospecto de su medicamento para evitar riesgos para la salud. Tampoco use este producto si est\u00e1 embarazada o amamantando. <strong>Tenga en cuenta la posibilidad de reacciones al\u00e9rgicas, especialmente si es al\u00e9rgico a los productos ap\u00edcolas<\/strong>. Utilice esta miel \u00fanica de forma responsable y, por lo tanto, no participe en el tr\u00e1fico cuando la use. As\u00ed que no conduzcas un coche ni otros veh\u00edculos.<\/p>\n<h3>Consejos de almacenamiento<\/h3>\n<p>\u00a1Guarde en un lugar fresco, oscuro y privado, y fuera del alcance de los ni\u00f1os!<\/p>\n<h3>Contenido<\/h3>\n<p>Real Mad Honey Nepal &#8211; 50 gramos.<\/p>\n","protected":false},"excerpt":{"rendered":"<p>La miel loca, o \u201cgekke honing\u201d (miel loca), es, de hecho, un tipo \u00fanico de miel producida por abejas que recolectan n\u00e9ctar de ciertas especies de flores de rododendro, como Rhododendron ponticum y Rhododendron luteum. Estas flores contienen grayanotoxinas, toxinas que, cuando se consumen en peque\u00f1as cantidades, pueden causar efectos psicoactivos, como alucinaciones, mareos y [&hellip;]<\/p>\n","protected":false},"featured_media":41475,"comment_status":"closed","ping_status":"closed","template":"","meta":[],"product_brand":[],"product_cat":[140],"product_tag":[],"class_list":{"0":"post-41481","1":"product","2":"type-product","3":"status-publish","4":"has-post-thumbnail","6":"product_cat-suplementos-de-vitaminas","8":"first","9":"instock","10":"taxable","11":"shipping-taxable","12":"purchasable","13":"product-type-simple"},"yoast_head":"<!-- This site is optimized with the Yoast SEO Premium plugin v26.4 (Yoast SEO v27.4) - https:\/\/yoast.com\/product\/yoast-seo-premium-wordpress\/ -->\n<title>Miel Loca Real Nepal - 50 Gramos - Dutchmicrodosing<\/title>\n<meta name=\"robots\" content=\"index, follow, max-snippet:-1, max-image-preview:large, max-video-preview:-1\" \/>\n<link rel=\"canonical\" href=\"https:\/\/dutchmicrodosing.com\/es\/herbolario\/suplementos-de-vitaminas\/miel-de-verdad-nepal-50-gramos\/\" \/>\n<meta property=\"og:locale\" content=\"es_ES\" \/>\n<meta property=\"og:type\" content=\"article\" \/>\n<meta property=\"og:title\" content=\"Miel Loca Real Nepal - 50 Gramos\" \/>\n<meta property=\"og:description\" content=\"La miel loca, o \u201cgekke honing\u201d (miel loca), es, de hecho, un tipo \u00fanico de miel producida por abejas que recolectan n\u00e9ctar de ciertas especies de flores\" \/>\n<meta property=\"og:url\" content=\"https:\/\/dutchmicrodosing.com\/es\/herbolario\/suplementos-de-vitaminas\/miel-de-verdad-nepal-50-gramos\/\" \/>\n<meta property=\"og:site_name\" content=\"Dutchmicrodosing\" \/>\n<meta property=\"article:publisher\" content=\"https:\/\/www.facebook.com\/Dutchmicrodosingxp\/\" \/>\n<meta property=\"article:modified_time\" content=\"2025-08-19T05:37:51+00:00\" \/>\n<meta property=\"og:image\" content=\"https:\/\/dutchmicrodosing.com\/wp-content\/uploads\/2024\/08\/MadHoney.jpg\" \/>\n\t<meta property=\"og:image:width\" content=\"1000\" \/>\n\t<meta property=\"og:image:height\" content=\"1000\" \/>\n\t<meta property=\"og:image:type\" content=\"image\/jpeg\" \/>\n<meta name=\"twitter:card\" content=\"summary_large_image\" \/>\n<script type=\"application\/ld+json\" class=\"yoast-schema-graph\">{\"@context\":\"https:\\\/\\\/schema.org\",\"@graph\":[{\"@type\":\"WebPage\",\"@id\":\"https:\\\/\\\/dutchmicrodosing.com\\\/es\\\/herbolario\\\/suplementos-de-vitaminas\\\/miel-de-verdad-nepal-50-gramos\\\/\",\"url\":\"https:\\\/\\\/dutchmicrodosing.com\\\/es\\\/herbolario\\\/suplementos-de-vitaminas\\\/miel-de-verdad-nepal-50-gramos\\\/\",\"name\":\"Miel Loca Real Nepal - 50 Gramos - Dutchmicrodosing\",\"isPartOf\":{\"@id\":\"https:\\\/\\\/dutchmicrodosing.com\\\/es\\\/#website\"},\"primaryImageOfPage\":{\"@id\":\"https:\\\/\\\/dutchmicrodosing.com\\\/es\\\/herbolario\\\/suplementos-de-vitaminas\\\/miel-de-verdad-nepal-50-gramos\\\/#primaryimage\"},\"image\":{\"@id\":\"https:\\\/\\\/dutchmicrodosing.com\\\/es\\\/herbolario\\\/suplementos-de-vitaminas\\\/miel-de-verdad-nepal-50-gramos\\\/#primaryimage\"},\"thumbnailUrl\":\"https:\\\/\\\/dutchmicrodosing.com\\\/wp-content\\\/uploads\\\/2024\\\/08\\\/MadHoney.jpg\",\"datePublished\":\"2024-08-19T06:42:11+00:00\",\"dateModified\":\"2025-08-19T05:37:51+00:00\",\"breadcrumb\":{\"@id\":\"https:\\\/\\\/dutchmicrodosing.com\\\/es\\\/herbolario\\\/suplementos-de-vitaminas\\\/miel-de-verdad-nepal-50-gramos\\\/#breadcrumb\"},\"inLanguage\":\"es\",\"potentialAction\":[{\"@type\":\"ReadAction\",\"target\":[\"https:\\\/\\\/dutchmicrodosing.com\\\/es\\\/herbolario\\\/suplementos-de-vitaminas\\\/miel-de-verdad-nepal-50-gramos\\\/\"]}]},{\"@type\":\"ImageObject\",\"inLanguage\":\"es\",\"@id\":\"https:\\\/\\\/dutchmicrodosing.com\\\/es\\\/herbolario\\\/suplementos-de-vitaminas\\\/miel-de-verdad-nepal-50-gramos\\\/#primaryimage\",\"url\":\"https:\\\/\\\/dutchmicrodosing.com\\\/wp-content\\\/uploads\\\/2024\\\/08\\\/MadHoney.jpg\",\"contentUrl\":\"https:\\\/\\\/dutchmicrodosing.com\\\/wp-content\\\/uploads\\\/2024\\\/08\\\/MadHoney.jpg\",\"width\":1000,\"height\":1000},{\"@type\":\"BreadcrumbList\",\"@id\":\"https:\\\/\\\/dutchmicrodosing.com\\\/es\\\/herbolario\\\/suplementos-de-vitaminas\\\/miel-de-verdad-nepal-50-gramos\\\/#breadcrumb\",\"itemListElement\":[{\"@type\":\"ListItem\",\"position\":1,\"name\":\"Home\",\"item\":\"https:\\\/\\\/dutchmicrodosing.com\\\/es\\\/\"},{\"@type\":\"ListItem\",\"position\":2,\"name\":\"Tienda\",\"item\":\"https:\\\/\\\/dutchmicrodosing.com\\\/es\\\/tienda\\\/\"},{\"@type\":\"ListItem\",\"position\":3,\"name\":\"Miel Loca Real Nepal &#8211; 50 Gramos\"}]},{\"@type\":\"WebSite\",\"@id\":\"https:\\\/\\\/dutchmicrodosing.com\\\/es\\\/#website\",\"url\":\"https:\\\/\\\/dutchmicrodosing.com\\\/es\\\/\",\"name\":\"Dutchmicrodosing\",\"description\":\"\",\"publisher\":{\"@id\":\"https:\\\/\\\/dutchmicrodosing.com\\\/es\\\/#organization\"},\"potentialAction\":[{\"@type\":\"SearchAction\",\"target\":{\"@type\":\"EntryPoint\",\"urlTemplate\":\"https:\\\/\\\/dutchmicrodosing.com\\\/es\\\/?s={search_term_string}\"},\"query-input\":{\"@type\":\"PropertyValueSpecification\",\"valueRequired\":true,\"valueName\":\"search_term_string\"}}],\"inLanguage\":\"es\"},{\"@type\":\"Organization\",\"@id\":\"https:\\\/\\\/dutchmicrodosing.com\\\/es\\\/#organization\",\"name\":\"Dutchmicrodosing\",\"url\":\"https:\\\/\\\/dutchmicrodosing.com\\\/es\\\/\",\"logo\":{\"@type\":\"ImageObject\",\"inLanguage\":\"es\",\"@id\":\"https:\\\/\\\/dutchmicrodosing.com\\\/es\\\/#\\\/schema\\\/logo\\\/image\\\/\",\"url\":\"https:\\\/\\\/dutchmicrodosing.com\\\/wp-content\\\/uploads\\\/2021\\\/01\\\/microdosing-categorie-pic-nieuw.jpg\",\"contentUrl\":\"https:\\\/\\\/dutchmicrodosing.com\\\/wp-content\\\/uploads\\\/2021\\\/01\\\/microdosing-categorie-pic-nieuw.jpg\",\"width\":500,\"height\":500,\"caption\":\"Dutchmicrodosing\"},\"image\":{\"@id\":\"https:\\\/\\\/dutchmicrodosing.com\\\/es\\\/#\\\/schema\\\/logo\\\/image\\\/\"},\"sameAs\":[\"https:\\\/\\\/www.facebook.com\\\/Dutchmicrodosingxp\\\/\",\"https:\\\/\\\/www.instagram.com\\\/dutchmicrodosing\\\/\"]}]}<\/script>\n<meta property=\"product:price:amount\" content=\"31.95\" \/>\n<meta property=\"product:price:currency\" content=\"EUR\" \/>\n<meta property=\"og:availability\" content=\"instock\" \/>\n<meta property=\"product:availability\" content=\"instock\" \/>\n<meta property=\"product:retailer_item_id\" content=\"4206602\" \/>\n<meta property=\"product:condition\" content=\"new\" \/>\n<!-- \/ Yoast SEO Premium plugin. -->","yoast_head_json":{"title":"Miel Loca Real Nepal - 50 Gramos - Dutchmicrodosing","robots":{"index":"index","follow":"follow","max-snippet":"max-snippet:-1","max-image-preview":"max-image-preview:large","max-video-preview":"max-video-preview:-1"},"canonical":"https:\/\/dutchmicrodosing.com\/es\/herbolario\/suplementos-de-vitaminas\/miel-de-verdad-nepal-50-gramos\/","og_locale":"es_ES","og_type":"article","og_title":"Miel Loca Real Nepal - 50 Gramos","og_description":"La miel loca, o \u201cgekke honing\u201d (miel loca), es, de hecho, un tipo \u00fanico de miel producida por abejas que recolectan n\u00e9ctar de ciertas especies de flores","og_url":"https:\/\/dutchmicrodosing.com\/es\/herbolario\/suplementos-de-vitaminas\/miel-de-verdad-nepal-50-gramos\/","og_site_name":"Dutchmicrodosing","article_publisher":"https:\/\/www.facebook.com\/Dutchmicrodosingxp\/","article_modified_time":"2025-08-19T05:37:51+00:00","og_image":[{"width":1000,"height":1000,"url":"https:\/\/dutchmicrodosing.com\/wp-content\/uploads\/2024\/08\/MadHoney.jpg","type":"image\/jpeg"}],"twitter_card":"summary_large_image","schema":{"@context":"https:\/\/schema.org","@graph":[{"@type":"WebPage","@id":"https:\/\/dutchmicrodosing.com\/es\/herbolario\/suplementos-de-vitaminas\/miel-de-verdad-nepal-50-gramos\/","url":"https:\/\/dutchmicrodosing.com\/es\/herbolario\/suplementos-de-vitaminas\/miel-de-verdad-nepal-50-gramos\/","name":"Miel Loca Real Nepal - 50 Gramos - Dutchmicrodosing","isPartOf":{"@id":"https:\/\/dutchmicrodosing.com\/es\/#website"},"primaryImageOfPage":{"@id":"https:\/\/dutchmicrodosing.com\/es\/herbolario\/suplementos-de-vitaminas\/miel-de-verdad-nepal-50-gramos\/#primaryimage"},"image":{"@id":"https:\/\/dutchmicrodosing.com\/es\/herbolario\/suplementos-de-vitaminas\/miel-de-verdad-nepal-50-gramos\/#primaryimage"},"thumbnailUrl":"https:\/\/dutchmicrodosing.com\/wp-content\/uploads\/2024\/08\/MadHoney.jpg","datePublished":"2024-08-19T06:42:11+00:00","dateModified":"2025-08-19T05:37:51+00:00","breadcrumb":{"@id":"https:\/\/dutchmicrodosing.com\/es\/herbolario\/suplementos-de-vitaminas\/miel-de-verdad-nepal-50-gramos\/#breadcrumb"},"inLanguage":"es","potentialAction":[{"@type":"ReadAction","target":["https:\/\/dutchmicrodosing.com\/es\/herbolario\/suplementos-de-vitaminas\/miel-de-verdad-nepal-50-gramos\/"]}]},{"@type":"ImageObject","inLanguage":"es","@id":"https:\/\/dutchmicrodosing.com\/es\/herbolario\/suplementos-de-vitaminas\/miel-de-verdad-nepal-50-gramos\/#primaryimage","url":"https:\/\/dutchmicrodosing.com\/wp-content\/uploads\/2024\/08\/MadHoney.jpg","contentUrl":"https:\/\/dutchmicrodosing.com\/wp-content\/uploads\/2024\/08\/MadHoney.jpg","width":1000,"height":1000},{"@type":"BreadcrumbList","@id":"https:\/\/dutchmicrodosing.com\/es\/herbolario\/suplementos-de-vitaminas\/miel-de-verdad-nepal-50-gramos\/#breadcrumb","itemListElement":[{"@type":"ListItem","position":1,"name":"Home","item":"https:\/\/dutchmicrodosing.com\/es\/"},{"@type":"ListItem","position":2,"name":"Tienda","item":"https:\/\/dutchmicrodosing.com\/es\/tienda\/"},{"@type":"ListItem","position":3,"name":"Miel Loca Real Nepal &#8211; 50 Gramos"}]},{"@type":"WebSite","@id":"https:\/\/dutchmicrodosing.com\/es\/#website","url":"https:\/\/dutchmicrodosing.com\/es\/","name":"Dutchmicrodosing","description":"","publisher":{"@id":"https:\/\/dutchmicrodosing.com\/es\/#organization"},"potentialAction":[{"@type":"SearchAction","target":{"@type":"EntryPoint","urlTemplate":"https:\/\/dutchmicrodosing.com\/es\/?s={search_term_string}"},"query-input":{"@type":"PropertyValueSpecification","valueRequired":true,"valueName":"search_term_string"}}],"inLanguage":"es"},{"@type":"Organization","@id":"https:\/\/dutchmicrodosing.com\/es\/#organization","name":"Dutchmicrodosing","url":"https:\/\/dutchmicrodosing.com\/es\/","logo":{"@type":"ImageObject","inLanguage":"es","@id":"https:\/\/dutchmicrodosing.com\/es\/#\/schema\/logo\/image\/","url":"https:\/\/dutchmicrodosing.com\/wp-content\/uploads\/2021\/01\/microdosing-categorie-pic-nieuw.jpg","contentUrl":"https:\/\/dutchmicrodosing.com\/wp-content\/uploads\/2021\/01\/microdosing-categorie-pic-nieuw.jpg","width":500,"height":500,"caption":"Dutchmicrodosing"},"image":{"@id":"https:\/\/dutchmicrodosing.com\/es\/#\/schema\/logo\/image\/"},"sameAs":["https:\/\/www.facebook.com\/Dutchmicrodosingxp\/","https:\/\/www.instagram.com\/dutchmicrodosing\/"]}]},"product_price_amount":"31.95","product_price_currency":"EUR","og_availability":"instock","product_availability":"instock","product_retailer_item_id":"4206602","product_condition":"new"},"_links":{"self":[{"href":"https:\/\/dutchmicrodosing.com\/es\/wp-json\/wp\/v2\/product\/41481","targetHints":{"allow":["GET"]}}],"collection":[{"href":"https:\/\/dutchmicrodosing.com\/es\/wp-json\/wp\/v2\/product"}],"about":[{"href":"https:\/\/dutchmicrodosing.com\/es\/wp-json\/wp\/v2\/types\/product"}],"replies":[{"embeddable":true,"href":"https:\/\/dutchmicrodosing.com\/es\/wp-json\/wp\/v2\/comments?post=41481"}],"version-history":[{"count":0,"href":"https:\/\/dutchmicrodosing.com\/es\/wp-json\/wp\/v2\/product\/41481\/revisions"}],"wp:featuredmedia":[{"embeddable":true,"href":"https:\/\/dutchmicrodosing.com\/es\/wp-json\/wp\/v2\/media\/41475"}],"wp:attachment":[{"href":"https:\/\/dutchmicrodosing.com\/es\/wp-json\/wp\/v2\/media?parent=41481"}],"wp:term":[{"taxonomy":"product_brand","embeddable":true,"href":"https:\/\/dutchmicrodosing.com\/es\/wp-json\/wp\/v2\/product_brand?post=41481"},{"taxonomy":"product_cat","embeddable":true,"href":"https:\/\/dutchmicrodosing.com\/es\/wp-json\/wp\/v2\/product_cat?post=41481"},{"taxonomy":"product_tag","embeddable":true,"href":"https:\/\/dutchmicrodosing.com\/es\/wp-json\/wp\/v2\/product_tag?post=41481"}],"curies":[{"name":"wp","href":"https:\/\/api.w.org\/{rel}","templated":true}]}}