{"id":43652,"date":"2024-10-26T12:41:24","date_gmt":"2024-10-26T10:41:24","guid":{"rendered":"https:\/\/dutchmicrodosing.com\/shop\/sin%20categor\u00eda\/malvavisco-setas-growkit-xl\/"},"modified":"2025-08-19T11:07:46","modified_gmt":"2025-08-19T09:07:46","slug":"marshmallow-shrooms-growkit","status":"publish","type":"product","link":"https:\/\/dutchmicrodosing.com\/es\/setas-alucinogenas\/kit-de-cultivo-all-in-one\/marshmallow-shrooms-growkit\/","title":{"rendered":"Kit de cultivo de setas de malvavisco"},"content":{"rendered":"<p>\u00a1Entra en el mundo <strong>del kit de cultivo de las setas Marshmallow<\/strong>! Esta particular variedad de seta h\u00edbrida ofrece una experiencia de cultivo \u00fanica y es cualquier cosa menos ordinaria. El nombre \u00abMalvavisco\u00bb ya sugiere un car\u00e1cter pleno y poderoso. Estas setas se distinguen por su gran tama\u00f1o, su estructura robusta y sus intensos efectos. Tienen un aspecto caracter\u00edstico, con un tallo firme de color blanco a amarillo p\u00e1lido y un sombrero que va del marr\u00f3n claro al dorado. A medida que crecen, el sombrero puede aplanarse y, cuando se magullan, suele aparecer un tinte azulado, distintivo de las setas que contienen psilocibina. El kit de cultivo Marshmallow Shrooms contiene todo lo que necesitas para empezar en casa, haciendo que cultivar sea accesible y f\u00e1cil. \u00a1Descubre los potentes efectos y los v\u00edvidos efectos visuales de estas exclusivas setas!<\/p>\n<h2>\u00bfCu\u00e1les son los efectos del kit Growkit de Setas de Malvavisco?<\/h2>\n<p>Las Setas Marshmallow son un popular kit de cultivo de la especie Psilocybe cubensis, conocida por sus potentes efectos y su rica experiencia visual. El viaje puede variar de una persona a otra, dependiendo de la dosis, el entorno y la sensibilidad, pero aqu\u00ed tienes algunos efectos comunes:<\/p>\n<h3>Efectos generales de las setas de malvavisco<\/h3>\n<ul>\n<li>Alucinaciones visuales<\/li>\n<li>Percepci\u00f3n cambiada<\/li>\n<li>Alegr\u00eda y mejora del estado de \u00e1nimo<\/li>\n<li>Autorreflexi\u00f3n e Intensidad Emocional<\/li>\n<li>Sensaciones f\u00edsicas<\/li>\n<\/ul>\n<h3>Consejos esenciales<\/h3>\n<ul>\n<li><strong>Dosis<\/strong>: Empieza con una dosis peque\u00f1a si eres nuevo en esta cepa, para que tu cuerpo y tu mente puedan acostumbrarse tranquilamente a los efectos.<\/li>\n<li><strong>Entorno seguro<\/strong>: Utiliza las setas m\u00e1gicas en un espacio familiar y seguro, con personas conocidas a tu alrededor, para disfrutar de una experiencia agradable.<\/li>\n<li>Acompa\u00f1ante de <strong>viaje<\/strong>: Para las dosis m\u00e1s altas, se recomienda que te acompa\u00f1e un compa\u00f1ero sobrio, sobre todo si es tu primera vez.<\/li>\n<\/ul>\n<p>Si se presta atenci\u00f3n a la dosis y el entorno adecuados, las Setas de Malvavisco pueden ofrecer una experiencia \u00fanica y enriquecedora.<\/p>\n<h2>Instrucciones para montar el kit de cultivo Setas de malvavisco<\/h2>\n<p>Puedes descargarte las instrucciones a continuaci\u00f3n. T\u00f3mate tu tiempo para leerlos detenidamente antes de empezar con tu kit.<\/p>\n<p><strong>DESCARGA AQU\u00cd: <a href=\"https:\/\/dutchmicrodosing.com\/es\/growkit_manual\/\">Manual del kit de cultivo todo en uno<\/a><\/strong><\/p>\n<h2>Rendimiento medio del kit de cultivo de setas de malvavisco<\/h2>\n<p>Cuando se cultiva con \u00e9xito, este kit puede producir un rendimiento total de unos 500 gramos de setas, repartidos en varios brotes.<\/p>\n<h2>Consejos de almacenamiento<\/h2>\n<p>Para conservar el kit de cultivo en condiciones \u00f3ptimas, al recibirlo, col\u00f3calo inmediatamente en el frigor\u00edfico durante 24 horas a una temperatura de entre 4 y 6 grados. El kit puede guardarse en un frigor\u00edfico limpio hasta 3 meses, pero no se recomienda debido al mayor riesgo de contaminaci\u00f3n.<\/p>\n<h2>Importante<\/h2>\n<p>Los compuestos activos psilocibina y psilocina de estas setas tienen un fuerte efecto alterador de la mente que afecta a los niveles de serotonina en el cerebro. Utiliza estas setas de forma responsable y gu\u00e1rdalas fuera del alcance de los ni\u00f1os.<\/p>\n<h2>Contenido del kit de cultivo<\/h2>\n<ul>\n<li>Un propagador lleno con 1200 cc de sustrato<\/li>\n<li>Una bolsa de cultivo con filtros de aire<\/li>\n<li>Dos clips para cerrar la bolsa<\/li>\n<\/ul>\n","protected":false},"excerpt":{"rendered":"<p>\u00a1Entra en el mundo del kit de cultivo de las setas Marshmallow! Esta particular variedad de seta h\u00edbrida ofrece una experiencia de cultivo \u00fanica y es cualquier cosa menos ordinaria. El nombre \u00abMalvavisco\u00bb ya sugiere un car\u00e1cter pleno y poderoso. Estas setas se distinguen por su gran tama\u00f1o, su estructura robusta y sus intensos efectos. [&hellip;]<\/p>\n","protected":false},"featured_media":43347,"comment_status":"closed","ping_status":"closed","template":"","meta":[],"product_brand":[],"product_cat":[214],"product_tag":[],"class_list":{"0":"post-43652","1":"product","2":"type-product","3":"status-publish","4":"has-post-thumbnail","6":"product_cat-kit-de-cultivo-all-in-one","8":"first","9":"instock","10":"taxable","11":"shipping-taxable","12":"purchasable","13":"product-type-simple"},"yoast_head":"<!-- This site is optimized with the Yoast SEO Premium plugin v26.4 (Yoast SEO v27.4) - https:\/\/yoast.com\/product\/yoast-seo-premium-wordpress\/ -->\n<title>Kit de cultivo de setas de malvavisco - Dutchmicrodosing<\/title>\n<meta name=\"description\" content=\"Marshmallow Shrooms Growkit XL es un kit de una variedad especial de seta h\u00edbrida y ofrece una experiencia de cultivo \u00fanica. Para m\u00e1s informaci\u00f3n, haz clic aqu\u00ed\" \/>\n<meta name=\"robots\" content=\"index, follow, max-snippet:-1, max-image-preview:large, max-video-preview:-1\" \/>\n<link rel=\"canonical\" href=\"https:\/\/dutchmicrodosing.com\/es\/setas-alucinogenas\/kit-de-cultivo-all-in-one\/marshmallow-shrooms-growkit\/\" \/>\n<meta property=\"og:locale\" content=\"es_ES\" \/>\n<meta property=\"og:type\" content=\"article\" \/>\n<meta property=\"og:title\" content=\"Kit de cultivo de setas de malvavisco\" \/>\n<meta property=\"og:description\" content=\"\u00a1Entra en el mundo del kit de cultivo de las setas Marshmallow! Esta particular variedad de seta h\u00edbrida ofrece una experiencia de cultivo \u00fanica y es\" \/>\n<meta property=\"og:url\" content=\"https:\/\/dutchmicrodosing.com\/es\/setas-alucinogenas\/kit-de-cultivo-all-in-one\/marshmallow-shrooms-growkit\/\" \/>\n<meta property=\"og:site_name\" content=\"Dutchmicrodosing\" \/>\n<meta property=\"article:publisher\" content=\"https:\/\/www.facebook.com\/Dutchmicrodosingxp\/\" \/>\n<meta property=\"article:modified_time\" content=\"2025-08-19T09:07:46+00:00\" \/>\n<meta property=\"og:image\" content=\"https:\/\/dutchmicrodosing.com\/wp-content\/uploads\/2024\/10\/PHOTO-2024-10-22-14-26-20.jpg\" \/>\n\t<meta property=\"og:image:width\" content=\"1000\" \/>\n\t<meta property=\"og:image:height\" content=\"1000\" \/>\n\t<meta property=\"og:image:type\" content=\"image\/jpeg\" \/>\n<meta name=\"twitter:card\" content=\"summary_large_image\" \/>\n<script type=\"application\/ld+json\" class=\"yoast-schema-graph\">{\"@context\":\"https:\\\/\\\/schema.org\",\"@graph\":[{\"@type\":\"WebPage\",\"@id\":\"https:\\\/\\\/dutchmicrodosing.com\\\/es\\\/setas-alucinogenas\\\/kit-de-cultivo-all-in-one\\\/marshmallow-shrooms-growkit\\\/\",\"url\":\"https:\\\/\\\/dutchmicrodosing.com\\\/es\\\/setas-alucinogenas\\\/kit-de-cultivo-all-in-one\\\/marshmallow-shrooms-growkit\\\/\",\"name\":\"Kit de cultivo de setas de malvavisco - Dutchmicrodosing\",\"isPartOf\":{\"@id\":\"https:\\\/\\\/dutchmicrodosing.com\\\/es\\\/#website\"},\"primaryImageOfPage\":{\"@id\":\"https:\\\/\\\/dutchmicrodosing.com\\\/es\\\/setas-alucinogenas\\\/kit-de-cultivo-all-in-one\\\/marshmallow-shrooms-growkit\\\/#primaryimage\"},\"image\":{\"@id\":\"https:\\\/\\\/dutchmicrodosing.com\\\/es\\\/setas-alucinogenas\\\/kit-de-cultivo-all-in-one\\\/marshmallow-shrooms-growkit\\\/#primaryimage\"},\"thumbnailUrl\":\"https:\\\/\\\/dutchmicrodosing.com\\\/wp-content\\\/uploads\\\/2024\\\/10\\\/PHOTO-2024-10-22-14-26-20.jpg\",\"datePublished\":\"2024-10-26T10:41:24+00:00\",\"dateModified\":\"2025-08-19T09:07:46+00:00\",\"description\":\"Marshmallow Shrooms Growkit XL es un kit de una variedad especial de seta h\u00edbrida y ofrece una experiencia de cultivo \u00fanica. Para m\u00e1s informaci\u00f3n, haz clic aqu\u00ed\",\"breadcrumb\":{\"@id\":\"https:\\\/\\\/dutchmicrodosing.com\\\/es\\\/setas-alucinogenas\\\/kit-de-cultivo-all-in-one\\\/marshmallow-shrooms-growkit\\\/#breadcrumb\"},\"inLanguage\":\"es\",\"potentialAction\":[{\"@type\":\"ReadAction\",\"target\":[\"https:\\\/\\\/dutchmicrodosing.com\\\/es\\\/setas-alucinogenas\\\/kit-de-cultivo-all-in-one\\\/marshmallow-shrooms-growkit\\\/\"]}]},{\"@type\":\"ImageObject\",\"inLanguage\":\"es\",\"@id\":\"https:\\\/\\\/dutchmicrodosing.com\\\/es\\\/setas-alucinogenas\\\/kit-de-cultivo-all-in-one\\\/marshmallow-shrooms-growkit\\\/#primaryimage\",\"url\":\"https:\\\/\\\/dutchmicrodosing.com\\\/wp-content\\\/uploads\\\/2024\\\/10\\\/PHOTO-2024-10-22-14-26-20.jpg\",\"contentUrl\":\"https:\\\/\\\/dutchmicrodosing.com\\\/wp-content\\\/uploads\\\/2024\\\/10\\\/PHOTO-2024-10-22-14-26-20.jpg\",\"width\":1000,\"height\":1000},{\"@type\":\"BreadcrumbList\",\"@id\":\"https:\\\/\\\/dutchmicrodosing.com\\\/es\\\/setas-alucinogenas\\\/kit-de-cultivo-all-in-one\\\/marshmallow-shrooms-growkit\\\/#breadcrumb\",\"itemListElement\":[{\"@type\":\"ListItem\",\"position\":1,\"name\":\"Home\",\"item\":\"https:\\\/\\\/dutchmicrodosing.com\\\/es\\\/\"},{\"@type\":\"ListItem\",\"position\":2,\"name\":\"Tienda\",\"item\":\"https:\\\/\\\/dutchmicrodosing.com\\\/es\\\/tienda\\\/\"},{\"@type\":\"ListItem\",\"position\":3,\"name\":\"Kit de cultivo de setas de malvavisco\"}]},{\"@type\":\"WebSite\",\"@id\":\"https:\\\/\\\/dutchmicrodosing.com\\\/es\\\/#website\",\"url\":\"https:\\\/\\\/dutchmicrodosing.com\\\/es\\\/\",\"name\":\"Dutchmicrodosing\",\"description\":\"\",\"publisher\":{\"@id\":\"https:\\\/\\\/dutchmicrodosing.com\\\/es\\\/#organization\"},\"potentialAction\":[{\"@type\":\"SearchAction\",\"target\":{\"@type\":\"EntryPoint\",\"urlTemplate\":\"https:\\\/\\\/dutchmicrodosing.com\\\/es\\\/?s={search_term_string}\"},\"query-input\":{\"@type\":\"PropertyValueSpecification\",\"valueRequired\":true,\"valueName\":\"search_term_string\"}}],\"inLanguage\":\"es\"},{\"@type\":\"Organization\",\"@id\":\"https:\\\/\\\/dutchmicrodosing.com\\\/es\\\/#organization\",\"name\":\"Dutchmicrodosing\",\"url\":\"https:\\\/\\\/dutchmicrodosing.com\\\/es\\\/\",\"logo\":{\"@type\":\"ImageObject\",\"inLanguage\":\"es\",\"@id\":\"https:\\\/\\\/dutchmicrodosing.com\\\/es\\\/#\\\/schema\\\/logo\\\/image\\\/\",\"url\":\"https:\\\/\\\/dutchmicrodosing.com\\\/wp-content\\\/uploads\\\/2021\\\/01\\\/microdosing-categorie-pic-nieuw.jpg\",\"contentUrl\":\"https:\\\/\\\/dutchmicrodosing.com\\\/wp-content\\\/uploads\\\/2021\\\/01\\\/microdosing-categorie-pic-nieuw.jpg\",\"width\":500,\"height\":500,\"caption\":\"Dutchmicrodosing\"},\"image\":{\"@id\":\"https:\\\/\\\/dutchmicrodosing.com\\\/es\\\/#\\\/schema\\\/logo\\\/image\\\/\"},\"sameAs\":[\"https:\\\/\\\/www.facebook.com\\\/Dutchmicrodosingxp\\\/\",\"https:\\\/\\\/www.instagram.com\\\/dutchmicrodosing\\\/\"]}]}<\/script>\n<meta property=\"product:price:amount\" content=\"44.95\" \/>\n<meta property=\"product:price:currency\" content=\"EUR\" \/>\n<meta property=\"og:availability\" content=\"instock\" \/>\n<meta property=\"product:availability\" content=\"instock\" \/>\n<meta property=\"product:retailer_item_id\" content=\"4212194\" \/>\n<meta property=\"product:condition\" content=\"new\" \/>\n<!-- \/ Yoast SEO Premium plugin. -->","yoast_head_json":{"title":"Kit de cultivo de setas de malvavisco - Dutchmicrodosing","description":"Marshmallow Shrooms Growkit XL es un kit de una variedad especial de seta h\u00edbrida y ofrece una experiencia de cultivo \u00fanica. Para m\u00e1s informaci\u00f3n, haz clic aqu\u00ed","robots":{"index":"index","follow":"follow","max-snippet":"max-snippet:-1","max-image-preview":"max-image-preview:large","max-video-preview":"max-video-preview:-1"},"canonical":"https:\/\/dutchmicrodosing.com\/es\/setas-alucinogenas\/kit-de-cultivo-all-in-one\/marshmallow-shrooms-growkit\/","og_locale":"es_ES","og_type":"article","og_title":"Kit de cultivo de setas de malvavisco","og_description":"\u00a1Entra en el mundo del kit de cultivo de las setas Marshmallow! Esta particular variedad de seta h\u00edbrida ofrece una experiencia de cultivo \u00fanica y es","og_url":"https:\/\/dutchmicrodosing.com\/es\/setas-alucinogenas\/kit-de-cultivo-all-in-one\/marshmallow-shrooms-growkit\/","og_site_name":"Dutchmicrodosing","article_publisher":"https:\/\/www.facebook.com\/Dutchmicrodosingxp\/","article_modified_time":"2025-08-19T09:07:46+00:00","og_image":[{"width":1000,"height":1000,"url":"https:\/\/dutchmicrodosing.com\/wp-content\/uploads\/2024\/10\/PHOTO-2024-10-22-14-26-20.jpg","type":"image\/jpeg"}],"twitter_card":"summary_large_image","schema":{"@context":"https:\/\/schema.org","@graph":[{"@type":"WebPage","@id":"https:\/\/dutchmicrodosing.com\/es\/setas-alucinogenas\/kit-de-cultivo-all-in-one\/marshmallow-shrooms-growkit\/","url":"https:\/\/dutchmicrodosing.com\/es\/setas-alucinogenas\/kit-de-cultivo-all-in-one\/marshmallow-shrooms-growkit\/","name":"Kit de cultivo de setas de malvavisco - Dutchmicrodosing","isPartOf":{"@id":"https:\/\/dutchmicrodosing.com\/es\/#website"},"primaryImageOfPage":{"@id":"https:\/\/dutchmicrodosing.com\/es\/setas-alucinogenas\/kit-de-cultivo-all-in-one\/marshmallow-shrooms-growkit\/#primaryimage"},"image":{"@id":"https:\/\/dutchmicrodosing.com\/es\/setas-alucinogenas\/kit-de-cultivo-all-in-one\/marshmallow-shrooms-growkit\/#primaryimage"},"thumbnailUrl":"https:\/\/dutchmicrodosing.com\/wp-content\/uploads\/2024\/10\/PHOTO-2024-10-22-14-26-20.jpg","datePublished":"2024-10-26T10:41:24+00:00","dateModified":"2025-08-19T09:07:46+00:00","description":"Marshmallow Shrooms Growkit XL es un kit de una variedad especial de seta h\u00edbrida y ofrece una experiencia de cultivo \u00fanica. Para m\u00e1s informaci\u00f3n, haz clic aqu\u00ed","breadcrumb":{"@id":"https:\/\/dutchmicrodosing.com\/es\/setas-alucinogenas\/kit-de-cultivo-all-in-one\/marshmallow-shrooms-growkit\/#breadcrumb"},"inLanguage":"es","potentialAction":[{"@type":"ReadAction","target":["https:\/\/dutchmicrodosing.com\/es\/setas-alucinogenas\/kit-de-cultivo-all-in-one\/marshmallow-shrooms-growkit\/"]}]},{"@type":"ImageObject","inLanguage":"es","@id":"https:\/\/dutchmicrodosing.com\/es\/setas-alucinogenas\/kit-de-cultivo-all-in-one\/marshmallow-shrooms-growkit\/#primaryimage","url":"https:\/\/dutchmicrodosing.com\/wp-content\/uploads\/2024\/10\/PHOTO-2024-10-22-14-26-20.jpg","contentUrl":"https:\/\/dutchmicrodosing.com\/wp-content\/uploads\/2024\/10\/PHOTO-2024-10-22-14-26-20.jpg","width":1000,"height":1000},{"@type":"BreadcrumbList","@id":"https:\/\/dutchmicrodosing.com\/es\/setas-alucinogenas\/kit-de-cultivo-all-in-one\/marshmallow-shrooms-growkit\/#breadcrumb","itemListElement":[{"@type":"ListItem","position":1,"name":"Home","item":"https:\/\/dutchmicrodosing.com\/es\/"},{"@type":"ListItem","position":2,"name":"Tienda","item":"https:\/\/dutchmicrodosing.com\/es\/tienda\/"},{"@type":"ListItem","position":3,"name":"Kit de cultivo de setas de malvavisco"}]},{"@type":"WebSite","@id":"https:\/\/dutchmicrodosing.com\/es\/#website","url":"https:\/\/dutchmicrodosing.com\/es\/","name":"Dutchmicrodosing","description":"","publisher":{"@id":"https:\/\/dutchmicrodosing.com\/es\/#organization"},"potentialAction":[{"@type":"SearchAction","target":{"@type":"EntryPoint","urlTemplate":"https:\/\/dutchmicrodosing.com\/es\/?s={search_term_string}"},"query-input":{"@type":"PropertyValueSpecification","valueRequired":true,"valueName":"search_term_string"}}],"inLanguage":"es"},{"@type":"Organization","@id":"https:\/\/dutchmicrodosing.com\/es\/#organization","name":"Dutchmicrodosing","url":"https:\/\/dutchmicrodosing.com\/es\/","logo":{"@type":"ImageObject","inLanguage":"es","@id":"https:\/\/dutchmicrodosing.com\/es\/#\/schema\/logo\/image\/","url":"https:\/\/dutchmicrodosing.com\/wp-content\/uploads\/2021\/01\/microdosing-categorie-pic-nieuw.jpg","contentUrl":"https:\/\/dutchmicrodosing.com\/wp-content\/uploads\/2021\/01\/microdosing-categorie-pic-nieuw.jpg","width":500,"height":500,"caption":"Dutchmicrodosing"},"image":{"@id":"https:\/\/dutchmicrodosing.com\/es\/#\/schema\/logo\/image\/"},"sameAs":["https:\/\/www.facebook.com\/Dutchmicrodosingxp\/","https:\/\/www.instagram.com\/dutchmicrodosing\/"]}]},"product_price_amount":"44.95","product_price_currency":"EUR","og_availability":"instock","product_availability":"instock","product_retailer_item_id":"4212194","product_condition":"new"},"_links":{"self":[{"href":"https:\/\/dutchmicrodosing.com\/es\/wp-json\/wp\/v2\/product\/43652","targetHints":{"allow":["GET"]}}],"collection":[{"href":"https:\/\/dutchmicrodosing.com\/es\/wp-json\/wp\/v2\/product"}],"about":[{"href":"https:\/\/dutchmicrodosing.com\/es\/wp-json\/wp\/v2\/types\/product"}],"replies":[{"embeddable":true,"href":"https:\/\/dutchmicrodosing.com\/es\/wp-json\/wp\/v2\/comments?post=43652"}],"version-history":[{"count":0,"href":"https:\/\/dutchmicrodosing.com\/es\/wp-json\/wp\/v2\/product\/43652\/revisions"}],"wp:featuredmedia":[{"embeddable":true,"href":"https:\/\/dutchmicrodosing.com\/es\/wp-json\/wp\/v2\/media\/43347"}],"wp:attachment":[{"href":"https:\/\/dutchmicrodosing.com\/es\/wp-json\/wp\/v2\/media?parent=43652"}],"wp:term":[{"taxonomy":"product_brand","embeddable":true,"href":"https:\/\/dutchmicrodosing.com\/es\/wp-json\/wp\/v2\/product_brand?post=43652"},{"taxonomy":"product_cat","embeddable":true,"href":"https:\/\/dutchmicrodosing.com\/es\/wp-json\/wp\/v2\/product_cat?post=43652"},{"taxonomy":"product_tag","embeddable":true,"href":"https:\/\/dutchmicrodosing.com\/es\/wp-json\/wp\/v2\/product_tag?post=43652"}],"curies":[{"name":"wp","href":"https:\/\/api.w.org\/{rel}","templated":true}]}}