{"id":43656,"date":"2024-09-26T08:07:42","date_gmt":"2024-09-26T06:07:42","guid":{"rendered":"https:\/\/dutchmicrodosing.com\/shop\/sin%20categor\u00eda\/microdosis-sinergia-60-capsulas\/"},"modified":"2026-01-15T14:51:48","modified_gmt":"2026-01-15T13:51:48","slug":"microdosis-sinergia-60-capsulas","status":"publish","type":"product","link":"https:\/\/dutchmicrodosing.com\/es\/microdosificacion\/microdosis-sinergia-60-capsulas\/","title":{"rendered":"Microdosis Sinergia &#8211; 60 C\u00e1psulas"},"content":{"rendered":"<p>Experimenta la poderosa mezcla de naturaleza y ciencia con <strong>la Microdosis de Sinergia de Melena de Le\u00f3n <\/strong>con Niacina, especialmente formulada para favorecer tu claridad mental, concentraci\u00f3n y bienestar general. Esta f\u00f3rmula \u00fanica combina los beneficios cognitivos de la Melena de Le\u00f3n con los efectos potenciadores de la niacina para ayudarte a aprovechar al m\u00e1ximo la neuroplasticidad y el rendimiento mental.<\/p>\n<h3>Microdosis Sin\u00e9rgica de Melena de Le\u00f3n y Niacina<\/h3>\n<p><strong>Crin de Le\u00f3n<\/strong><br \/>\nLa Melena de Le\u00f3n, un hongo medicinal muy apreciado, se ha utilizado durante siglos en la medicina tradicional por su potencial para estimular el crecimiento de las c\u00e9lulas nerviosas. Es conocido por sus efectos favorables sobre el sistema nervioso y las funciones cognitivas.<\/p>\n<p><strong>Niacina (Vitamina B3)<\/strong><br \/>\nLa niacina contribuye a mejorar la microcirculaci\u00f3n, lo que optimiza la absorci\u00f3n de nutrientes y favorece la funci\u00f3n cerebral y del sistema nervioso.<\/p>\n<p><strong>Sinergia de ingredientes<\/strong><br \/>\nLa combinaci\u00f3n de Melena de Le\u00f3n y niacina en Microdosis Sinergia McMyco ofrece una f\u00f3rmula \u00fanica que puede contribuir a:<\/p>\n<ul>\n<li>Mejora de la concentraci\u00f3n y el enfoque<\/li>\n<li>M\u00e1s claridad mental<\/li>\n<li>Un apoyo natural para tu productividad diaria<\/li>\n<\/ul>\n<h3>Ingredientes por c\u00e1psula vegana<\/h3>\n<ul>\n<li>300 mg de Melena de Le\u00f3n ecol\u00f3gica<\/li>\n<li>50 mg Niacina<\/li>\n<li>25 mg de extracto de romero<\/li>\n<li>25 mg de \u00e1cido asc\u00f3rbico<\/li>\n<\/ul>\n<h3>Utilice<\/h3>\n<p>Toma 1 c\u00e1psula hasta 2 veces al d\u00eda con agua, preferiblemente durante una comida. Para obtener los mejores resultados, comb\u00ednalo con una microdosificaci\u00f3n.<\/p>\n<h3>Consejos de almacenamiento<\/h3>\n<p>Guarda el producto en un lugar seco, fresco y oscuro, como un armario de cocina. Mant\u00e9ngalo fuera del alcance de los ni\u00f1os.<\/p>\n<h3>Contenido<\/h3>\n<p>McMyco Microdosis Sinergia &#8211; 60 c\u00e1psulas<\/p>\n","protected":false},"excerpt":{"rendered":"<p>Experimenta la poderosa mezcla de naturaleza y ciencia con la Microdosis de Sinergia de Melena de Le\u00f3n con Niacina, especialmente formulada para favorecer tu claridad mental, concentraci\u00f3n y bienestar general. Esta f\u00f3rmula \u00fanica combina los beneficios cognitivos de la Melena de Le\u00f3n con los efectos potenciadores de la niacina para ayudarte a aprovechar al m\u00e1ximo [&hellip;]<\/p>\n","protected":false},"featured_media":42826,"comment_status":"closed","ping_status":"closed","template":"","meta":[],"product_brand":[],"product_cat":[124,91,140,298,324,319],"product_tag":[],"class_list":{"0":"post-43656","1":"product","2":"type-product","3":"status-publish","4":"has-post-thumbnail","6":"product_cat-microdosificacion","7":"product_cat-setas-medicinales","8":"product_cat-suplementos-de-vitaminas","9":"product_cat-suplementos-para-el-sistema-inmunitario","10":"product_cat-suplementos-para-la-concentracion","11":"product_cat-suplementos-para-la-creatividad","13":"first","14":"instock","15":"taxable","16":"shipping-taxable","17":"purchasable","18":"product-type-simple"},"yoast_head":"<!-- This site is optimized with the Yoast SEO Premium plugin v26.4 (Yoast SEO v27.4) - https:\/\/yoast.com\/product\/yoast-seo-premium-wordpress\/ -->\n<title>Microdosis Sinergia - 60 C\u00e1psulas - Dutchmicrodosing<\/title>\n<meta name=\"description\" content=\"Microdosis Sinergia - 60 C\u00e1psulas con Melena de Le\u00f3n y Niacina \u00a1ahora disponible en Dutchmicrodosing! \u00a1Puede combinarse con trufas microdosificadas u hongos m\u00e1gicos!\" \/>\n<meta name=\"robots\" content=\"index, follow, max-snippet:-1, max-image-preview:large, max-video-preview:-1\" \/>\n<link rel=\"canonical\" href=\"https:\/\/dutchmicrodosing.com\/es\/microdosificacion\/microdosis-sinergia-60-capsulas\/\" \/>\n<meta property=\"og:locale\" content=\"es_ES\" \/>\n<meta property=\"og:type\" content=\"article\" \/>\n<meta property=\"og:title\" content=\"Microdosis Sinergia - 60 C\u00e1psulas\" \/>\n<meta property=\"og:description\" content=\"Experimenta la poderosa mezcla de naturaleza y ciencia con la Microdosis de Sinergia de Melena de Le\u00f3n con Niacina, especialmente formulada para favorecer\" \/>\n<meta property=\"og:url\" content=\"https:\/\/dutchmicrodosing.com\/es\/microdosificacion\/microdosis-sinergia-60-capsulas\/\" \/>\n<meta property=\"og:site_name\" content=\"Dutchmicrodosing\" \/>\n<meta property=\"article:publisher\" content=\"https:\/\/www.facebook.com\/Dutchmicrodosingxp\/\" \/>\n<meta property=\"article:modified_time\" content=\"2026-01-15T13:51:48+00:00\" \/>\n<meta property=\"og:image\" content=\"https:\/\/dutchmicrodosing.com\/wp-content\/uploads\/2024\/09\/Microdose_syn_01.jpg\" \/>\n\t<meta property=\"og:image:width\" content=\"1000\" \/>\n\t<meta property=\"og:image:height\" content=\"1000\" \/>\n\t<meta property=\"og:image:type\" content=\"image\/jpeg\" \/>\n<meta name=\"twitter:card\" content=\"summary_large_image\" \/>\n<script type=\"application\/ld+json\" class=\"yoast-schema-graph\">{\"@context\":\"https:\\\/\\\/schema.org\",\"@graph\":[{\"@type\":\"WebPage\",\"@id\":\"https:\\\/\\\/dutchmicrodosing.com\\\/es\\\/microdosificacion\\\/microdosis-sinergia-60-capsulas\\\/\",\"url\":\"https:\\\/\\\/dutchmicrodosing.com\\\/es\\\/microdosificacion\\\/microdosis-sinergia-60-capsulas\\\/\",\"name\":\"Microdosis Sinergia - 60 C\u00e1psulas - Dutchmicrodosing\",\"isPartOf\":{\"@id\":\"https:\\\/\\\/dutchmicrodosing.com\\\/es\\\/#website\"},\"primaryImageOfPage\":{\"@id\":\"https:\\\/\\\/dutchmicrodosing.com\\\/es\\\/microdosificacion\\\/microdosis-sinergia-60-capsulas\\\/#primaryimage\"},\"image\":{\"@id\":\"https:\\\/\\\/dutchmicrodosing.com\\\/es\\\/microdosificacion\\\/microdosis-sinergia-60-capsulas\\\/#primaryimage\"},\"thumbnailUrl\":\"https:\\\/\\\/dutchmicrodosing.com\\\/wp-content\\\/uploads\\\/2024\\\/09\\\/Microdose_syn_01.jpg\",\"datePublished\":\"2024-09-26T06:07:42+00:00\",\"dateModified\":\"2026-01-15T13:51:48+00:00\",\"description\":\"Microdosis Sinergia - 60 C\u00e1psulas con Melena de Le\u00f3n y Niacina \u00a1ahora disponible en Dutchmicrodosing! \u00a1Puede combinarse con trufas microdosificadas u hongos m\u00e1gicos!\",\"breadcrumb\":{\"@id\":\"https:\\\/\\\/dutchmicrodosing.com\\\/es\\\/microdosificacion\\\/microdosis-sinergia-60-capsulas\\\/#breadcrumb\"},\"inLanguage\":\"es\",\"potentialAction\":[{\"@type\":\"ReadAction\",\"target\":[\"https:\\\/\\\/dutchmicrodosing.com\\\/es\\\/microdosificacion\\\/microdosis-sinergia-60-capsulas\\\/\"]}]},{\"@type\":\"ImageObject\",\"inLanguage\":\"es\",\"@id\":\"https:\\\/\\\/dutchmicrodosing.com\\\/es\\\/microdosificacion\\\/microdosis-sinergia-60-capsulas\\\/#primaryimage\",\"url\":\"https:\\\/\\\/dutchmicrodosing.com\\\/wp-content\\\/uploads\\\/2024\\\/09\\\/Microdose_syn_01.jpg\",\"contentUrl\":\"https:\\\/\\\/dutchmicrodosing.com\\\/wp-content\\\/uploads\\\/2024\\\/09\\\/Microdose_syn_01.jpg\",\"width\":1000,\"height\":1000},{\"@type\":\"BreadcrumbList\",\"@id\":\"https:\\\/\\\/dutchmicrodosing.com\\\/es\\\/microdosificacion\\\/microdosis-sinergia-60-capsulas\\\/#breadcrumb\",\"itemListElement\":[{\"@type\":\"ListItem\",\"position\":1,\"name\":\"Home\",\"item\":\"https:\\\/\\\/dutchmicrodosing.com\\\/es\\\/\"},{\"@type\":\"ListItem\",\"position\":2,\"name\":\"Tienda\",\"item\":\"https:\\\/\\\/dutchmicrodosing.com\\\/es\\\/tienda\\\/\"},{\"@type\":\"ListItem\",\"position\":3,\"name\":\"Microdosis Sinergia &#8211; 60 C\u00e1psulas\"}]},{\"@type\":\"WebSite\",\"@id\":\"https:\\\/\\\/dutchmicrodosing.com\\\/es\\\/#website\",\"url\":\"https:\\\/\\\/dutchmicrodosing.com\\\/es\\\/\",\"name\":\"Dutchmicrodosing\",\"description\":\"\",\"publisher\":{\"@id\":\"https:\\\/\\\/dutchmicrodosing.com\\\/es\\\/#organization\"},\"potentialAction\":[{\"@type\":\"SearchAction\",\"target\":{\"@type\":\"EntryPoint\",\"urlTemplate\":\"https:\\\/\\\/dutchmicrodosing.com\\\/es\\\/?s={search_term_string}\"},\"query-input\":{\"@type\":\"PropertyValueSpecification\",\"valueRequired\":true,\"valueName\":\"search_term_string\"}}],\"inLanguage\":\"es\"},{\"@type\":\"Organization\",\"@id\":\"https:\\\/\\\/dutchmicrodosing.com\\\/es\\\/#organization\",\"name\":\"Dutchmicrodosing\",\"url\":\"https:\\\/\\\/dutchmicrodosing.com\\\/es\\\/\",\"logo\":{\"@type\":\"ImageObject\",\"inLanguage\":\"es\",\"@id\":\"https:\\\/\\\/dutchmicrodosing.com\\\/es\\\/#\\\/schema\\\/logo\\\/image\\\/\",\"url\":\"https:\\\/\\\/dutchmicrodosing.com\\\/wp-content\\\/uploads\\\/2021\\\/01\\\/microdosing-categorie-pic-nieuw.jpg\",\"contentUrl\":\"https:\\\/\\\/dutchmicrodosing.com\\\/wp-content\\\/uploads\\\/2021\\\/01\\\/microdosing-categorie-pic-nieuw.jpg\",\"width\":500,\"height\":500,\"caption\":\"Dutchmicrodosing\"},\"image\":{\"@id\":\"https:\\\/\\\/dutchmicrodosing.com\\\/es\\\/#\\\/schema\\\/logo\\\/image\\\/\"},\"sameAs\":[\"https:\\\/\\\/www.facebook.com\\\/Dutchmicrodosingxp\\\/\",\"https:\\\/\\\/www.instagram.com\\\/dutchmicrodosing\\\/\"]}]}<\/script>\n<meta property=\"product:price:amount\" content=\"17.95\" \/>\n<meta property=\"product:price:currency\" content=\"EUR\" \/>\n<meta property=\"og:availability\" content=\"instock\" \/>\n<meta property=\"product:availability\" content=\"instock\" \/>\n<meta property=\"product:retailer_item_id\" content=\"4209769\" \/>\n<meta property=\"product:condition\" content=\"new\" \/>\n<!-- \/ Yoast SEO Premium plugin. -->","yoast_head_json":{"title":"Microdosis Sinergia - 60 C\u00e1psulas - Dutchmicrodosing","description":"Microdosis Sinergia - 60 C\u00e1psulas con Melena de Le\u00f3n y Niacina \u00a1ahora disponible en Dutchmicrodosing! \u00a1Puede combinarse con trufas microdosificadas u hongos m\u00e1gicos!","robots":{"index":"index","follow":"follow","max-snippet":"max-snippet:-1","max-image-preview":"max-image-preview:large","max-video-preview":"max-video-preview:-1"},"canonical":"https:\/\/dutchmicrodosing.com\/es\/microdosificacion\/microdosis-sinergia-60-capsulas\/","og_locale":"es_ES","og_type":"article","og_title":"Microdosis Sinergia - 60 C\u00e1psulas","og_description":"Experimenta la poderosa mezcla de naturaleza y ciencia con la Microdosis de Sinergia de Melena de Le\u00f3n con Niacina, especialmente formulada para favorecer","og_url":"https:\/\/dutchmicrodosing.com\/es\/microdosificacion\/microdosis-sinergia-60-capsulas\/","og_site_name":"Dutchmicrodosing","article_publisher":"https:\/\/www.facebook.com\/Dutchmicrodosingxp\/","article_modified_time":"2026-01-15T13:51:48+00:00","og_image":[{"width":1000,"height":1000,"url":"https:\/\/dutchmicrodosing.com\/wp-content\/uploads\/2024\/09\/Microdose_syn_01.jpg","type":"image\/jpeg"}],"twitter_card":"summary_large_image","schema":{"@context":"https:\/\/schema.org","@graph":[{"@type":"WebPage","@id":"https:\/\/dutchmicrodosing.com\/es\/microdosificacion\/microdosis-sinergia-60-capsulas\/","url":"https:\/\/dutchmicrodosing.com\/es\/microdosificacion\/microdosis-sinergia-60-capsulas\/","name":"Microdosis Sinergia - 60 C\u00e1psulas - Dutchmicrodosing","isPartOf":{"@id":"https:\/\/dutchmicrodosing.com\/es\/#website"},"primaryImageOfPage":{"@id":"https:\/\/dutchmicrodosing.com\/es\/microdosificacion\/microdosis-sinergia-60-capsulas\/#primaryimage"},"image":{"@id":"https:\/\/dutchmicrodosing.com\/es\/microdosificacion\/microdosis-sinergia-60-capsulas\/#primaryimage"},"thumbnailUrl":"https:\/\/dutchmicrodosing.com\/wp-content\/uploads\/2024\/09\/Microdose_syn_01.jpg","datePublished":"2024-09-26T06:07:42+00:00","dateModified":"2026-01-15T13:51:48+00:00","description":"Microdosis Sinergia - 60 C\u00e1psulas con Melena de Le\u00f3n y Niacina \u00a1ahora disponible en Dutchmicrodosing! \u00a1Puede combinarse con trufas microdosificadas u hongos m\u00e1gicos!","breadcrumb":{"@id":"https:\/\/dutchmicrodosing.com\/es\/microdosificacion\/microdosis-sinergia-60-capsulas\/#breadcrumb"},"inLanguage":"es","potentialAction":[{"@type":"ReadAction","target":["https:\/\/dutchmicrodosing.com\/es\/microdosificacion\/microdosis-sinergia-60-capsulas\/"]}]},{"@type":"ImageObject","inLanguage":"es","@id":"https:\/\/dutchmicrodosing.com\/es\/microdosificacion\/microdosis-sinergia-60-capsulas\/#primaryimage","url":"https:\/\/dutchmicrodosing.com\/wp-content\/uploads\/2024\/09\/Microdose_syn_01.jpg","contentUrl":"https:\/\/dutchmicrodosing.com\/wp-content\/uploads\/2024\/09\/Microdose_syn_01.jpg","width":1000,"height":1000},{"@type":"BreadcrumbList","@id":"https:\/\/dutchmicrodosing.com\/es\/microdosificacion\/microdosis-sinergia-60-capsulas\/#breadcrumb","itemListElement":[{"@type":"ListItem","position":1,"name":"Home","item":"https:\/\/dutchmicrodosing.com\/es\/"},{"@type":"ListItem","position":2,"name":"Tienda","item":"https:\/\/dutchmicrodosing.com\/es\/tienda\/"},{"@type":"ListItem","position":3,"name":"Microdosis Sinergia &#8211; 60 C\u00e1psulas"}]},{"@type":"WebSite","@id":"https:\/\/dutchmicrodosing.com\/es\/#website","url":"https:\/\/dutchmicrodosing.com\/es\/","name":"Dutchmicrodosing","description":"","publisher":{"@id":"https:\/\/dutchmicrodosing.com\/es\/#organization"},"potentialAction":[{"@type":"SearchAction","target":{"@type":"EntryPoint","urlTemplate":"https:\/\/dutchmicrodosing.com\/es\/?s={search_term_string}"},"query-input":{"@type":"PropertyValueSpecification","valueRequired":true,"valueName":"search_term_string"}}],"inLanguage":"es"},{"@type":"Organization","@id":"https:\/\/dutchmicrodosing.com\/es\/#organization","name":"Dutchmicrodosing","url":"https:\/\/dutchmicrodosing.com\/es\/","logo":{"@type":"ImageObject","inLanguage":"es","@id":"https:\/\/dutchmicrodosing.com\/es\/#\/schema\/logo\/image\/","url":"https:\/\/dutchmicrodosing.com\/wp-content\/uploads\/2021\/01\/microdosing-categorie-pic-nieuw.jpg","contentUrl":"https:\/\/dutchmicrodosing.com\/wp-content\/uploads\/2021\/01\/microdosing-categorie-pic-nieuw.jpg","width":500,"height":500,"caption":"Dutchmicrodosing"},"image":{"@id":"https:\/\/dutchmicrodosing.com\/es\/#\/schema\/logo\/image\/"},"sameAs":["https:\/\/www.facebook.com\/Dutchmicrodosingxp\/","https:\/\/www.instagram.com\/dutchmicrodosing\/"]}]},"product_price_amount":"17.95","product_price_currency":"EUR","og_availability":"instock","product_availability":"instock","product_retailer_item_id":"4209769","product_condition":"new"},"_links":{"self":[{"href":"https:\/\/dutchmicrodosing.com\/es\/wp-json\/wp\/v2\/product\/43656","targetHints":{"allow":["GET"]}}],"collection":[{"href":"https:\/\/dutchmicrodosing.com\/es\/wp-json\/wp\/v2\/product"}],"about":[{"href":"https:\/\/dutchmicrodosing.com\/es\/wp-json\/wp\/v2\/types\/product"}],"replies":[{"embeddable":true,"href":"https:\/\/dutchmicrodosing.com\/es\/wp-json\/wp\/v2\/comments?post=43656"}],"version-history":[{"count":0,"href":"https:\/\/dutchmicrodosing.com\/es\/wp-json\/wp\/v2\/product\/43656\/revisions"}],"wp:featuredmedia":[{"embeddable":true,"href":"https:\/\/dutchmicrodosing.com\/es\/wp-json\/wp\/v2\/media\/42826"}],"wp:attachment":[{"href":"https:\/\/dutchmicrodosing.com\/es\/wp-json\/wp\/v2\/media?parent=43656"}],"wp:term":[{"taxonomy":"product_brand","embeddable":true,"href":"https:\/\/dutchmicrodosing.com\/es\/wp-json\/wp\/v2\/product_brand?post=43656"},{"taxonomy":"product_cat","embeddable":true,"href":"https:\/\/dutchmicrodosing.com\/es\/wp-json\/wp\/v2\/product_cat?post=43656"},{"taxonomy":"product_tag","embeddable":true,"href":"https:\/\/dutchmicrodosing.com\/es\/wp-json\/wp\/v2\/product_tag?post=43656"}],"curies":[{"name":"wp","href":"https:\/\/api.w.org\/{rel}","templated":true}]}}