{"id":44191,"date":"2024-11-25T09:42:35","date_gmt":"2024-11-25T08:42:35","guid":{"rendered":"https:\/\/dutchmicrodosing.com\/shop\/sin%20categor\u00eda\/stress-aid-complex-30-caps\/"},"modified":"2025-08-29T12:20:47","modified_gmt":"2025-08-29T10:20:47","slug":"stress-aid-complex-30-caps","status":"publish","type":"product","link":"https:\/\/dutchmicrodosing.com\/es\/herbolario\/suplementos-de-vitaminas\/stress-aid-complex-30-caps\/","title":{"rendered":"Complejo antiestr\u00e9s &#8211; 30 c\u00e1ps."},"content":{"rendered":"<p><strong>El suplemento Together&#8217;s Stress Aid <\/strong> est\u00e1 dise\u00f1ado para proporcionar un apoyo adicional durante los periodos estresantes. Combina 11 vitaminas y minerales de alimentos integrales con magnesio natural extra\u00eddo del oc\u00e9ano. La f\u00f3rmula tambi\u00e9n contiene una potente mezcla de hierbas adapt\u00f3genas: schisandra, ashwagandha y rhodiola, que ayudan al organismo a adaptarse al estr\u00e9s y mejoran el bienestar general.<\/p>\n<h3><strong>Valores nutricionales por c\u00e1psula:<\/strong><\/h3>\n<ul>\n<li><strong>Vitamina E:<\/strong> 2,5 mg de \u03b1-TE<\/li>\n<li><strong>Vitamina C:<\/strong> 25 mg<\/li>\n<li><strong>Tiamina (vitamina B1)<\/strong> 2 mg<\/li>\n<li><strong>Riboflavina (vitamina B2):<\/strong> 2 mg<\/li>\n<li><strong>Vitamina B6:<\/strong> 2 mg<\/li>\n<li><strong>Vitamina B12 (como metilcobalamina):<\/strong> 5 \u03bcg<\/li>\n<li><strong>Biotina:<\/strong> 75 \u03bcg<\/li>\n<li><strong>Zinc<\/strong> 1,5 mg<\/li>\n<li><strong>Cobre:<\/strong> 250 \u03bcg<\/li>\n<li><strong>Magnesio:<\/strong> 55 mg<\/li>\n<li><strong>Manganeso:<\/strong> 0,3 mg<\/li>\n<li><strong>Selenio:<\/strong> 30 \u03bcg<\/li>\n<li><strong>Schisandra:<\/strong> 100 mg<\/li>\n<li><strong>Extracto de espectro completo de Ashwagandha KSM-66\u00ae (ra\u00edz de Withania somnifera que contiene un 5% de withan\u00f3lidos y menos de un 0,1% de withaferina A):<\/strong> 100 mg<\/li>\n<li><strong>Rhodiola:<\/strong> 100 mg<\/li>\n<\/ul>\n<h3><strong>Ingredientes:<\/strong><\/h3>\n<ul>\n<li>Concentrado de levadura* (aporta selenio, zinc, cobre, riboflavina, vitamina B6, tiamina, vitamina B12 y manganeso)<\/li>\n<li>Alga Lithothamnion Calcareum (aporta magnesio)<\/li>\n<li>Pulpa de c\u00edtricos (aporta vitamina C)<\/li>\n<li>Vitamina E combinada en aceite vegetal<\/li>\n<li>Harina de ma\u00edz (aporta biotina)<\/li>\n<li>Schisandra en polvo (baya de la pimienta)<\/li>\n<li>Extracto de ra\u00edz de ashwagandha<\/li>\n<li>Rhodiola en polvo<\/li>\n<li>Vegecap (Celulosa vegetal)<\/li>\n<li>*Una levadura inactiva y no candidata, sin reacciones al\u00e9rgicas conocidas<\/li>\n<\/ul>\n<h3><strong>Advertencias:<\/strong><\/h3>\n<ul>\n<li>No utilizar durante el embarazo o la lactancia.<\/li>\n<li>Se recomienda precauci\u00f3n a las personas con hipertiroidismo o enfermedad hep\u00e1tica grave al utilizar ashwagandha.<\/li>\n<li>Antes de usarlo, consulte a su m\u00e9dico o farmac\u00e9utico en caso de uso de medicamentos (antidepresivos), enfermedad hep\u00e1tica, enfermedad tiroidea y\/o uso de hormonas tiroideas.<\/li>\n<\/ul>\n<h3>contenido<\/h3>\n<p>30 Tapones<\/p>\n","protected":false},"excerpt":{"rendered":"<p>El suplemento Together&#8217;s Stress Aid est\u00e1 dise\u00f1ado para proporcionar un apoyo adicional durante los periodos estresantes. Combina 11 vitaminas y minerales de alimentos integrales con magnesio natural extra\u00eddo del oc\u00e9ano. La f\u00f3rmula tambi\u00e9n contiene una potente mezcla de hierbas adapt\u00f3genas: schisandra, ashwagandha y rhodiola, que ayudan al organismo a adaptarse al estr\u00e9s y mejoran el [&hellip;]<\/p>\n","protected":false},"featured_media":43870,"comment_status":"closed","ping_status":"closed","template":"","meta":[],"product_brand":[],"product_cat":[303,140],"product_tag":[],"class_list":{"0":"post-44191","1":"product","2":"type-product","3":"status-publish","4":"has-post-thumbnail","6":"product_cat-suplementos-relaxt","7":"product_cat-suplementos-de-vitaminas","9":"first","10":"instock","11":"taxable","12":"shipping-taxable","13":"purchasable","14":"product-type-simple"},"yoast_head":"<!-- This site is optimized with the Yoast SEO Premium plugin v26.4 (Yoast SEO v27.4) - https:\/\/yoast.com\/product\/yoast-seo-premium-wordpress\/ -->\n<title>Complejo antiestr\u00e9s - 30 c\u00e1ps. - Dutchmicrodosing<\/title>\n<meta name=\"robots\" content=\"index, follow, max-snippet:-1, max-image-preview:large, max-video-preview:-1\" \/>\n<link rel=\"canonical\" href=\"https:\/\/dutchmicrodosing.com\/es\/herbolario\/suplementos-de-vitaminas\/stress-aid-complex-30-caps\/\" \/>\n<meta property=\"og:locale\" content=\"es_ES\" \/>\n<meta property=\"og:type\" content=\"article\" \/>\n<meta property=\"og:title\" content=\"Complejo antiestr\u00e9s - 30 c\u00e1ps.\" \/>\n<meta property=\"og:description\" content=\"El suplemento Together&#039;s Stress Aid est\u00e1 dise\u00f1ado para proporcionar un apoyo adicional durante los periodos estresantes. Combina 11 vitaminas y minerales\" \/>\n<meta property=\"og:url\" content=\"https:\/\/dutchmicrodosing.com\/es\/herbolario\/suplementos-de-vitaminas\/stress-aid-complex-30-caps\/\" \/>\n<meta property=\"og:site_name\" content=\"Dutchmicrodosing\" \/>\n<meta property=\"article:publisher\" content=\"https:\/\/www.facebook.com\/Dutchmicrodosingxp\/\" \/>\n<meta property=\"article:modified_time\" content=\"2025-08-29T10:20:47+00:00\" \/>\n<meta property=\"og:image\" content=\"https:\/\/dutchmicrodosing.com\/wp-content\/uploads\/2024\/11\/2428_stress-aid-complex-_together_-30caps-1-1.jpg\" \/>\n\t<meta property=\"og:image:width\" content=\"700\" \/>\n\t<meta property=\"og:image:height\" content=\"700\" \/>\n\t<meta property=\"og:image:type\" content=\"image\/jpeg\" \/>\n<meta name=\"twitter:card\" content=\"summary_large_image\" \/>\n<script type=\"application\/ld+json\" class=\"yoast-schema-graph\">{\"@context\":\"https:\\\/\\\/schema.org\",\"@graph\":[{\"@type\":\"WebPage\",\"@id\":\"https:\\\/\\\/dutchmicrodosing.com\\\/es\\\/herbolario\\\/suplementos-de-vitaminas\\\/stress-aid-complex-30-caps\\\/\",\"url\":\"https:\\\/\\\/dutchmicrodosing.com\\\/es\\\/herbolario\\\/suplementos-de-vitaminas\\\/stress-aid-complex-30-caps\\\/\",\"name\":\"Complejo antiestr\u00e9s - 30 c\u00e1ps. - Dutchmicrodosing\",\"isPartOf\":{\"@id\":\"https:\\\/\\\/dutchmicrodosing.com\\\/es\\\/#website\"},\"primaryImageOfPage\":{\"@id\":\"https:\\\/\\\/dutchmicrodosing.com\\\/es\\\/herbolario\\\/suplementos-de-vitaminas\\\/stress-aid-complex-30-caps\\\/#primaryimage\"},\"image\":{\"@id\":\"https:\\\/\\\/dutchmicrodosing.com\\\/es\\\/herbolario\\\/suplementos-de-vitaminas\\\/stress-aid-complex-30-caps\\\/#primaryimage\"},\"thumbnailUrl\":\"https:\\\/\\\/dutchmicrodosing.com\\\/wp-content\\\/uploads\\\/2024\\\/11\\\/2428_stress-aid-complex-_together_-30caps-1-1.jpg\",\"datePublished\":\"2024-11-25T08:42:35+00:00\",\"dateModified\":\"2025-08-29T10:20:47+00:00\",\"breadcrumb\":{\"@id\":\"https:\\\/\\\/dutchmicrodosing.com\\\/es\\\/herbolario\\\/suplementos-de-vitaminas\\\/stress-aid-complex-30-caps\\\/#breadcrumb\"},\"inLanguage\":\"es\",\"potentialAction\":[{\"@type\":\"ReadAction\",\"target\":[\"https:\\\/\\\/dutchmicrodosing.com\\\/es\\\/herbolario\\\/suplementos-de-vitaminas\\\/stress-aid-complex-30-caps\\\/\"]}]},{\"@type\":\"ImageObject\",\"inLanguage\":\"es\",\"@id\":\"https:\\\/\\\/dutchmicrodosing.com\\\/es\\\/herbolario\\\/suplementos-de-vitaminas\\\/stress-aid-complex-30-caps\\\/#primaryimage\",\"url\":\"https:\\\/\\\/dutchmicrodosing.com\\\/wp-content\\\/uploads\\\/2024\\\/11\\\/2428_stress-aid-complex-_together_-30caps-1-1.jpg\",\"contentUrl\":\"https:\\\/\\\/dutchmicrodosing.com\\\/wp-content\\\/uploads\\\/2024\\\/11\\\/2428_stress-aid-complex-_together_-30caps-1-1.jpg\",\"width\":700,\"height\":700},{\"@type\":\"BreadcrumbList\",\"@id\":\"https:\\\/\\\/dutchmicrodosing.com\\\/es\\\/herbolario\\\/suplementos-de-vitaminas\\\/stress-aid-complex-30-caps\\\/#breadcrumb\",\"itemListElement\":[{\"@type\":\"ListItem\",\"position\":1,\"name\":\"Home\",\"item\":\"https:\\\/\\\/dutchmicrodosing.com\\\/es\\\/\"},{\"@type\":\"ListItem\",\"position\":2,\"name\":\"Tienda\",\"item\":\"https:\\\/\\\/dutchmicrodosing.com\\\/es\\\/tienda\\\/\"},{\"@type\":\"ListItem\",\"position\":3,\"name\":\"Complejo antiestr\u00e9s &#8211; 30 c\u00e1ps.\"}]},{\"@type\":\"WebSite\",\"@id\":\"https:\\\/\\\/dutchmicrodosing.com\\\/es\\\/#website\",\"url\":\"https:\\\/\\\/dutchmicrodosing.com\\\/es\\\/\",\"name\":\"Dutchmicrodosing\",\"description\":\"\",\"publisher\":{\"@id\":\"https:\\\/\\\/dutchmicrodosing.com\\\/es\\\/#organization\"},\"potentialAction\":[{\"@type\":\"SearchAction\",\"target\":{\"@type\":\"EntryPoint\",\"urlTemplate\":\"https:\\\/\\\/dutchmicrodosing.com\\\/es\\\/?s={search_term_string}\"},\"query-input\":{\"@type\":\"PropertyValueSpecification\",\"valueRequired\":true,\"valueName\":\"search_term_string\"}}],\"inLanguage\":\"es\"},{\"@type\":\"Organization\",\"@id\":\"https:\\\/\\\/dutchmicrodosing.com\\\/es\\\/#organization\",\"name\":\"Dutchmicrodosing\",\"url\":\"https:\\\/\\\/dutchmicrodosing.com\\\/es\\\/\",\"logo\":{\"@type\":\"ImageObject\",\"inLanguage\":\"es\",\"@id\":\"https:\\\/\\\/dutchmicrodosing.com\\\/es\\\/#\\\/schema\\\/logo\\\/image\\\/\",\"url\":\"https:\\\/\\\/dutchmicrodosing.com\\\/wp-content\\\/uploads\\\/2021\\\/01\\\/microdosing-categorie-pic-nieuw.jpg\",\"contentUrl\":\"https:\\\/\\\/dutchmicrodosing.com\\\/wp-content\\\/uploads\\\/2021\\\/01\\\/microdosing-categorie-pic-nieuw.jpg\",\"width\":500,\"height\":500,\"caption\":\"Dutchmicrodosing\"},\"image\":{\"@id\":\"https:\\\/\\\/dutchmicrodosing.com\\\/es\\\/#\\\/schema\\\/logo\\\/image\\\/\"},\"sameAs\":[\"https:\\\/\\\/www.facebook.com\\\/Dutchmicrodosingxp\\\/\",\"https:\\\/\\\/www.instagram.com\\\/dutchmicrodosing\\\/\"]}]}<\/script>\n<meta property=\"product:price:amount\" content=\"14.95\" \/>\n<meta property=\"product:price:currency\" content=\"EUR\" \/>\n<meta property=\"og:availability\" content=\"instock\" \/>\n<meta property=\"product:availability\" content=\"instock\" \/>\n<meta property=\"product:retailer_item_id\" content=\"4211242\" \/>\n<meta property=\"product:condition\" content=\"new\" \/>\n<!-- \/ Yoast SEO Premium plugin. -->","yoast_head_json":{"title":"Complejo antiestr\u00e9s - 30 c\u00e1ps. - Dutchmicrodosing","robots":{"index":"index","follow":"follow","max-snippet":"max-snippet:-1","max-image-preview":"max-image-preview:large","max-video-preview":"max-video-preview:-1"},"canonical":"https:\/\/dutchmicrodosing.com\/es\/herbolario\/suplementos-de-vitaminas\/stress-aid-complex-30-caps\/","og_locale":"es_ES","og_type":"article","og_title":"Complejo antiestr\u00e9s - 30 c\u00e1ps.","og_description":"El suplemento Together's Stress Aid est\u00e1 dise\u00f1ado para proporcionar un apoyo adicional durante los periodos estresantes. Combina 11 vitaminas y minerales","og_url":"https:\/\/dutchmicrodosing.com\/es\/herbolario\/suplementos-de-vitaminas\/stress-aid-complex-30-caps\/","og_site_name":"Dutchmicrodosing","article_publisher":"https:\/\/www.facebook.com\/Dutchmicrodosingxp\/","article_modified_time":"2025-08-29T10:20:47+00:00","og_image":[{"width":700,"height":700,"url":"https:\/\/dutchmicrodosing.com\/wp-content\/uploads\/2024\/11\/2428_stress-aid-complex-_together_-30caps-1-1.jpg","type":"image\/jpeg"}],"twitter_card":"summary_large_image","schema":{"@context":"https:\/\/schema.org","@graph":[{"@type":"WebPage","@id":"https:\/\/dutchmicrodosing.com\/es\/herbolario\/suplementos-de-vitaminas\/stress-aid-complex-30-caps\/","url":"https:\/\/dutchmicrodosing.com\/es\/herbolario\/suplementos-de-vitaminas\/stress-aid-complex-30-caps\/","name":"Complejo antiestr\u00e9s - 30 c\u00e1ps. - Dutchmicrodosing","isPartOf":{"@id":"https:\/\/dutchmicrodosing.com\/es\/#website"},"primaryImageOfPage":{"@id":"https:\/\/dutchmicrodosing.com\/es\/herbolario\/suplementos-de-vitaminas\/stress-aid-complex-30-caps\/#primaryimage"},"image":{"@id":"https:\/\/dutchmicrodosing.com\/es\/herbolario\/suplementos-de-vitaminas\/stress-aid-complex-30-caps\/#primaryimage"},"thumbnailUrl":"https:\/\/dutchmicrodosing.com\/wp-content\/uploads\/2024\/11\/2428_stress-aid-complex-_together_-30caps-1-1.jpg","datePublished":"2024-11-25T08:42:35+00:00","dateModified":"2025-08-29T10:20:47+00:00","breadcrumb":{"@id":"https:\/\/dutchmicrodosing.com\/es\/herbolario\/suplementos-de-vitaminas\/stress-aid-complex-30-caps\/#breadcrumb"},"inLanguage":"es","potentialAction":[{"@type":"ReadAction","target":["https:\/\/dutchmicrodosing.com\/es\/herbolario\/suplementos-de-vitaminas\/stress-aid-complex-30-caps\/"]}]},{"@type":"ImageObject","inLanguage":"es","@id":"https:\/\/dutchmicrodosing.com\/es\/herbolario\/suplementos-de-vitaminas\/stress-aid-complex-30-caps\/#primaryimage","url":"https:\/\/dutchmicrodosing.com\/wp-content\/uploads\/2024\/11\/2428_stress-aid-complex-_together_-30caps-1-1.jpg","contentUrl":"https:\/\/dutchmicrodosing.com\/wp-content\/uploads\/2024\/11\/2428_stress-aid-complex-_together_-30caps-1-1.jpg","width":700,"height":700},{"@type":"BreadcrumbList","@id":"https:\/\/dutchmicrodosing.com\/es\/herbolario\/suplementos-de-vitaminas\/stress-aid-complex-30-caps\/#breadcrumb","itemListElement":[{"@type":"ListItem","position":1,"name":"Home","item":"https:\/\/dutchmicrodosing.com\/es\/"},{"@type":"ListItem","position":2,"name":"Tienda","item":"https:\/\/dutchmicrodosing.com\/es\/tienda\/"},{"@type":"ListItem","position":3,"name":"Complejo antiestr\u00e9s &#8211; 30 c\u00e1ps."}]},{"@type":"WebSite","@id":"https:\/\/dutchmicrodosing.com\/es\/#website","url":"https:\/\/dutchmicrodosing.com\/es\/","name":"Dutchmicrodosing","description":"","publisher":{"@id":"https:\/\/dutchmicrodosing.com\/es\/#organization"},"potentialAction":[{"@type":"SearchAction","target":{"@type":"EntryPoint","urlTemplate":"https:\/\/dutchmicrodosing.com\/es\/?s={search_term_string}"},"query-input":{"@type":"PropertyValueSpecification","valueRequired":true,"valueName":"search_term_string"}}],"inLanguage":"es"},{"@type":"Organization","@id":"https:\/\/dutchmicrodosing.com\/es\/#organization","name":"Dutchmicrodosing","url":"https:\/\/dutchmicrodosing.com\/es\/","logo":{"@type":"ImageObject","inLanguage":"es","@id":"https:\/\/dutchmicrodosing.com\/es\/#\/schema\/logo\/image\/","url":"https:\/\/dutchmicrodosing.com\/wp-content\/uploads\/2021\/01\/microdosing-categorie-pic-nieuw.jpg","contentUrl":"https:\/\/dutchmicrodosing.com\/wp-content\/uploads\/2021\/01\/microdosing-categorie-pic-nieuw.jpg","width":500,"height":500,"caption":"Dutchmicrodosing"},"image":{"@id":"https:\/\/dutchmicrodosing.com\/es\/#\/schema\/logo\/image\/"},"sameAs":["https:\/\/www.facebook.com\/Dutchmicrodosingxp\/","https:\/\/www.instagram.com\/dutchmicrodosing\/"]}]},"product_price_amount":"14.95","product_price_currency":"EUR","og_availability":"instock","product_availability":"instock","product_retailer_item_id":"4211242","product_condition":"new"},"_links":{"self":[{"href":"https:\/\/dutchmicrodosing.com\/es\/wp-json\/wp\/v2\/product\/44191","targetHints":{"allow":["GET"]}}],"collection":[{"href":"https:\/\/dutchmicrodosing.com\/es\/wp-json\/wp\/v2\/product"}],"about":[{"href":"https:\/\/dutchmicrodosing.com\/es\/wp-json\/wp\/v2\/types\/product"}],"replies":[{"embeddable":true,"href":"https:\/\/dutchmicrodosing.com\/es\/wp-json\/wp\/v2\/comments?post=44191"}],"version-history":[{"count":0,"href":"https:\/\/dutchmicrodosing.com\/es\/wp-json\/wp\/v2\/product\/44191\/revisions"}],"wp:featuredmedia":[{"embeddable":true,"href":"https:\/\/dutchmicrodosing.com\/es\/wp-json\/wp\/v2\/media\/43870"}],"wp:attachment":[{"href":"https:\/\/dutchmicrodosing.com\/es\/wp-json\/wp\/v2\/media?parent=44191"}],"wp:term":[{"taxonomy":"product_brand","embeddable":true,"href":"https:\/\/dutchmicrodosing.com\/es\/wp-json\/wp\/v2\/product_brand?post=44191"},{"taxonomy":"product_cat","embeddable":true,"href":"https:\/\/dutchmicrodosing.com\/es\/wp-json\/wp\/v2\/product_cat?post=44191"},{"taxonomy":"product_tag","embeddable":true,"href":"https:\/\/dutchmicrodosing.com\/es\/wp-json\/wp\/v2\/product_tag?post=44191"}],"curies":[{"name":"wp","href":"https:\/\/api.w.org\/{rel}","templated":true}]}}