{"id":44204,"date":"2024-12-15T09:15:04","date_gmt":"2024-12-15T08:15:04","guid":{"rendered":"https:\/\/dutchmicrodosing.com\/shop\/sin%20categor\u00eda\/kraid-passion-fruit-mitragynine-enhanced\/"},"modified":"2026-02-03T16:39:18","modified_gmt":"2026-02-03T15:39:18","slug":"kraid-passion-fruit-mitragynine-enhanced","status":"publish","type":"product","link":"https:\/\/dutchmicrodosing.com\/es\/hierbas-botanicas\/kratom\/kraid-passion-fruit-mitragynine-enhanced\/","title":{"rendered":"KRAID Fruta de la Pasi\u00f3n &#8211; Mitragynine Enhanced"},"content":{"rendered":"<p><strong>KRAID Passion Fruit &#8211; Mitragynine Enhanced<\/strong>: \u00a1El poder del Kratom con el sabor de la fruta de la pasi\u00f3n! Este innovador extracto de kratom soluble en agua ofrece una dosis fiable de mitraginina, combinada con el dulce encanto de la fruta de la pasi\u00f3n, para una experiencia de kratom agradable y eficaz.<\/p>\n<h3><strong>Un giro innovador<\/strong> en el <strong>uso del Kratom<\/strong><\/h3>\n<ul>\n<li><strong>Solubilidad completa:<\/strong> Se acabaron los sabores desagradables, KRAID Fruta de la Pasi\u00f3n se disuelve completamente en agua para un consumo impecable.<\/li>\n<li><strong>Forma innovadora:<\/strong> Ofrece comodidad y una dosificaci\u00f3n constante garantizada en cada uso.<\/li>\n<\/ul>\n<h3><strong>\u00bfPor qu\u00e9 elegir<\/strong> la <strong>fruta de la pasi\u00f3n<\/strong> KRAID <strong>?<\/strong><\/h3>\n<ul>\n<li><strong>Sabroso y eficaz:<\/strong> Cada envase contiene 50 mg de mitraginina pura<\/li>\n<li><strong>Ideal para la energ\u00eda y la concentraci\u00f3n:<\/strong> Una elecci\u00f3n excelente para quienes desean aumentar su energ\u00eda y concentraci\u00f3n de forma placentera.<\/li>\n<\/ul>\n<h3><strong>La experiencia con<\/strong> la <strong>fruta de la pasi\u00f3n<\/strong> KRAID<\/h3>\n<ul>\n<li><strong>F\u00e1cil de usar:<\/strong> Disuelve un sobre en medio litro de agua y disfruta de una deliciosa bebida que puedes tomar en cualquier sitio.<\/li>\n<li><strong>Sabor sutil y agradable:<\/strong> El sabor de la fruta de la pasi\u00f3n es suave y hace que su consumo sea agradable sin fatiga gustativa.<\/li>\n<li><strong>Discreto y c\u00f3modo:<\/strong> Ideal para utilizarlo en diversos entornos sociales o profesionales.<\/li>\n<\/ul>\n<h3>Ingredientes<\/h3>\n<p>Una bolsita contiene 50 mg de mitraginina, equivalente a 4-6 gramos de polvo de Kratom tradicional, y tiene sabor a Fruta de la Pasi\u00f3n.<\/p>\n<h3>Utilice<\/h3>\n<p>Disuelve un sobre en 0,5 litros de agua, agita y disfruta.<\/p>\n<h3>Consejos de almacenamiento<\/h3>\n<p>Guarda este producto en un lugar fresco, oscuro y seco, como un armario de cocina, y fuera del alcance de los ni\u00f1os.<\/p>\n<h3>Advertencia<\/h3>\n<p>No utilices un suplemento diet\u00e9tico como sustituto de una dieta variada. Mantener fuera del alcance de los ni\u00f1os. No utilizar en combinaci\u00f3n con medicamentos u otros estimulantes, en caso de tensi\u00f3n arterial alta\/baja, enfermedad cardiaca, enfermedad tiroidea, enfermedad renal, depresi\u00f3n, nerviosismo, dolencias f\u00edsicas y\/o mentales y uso de inhibidores de la monoaminooxidasa. Cuidado con el consumo excesivo de alcohol. En caso de duda, consulta a tu m\u00e9dico.<\/p>\n<h3>Contenido<\/h3>\n<p>KRAID Fruta de la Pasi\u00f3n &#8211; Mitragynine Enhanced<\/p>\n","protected":false},"excerpt":{"rendered":"<p>KRAID Passion Fruit &#8211; Mitragynine Enhanced: \u00a1El poder del Kratom con el sabor de la fruta de la pasi\u00f3n! Este innovador extracto de kratom soluble en agua ofrece una dosis fiable de mitraginina, combinada con el dulce encanto de la fruta de la pasi\u00f3n, para una experiencia de kratom agradable y eficaz. Un giro innovador [&hellip;]<\/p>\n","protected":false},"featured_media":44198,"comment_status":"closed","ping_status":"closed","template":"","meta":[],"product_brand":[],"product_cat":[418],"product_tag":[],"class_list":{"0":"post-44204","1":"product","2":"type-product","3":"status-publish","4":"has-post-thumbnail","6":"product_cat-kratom","8":"first","9":"instock","10":"taxable","11":"shipping-taxable","12":"purchasable","13":"product-type-simple"},"yoast_head":"<!-- This site is optimized with the Yoast SEO Premium plugin v26.4 (Yoast SEO v27.2) - https:\/\/yoast.com\/product\/yoast-seo-premium-wordpress\/ -->\n<title>KRAID Fruta de la Pasi\u00f3n - Mitragynine Enhanced - Dutchmicrodosing<\/title>\n<meta name=\"description\" content=\"KRAID Fruta de la Pasi\u00f3n - Mitragynine Enhanced. El sabor a fruta de la pasi\u00f3n es suave y hace que su uso sea agradable, \u00a1sin el sabor abrumador del kratom!\" \/>\n<meta name=\"robots\" content=\"index, follow, max-snippet:-1, max-image-preview:large, max-video-preview:-1\" \/>\n<link rel=\"canonical\" href=\"https:\/\/dutchmicrodosing.com\/es\/hierbas-botanicas\/kratom\/kraid-passion-fruit-mitragynine-enhanced\/\" \/>\n<meta property=\"og:locale\" content=\"es_ES\" \/>\n<meta property=\"og:type\" content=\"article\" \/>\n<meta property=\"og:title\" content=\"KRAID Fruta de la Pasi\u00f3n - Mitragynine Enhanced\" \/>\n<meta property=\"og:description\" content=\"KRAID Passion Fruit - Mitragynine Enhanced: \u00a1El poder del Kratom con el sabor de la fruta de la pasi\u00f3n! Este innovador extracto de kratom soluble en agua\" \/>\n<meta property=\"og:url\" content=\"https:\/\/dutchmicrodosing.com\/es\/hierbas-botanicas\/kratom\/kraid-passion-fruit-mitragynine-enhanced\/\" \/>\n<meta property=\"og:site_name\" content=\"Dutchmicrodosing\" \/>\n<meta property=\"article:publisher\" content=\"https:\/\/www.facebook.com\/Dutchmicrodosingxp\/\" \/>\n<meta property=\"article:modified_time\" content=\"2026-02-03T15:39:18+00:00\" \/>\n<meta property=\"og:image\" content=\"https:\/\/dutchmicrodosing.com\/wp-content\/uploads\/2024\/12\/kraid-passion-fruit-mite-1.jpg\" \/>\n\t<meta property=\"og:image:width\" content=\"600\" \/>\n\t<meta property=\"og:image:height\" content=\"600\" \/>\n\t<meta property=\"og:image:type\" content=\"image\/jpeg\" \/>\n<meta name=\"twitter:card\" content=\"summary_large_image\" \/>\n<script type=\"application\/ld+json\" class=\"yoast-schema-graph\">{\"@context\":\"https:\/\/schema.org\",\"@graph\":[{\"@type\":\"WebPage\",\"@id\":\"https:\/\/dutchmicrodosing.com\/es\/hierbas-botanicas\/kratom\/kraid-passion-fruit-mitragynine-enhanced\/\",\"url\":\"https:\/\/dutchmicrodosing.com\/es\/hierbas-botanicas\/kratom\/kraid-passion-fruit-mitragynine-enhanced\/\",\"name\":\"KRAID Fruta de la Pasi\u00f3n - Mitragynine Enhanced - Dutchmicrodosing\",\"isPartOf\":{\"@id\":\"https:\/\/dutchmicrodosing.com\/es\/#website\"},\"primaryImageOfPage\":{\"@id\":\"https:\/\/dutchmicrodosing.com\/es\/hierbas-botanicas\/kratom\/kraid-passion-fruit-mitragynine-enhanced\/#primaryimage\"},\"image\":{\"@id\":\"https:\/\/dutchmicrodosing.com\/es\/hierbas-botanicas\/kratom\/kraid-passion-fruit-mitragynine-enhanced\/#primaryimage\"},\"thumbnailUrl\":\"https:\/\/dutchmicrodosing.com\/wp-content\/uploads\/2024\/12\/kraid-passion-fruit-mite-1.jpg\",\"datePublished\":\"2024-12-15T08:15:04+00:00\",\"dateModified\":\"2026-02-03T15:39:18+00:00\",\"description\":\"KRAID Fruta de la Pasi\u00f3n - Mitragynine Enhanced. El sabor a fruta de la pasi\u00f3n es suave y hace que su uso sea agradable, \u00a1sin el sabor abrumador del kratom!\",\"breadcrumb\":{\"@id\":\"https:\/\/dutchmicrodosing.com\/es\/hierbas-botanicas\/kratom\/kraid-passion-fruit-mitragynine-enhanced\/#breadcrumb\"},\"inLanguage\":\"es\",\"potentialAction\":[{\"@type\":\"ReadAction\",\"target\":[\"https:\/\/dutchmicrodosing.com\/es\/hierbas-botanicas\/kratom\/kraid-passion-fruit-mitragynine-enhanced\/\"]}]},{\"@type\":\"ImageObject\",\"inLanguage\":\"es\",\"@id\":\"https:\/\/dutchmicrodosing.com\/es\/hierbas-botanicas\/kratom\/kraid-passion-fruit-mitragynine-enhanced\/#primaryimage\",\"url\":\"https:\/\/dutchmicrodosing.com\/wp-content\/uploads\/2024\/12\/kraid-passion-fruit-mite-1.jpg\",\"contentUrl\":\"https:\/\/dutchmicrodosing.com\/wp-content\/uploads\/2024\/12\/kraid-passion-fruit-mite-1.jpg\",\"width\":600,\"height\":600},{\"@type\":\"BreadcrumbList\",\"@id\":\"https:\/\/dutchmicrodosing.com\/es\/hierbas-botanicas\/kratom\/kraid-passion-fruit-mitragynine-enhanced\/#breadcrumb\",\"itemListElement\":[{\"@type\":\"ListItem\",\"position\":1,\"name\":\"Home\",\"item\":\"https:\/\/dutchmicrodosing.com\/es\/\"},{\"@type\":\"ListItem\",\"position\":2,\"name\":\"Tienda\",\"item\":\"https:\/\/dutchmicrodosing.com\/es\/tienda\/\"},{\"@type\":\"ListItem\",\"position\":3,\"name\":\"KRAID Fruta de la Pasi\u00f3n &#8211; Mitragynine Enhanced\"}]},{\"@type\":\"WebSite\",\"@id\":\"https:\/\/dutchmicrodosing.com\/es\/#website\",\"url\":\"https:\/\/dutchmicrodosing.com\/es\/\",\"name\":\"Dutchmicrodosing\",\"description\":\"\",\"publisher\":{\"@id\":\"https:\/\/dutchmicrodosing.com\/es\/#organization\"},\"potentialAction\":[{\"@type\":\"SearchAction\",\"target\":{\"@type\":\"EntryPoint\",\"urlTemplate\":\"https:\/\/dutchmicrodosing.com\/es\/?s={search_term_string}\"},\"query-input\":{\"@type\":\"PropertyValueSpecification\",\"valueRequired\":true,\"valueName\":\"search_term_string\"}}],\"inLanguage\":\"es\"},{\"@type\":\"Organization\",\"@id\":\"https:\/\/dutchmicrodosing.com\/es\/#organization\",\"name\":\"Dutchmicrodosing\",\"url\":\"https:\/\/dutchmicrodosing.com\/es\/\",\"logo\":{\"@type\":\"ImageObject\",\"inLanguage\":\"es\",\"@id\":\"https:\/\/dutchmicrodosing.com\/es\/#\/schema\/logo\/image\/\",\"url\":\"https:\/\/dutchmicrodosing.com\/wp-content\/uploads\/2021\/01\/microdosing-categorie-pic-nieuw.jpg\",\"contentUrl\":\"https:\/\/dutchmicrodosing.com\/wp-content\/uploads\/2021\/01\/microdosing-categorie-pic-nieuw.jpg\",\"width\":500,\"height\":500,\"caption\":\"Dutchmicrodosing\"},\"image\":{\"@id\":\"https:\/\/dutchmicrodosing.com\/es\/#\/schema\/logo\/image\/\"},\"sameAs\":[\"https:\/\/www.facebook.com\/Dutchmicrodosingxp\/\",\"https:\/\/www.instagram.com\/dutchmicrodosing\/\"]}]}<\/script>\n<meta property=\"product:price:amount\" content=\"5.95\" \/>\n<meta property=\"product:price:currency\" content=\"EUR\" \/>\n<meta property=\"og:availability\" content=\"instock\" \/>\n<meta property=\"product:availability\" content=\"instock\" \/>\n<meta property=\"product:retailer_item_id\" content=\"4212773\" \/>\n<meta property=\"product:condition\" content=\"new\" \/>\n<!-- \/ Yoast SEO Premium plugin. -->","yoast_head_json":{"title":"KRAID Fruta de la Pasi\u00f3n - Mitragynine Enhanced - Dutchmicrodosing","description":"KRAID Fruta de la Pasi\u00f3n - Mitragynine Enhanced. El sabor a fruta de la pasi\u00f3n es suave y hace que su uso sea agradable, \u00a1sin el sabor abrumador del kratom!","robots":{"index":"index","follow":"follow","max-snippet":"max-snippet:-1","max-image-preview":"max-image-preview:large","max-video-preview":"max-video-preview:-1"},"canonical":"https:\/\/dutchmicrodosing.com\/es\/hierbas-botanicas\/kratom\/kraid-passion-fruit-mitragynine-enhanced\/","og_locale":"es_ES","og_type":"article","og_title":"KRAID Fruta de la Pasi\u00f3n - Mitragynine Enhanced","og_description":"KRAID Passion Fruit - Mitragynine Enhanced: \u00a1El poder del Kratom con el sabor de la fruta de la pasi\u00f3n! Este innovador extracto de kratom soluble en agua","og_url":"https:\/\/dutchmicrodosing.com\/es\/hierbas-botanicas\/kratom\/kraid-passion-fruit-mitragynine-enhanced\/","og_site_name":"Dutchmicrodosing","article_publisher":"https:\/\/www.facebook.com\/Dutchmicrodosingxp\/","article_modified_time":"2026-02-03T15:39:18+00:00","og_image":[{"width":600,"height":600,"url":"https:\/\/dutchmicrodosing.com\/wp-content\/uploads\/2024\/12\/kraid-passion-fruit-mite-1.jpg","type":"image\/jpeg"}],"twitter_card":"summary_large_image","schema":{"@context":"https:\/\/schema.org","@graph":[{"@type":"WebPage","@id":"https:\/\/dutchmicrodosing.com\/es\/hierbas-botanicas\/kratom\/kraid-passion-fruit-mitragynine-enhanced\/","url":"https:\/\/dutchmicrodosing.com\/es\/hierbas-botanicas\/kratom\/kraid-passion-fruit-mitragynine-enhanced\/","name":"KRAID Fruta de la Pasi\u00f3n - Mitragynine Enhanced - Dutchmicrodosing","isPartOf":{"@id":"https:\/\/dutchmicrodosing.com\/es\/#website"},"primaryImageOfPage":{"@id":"https:\/\/dutchmicrodosing.com\/es\/hierbas-botanicas\/kratom\/kraid-passion-fruit-mitragynine-enhanced\/#primaryimage"},"image":{"@id":"https:\/\/dutchmicrodosing.com\/es\/hierbas-botanicas\/kratom\/kraid-passion-fruit-mitragynine-enhanced\/#primaryimage"},"thumbnailUrl":"https:\/\/dutchmicrodosing.com\/wp-content\/uploads\/2024\/12\/kraid-passion-fruit-mite-1.jpg","datePublished":"2024-12-15T08:15:04+00:00","dateModified":"2026-02-03T15:39:18+00:00","description":"KRAID Fruta de la Pasi\u00f3n - Mitragynine Enhanced. El sabor a fruta de la pasi\u00f3n es suave y hace que su uso sea agradable, \u00a1sin el sabor abrumador del kratom!","breadcrumb":{"@id":"https:\/\/dutchmicrodosing.com\/es\/hierbas-botanicas\/kratom\/kraid-passion-fruit-mitragynine-enhanced\/#breadcrumb"},"inLanguage":"es","potentialAction":[{"@type":"ReadAction","target":["https:\/\/dutchmicrodosing.com\/es\/hierbas-botanicas\/kratom\/kraid-passion-fruit-mitragynine-enhanced\/"]}]},{"@type":"ImageObject","inLanguage":"es","@id":"https:\/\/dutchmicrodosing.com\/es\/hierbas-botanicas\/kratom\/kraid-passion-fruit-mitragynine-enhanced\/#primaryimage","url":"https:\/\/dutchmicrodosing.com\/wp-content\/uploads\/2024\/12\/kraid-passion-fruit-mite-1.jpg","contentUrl":"https:\/\/dutchmicrodosing.com\/wp-content\/uploads\/2024\/12\/kraid-passion-fruit-mite-1.jpg","width":600,"height":600},{"@type":"BreadcrumbList","@id":"https:\/\/dutchmicrodosing.com\/es\/hierbas-botanicas\/kratom\/kraid-passion-fruit-mitragynine-enhanced\/#breadcrumb","itemListElement":[{"@type":"ListItem","position":1,"name":"Home","item":"https:\/\/dutchmicrodosing.com\/es\/"},{"@type":"ListItem","position":2,"name":"Tienda","item":"https:\/\/dutchmicrodosing.com\/es\/tienda\/"},{"@type":"ListItem","position":3,"name":"KRAID Fruta de la Pasi\u00f3n &#8211; Mitragynine Enhanced"}]},{"@type":"WebSite","@id":"https:\/\/dutchmicrodosing.com\/es\/#website","url":"https:\/\/dutchmicrodosing.com\/es\/","name":"Dutchmicrodosing","description":"","publisher":{"@id":"https:\/\/dutchmicrodosing.com\/es\/#organization"},"potentialAction":[{"@type":"SearchAction","target":{"@type":"EntryPoint","urlTemplate":"https:\/\/dutchmicrodosing.com\/es\/?s={search_term_string}"},"query-input":{"@type":"PropertyValueSpecification","valueRequired":true,"valueName":"search_term_string"}}],"inLanguage":"es"},{"@type":"Organization","@id":"https:\/\/dutchmicrodosing.com\/es\/#organization","name":"Dutchmicrodosing","url":"https:\/\/dutchmicrodosing.com\/es\/","logo":{"@type":"ImageObject","inLanguage":"es","@id":"https:\/\/dutchmicrodosing.com\/es\/#\/schema\/logo\/image\/","url":"https:\/\/dutchmicrodosing.com\/wp-content\/uploads\/2021\/01\/microdosing-categorie-pic-nieuw.jpg","contentUrl":"https:\/\/dutchmicrodosing.com\/wp-content\/uploads\/2021\/01\/microdosing-categorie-pic-nieuw.jpg","width":500,"height":500,"caption":"Dutchmicrodosing"},"image":{"@id":"https:\/\/dutchmicrodosing.com\/es\/#\/schema\/logo\/image\/"},"sameAs":["https:\/\/www.facebook.com\/Dutchmicrodosingxp\/","https:\/\/www.instagram.com\/dutchmicrodosing\/"]}]},"product_price_amount":"5.95","product_price_currency":"EUR","og_availability":"instock","product_availability":"instock","product_retailer_item_id":"4212773","product_condition":"new"},"_links":{"self":[{"href":"https:\/\/dutchmicrodosing.com\/es\/wp-json\/wp\/v2\/product\/44204","targetHints":{"allow":["GET"]}}],"collection":[{"href":"https:\/\/dutchmicrodosing.com\/es\/wp-json\/wp\/v2\/product"}],"about":[{"href":"https:\/\/dutchmicrodosing.com\/es\/wp-json\/wp\/v2\/types\/product"}],"replies":[{"embeddable":true,"href":"https:\/\/dutchmicrodosing.com\/es\/wp-json\/wp\/v2\/comments?post=44204"}],"version-history":[{"count":1,"href":"https:\/\/dutchmicrodosing.com\/es\/wp-json\/wp\/v2\/product\/44204\/revisions"}],"predecessor-version":[{"id":64252,"href":"https:\/\/dutchmicrodosing.com\/es\/wp-json\/wp\/v2\/product\/44204\/revisions\/64252"}],"wp:featuredmedia":[{"embeddable":true,"href":"https:\/\/dutchmicrodosing.com\/es\/wp-json\/wp\/v2\/media\/44198"}],"wp:attachment":[{"href":"https:\/\/dutchmicrodosing.com\/es\/wp-json\/wp\/v2\/media?parent=44204"}],"wp:term":[{"taxonomy":"product_brand","embeddable":true,"href":"https:\/\/dutchmicrodosing.com\/es\/wp-json\/wp\/v2\/product_brand?post=44204"},{"taxonomy":"product_cat","embeddable":true,"href":"https:\/\/dutchmicrodosing.com\/es\/wp-json\/wp\/v2\/product_cat?post=44204"},{"taxonomy":"product_tag","embeddable":true,"href":"https:\/\/dutchmicrodosing.com\/es\/wp-json\/wp\/v2\/product_tag?post=44204"}],"curies":[{"name":"wp","href":"https:\/\/api.w.org\/{rel}","templated":true}]}}