{"id":44652,"date":"2025-01-17T08:48:13","date_gmt":"2025-01-17T07:48:13","guid":{"rendered":"https:\/\/dutchmicrodosing.com\/shop\/sin%20categor\u00eda\/hillbilly-pumpkin-liquid-culture-spuit\/"},"modified":"2025-09-19T20:57:42","modified_gmt":"2025-09-19T18:57:42","slug":"hillbilly-pumpkin-liquid-culture-spuit","status":"publish","type":"product","link":"https:\/\/dutchmicrodosing.com\/es\/esporas-de-setas-magicas\/jeringas-para-cultivo-de-liquidos\/hillbilly-pumpkin-liquid-culture-spuit\/","title":{"rendered":"Jeringa de cultivo l\u00edquido Hillbilly Pumpkin"},"content":{"rendered":"<p><strong>La Psilocybe Cubensis Hillbilly Pumpkin<\/strong> es una variedad especial que destaca por sus distintivos sombreros de color calabaza y su impresionante vigor. Esta variedad es muy apreciada por cultivadores e investigadores por su fuerte micelio y su capacidad para adaptarse a diversas condiciones.<\/p>\n<p>La <strong>jeringa de cultivo l\u00edquido Hillbilly Pumpkin de 10 ml<\/strong> se ha preparado cuidadosamente de forma est\u00e9ril, garantizando la pureza y minimizando el riesgo de contaminaci\u00f3n. Ideal tanto para principiantes como para cultivadores experimentados, este cultivo proporciona una base s\u00f3lida para cultivar con \u00e9xito. Con su r\u00e1pido crecimiento del micelio y su amplia compatibilidad con distintos sustratos, la Calabaza Hillbilly es una elecci\u00f3n excelente para cualquier proyecto de cultivo.<\/p>\n<h3>Caracter\u00edsticas principales<\/h3>\n<ul>\n<li>Tallo: Psilocybe Cubensis Hillbilly Pumpkin: un tallo robusto con sombreros de color calabaza.<\/li>\n<li>Volumen: jeringa est\u00e9ril de 10 ml con cultivo l\u00edquido rico en nutrientes.<\/li>\n<li>Pureza:<strong> Aislado profesionalmente<\/strong> y est\u00e9ril para garantizar un crecimiento constante y fiable.<\/li>\n<\/ul>\n<h3>\u00bfQu\u00e9 necesitas para cultivar setas?<\/h3>\n<ol>\n<li>Grano (alimento): Los hongos necesitan una fuente de nutrientes para crecer. A menudo se utilizan cereales como el centeno o el ma\u00edz, ya que son ricos en hidratos de carbono y otros nutrientes esenciales para el crecimiento del micelio (la estructura radicular del hongo).<\/li>\n<li>Sustrato (tierra): El sustrato proporciona soporte f\u00edsico al micelio y ayuda a retener el agua. Puede ser madera, paja, serr\u00edn o cualquier otro material org\u00e1nico en el que pueda crecer el micelio. El sustrato debe ser est\u00e9ril o estar bien tratado para evitar bacterias y hongos no deseados.<\/li>\n<li>Cultivo (el micelio o las esporas): Es la base biol\u00f3gica de la seta. El micelio es la forma vegetativa del hongo y crece a trav\u00e9s del sustrato para formar la seta. Puede comprarse como \u00abcultivo l\u00edquido\u00bb o cultivarse en casa a partir de esporas. (recomendamos cultivo l\u00edquido)<\/li>\n<li>Con estos tres componentes, puedes cultivar setas, dependiendo del tipo que quieras cultivar.<\/li>\n<\/ol>\n<h3>Humedad e higiene<\/h3>\n<p>El proceso requiere un cuidadoso control de factores como la temperatura, la humedad y la higiene para lograr una cosecha satisfactoria.<\/p>\n<p><strong>Humedad: <\/strong>Mant\u00e9n la humedad cultivando las setas en una bolsa o monotubo. Esto mantiene h\u00famedo el sustrato, lo que es importante para el crecimiento de los hongos.<\/p>\n<p><strong>Higiene: <\/strong>Para evitar la contaminaci\u00f3n, trabajamos con un puerto de inyecci\u00f3n en las bolsas. Esto facilita la inyecci\u00f3n del micelio (las \u00absemillas\u00bb del hongo) en la bolsa sin necesidad de una sala blanca especial. Los clientes s\u00f3lo deben utilizar una aguja limpia para asegurarse de que todo permanece higi\u00e9nico.<\/p>\n<h3>Contenido<\/h3>\n<ul>\n<li>1x jeringuilla est\u00e9ril de 10 ml con cultivo l\u00edquido Hillbilly Pumpkin.<\/li>\n<li>1 aguja est\u00e9ril de calibre 18 para facilitar la inoculaci\u00f3n.<\/li>\n<li>1x Almohadilla con alcohol para manipulaci\u00f3n est\u00e9ril.<\/li>\n<\/ul>\n<h3>Consejos de almacenamiento<\/h3>\n<p>Gu\u00e1rdalo refrigerado a 2-8\u00b0C para garantizar la viabilidad. Con un almacenamiento adecuado, siguen siendo utilizables hasta 6 meses. Mantener fuera del alcance de los ni\u00f1os.<\/p>\n","protected":false},"excerpt":{"rendered":"<p>La Psilocybe Cubensis Hillbilly Pumpkin es una variedad especial que destaca por sus distintivos sombreros de color calabaza y su impresionante vigor. Esta variedad es muy apreciada por cultivadores e investigadores por su fuerte micelio y su capacidad para adaptarse a diversas condiciones. La jeringa de cultivo l\u00edquido Hillbilly Pumpkin de 10 ml se ha [&hellip;]<\/p>\n","protected":false},"featured_media":46263,"comment_status":"closed","ping_status":"closed","template":"","meta":[],"product_brand":[],"product_cat":[359],"product_tag":[],"class_list":{"0":"post-44652","1":"product","2":"type-product","3":"status-publish","4":"has-post-thumbnail","6":"product_cat-jeringas-para-cultivo-de-liquidos","8":"first","9":"instock","10":"taxable","11":"shipping-taxable","12":"purchasable","13":"product-type-simple"},"yoast_head":"<!-- This site is optimized with the Yoast SEO Premium plugin v26.4 (Yoast SEO v27.4) - https:\/\/yoast.com\/product\/yoast-seo-premium-wordpress\/ -->\n<title>Jeringa de cultivo l\u00edquido Hillbilly Pumpkin - Dutchmicrodosing<\/title>\n<meta name=\"robots\" content=\"index, follow, max-snippet:-1, max-image-preview:large, max-video-preview:-1\" \/>\n<link rel=\"canonical\" href=\"https:\/\/dutchmicrodosing.com\/es\/esporas-de-setas-magicas\/jeringas-para-cultivo-de-liquidos\/hillbilly-pumpkin-liquid-culture-spuit\/\" \/>\n<meta property=\"og:locale\" content=\"es_ES\" \/>\n<meta property=\"og:type\" content=\"article\" \/>\n<meta property=\"og:title\" content=\"Jeringa de cultivo l\u00edquido Hillbilly Pumpkin\" \/>\n<meta property=\"og:description\" content=\"La Psilocybe Cubensis Hillbilly Pumpkin es una variedad especial que destaca por sus distintivos sombreros de color calabaza y su impresionante vigor.\" \/>\n<meta property=\"og:url\" content=\"https:\/\/dutchmicrodosing.com\/es\/esporas-de-setas-magicas\/jeringas-para-cultivo-de-liquidos\/hillbilly-pumpkin-liquid-culture-spuit\/\" \/>\n<meta property=\"og:site_name\" content=\"Dutchmicrodosing\" \/>\n<meta property=\"article:publisher\" content=\"https:\/\/www.facebook.com\/Dutchmicrodosingxp\/\" \/>\n<meta property=\"article:modified_time\" content=\"2025-09-19T18:57:42+00:00\" \/>\n<meta property=\"og:image\" content=\"https:\/\/dutchmicrodosing.com\/wp-content\/uploads\/2025\/01\/Philosophr-Liquid-culture-packaging-_2_.jpg\" \/>\n\t<meta property=\"og:image:width\" content=\"1512\" \/>\n\t<meta property=\"og:image:height\" content=\"1512\" \/>\n\t<meta property=\"og:image:type\" content=\"image\/jpeg\" \/>\n<meta name=\"twitter:card\" content=\"summary_large_image\" \/>\n<script type=\"application\/ld+json\" class=\"yoast-schema-graph\">{\"@context\":\"https:\\\/\\\/schema.org\",\"@graph\":[{\"@type\":\"WebPage\",\"@id\":\"https:\\\/\\\/dutchmicrodosing.com\\\/es\\\/esporas-de-setas-magicas\\\/jeringas-para-cultivo-de-liquidos\\\/hillbilly-pumpkin-liquid-culture-spuit\\\/\",\"url\":\"https:\\\/\\\/dutchmicrodosing.com\\\/es\\\/esporas-de-setas-magicas\\\/jeringas-para-cultivo-de-liquidos\\\/hillbilly-pumpkin-liquid-culture-spuit\\\/\",\"name\":\"Jeringa de cultivo l\u00edquido Hillbilly Pumpkin - Dutchmicrodosing\",\"isPartOf\":{\"@id\":\"https:\\\/\\\/dutchmicrodosing.com\\\/es\\\/#website\"},\"primaryImageOfPage\":{\"@id\":\"https:\\\/\\\/dutchmicrodosing.com\\\/es\\\/esporas-de-setas-magicas\\\/jeringas-para-cultivo-de-liquidos\\\/hillbilly-pumpkin-liquid-culture-spuit\\\/#primaryimage\"},\"image\":{\"@id\":\"https:\\\/\\\/dutchmicrodosing.com\\\/es\\\/esporas-de-setas-magicas\\\/jeringas-para-cultivo-de-liquidos\\\/hillbilly-pumpkin-liquid-culture-spuit\\\/#primaryimage\"},\"thumbnailUrl\":\"https:\\\/\\\/dutchmicrodosing.com\\\/wp-content\\\/uploads\\\/2025\\\/01\\\/Philosophr-Liquid-culture-packaging-_2_.jpg\",\"datePublished\":\"2025-01-17T07:48:13+00:00\",\"dateModified\":\"2025-09-19T18:57:42+00:00\",\"breadcrumb\":{\"@id\":\"https:\\\/\\\/dutchmicrodosing.com\\\/es\\\/esporas-de-setas-magicas\\\/jeringas-para-cultivo-de-liquidos\\\/hillbilly-pumpkin-liquid-culture-spuit\\\/#breadcrumb\"},\"inLanguage\":\"es\",\"potentialAction\":[{\"@type\":\"ReadAction\",\"target\":[\"https:\\\/\\\/dutchmicrodosing.com\\\/es\\\/esporas-de-setas-magicas\\\/jeringas-para-cultivo-de-liquidos\\\/hillbilly-pumpkin-liquid-culture-spuit\\\/\"]}]},{\"@type\":\"ImageObject\",\"inLanguage\":\"es\",\"@id\":\"https:\\\/\\\/dutchmicrodosing.com\\\/es\\\/esporas-de-setas-magicas\\\/jeringas-para-cultivo-de-liquidos\\\/hillbilly-pumpkin-liquid-culture-spuit\\\/#primaryimage\",\"url\":\"https:\\\/\\\/dutchmicrodosing.com\\\/wp-content\\\/uploads\\\/2025\\\/01\\\/Philosophr-Liquid-culture-packaging-_2_.jpg\",\"contentUrl\":\"https:\\\/\\\/dutchmicrodosing.com\\\/wp-content\\\/uploads\\\/2025\\\/01\\\/Philosophr-Liquid-culture-packaging-_2_.jpg\",\"width\":1512,\"height\":1512},{\"@type\":\"BreadcrumbList\",\"@id\":\"https:\\\/\\\/dutchmicrodosing.com\\\/es\\\/esporas-de-setas-magicas\\\/jeringas-para-cultivo-de-liquidos\\\/hillbilly-pumpkin-liquid-culture-spuit\\\/#breadcrumb\",\"itemListElement\":[{\"@type\":\"ListItem\",\"position\":1,\"name\":\"Home\",\"item\":\"https:\\\/\\\/dutchmicrodosing.com\\\/es\\\/\"},{\"@type\":\"ListItem\",\"position\":2,\"name\":\"Tienda\",\"item\":\"https:\\\/\\\/dutchmicrodosing.com\\\/es\\\/tienda\\\/\"},{\"@type\":\"ListItem\",\"position\":3,\"name\":\"Jeringa de cultivo l\u00edquido Hillbilly Pumpkin\"}]},{\"@type\":\"WebSite\",\"@id\":\"https:\\\/\\\/dutchmicrodosing.com\\\/es\\\/#website\",\"url\":\"https:\\\/\\\/dutchmicrodosing.com\\\/es\\\/\",\"name\":\"Dutchmicrodosing\",\"description\":\"\",\"publisher\":{\"@id\":\"https:\\\/\\\/dutchmicrodosing.com\\\/es\\\/#organization\"},\"potentialAction\":[{\"@type\":\"SearchAction\",\"target\":{\"@type\":\"EntryPoint\",\"urlTemplate\":\"https:\\\/\\\/dutchmicrodosing.com\\\/es\\\/?s={search_term_string}\"},\"query-input\":{\"@type\":\"PropertyValueSpecification\",\"valueRequired\":true,\"valueName\":\"search_term_string\"}}],\"inLanguage\":\"es\"},{\"@type\":\"Organization\",\"@id\":\"https:\\\/\\\/dutchmicrodosing.com\\\/es\\\/#organization\",\"name\":\"Dutchmicrodosing\",\"url\":\"https:\\\/\\\/dutchmicrodosing.com\\\/es\\\/\",\"logo\":{\"@type\":\"ImageObject\",\"inLanguage\":\"es\",\"@id\":\"https:\\\/\\\/dutchmicrodosing.com\\\/es\\\/#\\\/schema\\\/logo\\\/image\\\/\",\"url\":\"https:\\\/\\\/dutchmicrodosing.com\\\/wp-content\\\/uploads\\\/2021\\\/01\\\/microdosing-categorie-pic-nieuw.jpg\",\"contentUrl\":\"https:\\\/\\\/dutchmicrodosing.com\\\/wp-content\\\/uploads\\\/2021\\\/01\\\/microdosing-categorie-pic-nieuw.jpg\",\"width\":500,\"height\":500,\"caption\":\"Dutchmicrodosing\"},\"image\":{\"@id\":\"https:\\\/\\\/dutchmicrodosing.com\\\/es\\\/#\\\/schema\\\/logo\\\/image\\\/\"},\"sameAs\":[\"https:\\\/\\\/www.facebook.com\\\/Dutchmicrodosingxp\\\/\",\"https:\\\/\\\/www.instagram.com\\\/dutchmicrodosing\\\/\"]}]}<\/script>\n<meta property=\"product:price:amount\" content=\"18.95\" \/>\n<meta property=\"product:price:currency\" content=\"EUR\" \/>\n<meta property=\"og:availability\" content=\"instock\" \/>\n<meta property=\"product:availability\" content=\"instock\" \/>\n<meta property=\"product:retailer_item_id\" content=\"5201119\" \/>\n<meta property=\"product:condition\" content=\"new\" \/>\n<!-- \/ Yoast SEO Premium plugin. -->","yoast_head_json":{"title":"Jeringa de cultivo l\u00edquido Hillbilly Pumpkin - Dutchmicrodosing","robots":{"index":"index","follow":"follow","max-snippet":"max-snippet:-1","max-image-preview":"max-image-preview:large","max-video-preview":"max-video-preview:-1"},"canonical":"https:\/\/dutchmicrodosing.com\/es\/esporas-de-setas-magicas\/jeringas-para-cultivo-de-liquidos\/hillbilly-pumpkin-liquid-culture-spuit\/","og_locale":"es_ES","og_type":"article","og_title":"Jeringa de cultivo l\u00edquido Hillbilly Pumpkin","og_description":"La Psilocybe Cubensis Hillbilly Pumpkin es una variedad especial que destaca por sus distintivos sombreros de color calabaza y su impresionante vigor.","og_url":"https:\/\/dutchmicrodosing.com\/es\/esporas-de-setas-magicas\/jeringas-para-cultivo-de-liquidos\/hillbilly-pumpkin-liquid-culture-spuit\/","og_site_name":"Dutchmicrodosing","article_publisher":"https:\/\/www.facebook.com\/Dutchmicrodosingxp\/","article_modified_time":"2025-09-19T18:57:42+00:00","og_image":[{"width":1512,"height":1512,"url":"https:\/\/dutchmicrodosing.com\/wp-content\/uploads\/2025\/01\/Philosophr-Liquid-culture-packaging-_2_.jpg","type":"image\/jpeg"}],"twitter_card":"summary_large_image","schema":{"@context":"https:\/\/schema.org","@graph":[{"@type":"WebPage","@id":"https:\/\/dutchmicrodosing.com\/es\/esporas-de-setas-magicas\/jeringas-para-cultivo-de-liquidos\/hillbilly-pumpkin-liquid-culture-spuit\/","url":"https:\/\/dutchmicrodosing.com\/es\/esporas-de-setas-magicas\/jeringas-para-cultivo-de-liquidos\/hillbilly-pumpkin-liquid-culture-spuit\/","name":"Jeringa de cultivo l\u00edquido Hillbilly Pumpkin - Dutchmicrodosing","isPartOf":{"@id":"https:\/\/dutchmicrodosing.com\/es\/#website"},"primaryImageOfPage":{"@id":"https:\/\/dutchmicrodosing.com\/es\/esporas-de-setas-magicas\/jeringas-para-cultivo-de-liquidos\/hillbilly-pumpkin-liquid-culture-spuit\/#primaryimage"},"image":{"@id":"https:\/\/dutchmicrodosing.com\/es\/esporas-de-setas-magicas\/jeringas-para-cultivo-de-liquidos\/hillbilly-pumpkin-liquid-culture-spuit\/#primaryimage"},"thumbnailUrl":"https:\/\/dutchmicrodosing.com\/wp-content\/uploads\/2025\/01\/Philosophr-Liquid-culture-packaging-_2_.jpg","datePublished":"2025-01-17T07:48:13+00:00","dateModified":"2025-09-19T18:57:42+00:00","breadcrumb":{"@id":"https:\/\/dutchmicrodosing.com\/es\/esporas-de-setas-magicas\/jeringas-para-cultivo-de-liquidos\/hillbilly-pumpkin-liquid-culture-spuit\/#breadcrumb"},"inLanguage":"es","potentialAction":[{"@type":"ReadAction","target":["https:\/\/dutchmicrodosing.com\/es\/esporas-de-setas-magicas\/jeringas-para-cultivo-de-liquidos\/hillbilly-pumpkin-liquid-culture-spuit\/"]}]},{"@type":"ImageObject","inLanguage":"es","@id":"https:\/\/dutchmicrodosing.com\/es\/esporas-de-setas-magicas\/jeringas-para-cultivo-de-liquidos\/hillbilly-pumpkin-liquid-culture-spuit\/#primaryimage","url":"https:\/\/dutchmicrodosing.com\/wp-content\/uploads\/2025\/01\/Philosophr-Liquid-culture-packaging-_2_.jpg","contentUrl":"https:\/\/dutchmicrodosing.com\/wp-content\/uploads\/2025\/01\/Philosophr-Liquid-culture-packaging-_2_.jpg","width":1512,"height":1512},{"@type":"BreadcrumbList","@id":"https:\/\/dutchmicrodosing.com\/es\/esporas-de-setas-magicas\/jeringas-para-cultivo-de-liquidos\/hillbilly-pumpkin-liquid-culture-spuit\/#breadcrumb","itemListElement":[{"@type":"ListItem","position":1,"name":"Home","item":"https:\/\/dutchmicrodosing.com\/es\/"},{"@type":"ListItem","position":2,"name":"Tienda","item":"https:\/\/dutchmicrodosing.com\/es\/tienda\/"},{"@type":"ListItem","position":3,"name":"Jeringa de cultivo l\u00edquido Hillbilly Pumpkin"}]},{"@type":"WebSite","@id":"https:\/\/dutchmicrodosing.com\/es\/#website","url":"https:\/\/dutchmicrodosing.com\/es\/","name":"Dutchmicrodosing","description":"","publisher":{"@id":"https:\/\/dutchmicrodosing.com\/es\/#organization"},"potentialAction":[{"@type":"SearchAction","target":{"@type":"EntryPoint","urlTemplate":"https:\/\/dutchmicrodosing.com\/es\/?s={search_term_string}"},"query-input":{"@type":"PropertyValueSpecification","valueRequired":true,"valueName":"search_term_string"}}],"inLanguage":"es"},{"@type":"Organization","@id":"https:\/\/dutchmicrodosing.com\/es\/#organization","name":"Dutchmicrodosing","url":"https:\/\/dutchmicrodosing.com\/es\/","logo":{"@type":"ImageObject","inLanguage":"es","@id":"https:\/\/dutchmicrodosing.com\/es\/#\/schema\/logo\/image\/","url":"https:\/\/dutchmicrodosing.com\/wp-content\/uploads\/2021\/01\/microdosing-categorie-pic-nieuw.jpg","contentUrl":"https:\/\/dutchmicrodosing.com\/wp-content\/uploads\/2021\/01\/microdosing-categorie-pic-nieuw.jpg","width":500,"height":500,"caption":"Dutchmicrodosing"},"image":{"@id":"https:\/\/dutchmicrodosing.com\/es\/#\/schema\/logo\/image\/"},"sameAs":["https:\/\/www.facebook.com\/Dutchmicrodosingxp\/","https:\/\/www.instagram.com\/dutchmicrodosing\/"]}]},"product_price_amount":"18.95","product_price_currency":"EUR","og_availability":"instock","product_availability":"instock","product_retailer_item_id":"5201119","product_condition":"new"},"_links":{"self":[{"href":"https:\/\/dutchmicrodosing.com\/es\/wp-json\/wp\/v2\/product\/44652","targetHints":{"allow":["GET"]}}],"collection":[{"href":"https:\/\/dutchmicrodosing.com\/es\/wp-json\/wp\/v2\/product"}],"about":[{"href":"https:\/\/dutchmicrodosing.com\/es\/wp-json\/wp\/v2\/types\/product"}],"replies":[{"embeddable":true,"href":"https:\/\/dutchmicrodosing.com\/es\/wp-json\/wp\/v2\/comments?post=44652"}],"version-history":[{"count":0,"href":"https:\/\/dutchmicrodosing.com\/es\/wp-json\/wp\/v2\/product\/44652\/revisions"}],"wp:featuredmedia":[{"embeddable":true,"href":"https:\/\/dutchmicrodosing.com\/es\/wp-json\/wp\/v2\/media\/46263"}],"wp:attachment":[{"href":"https:\/\/dutchmicrodosing.com\/es\/wp-json\/wp\/v2\/media?parent=44652"}],"wp:term":[{"taxonomy":"product_brand","embeddable":true,"href":"https:\/\/dutchmicrodosing.com\/es\/wp-json\/wp\/v2\/product_brand?post=44652"},{"taxonomy":"product_cat","embeddable":true,"href":"https:\/\/dutchmicrodosing.com\/es\/wp-json\/wp\/v2\/product_cat?post=44652"},{"taxonomy":"product_tag","embeddable":true,"href":"https:\/\/dutchmicrodosing.com\/es\/wp-json\/wp\/v2\/product_tag?post=44652"}],"curies":[{"name":"wp","href":"https:\/\/api.w.org\/{rel}","templated":true}]}}