{"id":45223,"date":"2025-02-17T14:55:49","date_gmt":"2025-02-17T13:55:49","guid":{"rendered":"https:\/\/dutchmicrodosing.com\/?post_type=product&#038;p=45223"},"modified":"2025-09-02T12:29:21","modified_gmt":"2025-09-02T10:29:21","slug":"mountain-caviar-original-himalayan-shilajit-150-softgels","status":"publish","type":"product","link":"https:\/\/dutchmicrodosing.com\/es\/herbolario\/suplementos-de-vitaminas\/mountain-caviar-original-himalayan-shilajit-150-softgels\/","title":{"rendered":"Caviar de monta\u00f1a Shilajit original del Himalaya &#8211; 150 c\u00e1psulas blandas"},"content":{"rendered":"<p><strong>El Shilajit original del Himalaya de Mountain Caviar &#8211; 150 c\u00e1psulas bl<\/strong> andas trae el aut\u00e9ntico Shilajit de Nepal en una c\u00f3moda c\u00e1psula blanda. Sin sabor fuerte ni sustancia pegajosa, s\u00f3lo el poder puro de este producto natural de monta\u00f1a en una c\u00e1psula que tragas en un instante. Perfecto para quienes buscan sencillez sin renunciar a la calidad.<\/p>\n<h3>Caracter\u00edsticas<\/h3>\n<ul>\n<li>M\u00e1s del 75% de \u00e1cidos f\u00falvicos por c\u00e1psula<\/li>\n<li>Contiene m\u00e1s de 85 compuestos bioactivos naturales<\/li>\n<li>Las c\u00e1psulas blandas garantizan una absorci\u00f3n r\u00e1pida y sin esfuerzo<\/li>\n<li>Sin olor ni regusto &#8211; pero para que el aficionado mastique el sabor original<\/li>\n<li>Cosechado de forma sostenible en lugares de gran altitud, por encima de los 5.000 metros<\/li>\n<li>Se comprueba la pureza y la ausencia de sustancias nocivas de cada lote<\/li>\n<li>Las comunidades nepal\u00edes locales participan directamente en la cosecha<\/li>\n<\/ul>\n<h3>Ingredientes y\/o composici\u00f3n<\/h3>\n<p>Resina de shilajit, c\u00e1psula vegetal (pullulan), complejo de \u00e1cidos h\u00famicos y fulv\u00ednicos. No contiene sustancias artificiales, conservantes ni al\u00e9rgenos conocidos.<\/p>\n<h3>Utilice<\/h3>\n<p>Toma de 3 a 5 c\u00e1psulas blandas al d\u00eda, preferiblemente por la ma\u00f1ana en ayunas. Si eres sensible a los suplementos, t\u00f3malos durante una comida. Tambi\u00e9n puedes optar por masticar la c\u00e1psula para obtener el caracter\u00edstico sabor terroso del Shilajit.<\/p>\n<h3>Contenido<\/h3>\n<p>El envase contiene 150 c\u00e1psulas blandas con Shilajit original del Himalaya<em>.<\/em><\/p>\n","protected":false},"excerpt":{"rendered":"<p>El Shilajit original del Himalaya de Mountain Caviar &#8211; 150 c\u00e1psulas bl andas trae el aut\u00e9ntico Shilajit de Nepal en una c\u00f3moda c\u00e1psula blanda. Sin sabor fuerte ni sustancia pegajosa, s\u00f3lo el poder puro de este producto natural de monta\u00f1a en una c\u00e1psula que tragas en un instante. Perfecto para quienes buscan sencillez sin renunciar [&hellip;]<\/p>\n","protected":false},"featured_media":45231,"comment_status":"closed","ping_status":"closed","template":"","meta":[],"product_brand":[],"product_cat":[140,297,298,324],"product_tag":[],"class_list":{"0":"post-45223","1":"product","2":"type-product","3":"status-publish","4":"has-post-thumbnail","6":"product_cat-suplementos-de-vitaminas","7":"product_cat-suplementos-energeticos","8":"product_cat-suplementos-para-el-sistema-inmunitario","9":"product_cat-suplementos-para-la-concentracion","11":"first","12":"instock","13":"taxable","14":"shipping-taxable","15":"purchasable","16":"product-type-simple"},"yoast_head":"<!-- This site is optimized with the Yoast SEO Premium plugin v26.4 (Yoast SEO v27.4) - https:\/\/yoast.com\/product\/yoast-seo-premium-wordpress\/ -->\n<title>Caviar de monta\u00f1a Shilajit original del Himalaya - 150 c\u00e1psulas blandas - Dutchmicrodosing<\/title>\n<meta name=\"description\" content=\"Descubre el Shilajit de Caviar de Monta\u00f1a en c\u00f3modas c\u00e1psulas blandas. 100% natural, recolectado de forma sostenible y rico en compuestos bioactivos. Sin sabor, pero la experiencia completa\" \/>\n<meta name=\"robots\" content=\"index, follow, max-snippet:-1, max-image-preview:large, max-video-preview:-1\" \/>\n<link rel=\"canonical\" href=\"https:\/\/dutchmicrodosing.com\/es\/herbolario\/suplementos-de-vitaminas\/mountain-caviar-original-himalayan-shilajit-150-softgels\/\" \/>\n<meta property=\"og:locale\" content=\"es_ES\" \/>\n<meta property=\"og:type\" content=\"article\" \/>\n<meta property=\"og:title\" content=\"Caviar de monta\u00f1a Shilajit original del Himalaya - 150 c\u00e1psulas blandas\" \/>\n<meta property=\"og:description\" content=\"El Shilajit original del Himalaya de Mountain Caviar - 150 c\u00e1psulas bl andas trae el aut\u00e9ntico Shilajit de Nepal en una c\u00f3moda c\u00e1psula blanda. Sin sabor\" \/>\n<meta property=\"og:url\" content=\"https:\/\/dutchmicrodosing.com\/es\/herbolario\/suplementos-de-vitaminas\/mountain-caviar-original-himalayan-shilajit-150-softgels\/\" \/>\n<meta property=\"og:site_name\" content=\"Dutchmicrodosing\" \/>\n<meta property=\"article:publisher\" content=\"https:\/\/www.facebook.com\/Dutchmicrodosingxp\/\" \/>\n<meta property=\"article:modified_time\" content=\"2025-09-02T10:29:21+00:00\" \/>\n<meta property=\"og:image\" content=\"https:\/\/dutchmicrodosing.com\/wp-content\/uploads\/2025\/02\/Shilajit-Gold-Grade_8-002.jpg\" \/>\n\t<meta property=\"og:image:width\" content=\"1500\" \/>\n\t<meta property=\"og:image:height\" content=\"1500\" \/>\n\t<meta property=\"og:image:type\" content=\"image\/jpeg\" \/>\n<meta name=\"twitter:card\" content=\"summary_large_image\" \/>\n<script type=\"application\/ld+json\" class=\"yoast-schema-graph\">{\"@context\":\"https:\\\/\\\/schema.org\",\"@graph\":[{\"@type\":\"WebPage\",\"@id\":\"https:\\\/\\\/dutchmicrodosing.com\\\/es\\\/herbolario\\\/suplementos-de-vitaminas\\\/mountain-caviar-original-himalayan-shilajit-150-softgels\\\/\",\"url\":\"https:\\\/\\\/dutchmicrodosing.com\\\/es\\\/herbolario\\\/suplementos-de-vitaminas\\\/mountain-caviar-original-himalayan-shilajit-150-softgels\\\/\",\"name\":\"Caviar de monta\u00f1a Shilajit original del Himalaya - 150 c\u00e1psulas blandas - Dutchmicrodosing\",\"isPartOf\":{\"@id\":\"https:\\\/\\\/dutchmicrodosing.com\\\/es\\\/#website\"},\"primaryImageOfPage\":{\"@id\":\"https:\\\/\\\/dutchmicrodosing.com\\\/es\\\/herbolario\\\/suplementos-de-vitaminas\\\/mountain-caviar-original-himalayan-shilajit-150-softgels\\\/#primaryimage\"},\"image\":{\"@id\":\"https:\\\/\\\/dutchmicrodosing.com\\\/es\\\/herbolario\\\/suplementos-de-vitaminas\\\/mountain-caviar-original-himalayan-shilajit-150-softgels\\\/#primaryimage\"},\"thumbnailUrl\":\"https:\\\/\\\/dutchmicrodosing.com\\\/wp-content\\\/uploads\\\/2025\\\/02\\\/Shilajit-Gold-Grade_8-002.jpg\",\"datePublished\":\"2025-02-17T13:55:49+00:00\",\"dateModified\":\"2025-09-02T10:29:21+00:00\",\"description\":\"Descubre el Shilajit de Caviar de Monta\u00f1a en c\u00f3modas c\u00e1psulas blandas. 100% natural, recolectado de forma sostenible y rico en compuestos bioactivos. Sin sabor, pero la experiencia completa\",\"breadcrumb\":{\"@id\":\"https:\\\/\\\/dutchmicrodosing.com\\\/es\\\/herbolario\\\/suplementos-de-vitaminas\\\/mountain-caviar-original-himalayan-shilajit-150-softgels\\\/#breadcrumb\"},\"inLanguage\":\"es\",\"potentialAction\":[{\"@type\":\"ReadAction\",\"target\":[\"https:\\\/\\\/dutchmicrodosing.com\\\/es\\\/herbolario\\\/suplementos-de-vitaminas\\\/mountain-caviar-original-himalayan-shilajit-150-softgels\\\/\"]}]},{\"@type\":\"ImageObject\",\"inLanguage\":\"es\",\"@id\":\"https:\\\/\\\/dutchmicrodosing.com\\\/es\\\/herbolario\\\/suplementos-de-vitaminas\\\/mountain-caviar-original-himalayan-shilajit-150-softgels\\\/#primaryimage\",\"url\":\"https:\\\/\\\/dutchmicrodosing.com\\\/wp-content\\\/uploads\\\/2025\\\/02\\\/Shilajit-Gold-Grade_8-002.jpg\",\"contentUrl\":\"https:\\\/\\\/dutchmicrodosing.com\\\/wp-content\\\/uploads\\\/2025\\\/02\\\/Shilajit-Gold-Grade_8-002.jpg\",\"width\":1500,\"height\":1500},{\"@type\":\"BreadcrumbList\",\"@id\":\"https:\\\/\\\/dutchmicrodosing.com\\\/es\\\/herbolario\\\/suplementos-de-vitaminas\\\/mountain-caviar-original-himalayan-shilajit-150-softgels\\\/#breadcrumb\",\"itemListElement\":[{\"@type\":\"ListItem\",\"position\":1,\"name\":\"Home\",\"item\":\"https:\\\/\\\/dutchmicrodosing.com\\\/es\\\/\"},{\"@type\":\"ListItem\",\"position\":2,\"name\":\"Tienda\",\"item\":\"https:\\\/\\\/dutchmicrodosing.com\\\/es\\\/tienda\\\/\"},{\"@type\":\"ListItem\",\"position\":3,\"name\":\"Caviar de monta\u00f1a Shilajit original del Himalaya &#8211; 150 c\u00e1psulas blandas\"}]},{\"@type\":\"WebSite\",\"@id\":\"https:\\\/\\\/dutchmicrodosing.com\\\/es\\\/#website\",\"url\":\"https:\\\/\\\/dutchmicrodosing.com\\\/es\\\/\",\"name\":\"Dutchmicrodosing\",\"description\":\"\",\"publisher\":{\"@id\":\"https:\\\/\\\/dutchmicrodosing.com\\\/es\\\/#organization\"},\"potentialAction\":[{\"@type\":\"SearchAction\",\"target\":{\"@type\":\"EntryPoint\",\"urlTemplate\":\"https:\\\/\\\/dutchmicrodosing.com\\\/es\\\/?s={search_term_string}\"},\"query-input\":{\"@type\":\"PropertyValueSpecification\",\"valueRequired\":true,\"valueName\":\"search_term_string\"}}],\"inLanguage\":\"es\"},{\"@type\":\"Organization\",\"@id\":\"https:\\\/\\\/dutchmicrodosing.com\\\/es\\\/#organization\",\"name\":\"Dutchmicrodosing\",\"url\":\"https:\\\/\\\/dutchmicrodosing.com\\\/es\\\/\",\"logo\":{\"@type\":\"ImageObject\",\"inLanguage\":\"es\",\"@id\":\"https:\\\/\\\/dutchmicrodosing.com\\\/es\\\/#\\\/schema\\\/logo\\\/image\\\/\",\"url\":\"https:\\\/\\\/dutchmicrodosing.com\\\/wp-content\\\/uploads\\\/2021\\\/01\\\/microdosing-categorie-pic-nieuw.jpg\",\"contentUrl\":\"https:\\\/\\\/dutchmicrodosing.com\\\/wp-content\\\/uploads\\\/2021\\\/01\\\/microdosing-categorie-pic-nieuw.jpg\",\"width\":500,\"height\":500,\"caption\":\"Dutchmicrodosing\"},\"image\":{\"@id\":\"https:\\\/\\\/dutchmicrodosing.com\\\/es\\\/#\\\/schema\\\/logo\\\/image\\\/\"},\"sameAs\":[\"https:\\\/\\\/www.facebook.com\\\/Dutchmicrodosingxp\\\/\",\"https:\\\/\\\/www.instagram.com\\\/dutchmicrodosing\\\/\"]}]}<\/script>\n<meta property=\"product:price:amount\" content=\"39.95\" \/>\n<meta property=\"product:price:currency\" content=\"EUR\" \/>\n<meta property=\"og:availability\" content=\"instock\" \/>\n<meta property=\"product:availability\" content=\"instock\" \/>\n<meta property=\"product:retailer_item_id\" content=\"5202240\" \/>\n<meta property=\"product:condition\" content=\"new\" \/>\n<!-- \/ Yoast SEO Premium plugin. -->","yoast_head_json":{"title":"Caviar de monta\u00f1a Shilajit original del Himalaya - 150 c\u00e1psulas blandas - Dutchmicrodosing","description":"Descubre el Shilajit de Caviar de Monta\u00f1a en c\u00f3modas c\u00e1psulas blandas. 100% natural, recolectado de forma sostenible y rico en compuestos bioactivos. Sin sabor, pero la experiencia completa","robots":{"index":"index","follow":"follow","max-snippet":"max-snippet:-1","max-image-preview":"max-image-preview:large","max-video-preview":"max-video-preview:-1"},"canonical":"https:\/\/dutchmicrodosing.com\/es\/herbolario\/suplementos-de-vitaminas\/mountain-caviar-original-himalayan-shilajit-150-softgels\/","og_locale":"es_ES","og_type":"article","og_title":"Caviar de monta\u00f1a Shilajit original del Himalaya - 150 c\u00e1psulas blandas","og_description":"El Shilajit original del Himalaya de Mountain Caviar - 150 c\u00e1psulas bl andas trae el aut\u00e9ntico Shilajit de Nepal en una c\u00f3moda c\u00e1psula blanda. Sin sabor","og_url":"https:\/\/dutchmicrodosing.com\/es\/herbolario\/suplementos-de-vitaminas\/mountain-caviar-original-himalayan-shilajit-150-softgels\/","og_site_name":"Dutchmicrodosing","article_publisher":"https:\/\/www.facebook.com\/Dutchmicrodosingxp\/","article_modified_time":"2025-09-02T10:29:21+00:00","og_image":[{"width":1500,"height":1500,"url":"https:\/\/dutchmicrodosing.com\/wp-content\/uploads\/2025\/02\/Shilajit-Gold-Grade_8-002.jpg","type":"image\/jpeg"}],"twitter_card":"summary_large_image","schema":{"@context":"https:\/\/schema.org","@graph":[{"@type":"WebPage","@id":"https:\/\/dutchmicrodosing.com\/es\/herbolario\/suplementos-de-vitaminas\/mountain-caviar-original-himalayan-shilajit-150-softgels\/","url":"https:\/\/dutchmicrodosing.com\/es\/herbolario\/suplementos-de-vitaminas\/mountain-caviar-original-himalayan-shilajit-150-softgels\/","name":"Caviar de monta\u00f1a Shilajit original del Himalaya - 150 c\u00e1psulas blandas - Dutchmicrodosing","isPartOf":{"@id":"https:\/\/dutchmicrodosing.com\/es\/#website"},"primaryImageOfPage":{"@id":"https:\/\/dutchmicrodosing.com\/es\/herbolario\/suplementos-de-vitaminas\/mountain-caviar-original-himalayan-shilajit-150-softgels\/#primaryimage"},"image":{"@id":"https:\/\/dutchmicrodosing.com\/es\/herbolario\/suplementos-de-vitaminas\/mountain-caviar-original-himalayan-shilajit-150-softgels\/#primaryimage"},"thumbnailUrl":"https:\/\/dutchmicrodosing.com\/wp-content\/uploads\/2025\/02\/Shilajit-Gold-Grade_8-002.jpg","datePublished":"2025-02-17T13:55:49+00:00","dateModified":"2025-09-02T10:29:21+00:00","description":"Descubre el Shilajit de Caviar de Monta\u00f1a en c\u00f3modas c\u00e1psulas blandas. 100% natural, recolectado de forma sostenible y rico en compuestos bioactivos. Sin sabor, pero la experiencia completa","breadcrumb":{"@id":"https:\/\/dutchmicrodosing.com\/es\/herbolario\/suplementos-de-vitaminas\/mountain-caviar-original-himalayan-shilajit-150-softgels\/#breadcrumb"},"inLanguage":"es","potentialAction":[{"@type":"ReadAction","target":["https:\/\/dutchmicrodosing.com\/es\/herbolario\/suplementos-de-vitaminas\/mountain-caviar-original-himalayan-shilajit-150-softgels\/"]}]},{"@type":"ImageObject","inLanguage":"es","@id":"https:\/\/dutchmicrodosing.com\/es\/herbolario\/suplementos-de-vitaminas\/mountain-caviar-original-himalayan-shilajit-150-softgels\/#primaryimage","url":"https:\/\/dutchmicrodosing.com\/wp-content\/uploads\/2025\/02\/Shilajit-Gold-Grade_8-002.jpg","contentUrl":"https:\/\/dutchmicrodosing.com\/wp-content\/uploads\/2025\/02\/Shilajit-Gold-Grade_8-002.jpg","width":1500,"height":1500},{"@type":"BreadcrumbList","@id":"https:\/\/dutchmicrodosing.com\/es\/herbolario\/suplementos-de-vitaminas\/mountain-caviar-original-himalayan-shilajit-150-softgels\/#breadcrumb","itemListElement":[{"@type":"ListItem","position":1,"name":"Home","item":"https:\/\/dutchmicrodosing.com\/es\/"},{"@type":"ListItem","position":2,"name":"Tienda","item":"https:\/\/dutchmicrodosing.com\/es\/tienda\/"},{"@type":"ListItem","position":3,"name":"Caviar de monta\u00f1a Shilajit original del Himalaya &#8211; 150 c\u00e1psulas blandas"}]},{"@type":"WebSite","@id":"https:\/\/dutchmicrodosing.com\/es\/#website","url":"https:\/\/dutchmicrodosing.com\/es\/","name":"Dutchmicrodosing","description":"","publisher":{"@id":"https:\/\/dutchmicrodosing.com\/es\/#organization"},"potentialAction":[{"@type":"SearchAction","target":{"@type":"EntryPoint","urlTemplate":"https:\/\/dutchmicrodosing.com\/es\/?s={search_term_string}"},"query-input":{"@type":"PropertyValueSpecification","valueRequired":true,"valueName":"search_term_string"}}],"inLanguage":"es"},{"@type":"Organization","@id":"https:\/\/dutchmicrodosing.com\/es\/#organization","name":"Dutchmicrodosing","url":"https:\/\/dutchmicrodosing.com\/es\/","logo":{"@type":"ImageObject","inLanguage":"es","@id":"https:\/\/dutchmicrodosing.com\/es\/#\/schema\/logo\/image\/","url":"https:\/\/dutchmicrodosing.com\/wp-content\/uploads\/2021\/01\/microdosing-categorie-pic-nieuw.jpg","contentUrl":"https:\/\/dutchmicrodosing.com\/wp-content\/uploads\/2021\/01\/microdosing-categorie-pic-nieuw.jpg","width":500,"height":500,"caption":"Dutchmicrodosing"},"image":{"@id":"https:\/\/dutchmicrodosing.com\/es\/#\/schema\/logo\/image\/"},"sameAs":["https:\/\/www.facebook.com\/Dutchmicrodosingxp\/","https:\/\/www.instagram.com\/dutchmicrodosing\/"]}]},"product_price_amount":"39.95","product_price_currency":"EUR","og_availability":"instock","product_availability":"instock","product_retailer_item_id":"5202240","product_condition":"new"},"_links":{"self":[{"href":"https:\/\/dutchmicrodosing.com\/es\/wp-json\/wp\/v2\/product\/45223","targetHints":{"allow":["GET"]}}],"collection":[{"href":"https:\/\/dutchmicrodosing.com\/es\/wp-json\/wp\/v2\/product"}],"about":[{"href":"https:\/\/dutchmicrodosing.com\/es\/wp-json\/wp\/v2\/types\/product"}],"replies":[{"embeddable":true,"href":"https:\/\/dutchmicrodosing.com\/es\/wp-json\/wp\/v2\/comments?post=45223"}],"version-history":[{"count":0,"href":"https:\/\/dutchmicrodosing.com\/es\/wp-json\/wp\/v2\/product\/45223\/revisions"}],"wp:featuredmedia":[{"embeddable":true,"href":"https:\/\/dutchmicrodosing.com\/es\/wp-json\/wp\/v2\/media\/45231"}],"wp:attachment":[{"href":"https:\/\/dutchmicrodosing.com\/es\/wp-json\/wp\/v2\/media?parent=45223"}],"wp:term":[{"taxonomy":"product_brand","embeddable":true,"href":"https:\/\/dutchmicrodosing.com\/es\/wp-json\/wp\/v2\/product_brand?post=45223"},{"taxonomy":"product_cat","embeddable":true,"href":"https:\/\/dutchmicrodosing.com\/es\/wp-json\/wp\/v2\/product_cat?post=45223"},{"taxonomy":"product_tag","embeddable":true,"href":"https:\/\/dutchmicrodosing.com\/es\/wp-json\/wp\/v2\/product_tag?post=45223"}],"curies":[{"name":"wp","href":"https:\/\/api.w.org\/{rel}","templated":true}]}}