{"id":46006,"date":"2024-09-03T09:49:53","date_gmt":"2024-09-03T07:49:53","guid":{"rendered":"https:\/\/dutchmicrodosing.com\/shop\/sin%20categor\u00eda\/mushroom-gummies-chaga-mixed\/"},"modified":"2025-08-19T16:28:53","modified_gmt":"2025-08-19T14:28:53","slug":"mushroom-gummies-chaga-mixed","status":"publish","type":"product","link":"https:\/\/dutchmicrodosing.com\/es\/herbolario\/comestibles-de-hongos\/mushroom-gummies-chaga-mixed\/","title":{"rendered":"Gominolas de Setas Chaga &#8211; Mixtas"},"content":{"rendered":"<p><strong>Las Gominolas de Setas Chaga Mixtas del Dr. Candy<\/strong> ofrecen una forma innovadora y sabrosa de aprovechar los beneficios para la salud de las setas Chaga. Con cada gominola obtienes 250 mg de extracto de Chaga, lo que la convierte en una forma f\u00e1cil y agradable de experimentar el poder de este hongo. El chaga es conocido por su apoyo a las funciones cognitivas y tiene una rica tradici\u00f3n en la medicina china. Las gominolas vienen en una mezcla de deliciosos sabores, como ar\u00e1ndano, pi\u00f1a, naranja, manzana y cereza, para que disfrutes al m\u00e1ximo.<\/p>\n<h3>Los beneficios del hongo medicinal Chaga:<\/h3>\n<ul>\n<li>Apoyo al sistema inmunitario<\/li>\n<li>Propiedades antioxidantes<\/li>\n<li>Propiedades antiinflamatorias<\/li>\n<li>Apoyo digestivo<\/li>\n<li>Regulaci\u00f3n de la glucemia<\/li>\n<li>Favorecer la salud del h\u00edgado<\/li>\n<li>Salud de la piel<\/li>\n<\/ul>\n<h3>Ingredientes<\/h3>\n<ul>\n<li>Glucosa<\/li>\n<li>Cada gominola contiene 250 mg de extracto de Chaga<\/li>\n<li>Az\u00facar<\/li>\n<li>Aroma natural (pi\u00f1a, frutas del bosque, naranja, manzana,cereza)<\/li>\n<li>Tinte<\/li>\n<li>Gelatina (vacuno)<\/li>\n<li>\u00c1cido c\u00edtrico<\/li>\n<\/ul>\n<h3>Utilice<\/h3>\n<p>No tome m\u00e1s de 8 gominolas de setas al d\u00eda.<\/p>\n<h3>Consejos de almacenamiento<\/h3>\n<p>Guarde este producto en un lugar fresco y oscuro, como un armario de cocina, y fuera del alcance de los ni\u00f1os.<\/p>\n<h3>Contenido<\/h3>\n<p>Gominolas Dr Candy Chaga Mushroom &#8211; 40 gramos.<\/p>\n","protected":false},"excerpt":{"rendered":"<p>Las Gominolas de Setas Chaga Mixtas del Dr. Candy ofrecen una forma innovadora y sabrosa de aprovechar los beneficios para la salud de las setas Chaga. Con cada gominola obtienes 250 mg de extracto de Chaga, lo que la convierte en una forma f\u00e1cil y agradable de experimentar el poder de este hongo. El chaga [&hellip;]<\/p>\n","protected":false},"featured_media":41728,"comment_status":"closed","ping_status":"closed","template":"","meta":[],"product_brand":[],"product_cat":[329],"product_tag":[],"class_list":{"0":"post-46006","1":"product","2":"type-product","3":"status-publish","4":"has-post-thumbnail","6":"product_cat-comestibles-de-hongos","8":"first","9":"instock","10":"taxable","11":"shipping-taxable","12":"purchasable","13":"product-type-simple"},"yoast_head":"<!-- This site is optimized with the Yoast SEO Premium plugin v26.4 (Yoast SEO v27.2) - https:\/\/yoast.com\/product\/yoast-seo-premium-wordpress\/ -->\n<title>Gominolas de Setas Chaga - Mixtas - Dutchmicrodosing<\/title>\n<meta name=\"robots\" content=\"index, follow, max-snippet:-1, max-image-preview:large, max-video-preview:-1\" \/>\n<link rel=\"canonical\" href=\"https:\/\/dutchmicrodosing.com\/es\/herbolario\/comestibles-de-hongos\/mushroom-gummies-chaga-mixed\/\" \/>\n<meta property=\"og:locale\" content=\"es_ES\" \/>\n<meta property=\"og:type\" content=\"article\" \/>\n<meta property=\"og:title\" content=\"Gominolas de Setas Chaga - Mixtas\" \/>\n<meta property=\"og:description\" content=\"Las Gominolas de Setas Chaga Mixtas del Dr. Candy ofrecen una forma innovadora y sabrosa de aprovechar los beneficios para la salud de las setas Chaga.\" \/>\n<meta property=\"og:url\" content=\"https:\/\/dutchmicrodosing.com\/es\/herbolario\/comestibles-de-hongos\/mushroom-gummies-chaga-mixed\/\" \/>\n<meta property=\"og:site_name\" content=\"Dutchmicrodosing\" \/>\n<meta property=\"article:publisher\" content=\"https:\/\/www.facebook.com\/Dutchmicrodosingxp\/\" \/>\n<meta property=\"article:modified_time\" content=\"2025-08-19T14:28:53+00:00\" \/>\n<meta property=\"og:image\" content=\"https:\/\/dutchmicrodosing.com\/wp-content\/uploads\/2024\/09\/Chaga_gummies_1000x1000.jpg\" \/>\n\t<meta property=\"og:image:width\" content=\"1000\" \/>\n\t<meta property=\"og:image:height\" content=\"1000\" \/>\n\t<meta property=\"og:image:type\" content=\"image\/jpeg\" \/>\n<meta name=\"twitter:card\" content=\"summary_large_image\" \/>\n<script type=\"application\/ld+json\" class=\"yoast-schema-graph\">{\"@context\":\"https:\/\/schema.org\",\"@graph\":[{\"@type\":\"WebPage\",\"@id\":\"https:\/\/dutchmicrodosing.com\/es\/herbolario\/comestibles-de-hongos\/mushroom-gummies-chaga-mixed\/\",\"url\":\"https:\/\/dutchmicrodosing.com\/es\/herbolario\/comestibles-de-hongos\/mushroom-gummies-chaga-mixed\/\",\"name\":\"Gominolas de Setas Chaga - Mixtas - Dutchmicrodosing\",\"isPartOf\":{\"@id\":\"https:\/\/dutchmicrodosing.com\/es\/#website\"},\"primaryImageOfPage\":{\"@id\":\"https:\/\/dutchmicrodosing.com\/es\/herbolario\/comestibles-de-hongos\/mushroom-gummies-chaga-mixed\/#primaryimage\"},\"image\":{\"@id\":\"https:\/\/dutchmicrodosing.com\/es\/herbolario\/comestibles-de-hongos\/mushroom-gummies-chaga-mixed\/#primaryimage\"},\"thumbnailUrl\":\"https:\/\/dutchmicrodosing.com\/wp-content\/uploads\/2024\/09\/Chaga_gummies_1000x1000.jpg\",\"datePublished\":\"2024-09-03T07:49:53+00:00\",\"dateModified\":\"2025-08-19T14:28:53+00:00\",\"breadcrumb\":{\"@id\":\"https:\/\/dutchmicrodosing.com\/es\/herbolario\/comestibles-de-hongos\/mushroom-gummies-chaga-mixed\/#breadcrumb\"},\"inLanguage\":\"es\",\"potentialAction\":[{\"@type\":\"ReadAction\",\"target\":[\"https:\/\/dutchmicrodosing.com\/es\/herbolario\/comestibles-de-hongos\/mushroom-gummies-chaga-mixed\/\"]}]},{\"@type\":\"ImageObject\",\"inLanguage\":\"es\",\"@id\":\"https:\/\/dutchmicrodosing.com\/es\/herbolario\/comestibles-de-hongos\/mushroom-gummies-chaga-mixed\/#primaryimage\",\"url\":\"https:\/\/dutchmicrodosing.com\/wp-content\/uploads\/2024\/09\/Chaga_gummies_1000x1000.jpg\",\"contentUrl\":\"https:\/\/dutchmicrodosing.com\/wp-content\/uploads\/2024\/09\/Chaga_gummies_1000x1000.jpg\",\"width\":1000,\"height\":1000},{\"@type\":\"BreadcrumbList\",\"@id\":\"https:\/\/dutchmicrodosing.com\/es\/herbolario\/comestibles-de-hongos\/mushroom-gummies-chaga-mixed\/#breadcrumb\",\"itemListElement\":[{\"@type\":\"ListItem\",\"position\":1,\"name\":\"Home\",\"item\":\"https:\/\/dutchmicrodosing.com\/es\/\"},{\"@type\":\"ListItem\",\"position\":2,\"name\":\"Tienda\",\"item\":\"https:\/\/dutchmicrodosing.com\/es\/tienda\/\"},{\"@type\":\"ListItem\",\"position\":3,\"name\":\"Gominolas de Setas Chaga &#8211; Mixtas\"}]},{\"@type\":\"WebSite\",\"@id\":\"https:\/\/dutchmicrodosing.com\/es\/#website\",\"url\":\"https:\/\/dutchmicrodosing.com\/es\/\",\"name\":\"Dutchmicrodosing\",\"description\":\"\",\"publisher\":{\"@id\":\"https:\/\/dutchmicrodosing.com\/es\/#organization\"},\"potentialAction\":[{\"@type\":\"SearchAction\",\"target\":{\"@type\":\"EntryPoint\",\"urlTemplate\":\"https:\/\/dutchmicrodosing.com\/es\/?s={search_term_string}\"},\"query-input\":{\"@type\":\"PropertyValueSpecification\",\"valueRequired\":true,\"valueName\":\"search_term_string\"}}],\"inLanguage\":\"es\"},{\"@type\":\"Organization\",\"@id\":\"https:\/\/dutchmicrodosing.com\/es\/#organization\",\"name\":\"Dutchmicrodosing\",\"url\":\"https:\/\/dutchmicrodosing.com\/es\/\",\"logo\":{\"@type\":\"ImageObject\",\"inLanguage\":\"es\",\"@id\":\"https:\/\/dutchmicrodosing.com\/es\/#\/schema\/logo\/image\/\",\"url\":\"https:\/\/dutchmicrodosing.com\/wp-content\/uploads\/2021\/01\/microdosing-categorie-pic-nieuw.jpg\",\"contentUrl\":\"https:\/\/dutchmicrodosing.com\/wp-content\/uploads\/2021\/01\/microdosing-categorie-pic-nieuw.jpg\",\"width\":500,\"height\":500,\"caption\":\"Dutchmicrodosing\"},\"image\":{\"@id\":\"https:\/\/dutchmicrodosing.com\/es\/#\/schema\/logo\/image\/\"},\"sameAs\":[\"https:\/\/www.facebook.com\/Dutchmicrodosingxp\/\",\"https:\/\/www.instagram.com\/dutchmicrodosing\/\"]}]}<\/script>\n<meta property=\"product:price:amount\" content=\"9.95\" \/>\n<meta property=\"product:price:currency\" content=\"EUR\" \/>\n<meta property=\"og:availability\" content=\"instock\" \/>\n<meta property=\"product:availability\" content=\"instock\" \/>\n<meta property=\"product:retailer_item_id\" content=\"4206244\" \/>\n<meta property=\"product:condition\" content=\"new\" \/>\n<!-- \/ Yoast SEO Premium plugin. -->","yoast_head_json":{"title":"Gominolas de Setas Chaga - Mixtas - Dutchmicrodosing","robots":{"index":"index","follow":"follow","max-snippet":"max-snippet:-1","max-image-preview":"max-image-preview:large","max-video-preview":"max-video-preview:-1"},"canonical":"https:\/\/dutchmicrodosing.com\/es\/herbolario\/comestibles-de-hongos\/mushroom-gummies-chaga-mixed\/","og_locale":"es_ES","og_type":"article","og_title":"Gominolas de Setas Chaga - Mixtas","og_description":"Las Gominolas de Setas Chaga Mixtas del Dr. Candy ofrecen una forma innovadora y sabrosa de aprovechar los beneficios para la salud de las setas Chaga.","og_url":"https:\/\/dutchmicrodosing.com\/es\/herbolario\/comestibles-de-hongos\/mushroom-gummies-chaga-mixed\/","og_site_name":"Dutchmicrodosing","article_publisher":"https:\/\/www.facebook.com\/Dutchmicrodosingxp\/","article_modified_time":"2025-08-19T14:28:53+00:00","og_image":[{"width":1000,"height":1000,"url":"https:\/\/dutchmicrodosing.com\/wp-content\/uploads\/2024\/09\/Chaga_gummies_1000x1000.jpg","type":"image\/jpeg"}],"twitter_card":"summary_large_image","schema":{"@context":"https:\/\/schema.org","@graph":[{"@type":"WebPage","@id":"https:\/\/dutchmicrodosing.com\/es\/herbolario\/comestibles-de-hongos\/mushroom-gummies-chaga-mixed\/","url":"https:\/\/dutchmicrodosing.com\/es\/herbolario\/comestibles-de-hongos\/mushroom-gummies-chaga-mixed\/","name":"Gominolas de Setas Chaga - Mixtas - Dutchmicrodosing","isPartOf":{"@id":"https:\/\/dutchmicrodosing.com\/es\/#website"},"primaryImageOfPage":{"@id":"https:\/\/dutchmicrodosing.com\/es\/herbolario\/comestibles-de-hongos\/mushroom-gummies-chaga-mixed\/#primaryimage"},"image":{"@id":"https:\/\/dutchmicrodosing.com\/es\/herbolario\/comestibles-de-hongos\/mushroom-gummies-chaga-mixed\/#primaryimage"},"thumbnailUrl":"https:\/\/dutchmicrodosing.com\/wp-content\/uploads\/2024\/09\/Chaga_gummies_1000x1000.jpg","datePublished":"2024-09-03T07:49:53+00:00","dateModified":"2025-08-19T14:28:53+00:00","breadcrumb":{"@id":"https:\/\/dutchmicrodosing.com\/es\/herbolario\/comestibles-de-hongos\/mushroom-gummies-chaga-mixed\/#breadcrumb"},"inLanguage":"es","potentialAction":[{"@type":"ReadAction","target":["https:\/\/dutchmicrodosing.com\/es\/herbolario\/comestibles-de-hongos\/mushroom-gummies-chaga-mixed\/"]}]},{"@type":"ImageObject","inLanguage":"es","@id":"https:\/\/dutchmicrodosing.com\/es\/herbolario\/comestibles-de-hongos\/mushroom-gummies-chaga-mixed\/#primaryimage","url":"https:\/\/dutchmicrodosing.com\/wp-content\/uploads\/2024\/09\/Chaga_gummies_1000x1000.jpg","contentUrl":"https:\/\/dutchmicrodosing.com\/wp-content\/uploads\/2024\/09\/Chaga_gummies_1000x1000.jpg","width":1000,"height":1000},{"@type":"BreadcrumbList","@id":"https:\/\/dutchmicrodosing.com\/es\/herbolario\/comestibles-de-hongos\/mushroom-gummies-chaga-mixed\/#breadcrumb","itemListElement":[{"@type":"ListItem","position":1,"name":"Home","item":"https:\/\/dutchmicrodosing.com\/es\/"},{"@type":"ListItem","position":2,"name":"Tienda","item":"https:\/\/dutchmicrodosing.com\/es\/tienda\/"},{"@type":"ListItem","position":3,"name":"Gominolas de Setas Chaga &#8211; Mixtas"}]},{"@type":"WebSite","@id":"https:\/\/dutchmicrodosing.com\/es\/#website","url":"https:\/\/dutchmicrodosing.com\/es\/","name":"Dutchmicrodosing","description":"","publisher":{"@id":"https:\/\/dutchmicrodosing.com\/es\/#organization"},"potentialAction":[{"@type":"SearchAction","target":{"@type":"EntryPoint","urlTemplate":"https:\/\/dutchmicrodosing.com\/es\/?s={search_term_string}"},"query-input":{"@type":"PropertyValueSpecification","valueRequired":true,"valueName":"search_term_string"}}],"inLanguage":"es"},{"@type":"Organization","@id":"https:\/\/dutchmicrodosing.com\/es\/#organization","name":"Dutchmicrodosing","url":"https:\/\/dutchmicrodosing.com\/es\/","logo":{"@type":"ImageObject","inLanguage":"es","@id":"https:\/\/dutchmicrodosing.com\/es\/#\/schema\/logo\/image\/","url":"https:\/\/dutchmicrodosing.com\/wp-content\/uploads\/2021\/01\/microdosing-categorie-pic-nieuw.jpg","contentUrl":"https:\/\/dutchmicrodosing.com\/wp-content\/uploads\/2021\/01\/microdosing-categorie-pic-nieuw.jpg","width":500,"height":500,"caption":"Dutchmicrodosing"},"image":{"@id":"https:\/\/dutchmicrodosing.com\/es\/#\/schema\/logo\/image\/"},"sameAs":["https:\/\/www.facebook.com\/Dutchmicrodosingxp\/","https:\/\/www.instagram.com\/dutchmicrodosing\/"]}]},"product_price_amount":"9.95","product_price_currency":"EUR","og_availability":"instock","product_availability":"instock","product_retailer_item_id":"4206244","product_condition":"new"},"_links":{"self":[{"href":"https:\/\/dutchmicrodosing.com\/es\/wp-json\/wp\/v2\/product\/46006","targetHints":{"allow":["GET"]}}],"collection":[{"href":"https:\/\/dutchmicrodosing.com\/es\/wp-json\/wp\/v2\/product"}],"about":[{"href":"https:\/\/dutchmicrodosing.com\/es\/wp-json\/wp\/v2\/types\/product"}],"replies":[{"embeddable":true,"href":"https:\/\/dutchmicrodosing.com\/es\/wp-json\/wp\/v2\/comments?post=46006"}],"version-history":[{"count":0,"href":"https:\/\/dutchmicrodosing.com\/es\/wp-json\/wp\/v2\/product\/46006\/revisions"}],"wp:featuredmedia":[{"embeddable":true,"href":"https:\/\/dutchmicrodosing.com\/es\/wp-json\/wp\/v2\/media\/41728"}],"wp:attachment":[{"href":"https:\/\/dutchmicrodosing.com\/es\/wp-json\/wp\/v2\/media?parent=46006"}],"wp:term":[{"taxonomy":"product_brand","embeddable":true,"href":"https:\/\/dutchmicrodosing.com\/es\/wp-json\/wp\/v2\/product_brand?post=46006"},{"taxonomy":"product_cat","embeddable":true,"href":"https:\/\/dutchmicrodosing.com\/es\/wp-json\/wp\/v2\/product_cat?post=46006"},{"taxonomy":"product_tag","embeddable":true,"href":"https:\/\/dutchmicrodosing.com\/es\/wp-json\/wp\/v2\/product_tag?post=46006"}],"curies":[{"name":"wp","href":"https:\/\/api.w.org\/{rel}","templated":true}]}}