{"id":46016,"date":"2024-09-03T09:40:42","date_gmt":"2024-09-03T07:40:42","guid":{"rendered":"https:\/\/dutchmicrodosing.com\/shop\/sin%20categor\u00eda\/the-healthy-trio\/"},"modified":"2026-02-03T16:42:59","modified_gmt":"2026-02-03T15:42:59","slug":"the-healthy-trio","status":"publish","type":"product","link":"https:\/\/dutchmicrodosing.com\/es\/herbolario\/comestibles-de-hongos\/the-healthy-trio\/","title":{"rendered":"El tr\u00edo saludable"},"content":{"rendered":"<p>Las Gominolas de Champi\u00f1\u00f3n <strong>del Tr\u00edo Saludable <\/strong>son una deliciosa golosina que favorece tu bienestar diario. Cada caja contiene tres tipos distintos de gominolas, cada una enriquecida con una seta medicinal \u00fanica: Melena de Le\u00f3n, Reishi y Chaga. Estos poderosos hongos son conocidos por sus efectos beneficiosos para la salud, como fomentar la claridad mental, reforzar el sistema inmunitario y potenciar la vitalidad. Estas gominolas combinan el poder de los ingredientes naturales con un agradable sabor, ofreciendo una forma sencilla y sabrosa de mejorar tu salud.<\/p>\n<ul>\n<li>Las gominolas de seta Reishi ofrecen una forma sabrosa de experimentar los beneficios para la salud de las setas Reishi. Cada gominola contiene 250 mg de extracto de Reishi, lo que la convierte en una forma sencilla y agradable de disfrutar de los beneficios de este hongo. El hongo Reishi es conocido por sus propiedades estimulantes cognitivas y tiene una larga historia en la medicina tradicional china.  <\/li>\n<li>Las Gominolas de Melena de Le\u00f3n son unos deliciosos caramelos que combinan los beneficios saludables del extracto de melena de le\u00f3n con una sabrosa experiencia. Cada gominola contiene 250 mg de extracto de melena de le\u00f3n, ofreci\u00e9ndote una forma f\u00e1cil y agradable de disfrutar de los beneficios potenciales de este hongo. La melena de le\u00f3n es conocida por sus propiedades de mejora cognitiva y se utiliza desde hace siglos en la medicina tradicional china. Con estas gominolas, puedes trabajar para reforzar tu funci\u00f3n cerebral y tu bienestar general de una forma sabrosa.   <\/li>\n<li>El concepto de las Gominolas de Chaga es un enfoque innovador para aprovechar los beneficios para la salud de los hongos Chaga. Estas gominolas, cada una de las cuales contiene 250 mg de extracto de Chaga, ofrecen una forma f\u00e1cil y agradable de disfrutar de los beneficios de este hongo. El Chaga es conocido por sus propiedades que pueden mejorar la cognici\u00f3n y tiene una rica historia dentro de la medicina tradicional china.  <\/li>\n<\/ul>\n<h3>Contenido<\/h3>\n<p>3 bandejas de gominolas Dr Candy Mushroom (Reishi, Melena de Le\u00f3n y Chaga)<\/p>\n","protected":false},"excerpt":{"rendered":"<p>Las Gominolas de Champi\u00f1\u00f3n del Tr\u00edo Saludable son una deliciosa golosina que favorece tu bienestar diario. Cada caja contiene tres tipos distintos de gominolas, cada una enriquecida con una seta medicinal \u00fanica: Melena de Le\u00f3n, Reishi y Chaga. Estos poderosos hongos son conocidos por sus efectos beneficiosos para la salud, como fomentar la claridad mental, [&hellip;]<\/p>\n","protected":false},"featured_media":41716,"comment_status":"closed","ping_status":"closed","template":"","meta":[],"product_brand":[],"product_cat":[329],"product_tag":[],"class_list":{"0":"post-46016","1":"product","2":"type-product","3":"status-publish","4":"has-post-thumbnail","6":"product_cat-comestibles-de-hongos","8":"first","9":"instock","10":"taxable","11":"shipping-taxable","12":"purchasable","13":"product-type-simple"},"yoast_head":"<!-- This site is optimized with the Yoast SEO Premium plugin v26.4 (Yoast SEO v27.2) - https:\/\/yoast.com\/product\/yoast-seo-premium-wordpress\/ -->\n<title>El tr\u00edo saludable - Dutchmicrodosing<\/title>\n<meta name=\"description\" content=\"Descubre el Dr. Candy El Tr\u00edo Saludable - Gominolas de Setas, cada una enriquecida con una seta medicinal \u00fanica: Melena de Le\u00f3n, Reishi y Chaga....\" \/>\n<meta name=\"robots\" content=\"index, follow, max-snippet:-1, max-image-preview:large, max-video-preview:-1\" \/>\n<link rel=\"canonical\" href=\"https:\/\/dutchmicrodosing.com\/es\/herbolario\/comestibles-de-hongos\/the-healthy-trio\/\" \/>\n<meta property=\"og:locale\" content=\"es_ES\" \/>\n<meta property=\"og:type\" content=\"article\" \/>\n<meta property=\"og:title\" content=\"El tr\u00edo saludable\" \/>\n<meta property=\"og:description\" content=\"Las Gominolas de Champi\u00f1\u00f3n del Tr\u00edo Saludable son una deliciosa golosina que favorece tu bienestar diario. Cada caja contiene tres tipos distintos de\" \/>\n<meta property=\"og:url\" content=\"https:\/\/dutchmicrodosing.com\/es\/herbolario\/comestibles-de-hongos\/the-healthy-trio\/\" \/>\n<meta property=\"og:site_name\" content=\"Dutchmicrodosing\" \/>\n<meta property=\"article:publisher\" content=\"https:\/\/www.facebook.com\/Dutchmicrodosingxp\/\" \/>\n<meta property=\"article:modified_time\" content=\"2026-02-03T15:42:59+00:00\" \/>\n<meta property=\"og:image\" content=\"https:\/\/dutchmicrodosing.com\/wp-content\/uploads\/2024\/09\/Mix_gummies_mushroom_1000x1000.jpg\" \/>\n\t<meta property=\"og:image:width\" content=\"1000\" \/>\n\t<meta property=\"og:image:height\" content=\"1000\" \/>\n\t<meta property=\"og:image:type\" content=\"image\/jpeg\" \/>\n<meta name=\"twitter:card\" content=\"summary_large_image\" \/>\n<script type=\"application\/ld+json\" class=\"yoast-schema-graph\">{\"@context\":\"https:\/\/schema.org\",\"@graph\":[{\"@type\":\"WebPage\",\"@id\":\"https:\/\/dutchmicrodosing.com\/es\/herbolario\/comestibles-de-hongos\/the-healthy-trio\/\",\"url\":\"https:\/\/dutchmicrodosing.com\/es\/herbolario\/comestibles-de-hongos\/the-healthy-trio\/\",\"name\":\"El tr\u00edo saludable - Dutchmicrodosing\",\"isPartOf\":{\"@id\":\"https:\/\/dutchmicrodosing.com\/es\/#website\"},\"primaryImageOfPage\":{\"@id\":\"https:\/\/dutchmicrodosing.com\/es\/herbolario\/comestibles-de-hongos\/the-healthy-trio\/#primaryimage\"},\"image\":{\"@id\":\"https:\/\/dutchmicrodosing.com\/es\/herbolario\/comestibles-de-hongos\/the-healthy-trio\/#primaryimage\"},\"thumbnailUrl\":\"https:\/\/dutchmicrodosing.com\/wp-content\/uploads\/2024\/09\/Mix_gummies_mushroom_1000x1000.jpg\",\"datePublished\":\"2024-09-03T07:40:42+00:00\",\"dateModified\":\"2026-02-03T15:42:59+00:00\",\"description\":\"Descubre el Dr. Candy El Tr\u00edo Saludable - Gominolas de Setas, cada una enriquecida con una seta medicinal \u00fanica: Melena de Le\u00f3n, Reishi y Chaga....\",\"breadcrumb\":{\"@id\":\"https:\/\/dutchmicrodosing.com\/es\/herbolario\/comestibles-de-hongos\/the-healthy-trio\/#breadcrumb\"},\"inLanguage\":\"es\",\"potentialAction\":[{\"@type\":\"ReadAction\",\"target\":[\"https:\/\/dutchmicrodosing.com\/es\/herbolario\/comestibles-de-hongos\/the-healthy-trio\/\"]}]},{\"@type\":\"ImageObject\",\"inLanguage\":\"es\",\"@id\":\"https:\/\/dutchmicrodosing.com\/es\/herbolario\/comestibles-de-hongos\/the-healthy-trio\/#primaryimage\",\"url\":\"https:\/\/dutchmicrodosing.com\/wp-content\/uploads\/2024\/09\/Mix_gummies_mushroom_1000x1000.jpg\",\"contentUrl\":\"https:\/\/dutchmicrodosing.com\/wp-content\/uploads\/2024\/09\/Mix_gummies_mushroom_1000x1000.jpg\",\"width\":1000,\"height\":1000},{\"@type\":\"BreadcrumbList\",\"@id\":\"https:\/\/dutchmicrodosing.com\/es\/herbolario\/comestibles-de-hongos\/the-healthy-trio\/#breadcrumb\",\"itemListElement\":[{\"@type\":\"ListItem\",\"position\":1,\"name\":\"Home\",\"item\":\"https:\/\/dutchmicrodosing.com\/es\/\"},{\"@type\":\"ListItem\",\"position\":2,\"name\":\"Tienda\",\"item\":\"https:\/\/dutchmicrodosing.com\/es\/tienda\/\"},{\"@type\":\"ListItem\",\"position\":3,\"name\":\"El tr\u00edo saludable\"}]},{\"@type\":\"WebSite\",\"@id\":\"https:\/\/dutchmicrodosing.com\/es\/#website\",\"url\":\"https:\/\/dutchmicrodosing.com\/es\/\",\"name\":\"Dutchmicrodosing\",\"description\":\"\",\"publisher\":{\"@id\":\"https:\/\/dutchmicrodosing.com\/es\/#organization\"},\"potentialAction\":[{\"@type\":\"SearchAction\",\"target\":{\"@type\":\"EntryPoint\",\"urlTemplate\":\"https:\/\/dutchmicrodosing.com\/es\/?s={search_term_string}\"},\"query-input\":{\"@type\":\"PropertyValueSpecification\",\"valueRequired\":true,\"valueName\":\"search_term_string\"}}],\"inLanguage\":\"es\"},{\"@type\":\"Organization\",\"@id\":\"https:\/\/dutchmicrodosing.com\/es\/#organization\",\"name\":\"Dutchmicrodosing\",\"url\":\"https:\/\/dutchmicrodosing.com\/es\/\",\"logo\":{\"@type\":\"ImageObject\",\"inLanguage\":\"es\",\"@id\":\"https:\/\/dutchmicrodosing.com\/es\/#\/schema\/logo\/image\/\",\"url\":\"https:\/\/dutchmicrodosing.com\/wp-content\/uploads\/2021\/01\/microdosing-categorie-pic-nieuw.jpg\",\"contentUrl\":\"https:\/\/dutchmicrodosing.com\/wp-content\/uploads\/2021\/01\/microdosing-categorie-pic-nieuw.jpg\",\"width\":500,\"height\":500,\"caption\":\"Dutchmicrodosing\"},\"image\":{\"@id\":\"https:\/\/dutchmicrodosing.com\/es\/#\/schema\/logo\/image\/\"},\"sameAs\":[\"https:\/\/www.facebook.com\/Dutchmicrodosingxp\/\",\"https:\/\/www.instagram.com\/dutchmicrodosing\/\"]}]}<\/script>\n<meta property=\"product:price:amount\" content=\"24.95\" \/>\n<meta property=\"product:price:currency\" content=\"EUR\" \/>\n<meta property=\"og:availability\" content=\"instock\" \/>\n<meta property=\"product:availability\" content=\"instock\" \/>\n<meta property=\"product:retailer_item_id\" content=\"4209139\" \/>\n<meta property=\"product:condition\" content=\"new\" \/>\n<!-- \/ Yoast SEO Premium plugin. -->","yoast_head_json":{"title":"El tr\u00edo saludable - Dutchmicrodosing","description":"Descubre el Dr. Candy El Tr\u00edo Saludable - Gominolas de Setas, cada una enriquecida con una seta medicinal \u00fanica: Melena de Le\u00f3n, Reishi y Chaga....","robots":{"index":"index","follow":"follow","max-snippet":"max-snippet:-1","max-image-preview":"max-image-preview:large","max-video-preview":"max-video-preview:-1"},"canonical":"https:\/\/dutchmicrodosing.com\/es\/herbolario\/comestibles-de-hongos\/the-healthy-trio\/","og_locale":"es_ES","og_type":"article","og_title":"El tr\u00edo saludable","og_description":"Las Gominolas de Champi\u00f1\u00f3n del Tr\u00edo Saludable son una deliciosa golosina que favorece tu bienestar diario. Cada caja contiene tres tipos distintos de","og_url":"https:\/\/dutchmicrodosing.com\/es\/herbolario\/comestibles-de-hongos\/the-healthy-trio\/","og_site_name":"Dutchmicrodosing","article_publisher":"https:\/\/www.facebook.com\/Dutchmicrodosingxp\/","article_modified_time":"2026-02-03T15:42:59+00:00","og_image":[{"width":1000,"height":1000,"url":"https:\/\/dutchmicrodosing.com\/wp-content\/uploads\/2024\/09\/Mix_gummies_mushroom_1000x1000.jpg","type":"image\/jpeg"}],"twitter_card":"summary_large_image","schema":{"@context":"https:\/\/schema.org","@graph":[{"@type":"WebPage","@id":"https:\/\/dutchmicrodosing.com\/es\/herbolario\/comestibles-de-hongos\/the-healthy-trio\/","url":"https:\/\/dutchmicrodosing.com\/es\/herbolario\/comestibles-de-hongos\/the-healthy-trio\/","name":"El tr\u00edo saludable - Dutchmicrodosing","isPartOf":{"@id":"https:\/\/dutchmicrodosing.com\/es\/#website"},"primaryImageOfPage":{"@id":"https:\/\/dutchmicrodosing.com\/es\/herbolario\/comestibles-de-hongos\/the-healthy-trio\/#primaryimage"},"image":{"@id":"https:\/\/dutchmicrodosing.com\/es\/herbolario\/comestibles-de-hongos\/the-healthy-trio\/#primaryimage"},"thumbnailUrl":"https:\/\/dutchmicrodosing.com\/wp-content\/uploads\/2024\/09\/Mix_gummies_mushroom_1000x1000.jpg","datePublished":"2024-09-03T07:40:42+00:00","dateModified":"2026-02-03T15:42:59+00:00","description":"Descubre el Dr. Candy El Tr\u00edo Saludable - Gominolas de Setas, cada una enriquecida con una seta medicinal \u00fanica: Melena de Le\u00f3n, Reishi y Chaga....","breadcrumb":{"@id":"https:\/\/dutchmicrodosing.com\/es\/herbolario\/comestibles-de-hongos\/the-healthy-trio\/#breadcrumb"},"inLanguage":"es","potentialAction":[{"@type":"ReadAction","target":["https:\/\/dutchmicrodosing.com\/es\/herbolario\/comestibles-de-hongos\/the-healthy-trio\/"]}]},{"@type":"ImageObject","inLanguage":"es","@id":"https:\/\/dutchmicrodosing.com\/es\/herbolario\/comestibles-de-hongos\/the-healthy-trio\/#primaryimage","url":"https:\/\/dutchmicrodosing.com\/wp-content\/uploads\/2024\/09\/Mix_gummies_mushroom_1000x1000.jpg","contentUrl":"https:\/\/dutchmicrodosing.com\/wp-content\/uploads\/2024\/09\/Mix_gummies_mushroom_1000x1000.jpg","width":1000,"height":1000},{"@type":"BreadcrumbList","@id":"https:\/\/dutchmicrodosing.com\/es\/herbolario\/comestibles-de-hongos\/the-healthy-trio\/#breadcrumb","itemListElement":[{"@type":"ListItem","position":1,"name":"Home","item":"https:\/\/dutchmicrodosing.com\/es\/"},{"@type":"ListItem","position":2,"name":"Tienda","item":"https:\/\/dutchmicrodosing.com\/es\/tienda\/"},{"@type":"ListItem","position":3,"name":"El tr\u00edo saludable"}]},{"@type":"WebSite","@id":"https:\/\/dutchmicrodosing.com\/es\/#website","url":"https:\/\/dutchmicrodosing.com\/es\/","name":"Dutchmicrodosing","description":"","publisher":{"@id":"https:\/\/dutchmicrodosing.com\/es\/#organization"},"potentialAction":[{"@type":"SearchAction","target":{"@type":"EntryPoint","urlTemplate":"https:\/\/dutchmicrodosing.com\/es\/?s={search_term_string}"},"query-input":{"@type":"PropertyValueSpecification","valueRequired":true,"valueName":"search_term_string"}}],"inLanguage":"es"},{"@type":"Organization","@id":"https:\/\/dutchmicrodosing.com\/es\/#organization","name":"Dutchmicrodosing","url":"https:\/\/dutchmicrodosing.com\/es\/","logo":{"@type":"ImageObject","inLanguage":"es","@id":"https:\/\/dutchmicrodosing.com\/es\/#\/schema\/logo\/image\/","url":"https:\/\/dutchmicrodosing.com\/wp-content\/uploads\/2021\/01\/microdosing-categorie-pic-nieuw.jpg","contentUrl":"https:\/\/dutchmicrodosing.com\/wp-content\/uploads\/2021\/01\/microdosing-categorie-pic-nieuw.jpg","width":500,"height":500,"caption":"Dutchmicrodosing"},"image":{"@id":"https:\/\/dutchmicrodosing.com\/es\/#\/schema\/logo\/image\/"},"sameAs":["https:\/\/www.facebook.com\/Dutchmicrodosingxp\/","https:\/\/www.instagram.com\/dutchmicrodosing\/"]}]},"product_price_amount":"24.95","product_price_currency":"EUR","og_availability":"instock","product_availability":"instock","product_retailer_item_id":"4209139","product_condition":"new"},"_links":{"self":[{"href":"https:\/\/dutchmicrodosing.com\/es\/wp-json\/wp\/v2\/product\/46016","targetHints":{"allow":["GET"]}}],"collection":[{"href":"https:\/\/dutchmicrodosing.com\/es\/wp-json\/wp\/v2\/product"}],"about":[{"href":"https:\/\/dutchmicrodosing.com\/es\/wp-json\/wp\/v2\/types\/product"}],"replies":[{"embeddable":true,"href":"https:\/\/dutchmicrodosing.com\/es\/wp-json\/wp\/v2\/comments?post=46016"}],"version-history":[{"count":1,"href":"https:\/\/dutchmicrodosing.com\/es\/wp-json\/wp\/v2\/product\/46016\/revisions"}],"predecessor-version":[{"id":64327,"href":"https:\/\/dutchmicrodosing.com\/es\/wp-json\/wp\/v2\/product\/46016\/revisions\/64327"}],"wp:featuredmedia":[{"embeddable":true,"href":"https:\/\/dutchmicrodosing.com\/es\/wp-json\/wp\/v2\/media\/41716"}],"wp:attachment":[{"href":"https:\/\/dutchmicrodosing.com\/es\/wp-json\/wp\/v2\/media?parent=46016"}],"wp:term":[{"taxonomy":"product_brand","embeddable":true,"href":"https:\/\/dutchmicrodosing.com\/es\/wp-json\/wp\/v2\/product_brand?post=46016"},{"taxonomy":"product_cat","embeddable":true,"href":"https:\/\/dutchmicrodosing.com\/es\/wp-json\/wp\/v2\/product_cat?post=46016"},{"taxonomy":"product_tag","embeddable":true,"href":"https:\/\/dutchmicrodosing.com\/es\/wp-json\/wp\/v2\/product_tag?post=46016"}],"curies":[{"name":"wp","href":"https:\/\/api.w.org\/{rel}","templated":true}]}}