{"id":46032,"date":"2024-07-13T10:48:15","date_gmt":"2024-07-13T08:48:15","guid":{"rendered":"https:\/\/dutchmicrodosing.com\/shop\/sin%20categor\u00eda\/true-albino-teacher-paddo-kweekset\/"},"modified":"2026-02-03T16:43:00","modified_gmt":"2026-02-03T15:43:00","slug":"true-albino-teacher-paddo-kweekset","status":"publish","type":"product","link":"https:\/\/dutchmicrodosing.com\/es\/setas-alucinogenas\/kits-de-cultivo-mystic-fungi\/true-albino-teacher-paddo-kweekset\/","title":{"rendered":"Kit de Cultivo de Champi\u00f1\u00f3n Maestro Albino Verdadero"},"content":{"rendered":"<p>El <strong>Kit de Cultivo de Setas True Albino Teacher<\/strong> (TAT) es una variante fascinante dentro del mundo de las setas psicod\u00e9licas. Esta variedad se origin\u00f3 a partir de Golden Teacher, una cepa muy popular de Psilocybe cubensis. Lo que distingue al TAT es su total ausencia de pigmentaci\u00f3n, lo que significa que esta variante es verdaderamente albina, no s\u00f3lo blanca.<\/p>\n<p>El nombre \u00abVerdadero Albino\u00bb subraya esta caracter\u00edstica \u00fanica. A pesar de las evidentes diferencias de aspecto, el Verdadero Maestro Albino conserva algunos rasgos caracter\u00edsticos de su antepasado, el Maestro Dorado, como la forma y el tama\u00f1o del sombrero y la estructura general de la seta.<\/p>\n<p>El mito dice que el Verdadero Maestro Albino surgi\u00f3 originalmente como una mutaci\u00f3n espont\u00e1nea en una cultura de Maestros Dorados. Un mic\u00f3logo estabiliz\u00f3 entonces esta mutaci\u00f3n, dando a la Verdadera Maestra Albina un lugar permanente dentro de la colecci\u00f3n de setas psicod\u00e9licas disponibles. Como esta variedad no crece en estado salvaje, la \u00fanica forma de encontrarla es a trav\u00e9s de cultivadores o distribuidores especializados en setas psicod\u00e9licas.<\/p>\n<p>A diferencia del Pene Albino Envy, que tiene una forma muy distintiva y diferente, el Verdadero Maestro Albino conserva una forma de seta m\u00e1s tradicional, que a veces puede causar confusi\u00f3n con otras variantes albinas. La naturaleza \u00fanica y rara de la Maestra Albina Verdadera la convierte en un tema especialmente interesante tanto para los mic\u00f3logos como para los entusiastas de la psicodelia.<\/p>\n<h2>Cultiva tu propio Maestro Albino Verdadero<\/h2>\n<p>Este kit promete mayores rendimientos (700 gramos) y m\u00e1s setas, con menos esfuerzo en la gesti\u00f3n y menos riesgo de contaminaci\u00f3n. Las instrucciones son f\u00e1ciles de seguir, por lo que tendr\u00e1s que preocuparte menos por el crecimiento de tus setas. Adecuado tanto para principiantes como para cultivadores avanzados, el kit de cultivo garantiza una experiencia de cultivo sin esfuerzo. S\u00f3lo tienes que seguir nuestras claras instrucciones y en pocas semanas ser\u00e1s testigo de la aparici\u00f3n de estas hermosas setas albinas. El sustrato ya est\u00e1 inoculado con esporas, por lo que no se necesitan pasos complicados.<\/p>\n<h2>Efectos setas m\u00e1gicas Profesor Albino Verdadero<\/h2>\n<ul>\n<li>La fuerza del Verdadero Maestro Albino oscila entre ligeramente superior a la media y considerablemente fuerte. En este sentido, es similar al Maestro de Oro, pero m\u00e1s fuerte. Sin embargo, los efectos del viaje en s\u00ed son similares a los de otras especies de Psilocybe cubensis.<\/li>\n<li>En dosis recreativas moderadas, las alucinaciones pueden seguir siendo sutiles: los colores parecen m\u00e1s brillantes, las paredes parecen respirar, etc. S\u00f3lo a dosis muy elevadas una persona ve cosas que no existen en absoluto.<\/li>\n<li>Experiencias espirituales y m\u00edsticas: Los sentimientos de conexi\u00f3n, trascendencia e iluminaci\u00f3n espiritual son ciertamente posibles con las setas Verdadero Albino.<\/li>\n<\/ul>\n<h2>Instrucciones para montar el kit de cultivo True Albino Teacher<\/h2>\n<p>Aseg\u00farate de que tu espacio de trabajo est\u00e1 limpio para evitar que otros microorganismos contaminen tu kit de cultivo. Es importante trabajar con higiene. Utiliza siempre agua limpia del grifo o agua mineral para nebulizar y empapar tu kit de cultivo. No utilices agua destilada o desmineralizada, ya que no es adecuada.<\/p>\n<ol>\n<li>Saca la bolsa de la caja y exti\u00e9ndela.<\/li>\n<li>Abre la bolsa retirando el clip herm\u00e9tico de la parte superior. Suministra a la bolsa un poco de aire fresco estir\u00e1ndola suavemente, y luego ci\u00e9rrala de nuevo con la pinza. Para evitar que los hongos crezcan en los laterales del sustrato, puedes poner una goma el\u00e1stica alrededor de la parte exterior de la bolsa, a la altura de la parte superior del sustrato, para reducir la posibilidad de que se formen espigas laterales. Coloca la banda el\u00e1stica aproximadamente 1,5 cm por debajo de la parte superior del sustrato.<\/li>\n<li>Vigila el crecimiento: Vigila de cerca la bolsa cuando las setas empiecen a crecer. Las dos primeras veces no necesitas regar. Una vez que los sombreros empiezan a abrirse, es hora de cosechar. Ten en cuenta que no todas las variedades tienen velos ni dejan caer esporas.<\/li>\n<li>Recolecci\u00f3n: Antes de recolectar, aseg\u00farate de que el entorno est\u00e9 limpio desinfect\u00e1ndote las manos con alcohol y, preferiblemente, poni\u00e9ndote guantes de l\u00e1tex. Para recolectarlas, gira las setas en el sentido de las agujas del reloj. Rec\u00f3gelos en cuanto los sombreros empiecen a abrirse para obtener una potencia \u00f3ptima. Los frutos est\u00e1n listos para la cosecha al cabo de dos a cuatro semanas, seg\u00fan las condiciones de cultivo y la variedad de seta.<\/li>\n<li>Mantenimiento tras la cosecha: Tras cosechar el segundo brote, a\u00f1ade una peque\u00f1a cantidad de agua (aproximadamente 1\/3 del nivel del sustrato en la bolsa). Vuelve a cerrar la bolsa con el clip y aseg\u00farate de que queda herm\u00e9ticamente cerrada. Recuerda a\u00f1adir aire fresco quitando y volviendo a poner el clip. Elimina el exceso de agua si no se ha absorbido en 12 horas.<\/li>\n<li>Controla la temperatura: Aseg\u00farate de que la temperatura se mantiene estable dentro del intervalo de 20-25 grados Celsius (68-77\u00b0F) para obtener los mejores resultados de crecimiento. Evita las grandes fluctuaciones de temperatura.<\/li>\n<li>Cosechas de seguimiento: Espera obtener al menos dos cosechas de cada bolsa, pero tambi\u00e9n es posible obtener tres o incluso cuatro cosechas. Despu\u00e9s de cada cosecha, vuelve a cerrar la bolsa y a\u00f1ade agua para fomentar nuevas sesiones de floraci\u00f3n.<\/li>\n<\/ol>\n<h2>Contenido Kit de cr\u00eda Maestro Albino Verdadero<\/h2>\n<ul>\n<li>Capacidad: 2000 cc<\/li>\n<li>Dimensiones: 14 cm x 17 cm x 10 cm<\/li>\n<li>Variante: Variante albina del Maestro de Oro<\/li>\n<li>Fase: totalmente colonizada<\/li>\n<li>Rendimiento de la cosecha: hasta 700 gramos<\/li>\n<\/ul>\n<h2>C\u00f3mo guardar el Kit de Cr\u00eda de Maestros Albinos Verdaderos<\/h2>\n<p>Es aconsejable iniciar el proceso de cultivo de inmediato, en cuanto recibas el kit de cultivo. Si decides empezar m\u00e1s tarde, lo que puede afectar a la calidad del kit, puedes guardar el kit de cultivo en el frigor\u00edfico hasta 2 semanas (a temperaturas entre 2\u00b0C y 8\u00b0C). Puedes dejar la bolsa de cultivo con micelio en la caja y colocarla en el frigor\u00edfico. Aseg\u00farate de que tu frigor\u00edfico est\u00e1 limpio y sin moho. Como precauci\u00f3n adicional, puedes colocar el conjunto en una bolsa de pl\u00e1stico limpia o en una bolsa de cultivo.<\/p>\n","protected":false},"excerpt":{"rendered":"<p>El Kit de Cultivo de Setas True Albino Teacher (TAT) es una variante fascinante dentro del mundo de las setas psicod\u00e9licas. Esta variedad se origin\u00f3 a partir de Golden Teacher, una cepa muy popular de Psilocybe cubensis. Lo que distingue al TAT es su total ausencia de pigmentaci\u00f3n, lo que significa que esta variante es [&hellip;]<\/p>\n","protected":false},"featured_media":40808,"comment_status":"closed","ping_status":"closed","template":"","meta":[],"product_brand":[],"product_cat":[345],"product_tag":[],"class_list":{"0":"post-46032","1":"product","2":"type-product","3":"status-publish","4":"has-post-thumbnail","6":"product_cat-kits-de-cultivo-mystic-fungi","8":"first","9":"instock","10":"taxable","11":"shipping-taxable","12":"purchasable","13":"product-type-simple"},"yoast_head":"<!-- This site is optimized with the Yoast SEO Premium plugin v26.4 (Yoast SEO v27.2) - https:\/\/yoast.com\/product\/yoast-seo-premium-wordpress\/ -->\n<title>Kit de Cultivo de Champi\u00f1\u00f3n Maestro Albino Verdadero - Dutchmicrodosing<\/title>\n<meta name=\"description\" content=\"Kit de cultivo de setas True Albino Teacher completo para casa. F\u00e1cil de usar, poco mantenimiento y resultados r\u00e1pidos.\" \/>\n<meta name=\"robots\" content=\"index, follow, max-snippet:-1, max-image-preview:large, max-video-preview:-1\" \/>\n<link rel=\"canonical\" href=\"https:\/\/dutchmicrodosing.com\/es\/setas-alucinogenas\/kits-de-cultivo-mystic-fungi\/true-albino-teacher-paddo-kweekset\/\" \/>\n<meta property=\"og:locale\" content=\"es_ES\" \/>\n<meta property=\"og:type\" content=\"article\" \/>\n<meta property=\"og:title\" content=\"Kit de Cultivo de Champi\u00f1\u00f3n Maestro Albino Verdadero\" \/>\n<meta property=\"og:description\" content=\"El Kit de Cultivo de Setas True Albino Teacher (TAT) es una variante fascinante dentro del mundo de las setas psicod\u00e9licas. Esta variedad se origin\u00f3 a\" \/>\n<meta property=\"og:url\" content=\"https:\/\/dutchmicrodosing.com\/es\/setas-alucinogenas\/kits-de-cultivo-mystic-fungi\/true-albino-teacher-paddo-kweekset\/\" \/>\n<meta property=\"og:site_name\" content=\"Dutchmicrodosing\" \/>\n<meta property=\"article:publisher\" content=\"https:\/\/www.facebook.com\/Dutchmicrodosingxp\/\" \/>\n<meta property=\"article:modified_time\" content=\"2026-02-03T15:43:00+00:00\" \/>\n<meta property=\"og:image\" content=\"https:\/\/dutchmicrodosing.com\/wp-content\/uploads\/2024\/07\/True-Albino-Teacher1-002.png\" \/>\n\t<meta property=\"og:image:width\" content=\"1600\" \/>\n\t<meta property=\"og:image:height\" content=\"1600\" \/>\n\t<meta property=\"og:image:type\" content=\"image\/png\" \/>\n<meta name=\"twitter:card\" content=\"summary_large_image\" \/>\n<script type=\"application\/ld+json\" class=\"yoast-schema-graph\">{\"@context\":\"https:\/\/schema.org\",\"@graph\":[{\"@type\":\"WebPage\",\"@id\":\"https:\/\/dutchmicrodosing.com\/es\/setas-alucinogenas\/kits-de-cultivo-mystic-fungi\/true-albino-teacher-paddo-kweekset\/\",\"url\":\"https:\/\/dutchmicrodosing.com\/es\/setas-alucinogenas\/kits-de-cultivo-mystic-fungi\/true-albino-teacher-paddo-kweekset\/\",\"name\":\"Kit de Cultivo de Champi\u00f1\u00f3n Maestro Albino Verdadero - Dutchmicrodosing\",\"isPartOf\":{\"@id\":\"https:\/\/dutchmicrodosing.com\/es\/#website\"},\"primaryImageOfPage\":{\"@id\":\"https:\/\/dutchmicrodosing.com\/es\/setas-alucinogenas\/kits-de-cultivo-mystic-fungi\/true-albino-teacher-paddo-kweekset\/#primaryimage\"},\"image\":{\"@id\":\"https:\/\/dutchmicrodosing.com\/es\/setas-alucinogenas\/kits-de-cultivo-mystic-fungi\/true-albino-teacher-paddo-kweekset\/#primaryimage\"},\"thumbnailUrl\":\"https:\/\/dutchmicrodosing.com\/wp-content\/uploads\/2024\/07\/True-Albino-Teacher1-002.png\",\"datePublished\":\"2024-07-13T08:48:15+00:00\",\"dateModified\":\"2026-02-03T15:43:00+00:00\",\"description\":\"Kit de cultivo de setas True Albino Teacher completo para casa. F\u00e1cil de usar, poco mantenimiento y resultados r\u00e1pidos.\",\"breadcrumb\":{\"@id\":\"https:\/\/dutchmicrodosing.com\/es\/setas-alucinogenas\/kits-de-cultivo-mystic-fungi\/true-albino-teacher-paddo-kweekset\/#breadcrumb\"},\"inLanguage\":\"es\",\"potentialAction\":[{\"@type\":\"ReadAction\",\"target\":[\"https:\/\/dutchmicrodosing.com\/es\/setas-alucinogenas\/kits-de-cultivo-mystic-fungi\/true-albino-teacher-paddo-kweekset\/\"]}]},{\"@type\":\"ImageObject\",\"inLanguage\":\"es\",\"@id\":\"https:\/\/dutchmicrodosing.com\/es\/setas-alucinogenas\/kits-de-cultivo-mystic-fungi\/true-albino-teacher-paddo-kweekset\/#primaryimage\",\"url\":\"https:\/\/dutchmicrodosing.com\/wp-content\/uploads\/2024\/07\/True-Albino-Teacher1-002.png\",\"contentUrl\":\"https:\/\/dutchmicrodosing.com\/wp-content\/uploads\/2024\/07\/True-Albino-Teacher1-002.png\",\"width\":1600,\"height\":1600,\"caption\":\"Kit de Cultivo de Champi\u00f1\u00f3n Maestro Albino Verdadero\"},{\"@type\":\"BreadcrumbList\",\"@id\":\"https:\/\/dutchmicrodosing.com\/es\/setas-alucinogenas\/kits-de-cultivo-mystic-fungi\/true-albino-teacher-paddo-kweekset\/#breadcrumb\",\"itemListElement\":[{\"@type\":\"ListItem\",\"position\":1,\"name\":\"Home\",\"item\":\"https:\/\/dutchmicrodosing.com\/es\/\"},{\"@type\":\"ListItem\",\"position\":2,\"name\":\"Tienda\",\"item\":\"https:\/\/dutchmicrodosing.com\/es\/tienda\/\"},{\"@type\":\"ListItem\",\"position\":3,\"name\":\"Kit de Cultivo de Champi\u00f1\u00f3n Maestro Albino Verdadero\"}]},{\"@type\":\"WebSite\",\"@id\":\"https:\/\/dutchmicrodosing.com\/es\/#website\",\"url\":\"https:\/\/dutchmicrodosing.com\/es\/\",\"name\":\"Dutchmicrodosing\",\"description\":\"\",\"publisher\":{\"@id\":\"https:\/\/dutchmicrodosing.com\/es\/#organization\"},\"potentialAction\":[{\"@type\":\"SearchAction\",\"target\":{\"@type\":\"EntryPoint\",\"urlTemplate\":\"https:\/\/dutchmicrodosing.com\/es\/?s={search_term_string}\"},\"query-input\":{\"@type\":\"PropertyValueSpecification\",\"valueRequired\":true,\"valueName\":\"search_term_string\"}}],\"inLanguage\":\"es\"},{\"@type\":\"Organization\",\"@id\":\"https:\/\/dutchmicrodosing.com\/es\/#organization\",\"name\":\"Dutchmicrodosing\",\"url\":\"https:\/\/dutchmicrodosing.com\/es\/\",\"logo\":{\"@type\":\"ImageObject\",\"inLanguage\":\"es\",\"@id\":\"https:\/\/dutchmicrodosing.com\/es\/#\/schema\/logo\/image\/\",\"url\":\"https:\/\/dutchmicrodosing.com\/wp-content\/uploads\/2021\/01\/microdosing-categorie-pic-nieuw.jpg\",\"contentUrl\":\"https:\/\/dutchmicrodosing.com\/wp-content\/uploads\/2021\/01\/microdosing-categorie-pic-nieuw.jpg\",\"width\":500,\"height\":500,\"caption\":\"Dutchmicrodosing\"},\"image\":{\"@id\":\"https:\/\/dutchmicrodosing.com\/es\/#\/schema\/logo\/image\/\"},\"sameAs\":[\"https:\/\/www.facebook.com\/Dutchmicrodosingxp\/\",\"https:\/\/www.instagram.com\/dutchmicrodosing\/\"]}]}<\/script>\n<meta property=\"product:price:amount\" content=\"44.95\" \/>\n<meta property=\"product:price:currency\" content=\"EUR\" \/>\n<meta property=\"og:availability\" content=\"instock\" \/>\n<meta property=\"product:availability\" content=\"instock\" \/>\n<meta property=\"product:retailer_item_id\" content=\"4207499\" \/>\n<meta property=\"product:condition\" content=\"new\" \/>\n<!-- \/ Yoast SEO Premium plugin. -->","yoast_head_json":{"title":"Kit de Cultivo de Champi\u00f1\u00f3n Maestro Albino Verdadero - Dutchmicrodosing","description":"Kit de cultivo de setas True Albino Teacher completo para casa. F\u00e1cil de usar, poco mantenimiento y resultados r\u00e1pidos.","robots":{"index":"index","follow":"follow","max-snippet":"max-snippet:-1","max-image-preview":"max-image-preview:large","max-video-preview":"max-video-preview:-1"},"canonical":"https:\/\/dutchmicrodosing.com\/es\/setas-alucinogenas\/kits-de-cultivo-mystic-fungi\/true-albino-teacher-paddo-kweekset\/","og_locale":"es_ES","og_type":"article","og_title":"Kit de Cultivo de Champi\u00f1\u00f3n Maestro Albino Verdadero","og_description":"El Kit de Cultivo de Setas True Albino Teacher (TAT) es una variante fascinante dentro del mundo de las setas psicod\u00e9licas. Esta variedad se origin\u00f3 a","og_url":"https:\/\/dutchmicrodosing.com\/es\/setas-alucinogenas\/kits-de-cultivo-mystic-fungi\/true-albino-teacher-paddo-kweekset\/","og_site_name":"Dutchmicrodosing","article_publisher":"https:\/\/www.facebook.com\/Dutchmicrodosingxp\/","article_modified_time":"2026-02-03T15:43:00+00:00","og_image":[{"width":1600,"height":1600,"url":"https:\/\/dutchmicrodosing.com\/wp-content\/uploads\/2024\/07\/True-Albino-Teacher1-002.png","type":"image\/png"}],"twitter_card":"summary_large_image","schema":{"@context":"https:\/\/schema.org","@graph":[{"@type":"WebPage","@id":"https:\/\/dutchmicrodosing.com\/es\/setas-alucinogenas\/kits-de-cultivo-mystic-fungi\/true-albino-teacher-paddo-kweekset\/","url":"https:\/\/dutchmicrodosing.com\/es\/setas-alucinogenas\/kits-de-cultivo-mystic-fungi\/true-albino-teacher-paddo-kweekset\/","name":"Kit de Cultivo de Champi\u00f1\u00f3n Maestro Albino Verdadero - Dutchmicrodosing","isPartOf":{"@id":"https:\/\/dutchmicrodosing.com\/es\/#website"},"primaryImageOfPage":{"@id":"https:\/\/dutchmicrodosing.com\/es\/setas-alucinogenas\/kits-de-cultivo-mystic-fungi\/true-albino-teacher-paddo-kweekset\/#primaryimage"},"image":{"@id":"https:\/\/dutchmicrodosing.com\/es\/setas-alucinogenas\/kits-de-cultivo-mystic-fungi\/true-albino-teacher-paddo-kweekset\/#primaryimage"},"thumbnailUrl":"https:\/\/dutchmicrodosing.com\/wp-content\/uploads\/2024\/07\/True-Albino-Teacher1-002.png","datePublished":"2024-07-13T08:48:15+00:00","dateModified":"2026-02-03T15:43:00+00:00","description":"Kit de cultivo de setas True Albino Teacher completo para casa. F\u00e1cil de usar, poco mantenimiento y resultados r\u00e1pidos.","breadcrumb":{"@id":"https:\/\/dutchmicrodosing.com\/es\/setas-alucinogenas\/kits-de-cultivo-mystic-fungi\/true-albino-teacher-paddo-kweekset\/#breadcrumb"},"inLanguage":"es","potentialAction":[{"@type":"ReadAction","target":["https:\/\/dutchmicrodosing.com\/es\/setas-alucinogenas\/kits-de-cultivo-mystic-fungi\/true-albino-teacher-paddo-kweekset\/"]}]},{"@type":"ImageObject","inLanguage":"es","@id":"https:\/\/dutchmicrodosing.com\/es\/setas-alucinogenas\/kits-de-cultivo-mystic-fungi\/true-albino-teacher-paddo-kweekset\/#primaryimage","url":"https:\/\/dutchmicrodosing.com\/wp-content\/uploads\/2024\/07\/True-Albino-Teacher1-002.png","contentUrl":"https:\/\/dutchmicrodosing.com\/wp-content\/uploads\/2024\/07\/True-Albino-Teacher1-002.png","width":1600,"height":1600,"caption":"Kit de Cultivo de Champi\u00f1\u00f3n Maestro Albino Verdadero"},{"@type":"BreadcrumbList","@id":"https:\/\/dutchmicrodosing.com\/es\/setas-alucinogenas\/kits-de-cultivo-mystic-fungi\/true-albino-teacher-paddo-kweekset\/#breadcrumb","itemListElement":[{"@type":"ListItem","position":1,"name":"Home","item":"https:\/\/dutchmicrodosing.com\/es\/"},{"@type":"ListItem","position":2,"name":"Tienda","item":"https:\/\/dutchmicrodosing.com\/es\/tienda\/"},{"@type":"ListItem","position":3,"name":"Kit de Cultivo de Champi\u00f1\u00f3n Maestro Albino Verdadero"}]},{"@type":"WebSite","@id":"https:\/\/dutchmicrodosing.com\/es\/#website","url":"https:\/\/dutchmicrodosing.com\/es\/","name":"Dutchmicrodosing","description":"","publisher":{"@id":"https:\/\/dutchmicrodosing.com\/es\/#organization"},"potentialAction":[{"@type":"SearchAction","target":{"@type":"EntryPoint","urlTemplate":"https:\/\/dutchmicrodosing.com\/es\/?s={search_term_string}"},"query-input":{"@type":"PropertyValueSpecification","valueRequired":true,"valueName":"search_term_string"}}],"inLanguage":"es"},{"@type":"Organization","@id":"https:\/\/dutchmicrodosing.com\/es\/#organization","name":"Dutchmicrodosing","url":"https:\/\/dutchmicrodosing.com\/es\/","logo":{"@type":"ImageObject","inLanguage":"es","@id":"https:\/\/dutchmicrodosing.com\/es\/#\/schema\/logo\/image\/","url":"https:\/\/dutchmicrodosing.com\/wp-content\/uploads\/2021\/01\/microdosing-categorie-pic-nieuw.jpg","contentUrl":"https:\/\/dutchmicrodosing.com\/wp-content\/uploads\/2021\/01\/microdosing-categorie-pic-nieuw.jpg","width":500,"height":500,"caption":"Dutchmicrodosing"},"image":{"@id":"https:\/\/dutchmicrodosing.com\/es\/#\/schema\/logo\/image\/"},"sameAs":["https:\/\/www.facebook.com\/Dutchmicrodosingxp\/","https:\/\/www.instagram.com\/dutchmicrodosing\/"]}]},"product_price_amount":"44.95","product_price_currency":"EUR","og_availability":"instock","product_availability":"instock","product_retailer_item_id":"4207499","product_condition":"new"},"_links":{"self":[{"href":"https:\/\/dutchmicrodosing.com\/es\/wp-json\/wp\/v2\/product\/46032","targetHints":{"allow":["GET"]}}],"collection":[{"href":"https:\/\/dutchmicrodosing.com\/es\/wp-json\/wp\/v2\/product"}],"about":[{"href":"https:\/\/dutchmicrodosing.com\/es\/wp-json\/wp\/v2\/types\/product"}],"replies":[{"embeddable":true,"href":"https:\/\/dutchmicrodosing.com\/es\/wp-json\/wp\/v2\/comments?post=46032"}],"version-history":[{"count":1,"href":"https:\/\/dutchmicrodosing.com\/es\/wp-json\/wp\/v2\/product\/46032\/revisions"}],"predecessor-version":[{"id":64328,"href":"https:\/\/dutchmicrodosing.com\/es\/wp-json\/wp\/v2\/product\/46032\/revisions\/64328"}],"wp:featuredmedia":[{"embeddable":true,"href":"https:\/\/dutchmicrodosing.com\/es\/wp-json\/wp\/v2\/media\/40808"}],"wp:attachment":[{"href":"https:\/\/dutchmicrodosing.com\/es\/wp-json\/wp\/v2\/media?parent=46032"}],"wp:term":[{"taxonomy":"product_brand","embeddable":true,"href":"https:\/\/dutchmicrodosing.com\/es\/wp-json\/wp\/v2\/product_brand?post=46032"},{"taxonomy":"product_cat","embeddable":true,"href":"https:\/\/dutchmicrodosing.com\/es\/wp-json\/wp\/v2\/product_cat?post=46032"},{"taxonomy":"product_tag","embeddable":true,"href":"https:\/\/dutchmicrodosing.com\/es\/wp-json\/wp\/v2\/product_tag?post=46032"}],"curies":[{"name":"wp","href":"https:\/\/api.w.org\/{rel}","templated":true}]}}