{"id":46524,"date":"2025-03-13T10:16:18","date_gmt":"2025-03-13T09:16:18","guid":{"rendered":"https:\/\/dutchmicrodosing.com\/shop\/sin%20categor\u00eda\/psilocybe-mexicana-jalisco-liquid-culture-spuit\/"},"modified":"2025-08-20T18:58:06","modified_gmt":"2025-08-20T16:58:06","slug":"psilocybe-mexicana-jalisco-liquid-culture-spuit","status":"publish","type":"product","link":"https:\/\/dutchmicrodosing.com\/es\/esporas-de-setas-magicas\/jeringas-para-cultivo-de-liquidos\/psilocybe-mexicana-jalisco-liquid-culture-spuit\/","title":{"rendered":"Psilocybe Mexicana (Jalisco) Jeringa de cultivo l\u00edquido"},"content":{"rendered":"<p>La variedad Psilocybe Mexicana <strong>(Jalisco) Cultivo L\u00edquido en Spray<\/strong> de Psilocybe mexicana se distingue por sus caracter\u00edsticas espec\u00edficas de crecimiento y su potencial para la formaci\u00f3n de esclerocios, lo que contribuye a la riqueza de su uso tanto en las pr\u00e1cticas tradicionales como en las modernas. Esta jeringuilla de cultivo l\u00edquido permite a los cultivadores empezar inmediatamente con un cultivo puro de este fascinante hongo, simplificando el proceso de cultivo y aumentando las posibilidades de \u00e9xito.<\/p>\n<p>Su capacidad para producir esclerocios, a menudo denominados \u00abtrufas m\u00e1gicas\u00bb, hace que esta cepa sea especialmente valiosa. Los esclerocios, como las propias setas, contienen psilocibina y son una forma alternativa del hongo que puede recolectarse y utilizarse. As\u00ed pues, \u00abJalisco\u00bb ofrece una oportunidad \u00fanica a los interesados en las potencias psicon\u00e1uticas m\u00e1s profundas de la Psilocybe mexicana, tanto para la investigaci\u00f3n cient\u00edfica como para la exploraci\u00f3n personal.<\/p>\n<h3>Pureza gen\u00e9tica:<\/h3>\n<p>Aislados profesionalmente y preparados en condiciones est\u00e9riles para minimizar los riesgos de contaminaci\u00f3n.<\/p>\n<h3>\u00bfEn qu\u00e9 sustrato cultivamos?<\/h3>\n<p>Funcionan perfectamente en sustratos de grano.<\/p>\n<h3>Utilice<\/h3>\n<p>Inocular tu sustrato nunca ha sido tan f\u00e1cil. Con una simple inyecci\u00f3n de Cultivo L\u00edquido Psilocybe mexicana \u00abJalisco\u00bb, puedes ver c\u00f3mo se multiplica la red micelial y transforma tu medio de cultivo en un lienzo en el que pueden florecer las setas.<\/p>\n<ol>\n<li><strong>Esterilizaci\u00f3n<\/strong>: Esteriliza la mezcla de sustrato para eliminar las bacterias y hongos nocivos que puedan dificultar el crecimiento de las setas. Esto puede hacerse calentando la mezcla de sustrato en un autoclave o pasteuriz\u00e1ndola mediante vapor.<\/li>\n<li><strong>Inoculaci\u00f3n del sustrato<\/strong>: empieza preparando el sustrato, como vermiculita y harina de arroz integral, como se ha descrito antes. Aseg\u00farate de que el sustrato est\u00e9 h\u00famedo, pero no empapado. A continuaci\u00f3n, coge la jeringuilla de esporas con las esporas de Psilocybe mexicana \u00abJalisco\u00bb.<\/li>\n<li><strong>Proceso de inoculaci\u00f3n<\/strong>: Agita bien la jeringuilla con las esporas de champi\u00f1\u00f3n para asegurarte de que las esporas se distribuyen uniformemente. A continuaci\u00f3n, utiliza la jeringuilla para distribuir las esporas uniformemente por el sustrato. Esto puede hacerse aplicando peque\u00f1as cantidades de esporas en diferentes puntos del sustrato.<\/li>\n<li><strong>Incubaci\u00f3n<\/strong>: Una vez inoculado el sustrato con las esporas del hongo, es el momento de incubarlo. Coloca el sustrato en una habitaci\u00f3n oscura y c\u00e1lida, con una temperatura constante entre 22-26\u00b0C. Esto favorece la colonizaci\u00f3n del sustrato por las esporas del hongo.<\/li>\n<li><strong>Crecimiento y cosecha<\/strong>: Al cabo de unas semanas, las esporas de los hongos deber\u00edan empezar a colonizar y convertirse en setas. Sigue comprobando la humedad del sustrato y cualquier signo de contaminaci\u00f3n. Una vez que las setas est\u00e1n completamente desarrolladas, pueden recolectarse para el consumo.<\/li>\n<\/ol>\n<h3>Contenido<\/h3>\n<ul>\n<li>Jeringa de 10 ml con cultivo l\u00edquido de Psilocybe mexicana \u00abJalisco\u00bb.<\/li>\n<li>1x Aguja de inoculaci\u00f3n est\u00e9ril 18G para una aplicaci\u00f3n precisa.<\/li>\n<li>1x Preparaci\u00f3n con alcohol para condiciones de trabajo est\u00e9riles.<\/li>\n<\/ul>\n<h3>Consejos de almacenamiento<\/h3>\n<ul>\n<li>Utilice el cultivo l\u00edquido en un plazo de 2 meses.<\/li>\n<li>Gu\u00e1rdelo en el frigor\u00edfico o en otro lugar fresco y oscuro.<\/li>\n<li>Evitar la exposici\u00f3n a los rayos UV.<\/li>\n<li>Fuera del alcance de los ni\u00f1os.<\/li>\n<\/ul>\n","protected":false},"excerpt":{"rendered":"<p>La variedad Psilocybe Mexicana (Jalisco) Cultivo L\u00edquido en Spray de Psilocybe mexicana se distingue por sus caracter\u00edsticas espec\u00edficas de crecimiento y su potencial para la formaci\u00f3n de esclerocios, lo que contribuye a la riqueza de su uso tanto en las pr\u00e1cticas tradicionales como en las modernas. Esta jeringuilla de cultivo l\u00edquido permite a los cultivadores [&hellip;]<\/p>\n","protected":false},"featured_media":46263,"comment_status":"closed","ping_status":"closed","template":"","meta":[],"product_brand":[],"product_cat":[359],"product_tag":[],"class_list":{"0":"post-46524","1":"product","2":"type-product","3":"status-publish","4":"has-post-thumbnail","6":"product_cat-jeringas-para-cultivo-de-liquidos","8":"first","9":"instock","10":"taxable","11":"shipping-taxable","12":"purchasable","13":"product-type-simple"},"yoast_head":"<!-- This site is optimized with the Yoast SEO Premium plugin v26.4 (Yoast SEO v27.2) - https:\/\/yoast.com\/product\/yoast-seo-premium-wordpress\/ -->\n<title>Psilocybe Mexicana (Jalisco) Jeringa de cultivo l\u00edquido - Dutchmicrodosing<\/title>\n<meta name=\"description\" content=\"Cult\u00edvate con la jeringa de cultivo l\u00edquido Psilocybe Mexicana (Jalisco). Listo para usar y lleno de micelio activo para que empieces a cultivar sin problemas.\" \/>\n<meta name=\"robots\" content=\"index, follow, max-snippet:-1, max-image-preview:large, max-video-preview:-1\" \/>\n<link rel=\"canonical\" href=\"https:\/\/dutchmicrodosing.com\/es\/esporas-de-setas-magicas\/jeringas-para-cultivo-de-liquidos\/psilocybe-mexicana-jalisco-liquid-culture-spuit\/\" \/>\n<meta property=\"og:locale\" content=\"es_ES\" \/>\n<meta property=\"og:type\" content=\"article\" \/>\n<meta property=\"og:title\" content=\"Psilocybe Mexicana (Jalisco) Jeringa de cultivo l\u00edquido\" \/>\n<meta property=\"og:description\" content=\"La variedad Psilocybe Mexicana (Jalisco) Cultivo L\u00edquido en Spray de Psilocybe mexicana se distingue por sus caracter\u00edsticas espec\u00edficas de crecimiento y\" \/>\n<meta property=\"og:url\" content=\"https:\/\/dutchmicrodosing.com\/es\/esporas-de-setas-magicas\/jeringas-para-cultivo-de-liquidos\/psilocybe-mexicana-jalisco-liquid-culture-spuit\/\" \/>\n<meta property=\"og:site_name\" content=\"Dutchmicrodosing\" \/>\n<meta property=\"article:publisher\" content=\"https:\/\/www.facebook.com\/Dutchmicrodosingxp\/\" \/>\n<meta property=\"article:modified_time\" content=\"2025-08-20T16:58:06+00:00\" \/>\n<meta property=\"og:image\" content=\"https:\/\/dutchmicrodosing.com\/wp-content\/uploads\/2025\/01\/Philosophr-Liquid-culture-packaging-_2_.jpg\" \/>\n\t<meta property=\"og:image:width\" content=\"1512\" \/>\n\t<meta property=\"og:image:height\" content=\"1512\" \/>\n\t<meta property=\"og:image:type\" content=\"image\/jpeg\" \/>\n<meta name=\"twitter:card\" content=\"summary_large_image\" \/>\n<script type=\"application\/ld+json\" class=\"yoast-schema-graph\">{\"@context\":\"https:\/\/schema.org\",\"@graph\":[{\"@type\":\"WebPage\",\"@id\":\"https:\/\/dutchmicrodosing.com\/es\/esporas-de-setas-magicas\/jeringas-para-cultivo-de-liquidos\/psilocybe-mexicana-jalisco-liquid-culture-spuit\/\",\"url\":\"https:\/\/dutchmicrodosing.com\/es\/esporas-de-setas-magicas\/jeringas-para-cultivo-de-liquidos\/psilocybe-mexicana-jalisco-liquid-culture-spuit\/\",\"name\":\"Psilocybe Mexicana (Jalisco) Jeringa de cultivo l\u00edquido - Dutchmicrodosing\",\"isPartOf\":{\"@id\":\"https:\/\/dutchmicrodosing.com\/es\/#website\"},\"primaryImageOfPage\":{\"@id\":\"https:\/\/dutchmicrodosing.com\/es\/esporas-de-setas-magicas\/jeringas-para-cultivo-de-liquidos\/psilocybe-mexicana-jalisco-liquid-culture-spuit\/#primaryimage\"},\"image\":{\"@id\":\"https:\/\/dutchmicrodosing.com\/es\/esporas-de-setas-magicas\/jeringas-para-cultivo-de-liquidos\/psilocybe-mexicana-jalisco-liquid-culture-spuit\/#primaryimage\"},\"thumbnailUrl\":\"https:\/\/dutchmicrodosing.com\/wp-content\/uploads\/2025\/01\/Philosophr-Liquid-culture-packaging-_2_.jpg\",\"datePublished\":\"2025-03-13T09:16:18+00:00\",\"dateModified\":\"2025-08-20T16:58:06+00:00\",\"description\":\"Cult\u00edvate con la jeringa de cultivo l\u00edquido Psilocybe Mexicana (Jalisco). Listo para usar y lleno de micelio activo para que empieces a cultivar sin problemas.\",\"breadcrumb\":{\"@id\":\"https:\/\/dutchmicrodosing.com\/es\/esporas-de-setas-magicas\/jeringas-para-cultivo-de-liquidos\/psilocybe-mexicana-jalisco-liquid-culture-spuit\/#breadcrumb\"},\"inLanguage\":\"es\",\"potentialAction\":[{\"@type\":\"ReadAction\",\"target\":[\"https:\/\/dutchmicrodosing.com\/es\/esporas-de-setas-magicas\/jeringas-para-cultivo-de-liquidos\/psilocybe-mexicana-jalisco-liquid-culture-spuit\/\"]}]},{\"@type\":\"ImageObject\",\"inLanguage\":\"es\",\"@id\":\"https:\/\/dutchmicrodosing.com\/es\/esporas-de-setas-magicas\/jeringas-para-cultivo-de-liquidos\/psilocybe-mexicana-jalisco-liquid-culture-spuit\/#primaryimage\",\"url\":\"https:\/\/dutchmicrodosing.com\/wp-content\/uploads\/2025\/01\/Philosophr-Liquid-culture-packaging-_2_.jpg\",\"contentUrl\":\"https:\/\/dutchmicrodosing.com\/wp-content\/uploads\/2025\/01\/Philosophr-Liquid-culture-packaging-_2_.jpg\",\"width\":1512,\"height\":1512},{\"@type\":\"BreadcrumbList\",\"@id\":\"https:\/\/dutchmicrodosing.com\/es\/esporas-de-setas-magicas\/jeringas-para-cultivo-de-liquidos\/psilocybe-mexicana-jalisco-liquid-culture-spuit\/#breadcrumb\",\"itemListElement\":[{\"@type\":\"ListItem\",\"position\":1,\"name\":\"Home\",\"item\":\"https:\/\/dutchmicrodosing.com\/es\/\"},{\"@type\":\"ListItem\",\"position\":2,\"name\":\"Tienda\",\"item\":\"https:\/\/dutchmicrodosing.com\/es\/tienda\/\"},{\"@type\":\"ListItem\",\"position\":3,\"name\":\"Psilocybe Mexicana (Jalisco) Jeringa de cultivo l\u00edquido\"}]},{\"@type\":\"WebSite\",\"@id\":\"https:\/\/dutchmicrodosing.com\/es\/#website\",\"url\":\"https:\/\/dutchmicrodosing.com\/es\/\",\"name\":\"Dutchmicrodosing\",\"description\":\"\",\"publisher\":{\"@id\":\"https:\/\/dutchmicrodosing.com\/es\/#organization\"},\"potentialAction\":[{\"@type\":\"SearchAction\",\"target\":{\"@type\":\"EntryPoint\",\"urlTemplate\":\"https:\/\/dutchmicrodosing.com\/es\/?s={search_term_string}\"},\"query-input\":{\"@type\":\"PropertyValueSpecification\",\"valueRequired\":true,\"valueName\":\"search_term_string\"}}],\"inLanguage\":\"es\"},{\"@type\":\"Organization\",\"@id\":\"https:\/\/dutchmicrodosing.com\/es\/#organization\",\"name\":\"Dutchmicrodosing\",\"url\":\"https:\/\/dutchmicrodosing.com\/es\/\",\"logo\":{\"@type\":\"ImageObject\",\"inLanguage\":\"es\",\"@id\":\"https:\/\/dutchmicrodosing.com\/es\/#\/schema\/logo\/image\/\",\"url\":\"https:\/\/dutchmicrodosing.com\/wp-content\/uploads\/2021\/01\/microdosing-categorie-pic-nieuw.jpg\",\"contentUrl\":\"https:\/\/dutchmicrodosing.com\/wp-content\/uploads\/2021\/01\/microdosing-categorie-pic-nieuw.jpg\",\"width\":500,\"height\":500,\"caption\":\"Dutchmicrodosing\"},\"image\":{\"@id\":\"https:\/\/dutchmicrodosing.com\/es\/#\/schema\/logo\/image\/\"},\"sameAs\":[\"https:\/\/www.facebook.com\/Dutchmicrodosingxp\/\",\"https:\/\/www.instagram.com\/dutchmicrodosing\/\"]}]}<\/script>\n<meta property=\"product:price:amount\" content=\"18.95\" \/>\n<meta property=\"product:price:currency\" content=\"EUR\" \/>\n<meta property=\"og:availability\" content=\"instock\" \/>\n<meta property=\"product:availability\" content=\"instock\" \/>\n<meta property=\"product:retailer_item_id\" content=\"5203184\" \/>\n<meta property=\"product:condition\" content=\"new\" \/>\n<!-- \/ Yoast SEO Premium plugin. -->","yoast_head_json":{"title":"Psilocybe Mexicana (Jalisco) Jeringa de cultivo l\u00edquido - Dutchmicrodosing","description":"Cult\u00edvate con la jeringa de cultivo l\u00edquido Psilocybe Mexicana (Jalisco). Listo para usar y lleno de micelio activo para que empieces a cultivar sin problemas.","robots":{"index":"index","follow":"follow","max-snippet":"max-snippet:-1","max-image-preview":"max-image-preview:large","max-video-preview":"max-video-preview:-1"},"canonical":"https:\/\/dutchmicrodosing.com\/es\/esporas-de-setas-magicas\/jeringas-para-cultivo-de-liquidos\/psilocybe-mexicana-jalisco-liquid-culture-spuit\/","og_locale":"es_ES","og_type":"article","og_title":"Psilocybe Mexicana (Jalisco) Jeringa de cultivo l\u00edquido","og_description":"La variedad Psilocybe Mexicana (Jalisco) Cultivo L\u00edquido en Spray de Psilocybe mexicana se distingue por sus caracter\u00edsticas espec\u00edficas de crecimiento y","og_url":"https:\/\/dutchmicrodosing.com\/es\/esporas-de-setas-magicas\/jeringas-para-cultivo-de-liquidos\/psilocybe-mexicana-jalisco-liquid-culture-spuit\/","og_site_name":"Dutchmicrodosing","article_publisher":"https:\/\/www.facebook.com\/Dutchmicrodosingxp\/","article_modified_time":"2025-08-20T16:58:06+00:00","og_image":[{"width":1512,"height":1512,"url":"https:\/\/dutchmicrodosing.com\/wp-content\/uploads\/2025\/01\/Philosophr-Liquid-culture-packaging-_2_.jpg","type":"image\/jpeg"}],"twitter_card":"summary_large_image","schema":{"@context":"https:\/\/schema.org","@graph":[{"@type":"WebPage","@id":"https:\/\/dutchmicrodosing.com\/es\/esporas-de-setas-magicas\/jeringas-para-cultivo-de-liquidos\/psilocybe-mexicana-jalisco-liquid-culture-spuit\/","url":"https:\/\/dutchmicrodosing.com\/es\/esporas-de-setas-magicas\/jeringas-para-cultivo-de-liquidos\/psilocybe-mexicana-jalisco-liquid-culture-spuit\/","name":"Psilocybe Mexicana (Jalisco) Jeringa de cultivo l\u00edquido - Dutchmicrodosing","isPartOf":{"@id":"https:\/\/dutchmicrodosing.com\/es\/#website"},"primaryImageOfPage":{"@id":"https:\/\/dutchmicrodosing.com\/es\/esporas-de-setas-magicas\/jeringas-para-cultivo-de-liquidos\/psilocybe-mexicana-jalisco-liquid-culture-spuit\/#primaryimage"},"image":{"@id":"https:\/\/dutchmicrodosing.com\/es\/esporas-de-setas-magicas\/jeringas-para-cultivo-de-liquidos\/psilocybe-mexicana-jalisco-liquid-culture-spuit\/#primaryimage"},"thumbnailUrl":"https:\/\/dutchmicrodosing.com\/wp-content\/uploads\/2025\/01\/Philosophr-Liquid-culture-packaging-_2_.jpg","datePublished":"2025-03-13T09:16:18+00:00","dateModified":"2025-08-20T16:58:06+00:00","description":"Cult\u00edvate con la jeringa de cultivo l\u00edquido Psilocybe Mexicana (Jalisco). Listo para usar y lleno de micelio activo para que empieces a cultivar sin problemas.","breadcrumb":{"@id":"https:\/\/dutchmicrodosing.com\/es\/esporas-de-setas-magicas\/jeringas-para-cultivo-de-liquidos\/psilocybe-mexicana-jalisco-liquid-culture-spuit\/#breadcrumb"},"inLanguage":"es","potentialAction":[{"@type":"ReadAction","target":["https:\/\/dutchmicrodosing.com\/es\/esporas-de-setas-magicas\/jeringas-para-cultivo-de-liquidos\/psilocybe-mexicana-jalisco-liquid-culture-spuit\/"]}]},{"@type":"ImageObject","inLanguage":"es","@id":"https:\/\/dutchmicrodosing.com\/es\/esporas-de-setas-magicas\/jeringas-para-cultivo-de-liquidos\/psilocybe-mexicana-jalisco-liquid-culture-spuit\/#primaryimage","url":"https:\/\/dutchmicrodosing.com\/wp-content\/uploads\/2025\/01\/Philosophr-Liquid-culture-packaging-_2_.jpg","contentUrl":"https:\/\/dutchmicrodosing.com\/wp-content\/uploads\/2025\/01\/Philosophr-Liquid-culture-packaging-_2_.jpg","width":1512,"height":1512},{"@type":"BreadcrumbList","@id":"https:\/\/dutchmicrodosing.com\/es\/esporas-de-setas-magicas\/jeringas-para-cultivo-de-liquidos\/psilocybe-mexicana-jalisco-liquid-culture-spuit\/#breadcrumb","itemListElement":[{"@type":"ListItem","position":1,"name":"Home","item":"https:\/\/dutchmicrodosing.com\/es\/"},{"@type":"ListItem","position":2,"name":"Tienda","item":"https:\/\/dutchmicrodosing.com\/es\/tienda\/"},{"@type":"ListItem","position":3,"name":"Psilocybe Mexicana (Jalisco) Jeringa de cultivo l\u00edquido"}]},{"@type":"WebSite","@id":"https:\/\/dutchmicrodosing.com\/es\/#website","url":"https:\/\/dutchmicrodosing.com\/es\/","name":"Dutchmicrodosing","description":"","publisher":{"@id":"https:\/\/dutchmicrodosing.com\/es\/#organization"},"potentialAction":[{"@type":"SearchAction","target":{"@type":"EntryPoint","urlTemplate":"https:\/\/dutchmicrodosing.com\/es\/?s={search_term_string}"},"query-input":{"@type":"PropertyValueSpecification","valueRequired":true,"valueName":"search_term_string"}}],"inLanguage":"es"},{"@type":"Organization","@id":"https:\/\/dutchmicrodosing.com\/es\/#organization","name":"Dutchmicrodosing","url":"https:\/\/dutchmicrodosing.com\/es\/","logo":{"@type":"ImageObject","inLanguage":"es","@id":"https:\/\/dutchmicrodosing.com\/es\/#\/schema\/logo\/image\/","url":"https:\/\/dutchmicrodosing.com\/wp-content\/uploads\/2021\/01\/microdosing-categorie-pic-nieuw.jpg","contentUrl":"https:\/\/dutchmicrodosing.com\/wp-content\/uploads\/2021\/01\/microdosing-categorie-pic-nieuw.jpg","width":500,"height":500,"caption":"Dutchmicrodosing"},"image":{"@id":"https:\/\/dutchmicrodosing.com\/es\/#\/schema\/logo\/image\/"},"sameAs":["https:\/\/www.facebook.com\/Dutchmicrodosingxp\/","https:\/\/www.instagram.com\/dutchmicrodosing\/"]}]},"product_price_amount":"18.95","product_price_currency":"EUR","og_availability":"instock","product_availability":"instock","product_retailer_item_id":"5203184","product_condition":"new"},"_links":{"self":[{"href":"https:\/\/dutchmicrodosing.com\/es\/wp-json\/wp\/v2\/product\/46524","targetHints":{"allow":["GET"]}}],"collection":[{"href":"https:\/\/dutchmicrodosing.com\/es\/wp-json\/wp\/v2\/product"}],"about":[{"href":"https:\/\/dutchmicrodosing.com\/es\/wp-json\/wp\/v2\/types\/product"}],"replies":[{"embeddable":true,"href":"https:\/\/dutchmicrodosing.com\/es\/wp-json\/wp\/v2\/comments?post=46524"}],"version-history":[{"count":0,"href":"https:\/\/dutchmicrodosing.com\/es\/wp-json\/wp\/v2\/product\/46524\/revisions"}],"wp:featuredmedia":[{"embeddable":true,"href":"https:\/\/dutchmicrodosing.com\/es\/wp-json\/wp\/v2\/media\/46263"}],"wp:attachment":[{"href":"https:\/\/dutchmicrodosing.com\/es\/wp-json\/wp\/v2\/media?parent=46524"}],"wp:term":[{"taxonomy":"product_brand","embeddable":true,"href":"https:\/\/dutchmicrodosing.com\/es\/wp-json\/wp\/v2\/product_brand?post=46524"},{"taxonomy":"product_cat","embeddable":true,"href":"https:\/\/dutchmicrodosing.com\/es\/wp-json\/wp\/v2\/product_cat?post=46524"},{"taxonomy":"product_tag","embeddable":true,"href":"https:\/\/dutchmicrodosing.com\/es\/wp-json\/wp\/v2\/product_tag?post=46524"}],"curies":[{"name":"wp","href":"https:\/\/api.w.org\/{rel}","templated":true}]}}