{"id":46583,"date":"2025-03-12T14:43:25","date_gmt":"2025-03-12T13:43:25","guid":{"rendered":"https:\/\/dutchmicrodosing.com\/?post_type=product&#038;p=46583"},"modified":"2025-08-19T01:04:18","modified_gmt":"2025-08-18T23:04:18","slug":"panaeolus-cyanescens-jamaica-liquid-culture-spuit","status":"publish","type":"product","link":"https:\/\/dutchmicrodosing.com\/es\/esporas-de-setas-magicas\/jeringas-para-cultivo-de-liquidos\/panaeolus-cyanescens-jamaica-liquid-culture-spuit\/","title":{"rendered":"Panaeolus Cyanescens (Jamaica) Jeringa de cultivo l\u00edquido"},"content":{"rendered":"<p><strong>El Panaeolus cyanescens \u00abJamaica\u00bb Jeringa de Cultivo L\u00edquido<\/strong> es una especie de seta tropical tambi\u00e9n conocida como Copelandia cyanescens. Conocida por sus efectos muy potentes, esta variedad requiere unas condiciones de cultivo espec\u00edficas. Como tiene unos requisitos diferentes de la Psilocybe cubensis habitual, es especialmente adecuada para cultivadores experimentados. Esta variedad de Jamaica, a menudo llamada \u00abBlue Meanies\u00bb, se vuelve intensamente azul al tocarla. Esto se debe a sus elevadas concentraciones de psilocibina y psilocina, que la convierten en una de las cepas m\u00e1s potentes de su familia.<\/p>\n<h3>Pureza gen\u00e9tica:<\/h3>\n<p>Aislados profesionalmente y preparados en condiciones est\u00e9riles para minimizar los riesgos de contaminaci\u00f3n. Una variedad rara y visualmente llamativa<\/p>\n<h3>\u00bfEn qu\u00e9 sustrato cultivamos?<\/h3>\n<p>Adecuado para sustrato a base de esti\u00e9rcol.<\/p>\n<h3>Utilice<\/h3>\n<p>Inocular tu sustrato nunca ha sido tan f\u00e1cil. Con una simple inyecci\u00f3n de Cultivo L\u00edquido Panaeolus cyanescens \u00abJamaica\u00bb, puedes ver c\u00f3mo se multiplica la red micelial y transforma tu medio de cultivo en un lienzo en el que pueden florecer las setas.<\/p>\n<ol>\n<li><strong>Esterilizaci\u00f3n o pasteurizaci\u00f3n<\/strong><br \/>\nPara cultivar con \u00e9xito Panaeolus cyanescens \u00abJamaica\u00bb Cultivo L\u00edquido, es esencial disponer de un sustrato limpio y rico en nutrientes. Como esta especie crece principalmente sobre esti\u00e9rcol, es importante esterilizar o pasteurizar el sustrato para eliminar las bacterias y los hongos no deseados.<\/p>\n<p>Pasteurizaci\u00f3n (recomendada): Calienta el sustrato (como esti\u00e9rcol de caballo o vaca mezclado con paja) a 60-70\u00b0C durante 1-2 horas utilizando vapor o un ba\u00f1o de agua caliente.<br \/>\nEsterilizaci\u00f3n<strong>:<\/strong> Utiliza un autoclave o una olla a presi\u00f3n para esterilizar bien el sustrato, sobre todo si utilizas sustratos de cereales.<\/li>\n<li><strong>Inoculaci\u00f3n del sustrato<\/strong><br \/>\nTras la pasteurizaci\u00f3n, deja que el sustrato se enfr\u00ede a temperatura ambiente. Luego puedes utilizar el Cultivo L\u00edquido Panaeolus cyanescens \u00abJamaica\u00bb para inocular el sustrato. Utiliza una jeringuilla est\u00e9ril para esparcir uniformemente el cultivo l\u00edquido sobre el sustrato a base de esti\u00e9rcol. Trabaja en un entorno limpio y est\u00e9ril para evitar la contaminaci\u00f3n.<\/li>\n<li><strong>Incubaci\u00f3n &#8211; Colonizaci\u00f3n del micelio<\/strong><br \/>\nAhora que se ha inoculado el sustrato, el micelio necesita tiempo para dispersarse y colonizar completamente el sustrato. Coloca el sustrato en una habitaci\u00f3n oscura y c\u00e1lida con una temperatura entre 24-26\u00b0C. En 10-14 d\u00edas, el micelio deber\u00eda hacerse visible. Mant\u00e9n el sustrato ligeramente h\u00famedo, pero evita regarlo en exceso.<\/li>\n<li><strong>Fructificaci\u00f3n &#8211; Condiciones \u00f3ptimas de cultivo<\/strong><br \/>\nCuando el sustrato est\u00e9 totalmente colonizado, trasl\u00e1dalo a un entorno con las condiciones adecuadas para el crecimiento de los hongos:Humedad:Mant\u00e9n una humedad elevada (90-95%) nebulizando regularmente y proporcionando una ventilaci\u00f3n adecuada.<br \/>\nTemperatura: Mant\u00e9n una temperatura estable entre 22-26\u00b0C.<br \/>\nIluminaci\u00f3n: Aunque el Panaeolus cyanescens no necesita luz intensa, la luz diurna indirecta o una luz de crecimiento d\u00e9bil estimulan la formaci\u00f3n de setas.<\/li>\n<li><strong>Recolecci\u00f3n &#8211; \u00bfCu\u00e1ndo est\u00e1n listas las setas?<\/strong><br \/>\nAl cabo de 2-4 semanas, empiezan a formarse setas. El Panaeolus cyanescens \u00abJamaica\u00bb es conocido por sus cuerpos fruct\u00edferos peque\u00f1os pero vigorosos, con un tallo delgado y un capuch\u00f3n rizado.<\/li>\n<\/ol>\n<h3>Contenido<\/h3>\n<ul>\n<li>Jeringa de 10 ml con cultivo l\u00edquido de Panaeolus cyanescens \u00abJamaica\u00bb.<\/li>\n<li>1x aguja est\u00e9ril 18G para una aplicaci\u00f3n precisa.<\/li>\n<li>1x preparaci\u00f3n con alcohol para condiciones de trabajo est\u00e9riles.<\/li>\n<\/ul>\n<h3>Consejos de almacenamiento<\/h3>\n<ul>\n<li>Utilice el cultivo l\u00edquido en un plazo de 2 meses.<\/li>\n<li>Gu\u00e1rdelo en el frigor\u00edfico o en otro lugar fresco y oscuro.<\/li>\n<li>Evitar la exposici\u00f3n a los rayos UV.<\/li>\n<li>Fuera del alcance de los ni\u00f1os.<\/li>\n<\/ul>\n","protected":false},"excerpt":{"rendered":"<p>El Panaeolus cyanescens \u00abJamaica\u00bb Jeringa de Cultivo L\u00edquido es una especie de seta tropical tambi\u00e9n conocida como Copelandia cyanescens. Conocida por sus efectos muy potentes, esta variedad requiere unas condiciones de cultivo espec\u00edficas. Como tiene unos requisitos diferentes de la Psilocybe cubensis habitual, es especialmente adecuada para cultivadores experimentados. Esta variedad de Jamaica, a menudo [&hellip;]<\/p>\n","protected":false},"featured_media":46269,"comment_status":"closed","ping_status":"closed","template":"","meta":[],"product_brand":[],"product_cat":[359],"product_tag":[],"class_list":{"0":"post-46583","1":"product","2":"type-product","3":"status-publish","4":"has-post-thumbnail","6":"product_cat-jeringas-para-cultivo-de-liquidos","8":"first","9":"instock","10":"taxable","11":"shipping-taxable","12":"purchasable","13":"product-type-simple"},"yoast_head":"<!-- This site is optimized with the Yoast SEO Premium plugin v26.4 (Yoast SEO v27.4) - https:\/\/yoast.com\/product\/yoast-seo-premium-wordpress\/ -->\n<title>Panaeolus Cyanescens (Jamaica) Jeringa de cultivo l\u00edquido - Dutchmicrodosing<\/title>\n<meta name=\"description\" content=\"Ponte manos a la obra con la jeringa de cultivo l\u00edquido de Panaeolus Cyanescens (Jamaica). Perfecta para cultivadores avanzados que quieran experimentar por s\u00ed mismos con la potente.....\" \/>\n<meta name=\"robots\" content=\"index, follow, max-snippet:-1, max-image-preview:large, max-video-preview:-1\" \/>\n<link rel=\"canonical\" href=\"https:\/\/dutchmicrodosing.com\/es\/esporas-de-setas-magicas\/jeringas-para-cultivo-de-liquidos\/panaeolus-cyanescens-jamaica-liquid-culture-spuit\/\" \/>\n<meta property=\"og:locale\" content=\"es_ES\" \/>\n<meta property=\"og:type\" content=\"article\" \/>\n<meta property=\"og:title\" content=\"Panaeolus Cyanescens (Jamaica) Jeringa de cultivo l\u00edquido\" \/>\n<meta property=\"og:description\" content=\"El Panaeolus cyanescens &quot;Jamaica&quot; Jeringa de Cultivo L\u00edquido es una especie de seta tropical tambi\u00e9n conocida como Copelandia cyanescens. Conocida por sus\" \/>\n<meta property=\"og:url\" content=\"https:\/\/dutchmicrodosing.com\/es\/esporas-de-setas-magicas\/jeringas-para-cultivo-de-liquidos\/panaeolus-cyanescens-jamaica-liquid-culture-spuit\/\" \/>\n<meta property=\"og:site_name\" content=\"Dutchmicrodosing\" \/>\n<meta property=\"article:publisher\" content=\"https:\/\/www.facebook.com\/Dutchmicrodosingxp\/\" \/>\n<meta property=\"article:modified_time\" content=\"2025-08-18T23:04:18+00:00\" \/>\n<meta property=\"og:image\" content=\"https:\/\/dutchmicrodosing.com\/wp-content\/uploads\/2025\/01\/Philosophr-Liquid-culture-packaging-_2_-1.jpg\" \/>\n\t<meta property=\"og:image:width\" content=\"1512\" \/>\n\t<meta property=\"og:image:height\" content=\"1512\" \/>\n\t<meta property=\"og:image:type\" content=\"image\/jpeg\" \/>\n<meta name=\"twitter:card\" content=\"summary_large_image\" \/>\n<script type=\"application\/ld+json\" class=\"yoast-schema-graph\">{\"@context\":\"https:\\\/\\\/schema.org\",\"@graph\":[{\"@type\":\"WebPage\",\"@id\":\"https:\\\/\\\/dutchmicrodosing.com\\\/es\\\/esporas-de-setas-magicas\\\/jeringas-para-cultivo-de-liquidos\\\/panaeolus-cyanescens-jamaica-liquid-culture-spuit\\\/\",\"url\":\"https:\\\/\\\/dutchmicrodosing.com\\\/es\\\/esporas-de-setas-magicas\\\/jeringas-para-cultivo-de-liquidos\\\/panaeolus-cyanescens-jamaica-liquid-culture-spuit\\\/\",\"name\":\"Panaeolus Cyanescens (Jamaica) Jeringa de cultivo l\u00edquido - Dutchmicrodosing\",\"isPartOf\":{\"@id\":\"https:\\\/\\\/dutchmicrodosing.com\\\/es\\\/#website\"},\"primaryImageOfPage\":{\"@id\":\"https:\\\/\\\/dutchmicrodosing.com\\\/es\\\/esporas-de-setas-magicas\\\/jeringas-para-cultivo-de-liquidos\\\/panaeolus-cyanescens-jamaica-liquid-culture-spuit\\\/#primaryimage\"},\"image\":{\"@id\":\"https:\\\/\\\/dutchmicrodosing.com\\\/es\\\/esporas-de-setas-magicas\\\/jeringas-para-cultivo-de-liquidos\\\/panaeolus-cyanescens-jamaica-liquid-culture-spuit\\\/#primaryimage\"},\"thumbnailUrl\":\"https:\\\/\\\/dutchmicrodosing.com\\\/wp-content\\\/uploads\\\/2025\\\/01\\\/Philosophr-Liquid-culture-packaging-_2_-1.jpg\",\"datePublished\":\"2025-03-12T13:43:25+00:00\",\"dateModified\":\"2025-08-18T23:04:18+00:00\",\"description\":\"Ponte manos a la obra con la jeringa de cultivo l\u00edquido de Panaeolus Cyanescens (Jamaica). Perfecta para cultivadores avanzados que quieran experimentar por s\u00ed mismos con la potente.....\",\"breadcrumb\":{\"@id\":\"https:\\\/\\\/dutchmicrodosing.com\\\/es\\\/esporas-de-setas-magicas\\\/jeringas-para-cultivo-de-liquidos\\\/panaeolus-cyanescens-jamaica-liquid-culture-spuit\\\/#breadcrumb\"},\"inLanguage\":\"es\",\"potentialAction\":[{\"@type\":\"ReadAction\",\"target\":[\"https:\\\/\\\/dutchmicrodosing.com\\\/es\\\/esporas-de-setas-magicas\\\/jeringas-para-cultivo-de-liquidos\\\/panaeolus-cyanescens-jamaica-liquid-culture-spuit\\\/\"]}]},{\"@type\":\"ImageObject\",\"inLanguage\":\"es\",\"@id\":\"https:\\\/\\\/dutchmicrodosing.com\\\/es\\\/esporas-de-setas-magicas\\\/jeringas-para-cultivo-de-liquidos\\\/panaeolus-cyanescens-jamaica-liquid-culture-spuit\\\/#primaryimage\",\"url\":\"https:\\\/\\\/dutchmicrodosing.com\\\/wp-content\\\/uploads\\\/2025\\\/01\\\/Philosophr-Liquid-culture-packaging-_2_-1.jpg\",\"contentUrl\":\"https:\\\/\\\/dutchmicrodosing.com\\\/wp-content\\\/uploads\\\/2025\\\/01\\\/Philosophr-Liquid-culture-packaging-_2_-1.jpg\",\"width\":1512,\"height\":1512},{\"@type\":\"BreadcrumbList\",\"@id\":\"https:\\\/\\\/dutchmicrodosing.com\\\/es\\\/esporas-de-setas-magicas\\\/jeringas-para-cultivo-de-liquidos\\\/panaeolus-cyanescens-jamaica-liquid-culture-spuit\\\/#breadcrumb\",\"itemListElement\":[{\"@type\":\"ListItem\",\"position\":1,\"name\":\"Home\",\"item\":\"https:\\\/\\\/dutchmicrodosing.com\\\/es\\\/\"},{\"@type\":\"ListItem\",\"position\":2,\"name\":\"Tienda\",\"item\":\"https:\\\/\\\/dutchmicrodosing.com\\\/es\\\/tienda\\\/\"},{\"@type\":\"ListItem\",\"position\":3,\"name\":\"Panaeolus Cyanescens (Jamaica) Jeringa de cultivo l\u00edquido\"}]},{\"@type\":\"WebSite\",\"@id\":\"https:\\\/\\\/dutchmicrodosing.com\\\/es\\\/#website\",\"url\":\"https:\\\/\\\/dutchmicrodosing.com\\\/es\\\/\",\"name\":\"Dutchmicrodosing\",\"description\":\"\",\"publisher\":{\"@id\":\"https:\\\/\\\/dutchmicrodosing.com\\\/es\\\/#organization\"},\"potentialAction\":[{\"@type\":\"SearchAction\",\"target\":{\"@type\":\"EntryPoint\",\"urlTemplate\":\"https:\\\/\\\/dutchmicrodosing.com\\\/es\\\/?s={search_term_string}\"},\"query-input\":{\"@type\":\"PropertyValueSpecification\",\"valueRequired\":true,\"valueName\":\"search_term_string\"}}],\"inLanguage\":\"es\"},{\"@type\":\"Organization\",\"@id\":\"https:\\\/\\\/dutchmicrodosing.com\\\/es\\\/#organization\",\"name\":\"Dutchmicrodosing\",\"url\":\"https:\\\/\\\/dutchmicrodosing.com\\\/es\\\/\",\"logo\":{\"@type\":\"ImageObject\",\"inLanguage\":\"es\",\"@id\":\"https:\\\/\\\/dutchmicrodosing.com\\\/es\\\/#\\\/schema\\\/logo\\\/image\\\/\",\"url\":\"https:\\\/\\\/dutchmicrodosing.com\\\/wp-content\\\/uploads\\\/2021\\\/01\\\/microdosing-categorie-pic-nieuw.jpg\",\"contentUrl\":\"https:\\\/\\\/dutchmicrodosing.com\\\/wp-content\\\/uploads\\\/2021\\\/01\\\/microdosing-categorie-pic-nieuw.jpg\",\"width\":500,\"height\":500,\"caption\":\"Dutchmicrodosing\"},\"image\":{\"@id\":\"https:\\\/\\\/dutchmicrodosing.com\\\/es\\\/#\\\/schema\\\/logo\\\/image\\\/\"},\"sameAs\":[\"https:\\\/\\\/www.facebook.com\\\/Dutchmicrodosingxp\\\/\",\"https:\\\/\\\/www.instagram.com\\\/dutchmicrodosing\\\/\"]}]}<\/script>\n<meta property=\"product:price:amount\" content=\"18.95\" \/>\n<meta property=\"product:price:currency\" content=\"EUR\" \/>\n<meta property=\"og:availability\" content=\"instock\" \/>\n<meta property=\"product:availability\" content=\"instock\" \/>\n<meta property=\"product:retailer_item_id\" content=\"5203717\" \/>\n<meta property=\"product:condition\" content=\"new\" \/>\n<!-- \/ Yoast SEO Premium plugin. -->","yoast_head_json":{"title":"Panaeolus Cyanescens (Jamaica) Jeringa de cultivo l\u00edquido - Dutchmicrodosing","description":"Ponte manos a la obra con la jeringa de cultivo l\u00edquido de Panaeolus Cyanescens (Jamaica). Perfecta para cultivadores avanzados que quieran experimentar por s\u00ed mismos con la potente.....","robots":{"index":"index","follow":"follow","max-snippet":"max-snippet:-1","max-image-preview":"max-image-preview:large","max-video-preview":"max-video-preview:-1"},"canonical":"https:\/\/dutchmicrodosing.com\/es\/esporas-de-setas-magicas\/jeringas-para-cultivo-de-liquidos\/panaeolus-cyanescens-jamaica-liquid-culture-spuit\/","og_locale":"es_ES","og_type":"article","og_title":"Panaeolus Cyanescens (Jamaica) Jeringa de cultivo l\u00edquido","og_description":"El Panaeolus cyanescens \"Jamaica\" Jeringa de Cultivo L\u00edquido es una especie de seta tropical tambi\u00e9n conocida como Copelandia cyanescens. Conocida por sus","og_url":"https:\/\/dutchmicrodosing.com\/es\/esporas-de-setas-magicas\/jeringas-para-cultivo-de-liquidos\/panaeolus-cyanescens-jamaica-liquid-culture-spuit\/","og_site_name":"Dutchmicrodosing","article_publisher":"https:\/\/www.facebook.com\/Dutchmicrodosingxp\/","article_modified_time":"2025-08-18T23:04:18+00:00","og_image":[{"width":1512,"height":1512,"url":"https:\/\/dutchmicrodosing.com\/wp-content\/uploads\/2025\/01\/Philosophr-Liquid-culture-packaging-_2_-1.jpg","type":"image\/jpeg"}],"twitter_card":"summary_large_image","schema":{"@context":"https:\/\/schema.org","@graph":[{"@type":"WebPage","@id":"https:\/\/dutchmicrodosing.com\/es\/esporas-de-setas-magicas\/jeringas-para-cultivo-de-liquidos\/panaeolus-cyanescens-jamaica-liquid-culture-spuit\/","url":"https:\/\/dutchmicrodosing.com\/es\/esporas-de-setas-magicas\/jeringas-para-cultivo-de-liquidos\/panaeolus-cyanescens-jamaica-liquid-culture-spuit\/","name":"Panaeolus Cyanescens (Jamaica) Jeringa de cultivo l\u00edquido - Dutchmicrodosing","isPartOf":{"@id":"https:\/\/dutchmicrodosing.com\/es\/#website"},"primaryImageOfPage":{"@id":"https:\/\/dutchmicrodosing.com\/es\/esporas-de-setas-magicas\/jeringas-para-cultivo-de-liquidos\/panaeolus-cyanescens-jamaica-liquid-culture-spuit\/#primaryimage"},"image":{"@id":"https:\/\/dutchmicrodosing.com\/es\/esporas-de-setas-magicas\/jeringas-para-cultivo-de-liquidos\/panaeolus-cyanescens-jamaica-liquid-culture-spuit\/#primaryimage"},"thumbnailUrl":"https:\/\/dutchmicrodosing.com\/wp-content\/uploads\/2025\/01\/Philosophr-Liquid-culture-packaging-_2_-1.jpg","datePublished":"2025-03-12T13:43:25+00:00","dateModified":"2025-08-18T23:04:18+00:00","description":"Ponte manos a la obra con la jeringa de cultivo l\u00edquido de Panaeolus Cyanescens (Jamaica). Perfecta para cultivadores avanzados que quieran experimentar por s\u00ed mismos con la potente.....","breadcrumb":{"@id":"https:\/\/dutchmicrodosing.com\/es\/esporas-de-setas-magicas\/jeringas-para-cultivo-de-liquidos\/panaeolus-cyanescens-jamaica-liquid-culture-spuit\/#breadcrumb"},"inLanguage":"es","potentialAction":[{"@type":"ReadAction","target":["https:\/\/dutchmicrodosing.com\/es\/esporas-de-setas-magicas\/jeringas-para-cultivo-de-liquidos\/panaeolus-cyanescens-jamaica-liquid-culture-spuit\/"]}]},{"@type":"ImageObject","inLanguage":"es","@id":"https:\/\/dutchmicrodosing.com\/es\/esporas-de-setas-magicas\/jeringas-para-cultivo-de-liquidos\/panaeolus-cyanescens-jamaica-liquid-culture-spuit\/#primaryimage","url":"https:\/\/dutchmicrodosing.com\/wp-content\/uploads\/2025\/01\/Philosophr-Liquid-culture-packaging-_2_-1.jpg","contentUrl":"https:\/\/dutchmicrodosing.com\/wp-content\/uploads\/2025\/01\/Philosophr-Liquid-culture-packaging-_2_-1.jpg","width":1512,"height":1512},{"@type":"BreadcrumbList","@id":"https:\/\/dutchmicrodosing.com\/es\/esporas-de-setas-magicas\/jeringas-para-cultivo-de-liquidos\/panaeolus-cyanescens-jamaica-liquid-culture-spuit\/#breadcrumb","itemListElement":[{"@type":"ListItem","position":1,"name":"Home","item":"https:\/\/dutchmicrodosing.com\/es\/"},{"@type":"ListItem","position":2,"name":"Tienda","item":"https:\/\/dutchmicrodosing.com\/es\/tienda\/"},{"@type":"ListItem","position":3,"name":"Panaeolus Cyanescens (Jamaica) Jeringa de cultivo l\u00edquido"}]},{"@type":"WebSite","@id":"https:\/\/dutchmicrodosing.com\/es\/#website","url":"https:\/\/dutchmicrodosing.com\/es\/","name":"Dutchmicrodosing","description":"","publisher":{"@id":"https:\/\/dutchmicrodosing.com\/es\/#organization"},"potentialAction":[{"@type":"SearchAction","target":{"@type":"EntryPoint","urlTemplate":"https:\/\/dutchmicrodosing.com\/es\/?s={search_term_string}"},"query-input":{"@type":"PropertyValueSpecification","valueRequired":true,"valueName":"search_term_string"}}],"inLanguage":"es"},{"@type":"Organization","@id":"https:\/\/dutchmicrodosing.com\/es\/#organization","name":"Dutchmicrodosing","url":"https:\/\/dutchmicrodosing.com\/es\/","logo":{"@type":"ImageObject","inLanguage":"es","@id":"https:\/\/dutchmicrodosing.com\/es\/#\/schema\/logo\/image\/","url":"https:\/\/dutchmicrodosing.com\/wp-content\/uploads\/2021\/01\/microdosing-categorie-pic-nieuw.jpg","contentUrl":"https:\/\/dutchmicrodosing.com\/wp-content\/uploads\/2021\/01\/microdosing-categorie-pic-nieuw.jpg","width":500,"height":500,"caption":"Dutchmicrodosing"},"image":{"@id":"https:\/\/dutchmicrodosing.com\/es\/#\/schema\/logo\/image\/"},"sameAs":["https:\/\/www.facebook.com\/Dutchmicrodosingxp\/","https:\/\/www.instagram.com\/dutchmicrodosing\/"]}]},"product_price_amount":"18.95","product_price_currency":"EUR","og_availability":"instock","product_availability":"instock","product_retailer_item_id":"5203717","product_condition":"new"},"_links":{"self":[{"href":"https:\/\/dutchmicrodosing.com\/es\/wp-json\/wp\/v2\/product\/46583","targetHints":{"allow":["GET"]}}],"collection":[{"href":"https:\/\/dutchmicrodosing.com\/es\/wp-json\/wp\/v2\/product"}],"about":[{"href":"https:\/\/dutchmicrodosing.com\/es\/wp-json\/wp\/v2\/types\/product"}],"replies":[{"embeddable":true,"href":"https:\/\/dutchmicrodosing.com\/es\/wp-json\/wp\/v2\/comments?post=46583"}],"version-history":[{"count":0,"href":"https:\/\/dutchmicrodosing.com\/es\/wp-json\/wp\/v2\/product\/46583\/revisions"}],"wp:featuredmedia":[{"embeddable":true,"href":"https:\/\/dutchmicrodosing.com\/es\/wp-json\/wp\/v2\/media\/46269"}],"wp:attachment":[{"href":"https:\/\/dutchmicrodosing.com\/es\/wp-json\/wp\/v2\/media?parent=46583"}],"wp:term":[{"taxonomy":"product_brand","embeddable":true,"href":"https:\/\/dutchmicrodosing.com\/es\/wp-json\/wp\/v2\/product_brand?post=46583"},{"taxonomy":"product_cat","embeddable":true,"href":"https:\/\/dutchmicrodosing.com\/es\/wp-json\/wp\/v2\/product_cat?post=46583"},{"taxonomy":"product_tag","embeddable":true,"href":"https:\/\/dutchmicrodosing.com\/es\/wp-json\/wp\/v2\/product_tag?post=46583"}],"curies":[{"name":"wp","href":"https:\/\/api.w.org\/{rel}","templated":true}]}}