{"id":46784,"date":"2025-03-26T12:50:16","date_gmt":"2025-03-26T11:50:16","guid":{"rendered":"https:\/\/dutchmicrodosing.com\/shop\/sin%20categor\u00eda\/copelandia-hawaiian-paddo-kweekset\/"},"modified":"2025-10-11T21:49:24","modified_gmt":"2025-10-11T19:49:24","slug":"copelandia-hawaiian-paddo-kweekset","status":"publish","type":"product","link":"https:\/\/dutchmicrodosing.com\/es\/setas-alucinogenas\/especiales-growkit\/copelandia-hawaiian-paddo-kweekset\/","title":{"rendered":"Kit de cultivo de setas hawaianas Copelandia"},"content":{"rendered":"<p>Consigue una experiencia de cultivo \u00fanica con el <strong>kit de cultivo de setas hawaianas Copelandia <\/strong>. Este kit de cultivo de setas est\u00e1 especialmente dise\u00f1ado para los aficionados que buscan un poco m\u00e1s de desaf\u00edo. La Copelandia es conocida por su car\u00e1cter m\u00e1s intenso que, por ejemplo, la popular Psilocybe cubensis, y requiere un poco m\u00e1s de atenci\u00f3n durante el cultivo. \u00a1Pero el resultado merece la pena!<\/p>\n<p>Comparada con la Psilocybe cubensis, la Copelandia Madagascar contiene de media hasta 3 veces m\u00e1s compuestos activos por gramo (como la psilocina y la psilocibina). Eso significa que necesitas una dosis mucho menor para una experiencia similar.<\/p>\n<h3>Caracter\u00edsticas<\/h3>\n<ul>\n<li>Adecuado para cultivadores experimentados<\/li>\n<li>Contiene la especie Copelandia (Panaeolus) cyanescens<\/li>\n<li>No crece de la misma forma que la especie cubensis: requiere un enfoque ligeramente diferente<\/li>\n<li>Incluye un kit de cultivo completo: caja de sustrato, bolsa de cultivo y sujetapapeles<\/li>\n<li>Rendimiento en varias descargas posible con el cuidado adecuado<\/li>\n<\/ul>\n<h3>Ingredientes y\/o composici\u00f3n<\/h3>\n<p>El kit consta de un kit de sustrato de 1200 cc colonizado con micelio de Copelandia, una bolsa de cultivo con filtro y un clip de sujeci\u00f3n.<\/p>\n<h3>Utilice<\/h3>\n<p>Este kit de cultivo requiere un enfoque ligeramente distinto al de los kits de cultivo de setas est\u00e1ndar. Es importante seguir atentamente las instrucciones:<\/p>\n<p><strong>DESCARGA AQU\u00cd: <\/strong><span style=\"text-decoration: underline;color: #490bfa\"><a style=\"color: #490bfa;text-decoration: underline\" href=\"https:\/\/dutchmicrodosing.com\/wp-content\/uploads\/2025\/04\/instructies-Copelandia-NED-New.pdf\" target=\"_blank\" rel=\"noopener\">Instrucciones kit de cultivo Copelandia Hawaiian<\/a><\/span><\/p>\n<h3>Contenido<\/h3>\n<ul>\n<li>Kit de cultivo de 1200 cc con sustrato y micelio de Copelandia hawaiana<\/li>\n<li>Bolsa de cultivo con filtro de aire<\/li>\n<li>Clip para cerrar la bolsa<\/li>\n<li>Manual detallado<\/li>\n<\/ul>\n","protected":false},"excerpt":{"rendered":"<p>Consigue una experiencia de cultivo \u00fanica con el kit de cultivo de setas hawaianas Copelandia . Este kit de cultivo de setas est\u00e1 especialmente dise\u00f1ado para los aficionados que buscan un poco m\u00e1s de desaf\u00edo. La Copelandia es conocida por su car\u00e1cter m\u00e1s intenso que, por ejemplo, la popular Psilocybe cubensis, y requiere un poco [&hellip;]<\/p>\n","protected":false},"featured_media":46781,"comment_status":"closed","ping_status":"closed","template":"","meta":[],"product_brand":[],"product_cat":[407],"product_tag":[],"class_list":{"0":"post-46784","1":"product","2":"type-product","3":"status-publish","4":"has-post-thumbnail","6":"product_cat-kits-de-cultivo-especiales","8":"first","9":"instock","10":"taxable","11":"shipping-taxable","12":"purchasable","13":"product-type-simple"},"yoast_head":"<!-- This site is optimized with the Yoast SEO Premium plugin v26.4 (Yoast SEO v27.4) - https:\/\/yoast.com\/product\/yoast-seo-premium-wordpress\/ -->\n<title>Kit de cultivo de setas hawaianas Copelandia - Dutchmicrodosing<\/title>\n<meta name=\"description\" content=\"Cultiva t\u00fa mismo las ex\u00f3ticas setas hawaianas Copelandia con este kit de cultivo de 1200 cc. Perfecta para el cultivador experimentado que busca una variedad m\u00e1s intensa,...\" \/>\n<meta name=\"robots\" content=\"index, follow, max-snippet:-1, max-image-preview:large, max-video-preview:-1\" \/>\n<link rel=\"canonical\" href=\"https:\/\/dutchmicrodosing.com\/es\/setas-alucinogenas\/especiales-growkit\/copelandia-hawaiian-paddo-kweekset\/\" \/>\n<meta property=\"og:locale\" content=\"es_ES\" \/>\n<meta property=\"og:type\" content=\"article\" \/>\n<meta property=\"og:title\" content=\"Kit de cultivo de setas hawaianas Copelandia\" \/>\n<meta property=\"og:description\" content=\"Consigue una experiencia de cultivo \u00fanica con el kit de cultivo de setas hawaianas Copelandia . Este kit de cultivo de setas est\u00e1 especialmente dise\u00f1ado\" \/>\n<meta property=\"og:url\" content=\"https:\/\/dutchmicrodosing.com\/es\/setas-alucinogenas\/especiales-growkit\/copelandia-hawaiian-paddo-kweekset\/\" \/>\n<meta property=\"og:site_name\" content=\"Dutchmicrodosing\" \/>\n<meta property=\"article:publisher\" content=\"https:\/\/www.facebook.com\/Dutchmicrodosingxp\/\" \/>\n<meta property=\"article:modified_time\" content=\"2025-10-11T19:49:24+00:00\" \/>\n<meta property=\"og:image\" content=\"https:\/\/dutchmicrodosing.com\/wp-content\/uploads\/2025\/03\/2375-2284.jpg\" \/>\n\t<meta property=\"og:image:width\" content=\"300\" \/>\n\t<meta property=\"og:image:height\" content=\"300\" \/>\n\t<meta property=\"og:image:type\" content=\"image\/jpeg\" \/>\n<meta name=\"twitter:card\" content=\"summary_large_image\" \/>\n<script type=\"application\/ld+json\" class=\"yoast-schema-graph\">{\"@context\":\"https:\\\/\\\/schema.org\",\"@graph\":[{\"@type\":\"WebPage\",\"@id\":\"https:\\\/\\\/dutchmicrodosing.com\\\/es\\\/setas-alucinogenas\\\/especiales-growkit\\\/copelandia-hawaiian-paddo-kweekset\\\/\",\"url\":\"https:\\\/\\\/dutchmicrodosing.com\\\/es\\\/setas-alucinogenas\\\/especiales-growkit\\\/copelandia-hawaiian-paddo-kweekset\\\/\",\"name\":\"Kit de cultivo de setas hawaianas Copelandia - Dutchmicrodosing\",\"isPartOf\":{\"@id\":\"https:\\\/\\\/dutchmicrodosing.com\\\/es\\\/#website\"},\"primaryImageOfPage\":{\"@id\":\"https:\\\/\\\/dutchmicrodosing.com\\\/es\\\/setas-alucinogenas\\\/especiales-growkit\\\/copelandia-hawaiian-paddo-kweekset\\\/#primaryimage\"},\"image\":{\"@id\":\"https:\\\/\\\/dutchmicrodosing.com\\\/es\\\/setas-alucinogenas\\\/especiales-growkit\\\/copelandia-hawaiian-paddo-kweekset\\\/#primaryimage\"},\"thumbnailUrl\":\"https:\\\/\\\/dutchmicrodosing.com\\\/wp-content\\\/uploads\\\/2025\\\/03\\\/2375-2284.jpg\",\"datePublished\":\"2025-03-26T11:50:16+00:00\",\"dateModified\":\"2025-10-11T19:49:24+00:00\",\"description\":\"Cultiva t\u00fa mismo las ex\u00f3ticas setas hawaianas Copelandia con este kit de cultivo de 1200 cc. Perfecta para el cultivador experimentado que busca una variedad m\u00e1s intensa,...\",\"breadcrumb\":{\"@id\":\"https:\\\/\\\/dutchmicrodosing.com\\\/es\\\/setas-alucinogenas\\\/especiales-growkit\\\/copelandia-hawaiian-paddo-kweekset\\\/#breadcrumb\"},\"inLanguage\":\"es\",\"potentialAction\":[{\"@type\":\"ReadAction\",\"target\":[\"https:\\\/\\\/dutchmicrodosing.com\\\/es\\\/setas-alucinogenas\\\/especiales-growkit\\\/copelandia-hawaiian-paddo-kweekset\\\/\"]}]},{\"@type\":\"ImageObject\",\"inLanguage\":\"es\",\"@id\":\"https:\\\/\\\/dutchmicrodosing.com\\\/es\\\/setas-alucinogenas\\\/especiales-growkit\\\/copelandia-hawaiian-paddo-kweekset\\\/#primaryimage\",\"url\":\"https:\\\/\\\/dutchmicrodosing.com\\\/wp-content\\\/uploads\\\/2025\\\/03\\\/2375-2284.jpg\",\"contentUrl\":\"https:\\\/\\\/dutchmicrodosing.com\\\/wp-content\\\/uploads\\\/2025\\\/03\\\/2375-2284.jpg\",\"width\":300,\"height\":300},{\"@type\":\"BreadcrumbList\",\"@id\":\"https:\\\/\\\/dutchmicrodosing.com\\\/es\\\/setas-alucinogenas\\\/especiales-growkit\\\/copelandia-hawaiian-paddo-kweekset\\\/#breadcrumb\",\"itemListElement\":[{\"@type\":\"ListItem\",\"position\":1,\"name\":\"Home\",\"item\":\"https:\\\/\\\/dutchmicrodosing.com\\\/es\\\/\"},{\"@type\":\"ListItem\",\"position\":2,\"name\":\"Tienda\",\"item\":\"https:\\\/\\\/dutchmicrodosing.com\\\/es\\\/tienda\\\/\"},{\"@type\":\"ListItem\",\"position\":3,\"name\":\"Kit de cultivo de setas hawaianas Copelandia\"}]},{\"@type\":\"WebSite\",\"@id\":\"https:\\\/\\\/dutchmicrodosing.com\\\/es\\\/#website\",\"url\":\"https:\\\/\\\/dutchmicrodosing.com\\\/es\\\/\",\"name\":\"Dutchmicrodosing\",\"description\":\"\",\"publisher\":{\"@id\":\"https:\\\/\\\/dutchmicrodosing.com\\\/es\\\/#organization\"},\"potentialAction\":[{\"@type\":\"SearchAction\",\"target\":{\"@type\":\"EntryPoint\",\"urlTemplate\":\"https:\\\/\\\/dutchmicrodosing.com\\\/es\\\/?s={search_term_string}\"},\"query-input\":{\"@type\":\"PropertyValueSpecification\",\"valueRequired\":true,\"valueName\":\"search_term_string\"}}],\"inLanguage\":\"es\"},{\"@type\":\"Organization\",\"@id\":\"https:\\\/\\\/dutchmicrodosing.com\\\/es\\\/#organization\",\"name\":\"Dutchmicrodosing\",\"url\":\"https:\\\/\\\/dutchmicrodosing.com\\\/es\\\/\",\"logo\":{\"@type\":\"ImageObject\",\"inLanguage\":\"es\",\"@id\":\"https:\\\/\\\/dutchmicrodosing.com\\\/es\\\/#\\\/schema\\\/logo\\\/image\\\/\",\"url\":\"https:\\\/\\\/dutchmicrodosing.com\\\/wp-content\\\/uploads\\\/2021\\\/01\\\/microdosing-categorie-pic-nieuw.jpg\",\"contentUrl\":\"https:\\\/\\\/dutchmicrodosing.com\\\/wp-content\\\/uploads\\\/2021\\\/01\\\/microdosing-categorie-pic-nieuw.jpg\",\"width\":500,\"height\":500,\"caption\":\"Dutchmicrodosing\"},\"image\":{\"@id\":\"https:\\\/\\\/dutchmicrodosing.com\\\/es\\\/#\\\/schema\\\/logo\\\/image\\\/\"},\"sameAs\":[\"https:\\\/\\\/www.facebook.com\\\/Dutchmicrodosingxp\\\/\",\"https:\\\/\\\/www.instagram.com\\\/dutchmicrodosing\\\/\"]}]}<\/script>\n<meta property=\"product:price:amount\" content=\"63.95\" \/>\n<meta property=\"product:price:currency\" content=\"EUR\" \/>\n<meta property=\"og:availability\" content=\"instock\" \/>\n<meta property=\"product:availability\" content=\"instock\" \/>\n<meta property=\"product:retailer_item_id\" content=\"0201891\" \/>\n<meta property=\"product:condition\" content=\"new\" \/>\n<!-- \/ Yoast SEO Premium plugin. -->","yoast_head_json":{"title":"Kit de cultivo de setas hawaianas Copelandia - Dutchmicrodosing","description":"Cultiva t\u00fa mismo las ex\u00f3ticas setas hawaianas Copelandia con este kit de cultivo de 1200 cc. Perfecta para el cultivador experimentado que busca una variedad m\u00e1s intensa,...","robots":{"index":"index","follow":"follow","max-snippet":"max-snippet:-1","max-image-preview":"max-image-preview:large","max-video-preview":"max-video-preview:-1"},"canonical":"https:\/\/dutchmicrodosing.com\/es\/setas-alucinogenas\/especiales-growkit\/copelandia-hawaiian-paddo-kweekset\/","og_locale":"es_ES","og_type":"article","og_title":"Kit de cultivo de setas hawaianas Copelandia","og_description":"Consigue una experiencia de cultivo \u00fanica con el kit de cultivo de setas hawaianas Copelandia . Este kit de cultivo de setas est\u00e1 especialmente dise\u00f1ado","og_url":"https:\/\/dutchmicrodosing.com\/es\/setas-alucinogenas\/especiales-growkit\/copelandia-hawaiian-paddo-kweekset\/","og_site_name":"Dutchmicrodosing","article_publisher":"https:\/\/www.facebook.com\/Dutchmicrodosingxp\/","article_modified_time":"2025-10-11T19:49:24+00:00","og_image":[{"width":300,"height":300,"url":"https:\/\/dutchmicrodosing.com\/wp-content\/uploads\/2025\/03\/2375-2284.jpg","type":"image\/jpeg"}],"twitter_card":"summary_large_image","schema":{"@context":"https:\/\/schema.org","@graph":[{"@type":"WebPage","@id":"https:\/\/dutchmicrodosing.com\/es\/setas-alucinogenas\/especiales-growkit\/copelandia-hawaiian-paddo-kweekset\/","url":"https:\/\/dutchmicrodosing.com\/es\/setas-alucinogenas\/especiales-growkit\/copelandia-hawaiian-paddo-kweekset\/","name":"Kit de cultivo de setas hawaianas Copelandia - Dutchmicrodosing","isPartOf":{"@id":"https:\/\/dutchmicrodosing.com\/es\/#website"},"primaryImageOfPage":{"@id":"https:\/\/dutchmicrodosing.com\/es\/setas-alucinogenas\/especiales-growkit\/copelandia-hawaiian-paddo-kweekset\/#primaryimage"},"image":{"@id":"https:\/\/dutchmicrodosing.com\/es\/setas-alucinogenas\/especiales-growkit\/copelandia-hawaiian-paddo-kweekset\/#primaryimage"},"thumbnailUrl":"https:\/\/dutchmicrodosing.com\/wp-content\/uploads\/2025\/03\/2375-2284.jpg","datePublished":"2025-03-26T11:50:16+00:00","dateModified":"2025-10-11T19:49:24+00:00","description":"Cultiva t\u00fa mismo las ex\u00f3ticas setas hawaianas Copelandia con este kit de cultivo de 1200 cc. Perfecta para el cultivador experimentado que busca una variedad m\u00e1s intensa,...","breadcrumb":{"@id":"https:\/\/dutchmicrodosing.com\/es\/setas-alucinogenas\/especiales-growkit\/copelandia-hawaiian-paddo-kweekset\/#breadcrumb"},"inLanguage":"es","potentialAction":[{"@type":"ReadAction","target":["https:\/\/dutchmicrodosing.com\/es\/setas-alucinogenas\/especiales-growkit\/copelandia-hawaiian-paddo-kweekset\/"]}]},{"@type":"ImageObject","inLanguage":"es","@id":"https:\/\/dutchmicrodosing.com\/es\/setas-alucinogenas\/especiales-growkit\/copelandia-hawaiian-paddo-kweekset\/#primaryimage","url":"https:\/\/dutchmicrodosing.com\/wp-content\/uploads\/2025\/03\/2375-2284.jpg","contentUrl":"https:\/\/dutchmicrodosing.com\/wp-content\/uploads\/2025\/03\/2375-2284.jpg","width":300,"height":300},{"@type":"BreadcrumbList","@id":"https:\/\/dutchmicrodosing.com\/es\/setas-alucinogenas\/especiales-growkit\/copelandia-hawaiian-paddo-kweekset\/#breadcrumb","itemListElement":[{"@type":"ListItem","position":1,"name":"Home","item":"https:\/\/dutchmicrodosing.com\/es\/"},{"@type":"ListItem","position":2,"name":"Tienda","item":"https:\/\/dutchmicrodosing.com\/es\/tienda\/"},{"@type":"ListItem","position":3,"name":"Kit de cultivo de setas hawaianas Copelandia"}]},{"@type":"WebSite","@id":"https:\/\/dutchmicrodosing.com\/es\/#website","url":"https:\/\/dutchmicrodosing.com\/es\/","name":"Dutchmicrodosing","description":"","publisher":{"@id":"https:\/\/dutchmicrodosing.com\/es\/#organization"},"potentialAction":[{"@type":"SearchAction","target":{"@type":"EntryPoint","urlTemplate":"https:\/\/dutchmicrodosing.com\/es\/?s={search_term_string}"},"query-input":{"@type":"PropertyValueSpecification","valueRequired":true,"valueName":"search_term_string"}}],"inLanguage":"es"},{"@type":"Organization","@id":"https:\/\/dutchmicrodosing.com\/es\/#organization","name":"Dutchmicrodosing","url":"https:\/\/dutchmicrodosing.com\/es\/","logo":{"@type":"ImageObject","inLanguage":"es","@id":"https:\/\/dutchmicrodosing.com\/es\/#\/schema\/logo\/image\/","url":"https:\/\/dutchmicrodosing.com\/wp-content\/uploads\/2021\/01\/microdosing-categorie-pic-nieuw.jpg","contentUrl":"https:\/\/dutchmicrodosing.com\/wp-content\/uploads\/2021\/01\/microdosing-categorie-pic-nieuw.jpg","width":500,"height":500,"caption":"Dutchmicrodosing"},"image":{"@id":"https:\/\/dutchmicrodosing.com\/es\/#\/schema\/logo\/image\/"},"sameAs":["https:\/\/www.facebook.com\/Dutchmicrodosingxp\/","https:\/\/www.instagram.com\/dutchmicrodosing\/"]}]},"product_price_amount":"63.95","product_price_currency":"EUR","og_availability":"instock","product_availability":"instock","product_retailer_item_id":"0201891","product_condition":"new"},"_links":{"self":[{"href":"https:\/\/dutchmicrodosing.com\/es\/wp-json\/wp\/v2\/product\/46784","targetHints":{"allow":["GET"]}}],"collection":[{"href":"https:\/\/dutchmicrodosing.com\/es\/wp-json\/wp\/v2\/product"}],"about":[{"href":"https:\/\/dutchmicrodosing.com\/es\/wp-json\/wp\/v2\/types\/product"}],"replies":[{"embeddable":true,"href":"https:\/\/dutchmicrodosing.com\/es\/wp-json\/wp\/v2\/comments?post=46784"}],"version-history":[{"count":0,"href":"https:\/\/dutchmicrodosing.com\/es\/wp-json\/wp\/v2\/product\/46784\/revisions"}],"wp:featuredmedia":[{"embeddable":true,"href":"https:\/\/dutchmicrodosing.com\/es\/wp-json\/wp\/v2\/media\/46781"}],"wp:attachment":[{"href":"https:\/\/dutchmicrodosing.com\/es\/wp-json\/wp\/v2\/media?parent=46784"}],"wp:term":[{"taxonomy":"product_brand","embeddable":true,"href":"https:\/\/dutchmicrodosing.com\/es\/wp-json\/wp\/v2\/product_brand?post=46784"},{"taxonomy":"product_cat","embeddable":true,"href":"https:\/\/dutchmicrodosing.com\/es\/wp-json\/wp\/v2\/product_cat?post=46784"},{"taxonomy":"product_tag","embeddable":true,"href":"https:\/\/dutchmicrodosing.com\/es\/wp-json\/wp\/v2\/product_tag?post=46784"}],"curies":[{"name":"wp","href":"https:\/\/api.w.org\/{rel}","templated":true}]}}