{"id":46970,"date":"2025-04-07T14:39:31","date_gmt":"2025-04-07T12:39:31","guid":{"rendered":"https:\/\/dutchmicrodosing.com\/shop\/sin%20categor\u00eda\/mac-galactic-paddo-kweekset\/"},"modified":"2026-04-15T15:04:04","modified_gmt":"2026-04-15T13:04:04","slug":"mac-galactic-paddo-kweekset","status":"publish","type":"product","link":"https:\/\/dutchmicrodosing.com\/es\/setas-alucinogenas\/kits-de-cultivo-mystic-fungi\/mac-galactic-paddo-kweekset\/","title":{"rendered":"Kit de cultivo de setas Mac Galactic"},"content":{"rendered":"<p>El <strong>Kit de Cultivo de Setas Mac Galactic<\/strong> de Mystic Fungi es tu billete para una experiencia de cultivo fascinante. Este kit de cultivo f\u00e1cil de usar es perfecto para quienes desean cultivar sus propias setas en casa, con rendimientos fiables y el m\u00ednimo esfuerzo. Ideal para los aficionados a los que les gusta ver crecer sus propias setas, desde el principio hasta la cosecha.<\/p>\n<h3>Caracter\u00edsticas<\/h3>\n<ul>\n<li>Crecimiento r\u00e1pido: Tu primera cosecha puede ser visible en tan s\u00f3lo 14 a 21 d\u00edas tras la activaci\u00f3n del kit.<\/li>\n<li>Frutos impresionantes: Las setas crecen en tallos robustos con sombreros que pueden alcanzar hasta 8 cm de tama\u00f1o.<\/li>\n<li>Micelio fuerte: Esta cepa es conocida por su resistencia a la infecci\u00f3n y produce resultados estables.<\/li>\n<li>Popular entre los entendidos: la Mac Galactic es una de las variedades m\u00e1s potentes de la familia Psilocybe cubensis.<\/li>\n<\/ul>\n<h3>Ingredientes y\/o composici\u00f3n<\/h3>\n<p>Este kit de cultivo contiene un sustrato totalmente colonizado con micelio activo, envasado en una bolsa de cultivo especial con filtro de aire. Todo lo que necesitas est\u00e1 en la caja.<\/p>\n<h3>Instrucciones para montar el kit de cultivo<\/h3>\n<p>Aseg\u00farate de que tu espacio de trabajo est\u00e1 limpio para evitar que otros microorganismos contaminen tu kit de cultivo. Es importante trabajar con higiene. Utiliza siempre agua limpia del grifo o agua mineral para nebulizar y empapar tu kit de cultivo. No utilices agua destilada o desmineralizada, ya que no es adecuada.<\/p>\n<ol>\n<li style=\"list-style-type: none;\">\n<ol>\n<li>Saca la bolsa de la caja y exti\u00e9ndela.<\/li>\n<li>Abre la bolsa retirando el clip herm\u00e9tico de la parte superior. Suministra a la bolsa un poco de aire fresco estir\u00e1ndola suavemente, y luego ci\u00e9rrala de nuevo con la pinza. Para evitar que los hongos crezcan en los laterales del sustrato, puedes poner una goma el\u00e1stica alrededor de la parte exterior de la bolsa, a la altura de la parte superior del sustrato, para reducir la posibilidad de que se formen espigas laterales. Coloca la banda el\u00e1stica aproximadamente 1,5 cm por debajo de la parte superior del sustrato.<\/li>\n<li>Vigila el crecimiento: Vigila de cerca la bolsa cuando las setas empiecen a crecer. Las dos primeras veces no necesitas regar. Una vez que los sombreros empiezan a abrirse, es hora de cosechar. Ten en cuenta que no todas las variedades tienen velos ni dejan caer esporas.<\/li>\n<li>Recolecci\u00f3n: Antes de recolectar, aseg\u00farate de que el entorno est\u00e9 limpio desinfect\u00e1ndote las manos con alcohol y, preferiblemente, poni\u00e9ndote guantes de l\u00e1tex. Para recolectarlas, gira las setas en el sentido de las agujas del reloj. Rec\u00f3gelos en cuanto los sombreros empiecen a abrirse para obtener una potencia \u00f3ptima. Los frutos est\u00e1n listos para la cosecha al cabo de dos a cuatro semanas, seg\u00fan las condiciones de cultivo y la variedad de seta.<\/li>\n<li>Mantenimiento tras la cosecha: Tras cosechar el segundo brote, a\u00f1ade una peque\u00f1a cantidad de agua (aproximadamente 1\/3 del nivel del sustrato en la bolsa). Vuelve a cerrar la bolsa con el clip y aseg\u00farate de que queda herm\u00e9ticamente cerrada. Recuerda a\u00f1adir aire fresco quitando y volviendo a poner el clip. Elimina el exceso de agua si no se ha absorbido en 12 horas.<\/li>\n<li>Controla la temperatura: Aseg\u00farate de que la temperatura se mantiene estable dentro del intervalo de 20-25 grados Celsius (68-77\u00b0F) para obtener los mejores resultados de crecimiento. Evita las grandes fluctuaciones de temperatura.<\/li>\n<li>Cosechas de seguimiento: Espera obtener al menos dos cosechas de cada bolsa, pero tambi\u00e9n es posible obtener tres o incluso cuatro cosechas. Despu\u00e9s de cada cosecha, vuelve a cerrar la bolsa y a\u00f1ade agua para fomentar nuevas sesiones de floraci\u00f3n<\/li>\n<\/ol>\n<\/li>\n<\/ol>\n<h3>Contenido<\/h3>\n<ul>\n<li>1 bolsa de cultivo de 2000 cc con sustrato totalmente colonizado<\/li>\n<li>Bolsa de filtro de aire<\/li>\n<li>Clip de bloqueo<\/li>\n<li>Dimensiones: 14 x 17 x 10 cm<\/li>\n<\/ul>\n<h3>Consejos de almacenamiento<\/h3>\n<p>Es aconsejable iniciar el proceso de cultivo de inmediato, en cuanto recibas el kit de cultivo. Si decides empezar m\u00e1s tarde, lo que puede afectar a la calidad del kit, puedes guardar el kit de cultivo en el frigor\u00edfico hasta 2 semanas (a temperaturas entre 2\u00b0C y 8\u00b0C). Puedes dejar la bolsa de cultivo con micelio en la caja y colocarla en el frigor\u00edfico. Aseg\u00farate de que tu frigor\u00edfico est\u00e1 limpio y sin moho. Como precauci\u00f3n adicional, puedes colocar el conjunto en una bolsa de pl\u00e1stico limpia o en una bolsa de cultivo.<\/p>\n","protected":false},"excerpt":{"rendered":"<p>El Kit de Cultivo de Setas Mac Galactic de Mystic Fungi es tu billete para una experiencia de cultivo fascinante. Este kit de cultivo f\u00e1cil de usar es perfecto para quienes desean cultivar sus propias setas en casa, con rendimientos fiables y el m\u00ednimo esfuerzo. Ideal para los aficionados a los que les gusta ver [&hellip;]<\/p>\n","protected":false},"featured_media":46966,"comment_status":"closed","ping_status":"closed","template":"","meta":[],"product_brand":[],"product_cat":[345],"product_tag":[],"class_list":{"0":"post-46970","1":"product","2":"type-product","3":"status-publish","4":"has-post-thumbnail","6":"product_cat-kits-de-cultivo-mystic-fungi","8":"first","9":"instock","10":"taxable","11":"shipping-taxable","12":"purchasable","13":"product-type-simple"},"yoast_head":"<!-- This site is optimized with the Yoast SEO Premium plugin v26.4 (Yoast SEO v27.2) - https:\/\/yoast.com\/product\/yoast-seo-premium-wordpress\/ -->\n<title>Kit de cultivo de setas Mac Galactic - Dutchmicrodosing<\/title>\n<meta name=\"description\" content=\"Descubre el kit de cultivo de setas Mac Galactic de Mystic Fungi. Cultiva t\u00fa mismo potentes setas f\u00e1cilmente con este kit de cultivo f\u00e1cil de usar.\" \/>\n<meta name=\"robots\" content=\"index, follow, max-snippet:-1, max-image-preview:large, max-video-preview:-1\" \/>\n<link rel=\"canonical\" href=\"https:\/\/dutchmicrodosing.com\/es\/setas-alucinogenas\/kits-de-cultivo-mystic-fungi\/mac-galactic-paddo-kweekset\/\" \/>\n<meta property=\"og:locale\" content=\"es_ES\" \/>\n<meta property=\"og:type\" content=\"article\" \/>\n<meta property=\"og:title\" content=\"Kit de cultivo de setas Mac Galactic\" \/>\n<meta property=\"og:description\" content=\"El Kit de Cultivo de Setas Mac Galactic de Mystic Fungi es tu billete para una experiencia de cultivo fascinante. Este kit de cultivo f\u00e1cil de usar es\" \/>\n<meta property=\"og:url\" content=\"https:\/\/dutchmicrodosing.com\/es\/setas-alucinogenas\/kits-de-cultivo-mystic-fungi\/mac-galactic-paddo-kweekset\/\" \/>\n<meta property=\"og:site_name\" content=\"Dutchmicrodosing\" \/>\n<meta property=\"article:publisher\" content=\"https:\/\/www.facebook.com\/Dutchmicrodosingxp\/\" \/>\n<meta property=\"article:modified_time\" content=\"2026-04-15T13:04:04+00:00\" \/>\n<meta property=\"og:image\" content=\"https:\/\/dutchmicrodosing.com\/wp-content\/uploads\/2025\/04\/1000016499.jpg\" \/>\n\t<meta property=\"og:image:width\" content=\"1512\" \/>\n\t<meta property=\"og:image:height\" content=\"1512\" \/>\n\t<meta property=\"og:image:type\" content=\"image\/jpeg\" \/>\n<meta name=\"twitter:card\" content=\"summary_large_image\" \/>\n<script type=\"application\/ld+json\" class=\"yoast-schema-graph\">{\"@context\":\"https:\/\/schema.org\",\"@graph\":[{\"@type\":\"WebPage\",\"@id\":\"https:\/\/dutchmicrodosing.com\/es\/setas-alucinogenas\/kits-de-cultivo-mystic-fungi\/mac-galactic-paddo-kweekset\/\",\"url\":\"https:\/\/dutchmicrodosing.com\/es\/setas-alucinogenas\/kits-de-cultivo-mystic-fungi\/mac-galactic-paddo-kweekset\/\",\"name\":\"Kit de cultivo de setas Mac Galactic - Dutchmicrodosing\",\"isPartOf\":{\"@id\":\"https:\/\/dutchmicrodosing.com\/es\/#website\"},\"primaryImageOfPage\":{\"@id\":\"https:\/\/dutchmicrodosing.com\/es\/setas-alucinogenas\/kits-de-cultivo-mystic-fungi\/mac-galactic-paddo-kweekset\/#primaryimage\"},\"image\":{\"@id\":\"https:\/\/dutchmicrodosing.com\/es\/setas-alucinogenas\/kits-de-cultivo-mystic-fungi\/mac-galactic-paddo-kweekset\/#primaryimage\"},\"thumbnailUrl\":\"https:\/\/dutchmicrodosing.com\/wp-content\/uploads\/2025\/04\/1000016499.jpg\",\"datePublished\":\"2025-04-07T12:39:31+00:00\",\"dateModified\":\"2026-04-15T13:04:04+00:00\",\"description\":\"Descubre el kit de cultivo de setas Mac Galactic de Mystic Fungi. Cultiva t\u00fa mismo potentes setas f\u00e1cilmente con este kit de cultivo f\u00e1cil de usar.\",\"breadcrumb\":{\"@id\":\"https:\/\/dutchmicrodosing.com\/es\/setas-alucinogenas\/kits-de-cultivo-mystic-fungi\/mac-galactic-paddo-kweekset\/#breadcrumb\"},\"inLanguage\":\"es\",\"potentialAction\":[{\"@type\":\"ReadAction\",\"target\":[\"https:\/\/dutchmicrodosing.com\/es\/setas-alucinogenas\/kits-de-cultivo-mystic-fungi\/mac-galactic-paddo-kweekset\/\"]}]},{\"@type\":\"ImageObject\",\"inLanguage\":\"es\",\"@id\":\"https:\/\/dutchmicrodosing.com\/es\/setas-alucinogenas\/kits-de-cultivo-mystic-fungi\/mac-galactic-paddo-kweekset\/#primaryimage\",\"url\":\"https:\/\/dutchmicrodosing.com\/wp-content\/uploads\/2025\/04\/1000016499.jpg\",\"contentUrl\":\"https:\/\/dutchmicrodosing.com\/wp-content\/uploads\/2025\/04\/1000016499.jpg\",\"width\":1512,\"height\":1512,\"caption\":\"Kit de cultivo de setas Mac Galactic\"},{\"@type\":\"BreadcrumbList\",\"@id\":\"https:\/\/dutchmicrodosing.com\/es\/setas-alucinogenas\/kits-de-cultivo-mystic-fungi\/mac-galactic-paddo-kweekset\/#breadcrumb\",\"itemListElement\":[{\"@type\":\"ListItem\",\"position\":1,\"name\":\"Home\",\"item\":\"https:\/\/dutchmicrodosing.com\/es\/\"},{\"@type\":\"ListItem\",\"position\":2,\"name\":\"Tienda\",\"item\":\"https:\/\/dutchmicrodosing.com\/es\/tienda\/\"},{\"@type\":\"ListItem\",\"position\":3,\"name\":\"Kit de cultivo de setas Mac Galactic\"}]},{\"@type\":\"WebSite\",\"@id\":\"https:\/\/dutchmicrodosing.com\/es\/#website\",\"url\":\"https:\/\/dutchmicrodosing.com\/es\/\",\"name\":\"Dutchmicrodosing\",\"description\":\"\",\"publisher\":{\"@id\":\"https:\/\/dutchmicrodosing.com\/es\/#organization\"},\"potentialAction\":[{\"@type\":\"SearchAction\",\"target\":{\"@type\":\"EntryPoint\",\"urlTemplate\":\"https:\/\/dutchmicrodosing.com\/es\/?s={search_term_string}\"},\"query-input\":{\"@type\":\"PropertyValueSpecification\",\"valueRequired\":true,\"valueName\":\"search_term_string\"}}],\"inLanguage\":\"es\"},{\"@type\":\"Organization\",\"@id\":\"https:\/\/dutchmicrodosing.com\/es\/#organization\",\"name\":\"Dutchmicrodosing\",\"url\":\"https:\/\/dutchmicrodosing.com\/es\/\",\"logo\":{\"@type\":\"ImageObject\",\"inLanguage\":\"es\",\"@id\":\"https:\/\/dutchmicrodosing.com\/es\/#\/schema\/logo\/image\/\",\"url\":\"https:\/\/dutchmicrodosing.com\/wp-content\/uploads\/2021\/01\/microdosing-categorie-pic-nieuw.jpg\",\"contentUrl\":\"https:\/\/dutchmicrodosing.com\/wp-content\/uploads\/2021\/01\/microdosing-categorie-pic-nieuw.jpg\",\"width\":500,\"height\":500,\"caption\":\"Dutchmicrodosing\"},\"image\":{\"@id\":\"https:\/\/dutchmicrodosing.com\/es\/#\/schema\/logo\/image\/\"},\"sameAs\":[\"https:\/\/www.facebook.com\/Dutchmicrodosingxp\/\",\"https:\/\/www.instagram.com\/dutchmicrodosing\/\"]}]}<\/script>\n<meta property=\"product:price:amount\" content=\"44.95\" \/>\n<meta property=\"product:price:currency\" content=\"EUR\" \/>\n<meta property=\"og:availability\" content=\"instock\" \/>\n<meta property=\"product:availability\" content=\"instock\" \/>\n<meta property=\"product:retailer_item_id\" content=\"5204531\" \/>\n<meta property=\"product:condition\" content=\"new\" \/>\n<!-- \/ Yoast SEO Premium plugin. -->","yoast_head_json":{"title":"Kit de cultivo de setas Mac Galactic - Dutchmicrodosing","description":"Descubre el kit de cultivo de setas Mac Galactic de Mystic Fungi. Cultiva t\u00fa mismo potentes setas f\u00e1cilmente con este kit de cultivo f\u00e1cil de usar.","robots":{"index":"index","follow":"follow","max-snippet":"max-snippet:-1","max-image-preview":"max-image-preview:large","max-video-preview":"max-video-preview:-1"},"canonical":"https:\/\/dutchmicrodosing.com\/es\/setas-alucinogenas\/kits-de-cultivo-mystic-fungi\/mac-galactic-paddo-kweekset\/","og_locale":"es_ES","og_type":"article","og_title":"Kit de cultivo de setas Mac Galactic","og_description":"El Kit de Cultivo de Setas Mac Galactic de Mystic Fungi es tu billete para una experiencia de cultivo fascinante. Este kit de cultivo f\u00e1cil de usar es","og_url":"https:\/\/dutchmicrodosing.com\/es\/setas-alucinogenas\/kits-de-cultivo-mystic-fungi\/mac-galactic-paddo-kweekset\/","og_site_name":"Dutchmicrodosing","article_publisher":"https:\/\/www.facebook.com\/Dutchmicrodosingxp\/","article_modified_time":"2026-04-15T13:04:04+00:00","og_image":[{"width":1512,"height":1512,"url":"https:\/\/dutchmicrodosing.com\/wp-content\/uploads\/2025\/04\/1000016499.jpg","type":"image\/jpeg"}],"twitter_card":"summary_large_image","schema":{"@context":"https:\/\/schema.org","@graph":[{"@type":"WebPage","@id":"https:\/\/dutchmicrodosing.com\/es\/setas-alucinogenas\/kits-de-cultivo-mystic-fungi\/mac-galactic-paddo-kweekset\/","url":"https:\/\/dutchmicrodosing.com\/es\/setas-alucinogenas\/kits-de-cultivo-mystic-fungi\/mac-galactic-paddo-kweekset\/","name":"Kit de cultivo de setas Mac Galactic - Dutchmicrodosing","isPartOf":{"@id":"https:\/\/dutchmicrodosing.com\/es\/#website"},"primaryImageOfPage":{"@id":"https:\/\/dutchmicrodosing.com\/es\/setas-alucinogenas\/kits-de-cultivo-mystic-fungi\/mac-galactic-paddo-kweekset\/#primaryimage"},"image":{"@id":"https:\/\/dutchmicrodosing.com\/es\/setas-alucinogenas\/kits-de-cultivo-mystic-fungi\/mac-galactic-paddo-kweekset\/#primaryimage"},"thumbnailUrl":"https:\/\/dutchmicrodosing.com\/wp-content\/uploads\/2025\/04\/1000016499.jpg","datePublished":"2025-04-07T12:39:31+00:00","dateModified":"2026-04-15T13:04:04+00:00","description":"Descubre el kit de cultivo de setas Mac Galactic de Mystic Fungi. Cultiva t\u00fa mismo potentes setas f\u00e1cilmente con este kit de cultivo f\u00e1cil de usar.","breadcrumb":{"@id":"https:\/\/dutchmicrodosing.com\/es\/setas-alucinogenas\/kits-de-cultivo-mystic-fungi\/mac-galactic-paddo-kweekset\/#breadcrumb"},"inLanguage":"es","potentialAction":[{"@type":"ReadAction","target":["https:\/\/dutchmicrodosing.com\/es\/setas-alucinogenas\/kits-de-cultivo-mystic-fungi\/mac-galactic-paddo-kweekset\/"]}]},{"@type":"ImageObject","inLanguage":"es","@id":"https:\/\/dutchmicrodosing.com\/es\/setas-alucinogenas\/kits-de-cultivo-mystic-fungi\/mac-galactic-paddo-kweekset\/#primaryimage","url":"https:\/\/dutchmicrodosing.com\/wp-content\/uploads\/2025\/04\/1000016499.jpg","contentUrl":"https:\/\/dutchmicrodosing.com\/wp-content\/uploads\/2025\/04\/1000016499.jpg","width":1512,"height":1512,"caption":"Kit de cultivo de setas Mac Galactic"},{"@type":"BreadcrumbList","@id":"https:\/\/dutchmicrodosing.com\/es\/setas-alucinogenas\/kits-de-cultivo-mystic-fungi\/mac-galactic-paddo-kweekset\/#breadcrumb","itemListElement":[{"@type":"ListItem","position":1,"name":"Home","item":"https:\/\/dutchmicrodosing.com\/es\/"},{"@type":"ListItem","position":2,"name":"Tienda","item":"https:\/\/dutchmicrodosing.com\/es\/tienda\/"},{"@type":"ListItem","position":3,"name":"Kit de cultivo de setas Mac Galactic"}]},{"@type":"WebSite","@id":"https:\/\/dutchmicrodosing.com\/es\/#website","url":"https:\/\/dutchmicrodosing.com\/es\/","name":"Dutchmicrodosing","description":"","publisher":{"@id":"https:\/\/dutchmicrodosing.com\/es\/#organization"},"potentialAction":[{"@type":"SearchAction","target":{"@type":"EntryPoint","urlTemplate":"https:\/\/dutchmicrodosing.com\/es\/?s={search_term_string}"},"query-input":{"@type":"PropertyValueSpecification","valueRequired":true,"valueName":"search_term_string"}}],"inLanguage":"es"},{"@type":"Organization","@id":"https:\/\/dutchmicrodosing.com\/es\/#organization","name":"Dutchmicrodosing","url":"https:\/\/dutchmicrodosing.com\/es\/","logo":{"@type":"ImageObject","inLanguage":"es","@id":"https:\/\/dutchmicrodosing.com\/es\/#\/schema\/logo\/image\/","url":"https:\/\/dutchmicrodosing.com\/wp-content\/uploads\/2021\/01\/microdosing-categorie-pic-nieuw.jpg","contentUrl":"https:\/\/dutchmicrodosing.com\/wp-content\/uploads\/2021\/01\/microdosing-categorie-pic-nieuw.jpg","width":500,"height":500,"caption":"Dutchmicrodosing"},"image":{"@id":"https:\/\/dutchmicrodosing.com\/es\/#\/schema\/logo\/image\/"},"sameAs":["https:\/\/www.facebook.com\/Dutchmicrodosingxp\/","https:\/\/www.instagram.com\/dutchmicrodosing\/"]}]},"product_price_amount":"44.95","product_price_currency":"EUR","og_availability":"instock","product_availability":"instock","product_retailer_item_id":"5204531","product_condition":"new"},"_links":{"self":[{"href":"https:\/\/dutchmicrodosing.com\/es\/wp-json\/wp\/v2\/product\/46970","targetHints":{"allow":["GET"]}}],"collection":[{"href":"https:\/\/dutchmicrodosing.com\/es\/wp-json\/wp\/v2\/product"}],"about":[{"href":"https:\/\/dutchmicrodosing.com\/es\/wp-json\/wp\/v2\/types\/product"}],"replies":[{"embeddable":true,"href":"https:\/\/dutchmicrodosing.com\/es\/wp-json\/wp\/v2\/comments?post=46970"}],"version-history":[{"count":1,"href":"https:\/\/dutchmicrodosing.com\/es\/wp-json\/wp\/v2\/product\/46970\/revisions"}],"predecessor-version":[{"id":64263,"href":"https:\/\/dutchmicrodosing.com\/es\/wp-json\/wp\/v2\/product\/46970\/revisions\/64263"}],"wp:featuredmedia":[{"embeddable":true,"href":"https:\/\/dutchmicrodosing.com\/es\/wp-json\/wp\/v2\/media\/46966"}],"wp:attachment":[{"href":"https:\/\/dutchmicrodosing.com\/es\/wp-json\/wp\/v2\/media?parent=46970"}],"wp:term":[{"taxonomy":"product_brand","embeddable":true,"href":"https:\/\/dutchmicrodosing.com\/es\/wp-json\/wp\/v2\/product_brand?post=46970"},{"taxonomy":"product_cat","embeddable":true,"href":"https:\/\/dutchmicrodosing.com\/es\/wp-json\/wp\/v2\/product_cat?post=46970"},{"taxonomy":"product_tag","embeddable":true,"href":"https:\/\/dutchmicrodosing.com\/es\/wp-json\/wp\/v2\/product_tag?post=46970"}],"curies":[{"name":"wp","href":"https:\/\/api.w.org\/{rel}","templated":true}]}}