{"id":46991,"date":"2025-04-07T15:11:09","date_gmt":"2025-04-07T13:11:09","guid":{"rendered":"https:\/\/dutchmicrodosing.com\/shop\/sin%20categor\u00eda\/cascadian-teacher-paddo-kweekset\/"},"modified":"2025-08-18T16:52:55","modified_gmt":"2025-08-18T14:52:55","slug":"cascadian-teacher-paddo-kweekset","status":"publish","type":"product","link":"https:\/\/dutchmicrodosing.com\/es\/setas-alucinogenas\/kits-de-cultivo-mystic-fungi\/cascadian-teacher-paddo-kweekset\/","title":{"rendered":"Kit de cultivo de setas Cascadian Teacher"},"content":{"rendered":"<p>El <strong>kit de cultivo de setas Cascadian Teacher<\/strong> es una variedad de setas potente y adaptable que se basa en la reputaci\u00f3n de la cl\u00e1sica Golden Teacher. Su r\u00e1pido crecimiento y adaptabilidad a distintos sustratos la convierten en una elecci\u00f3n excelente tanto para cultivadores principiantes como experimentados. El cultivo l\u00edquido se envasa est\u00e9ril para una pureza \u00f3ptima y un riesgo m\u00ednimo de contaminaci\u00f3n.<\/p>\n<h3>Caracter\u00edsticas<\/h3>\n<ul>\n<li>Variedad: Psilocybe Cubensis Cascadian Teacher &#8211; inspirada en la ic\u00f3nica Golden Teacher<\/li>\n<li>Contiene 10 ml de cultivo l\u00edquido en una jeringa est\u00e9ril<\/li>\n<li>Cultivados en condiciones controladas y est\u00e9riles para una m\u00e1xima fiabilidad<\/li>\n<li>Colonizaci\u00f3n r\u00e1pida de diversos sustratos<\/li>\n<li>F\u00e1cil de usar para todos los niveles de cultivo<\/li>\n<\/ul>\n<h3>Ingredientes y\/o composici\u00f3n<\/h3>\n<ul>\n<li>10 ml de cultivo l\u00edquido Cascadian Teacher<\/li>\n<li>1x aguja est\u00e9ril (18G)<\/li>\n<li>1x toallita con alcohol para desinfectar<\/li>\n<\/ul>\n<h3>Utilice<\/h3>\n<ol>\n<li>Deja que la jeringuilla se caliente antes de utilizarla.<\/li>\n<li>Garantiza un entorno de trabajo limpio y desinfecta el puerto de inyecci\u00f3n.<\/li>\n<li>Coloca la aguja y utiliza la toallita con alcohol para mantener todo est\u00e9ril.<\/li>\n<li>Inyecta 1-2 ml del l\u00edquido en el sustrato elegido.<\/li>\n<li>Coloca el sustrato en un lugar oscuro y c\u00e1lido (20-25\u00b0C) y sigue el desarrollo del micelio.<\/li>\n<\/ol>\n<h3>Requisitos para cultivar con \u00e9xito<\/h3>\n<ul>\n<li><strong>Alimentaci\u00f3n:<\/strong> Granos est\u00e9riles como el centeno o el ma\u00edz<\/li>\n<li><strong>Sustrato:<\/strong> por ejemplo, fibra de coco, serr\u00edn, paja u otro material biol\u00f3gico<\/li>\n<li><strong>Cultivo:<\/strong> Este cultivo l\u00edquido u otra fuente de trazas<\/li>\n<\/ul>\n<p>Nota: mant\u00e9n la humedad estable con una bolsa de cultivo o un monotubo. Trabaja siempre de forma higi\u00e9nica y utiliza una aguja limpia para evitar la contaminaci\u00f3n.<\/p>\n<h3>Contenido<\/h3>\n<ul>\n<li>1x 10 ml de cultivo l\u00edquido con micelio Cascadian Teacher<\/li>\n<li>1x aguja est\u00e9ril 18G<\/li>\n<li>1x toallita con alcohol<\/li>\n<\/ul>\n<h3>Consejos de almacenamiento<\/h3>\n<p>Conservar a una temperatura entre 2 y 8\u00b0C. Si se almacena adecuadamente, puede utilizarse hasta 6 meses. Mantener fuera del alcance de los ni\u00f1os.<\/p>\n","protected":false},"excerpt":{"rendered":"<p>El kit de cultivo de setas Cascadian Teacher es una variedad de setas potente y adaptable que se basa en la reputaci\u00f3n de la cl\u00e1sica Golden Teacher. Su r\u00e1pido crecimiento y adaptabilidad a distintos sustratos la convierten en una elecci\u00f3n excelente tanto para cultivadores principiantes como experimentados. El cultivo l\u00edquido se envasa est\u00e9ril para una [&hellip;]<\/p>\n","protected":false},"featured_media":46985,"comment_status":"closed","ping_status":"closed","template":"","meta":[],"product_brand":[],"product_cat":[345],"product_tag":[],"class_list":{"0":"post-46991","1":"product","2":"type-product","3":"status-publish","4":"has-post-thumbnail","6":"product_cat-kits-de-cultivo-mystic-fungi","8":"first","9":"outofstock","10":"taxable","11":"shipping-taxable","12":"purchasable","13":"product-type-simple"},"yoast_head":"<!-- This site is optimized with the Yoast SEO Premium plugin v26.4 (Yoast SEO v27.2) - https:\/\/yoast.com\/product\/yoast-seo-premium-wordpress\/ -->\n<title>Kit de cultivo de setas Cascadian Teacher - Dutchmicrodosing<\/title>\n<meta name=\"description\" content=\"Cultiva potentes setas t\u00fa mismo con el kit de cultivo Cascadian Teacher. Kit de cultivo completo con colonizaci\u00f3n fiable y f\u00e1cil uso.\" \/>\n<meta name=\"robots\" content=\"index, follow, max-snippet:-1, max-image-preview:large, max-video-preview:-1\" \/>\n<link rel=\"canonical\" href=\"https:\/\/dutchmicrodosing.com\/es\/setas-alucinogenas\/kits-de-cultivo-mystic-fungi\/cascadian-teacher-paddo-kweekset\/\" \/>\n<meta property=\"og:locale\" content=\"es_ES\" \/>\n<meta property=\"og:type\" content=\"article\" \/>\n<meta property=\"og:title\" content=\"Kit de cultivo de setas Cascadian Teacher\" \/>\n<meta property=\"og:description\" content=\"El kit de cultivo de setas Cascadian Teacher es una variedad de setas potente y adaptable que se basa en la reputaci\u00f3n de la cl\u00e1sica Golden Teacher. Su\" \/>\n<meta property=\"og:url\" content=\"https:\/\/dutchmicrodosing.com\/es\/setas-alucinogenas\/kits-de-cultivo-mystic-fungi\/cascadian-teacher-paddo-kweekset\/\" \/>\n<meta property=\"og:site_name\" content=\"Dutchmicrodosing\" \/>\n<meta property=\"article:publisher\" content=\"https:\/\/www.facebook.com\/Dutchmicrodosingxp\/\" \/>\n<meta property=\"article:modified_time\" content=\"2025-08-18T14:52:55+00:00\" \/>\n<meta property=\"og:image\" content=\"https:\/\/dutchmicrodosing.com\/wp-content\/uploads\/2025\/04\/Cascadian-Teacher-Photoroom1.jpg\" \/>\n\t<meta property=\"og:image:width\" content=\"1512\" \/>\n\t<meta property=\"og:image:height\" content=\"1512\" \/>\n\t<meta property=\"og:image:type\" content=\"image\/jpeg\" \/>\n<meta name=\"twitter:card\" content=\"summary_large_image\" \/>\n<script type=\"application\/ld+json\" class=\"yoast-schema-graph\">{\"@context\":\"https:\/\/schema.org\",\"@graph\":[{\"@type\":\"WebPage\",\"@id\":\"https:\/\/dutchmicrodosing.com\/es\/setas-alucinogenas\/kits-de-cultivo-mystic-fungi\/cascadian-teacher-paddo-kweekset\/\",\"url\":\"https:\/\/dutchmicrodosing.com\/es\/setas-alucinogenas\/kits-de-cultivo-mystic-fungi\/cascadian-teacher-paddo-kweekset\/\",\"name\":\"Kit de cultivo de setas Cascadian Teacher - Dutchmicrodosing\",\"isPartOf\":{\"@id\":\"https:\/\/dutchmicrodosing.com\/es\/#website\"},\"primaryImageOfPage\":{\"@id\":\"https:\/\/dutchmicrodosing.com\/es\/setas-alucinogenas\/kits-de-cultivo-mystic-fungi\/cascadian-teacher-paddo-kweekset\/#primaryimage\"},\"image\":{\"@id\":\"https:\/\/dutchmicrodosing.com\/es\/setas-alucinogenas\/kits-de-cultivo-mystic-fungi\/cascadian-teacher-paddo-kweekset\/#primaryimage\"},\"thumbnailUrl\":\"https:\/\/dutchmicrodosing.com\/wp-content\/uploads\/2025\/04\/Cascadian-Teacher-Photoroom1.jpg\",\"datePublished\":\"2025-04-07T13:11:09+00:00\",\"dateModified\":\"2025-08-18T14:52:55+00:00\",\"description\":\"Cultiva potentes setas t\u00fa mismo con el kit de cultivo Cascadian Teacher. Kit de cultivo completo con colonizaci\u00f3n fiable y f\u00e1cil uso.\",\"breadcrumb\":{\"@id\":\"https:\/\/dutchmicrodosing.com\/es\/setas-alucinogenas\/kits-de-cultivo-mystic-fungi\/cascadian-teacher-paddo-kweekset\/#breadcrumb\"},\"inLanguage\":\"es\",\"potentialAction\":[{\"@type\":\"ReadAction\",\"target\":[\"https:\/\/dutchmicrodosing.com\/es\/setas-alucinogenas\/kits-de-cultivo-mystic-fungi\/cascadian-teacher-paddo-kweekset\/\"]}]},{\"@type\":\"ImageObject\",\"inLanguage\":\"es\",\"@id\":\"https:\/\/dutchmicrodosing.com\/es\/setas-alucinogenas\/kits-de-cultivo-mystic-fungi\/cascadian-teacher-paddo-kweekset\/#primaryimage\",\"url\":\"https:\/\/dutchmicrodosing.com\/wp-content\/uploads\/2025\/04\/Cascadian-Teacher-Photoroom1.jpg\",\"contentUrl\":\"https:\/\/dutchmicrodosing.com\/wp-content\/uploads\/2025\/04\/Cascadian-Teacher-Photoroom1.jpg\",\"width\":1512,\"height\":1512},{\"@type\":\"BreadcrumbList\",\"@id\":\"https:\/\/dutchmicrodosing.com\/es\/setas-alucinogenas\/kits-de-cultivo-mystic-fungi\/cascadian-teacher-paddo-kweekset\/#breadcrumb\",\"itemListElement\":[{\"@type\":\"ListItem\",\"position\":1,\"name\":\"Home\",\"item\":\"https:\/\/dutchmicrodosing.com\/es\/\"},{\"@type\":\"ListItem\",\"position\":2,\"name\":\"Tienda\",\"item\":\"https:\/\/dutchmicrodosing.com\/es\/tienda\/\"},{\"@type\":\"ListItem\",\"position\":3,\"name\":\"Kit de cultivo de setas Cascadian Teacher\"}]},{\"@type\":\"WebSite\",\"@id\":\"https:\/\/dutchmicrodosing.com\/es\/#website\",\"url\":\"https:\/\/dutchmicrodosing.com\/es\/\",\"name\":\"Dutchmicrodosing\",\"description\":\"\",\"publisher\":{\"@id\":\"https:\/\/dutchmicrodosing.com\/es\/#organization\"},\"potentialAction\":[{\"@type\":\"SearchAction\",\"target\":{\"@type\":\"EntryPoint\",\"urlTemplate\":\"https:\/\/dutchmicrodosing.com\/es\/?s={search_term_string}\"},\"query-input\":{\"@type\":\"PropertyValueSpecification\",\"valueRequired\":true,\"valueName\":\"search_term_string\"}}],\"inLanguage\":\"es\"},{\"@type\":\"Organization\",\"@id\":\"https:\/\/dutchmicrodosing.com\/es\/#organization\",\"name\":\"Dutchmicrodosing\",\"url\":\"https:\/\/dutchmicrodosing.com\/es\/\",\"logo\":{\"@type\":\"ImageObject\",\"inLanguage\":\"es\",\"@id\":\"https:\/\/dutchmicrodosing.com\/es\/#\/schema\/logo\/image\/\",\"url\":\"https:\/\/dutchmicrodosing.com\/wp-content\/uploads\/2021\/01\/microdosing-categorie-pic-nieuw.jpg\",\"contentUrl\":\"https:\/\/dutchmicrodosing.com\/wp-content\/uploads\/2021\/01\/microdosing-categorie-pic-nieuw.jpg\",\"width\":500,\"height\":500,\"caption\":\"Dutchmicrodosing\"},\"image\":{\"@id\":\"https:\/\/dutchmicrodosing.com\/es\/#\/schema\/logo\/image\/\"},\"sameAs\":[\"https:\/\/www.facebook.com\/Dutchmicrodosingxp\/\",\"https:\/\/www.instagram.com\/dutchmicrodosing\/\"]}]}<\/script>\n<meta property=\"product:price:amount\" content=\"44.95\" \/>\n<meta property=\"product:price:currency\" content=\"EUR\" \/>\n<meta property=\"og:availability\" content=\"out of stock\" \/>\n<meta property=\"product:availability\" content=\"out of stock\" \/>\n<meta property=\"product:retailer_item_id\" content=\"5204986\" \/>\n<meta property=\"product:condition\" content=\"new\" \/>\n<!-- \/ Yoast SEO Premium plugin. -->","yoast_head_json":{"title":"Kit de cultivo de setas Cascadian Teacher - Dutchmicrodosing","description":"Cultiva potentes setas t\u00fa mismo con el kit de cultivo Cascadian Teacher. Kit de cultivo completo con colonizaci\u00f3n fiable y f\u00e1cil uso.","robots":{"index":"index","follow":"follow","max-snippet":"max-snippet:-1","max-image-preview":"max-image-preview:large","max-video-preview":"max-video-preview:-1"},"canonical":"https:\/\/dutchmicrodosing.com\/es\/setas-alucinogenas\/kits-de-cultivo-mystic-fungi\/cascadian-teacher-paddo-kweekset\/","og_locale":"es_ES","og_type":"article","og_title":"Kit de cultivo de setas Cascadian Teacher","og_description":"El kit de cultivo de setas Cascadian Teacher es una variedad de setas potente y adaptable que se basa en la reputaci\u00f3n de la cl\u00e1sica Golden Teacher. Su","og_url":"https:\/\/dutchmicrodosing.com\/es\/setas-alucinogenas\/kits-de-cultivo-mystic-fungi\/cascadian-teacher-paddo-kweekset\/","og_site_name":"Dutchmicrodosing","article_publisher":"https:\/\/www.facebook.com\/Dutchmicrodosingxp\/","article_modified_time":"2025-08-18T14:52:55+00:00","og_image":[{"width":1512,"height":1512,"url":"https:\/\/dutchmicrodosing.com\/wp-content\/uploads\/2025\/04\/Cascadian-Teacher-Photoroom1.jpg","type":"image\/jpeg"}],"twitter_card":"summary_large_image","schema":{"@context":"https:\/\/schema.org","@graph":[{"@type":"WebPage","@id":"https:\/\/dutchmicrodosing.com\/es\/setas-alucinogenas\/kits-de-cultivo-mystic-fungi\/cascadian-teacher-paddo-kweekset\/","url":"https:\/\/dutchmicrodosing.com\/es\/setas-alucinogenas\/kits-de-cultivo-mystic-fungi\/cascadian-teacher-paddo-kweekset\/","name":"Kit de cultivo de setas Cascadian Teacher - Dutchmicrodosing","isPartOf":{"@id":"https:\/\/dutchmicrodosing.com\/es\/#website"},"primaryImageOfPage":{"@id":"https:\/\/dutchmicrodosing.com\/es\/setas-alucinogenas\/kits-de-cultivo-mystic-fungi\/cascadian-teacher-paddo-kweekset\/#primaryimage"},"image":{"@id":"https:\/\/dutchmicrodosing.com\/es\/setas-alucinogenas\/kits-de-cultivo-mystic-fungi\/cascadian-teacher-paddo-kweekset\/#primaryimage"},"thumbnailUrl":"https:\/\/dutchmicrodosing.com\/wp-content\/uploads\/2025\/04\/Cascadian-Teacher-Photoroom1.jpg","datePublished":"2025-04-07T13:11:09+00:00","dateModified":"2025-08-18T14:52:55+00:00","description":"Cultiva potentes setas t\u00fa mismo con el kit de cultivo Cascadian Teacher. Kit de cultivo completo con colonizaci\u00f3n fiable y f\u00e1cil uso.","breadcrumb":{"@id":"https:\/\/dutchmicrodosing.com\/es\/setas-alucinogenas\/kits-de-cultivo-mystic-fungi\/cascadian-teacher-paddo-kweekset\/#breadcrumb"},"inLanguage":"es","potentialAction":[{"@type":"ReadAction","target":["https:\/\/dutchmicrodosing.com\/es\/setas-alucinogenas\/kits-de-cultivo-mystic-fungi\/cascadian-teacher-paddo-kweekset\/"]}]},{"@type":"ImageObject","inLanguage":"es","@id":"https:\/\/dutchmicrodosing.com\/es\/setas-alucinogenas\/kits-de-cultivo-mystic-fungi\/cascadian-teacher-paddo-kweekset\/#primaryimage","url":"https:\/\/dutchmicrodosing.com\/wp-content\/uploads\/2025\/04\/Cascadian-Teacher-Photoroom1.jpg","contentUrl":"https:\/\/dutchmicrodosing.com\/wp-content\/uploads\/2025\/04\/Cascadian-Teacher-Photoroom1.jpg","width":1512,"height":1512},{"@type":"BreadcrumbList","@id":"https:\/\/dutchmicrodosing.com\/es\/setas-alucinogenas\/kits-de-cultivo-mystic-fungi\/cascadian-teacher-paddo-kweekset\/#breadcrumb","itemListElement":[{"@type":"ListItem","position":1,"name":"Home","item":"https:\/\/dutchmicrodosing.com\/es\/"},{"@type":"ListItem","position":2,"name":"Tienda","item":"https:\/\/dutchmicrodosing.com\/es\/tienda\/"},{"@type":"ListItem","position":3,"name":"Kit de cultivo de setas Cascadian Teacher"}]},{"@type":"WebSite","@id":"https:\/\/dutchmicrodosing.com\/es\/#website","url":"https:\/\/dutchmicrodosing.com\/es\/","name":"Dutchmicrodosing","description":"","publisher":{"@id":"https:\/\/dutchmicrodosing.com\/es\/#organization"},"potentialAction":[{"@type":"SearchAction","target":{"@type":"EntryPoint","urlTemplate":"https:\/\/dutchmicrodosing.com\/es\/?s={search_term_string}"},"query-input":{"@type":"PropertyValueSpecification","valueRequired":true,"valueName":"search_term_string"}}],"inLanguage":"es"},{"@type":"Organization","@id":"https:\/\/dutchmicrodosing.com\/es\/#organization","name":"Dutchmicrodosing","url":"https:\/\/dutchmicrodosing.com\/es\/","logo":{"@type":"ImageObject","inLanguage":"es","@id":"https:\/\/dutchmicrodosing.com\/es\/#\/schema\/logo\/image\/","url":"https:\/\/dutchmicrodosing.com\/wp-content\/uploads\/2021\/01\/microdosing-categorie-pic-nieuw.jpg","contentUrl":"https:\/\/dutchmicrodosing.com\/wp-content\/uploads\/2021\/01\/microdosing-categorie-pic-nieuw.jpg","width":500,"height":500,"caption":"Dutchmicrodosing"},"image":{"@id":"https:\/\/dutchmicrodosing.com\/es\/#\/schema\/logo\/image\/"},"sameAs":["https:\/\/www.facebook.com\/Dutchmicrodosingxp\/","https:\/\/www.instagram.com\/dutchmicrodosing\/"]}]},"product_price_amount":"44.95","product_price_currency":"EUR","og_availability":"out of stock","product_availability":"out of stock","product_retailer_item_id":"5204986","product_condition":"new"},"_links":{"self":[{"href":"https:\/\/dutchmicrodosing.com\/es\/wp-json\/wp\/v2\/product\/46991","targetHints":{"allow":["GET"]}}],"collection":[{"href":"https:\/\/dutchmicrodosing.com\/es\/wp-json\/wp\/v2\/product"}],"about":[{"href":"https:\/\/dutchmicrodosing.com\/es\/wp-json\/wp\/v2\/types\/product"}],"replies":[{"embeddable":true,"href":"https:\/\/dutchmicrodosing.com\/es\/wp-json\/wp\/v2\/comments?post=46991"}],"version-history":[{"count":0,"href":"https:\/\/dutchmicrodosing.com\/es\/wp-json\/wp\/v2\/product\/46991\/revisions"}],"wp:featuredmedia":[{"embeddable":true,"href":"https:\/\/dutchmicrodosing.com\/es\/wp-json\/wp\/v2\/media\/46985"}],"wp:attachment":[{"href":"https:\/\/dutchmicrodosing.com\/es\/wp-json\/wp\/v2\/media?parent=46991"}],"wp:term":[{"taxonomy":"product_brand","embeddable":true,"href":"https:\/\/dutchmicrodosing.com\/es\/wp-json\/wp\/v2\/product_brand?post=46991"},{"taxonomy":"product_cat","embeddable":true,"href":"https:\/\/dutchmicrodosing.com\/es\/wp-json\/wp\/v2\/product_cat?post=46991"},{"taxonomy":"product_tag","embeddable":true,"href":"https:\/\/dutchmicrodosing.com\/es\/wp-json\/wp\/v2\/product_tag?post=46991"}],"curies":[{"name":"wp","href":"https:\/\/api.w.org\/{rel}","templated":true}]}}