{"id":47012,"date":"2025-04-08T11:38:37","date_gmt":"2025-04-08T09:38:37","guid":{"rendered":"https:\/\/dutchmicrodosing.com\/shop\/sin%20categor\u00eda\/organic-tea-1-3-cbd-sleep\/"},"modified":"2025-08-21T13:47:42","modified_gmt":"2025-08-21T11:47:42","slug":"organic-tea-1-3-cbd-sleep","status":"publish","type":"product","link":"https:\/\/dutchmicrodosing.com\/es\/herbolario\/cbd-y-suplementos-alimenticios\/organic-tea-1-3-cbd-sleep\/","title":{"rendered":"T\u00e9 Ecol\u00f3gico 1-3% CBD &#8211; Dormir"},"content":{"rendered":"<p>El <strong>T\u00e9 Ecol\u00f3gico 1-3% CBD &#8211; Dormir<\/strong> de Plant of Remedy es una tisana natural y ecol\u00f3gica, especialmente formulada para ayudarte a relajarte al final del d\u00eda. Ideal para un tranquilo ritual nocturno, esta suave mezcla descafeinada tiene un agradable sabor con una fresca nota c\u00edtrica.<\/p>\n<h3>Caracter\u00edsticas<\/h3>\n<ul>\n<li>Contiene hojas de c\u00e1\u00f1amo ecol\u00f3gico (Cannabis sativa L.)<\/li>\n<li>Enriquecido con hierbas como lavanda, manzanilla, valeriana y hierba lim\u00f3n<\/li>\n<li>Sin cafe\u00edna y, por tanto, perfecto para la noche<\/li>\n<li>Puedes utilizar una bolsita varias veces<\/li>\n<li>Envases de cart\u00f3n sostenible procedente de bosques gestionados de forma responsable<\/li>\n<li>Las bolsitas de t\u00e9 son totalmente biodegradables<\/li>\n<\/ul>\n<h3>Ingredientes y\/o composici\u00f3n<\/h3>\n<p>Hojas de c\u00e1\u00f1amo (ecol\u00f3gicas), hinojo, manzanilla, hierba lim\u00f3n, regaliz, estevia, ra\u00edz de valeriana, flor de lavanda y aroma natural de lim\u00f3n.<\/p>\n<h3>Utilice<\/h3>\n<p>Remoja una bolsita de t\u00e9 en agua caliente (no hirviendo) de 5 a 7 minutos. Cada bolsa puede reutilizarse hasta tres veces.<\/p>\n<h3>Contenido<\/h3>\n<p>20 gramos en total (10 bolsitas de t\u00e9 de 2 gramos cada una)<\/p>\n","protected":false},"excerpt":{"rendered":"<p>El T\u00e9 Ecol\u00f3gico 1-3% CBD &#8211; Dormir de Plant of Remedy es una tisana natural y ecol\u00f3gica, especialmente formulada para ayudarte a relajarte al final del d\u00eda. Ideal para un tranquilo ritual nocturno, esta suave mezcla descafeinada tiene un agradable sabor con una fresca nota c\u00edtrica. Caracter\u00edsticas Contiene hojas de c\u00e1\u00f1amo ecol\u00f3gico (Cannabis sativa L.) [&hellip;]<\/p>\n","protected":false},"featured_media":47008,"comment_status":"closed","ping_status":"closed","template":"","meta":[],"product_brand":[],"product_cat":[288,303,301],"product_tag":[],"class_list":{"0":"post-47012","1":"product","2":"type-product","3":"status-publish","4":"has-post-thumbnail","6":"product_cat-cbd-y-suplementos-alimenticios","7":"product_cat-suplementos-relaxt","8":"product_cat-suplementos-para-dormir","10":"first","11":"instock","12":"taxable","13":"shipping-taxable","14":"purchasable","15":"product-type-simple"},"yoast_head":"<!-- This site is optimized with the Yoast SEO Premium plugin v26.4 (Yoast SEO v27.4) - https:\/\/yoast.com\/product\/yoast-seo-premium-wordpress\/ -->\n<title>T\u00e9 Ecol\u00f3gico 1-3% CBD - Dormir - Dutchmicrodosing<\/title>\n<meta name=\"description\" content=\"Rel\u00e1jate con el T\u00e9 Ecol\u00f3gico 1-3% CBD de Planta de Remedio. Infusi\u00f3n ecol\u00f3gica sin cafe\u00edna con c\u00e1\u00f1amo, manzanilla y lavanda. \u00a1Sabor delicioso!\" \/>\n<meta name=\"robots\" content=\"index, follow, max-snippet:-1, max-image-preview:large, max-video-preview:-1\" \/>\n<link rel=\"canonical\" href=\"https:\/\/dutchmicrodosing.com\/es\/herbolario\/cbd-y-suplementos-alimenticios\/organic-tea-1-3-cbd-sleep\/\" \/>\n<meta property=\"og:locale\" content=\"es_ES\" \/>\n<meta property=\"og:type\" content=\"article\" \/>\n<meta property=\"og:title\" content=\"T\u00e9 Ecol\u00f3gico 1-3% CBD - Dormir\" \/>\n<meta property=\"og:description\" content=\"El T\u00e9 Ecol\u00f3gico 1-3% CBD - Dormir de Plant of Remedy es una tisana natural y ecol\u00f3gica, especialmente formulada para ayudarte a relajarte al final del\" \/>\n<meta property=\"og:url\" content=\"https:\/\/dutchmicrodosing.com\/es\/herbolario\/cbd-y-suplementos-alimenticios\/organic-tea-1-3-cbd-sleep\/\" \/>\n<meta property=\"og:site_name\" content=\"Dutchmicrodosing\" \/>\n<meta property=\"article:publisher\" content=\"https:\/\/www.facebook.com\/Dutchmicrodosingxp\/\" \/>\n<meta property=\"article:modified_time\" content=\"2025-08-21T11:47:42+00:00\" \/>\n<meta property=\"og:image\" content=\"https:\/\/dutchmicrodosing.com\/wp-content\/uploads\/2025\/04\/cbd-wholesale-cbd-tea-sleep-plant-of-remedy.jpg\" \/>\n\t<meta property=\"og:image:width\" content=\"1600\" \/>\n\t<meta property=\"og:image:height\" content=\"1600\" \/>\n\t<meta property=\"og:image:type\" content=\"image\/jpeg\" \/>\n<meta name=\"twitter:card\" content=\"summary_large_image\" \/>\n<script type=\"application\/ld+json\" class=\"yoast-schema-graph\">{\"@context\":\"https:\\\/\\\/schema.org\",\"@graph\":[{\"@type\":\"WebPage\",\"@id\":\"https:\\\/\\\/dutchmicrodosing.com\\\/es\\\/herbolario\\\/cbd-y-suplementos-alimenticios\\\/organic-tea-1-3-cbd-sleep\\\/\",\"url\":\"https:\\\/\\\/dutchmicrodosing.com\\\/es\\\/herbolario\\\/cbd-y-suplementos-alimenticios\\\/organic-tea-1-3-cbd-sleep\\\/\",\"name\":\"T\u00e9 Ecol\u00f3gico 1-3% CBD - Dormir - Dutchmicrodosing\",\"isPartOf\":{\"@id\":\"https:\\\/\\\/dutchmicrodosing.com\\\/es\\\/#website\"},\"primaryImageOfPage\":{\"@id\":\"https:\\\/\\\/dutchmicrodosing.com\\\/es\\\/herbolario\\\/cbd-y-suplementos-alimenticios\\\/organic-tea-1-3-cbd-sleep\\\/#primaryimage\"},\"image\":{\"@id\":\"https:\\\/\\\/dutchmicrodosing.com\\\/es\\\/herbolario\\\/cbd-y-suplementos-alimenticios\\\/organic-tea-1-3-cbd-sleep\\\/#primaryimage\"},\"thumbnailUrl\":\"https:\\\/\\\/dutchmicrodosing.com\\\/wp-content\\\/uploads\\\/2025\\\/04\\\/cbd-wholesale-cbd-tea-sleep-plant-of-remedy.jpg\",\"datePublished\":\"2025-04-08T09:38:37+00:00\",\"dateModified\":\"2025-08-21T11:47:42+00:00\",\"description\":\"Rel\u00e1jate con el T\u00e9 Ecol\u00f3gico 1-3% CBD de Planta de Remedio. Infusi\u00f3n ecol\u00f3gica sin cafe\u00edna con c\u00e1\u00f1amo, manzanilla y lavanda. \u00a1Sabor delicioso!\",\"breadcrumb\":{\"@id\":\"https:\\\/\\\/dutchmicrodosing.com\\\/es\\\/herbolario\\\/cbd-y-suplementos-alimenticios\\\/organic-tea-1-3-cbd-sleep\\\/#breadcrumb\"},\"inLanguage\":\"es\",\"potentialAction\":[{\"@type\":\"ReadAction\",\"target\":[\"https:\\\/\\\/dutchmicrodosing.com\\\/es\\\/herbolario\\\/cbd-y-suplementos-alimenticios\\\/organic-tea-1-3-cbd-sleep\\\/\"]}]},{\"@type\":\"ImageObject\",\"inLanguage\":\"es\",\"@id\":\"https:\\\/\\\/dutchmicrodosing.com\\\/es\\\/herbolario\\\/cbd-y-suplementos-alimenticios\\\/organic-tea-1-3-cbd-sleep\\\/#primaryimage\",\"url\":\"https:\\\/\\\/dutchmicrodosing.com\\\/wp-content\\\/uploads\\\/2025\\\/04\\\/cbd-wholesale-cbd-tea-sleep-plant-of-remedy.jpg\",\"contentUrl\":\"https:\\\/\\\/dutchmicrodosing.com\\\/wp-content\\\/uploads\\\/2025\\\/04\\\/cbd-wholesale-cbd-tea-sleep-plant-of-remedy.jpg\",\"width\":1600,\"height\":1600},{\"@type\":\"BreadcrumbList\",\"@id\":\"https:\\\/\\\/dutchmicrodosing.com\\\/es\\\/herbolario\\\/cbd-y-suplementos-alimenticios\\\/organic-tea-1-3-cbd-sleep\\\/#breadcrumb\",\"itemListElement\":[{\"@type\":\"ListItem\",\"position\":1,\"name\":\"Home\",\"item\":\"https:\\\/\\\/dutchmicrodosing.com\\\/es\\\/\"},{\"@type\":\"ListItem\",\"position\":2,\"name\":\"Tienda\",\"item\":\"https:\\\/\\\/dutchmicrodosing.com\\\/es\\\/tienda\\\/\"},{\"@type\":\"ListItem\",\"position\":3,\"name\":\"T\u00e9 Ecol\u00f3gico 1-3% CBD &#8211; Dormir\"}]},{\"@type\":\"WebSite\",\"@id\":\"https:\\\/\\\/dutchmicrodosing.com\\\/es\\\/#website\",\"url\":\"https:\\\/\\\/dutchmicrodosing.com\\\/es\\\/\",\"name\":\"Dutchmicrodosing\",\"description\":\"\",\"publisher\":{\"@id\":\"https:\\\/\\\/dutchmicrodosing.com\\\/es\\\/#organization\"},\"potentialAction\":[{\"@type\":\"SearchAction\",\"target\":{\"@type\":\"EntryPoint\",\"urlTemplate\":\"https:\\\/\\\/dutchmicrodosing.com\\\/es\\\/?s={search_term_string}\"},\"query-input\":{\"@type\":\"PropertyValueSpecification\",\"valueRequired\":true,\"valueName\":\"search_term_string\"}}],\"inLanguage\":\"es\"},{\"@type\":\"Organization\",\"@id\":\"https:\\\/\\\/dutchmicrodosing.com\\\/es\\\/#organization\",\"name\":\"Dutchmicrodosing\",\"url\":\"https:\\\/\\\/dutchmicrodosing.com\\\/es\\\/\",\"logo\":{\"@type\":\"ImageObject\",\"inLanguage\":\"es\",\"@id\":\"https:\\\/\\\/dutchmicrodosing.com\\\/es\\\/#\\\/schema\\\/logo\\\/image\\\/\",\"url\":\"https:\\\/\\\/dutchmicrodosing.com\\\/wp-content\\\/uploads\\\/2021\\\/01\\\/microdosing-categorie-pic-nieuw.jpg\",\"contentUrl\":\"https:\\\/\\\/dutchmicrodosing.com\\\/wp-content\\\/uploads\\\/2021\\\/01\\\/microdosing-categorie-pic-nieuw.jpg\",\"width\":500,\"height\":500,\"caption\":\"Dutchmicrodosing\"},\"image\":{\"@id\":\"https:\\\/\\\/dutchmicrodosing.com\\\/es\\\/#\\\/schema\\\/logo\\\/image\\\/\"},\"sameAs\":[\"https:\\\/\\\/www.facebook.com\\\/Dutchmicrodosingxp\\\/\",\"https:\\\/\\\/www.instagram.com\\\/dutchmicrodosing\\\/\"]}]}<\/script>\n<meta property=\"product:price:amount\" content=\"6.95\" \/>\n<meta property=\"product:price:currency\" content=\"EUR\" \/>\n<meta property=\"og:availability\" content=\"instock\" \/>\n<meta property=\"product:availability\" content=\"instock\" \/>\n<meta property=\"product:retailer_item_id\" content=\"5204555\" \/>\n<meta property=\"product:condition\" content=\"new\" \/>\n<!-- \/ Yoast SEO Premium plugin. -->","yoast_head_json":{"title":"T\u00e9 Ecol\u00f3gico 1-3% CBD - Dormir - Dutchmicrodosing","description":"Rel\u00e1jate con el T\u00e9 Ecol\u00f3gico 1-3% CBD de Planta de Remedio. Infusi\u00f3n ecol\u00f3gica sin cafe\u00edna con c\u00e1\u00f1amo, manzanilla y lavanda. \u00a1Sabor delicioso!","robots":{"index":"index","follow":"follow","max-snippet":"max-snippet:-1","max-image-preview":"max-image-preview:large","max-video-preview":"max-video-preview:-1"},"canonical":"https:\/\/dutchmicrodosing.com\/es\/herbolario\/cbd-y-suplementos-alimenticios\/organic-tea-1-3-cbd-sleep\/","og_locale":"es_ES","og_type":"article","og_title":"T\u00e9 Ecol\u00f3gico 1-3% CBD - Dormir","og_description":"El T\u00e9 Ecol\u00f3gico 1-3% CBD - Dormir de Plant of Remedy es una tisana natural y ecol\u00f3gica, especialmente formulada para ayudarte a relajarte al final del","og_url":"https:\/\/dutchmicrodosing.com\/es\/herbolario\/cbd-y-suplementos-alimenticios\/organic-tea-1-3-cbd-sleep\/","og_site_name":"Dutchmicrodosing","article_publisher":"https:\/\/www.facebook.com\/Dutchmicrodosingxp\/","article_modified_time":"2025-08-21T11:47:42+00:00","og_image":[{"width":1600,"height":1600,"url":"https:\/\/dutchmicrodosing.com\/wp-content\/uploads\/2025\/04\/cbd-wholesale-cbd-tea-sleep-plant-of-remedy.jpg","type":"image\/jpeg"}],"twitter_card":"summary_large_image","schema":{"@context":"https:\/\/schema.org","@graph":[{"@type":"WebPage","@id":"https:\/\/dutchmicrodosing.com\/es\/herbolario\/cbd-y-suplementos-alimenticios\/organic-tea-1-3-cbd-sleep\/","url":"https:\/\/dutchmicrodosing.com\/es\/herbolario\/cbd-y-suplementos-alimenticios\/organic-tea-1-3-cbd-sleep\/","name":"T\u00e9 Ecol\u00f3gico 1-3% CBD - Dormir - Dutchmicrodosing","isPartOf":{"@id":"https:\/\/dutchmicrodosing.com\/es\/#website"},"primaryImageOfPage":{"@id":"https:\/\/dutchmicrodosing.com\/es\/herbolario\/cbd-y-suplementos-alimenticios\/organic-tea-1-3-cbd-sleep\/#primaryimage"},"image":{"@id":"https:\/\/dutchmicrodosing.com\/es\/herbolario\/cbd-y-suplementos-alimenticios\/organic-tea-1-3-cbd-sleep\/#primaryimage"},"thumbnailUrl":"https:\/\/dutchmicrodosing.com\/wp-content\/uploads\/2025\/04\/cbd-wholesale-cbd-tea-sleep-plant-of-remedy.jpg","datePublished":"2025-04-08T09:38:37+00:00","dateModified":"2025-08-21T11:47:42+00:00","description":"Rel\u00e1jate con el T\u00e9 Ecol\u00f3gico 1-3% CBD de Planta de Remedio. Infusi\u00f3n ecol\u00f3gica sin cafe\u00edna con c\u00e1\u00f1amo, manzanilla y lavanda. \u00a1Sabor delicioso!","breadcrumb":{"@id":"https:\/\/dutchmicrodosing.com\/es\/herbolario\/cbd-y-suplementos-alimenticios\/organic-tea-1-3-cbd-sleep\/#breadcrumb"},"inLanguage":"es","potentialAction":[{"@type":"ReadAction","target":["https:\/\/dutchmicrodosing.com\/es\/herbolario\/cbd-y-suplementos-alimenticios\/organic-tea-1-3-cbd-sleep\/"]}]},{"@type":"ImageObject","inLanguage":"es","@id":"https:\/\/dutchmicrodosing.com\/es\/herbolario\/cbd-y-suplementos-alimenticios\/organic-tea-1-3-cbd-sleep\/#primaryimage","url":"https:\/\/dutchmicrodosing.com\/wp-content\/uploads\/2025\/04\/cbd-wholesale-cbd-tea-sleep-plant-of-remedy.jpg","contentUrl":"https:\/\/dutchmicrodosing.com\/wp-content\/uploads\/2025\/04\/cbd-wholesale-cbd-tea-sleep-plant-of-remedy.jpg","width":1600,"height":1600},{"@type":"BreadcrumbList","@id":"https:\/\/dutchmicrodosing.com\/es\/herbolario\/cbd-y-suplementos-alimenticios\/organic-tea-1-3-cbd-sleep\/#breadcrumb","itemListElement":[{"@type":"ListItem","position":1,"name":"Home","item":"https:\/\/dutchmicrodosing.com\/es\/"},{"@type":"ListItem","position":2,"name":"Tienda","item":"https:\/\/dutchmicrodosing.com\/es\/tienda\/"},{"@type":"ListItem","position":3,"name":"T\u00e9 Ecol\u00f3gico 1-3% CBD &#8211; Dormir"}]},{"@type":"WebSite","@id":"https:\/\/dutchmicrodosing.com\/es\/#website","url":"https:\/\/dutchmicrodosing.com\/es\/","name":"Dutchmicrodosing","description":"","publisher":{"@id":"https:\/\/dutchmicrodosing.com\/es\/#organization"},"potentialAction":[{"@type":"SearchAction","target":{"@type":"EntryPoint","urlTemplate":"https:\/\/dutchmicrodosing.com\/es\/?s={search_term_string}"},"query-input":{"@type":"PropertyValueSpecification","valueRequired":true,"valueName":"search_term_string"}}],"inLanguage":"es"},{"@type":"Organization","@id":"https:\/\/dutchmicrodosing.com\/es\/#organization","name":"Dutchmicrodosing","url":"https:\/\/dutchmicrodosing.com\/es\/","logo":{"@type":"ImageObject","inLanguage":"es","@id":"https:\/\/dutchmicrodosing.com\/es\/#\/schema\/logo\/image\/","url":"https:\/\/dutchmicrodosing.com\/wp-content\/uploads\/2021\/01\/microdosing-categorie-pic-nieuw.jpg","contentUrl":"https:\/\/dutchmicrodosing.com\/wp-content\/uploads\/2021\/01\/microdosing-categorie-pic-nieuw.jpg","width":500,"height":500,"caption":"Dutchmicrodosing"},"image":{"@id":"https:\/\/dutchmicrodosing.com\/es\/#\/schema\/logo\/image\/"},"sameAs":["https:\/\/www.facebook.com\/Dutchmicrodosingxp\/","https:\/\/www.instagram.com\/dutchmicrodosing\/"]}]},"product_price_amount":"6.95","product_price_currency":"EUR","og_availability":"instock","product_availability":"instock","product_retailer_item_id":"5204555","product_condition":"new"},"_links":{"self":[{"href":"https:\/\/dutchmicrodosing.com\/es\/wp-json\/wp\/v2\/product\/47012","targetHints":{"allow":["GET"]}}],"collection":[{"href":"https:\/\/dutchmicrodosing.com\/es\/wp-json\/wp\/v2\/product"}],"about":[{"href":"https:\/\/dutchmicrodosing.com\/es\/wp-json\/wp\/v2\/types\/product"}],"replies":[{"embeddable":true,"href":"https:\/\/dutchmicrodosing.com\/es\/wp-json\/wp\/v2\/comments?post=47012"}],"version-history":[{"count":0,"href":"https:\/\/dutchmicrodosing.com\/es\/wp-json\/wp\/v2\/product\/47012\/revisions"}],"wp:featuredmedia":[{"embeddable":true,"href":"https:\/\/dutchmicrodosing.com\/es\/wp-json\/wp\/v2\/media\/47008"}],"wp:attachment":[{"href":"https:\/\/dutchmicrodosing.com\/es\/wp-json\/wp\/v2\/media?parent=47012"}],"wp:term":[{"taxonomy":"product_brand","embeddable":true,"href":"https:\/\/dutchmicrodosing.com\/es\/wp-json\/wp\/v2\/product_brand?post=47012"},{"taxonomy":"product_cat","embeddable":true,"href":"https:\/\/dutchmicrodosing.com\/es\/wp-json\/wp\/v2\/product_cat?post=47012"},{"taxonomy":"product_tag","embeddable":true,"href":"https:\/\/dutchmicrodosing.com\/es\/wp-json\/wp\/v2\/product_tag?post=47012"}],"curies":[{"name":"wp","href":"https:\/\/api.w.org\/{rel}","templated":true}]}}