{"id":47040,"date":"2025-04-08T11:53:28","date_gmt":"2025-04-08T09:53:28","guid":{"rendered":"https:\/\/dutchmicrodosing.com\/shop\/sin%20categor\u00eda\/organic-tea-1-3-cbd-energizing\/"},"modified":"2026-02-19T00:47:32","modified_gmt":"2026-02-18T23:47:32","slug":"organic-tea-1-3-cbd-energizing","status":"publish","type":"product","link":"https:\/\/dutchmicrodosing.com\/es\/herbolario\/cbd-y-suplementos-alimenticios\/organic-tea-1-3-cbd-energizing\/","title":{"rendered":"T\u00e9 Ecol\u00f3gico 1-3% CBD &#8211; Energizante"},"content":{"rendered":"<p>El <strong>T\u00e9 Ecol\u00f3gico 1-3% CBD &#8211; Energizante<\/strong> de Plant of Remedy es tu est\u00edmulo natural para empezar el d\u00eda o para cualquier momento intermedio. Este t\u00e9 energizante se compone de ingredientes ecol\u00f3gicos cuidadosamente seleccionados que proporcionan un sabor vivo y chispeante. Perfecto para los amantes del t\u00e9 que quieran disfrutar conscientemente de un momento de t\u00e9 edificante.<\/p>\n<h3>Caracter\u00edsticas<\/h3>\n<ul>\n<li>Contiene una mezcla de hojas de c\u00e1\u00f1amo ecol\u00f3gico, t\u00e9 verde, manzana, hierba lim\u00f3n, moringa, matcha, ortiga, salvia, estevia, hojas de morera y espino amarillo<\/li>\n<li>Enriquecido con aromas naturales de lim\u00f3n y pepino<\/li>\n<li>Cada bolsita de t\u00e9 puede utilizarse hasta tres veces<\/li>\n<li>Completamente ecol\u00f3gico y sin cafe\u00edna<\/li>\n<li>Envases sostenibles de cart\u00f3n procedente de zonas reforestadas y bolsas biodegradables<\/li>\n<\/ul>\n<h3>Ingredientes y\/o composici\u00f3n<\/h3>\n<p>Hojas de c\u00e1\u00f1amo (con 1-3% de CBD), t\u00e9 verde, manzana, hierba lim\u00f3n, moringa, matcha, ortiga, salvia, estevia, hojas de morera, espino amarillo, aroma natural de lim\u00f3n y pepino.<\/p>\n<h3>Utilice<\/h3>\n<p>Remoja una bolsita de t\u00e9 en agua caliente de 5 a 7 minutos. Para obtener un sabor m\u00e1s suave o m\u00e1s potente, basta con ajustar el tiempo de infusi\u00f3n. Cada bolsita puede utilizarse hasta tres veces para varias tazas de t\u00e9.<\/p>\n<h3>Contenido<\/h3>\n<p>20 gramos (10 bolsitas de t\u00e9 de 2 gramos)<\/p>\n","protected":false},"excerpt":{"rendered":"<p>El T\u00e9 Ecol\u00f3gico 1-3% CBD &#8211; Energizante de Plant of Remedy es tu est\u00edmulo natural para empezar el d\u00eda o para cualquier momento intermedio. Este t\u00e9 energizante se compone de ingredientes ecol\u00f3gicos cuidadosamente seleccionados que proporcionan un sabor vivo y chispeante. Perfecto para los amantes del t\u00e9 que quieran disfrutar conscientemente de un momento de [&hellip;]<\/p>\n","protected":false},"featured_media":47034,"comment_status":"closed","ping_status":"closed","template":"","meta":[],"product_brand":[],"product_cat":[288,297],"product_tag":[],"class_list":{"0":"post-47040","1":"product","2":"type-product","3":"status-publish","4":"has-post-thumbnail","6":"product_cat-cbd-y-suplementos-alimenticios","7":"product_cat-suplementos-energeticos","9":"first","10":"instock","11":"taxable","12":"shipping-taxable","13":"purchasable","14":"product-type-simple"},"yoast_head":"<!-- This site is optimized with the Yoast SEO Premium plugin v26.4 (Yoast SEO v27.4) - https:\/\/yoast.com\/product\/yoast-seo-premium-wordpress\/ -->\n<title>T\u00e9 Ecol\u00f3gico 1-3% CBD - Energizante - Dutchmicrodosing<\/title>\n<meta name=\"description\" content=\"Empieza el d\u00eda con T\u00e9 Ecol\u00f3gico 1-3% CBD - Energizante. Una tisana ecol\u00f3gica descafeinada con sabor a t\u00e9 verde, c\u00e1\u00f1amo y pepino-lim\u00f3n....\" \/>\n<meta name=\"robots\" content=\"index, follow, max-snippet:-1, max-image-preview:large, max-video-preview:-1\" \/>\n<link rel=\"canonical\" href=\"https:\/\/dutchmicrodosing.com\/es\/herbolario\/cbd-y-suplementos-alimenticios\/organic-tea-1-3-cbd-energizing\/\" \/>\n<meta property=\"og:locale\" content=\"es_ES\" \/>\n<meta property=\"og:type\" content=\"article\" \/>\n<meta property=\"og:title\" content=\"T\u00e9 Ecol\u00f3gico 1-3% CBD - Energizante\" \/>\n<meta property=\"og:description\" content=\"El T\u00e9 Ecol\u00f3gico 1-3% CBD - Energizante de Plant of Remedy es tu est\u00edmulo natural para empezar el d\u00eda o para cualquier momento intermedio. Este t\u00e9\" \/>\n<meta property=\"og:url\" content=\"https:\/\/dutchmicrodosing.com\/es\/herbolario\/cbd-y-suplementos-alimenticios\/organic-tea-1-3-cbd-energizing\/\" \/>\n<meta property=\"og:site_name\" content=\"Dutchmicrodosing\" \/>\n<meta property=\"article:publisher\" content=\"https:\/\/www.facebook.com\/Dutchmicrodosingxp\/\" \/>\n<meta property=\"article:modified_time\" content=\"2026-02-18T23:47:32+00:00\" \/>\n<meta property=\"og:image\" content=\"https:\/\/dutchmicrodosing.com\/wp-content\/uploads\/2025\/04\/wholesale-cbd-tea-energizing-plant-of-remedy_LRG.jpg\" \/>\n\t<meta property=\"og:image:width\" content=\"1600\" \/>\n\t<meta property=\"og:image:height\" content=\"1600\" \/>\n\t<meta property=\"og:image:type\" content=\"image\/jpeg\" \/>\n<meta name=\"twitter:card\" content=\"summary_large_image\" \/>\n<script type=\"application\/ld+json\" class=\"yoast-schema-graph\">{\"@context\":\"https:\\\/\\\/schema.org\",\"@graph\":[{\"@type\":\"WebPage\",\"@id\":\"https:\\\/\\\/dutchmicrodosing.com\\\/es\\\/herbolario\\\/cbd-y-suplementos-alimenticios\\\/organic-tea-1-3-cbd-energizing\\\/\",\"url\":\"https:\\\/\\\/dutchmicrodosing.com\\\/es\\\/herbolario\\\/cbd-y-suplementos-alimenticios\\\/organic-tea-1-3-cbd-energizing\\\/\",\"name\":\"T\u00e9 Ecol\u00f3gico 1-3% CBD - Energizante - Dutchmicrodosing\",\"isPartOf\":{\"@id\":\"https:\\\/\\\/dutchmicrodosing.com\\\/es\\\/#website\"},\"primaryImageOfPage\":{\"@id\":\"https:\\\/\\\/dutchmicrodosing.com\\\/es\\\/herbolario\\\/cbd-y-suplementos-alimenticios\\\/organic-tea-1-3-cbd-energizing\\\/#primaryimage\"},\"image\":{\"@id\":\"https:\\\/\\\/dutchmicrodosing.com\\\/es\\\/herbolario\\\/cbd-y-suplementos-alimenticios\\\/organic-tea-1-3-cbd-energizing\\\/#primaryimage\"},\"thumbnailUrl\":\"https:\\\/\\\/dutchmicrodosing.com\\\/wp-content\\\/uploads\\\/2025\\\/04\\\/wholesale-cbd-tea-energizing-plant-of-remedy_LRG.jpg\",\"datePublished\":\"2025-04-08T09:53:28+00:00\",\"dateModified\":\"2026-02-18T23:47:32+00:00\",\"description\":\"Empieza el d\u00eda con T\u00e9 Ecol\u00f3gico 1-3% CBD - Energizante. Una tisana ecol\u00f3gica descafeinada con sabor a t\u00e9 verde, c\u00e1\u00f1amo y pepino-lim\u00f3n....\",\"breadcrumb\":{\"@id\":\"https:\\\/\\\/dutchmicrodosing.com\\\/es\\\/herbolario\\\/cbd-y-suplementos-alimenticios\\\/organic-tea-1-3-cbd-energizing\\\/#breadcrumb\"},\"inLanguage\":\"es\",\"potentialAction\":[{\"@type\":\"ReadAction\",\"target\":[\"https:\\\/\\\/dutchmicrodosing.com\\\/es\\\/herbolario\\\/cbd-y-suplementos-alimenticios\\\/organic-tea-1-3-cbd-energizing\\\/\"]}]},{\"@type\":\"ImageObject\",\"inLanguage\":\"es\",\"@id\":\"https:\\\/\\\/dutchmicrodosing.com\\\/es\\\/herbolario\\\/cbd-y-suplementos-alimenticios\\\/organic-tea-1-3-cbd-energizing\\\/#primaryimage\",\"url\":\"https:\\\/\\\/dutchmicrodosing.com\\\/wp-content\\\/uploads\\\/2025\\\/04\\\/wholesale-cbd-tea-energizing-plant-of-remedy_LRG.jpg\",\"contentUrl\":\"https:\\\/\\\/dutchmicrodosing.com\\\/wp-content\\\/uploads\\\/2025\\\/04\\\/wholesale-cbd-tea-energizing-plant-of-remedy_LRG.jpg\",\"width\":1600,\"height\":1600},{\"@type\":\"BreadcrumbList\",\"@id\":\"https:\\\/\\\/dutchmicrodosing.com\\\/es\\\/herbolario\\\/cbd-y-suplementos-alimenticios\\\/organic-tea-1-3-cbd-energizing\\\/#breadcrumb\",\"itemListElement\":[{\"@type\":\"ListItem\",\"position\":1,\"name\":\"Home\",\"item\":\"https:\\\/\\\/dutchmicrodosing.com\\\/es\\\/\"},{\"@type\":\"ListItem\",\"position\":2,\"name\":\"Tienda\",\"item\":\"https:\\\/\\\/dutchmicrodosing.com\\\/es\\\/tienda\\\/\"},{\"@type\":\"ListItem\",\"position\":3,\"name\":\"T\u00e9 Ecol\u00f3gico 1-3% CBD &#8211; Energizante\"}]},{\"@type\":\"WebSite\",\"@id\":\"https:\\\/\\\/dutchmicrodosing.com\\\/es\\\/#website\",\"url\":\"https:\\\/\\\/dutchmicrodosing.com\\\/es\\\/\",\"name\":\"Dutchmicrodosing\",\"description\":\"\",\"publisher\":{\"@id\":\"https:\\\/\\\/dutchmicrodosing.com\\\/es\\\/#organization\"},\"potentialAction\":[{\"@type\":\"SearchAction\",\"target\":{\"@type\":\"EntryPoint\",\"urlTemplate\":\"https:\\\/\\\/dutchmicrodosing.com\\\/es\\\/?s={search_term_string}\"},\"query-input\":{\"@type\":\"PropertyValueSpecification\",\"valueRequired\":true,\"valueName\":\"search_term_string\"}}],\"inLanguage\":\"es\"},{\"@type\":\"Organization\",\"@id\":\"https:\\\/\\\/dutchmicrodosing.com\\\/es\\\/#organization\",\"name\":\"Dutchmicrodosing\",\"url\":\"https:\\\/\\\/dutchmicrodosing.com\\\/es\\\/\",\"logo\":{\"@type\":\"ImageObject\",\"inLanguage\":\"es\",\"@id\":\"https:\\\/\\\/dutchmicrodosing.com\\\/es\\\/#\\\/schema\\\/logo\\\/image\\\/\",\"url\":\"https:\\\/\\\/dutchmicrodosing.com\\\/wp-content\\\/uploads\\\/2021\\\/01\\\/microdosing-categorie-pic-nieuw.jpg\",\"contentUrl\":\"https:\\\/\\\/dutchmicrodosing.com\\\/wp-content\\\/uploads\\\/2021\\\/01\\\/microdosing-categorie-pic-nieuw.jpg\",\"width\":500,\"height\":500,\"caption\":\"Dutchmicrodosing\"},\"image\":{\"@id\":\"https:\\\/\\\/dutchmicrodosing.com\\\/es\\\/#\\\/schema\\\/logo\\\/image\\\/\"},\"sameAs\":[\"https:\\\/\\\/www.facebook.com\\\/Dutchmicrodosingxp\\\/\",\"https:\\\/\\\/www.instagram.com\\\/dutchmicrodosing\\\/\"]}]}<\/script>\n<meta property=\"product:price:amount\" content=\"6.95\" \/>\n<meta property=\"product:price:currency\" content=\"EUR\" \/>\n<meta property=\"og:availability\" content=\"instock\" \/>\n<meta property=\"product:availability\" content=\"instock\" \/>\n<meta property=\"product:retailer_item_id\" content=\"5204840\" \/>\n<meta property=\"product:condition\" content=\"new\" \/>\n<!-- \/ Yoast SEO Premium plugin. -->","yoast_head_json":{"title":"T\u00e9 Ecol\u00f3gico 1-3% CBD - Energizante - Dutchmicrodosing","description":"Empieza el d\u00eda con T\u00e9 Ecol\u00f3gico 1-3% CBD - Energizante. Una tisana ecol\u00f3gica descafeinada con sabor a t\u00e9 verde, c\u00e1\u00f1amo y pepino-lim\u00f3n....","robots":{"index":"index","follow":"follow","max-snippet":"max-snippet:-1","max-image-preview":"max-image-preview:large","max-video-preview":"max-video-preview:-1"},"canonical":"https:\/\/dutchmicrodosing.com\/es\/herbolario\/cbd-y-suplementos-alimenticios\/organic-tea-1-3-cbd-energizing\/","og_locale":"es_ES","og_type":"article","og_title":"T\u00e9 Ecol\u00f3gico 1-3% CBD - Energizante","og_description":"El T\u00e9 Ecol\u00f3gico 1-3% CBD - Energizante de Plant of Remedy es tu est\u00edmulo natural para empezar el d\u00eda o para cualquier momento intermedio. Este t\u00e9","og_url":"https:\/\/dutchmicrodosing.com\/es\/herbolario\/cbd-y-suplementos-alimenticios\/organic-tea-1-3-cbd-energizing\/","og_site_name":"Dutchmicrodosing","article_publisher":"https:\/\/www.facebook.com\/Dutchmicrodosingxp\/","article_modified_time":"2026-02-18T23:47:32+00:00","og_image":[{"width":1600,"height":1600,"url":"https:\/\/dutchmicrodosing.com\/wp-content\/uploads\/2025\/04\/wholesale-cbd-tea-energizing-plant-of-remedy_LRG.jpg","type":"image\/jpeg"}],"twitter_card":"summary_large_image","schema":{"@context":"https:\/\/schema.org","@graph":[{"@type":"WebPage","@id":"https:\/\/dutchmicrodosing.com\/es\/herbolario\/cbd-y-suplementos-alimenticios\/organic-tea-1-3-cbd-energizing\/","url":"https:\/\/dutchmicrodosing.com\/es\/herbolario\/cbd-y-suplementos-alimenticios\/organic-tea-1-3-cbd-energizing\/","name":"T\u00e9 Ecol\u00f3gico 1-3% CBD - Energizante - Dutchmicrodosing","isPartOf":{"@id":"https:\/\/dutchmicrodosing.com\/es\/#website"},"primaryImageOfPage":{"@id":"https:\/\/dutchmicrodosing.com\/es\/herbolario\/cbd-y-suplementos-alimenticios\/organic-tea-1-3-cbd-energizing\/#primaryimage"},"image":{"@id":"https:\/\/dutchmicrodosing.com\/es\/herbolario\/cbd-y-suplementos-alimenticios\/organic-tea-1-3-cbd-energizing\/#primaryimage"},"thumbnailUrl":"https:\/\/dutchmicrodosing.com\/wp-content\/uploads\/2025\/04\/wholesale-cbd-tea-energizing-plant-of-remedy_LRG.jpg","datePublished":"2025-04-08T09:53:28+00:00","dateModified":"2026-02-18T23:47:32+00:00","description":"Empieza el d\u00eda con T\u00e9 Ecol\u00f3gico 1-3% CBD - Energizante. Una tisana ecol\u00f3gica descafeinada con sabor a t\u00e9 verde, c\u00e1\u00f1amo y pepino-lim\u00f3n....","breadcrumb":{"@id":"https:\/\/dutchmicrodosing.com\/es\/herbolario\/cbd-y-suplementos-alimenticios\/organic-tea-1-3-cbd-energizing\/#breadcrumb"},"inLanguage":"es","potentialAction":[{"@type":"ReadAction","target":["https:\/\/dutchmicrodosing.com\/es\/herbolario\/cbd-y-suplementos-alimenticios\/organic-tea-1-3-cbd-energizing\/"]}]},{"@type":"ImageObject","inLanguage":"es","@id":"https:\/\/dutchmicrodosing.com\/es\/herbolario\/cbd-y-suplementos-alimenticios\/organic-tea-1-3-cbd-energizing\/#primaryimage","url":"https:\/\/dutchmicrodosing.com\/wp-content\/uploads\/2025\/04\/wholesale-cbd-tea-energizing-plant-of-remedy_LRG.jpg","contentUrl":"https:\/\/dutchmicrodosing.com\/wp-content\/uploads\/2025\/04\/wholesale-cbd-tea-energizing-plant-of-remedy_LRG.jpg","width":1600,"height":1600},{"@type":"BreadcrumbList","@id":"https:\/\/dutchmicrodosing.com\/es\/herbolario\/cbd-y-suplementos-alimenticios\/organic-tea-1-3-cbd-energizing\/#breadcrumb","itemListElement":[{"@type":"ListItem","position":1,"name":"Home","item":"https:\/\/dutchmicrodosing.com\/es\/"},{"@type":"ListItem","position":2,"name":"Tienda","item":"https:\/\/dutchmicrodosing.com\/es\/tienda\/"},{"@type":"ListItem","position":3,"name":"T\u00e9 Ecol\u00f3gico 1-3% CBD &#8211; Energizante"}]},{"@type":"WebSite","@id":"https:\/\/dutchmicrodosing.com\/es\/#website","url":"https:\/\/dutchmicrodosing.com\/es\/","name":"Dutchmicrodosing","description":"","publisher":{"@id":"https:\/\/dutchmicrodosing.com\/es\/#organization"},"potentialAction":[{"@type":"SearchAction","target":{"@type":"EntryPoint","urlTemplate":"https:\/\/dutchmicrodosing.com\/es\/?s={search_term_string}"},"query-input":{"@type":"PropertyValueSpecification","valueRequired":true,"valueName":"search_term_string"}}],"inLanguage":"es"},{"@type":"Organization","@id":"https:\/\/dutchmicrodosing.com\/es\/#organization","name":"Dutchmicrodosing","url":"https:\/\/dutchmicrodosing.com\/es\/","logo":{"@type":"ImageObject","inLanguage":"es","@id":"https:\/\/dutchmicrodosing.com\/es\/#\/schema\/logo\/image\/","url":"https:\/\/dutchmicrodosing.com\/wp-content\/uploads\/2021\/01\/microdosing-categorie-pic-nieuw.jpg","contentUrl":"https:\/\/dutchmicrodosing.com\/wp-content\/uploads\/2021\/01\/microdosing-categorie-pic-nieuw.jpg","width":500,"height":500,"caption":"Dutchmicrodosing"},"image":{"@id":"https:\/\/dutchmicrodosing.com\/es\/#\/schema\/logo\/image\/"},"sameAs":["https:\/\/www.facebook.com\/Dutchmicrodosingxp\/","https:\/\/www.instagram.com\/dutchmicrodosing\/"]}]},"product_price_amount":"6.95","product_price_currency":"EUR","og_availability":"instock","product_availability":"instock","product_retailer_item_id":"5204840","product_condition":"new"},"_links":{"self":[{"href":"https:\/\/dutchmicrodosing.com\/es\/wp-json\/wp\/v2\/product\/47040","targetHints":{"allow":["GET"]}}],"collection":[{"href":"https:\/\/dutchmicrodosing.com\/es\/wp-json\/wp\/v2\/product"}],"about":[{"href":"https:\/\/dutchmicrodosing.com\/es\/wp-json\/wp\/v2\/types\/product"}],"replies":[{"embeddable":true,"href":"https:\/\/dutchmicrodosing.com\/es\/wp-json\/wp\/v2\/comments?post=47040"}],"version-history":[{"count":0,"href":"https:\/\/dutchmicrodosing.com\/es\/wp-json\/wp\/v2\/product\/47040\/revisions"}],"wp:featuredmedia":[{"embeddable":true,"href":"https:\/\/dutchmicrodosing.com\/es\/wp-json\/wp\/v2\/media\/47034"}],"wp:attachment":[{"href":"https:\/\/dutchmicrodosing.com\/es\/wp-json\/wp\/v2\/media?parent=47040"}],"wp:term":[{"taxonomy":"product_brand","embeddable":true,"href":"https:\/\/dutchmicrodosing.com\/es\/wp-json\/wp\/v2\/product_brand?post=47040"},{"taxonomy":"product_cat","embeddable":true,"href":"https:\/\/dutchmicrodosing.com\/es\/wp-json\/wp\/v2\/product_cat?post=47040"},{"taxonomy":"product_tag","embeddable":true,"href":"https:\/\/dutchmicrodosing.com\/es\/wp-json\/wp\/v2\/product_tag?post=47040"}],"curies":[{"name":"wp","href":"https:\/\/api.w.org\/{rel}","templated":true}]}}