{"id":47167,"date":"2025-04-16T08:18:41","date_gmt":"2025-04-16T06:18:41","guid":{"rendered":"https:\/\/dutchmicrodosing.com\/shop\/sin%20categor\u00eda\/copelandia-madagascar-paddo-kweekset\/"},"modified":"2025-08-19T08:41:50","modified_gmt":"2025-08-19T06:41:50","slug":"copelandia-madagascar-paddo-kweekset","status":"publish","type":"product","link":"https:\/\/dutchmicrodosing.com\/es\/setas-alucinogenas\/especiales-growkit\/copelandia-madagascar-paddo-kweekset\/","title":{"rendered":"Kit de cultivo de setas Copelandia Madagascar"},"content":{"rendered":"<p>El <strong>kit de cultivo de setas Copelandia<\/strong> Madagascar es para los verdaderos entusiastas. Esta especie en concreto es conocida por su llamativo patr\u00f3n de crecimiento: el primer brote suele surgir en los bordes de la maceta, mientras que los brotes posteriores se extienden hacia el centro. \u00bfEl resultado? Una densa \u00abjungla\u00bb de setas que crecen hacia arriba: un espect\u00e1culo impresionante, adem\u00e1s de un buen rendimiento.<\/p>\n<p>Esta variedad tiene su origen en el clima tropical de Madagascar. Gracias a la riqueza del suelo y a la presencia de ganado, este entorno cre\u00f3 las condiciones perfectas para la aparici\u00f3n de este potente hongo psilocib\u00ednico. El nombre \u00abMadagascar\u00bb hace referencia a una l\u00ednea gen\u00e9tica espec\u00edfica originaria de las setas silvestres de la isla. Mientras tanto, esta variedad se cultiva por su h\u00e1bito de crecimiento compacto y sus fuertes efectos.<\/p>\n<p>Comparada con la conocida <em>Psilocybe cubensis<\/em>, la Copelandia Madagascar contiene hasta tres veces m\u00e1s sustancias activas (como la psilocina y la psilocibina) por gramo. Es decir: una dosis m\u00e1s baja ya es suficiente para una experiencia profunda. Ideal para usuarios avanzados que quieren viajar deliberadamente.<\/p>\n<h3>Caracter\u00edsticas<\/h3>\n<ul>\n<li>Especies espec\u00edficas con un patr\u00f3n de crecimiento \u00fanico: del borde al centro<\/li>\n<li>Forma racimos densos para una cosecha plena<\/li>\n<li>F\u00e1cil de mantener con instrucciones claras<\/li>\n<li>Adecuado para m\u00faltiples ciclos de crecimiento<\/li>\n<li>Set completo: no necesitas comprar nada m\u00e1s<\/li>\n<\/ul>\n<h3>Ingredientes y\/o composici\u00f3n<\/h3>\n<ul>\n<li>Contenedor de cr\u00eda con sustrato nutritivo activo<\/li>\n<li>Capa superior mineral para una regulaci\u00f3n \u00f3ptima de la humedad<\/li>\n<li>Bolsa de cultivo herm\u00e9tica con clip de cierre<\/li>\n<\/ul>\n<h3>Utilice<\/h3>\n<p>L\u00e1vate bien las manos con agua y jab\u00f3n. Utiliza preferiblemente guantes y, si es posible, una mascarilla bucal para mantener limpio el conjunto. A continuaci\u00f3n, s\u00f3lo tienes que seguir las siguientes instrucciones:<\/p>\n<p><span dir=\"ltr\" lang=\"EN-US\">1. La higiene es esencial.<\/span><br \/>\n<span dir=\"ltr\" lang=\"EN-US\">L\u00e1vate bien las manos con jab\u00f3n. Utiliza preferentemente guantes y, si es posible, una mascarilla bucal.<\/span><\/p>\n<p><span dir=\"ltr\" lang=\"EN-US\">2. Preparaci\u00f3n.<\/span><br \/>\n<span dir=\"ltr\" lang=\"EN-US\">Extiende uniformemente la capa mineral superior sobre la superficie del sustrato. Utiliza guantes limpios o una esp\u00e1tula.<\/span><\/p>\n<p><span dir=\"ltr\" lang=\"EN-US\">3. Humectaci\u00f3n y puesta en marcha.<\/span><br \/>\n<span dir=\"ltr\" lang=\"EN-US\">Coloca el recipiente en la bolsa de cultivo.<\/span><br \/>\n<span dir=\"ltr\" lang=\"EN-US\">Roc\u00eda generosamente la parte superior e interior de la bolsa (no la empapes). Cierra la bolsa con un clip. Aseg\u00farate de que hay suficiente aire fresco en la bolsa.<\/span><\/p>\n<p><span dir=\"ltr\" lang=\"EN-US\">4. Mantenimiento diario.<\/span><br \/>\n<span dir=\"ltr\" lang=\"EN-US\">Abre la bolsa 1-2 veces al d\u00eda para el intercambio de aire. Humedece ligeramente las paredes interiores de la bolsa y la superficie para evitar que se sequen.<\/span><\/p>\n<p><span dir=\"ltr\" lang=\"EN-US\">5. \u00a1Importante!<\/span><br \/>\n<span dir=\"ltr\" lang=\"EN-US\">En cuanto sean visibles las primeras estructuras del fruto, deja de pulverizar.<\/span><br \/>\n<span dir=\"ltr\" lang=\"EN-US\">A partir de entonces, s\u00f3lo es necesario el intercambio de aire (2-3 veces al d\u00eda). La humectaci\u00f3n directa puede interrumpir el crecimiento.<\/span><\/p>\n<p><span dir=\"ltr\" lang=\"EN-US\">6. Recolecci\u00f3n.<\/span><br \/>\n<span dir=\"ltr\" lang=\"EN-US\">Las estructuras est\u00e1n listas para la cosecha al cabo de 5-7 d\u00edas. Desenr\u00f3scalos con cuidado por la base. Idealmente, el momento en que los rastros oscuros se hacen visibles.<\/span><\/p>\n<p><span dir=\"ltr\" lang=\"EN-US\">7. Pr\u00f3ximo ciclo de crecimiento.<\/span><br \/>\n<span dir=\"ltr\" lang=\"EN-US\">Tras la cosecha, vuelve a humedecer ligeramente a unos 10 cm de distancia. Un poco de agua en el fondo es aceptable; vierte el exceso de humedad m\u00e1s tarde. El nuevo ciclo se inicia autom\u00e1ticamente.<\/span><\/p>\n<h3><span dir=\"ltr\" lang=\"EN-US\">Condiciones ambientales:<\/span><\/h3>\n<p><span dir=\"ltr\" lang=\"EN-US\">Fase de puesta en marcha:<\/span><br \/>\n<span dir=\"ltr\" lang=\"EN-US\">&#8211; Temperatura: 21-26 \u00b0C<\/span><br \/>\n<span dir=\"ltr\" lang=\"EN-US\">&#8211; Humedad: 95-100<\/span><\/p>\n<p><span dir=\"ltr\" lang=\"EN-US\">Fase de fecundaci\u00f3n:<\/span><br \/>\n<span dir=\"ltr\" lang=\"EN-US\">&#8211; Temperatura: 21-26 \u00b0C<\/span><br \/>\n<span dir=\"ltr\" lang=\"EN-US\">&#8211; Humedad: 90-95<\/span><\/p>\n<h3>Contenido<\/h3>\n<ul>\n<li>1x tanque de cr\u00eda con sustrato (1200 cc)<\/li>\n<li>1x acabado mineral<\/li>\n<li>1x bolsa de cultivo herm\u00e9tica con pinza<\/li>\n<\/ul>\n","protected":false},"excerpt":{"rendered":"<p>El kit de cultivo de setas Copelandia Madagascar es para los verdaderos entusiastas. Esta especie en concreto es conocida por su llamativo patr\u00f3n de crecimiento: el primer brote suele surgir en los bordes de la maceta, mientras que los brotes posteriores se extienden hacia el centro. \u00bfEl resultado? Una densa \u00abjungla\u00bb de setas que crecen [&hellip;]<\/p>\n","protected":false},"featured_media":65314,"comment_status":"closed","ping_status":"closed","template":"","meta":[],"product_brand":[],"product_cat":[407],"product_tag":[],"class_list":{"0":"post-47167","1":"product","2":"type-product","3":"status-publish","4":"has-post-thumbnail","6":"product_cat-kits-de-cultivo-especiales","8":"first","9":"instock","10":"taxable","11":"shipping-taxable","12":"purchasable","13":"product-type-simple"},"yoast_head":"<!-- This site is optimized with the Yoast SEO Premium plugin v26.4 (Yoast SEO v27.2) - https:\/\/yoast.com\/product\/yoast-seo-premium-wordpress\/ -->\n<title>Kit de cultivo de setas Copelandia Madagascar - Dutchmicrodosing<\/title>\n<meta name=\"description\" content=\"Experimenta viajes profundos y percepciones espirituales con el kit de cultivo de hongos m\u00e1gicos Copelandia Madagascar. Una variedad de seta \u00fanica para viajeros conscientes y espirituales.\" \/>\n<meta name=\"robots\" content=\"index, follow, max-snippet:-1, max-image-preview:large, max-video-preview:-1\" \/>\n<link rel=\"canonical\" href=\"https:\/\/dutchmicrodosing.com\/es\/setas-alucinogenas\/especiales-growkit\/copelandia-madagascar-paddo-kweekset\/\" \/>\n<meta property=\"og:locale\" content=\"es_ES\" \/>\n<meta property=\"og:type\" content=\"article\" \/>\n<meta property=\"og:title\" content=\"Kit de cultivo de setas Copelandia Madagascar\" \/>\n<meta property=\"og:description\" content=\"El kit de cultivo de setas Copelandia Madagascar es para los verdaderos entusiastas. Esta especie en concreto es conocida por su llamativo patr\u00f3n de\" \/>\n<meta property=\"og:url\" content=\"https:\/\/dutchmicrodosing.com\/es\/setas-alucinogenas\/especiales-growkit\/copelandia-madagascar-paddo-kweekset\/\" \/>\n<meta property=\"og:site_name\" content=\"Dutchmicrodosing\" \/>\n<meta property=\"article:publisher\" content=\"https:\/\/www.facebook.com\/Dutchmicrodosingxp\/\" \/>\n<meta property=\"article:modified_time\" content=\"2025-08-19T06:41:50+00:00\" \/>\n<meta property=\"og:image\" content=\"https:\/\/dutchmicrodosing.com\/wp-content\/uploads\/2025\/04\/4106-5079-2.jpg\" \/>\n\t<meta property=\"og:image:width\" content=\"300\" \/>\n\t<meta property=\"og:image:height\" content=\"300\" \/>\n\t<meta property=\"og:image:type\" content=\"image\/jpeg\" \/>\n<meta name=\"twitter:card\" content=\"summary_large_image\" \/>\n<script type=\"application\/ld+json\" class=\"yoast-schema-graph\">{\"@context\":\"https:\/\/schema.org\",\"@graph\":[{\"@type\":\"WebPage\",\"@id\":\"https:\/\/dutchmicrodosing.com\/es\/setas-alucinogenas\/especiales-growkit\/copelandia-madagascar-paddo-kweekset\/\",\"url\":\"https:\/\/dutchmicrodosing.com\/es\/setas-alucinogenas\/especiales-growkit\/copelandia-madagascar-paddo-kweekset\/\",\"name\":\"Kit de cultivo de setas Copelandia Madagascar - Dutchmicrodosing\",\"isPartOf\":{\"@id\":\"https:\/\/dutchmicrodosing.com\/es\/#website\"},\"primaryImageOfPage\":{\"@id\":\"https:\/\/dutchmicrodosing.com\/es\/setas-alucinogenas\/especiales-growkit\/copelandia-madagascar-paddo-kweekset\/#primaryimage\"},\"image\":{\"@id\":\"https:\/\/dutchmicrodosing.com\/es\/setas-alucinogenas\/especiales-growkit\/copelandia-madagascar-paddo-kweekset\/#primaryimage\"},\"thumbnailUrl\":\"https:\/\/dutchmicrodosing.com\/wp-content\/uploads\/2025\/04\/c23581a5-9918-494b-afd2-1af44bc516c6.png\",\"datePublished\":\"2025-04-16T06:18:41+00:00\",\"dateModified\":\"2025-08-19T06:41:50+00:00\",\"description\":\"Experimenta viajes profundos y percepciones espirituales con el kit de cultivo de hongos m\u00e1gicos Copelandia Madagascar. Una variedad de seta \u00fanica para viajeros conscientes y espirituales.\",\"breadcrumb\":{\"@id\":\"https:\/\/dutchmicrodosing.com\/es\/setas-alucinogenas\/especiales-growkit\/copelandia-madagascar-paddo-kweekset\/#breadcrumb\"},\"inLanguage\":\"es\",\"potentialAction\":[{\"@type\":\"ReadAction\",\"target\":[\"https:\/\/dutchmicrodosing.com\/es\/setas-alucinogenas\/especiales-growkit\/copelandia-madagascar-paddo-kweekset\/\"]}]},{\"@type\":\"ImageObject\",\"inLanguage\":\"es\",\"@id\":\"https:\/\/dutchmicrodosing.com\/es\/setas-alucinogenas\/especiales-growkit\/copelandia-madagascar-paddo-kweekset\/#primaryimage\",\"url\":\"https:\/\/dutchmicrodosing.com\/wp-content\/uploads\/2025\/04\/c23581a5-9918-494b-afd2-1af44bc516c6.png\",\"contentUrl\":\"https:\/\/dutchmicrodosing.com\/wp-content\/uploads\/2025\/04\/c23581a5-9918-494b-afd2-1af44bc516c6.png\",\"width\":1536,\"height\":1024},{\"@type\":\"BreadcrumbList\",\"@id\":\"https:\/\/dutchmicrodosing.com\/es\/setas-alucinogenas\/especiales-growkit\/copelandia-madagascar-paddo-kweekset\/#breadcrumb\",\"itemListElement\":[{\"@type\":\"ListItem\",\"position\":1,\"name\":\"Home\",\"item\":\"https:\/\/dutchmicrodosing.com\/es\/\"},{\"@type\":\"ListItem\",\"position\":2,\"name\":\"Tienda\",\"item\":\"https:\/\/dutchmicrodosing.com\/es\/tienda\/\"},{\"@type\":\"ListItem\",\"position\":3,\"name\":\"Kit de cultivo de setas Copelandia Madagascar\"}]},{\"@type\":\"WebSite\",\"@id\":\"https:\/\/dutchmicrodosing.com\/es\/#website\",\"url\":\"https:\/\/dutchmicrodosing.com\/es\/\",\"name\":\"Dutchmicrodosing\",\"description\":\"\",\"publisher\":{\"@id\":\"https:\/\/dutchmicrodosing.com\/es\/#organization\"},\"potentialAction\":[{\"@type\":\"SearchAction\",\"target\":{\"@type\":\"EntryPoint\",\"urlTemplate\":\"https:\/\/dutchmicrodosing.com\/es\/?s={search_term_string}\"},\"query-input\":{\"@type\":\"PropertyValueSpecification\",\"valueRequired\":true,\"valueName\":\"search_term_string\"}}],\"inLanguage\":\"es\"},{\"@type\":\"Organization\",\"@id\":\"https:\/\/dutchmicrodosing.com\/es\/#organization\",\"name\":\"Dutchmicrodosing\",\"url\":\"https:\/\/dutchmicrodosing.com\/es\/\",\"logo\":{\"@type\":\"ImageObject\",\"inLanguage\":\"es\",\"@id\":\"https:\/\/dutchmicrodosing.com\/es\/#\/schema\/logo\/image\/\",\"url\":\"https:\/\/dutchmicrodosing.com\/wp-content\/uploads\/2021\/01\/microdosing-categorie-pic-nieuw.jpg\",\"contentUrl\":\"https:\/\/dutchmicrodosing.com\/wp-content\/uploads\/2021\/01\/microdosing-categorie-pic-nieuw.jpg\",\"width\":500,\"height\":500,\"caption\":\"Dutchmicrodosing\"},\"image\":{\"@id\":\"https:\/\/dutchmicrodosing.com\/es\/#\/schema\/logo\/image\/\"},\"sameAs\":[\"https:\/\/www.facebook.com\/Dutchmicrodosingxp\/\",\"https:\/\/www.instagram.com\/dutchmicrodosing\/\"]}]}<\/script>\n<meta property=\"product:price:amount\" content=\"63.95\" \/>\n<meta property=\"product:price:currency\" content=\"EUR\" \/>\n<meta property=\"og:availability\" content=\"instock\" \/>\n<meta property=\"product:availability\" content=\"instock\" \/>\n<meta property=\"product:retailer_item_id\" content=\"5204268\" \/>\n<meta property=\"product:condition\" content=\"new\" \/>\n<!-- \/ Yoast SEO Premium plugin. -->","yoast_head_json":{"title":"Kit de cultivo de setas Copelandia Madagascar - Dutchmicrodosing","description":"Experimenta viajes profundos y percepciones espirituales con el kit de cultivo de hongos m\u00e1gicos Copelandia Madagascar. Una variedad de seta \u00fanica para viajeros conscientes y espirituales.","robots":{"index":"index","follow":"follow","max-snippet":"max-snippet:-1","max-image-preview":"max-image-preview:large","max-video-preview":"max-video-preview:-1"},"canonical":"https:\/\/dutchmicrodosing.com\/es\/setas-alucinogenas\/especiales-growkit\/copelandia-madagascar-paddo-kweekset\/","og_locale":"es_ES","og_type":"article","og_title":"Kit de cultivo de setas Copelandia Madagascar","og_description":"El kit de cultivo de setas Copelandia Madagascar es para los verdaderos entusiastas. Esta especie en concreto es conocida por su llamativo patr\u00f3n de","og_url":"https:\/\/dutchmicrodosing.com\/es\/setas-alucinogenas\/especiales-growkit\/copelandia-madagascar-paddo-kweekset\/","og_site_name":"Dutchmicrodosing","article_publisher":"https:\/\/www.facebook.com\/Dutchmicrodosingxp\/","article_modified_time":"2025-08-19T06:41:50+00:00","og_image":[{"width":300,"height":300,"url":"https:\/\/dutchmicrodosing.com\/wp-content\/uploads\/2025\/04\/4106-5079-2.jpg","type":"image\/jpeg"}],"twitter_card":"summary_large_image","schema":{"@context":"https:\/\/schema.org","@graph":[{"@type":"WebPage","@id":"https:\/\/dutchmicrodosing.com\/es\/setas-alucinogenas\/especiales-growkit\/copelandia-madagascar-paddo-kweekset\/","url":"https:\/\/dutchmicrodosing.com\/es\/setas-alucinogenas\/especiales-growkit\/copelandia-madagascar-paddo-kweekset\/","name":"Kit de cultivo de setas Copelandia Madagascar - Dutchmicrodosing","isPartOf":{"@id":"https:\/\/dutchmicrodosing.com\/es\/#website"},"primaryImageOfPage":{"@id":"https:\/\/dutchmicrodosing.com\/es\/setas-alucinogenas\/especiales-growkit\/copelandia-madagascar-paddo-kweekset\/#primaryimage"},"image":{"@id":"https:\/\/dutchmicrodosing.com\/es\/setas-alucinogenas\/especiales-growkit\/copelandia-madagascar-paddo-kweekset\/#primaryimage"},"thumbnailUrl":"https:\/\/dutchmicrodosing.com\/wp-content\/uploads\/2025\/04\/c23581a5-9918-494b-afd2-1af44bc516c6.png","datePublished":"2025-04-16T06:18:41+00:00","dateModified":"2025-08-19T06:41:50+00:00","description":"Experimenta viajes profundos y percepciones espirituales con el kit de cultivo de hongos m\u00e1gicos Copelandia Madagascar. Una variedad de seta \u00fanica para viajeros conscientes y espirituales.","breadcrumb":{"@id":"https:\/\/dutchmicrodosing.com\/es\/setas-alucinogenas\/especiales-growkit\/copelandia-madagascar-paddo-kweekset\/#breadcrumb"},"inLanguage":"es","potentialAction":[{"@type":"ReadAction","target":["https:\/\/dutchmicrodosing.com\/es\/setas-alucinogenas\/especiales-growkit\/copelandia-madagascar-paddo-kweekset\/"]}]},{"@type":"ImageObject","inLanguage":"es","@id":"https:\/\/dutchmicrodosing.com\/es\/setas-alucinogenas\/especiales-growkit\/copelandia-madagascar-paddo-kweekset\/#primaryimage","url":"https:\/\/dutchmicrodosing.com\/wp-content\/uploads\/2025\/04\/c23581a5-9918-494b-afd2-1af44bc516c6.png","contentUrl":"https:\/\/dutchmicrodosing.com\/wp-content\/uploads\/2025\/04\/c23581a5-9918-494b-afd2-1af44bc516c6.png","width":1536,"height":1024},{"@type":"BreadcrumbList","@id":"https:\/\/dutchmicrodosing.com\/es\/setas-alucinogenas\/especiales-growkit\/copelandia-madagascar-paddo-kweekset\/#breadcrumb","itemListElement":[{"@type":"ListItem","position":1,"name":"Home","item":"https:\/\/dutchmicrodosing.com\/es\/"},{"@type":"ListItem","position":2,"name":"Tienda","item":"https:\/\/dutchmicrodosing.com\/es\/tienda\/"},{"@type":"ListItem","position":3,"name":"Kit de cultivo de setas Copelandia Madagascar"}]},{"@type":"WebSite","@id":"https:\/\/dutchmicrodosing.com\/es\/#website","url":"https:\/\/dutchmicrodosing.com\/es\/","name":"Dutchmicrodosing","description":"","publisher":{"@id":"https:\/\/dutchmicrodosing.com\/es\/#organization"},"potentialAction":[{"@type":"SearchAction","target":{"@type":"EntryPoint","urlTemplate":"https:\/\/dutchmicrodosing.com\/es\/?s={search_term_string}"},"query-input":{"@type":"PropertyValueSpecification","valueRequired":true,"valueName":"search_term_string"}}],"inLanguage":"es"},{"@type":"Organization","@id":"https:\/\/dutchmicrodosing.com\/es\/#organization","name":"Dutchmicrodosing","url":"https:\/\/dutchmicrodosing.com\/es\/","logo":{"@type":"ImageObject","inLanguage":"es","@id":"https:\/\/dutchmicrodosing.com\/es\/#\/schema\/logo\/image\/","url":"https:\/\/dutchmicrodosing.com\/wp-content\/uploads\/2021\/01\/microdosing-categorie-pic-nieuw.jpg","contentUrl":"https:\/\/dutchmicrodosing.com\/wp-content\/uploads\/2021\/01\/microdosing-categorie-pic-nieuw.jpg","width":500,"height":500,"caption":"Dutchmicrodosing"},"image":{"@id":"https:\/\/dutchmicrodosing.com\/es\/#\/schema\/logo\/image\/"},"sameAs":["https:\/\/www.facebook.com\/Dutchmicrodosingxp\/","https:\/\/www.instagram.com\/dutchmicrodosing\/"]}]},"product_price_amount":"63.95","product_price_currency":"EUR","og_availability":"instock","product_availability":"instock","product_retailer_item_id":"5204268","product_condition":"new"},"_links":{"self":[{"href":"https:\/\/dutchmicrodosing.com\/es\/wp-json\/wp\/v2\/product\/47167","targetHints":{"allow":["GET"]}}],"collection":[{"href":"https:\/\/dutchmicrodosing.com\/es\/wp-json\/wp\/v2\/product"}],"about":[{"href":"https:\/\/dutchmicrodosing.com\/es\/wp-json\/wp\/v2\/types\/product"}],"replies":[{"embeddable":true,"href":"https:\/\/dutchmicrodosing.com\/es\/wp-json\/wp\/v2\/comments?post=47167"}],"version-history":[{"count":0,"href":"https:\/\/dutchmicrodosing.com\/es\/wp-json\/wp\/v2\/product\/47167\/revisions"}],"wp:featuredmedia":[{"embeddable":true,"href":"https:\/\/dutchmicrodosing.com\/es\/wp-json\/wp\/v2\/media\/65314"}],"wp:attachment":[{"href":"https:\/\/dutchmicrodosing.com\/es\/wp-json\/wp\/v2\/media?parent=47167"}],"wp:term":[{"taxonomy":"product_brand","embeddable":true,"href":"https:\/\/dutchmicrodosing.com\/es\/wp-json\/wp\/v2\/product_brand?post=47167"},{"taxonomy":"product_cat","embeddable":true,"href":"https:\/\/dutchmicrodosing.com\/es\/wp-json\/wp\/v2\/product_cat?post=47167"},{"taxonomy":"product_tag","embeddable":true,"href":"https:\/\/dutchmicrodosing.com\/es\/wp-json\/wp\/v2\/product_tag?post=47167"}],"curies":[{"name":"wp","href":"https:\/\/api.w.org\/{rel}","templated":true}]}}