{"id":4757,"date":"2020-10-11T12:34:33","date_gmt":"2020-10-11T10:34:33","guid":{"rendered":"https:\/\/dutchmicrodosing.com\/shop\/sin%20categor\u00eda\/microdosingxp-paquete-de-5\/"},"modified":"2025-11-20T11:45:22","modified_gmt":"2025-11-20T10:45:22","slug":"paquete-de-microdosificacion-5","status":"publish","type":"product","link":"https:\/\/dutchmicrodosing.com\/es\/microdosificacion\/paquete-de-microdosificacion-5\/","title":{"rendered":"MicrodosingXP &#8211; Paquete de 5"},"content":{"rendered":"<p style=\"text-align: left;\">Las <strong>trufas XP Microdosing<\/strong> son fabricadas por expertos con muchas d\u00e9cadas de experiencia en el cultivo de trufas de psilocibina. La calidad de los productos de las trufas XP Microdosing puede calificarse de excelente. Estas trufas m\u00e1gicas son 100% ecol\u00f3gicas y est\u00e1n libres de pesticidas y productos qu\u00edmicos.<\/p>\n<h3>Ingredientes<\/h3>\n<p>6 trufas de psilocibina de 1 gramo. Cada dosis de 1 gramo contiene +\/- 1mg de psilocibina.<\/p>\n<h3>Contenido<\/h3>\n<p>5 paquetes de trufas Microdosing XP con 6 trufas de psilocibina de 1 gramo cada una. Peso de las trufas en total 30 gramos. Esta Microdosis XP &#8211; Paquete de 5 es buena para una cura de 60 d\u00edas.<\/p>\n<h3>Utilice<\/h3>\n<p>La microdosificaci\u00f3n consiste en ingerir peri\u00f3dicamente peque\u00f1as cantidades de la sustancia psilcibina. Como las dosis de las trufas son peque\u00f1as, no se sentir\u00e1n ni percibir\u00e1n efectos fuertes. Para un mejor efecto, aconsejamos consumir las microdosis de trufas por la ma\u00f1ana en ayunas.<\/p>\n<ul>\n<li>D\u00eda 1: 1 dosis de 1 gr.<\/li>\n<li>D\u00eda 2: Sin dosis, descanso<\/li>\n<li>D\u00eda 3: 1 dosis de 1gr<\/li>\n<li>D\u00eda 4: Sin dosis, descanso<\/li>\n<li>D\u00eda 5: 1 dosis de 1gr<\/li>\n<li>D\u00eda 6: Sin dosis, descanso<\/li>\n<li>D\u00eda 7: 1 dosis de 1gr<\/li>\n<li>D\u00eda 8: Empezar en el d\u00eda 1<\/li>\n<\/ul>\n<p>El <a href=\"https:\/\/dutchmicrodosing.com\/es\/rutina-de-microdosificacion\/\">esquema de dosificaci\u00f3n<\/a> es un ciclo que se repite continuamente hasta alcanzar el n\u00famero deseado de semanas de la cura. Se toman las trufas de microdosificaci\u00f3n XP de 1 a 2 meses. Despu\u00e9s de esto, se toma un descanso de 2 a 4 semanas. Una micro-dosis no te har\u00e1 trippy o alucinar. Sin embargo, se pueden observar efectos sutiles.<\/p>\n<h3>Consejos de almacenamiento<\/h3>\n<p>Guarde sus trufas Microdosing XP en un frigor\u00edfico a una temperatura de entre 2 y 4 grados cent\u00edgrados. Aseg\u00farese de comprobar la fecha de caducidad que figura en el envase para saber cu\u00e1nto tiempo se conservan. Las trufas pueden conservarse de 9 a 12 semanas<\/p>\n<h3>IMPORTANTE<\/h3>\n<p>No utilice las trufas XP Microdosing:<\/p>\n<ul>\n<li>En combinaci\u00f3n con alcohol u otras drogas<\/li>\n<li>En caso de embarazo o lactancia<\/li>\n<li>En combinaci\u00f3n con el carbonato de litio<\/li>\n<li>En caso de trastorno y\/o enfermedad mental o f\u00edsica<\/li>\n<li>En caso de daltonismo<\/li>\n<\/ul>\n","protected":false},"excerpt":{"rendered":"<p>Las trufas XP Microdosing son fabricadas por expertos con muchas d\u00e9cadas de experiencia en el cultivo de trufas de psilocibina. La calidad de los productos de las trufas XP Microdosing puede calificarse de excelente. Estas trufas m\u00e1gicas son 100% ecol\u00f3gicas y est\u00e1n libres de pesticidas y productos qu\u00edmicos. Ingredientes 6 trufas de psilocibina de 1 [&hellip;]<\/p>\n","protected":false},"featured_media":3624,"comment_status":"open","ping_status":"closed","template":"","meta":[],"product_brand":[],"product_cat":[124,319],"product_tag":[],"class_list":{"0":"post-4757","1":"product","2":"type-product","3":"status-publish","4":"has-post-thumbnail","6":"product_cat-microdosificacion","7":"product_cat-suplementos-para-la-creatividad","9":"first","10":"instock","11":"taxable","12":"shipping-taxable","13":"purchasable","14":"product-type-simple"},"yoast_head":"<!-- This site is optimized with the Yoast SEO Premium plugin v26.4 (Yoast SEO v27.4) - https:\/\/yoast.com\/product\/yoast-seo-premium-wordpress\/ -->\n<title>Microdosificaci\u00f3n XP Comprar paquete de 5 | Pedidos antes de las 16:00 Pedidos hoy<\/title>\n<meta name=\"description\" content=\"\u00bfComprar trufas microdosificadas XP? Distribuidor oficial de MicrodosingXP 30 trufas de 1 gramo de microdosificaci\u00f3n fresca enviadas discretamente.\" \/>\n<meta name=\"robots\" content=\"index, follow, max-snippet:-1, max-image-preview:large, max-video-preview:-1\" \/>\n<link rel=\"canonical\" href=\"https:\/\/dutchmicrodosing.com\/es\/microdosificacion\/paquete-de-microdosificacion-5\/\" \/>\n<meta property=\"og:locale\" content=\"es_ES\" \/>\n<meta property=\"og:type\" content=\"article\" \/>\n<meta property=\"og:title\" content=\"MicrodosingXP - Paquete de 5\" \/>\n<meta property=\"og:description\" content=\"Las trufas XP Microdosing son fabricadas por expertos con muchas d\u00e9cadas de experiencia en el cultivo de trufas de psilocibina. La calidad de los\" \/>\n<meta property=\"og:url\" content=\"https:\/\/dutchmicrodosing.com\/es\/microdosificacion\/paquete-de-microdosificacion-5\/\" \/>\n<meta property=\"og:site_name\" content=\"Dutchmicrodosing\" \/>\n<meta property=\"article:publisher\" content=\"https:\/\/www.facebook.com\/Dutchmicrodosingxp\/\" \/>\n<meta property=\"article:modified_time\" content=\"2025-11-20T10:45:22+00:00\" \/>\n<meta property=\"og:image\" content=\"https:\/\/dutchmicrodosing.com\/wp-content\/uploads\/2020\/10\/MicrodosingXP_mockups_5pack.jpg\" \/>\n\t<meta property=\"og:image:width\" content=\"500\" \/>\n\t<meta property=\"og:image:height\" content=\"500\" \/>\n\t<meta property=\"og:image:type\" content=\"image\/jpeg\" \/>\n<meta name=\"twitter:card\" content=\"summary_large_image\" \/>\n<script type=\"application\/ld+json\" class=\"yoast-schema-graph\">{\"@context\":\"https:\\\/\\\/schema.org\",\"@graph\":[{\"@type\":\"WebPage\",\"@id\":\"https:\\\/\\\/dutchmicrodosing.com\\\/es\\\/microdosificacion\\\/paquete-de-microdosificacion-5\\\/\",\"url\":\"https:\\\/\\\/dutchmicrodosing.com\\\/es\\\/microdosificacion\\\/paquete-de-microdosificacion-5\\\/\",\"name\":\"Microdosificaci\u00f3n XP Comprar paquete de 5 | Pedidos antes de las 16:00 Pedidos hoy\",\"isPartOf\":{\"@id\":\"https:\\\/\\\/dutchmicrodosing.com\\\/es\\\/#website\"},\"primaryImageOfPage\":{\"@id\":\"https:\\\/\\\/dutchmicrodosing.com\\\/es\\\/microdosificacion\\\/paquete-de-microdosificacion-5\\\/#primaryimage\"},\"image\":{\"@id\":\"https:\\\/\\\/dutchmicrodosing.com\\\/es\\\/microdosificacion\\\/paquete-de-microdosificacion-5\\\/#primaryimage\"},\"thumbnailUrl\":\"https:\\\/\\\/dutchmicrodosing.com\\\/wp-content\\\/uploads\\\/2020\\\/10\\\/MicrodosingXP_mockups_5pack.jpg\",\"datePublished\":\"2020-10-11T10:34:33+00:00\",\"dateModified\":\"2025-11-20T10:45:22+00:00\",\"description\":\"\u00bfComprar trufas microdosificadas XP? Distribuidor oficial de MicrodosingXP 30 trufas de 1 gramo de microdosificaci\u00f3n fresca enviadas discretamente.\",\"breadcrumb\":{\"@id\":\"https:\\\/\\\/dutchmicrodosing.com\\\/es\\\/microdosificacion\\\/paquete-de-microdosificacion-5\\\/#breadcrumb\"},\"inLanguage\":\"es\",\"potentialAction\":[{\"@type\":\"ReadAction\",\"target\":[\"https:\\\/\\\/dutchmicrodosing.com\\\/es\\\/microdosificacion\\\/paquete-de-microdosificacion-5\\\/\"]}]},{\"@type\":\"ImageObject\",\"inLanguage\":\"es\",\"@id\":\"https:\\\/\\\/dutchmicrodosing.com\\\/es\\\/microdosificacion\\\/paquete-de-microdosificacion-5\\\/#primaryimage\",\"url\":\"https:\\\/\\\/dutchmicrodosing.com\\\/wp-content\\\/uploads\\\/2020\\\/10\\\/MicrodosingXP_mockups_5pack.jpg\",\"contentUrl\":\"https:\\\/\\\/dutchmicrodosing.com\\\/wp-content\\\/uploads\\\/2020\\\/10\\\/MicrodosingXP_mockups_5pack.jpg\",\"width\":500,\"height\":500},{\"@type\":\"BreadcrumbList\",\"@id\":\"https:\\\/\\\/dutchmicrodosing.com\\\/es\\\/microdosificacion\\\/paquete-de-microdosificacion-5\\\/#breadcrumb\",\"itemListElement\":[{\"@type\":\"ListItem\",\"position\":1,\"name\":\"Home\",\"item\":\"https:\\\/\\\/dutchmicrodosing.com\\\/es\\\/\"},{\"@type\":\"ListItem\",\"position\":2,\"name\":\"Tienda\",\"item\":\"https:\\\/\\\/dutchmicrodosing.com\\\/es\\\/tienda\\\/\"},{\"@type\":\"ListItem\",\"position\":3,\"name\":\"MicrodosingXP &#8211; Paquete de 5\"}]},{\"@type\":\"WebSite\",\"@id\":\"https:\\\/\\\/dutchmicrodosing.com\\\/es\\\/#website\",\"url\":\"https:\\\/\\\/dutchmicrodosing.com\\\/es\\\/\",\"name\":\"Dutchmicrodosing\",\"description\":\"\",\"publisher\":{\"@id\":\"https:\\\/\\\/dutchmicrodosing.com\\\/es\\\/#organization\"},\"potentialAction\":[{\"@type\":\"SearchAction\",\"target\":{\"@type\":\"EntryPoint\",\"urlTemplate\":\"https:\\\/\\\/dutchmicrodosing.com\\\/es\\\/?s={search_term_string}\"},\"query-input\":{\"@type\":\"PropertyValueSpecification\",\"valueRequired\":true,\"valueName\":\"search_term_string\"}}],\"inLanguage\":\"es\"},{\"@type\":\"Organization\",\"@id\":\"https:\\\/\\\/dutchmicrodosing.com\\\/es\\\/#organization\",\"name\":\"Dutchmicrodosing\",\"url\":\"https:\\\/\\\/dutchmicrodosing.com\\\/es\\\/\",\"logo\":{\"@type\":\"ImageObject\",\"inLanguage\":\"es\",\"@id\":\"https:\\\/\\\/dutchmicrodosing.com\\\/es\\\/#\\\/schema\\\/logo\\\/image\\\/\",\"url\":\"https:\\\/\\\/dutchmicrodosing.com\\\/wp-content\\\/uploads\\\/2021\\\/01\\\/microdosing-categorie-pic-nieuw.jpg\",\"contentUrl\":\"https:\\\/\\\/dutchmicrodosing.com\\\/wp-content\\\/uploads\\\/2021\\\/01\\\/microdosing-categorie-pic-nieuw.jpg\",\"width\":500,\"height\":500,\"caption\":\"Dutchmicrodosing\"},\"image\":{\"@id\":\"https:\\\/\\\/dutchmicrodosing.com\\\/es\\\/#\\\/schema\\\/logo\\\/image\\\/\"},\"sameAs\":[\"https:\\\/\\\/www.facebook.com\\\/Dutchmicrodosingxp\\\/\",\"https:\\\/\\\/www.instagram.com\\\/dutchmicrodosing\\\/\"]}]}<\/script>\n<meta property=\"product:price:amount\" content=\"29.95\" \/>\n<meta property=\"product:price:currency\" content=\"EUR\" \/>\n<meta property=\"og:availability\" content=\"instock\" \/>\n<meta property=\"product:availability\" content=\"instock\" \/>\n<meta property=\"product:retailer_item_id\" content=\"0210212\" \/>\n<meta property=\"product:condition\" content=\"new\" \/>\n<!-- \/ Yoast SEO Premium plugin. -->","yoast_head_json":{"title":"Microdosificaci\u00f3n XP Comprar paquete de 5 | Pedidos antes de las 16:00 Pedidos hoy","description":"\u00bfComprar trufas microdosificadas XP? Distribuidor oficial de MicrodosingXP 30 trufas de 1 gramo de microdosificaci\u00f3n fresca enviadas discretamente.","robots":{"index":"index","follow":"follow","max-snippet":"max-snippet:-1","max-image-preview":"max-image-preview:large","max-video-preview":"max-video-preview:-1"},"canonical":"https:\/\/dutchmicrodosing.com\/es\/microdosificacion\/paquete-de-microdosificacion-5\/","og_locale":"es_ES","og_type":"article","og_title":"MicrodosingXP - Paquete de 5","og_description":"Las trufas XP Microdosing son fabricadas por expertos con muchas d\u00e9cadas de experiencia en el cultivo de trufas de psilocibina. La calidad de los","og_url":"https:\/\/dutchmicrodosing.com\/es\/microdosificacion\/paquete-de-microdosificacion-5\/","og_site_name":"Dutchmicrodosing","article_publisher":"https:\/\/www.facebook.com\/Dutchmicrodosingxp\/","article_modified_time":"2025-11-20T10:45:22+00:00","og_image":[{"width":500,"height":500,"url":"https:\/\/dutchmicrodosing.com\/wp-content\/uploads\/2020\/10\/MicrodosingXP_mockups_5pack.jpg","type":"image\/jpeg"}],"twitter_card":"summary_large_image","schema":{"@context":"https:\/\/schema.org","@graph":[{"@type":"WebPage","@id":"https:\/\/dutchmicrodosing.com\/es\/microdosificacion\/paquete-de-microdosificacion-5\/","url":"https:\/\/dutchmicrodosing.com\/es\/microdosificacion\/paquete-de-microdosificacion-5\/","name":"Microdosificaci\u00f3n XP Comprar paquete de 5 | Pedidos antes de las 16:00 Pedidos hoy","isPartOf":{"@id":"https:\/\/dutchmicrodosing.com\/es\/#website"},"primaryImageOfPage":{"@id":"https:\/\/dutchmicrodosing.com\/es\/microdosificacion\/paquete-de-microdosificacion-5\/#primaryimage"},"image":{"@id":"https:\/\/dutchmicrodosing.com\/es\/microdosificacion\/paquete-de-microdosificacion-5\/#primaryimage"},"thumbnailUrl":"https:\/\/dutchmicrodosing.com\/wp-content\/uploads\/2020\/10\/MicrodosingXP_mockups_5pack.jpg","datePublished":"2020-10-11T10:34:33+00:00","dateModified":"2025-11-20T10:45:22+00:00","description":"\u00bfComprar trufas microdosificadas XP? Distribuidor oficial de MicrodosingXP 30 trufas de 1 gramo de microdosificaci\u00f3n fresca enviadas discretamente.","breadcrumb":{"@id":"https:\/\/dutchmicrodosing.com\/es\/microdosificacion\/paquete-de-microdosificacion-5\/#breadcrumb"},"inLanguage":"es","potentialAction":[{"@type":"ReadAction","target":["https:\/\/dutchmicrodosing.com\/es\/microdosificacion\/paquete-de-microdosificacion-5\/"]}]},{"@type":"ImageObject","inLanguage":"es","@id":"https:\/\/dutchmicrodosing.com\/es\/microdosificacion\/paquete-de-microdosificacion-5\/#primaryimage","url":"https:\/\/dutchmicrodosing.com\/wp-content\/uploads\/2020\/10\/MicrodosingXP_mockups_5pack.jpg","contentUrl":"https:\/\/dutchmicrodosing.com\/wp-content\/uploads\/2020\/10\/MicrodosingXP_mockups_5pack.jpg","width":500,"height":500},{"@type":"BreadcrumbList","@id":"https:\/\/dutchmicrodosing.com\/es\/microdosificacion\/paquete-de-microdosificacion-5\/#breadcrumb","itemListElement":[{"@type":"ListItem","position":1,"name":"Home","item":"https:\/\/dutchmicrodosing.com\/es\/"},{"@type":"ListItem","position":2,"name":"Tienda","item":"https:\/\/dutchmicrodosing.com\/es\/tienda\/"},{"@type":"ListItem","position":3,"name":"MicrodosingXP &#8211; Paquete de 5"}]},{"@type":"WebSite","@id":"https:\/\/dutchmicrodosing.com\/es\/#website","url":"https:\/\/dutchmicrodosing.com\/es\/","name":"Dutchmicrodosing","description":"","publisher":{"@id":"https:\/\/dutchmicrodosing.com\/es\/#organization"},"potentialAction":[{"@type":"SearchAction","target":{"@type":"EntryPoint","urlTemplate":"https:\/\/dutchmicrodosing.com\/es\/?s={search_term_string}"},"query-input":{"@type":"PropertyValueSpecification","valueRequired":true,"valueName":"search_term_string"}}],"inLanguage":"es"},{"@type":"Organization","@id":"https:\/\/dutchmicrodosing.com\/es\/#organization","name":"Dutchmicrodosing","url":"https:\/\/dutchmicrodosing.com\/es\/","logo":{"@type":"ImageObject","inLanguage":"es","@id":"https:\/\/dutchmicrodosing.com\/es\/#\/schema\/logo\/image\/","url":"https:\/\/dutchmicrodosing.com\/wp-content\/uploads\/2021\/01\/microdosing-categorie-pic-nieuw.jpg","contentUrl":"https:\/\/dutchmicrodosing.com\/wp-content\/uploads\/2021\/01\/microdosing-categorie-pic-nieuw.jpg","width":500,"height":500,"caption":"Dutchmicrodosing"},"image":{"@id":"https:\/\/dutchmicrodosing.com\/es\/#\/schema\/logo\/image\/"},"sameAs":["https:\/\/www.facebook.com\/Dutchmicrodosingxp\/","https:\/\/www.instagram.com\/dutchmicrodosing\/"]}]},"product_price_amount":"29.95","product_price_currency":"EUR","og_availability":"instock","product_availability":"instock","product_retailer_item_id":"0210212","product_condition":"new"},"_links":{"self":[{"href":"https:\/\/dutchmicrodosing.com\/es\/wp-json\/wp\/v2\/product\/4757","targetHints":{"allow":["GET"]}}],"collection":[{"href":"https:\/\/dutchmicrodosing.com\/es\/wp-json\/wp\/v2\/product"}],"about":[{"href":"https:\/\/dutchmicrodosing.com\/es\/wp-json\/wp\/v2\/types\/product"}],"replies":[{"embeddable":true,"href":"https:\/\/dutchmicrodosing.com\/es\/wp-json\/wp\/v2\/comments?post=4757"}],"version-history":[{"count":1,"href":"https:\/\/dutchmicrodosing.com\/es\/wp-json\/wp\/v2\/product\/4757\/revisions"}],"predecessor-version":[{"id":62636,"href":"https:\/\/dutchmicrodosing.com\/es\/wp-json\/wp\/v2\/product\/4757\/revisions\/62636"}],"wp:featuredmedia":[{"embeddable":true,"href":"https:\/\/dutchmicrodosing.com\/es\/wp-json\/wp\/v2\/media\/3624"}],"wp:attachment":[{"href":"https:\/\/dutchmicrodosing.com\/es\/wp-json\/wp\/v2\/media?parent=4757"}],"wp:term":[{"taxonomy":"product_brand","embeddable":true,"href":"https:\/\/dutchmicrodosing.com\/es\/wp-json\/wp\/v2\/product_brand?post=4757"},{"taxonomy":"product_cat","embeddable":true,"href":"https:\/\/dutchmicrodosing.com\/es\/wp-json\/wp\/v2\/product_cat?post=4757"},{"taxonomy":"product_tag","embeddable":true,"href":"https:\/\/dutchmicrodosing.com\/es\/wp-json\/wp\/v2\/product_tag?post=4757"}],"curies":[{"name":"wp","href":"https:\/\/api.w.org\/{rel}","templated":true}]}}