{"id":47604,"date":"2025-05-09T09:49:35","date_gmt":"2025-05-09T07:49:35","guid":{"rendered":"https:\/\/dutchmicrodosing.com\/shop\/sin%20categor\u00eda\/azurescens-outdoor-growkit\/"},"modified":"2026-02-21T14:59:59","modified_gmt":"2026-02-21T13:59:59","slug":"azurescens-outdoor-growkit","status":"publish","type":"product","link":"https:\/\/dutchmicrodosing.com\/es\/setas-alucinogenas\/especiales-growkit\/azurescens-outdoor-growkit\/","title":{"rendered":"Kit de cultivo exterior Azurescens"},"content":{"rendered":"<p>Con el <strong>kit de cultivo exterior Azurescens<\/strong>, puedes crear f\u00e1cilmente tu propio arrozal natural. Este kit de cultivo ofrece la posibilidad de cultivar potentes setas de psilocibina al aire libre, volviendo cada a\u00f1o. Perfecto para quienes disponen de espacio extra en el jard\u00edn y desean cultivar de forma sostenible.<\/p>\n<h3>Caracter\u00edsticas<\/h3>\n<ul>\n<li>Especialmente para uso en exteriores<\/li>\n<li>Sustrato: virutas de madera<\/li>\n<li>Variedad muy potente, no apta para principiantes<\/li>\n<li>Periodo de plantaci\u00f3n: de finales de marzo a principios de junio (norte de Europa), de septiembre a diciembre (sur de Europa)<\/li>\n<li>Colonizaci\u00f3n a 16-24\u00baC, fructificaci\u00f3n a unos 7\u00baC<\/li>\n<li>Periodo de recolecci\u00f3n: octubre-enero<\/li>\n<li>Posibilidad de varias cosechas al a\u00f1o<\/li>\n<\/ul>\n<h3>Ingredientes y composici\u00f3n<\/h3>\n<p>El kit de cultivo exterior Azurescens contiene 280 ml de sustrato con un 100% de micelio activo.<\/p>\n<h3>Suministros<\/h3>\n<ul>\n<li>Un saco de 10 litros de virutas peque\u00f1as de haya, tama\u00f1o +\/- 5 mm. se pueden adquirir en tiendas de animales y de jardiner\u00eda<\/li>\n<li>Una caja de cart\u00f3n marr\u00f3n, profundidad m\u00e1xima 15 cm (30 x 30 x 15 cm)<\/li>\n<li>Un recipiente de pl\u00e1stico de 1 litro<\/li>\n<li>Un litro de tierra (opcional)<\/li>\n<li>Semillas de hierba (opcional)<\/li>\n<\/ul>\n<h3>Instrucciones<\/h3>\n<ol>\n<li>Coge un recipiente de pl\u00e1stico de 1 litro (con tapa) y ll\u00e9nalo con 2\/3 de virutas de madera Ahora llena el recipiente con agua hirviendo.<\/li>\n<li>Deja el recipiente toda la noche (sumergido) o 12 horas y luego escurre el agua.<\/li>\n<li>Ahora l\u00e1vate las manos. Abre el kit de cultivo y rompe suavemente el micelio con un tenedor limpio o algo similar.<\/li>\n<li>A\u00f1ade el contenido del kit de cultivo a las virutas de madera h\u00famedas del recipiente de pl\u00e1stico. Utiliza un tenedor limpio o algo similar para distribuir uniformemente el micelio y las virutas de madera.<\/li>\n<li>Una vez mezclado y distribuido, c\u00fabrelo con una capa de cart\u00f3n mojado. Lo mejor es el cart\u00f3n marr\u00f3n liso. Coloca la tapa sin apretar en el recipiente para proteger el micelio del polvo, pero permiti\u00e9ndole respirar. Sin aire, el micelio no crecer\u00e1.<\/li>\n<li>Deja el recipiente de pl\u00e1stico a temperatura ambiente en una habitaci\u00f3n limpia y sin polvo durante aproximadamente un mes para que las virutas de madera se inoculen por completo. Sabr\u00e1s cu\u00e1ndo se ha inoculado completamente porque el contenido se ha vuelto blanco. Tu sustrato ya est\u00e1 listo para su uso en exteriores.<\/li>\n<li>Vierte el resto de las astillas en un cubo grande o algo similar y sum\u00e9rgelas en agua hirviendo. Tambi\u00e9n puedes utilizar una cacerola grande y ponerla al fuego.<\/li>\n<li>Deja las virutas de madera en el agua durante toda la noche. Cuando termines, escurre el agua.<\/li>\n<li>L\u00e1vate las manos. Llena la caja de cart\u00f3n tanto con las virutas de madera colonizadas por el micelio como con las virutas de madera h\u00famedas.<\/li>\n<li>Coge un tenedor limpio o algo similar y m\u00e9zclalo todo uniformemente.<\/li>\n<li>Entierra la caja de cart\u00f3n (abierta) en un lugar sombreado, bajo un arbusto o un \u00e1rbol. Lo ideal es que, tras enterrar la caja, a\u00f1adas una capa superior de 1 cm de tierra h\u00fameda con semillas de c\u00e9sped por encima.<\/li>\n<\/ol>\n<h3>Contenido<\/h3>\n<ul>\n<li>280 ml de sustrato con micelio activo<\/li>\n<\/ul>\n<h3>Descargo de responsabilidad<\/h3>\n<p>Las setas pueden ser peligrosas para la salud cuando se combinan con ciertas drogas, alcohol o con IMAO. \u00bfEst\u00e1 tomando alg\u00fan medicamento? Consulte siempre primero a su m\u00e9dico y lea el prospecto de su medicamento para evitar riesgos para la salud. Adem\u00e1s, no utilices las Setas si est\u00e1s embarazada o en periodo de lactancia.<\/p>\n","protected":false},"excerpt":{"rendered":"<p>Con el kit de cultivo exterior Azurescens, puedes crear f\u00e1cilmente tu propio arrozal natural. Este kit de cultivo ofrece la posibilidad de cultivar potentes setas de psilocibina al aire libre, volviendo cada a\u00f1o. Perfecto para quienes disponen de espacio extra en el jard\u00edn y desean cultivar de forma sostenible. Caracter\u00edsticas Especialmente para uso en exteriores [&hellip;]<\/p>\n","protected":false},"featured_media":47593,"comment_status":"closed","ping_status":"closed","template":"","meta":[],"product_brand":[],"product_cat":[407],"product_tag":[],"class_list":{"0":"post-47604","1":"product","2":"type-product","3":"status-publish","4":"has-post-thumbnail","6":"product_cat-kits-de-cultivo-especiales","8":"first","9":"instock","10":"taxable","11":"shipping-taxable","12":"purchasable","13":"product-type-simple"},"yoast_head":"<!-- This site is optimized with the Yoast SEO Premium plugin v26.4 (Yoast SEO v27.4) - https:\/\/yoast.com\/product\/yoast-seo-premium-wordpress\/ -->\n<title>Kit de cultivo exterior Azurescens - Dutchmicrodosing<\/title>\n<meta name=\"robots\" content=\"index, follow, max-snippet:-1, max-image-preview:large, max-video-preview:-1\" \/>\n<link rel=\"canonical\" href=\"https:\/\/dutchmicrodosing.com\/es\/setas-alucinogenas\/especiales-growkit\/azurescens-outdoor-growkit\/\" \/>\n<meta property=\"og:locale\" content=\"es_ES\" \/>\n<meta property=\"og:type\" content=\"article\" \/>\n<meta property=\"og:title\" content=\"Kit de cultivo exterior Azurescens\" \/>\n<meta property=\"og:description\" content=\"Con el kit de cultivo exterior Azurescens, puedes crear f\u00e1cilmente tu propio arrozal natural. Este kit de cultivo ofrece la posibilidad de cultivar\" \/>\n<meta property=\"og:url\" content=\"https:\/\/dutchmicrodosing.com\/es\/setas-alucinogenas\/especiales-growkit\/azurescens-outdoor-growkit\/\" \/>\n<meta property=\"og:site_name\" content=\"Dutchmicrodosing\" \/>\n<meta property=\"article:publisher\" content=\"https:\/\/www.facebook.com\/Dutchmicrodosingxp\/\" \/>\n<meta property=\"article:modified_time\" content=\"2026-02-21T13:59:59+00:00\" \/>\n<meta property=\"og:image\" content=\"https:\/\/dutchmicrodosing.com\/wp-content\/uploads\/2025\/05\/3009-3132.jpg\" \/>\n\t<meta property=\"og:image:width\" content=\"300\" \/>\n\t<meta property=\"og:image:height\" content=\"300\" \/>\n\t<meta property=\"og:image:type\" content=\"image\/jpeg\" \/>\n<meta name=\"twitter:card\" content=\"summary_large_image\" \/>\n<script type=\"application\/ld+json\" class=\"yoast-schema-graph\">{\"@context\":\"https:\\\/\\\/schema.org\",\"@graph\":[{\"@type\":\"WebPage\",\"@id\":\"https:\\\/\\\/dutchmicrodosing.com\\\/es\\\/setas-alucinogenas\\\/especiales-growkit\\\/azurescens-outdoor-growkit\\\/\",\"url\":\"https:\\\/\\\/dutchmicrodosing.com\\\/es\\\/setas-alucinogenas\\\/especiales-growkit\\\/azurescens-outdoor-growkit\\\/\",\"name\":\"Kit de cultivo exterior Azurescens - Dutchmicrodosing\",\"isPartOf\":{\"@id\":\"https:\\\/\\\/dutchmicrodosing.com\\\/es\\\/#website\"},\"primaryImageOfPage\":{\"@id\":\"https:\\\/\\\/dutchmicrodosing.com\\\/es\\\/setas-alucinogenas\\\/especiales-growkit\\\/azurescens-outdoor-growkit\\\/#primaryimage\"},\"image\":{\"@id\":\"https:\\\/\\\/dutchmicrodosing.com\\\/es\\\/setas-alucinogenas\\\/especiales-growkit\\\/azurescens-outdoor-growkit\\\/#primaryimage\"},\"thumbnailUrl\":\"https:\\\/\\\/dutchmicrodosing.com\\\/wp-content\\\/uploads\\\/2025\\\/05\\\/3009-3132.jpg\",\"datePublished\":\"2025-05-09T07:49:35+00:00\",\"dateModified\":\"2026-02-21T13:59:59+00:00\",\"breadcrumb\":{\"@id\":\"https:\\\/\\\/dutchmicrodosing.com\\\/es\\\/setas-alucinogenas\\\/especiales-growkit\\\/azurescens-outdoor-growkit\\\/#breadcrumb\"},\"inLanguage\":\"es\",\"potentialAction\":[{\"@type\":\"ReadAction\",\"target\":[\"https:\\\/\\\/dutchmicrodosing.com\\\/es\\\/setas-alucinogenas\\\/especiales-growkit\\\/azurescens-outdoor-growkit\\\/\"]}]},{\"@type\":\"ImageObject\",\"inLanguage\":\"es\",\"@id\":\"https:\\\/\\\/dutchmicrodosing.com\\\/es\\\/setas-alucinogenas\\\/especiales-growkit\\\/azurescens-outdoor-growkit\\\/#primaryimage\",\"url\":\"https:\\\/\\\/dutchmicrodosing.com\\\/wp-content\\\/uploads\\\/2025\\\/05\\\/3009-3132.jpg\",\"contentUrl\":\"https:\\\/\\\/dutchmicrodosing.com\\\/wp-content\\\/uploads\\\/2025\\\/05\\\/3009-3132.jpg\",\"width\":300,\"height\":300},{\"@type\":\"BreadcrumbList\",\"@id\":\"https:\\\/\\\/dutchmicrodosing.com\\\/es\\\/setas-alucinogenas\\\/especiales-growkit\\\/azurescens-outdoor-growkit\\\/#breadcrumb\",\"itemListElement\":[{\"@type\":\"ListItem\",\"position\":1,\"name\":\"Home\",\"item\":\"https:\\\/\\\/dutchmicrodosing.com\\\/es\\\/\"},{\"@type\":\"ListItem\",\"position\":2,\"name\":\"Tienda\",\"item\":\"https:\\\/\\\/dutchmicrodosing.com\\\/es\\\/tienda\\\/\"},{\"@type\":\"ListItem\",\"position\":3,\"name\":\"Kit de cultivo exterior Azurescens\"}]},{\"@type\":\"WebSite\",\"@id\":\"https:\\\/\\\/dutchmicrodosing.com\\\/es\\\/#website\",\"url\":\"https:\\\/\\\/dutchmicrodosing.com\\\/es\\\/\",\"name\":\"Dutchmicrodosing\",\"description\":\"\",\"publisher\":{\"@id\":\"https:\\\/\\\/dutchmicrodosing.com\\\/es\\\/#organization\"},\"potentialAction\":[{\"@type\":\"SearchAction\",\"target\":{\"@type\":\"EntryPoint\",\"urlTemplate\":\"https:\\\/\\\/dutchmicrodosing.com\\\/es\\\/?s={search_term_string}\"},\"query-input\":{\"@type\":\"PropertyValueSpecification\",\"valueRequired\":true,\"valueName\":\"search_term_string\"}}],\"inLanguage\":\"es\"},{\"@type\":\"Organization\",\"@id\":\"https:\\\/\\\/dutchmicrodosing.com\\\/es\\\/#organization\",\"name\":\"Dutchmicrodosing\",\"url\":\"https:\\\/\\\/dutchmicrodosing.com\\\/es\\\/\",\"logo\":{\"@type\":\"ImageObject\",\"inLanguage\":\"es\",\"@id\":\"https:\\\/\\\/dutchmicrodosing.com\\\/es\\\/#\\\/schema\\\/logo\\\/image\\\/\",\"url\":\"https:\\\/\\\/dutchmicrodosing.com\\\/wp-content\\\/uploads\\\/2021\\\/01\\\/microdosing-categorie-pic-nieuw.jpg\",\"contentUrl\":\"https:\\\/\\\/dutchmicrodosing.com\\\/wp-content\\\/uploads\\\/2021\\\/01\\\/microdosing-categorie-pic-nieuw.jpg\",\"width\":500,\"height\":500,\"caption\":\"Dutchmicrodosing\"},\"image\":{\"@id\":\"https:\\\/\\\/dutchmicrodosing.com\\\/es\\\/#\\\/schema\\\/logo\\\/image\\\/\"},\"sameAs\":[\"https:\\\/\\\/www.facebook.com\\\/Dutchmicrodosingxp\\\/\",\"https:\\\/\\\/www.instagram.com\\\/dutchmicrodosing\\\/\"]}]}<\/script>\n<meta property=\"product:price:amount\" content=\"24.95\" \/>\n<meta property=\"product:price:currency\" content=\"EUR\" \/>\n<meta property=\"og:availability\" content=\"instock\" \/>\n<meta property=\"product:availability\" content=\"instock\" \/>\n<meta property=\"product:retailer_item_id\" content=\"1201513\" \/>\n<meta property=\"product:condition\" content=\"new\" \/>\n<!-- \/ Yoast SEO Premium plugin. -->","yoast_head_json":{"title":"Kit de cultivo exterior Azurescens - Dutchmicrodosing","robots":{"index":"index","follow":"follow","max-snippet":"max-snippet:-1","max-image-preview":"max-image-preview:large","max-video-preview":"max-video-preview:-1"},"canonical":"https:\/\/dutchmicrodosing.com\/es\/setas-alucinogenas\/especiales-growkit\/azurescens-outdoor-growkit\/","og_locale":"es_ES","og_type":"article","og_title":"Kit de cultivo exterior Azurescens","og_description":"Con el kit de cultivo exterior Azurescens, puedes crear f\u00e1cilmente tu propio arrozal natural. Este kit de cultivo ofrece la posibilidad de cultivar","og_url":"https:\/\/dutchmicrodosing.com\/es\/setas-alucinogenas\/especiales-growkit\/azurescens-outdoor-growkit\/","og_site_name":"Dutchmicrodosing","article_publisher":"https:\/\/www.facebook.com\/Dutchmicrodosingxp\/","article_modified_time":"2026-02-21T13:59:59+00:00","og_image":[{"width":300,"height":300,"url":"https:\/\/dutchmicrodosing.com\/wp-content\/uploads\/2025\/05\/3009-3132.jpg","type":"image\/jpeg"}],"twitter_card":"summary_large_image","schema":{"@context":"https:\/\/schema.org","@graph":[{"@type":"WebPage","@id":"https:\/\/dutchmicrodosing.com\/es\/setas-alucinogenas\/especiales-growkit\/azurescens-outdoor-growkit\/","url":"https:\/\/dutchmicrodosing.com\/es\/setas-alucinogenas\/especiales-growkit\/azurescens-outdoor-growkit\/","name":"Kit de cultivo exterior Azurescens - Dutchmicrodosing","isPartOf":{"@id":"https:\/\/dutchmicrodosing.com\/es\/#website"},"primaryImageOfPage":{"@id":"https:\/\/dutchmicrodosing.com\/es\/setas-alucinogenas\/especiales-growkit\/azurescens-outdoor-growkit\/#primaryimage"},"image":{"@id":"https:\/\/dutchmicrodosing.com\/es\/setas-alucinogenas\/especiales-growkit\/azurescens-outdoor-growkit\/#primaryimage"},"thumbnailUrl":"https:\/\/dutchmicrodosing.com\/wp-content\/uploads\/2025\/05\/3009-3132.jpg","datePublished":"2025-05-09T07:49:35+00:00","dateModified":"2026-02-21T13:59:59+00:00","breadcrumb":{"@id":"https:\/\/dutchmicrodosing.com\/es\/setas-alucinogenas\/especiales-growkit\/azurescens-outdoor-growkit\/#breadcrumb"},"inLanguage":"es","potentialAction":[{"@type":"ReadAction","target":["https:\/\/dutchmicrodosing.com\/es\/setas-alucinogenas\/especiales-growkit\/azurescens-outdoor-growkit\/"]}]},{"@type":"ImageObject","inLanguage":"es","@id":"https:\/\/dutchmicrodosing.com\/es\/setas-alucinogenas\/especiales-growkit\/azurescens-outdoor-growkit\/#primaryimage","url":"https:\/\/dutchmicrodosing.com\/wp-content\/uploads\/2025\/05\/3009-3132.jpg","contentUrl":"https:\/\/dutchmicrodosing.com\/wp-content\/uploads\/2025\/05\/3009-3132.jpg","width":300,"height":300},{"@type":"BreadcrumbList","@id":"https:\/\/dutchmicrodosing.com\/es\/setas-alucinogenas\/especiales-growkit\/azurescens-outdoor-growkit\/#breadcrumb","itemListElement":[{"@type":"ListItem","position":1,"name":"Home","item":"https:\/\/dutchmicrodosing.com\/es\/"},{"@type":"ListItem","position":2,"name":"Tienda","item":"https:\/\/dutchmicrodosing.com\/es\/tienda\/"},{"@type":"ListItem","position":3,"name":"Kit de cultivo exterior Azurescens"}]},{"@type":"WebSite","@id":"https:\/\/dutchmicrodosing.com\/es\/#website","url":"https:\/\/dutchmicrodosing.com\/es\/","name":"Dutchmicrodosing","description":"","publisher":{"@id":"https:\/\/dutchmicrodosing.com\/es\/#organization"},"potentialAction":[{"@type":"SearchAction","target":{"@type":"EntryPoint","urlTemplate":"https:\/\/dutchmicrodosing.com\/es\/?s={search_term_string}"},"query-input":{"@type":"PropertyValueSpecification","valueRequired":true,"valueName":"search_term_string"}}],"inLanguage":"es"},{"@type":"Organization","@id":"https:\/\/dutchmicrodosing.com\/es\/#organization","name":"Dutchmicrodosing","url":"https:\/\/dutchmicrodosing.com\/es\/","logo":{"@type":"ImageObject","inLanguage":"es","@id":"https:\/\/dutchmicrodosing.com\/es\/#\/schema\/logo\/image\/","url":"https:\/\/dutchmicrodosing.com\/wp-content\/uploads\/2021\/01\/microdosing-categorie-pic-nieuw.jpg","contentUrl":"https:\/\/dutchmicrodosing.com\/wp-content\/uploads\/2021\/01\/microdosing-categorie-pic-nieuw.jpg","width":500,"height":500,"caption":"Dutchmicrodosing"},"image":{"@id":"https:\/\/dutchmicrodosing.com\/es\/#\/schema\/logo\/image\/"},"sameAs":["https:\/\/www.facebook.com\/Dutchmicrodosingxp\/","https:\/\/www.instagram.com\/dutchmicrodosing\/"]}]},"product_price_amount":"24.95","product_price_currency":"EUR","og_availability":"instock","product_availability":"instock","product_retailer_item_id":"1201513","product_condition":"new"},"_links":{"self":[{"href":"https:\/\/dutchmicrodosing.com\/es\/wp-json\/wp\/v2\/product\/47604","targetHints":{"allow":["GET"]}}],"collection":[{"href":"https:\/\/dutchmicrodosing.com\/es\/wp-json\/wp\/v2\/product"}],"about":[{"href":"https:\/\/dutchmicrodosing.com\/es\/wp-json\/wp\/v2\/types\/product"}],"replies":[{"embeddable":true,"href":"https:\/\/dutchmicrodosing.com\/es\/wp-json\/wp\/v2\/comments?post=47604"}],"version-history":[{"count":0,"href":"https:\/\/dutchmicrodosing.com\/es\/wp-json\/wp\/v2\/product\/47604\/revisions"}],"wp:featuredmedia":[{"embeddable":true,"href":"https:\/\/dutchmicrodosing.com\/es\/wp-json\/wp\/v2\/media\/47593"}],"wp:attachment":[{"href":"https:\/\/dutchmicrodosing.com\/es\/wp-json\/wp\/v2\/media?parent=47604"}],"wp:term":[{"taxonomy":"product_brand","embeddable":true,"href":"https:\/\/dutchmicrodosing.com\/es\/wp-json\/wp\/v2\/product_brand?post=47604"},{"taxonomy":"product_cat","embeddable":true,"href":"https:\/\/dutchmicrodosing.com\/es\/wp-json\/wp\/v2\/product_cat?post=47604"},{"taxonomy":"product_tag","embeddable":true,"href":"https:\/\/dutchmicrodosing.com\/es\/wp-json\/wp\/v2\/product_tag?post=47604"}],"curies":[{"name":"wp","href":"https:\/\/api.w.org\/{rel}","templated":true}]}}