{"id":4765,"date":"2021-02-02T15:24:52","date_gmt":"2021-05-02T08:43:19","guid":{"rendered":"https:\/\/dutchmicrodosing.com\/shop\/sin%20categor\u00eda\/trufas-psilocybe-mexicana-15-gr\/"},"modified":"2023-03-11T12:43:55","modified_gmt":"2023-03-11T11:43:55","slug":"trufas-mexicanas-ecologicas","status":"publish","type":"product","link":"https:\/\/dutchmicrodosing.com\/es\/trufas-de-psilocibina\/trufas-magicas-ecologicas-xp\/trufas-mexicanas-ecologicas\/","title":{"rendered":"Trufas Mexicanas Ecol\u00f3gicas 15 Gr"},"content":{"rendered":"<p>Las Trufas de Psilocybe 100% Ecol\u00f3gicas de Mexicana son muy adecuadas para una primera introducci\u00f3n al mundo de las trufas de psilocibina. Suaves visualizaciones y un fuerte efecto cerebral dan a esta trufa el poder de inducir un viaje bien equilibrado. Se reconocen las ideas de ciertos procesos de pensamiento atascados. Las soluciones para estos procesos de pensamiento atascados surgen como setas. \u00a1Ese es el poder de la psilocibina! Las trufas mexicanas son muy populares y buscadas por los consumidores de psicod\u00e9licos. Una hermosa trufa con propiedades \u00fanicas y alucinantes que no es demasiado potente y, por lo tanto, es ideal para una primera experiencia con trufas de psilocibina. En esta fiesta mexicana no hay pi\u00f1ata, sino trufas alucinantes. Esta trufa es una de las especies de trufa m\u00e1s conocidas y populares. Las trufas mexicanas proporcionan un viaje feliz y emocionante que puede durar de 4 a 6 horas. Las setas m\u00e1gicas mexicanas (trufas), tambi\u00e9n llamadas \u00abLa carne de los dioses\u00bb, han sido utilizadas durante siglos por los ind\u00edgenas mexicanos para rituales espirituales y para ponerse en contacto con sus antepasados. La trufa mexicana crece en el micelio de los hongos mexicanos. Un micelio es una red f\u00fangica subterr\u00e1nea en forma de hilo de la que el hongo es el fruto. El micelio crea la trufa rica en nutrientes como una raci\u00f3n de emergencia (cuenca de almacenamiento) para apoyar al hongo durante la emergencia cuando el clima es desfavorable.<\/p>\n<p><strong>Uso y contenido alucinante de las trufas de Psilocybe 100% org\u00e1nicas de Mexicana<\/strong><\/p>\n<p>La trufa mexicana tiene un suave efecto psicod\u00e9lico. Si es la primera vez que pruebas las trufas de psilocibina, siempre recomendamos empezar con un viaje suave. Las trufas Mexicana se pueden consumir directamente desde el envase. Es muy importante masticar bien las trufas antes de tragarlas. Esto aumenta considerablemente el efecto de las trufas. Tambi\u00e9n se puede hacer un t\u00e9 con las trufas, aunque esto debilitar\u00e1 un poco el efecto. La cantidad recomendada a tomar es:<\/p>\n<ul>\n<li>Viaje suave 10 gramos<\/li>\n<li>Viaje fuerte 15 gramos<\/li>\n<\/ul>\n<p>\u00bfTienes alguna experiencia con las trufas de psilocibina? Entonces se recomienda consumir todo el contenido del envase (15 gramos). Aseg\u00farate de tener una atm\u00f3sfera relajada y un entorno tranquilo y familiar si piensas consumir estas trufas que alteran la mente. Su sal\u00f3n es perfecto para un buen viaje. Aseg\u00farate de tener un buen \u00abset &amp; setting\u00bb y toma medidas como ordenar la habitaci\u00f3n o preparar las cosas que crees que vas a necesitar durante el viaje con psilocibina. Despu\u00e9s de todo, no querr\u00e1s tener que ir a buscar esas cosas en medio de tu viaje psicod\u00e9lico. Por ejemplo, ten preparada una botella de agua o una colchoneta por si quieres tumbarte. Un antifaz para dormir (mindfold) tambi\u00e9n es deseable si est\u00e1s dispuesto y planeas explorar tu propio mundo interior espiritual.<\/p>\n<p>Para la mayor\u00eda, la experiencia de viajar con trufas de psilocybe es fant\u00e1stica y casi m\u00e1gica. Sin embargo, algunas personas no toleran muy bien los efectos visuales o el cambio de percepci\u00f3n de la realidad, lo que puede hacer que se asusten. No te preocupes, los efectos desaparecen despu\u00e9s de unas horas. En estos casos es aconsejable tener un \u00abtripsitter\u00bb al lado. Un tripsitter es una persona de confianza que est\u00e1 presente sobria y garantiza la paz y la seguridad de los usuarios durante el viaje, para que puedan entregarse completamente a la experiencia m\u00e1gica y psicod\u00e9lica.<\/p>\n<p><strong>Valores nutricionales por 100 gramos de Trufas Mexicanas 100% Ecol\u00f3gicas:<\/strong><\/p>\n<p>Energ\u00eda 464,7 kJ<\/p>\n<p>Energ\u00eda 110,5 kcal<\/p>\n<p>Carbohidratos 13,2 g<\/p>\n<p>Prote\u00edna 5,3 gramos<\/p>\n<p>Grasa 0,4 gramos<\/p>\n<p>\u2981 Fibra diet\u00e9tica 16,7 gramos<\/p>\n<p>Sal (NaCl) 0,3 g<\/p>\n<p>Vitamina D 10,0 UI<\/p>\n<p>Sodio (Na) 13,6 mg<\/p>\n<p>F\u00f3sforo (P) 169,3 mg<\/p>\n<p>Potasio (K) 210,0 mg<\/p>\n<p>Calcio (Ca) 12,5 mg<\/p>\n<p>Hierro (F) 0,7 mg<\/p>\n<p><strong>Almacenamiento de las trufas 100% ecol\u00f3gicas y alucinantes de Mexicana<\/strong><\/p>\n<p>Si no tiene previsto consumir las trufas inmediatamente, le aconsejamos que las conserve en el frigor\u00edfico a una temperatura de entre 2 y 5 grados. Cuando llegan las trufas de psilocibina, se pueden conservar durante al menos un mes (nevera). Compruebe siempre la fecha de caducidad antes de decidirse a utilizar las trufas.<\/p>\n<p><strong>Advertencia sobre el uso de trufas de psilocibina que alteran la mente<\/strong><\/p>\n<p>Las trufas 100% ecol\u00f3gicas pueden ser peligrosas para la salud si se combinan con ciertos medicamentos, alcohol o con inhibidores de la MAO. \u00bfEst\u00e1 tomando alg\u00fan medicamento? Consulte siempre primero a su m\u00e9dico y lea el prospecto de su medicamento para evitar riesgos para la salud. No utilice las Trufas M\u00e1gicas si est\u00e1 embarazada o en per\u00edodo de lactancia. Sea responsable con estas trufas \u00fanicas y no las utilice en el tr\u00e1fico.<\/p>\n","protected":false},"excerpt":{"rendered":"<p>Las Trufas de Psilocybe 100% Ecol\u00f3gicas de Mexicana son muy adecuadas para una primera introducci\u00f3n al mundo de las trufas de psilocibina. Suaves visualizaciones y un fuerte efecto cerebral dan a esta trufa el poder de inducir un viaje bien equilibrado. Se reconocen las ideas de ciertos procesos de pensamiento atascados. Las soluciones para estos [&hellip;]<\/p>\n","protected":false},"featured_media":3124,"comment_status":"open","ping_status":"closed","template":"","meta":[],"product_brand":[],"product_cat":[127],"product_tag":[],"class_list":{"0":"post-4765","1":"product","2":"type-product","3":"status-publish","4":"has-post-thumbnail","6":"product_cat-trufas-magicas-ecologicas-xp","8":"first","9":"instock","10":"taxable","11":"shipping-taxable","12":"purchasable","13":"product-type-simple"},"yoast_head":"<!-- This site is optimized with the Yoast SEO Premium plugin v26.4 (Yoast SEO v27.4) - https:\/\/yoast.com\/product\/yoast-seo-premium-wordpress\/ -->\n<title>Trufas Mexicanas Ecol\u00f3gicas 15 Gr - Dutchmicrodosing<\/title>\n<meta name=\"robots\" content=\"index, follow, max-snippet:-1, max-image-preview:large, max-video-preview:-1\" \/>\n<link rel=\"canonical\" href=\"https:\/\/dutchmicrodosing.com\/es\/trufas-de-psilocibina\/trufas-magicas-ecologicas-xp\/trufas-mexicanas-ecologicas\/\" \/>\n<meta property=\"og:locale\" content=\"es_ES\" \/>\n<meta property=\"og:type\" content=\"article\" \/>\n<meta property=\"og:title\" content=\"Trufas Mexicanas Ecol\u00f3gicas 15 Gr\" \/>\n<meta property=\"og:description\" content=\"Las Trufas de Psilocybe 100% Ecol\u00f3gicas de Mexicana son muy adecuadas para una primera introducci\u00f3n al mundo de las trufas de psilocibina. Suaves\" \/>\n<meta property=\"og:url\" content=\"https:\/\/dutchmicrodosing.com\/es\/trufas-de-psilocibina\/trufas-magicas-ecologicas-xp\/trufas-mexicanas-ecologicas\/\" \/>\n<meta property=\"og:site_name\" content=\"Dutchmicrodosing\" \/>\n<meta property=\"article:publisher\" content=\"https:\/\/www.facebook.com\/Dutchmicrodosingxp\/\" \/>\n<meta property=\"article:modified_time\" content=\"2023-03-11T11:43:55+00:00\" \/>\n<meta property=\"og:image\" content=\"https:\/\/dutchmicrodosing.com\/wp-content\/uploads\/2021\/02\/mexicana-product-truffles.jpg\" \/>\n\t<meta property=\"og:image:width\" content=\"500\" \/>\n\t<meta property=\"og:image:height\" content=\"500\" \/>\n\t<meta property=\"og:image:type\" content=\"image\/jpeg\" \/>\n<meta name=\"twitter:card\" content=\"summary_large_image\" \/>\n<script type=\"application\/ld+json\" class=\"yoast-schema-graph\">{\"@context\":\"https:\\\/\\\/schema.org\",\"@graph\":[{\"@type\":\"WebPage\",\"@id\":\"https:\\\/\\\/dutchmicrodosing.com\\\/es\\\/trufas-de-psilocibina\\\/trufas-magicas-ecologicas-xp\\\/trufas-mexicanas-ecologicas\\\/\",\"url\":\"https:\\\/\\\/dutchmicrodosing.com\\\/es\\\/trufas-de-psilocibina\\\/trufas-magicas-ecologicas-xp\\\/trufas-mexicanas-ecologicas\\\/\",\"name\":\"Trufas Mexicanas Ecol\u00f3gicas 15 Gr - Dutchmicrodosing\",\"isPartOf\":{\"@id\":\"https:\\\/\\\/dutchmicrodosing.com\\\/es\\\/#website\"},\"primaryImageOfPage\":{\"@id\":\"https:\\\/\\\/dutchmicrodosing.com\\\/es\\\/trufas-de-psilocibina\\\/trufas-magicas-ecologicas-xp\\\/trufas-mexicanas-ecologicas\\\/#primaryimage\"},\"image\":{\"@id\":\"https:\\\/\\\/dutchmicrodosing.com\\\/es\\\/trufas-de-psilocibina\\\/trufas-magicas-ecologicas-xp\\\/trufas-mexicanas-ecologicas\\\/#primaryimage\"},\"thumbnailUrl\":\"https:\\\/\\\/dutchmicrodosing.com\\\/wp-content\\\/uploads\\\/2021\\\/02\\\/mexicana-product-truffles.jpg\",\"datePublished\":\"2021-05-02T08:43:19+00:00\",\"dateModified\":\"2023-03-11T11:43:55+00:00\",\"breadcrumb\":{\"@id\":\"https:\\\/\\\/dutchmicrodosing.com\\\/es\\\/trufas-de-psilocibina\\\/trufas-magicas-ecologicas-xp\\\/trufas-mexicanas-ecologicas\\\/#breadcrumb\"},\"inLanguage\":\"es\",\"potentialAction\":[{\"@type\":\"ReadAction\",\"target\":[\"https:\\\/\\\/dutchmicrodosing.com\\\/es\\\/trufas-de-psilocibina\\\/trufas-magicas-ecologicas-xp\\\/trufas-mexicanas-ecologicas\\\/\"]}]},{\"@type\":\"ImageObject\",\"inLanguage\":\"es\",\"@id\":\"https:\\\/\\\/dutchmicrodosing.com\\\/es\\\/trufas-de-psilocibina\\\/trufas-magicas-ecologicas-xp\\\/trufas-mexicanas-ecologicas\\\/#primaryimage\",\"url\":\"https:\\\/\\\/dutchmicrodosing.com\\\/wp-content\\\/uploads\\\/2021\\\/02\\\/mexicana-product-truffles.jpg\",\"contentUrl\":\"https:\\\/\\\/dutchmicrodosing.com\\\/wp-content\\\/uploads\\\/2021\\\/02\\\/mexicana-product-truffles.jpg\",\"width\":500,\"height\":500},{\"@type\":\"BreadcrumbList\",\"@id\":\"https:\\\/\\\/dutchmicrodosing.com\\\/es\\\/trufas-de-psilocibina\\\/trufas-magicas-ecologicas-xp\\\/trufas-mexicanas-ecologicas\\\/#breadcrumb\",\"itemListElement\":[{\"@type\":\"ListItem\",\"position\":1,\"name\":\"Home\",\"item\":\"https:\\\/\\\/dutchmicrodosing.com\\\/es\\\/\"},{\"@type\":\"ListItem\",\"position\":2,\"name\":\"Tienda\",\"item\":\"https:\\\/\\\/dutchmicrodosing.com\\\/es\\\/tienda\\\/\"},{\"@type\":\"ListItem\",\"position\":3,\"name\":\"Trufas Mexicanas Ecol\u00f3gicas 15 Gr\"}]},{\"@type\":\"WebSite\",\"@id\":\"https:\\\/\\\/dutchmicrodosing.com\\\/es\\\/#website\",\"url\":\"https:\\\/\\\/dutchmicrodosing.com\\\/es\\\/\",\"name\":\"Dutchmicrodosing\",\"description\":\"\",\"publisher\":{\"@id\":\"https:\\\/\\\/dutchmicrodosing.com\\\/es\\\/#organization\"},\"potentialAction\":[{\"@type\":\"SearchAction\",\"target\":{\"@type\":\"EntryPoint\",\"urlTemplate\":\"https:\\\/\\\/dutchmicrodosing.com\\\/es\\\/?s={search_term_string}\"},\"query-input\":{\"@type\":\"PropertyValueSpecification\",\"valueRequired\":true,\"valueName\":\"search_term_string\"}}],\"inLanguage\":\"es\"},{\"@type\":\"Organization\",\"@id\":\"https:\\\/\\\/dutchmicrodosing.com\\\/es\\\/#organization\",\"name\":\"Dutchmicrodosing\",\"url\":\"https:\\\/\\\/dutchmicrodosing.com\\\/es\\\/\",\"logo\":{\"@type\":\"ImageObject\",\"inLanguage\":\"es\",\"@id\":\"https:\\\/\\\/dutchmicrodosing.com\\\/es\\\/#\\\/schema\\\/logo\\\/image\\\/\",\"url\":\"https:\\\/\\\/dutchmicrodosing.com\\\/wp-content\\\/uploads\\\/2021\\\/01\\\/microdosing-categorie-pic-nieuw.jpg\",\"contentUrl\":\"https:\\\/\\\/dutchmicrodosing.com\\\/wp-content\\\/uploads\\\/2021\\\/01\\\/microdosing-categorie-pic-nieuw.jpg\",\"width\":500,\"height\":500,\"caption\":\"Dutchmicrodosing\"},\"image\":{\"@id\":\"https:\\\/\\\/dutchmicrodosing.com\\\/es\\\/#\\\/schema\\\/logo\\\/image\\\/\"},\"sameAs\":[\"https:\\\/\\\/www.facebook.com\\\/Dutchmicrodosingxp\\\/\",\"https:\\\/\\\/www.instagram.com\\\/dutchmicrodosing\\\/\"]}]}<\/script>\n<meta property=\"product:price:amount\" content=\"17.95\" \/>\n<meta property=\"product:price:currency\" content=\"EUR\" \/>\n<meta property=\"og:availability\" content=\"instock\" \/>\n<meta property=\"product:availability\" content=\"instock\" \/>\n<meta property=\"product:retailer_item_id\" content=\"2212660\" \/>\n<meta property=\"product:condition\" content=\"new\" \/>\n<!-- \/ Yoast SEO Premium plugin. -->","yoast_head_json":{"title":"Trufas Mexicanas Ecol\u00f3gicas 15 Gr - Dutchmicrodosing","robots":{"index":"index","follow":"follow","max-snippet":"max-snippet:-1","max-image-preview":"max-image-preview:large","max-video-preview":"max-video-preview:-1"},"canonical":"https:\/\/dutchmicrodosing.com\/es\/trufas-de-psilocibina\/trufas-magicas-ecologicas-xp\/trufas-mexicanas-ecologicas\/","og_locale":"es_ES","og_type":"article","og_title":"Trufas Mexicanas Ecol\u00f3gicas 15 Gr","og_description":"Las Trufas de Psilocybe 100% Ecol\u00f3gicas de Mexicana son muy adecuadas para una primera introducci\u00f3n al mundo de las trufas de psilocibina. Suaves","og_url":"https:\/\/dutchmicrodosing.com\/es\/trufas-de-psilocibina\/trufas-magicas-ecologicas-xp\/trufas-mexicanas-ecologicas\/","og_site_name":"Dutchmicrodosing","article_publisher":"https:\/\/www.facebook.com\/Dutchmicrodosingxp\/","article_modified_time":"2023-03-11T11:43:55+00:00","og_image":[{"width":500,"height":500,"url":"https:\/\/dutchmicrodosing.com\/wp-content\/uploads\/2021\/02\/mexicana-product-truffles.jpg","type":"image\/jpeg"}],"twitter_card":"summary_large_image","schema":{"@context":"https:\/\/schema.org","@graph":[{"@type":"WebPage","@id":"https:\/\/dutchmicrodosing.com\/es\/trufas-de-psilocibina\/trufas-magicas-ecologicas-xp\/trufas-mexicanas-ecologicas\/","url":"https:\/\/dutchmicrodosing.com\/es\/trufas-de-psilocibina\/trufas-magicas-ecologicas-xp\/trufas-mexicanas-ecologicas\/","name":"Trufas Mexicanas Ecol\u00f3gicas 15 Gr - Dutchmicrodosing","isPartOf":{"@id":"https:\/\/dutchmicrodosing.com\/es\/#website"},"primaryImageOfPage":{"@id":"https:\/\/dutchmicrodosing.com\/es\/trufas-de-psilocibina\/trufas-magicas-ecologicas-xp\/trufas-mexicanas-ecologicas\/#primaryimage"},"image":{"@id":"https:\/\/dutchmicrodosing.com\/es\/trufas-de-psilocibina\/trufas-magicas-ecologicas-xp\/trufas-mexicanas-ecologicas\/#primaryimage"},"thumbnailUrl":"https:\/\/dutchmicrodosing.com\/wp-content\/uploads\/2021\/02\/mexicana-product-truffles.jpg","datePublished":"2021-05-02T08:43:19+00:00","dateModified":"2023-03-11T11:43:55+00:00","breadcrumb":{"@id":"https:\/\/dutchmicrodosing.com\/es\/trufas-de-psilocibina\/trufas-magicas-ecologicas-xp\/trufas-mexicanas-ecologicas\/#breadcrumb"},"inLanguage":"es","potentialAction":[{"@type":"ReadAction","target":["https:\/\/dutchmicrodosing.com\/es\/trufas-de-psilocibina\/trufas-magicas-ecologicas-xp\/trufas-mexicanas-ecologicas\/"]}]},{"@type":"ImageObject","inLanguage":"es","@id":"https:\/\/dutchmicrodosing.com\/es\/trufas-de-psilocibina\/trufas-magicas-ecologicas-xp\/trufas-mexicanas-ecologicas\/#primaryimage","url":"https:\/\/dutchmicrodosing.com\/wp-content\/uploads\/2021\/02\/mexicana-product-truffles.jpg","contentUrl":"https:\/\/dutchmicrodosing.com\/wp-content\/uploads\/2021\/02\/mexicana-product-truffles.jpg","width":500,"height":500},{"@type":"BreadcrumbList","@id":"https:\/\/dutchmicrodosing.com\/es\/trufas-de-psilocibina\/trufas-magicas-ecologicas-xp\/trufas-mexicanas-ecologicas\/#breadcrumb","itemListElement":[{"@type":"ListItem","position":1,"name":"Home","item":"https:\/\/dutchmicrodosing.com\/es\/"},{"@type":"ListItem","position":2,"name":"Tienda","item":"https:\/\/dutchmicrodosing.com\/es\/tienda\/"},{"@type":"ListItem","position":3,"name":"Trufas Mexicanas Ecol\u00f3gicas 15 Gr"}]},{"@type":"WebSite","@id":"https:\/\/dutchmicrodosing.com\/es\/#website","url":"https:\/\/dutchmicrodosing.com\/es\/","name":"Dutchmicrodosing","description":"","publisher":{"@id":"https:\/\/dutchmicrodosing.com\/es\/#organization"},"potentialAction":[{"@type":"SearchAction","target":{"@type":"EntryPoint","urlTemplate":"https:\/\/dutchmicrodosing.com\/es\/?s={search_term_string}"},"query-input":{"@type":"PropertyValueSpecification","valueRequired":true,"valueName":"search_term_string"}}],"inLanguage":"es"},{"@type":"Organization","@id":"https:\/\/dutchmicrodosing.com\/es\/#organization","name":"Dutchmicrodosing","url":"https:\/\/dutchmicrodosing.com\/es\/","logo":{"@type":"ImageObject","inLanguage":"es","@id":"https:\/\/dutchmicrodosing.com\/es\/#\/schema\/logo\/image\/","url":"https:\/\/dutchmicrodosing.com\/wp-content\/uploads\/2021\/01\/microdosing-categorie-pic-nieuw.jpg","contentUrl":"https:\/\/dutchmicrodosing.com\/wp-content\/uploads\/2021\/01\/microdosing-categorie-pic-nieuw.jpg","width":500,"height":500,"caption":"Dutchmicrodosing"},"image":{"@id":"https:\/\/dutchmicrodosing.com\/es\/#\/schema\/logo\/image\/"},"sameAs":["https:\/\/www.facebook.com\/Dutchmicrodosingxp\/","https:\/\/www.instagram.com\/dutchmicrodosing\/"]}]},"product_price_amount":"17.95","product_price_currency":"EUR","og_availability":"instock","product_availability":"instock","product_retailer_item_id":"2212660","product_condition":"new"},"_links":{"self":[{"href":"https:\/\/dutchmicrodosing.com\/es\/wp-json\/wp\/v2\/product\/4765","targetHints":{"allow":["GET"]}}],"collection":[{"href":"https:\/\/dutchmicrodosing.com\/es\/wp-json\/wp\/v2\/product"}],"about":[{"href":"https:\/\/dutchmicrodosing.com\/es\/wp-json\/wp\/v2\/types\/product"}],"replies":[{"embeddable":true,"href":"https:\/\/dutchmicrodosing.com\/es\/wp-json\/wp\/v2\/comments?post=4765"}],"version-history":[{"count":0,"href":"https:\/\/dutchmicrodosing.com\/es\/wp-json\/wp\/v2\/product\/4765\/revisions"}],"wp:featuredmedia":[{"embeddable":true,"href":"https:\/\/dutchmicrodosing.com\/es\/wp-json\/wp\/v2\/media\/3124"}],"wp:attachment":[{"href":"https:\/\/dutchmicrodosing.com\/es\/wp-json\/wp\/v2\/media?parent=4765"}],"wp:term":[{"taxonomy":"product_brand","embeddable":true,"href":"https:\/\/dutchmicrodosing.com\/es\/wp-json\/wp\/v2\/product_brand?post=4765"},{"taxonomy":"product_cat","embeddable":true,"href":"https:\/\/dutchmicrodosing.com\/es\/wp-json\/wp\/v2\/product_cat?post=4765"},{"taxonomy":"product_tag","embeddable":true,"href":"https:\/\/dutchmicrodosing.com\/es\/wp-json\/wp\/v2\/product_tag?post=4765"}],"curies":[{"name":"wp","href":"https:\/\/api.w.org\/{rel}","templated":true}]}}