{"id":47777,"date":"2025-05-19T09:35:33","date_gmt":"2025-05-19T07:35:33","guid":{"rendered":"https:\/\/dutchmicrodosing.com\/shop\/sin%20categor\u00eda\/albino-a-paddo-broed\/"},"modified":"2025-11-13T14:44:13","modified_gmt":"2025-11-13T13:44:13","slug":"albino-a-paddo-broed","status":"publish","type":"product","link":"https:\/\/dutchmicrodosing.com\/es\/setas-alucinogenas\/especiales-growkit\/albino-a-paddo-broed\/","title":{"rendered":"Spawn de setas Albino A+"},"content":{"rendered":"<p><strong>La cr\u00eda de champi\u00f1ones Albino A+<\/strong> es una de las favoritas tanto de los cultivadores caseros principiantes como de los experimentados. Esta variedad en particular destaca por su color blanco cremoso, sus largos tallos y su r\u00e1pido crecimiento. Una gen\u00e9tica fuerte y un micelio activo hacen que este micelio sea f\u00e1cil de usar, ideal para cualquiera que quiera cultivar sus propias setas.<\/p>\n<h3>\u00bfQu\u00e9 es una cr\u00eda de seta?<\/h3>\n<p>El micelio de champi\u00f1\u00f3n (grain spawn en ingl\u00e9s) es grano cultivado con micelio. Un kit de cultivo o kit de cultivo, (que muchos sitios web ofrecen) es cr\u00eda diluida con tierra de coco y vermiculita. Ya est\u00e1 en un recipiente de tama\u00f1o fijo, da unas cuantas setas y luego se da por perdido. Como nosotros mismos ofrecemos el caldo de setas, tienes muchas m\u00e1s opciones. Puedes decidir el tama\u00f1o de tu cultivo y multiplicarlo f\u00e1cilmente. El potente micelio de las setas m\u00e1gicas se multiplica exponencialmente.<\/p>\n<p>Esto significa que puedes hacer 10 ollas de un tarro, 100 de ese y 1000 de ese otra vez. Y todo en s\u00f3lo unas semanas. Esto significa que ya no est\u00e1s atado a un kit de cultivo de 250, 1200 o 2100 ml, sino que puedes elegir cu\u00e1ntas setas quieres cultivar. Cualquiera puede hacerlo, con nada m\u00e1s que algunos objetos dom\u00e9sticos. \u00a1Ni siquiera tienes que trabajar est\u00e9ril! Cada tarro viene con un completo manual, que explica paso a paso con muchas fotos las distintas opciones para cultivar semillas de setas.<\/p>\n<h3>Caracter\u00edsticas<\/h3>\n<ul>\n<li>El germen de champi\u00f1\u00f3n Albino A+ coloniza r\u00e1pidamente y produce frutos firmes con un aspecto \u00fanico.<\/li>\n<li>Al utilizar micelio puro (sin diluir como con los kits de cultivo), t\u00fa determinas la escala de tu cultivo.<\/li>\n<li>Puedes multiplicar f\u00e1cilmente un tarro de semillas de setas hasta varias veces su cantidad original. Esto te da mucho m\u00e1s control Y m\u00e1s cosecha, sin quedarte atascado con el contenido limitado de los kits de cultivo prefabricados.<\/li>\n<li>Incluso sin experiencia ni un entorno de trabajo est\u00e9ril, puedes cultivar setas con \u00e9xito con esto.<\/li>\n<\/ul>\n<h3>Ingredientes y\/o composici\u00f3n<\/h3>\n<p>Semilla de champi\u00f1\u00f3n a base de grano, cultivada con micelio activo Albino A+.<\/p>\n<h3>Utilice<\/h3>\n<p>Utiliza el desove para injertar el sustrato de tu elecci\u00f3n. Sigue el manual incluido para conocer las distintas opciones y t\u00e9cnicas de cultivo. Abre el tarro s\u00f3lo justo antes de usarlo y aseg\u00farate de que eres higi\u00e9nico. Mant\u00e9n el engendro refrigerado hasta que est\u00e9s listo para empezar.<\/p>\n<p><strong>DESCARGAR AQU\u00cd<\/strong>: <strong><a href=\"https:\/\/dutchmicrodosing.com\/wp-content\/uploads\/2025\/07\/white-ENGELS-1.pdf\">Micelio Albino A+\/Semilla de Paddo<\/a><\/strong><\/p>\n<h3>Contenido<\/h3>\n<ul>\n<li>382 ml Semilla de Champi\u00f1\u00f3n de Albino A+<\/li>\n<li>Completo manual de cultivo<\/li>\n<\/ul>\n<h3>Importante<\/h3>\n<ul>\n<li>Gu\u00e1rdalo en el frigor\u00edfico, cons\u00e9rvalo hasta 3 meses<\/li>\n<li>No abras el tarro antes de usarlo<\/li>\n<li>Lee siempre primero el manual suministrado<\/li>\n<\/ul>\n","protected":false},"excerpt":{"rendered":"<p>La cr\u00eda de champi\u00f1ones Albino A+ es una de las favoritas tanto de los cultivadores caseros principiantes como de los experimentados. Esta variedad en particular destaca por su color blanco cremoso, sus largos tallos y su r\u00e1pido crecimiento. Una gen\u00e9tica fuerte y un micelio activo hacen que este micelio sea f\u00e1cil de usar, ideal para [&hellip;]<\/p>\n","protected":false},"featured_media":47742,"comment_status":"closed","ping_status":"closed","template":"","meta":[],"product_brand":[],"product_cat":[407],"product_tag":[],"class_list":{"0":"post-47777","1":"product","2":"type-product","3":"status-publish","4":"has-post-thumbnail","6":"product_cat-kits-de-cultivo-especiales","8":"first","9":"instock","10":"taxable","11":"shipping-taxable","12":"purchasable","13":"product-type-simple"},"yoast_head":"<!-- This site is optimized with the Yoast SEO Premium plugin v26.4 (Yoast SEO v27.4) - https:\/\/yoast.com\/product\/yoast-seo-premium-wordpress\/ -->\n<title>Spawn de setas Albino A+ - Dutchmicrodosing<\/title>\n<meta name=\"description\" content=\"El Champi\u00f1\u00f3n Albino A+ Brood es ideal para el cultivador avanzado que busca una variedad inusual, blanca, de alto rendimiento y potente efecto....\" \/>\n<meta name=\"robots\" content=\"index, follow, max-snippet:-1, max-image-preview:large, max-video-preview:-1\" \/>\n<link rel=\"canonical\" href=\"https:\/\/dutchmicrodosing.com\/es\/setas-alucinogenas\/especiales-growkit\/albino-a-paddo-broed\/\" \/>\n<meta property=\"og:locale\" content=\"es_ES\" \/>\n<meta property=\"og:type\" content=\"article\" \/>\n<meta property=\"og:title\" content=\"Spawn de setas Albino A+\" \/>\n<meta property=\"og:description\" content=\"La cr\u00eda de champi\u00f1ones Albino A+ es una de las favoritas tanto de los cultivadores caseros principiantes como de los experimentados. Esta variedad en\" \/>\n<meta property=\"og:url\" content=\"https:\/\/dutchmicrodosing.com\/es\/setas-alucinogenas\/especiales-growkit\/albino-a-paddo-broed\/\" \/>\n<meta property=\"og:site_name\" content=\"Dutchmicrodosing\" \/>\n<meta property=\"article:publisher\" content=\"https:\/\/www.facebook.com\/Dutchmicrodosingxp\/\" \/>\n<meta property=\"article:modified_time\" content=\"2025-11-13T13:44:13+00:00\" \/>\n<meta property=\"og:image\" content=\"https:\/\/dutchmicrodosing.com\/wp-content\/uploads\/2025\/05\/4105-5095.jpg\" \/>\n\t<meta property=\"og:image:width\" content=\"300\" \/>\n\t<meta property=\"og:image:height\" content=\"300\" \/>\n\t<meta property=\"og:image:type\" content=\"image\/jpeg\" \/>\n<meta name=\"twitter:card\" content=\"summary_large_image\" \/>\n<script type=\"application\/ld+json\" class=\"yoast-schema-graph\">{\"@context\":\"https:\\\/\\\/schema.org\",\"@graph\":[{\"@type\":\"WebPage\",\"@id\":\"https:\\\/\\\/dutchmicrodosing.com\\\/es\\\/setas-alucinogenas\\\/especiales-growkit\\\/albino-a-paddo-broed\\\/\",\"url\":\"https:\\\/\\\/dutchmicrodosing.com\\\/es\\\/setas-alucinogenas\\\/especiales-growkit\\\/albino-a-paddo-broed\\\/\",\"name\":\"Spawn de setas Albino A+ - Dutchmicrodosing\",\"isPartOf\":{\"@id\":\"https:\\\/\\\/dutchmicrodosing.com\\\/es\\\/#website\"},\"primaryImageOfPage\":{\"@id\":\"https:\\\/\\\/dutchmicrodosing.com\\\/es\\\/setas-alucinogenas\\\/especiales-growkit\\\/albino-a-paddo-broed\\\/#primaryimage\"},\"image\":{\"@id\":\"https:\\\/\\\/dutchmicrodosing.com\\\/es\\\/setas-alucinogenas\\\/especiales-growkit\\\/albino-a-paddo-broed\\\/#primaryimage\"},\"thumbnailUrl\":\"https:\\\/\\\/dutchmicrodosing.com\\\/wp-content\\\/uploads\\\/2025\\\/05\\\/4105-5095.jpg\",\"datePublished\":\"2025-05-19T07:35:33+00:00\",\"dateModified\":\"2025-11-13T13:44:13+00:00\",\"description\":\"El Champi\u00f1\u00f3n Albino A+ Brood es ideal para el cultivador avanzado que busca una variedad inusual, blanca, de alto rendimiento y potente efecto....\",\"breadcrumb\":{\"@id\":\"https:\\\/\\\/dutchmicrodosing.com\\\/es\\\/setas-alucinogenas\\\/especiales-growkit\\\/albino-a-paddo-broed\\\/#breadcrumb\"},\"inLanguage\":\"es\",\"potentialAction\":[{\"@type\":\"ReadAction\",\"target\":[\"https:\\\/\\\/dutchmicrodosing.com\\\/es\\\/setas-alucinogenas\\\/especiales-growkit\\\/albino-a-paddo-broed\\\/\"]}]},{\"@type\":\"ImageObject\",\"inLanguage\":\"es\",\"@id\":\"https:\\\/\\\/dutchmicrodosing.com\\\/es\\\/setas-alucinogenas\\\/especiales-growkit\\\/albino-a-paddo-broed\\\/#primaryimage\",\"url\":\"https:\\\/\\\/dutchmicrodosing.com\\\/wp-content\\\/uploads\\\/2025\\\/05\\\/4105-5095.jpg\",\"contentUrl\":\"https:\\\/\\\/dutchmicrodosing.com\\\/wp-content\\\/uploads\\\/2025\\\/05\\\/4105-5095.jpg\",\"width\":300,\"height\":300},{\"@type\":\"BreadcrumbList\",\"@id\":\"https:\\\/\\\/dutchmicrodosing.com\\\/es\\\/setas-alucinogenas\\\/especiales-growkit\\\/albino-a-paddo-broed\\\/#breadcrumb\",\"itemListElement\":[{\"@type\":\"ListItem\",\"position\":1,\"name\":\"Home\",\"item\":\"https:\\\/\\\/dutchmicrodosing.com\\\/es\\\/\"},{\"@type\":\"ListItem\",\"position\":2,\"name\":\"Tienda\",\"item\":\"https:\\\/\\\/dutchmicrodosing.com\\\/es\\\/tienda\\\/\"},{\"@type\":\"ListItem\",\"position\":3,\"name\":\"Spawn de setas Albino A+\"}]},{\"@type\":\"WebSite\",\"@id\":\"https:\\\/\\\/dutchmicrodosing.com\\\/es\\\/#website\",\"url\":\"https:\\\/\\\/dutchmicrodosing.com\\\/es\\\/\",\"name\":\"Dutchmicrodosing\",\"description\":\"\",\"publisher\":{\"@id\":\"https:\\\/\\\/dutchmicrodosing.com\\\/es\\\/#organization\"},\"potentialAction\":[{\"@type\":\"SearchAction\",\"target\":{\"@type\":\"EntryPoint\",\"urlTemplate\":\"https:\\\/\\\/dutchmicrodosing.com\\\/es\\\/?s={search_term_string}\"},\"query-input\":{\"@type\":\"PropertyValueSpecification\",\"valueRequired\":true,\"valueName\":\"search_term_string\"}}],\"inLanguage\":\"es\"},{\"@type\":\"Organization\",\"@id\":\"https:\\\/\\\/dutchmicrodosing.com\\\/es\\\/#organization\",\"name\":\"Dutchmicrodosing\",\"url\":\"https:\\\/\\\/dutchmicrodosing.com\\\/es\\\/\",\"logo\":{\"@type\":\"ImageObject\",\"inLanguage\":\"es\",\"@id\":\"https:\\\/\\\/dutchmicrodosing.com\\\/es\\\/#\\\/schema\\\/logo\\\/image\\\/\",\"url\":\"https:\\\/\\\/dutchmicrodosing.com\\\/wp-content\\\/uploads\\\/2021\\\/01\\\/microdosing-categorie-pic-nieuw.jpg\",\"contentUrl\":\"https:\\\/\\\/dutchmicrodosing.com\\\/wp-content\\\/uploads\\\/2021\\\/01\\\/microdosing-categorie-pic-nieuw.jpg\",\"width\":500,\"height\":500,\"caption\":\"Dutchmicrodosing\"},\"image\":{\"@id\":\"https:\\\/\\\/dutchmicrodosing.com\\\/es\\\/#\\\/schema\\\/logo\\\/image\\\/\"},\"sameAs\":[\"https:\\\/\\\/www.facebook.com\\\/Dutchmicrodosingxp\\\/\",\"https:\\\/\\\/www.instagram.com\\\/dutchmicrodosing\\\/\"]}]}<\/script>\n<meta property=\"product:price:amount\" content=\"24.95\" \/>\n<meta property=\"product:price:currency\" content=\"EUR\" \/>\n<meta property=\"og:availability\" content=\"instock\" \/>\n<meta property=\"product:availability\" content=\"instock\" \/>\n<meta property=\"product:retailer_item_id\" content=\"5204235\" \/>\n<meta property=\"product:condition\" content=\"new\" \/>\n<!-- \/ Yoast SEO Premium plugin. -->","yoast_head_json":{"title":"Spawn de setas Albino A+ - Dutchmicrodosing","description":"El Champi\u00f1\u00f3n Albino A+ Brood es ideal para el cultivador avanzado que busca una variedad inusual, blanca, de alto rendimiento y potente efecto....","robots":{"index":"index","follow":"follow","max-snippet":"max-snippet:-1","max-image-preview":"max-image-preview:large","max-video-preview":"max-video-preview:-1"},"canonical":"https:\/\/dutchmicrodosing.com\/es\/setas-alucinogenas\/especiales-growkit\/albino-a-paddo-broed\/","og_locale":"es_ES","og_type":"article","og_title":"Spawn de setas Albino A+","og_description":"La cr\u00eda de champi\u00f1ones Albino A+ es una de las favoritas tanto de los cultivadores caseros principiantes como de los experimentados. Esta variedad en","og_url":"https:\/\/dutchmicrodosing.com\/es\/setas-alucinogenas\/especiales-growkit\/albino-a-paddo-broed\/","og_site_name":"Dutchmicrodosing","article_publisher":"https:\/\/www.facebook.com\/Dutchmicrodosingxp\/","article_modified_time":"2025-11-13T13:44:13+00:00","og_image":[{"width":300,"height":300,"url":"https:\/\/dutchmicrodosing.com\/wp-content\/uploads\/2025\/05\/4105-5095.jpg","type":"image\/jpeg"}],"twitter_card":"summary_large_image","schema":{"@context":"https:\/\/schema.org","@graph":[{"@type":"WebPage","@id":"https:\/\/dutchmicrodosing.com\/es\/setas-alucinogenas\/especiales-growkit\/albino-a-paddo-broed\/","url":"https:\/\/dutchmicrodosing.com\/es\/setas-alucinogenas\/especiales-growkit\/albino-a-paddo-broed\/","name":"Spawn de setas Albino A+ - Dutchmicrodosing","isPartOf":{"@id":"https:\/\/dutchmicrodosing.com\/es\/#website"},"primaryImageOfPage":{"@id":"https:\/\/dutchmicrodosing.com\/es\/setas-alucinogenas\/especiales-growkit\/albino-a-paddo-broed\/#primaryimage"},"image":{"@id":"https:\/\/dutchmicrodosing.com\/es\/setas-alucinogenas\/especiales-growkit\/albino-a-paddo-broed\/#primaryimage"},"thumbnailUrl":"https:\/\/dutchmicrodosing.com\/wp-content\/uploads\/2025\/05\/4105-5095.jpg","datePublished":"2025-05-19T07:35:33+00:00","dateModified":"2025-11-13T13:44:13+00:00","description":"El Champi\u00f1\u00f3n Albino A+ Brood es ideal para el cultivador avanzado que busca una variedad inusual, blanca, de alto rendimiento y potente efecto....","breadcrumb":{"@id":"https:\/\/dutchmicrodosing.com\/es\/setas-alucinogenas\/especiales-growkit\/albino-a-paddo-broed\/#breadcrumb"},"inLanguage":"es","potentialAction":[{"@type":"ReadAction","target":["https:\/\/dutchmicrodosing.com\/es\/setas-alucinogenas\/especiales-growkit\/albino-a-paddo-broed\/"]}]},{"@type":"ImageObject","inLanguage":"es","@id":"https:\/\/dutchmicrodosing.com\/es\/setas-alucinogenas\/especiales-growkit\/albino-a-paddo-broed\/#primaryimage","url":"https:\/\/dutchmicrodosing.com\/wp-content\/uploads\/2025\/05\/4105-5095.jpg","contentUrl":"https:\/\/dutchmicrodosing.com\/wp-content\/uploads\/2025\/05\/4105-5095.jpg","width":300,"height":300},{"@type":"BreadcrumbList","@id":"https:\/\/dutchmicrodosing.com\/es\/setas-alucinogenas\/especiales-growkit\/albino-a-paddo-broed\/#breadcrumb","itemListElement":[{"@type":"ListItem","position":1,"name":"Home","item":"https:\/\/dutchmicrodosing.com\/es\/"},{"@type":"ListItem","position":2,"name":"Tienda","item":"https:\/\/dutchmicrodosing.com\/es\/tienda\/"},{"@type":"ListItem","position":3,"name":"Spawn de setas Albino A+"}]},{"@type":"WebSite","@id":"https:\/\/dutchmicrodosing.com\/es\/#website","url":"https:\/\/dutchmicrodosing.com\/es\/","name":"Dutchmicrodosing","description":"","publisher":{"@id":"https:\/\/dutchmicrodosing.com\/es\/#organization"},"potentialAction":[{"@type":"SearchAction","target":{"@type":"EntryPoint","urlTemplate":"https:\/\/dutchmicrodosing.com\/es\/?s={search_term_string}"},"query-input":{"@type":"PropertyValueSpecification","valueRequired":true,"valueName":"search_term_string"}}],"inLanguage":"es"},{"@type":"Organization","@id":"https:\/\/dutchmicrodosing.com\/es\/#organization","name":"Dutchmicrodosing","url":"https:\/\/dutchmicrodosing.com\/es\/","logo":{"@type":"ImageObject","inLanguage":"es","@id":"https:\/\/dutchmicrodosing.com\/es\/#\/schema\/logo\/image\/","url":"https:\/\/dutchmicrodosing.com\/wp-content\/uploads\/2021\/01\/microdosing-categorie-pic-nieuw.jpg","contentUrl":"https:\/\/dutchmicrodosing.com\/wp-content\/uploads\/2021\/01\/microdosing-categorie-pic-nieuw.jpg","width":500,"height":500,"caption":"Dutchmicrodosing"},"image":{"@id":"https:\/\/dutchmicrodosing.com\/es\/#\/schema\/logo\/image\/"},"sameAs":["https:\/\/www.facebook.com\/Dutchmicrodosingxp\/","https:\/\/www.instagram.com\/dutchmicrodosing\/"]}]},"product_price_amount":"24.95","product_price_currency":"EUR","og_availability":"instock","product_availability":"instock","product_retailer_item_id":"5204235","product_condition":"new"},"_links":{"self":[{"href":"https:\/\/dutchmicrodosing.com\/es\/wp-json\/wp\/v2\/product\/47777","targetHints":{"allow":["GET"]}}],"collection":[{"href":"https:\/\/dutchmicrodosing.com\/es\/wp-json\/wp\/v2\/product"}],"about":[{"href":"https:\/\/dutchmicrodosing.com\/es\/wp-json\/wp\/v2\/types\/product"}],"replies":[{"embeddable":true,"href":"https:\/\/dutchmicrodosing.com\/es\/wp-json\/wp\/v2\/comments?post=47777"}],"version-history":[{"count":2,"href":"https:\/\/dutchmicrodosing.com\/es\/wp-json\/wp\/v2\/product\/47777\/revisions"}],"predecessor-version":[{"id":62136,"href":"https:\/\/dutchmicrodosing.com\/es\/wp-json\/wp\/v2\/product\/47777\/revisions\/62136"}],"wp:featuredmedia":[{"embeddable":true,"href":"https:\/\/dutchmicrodosing.com\/es\/wp-json\/wp\/v2\/media\/47742"}],"wp:attachment":[{"href":"https:\/\/dutchmicrodosing.com\/es\/wp-json\/wp\/v2\/media?parent=47777"}],"wp:term":[{"taxonomy":"product_brand","embeddable":true,"href":"https:\/\/dutchmicrodosing.com\/es\/wp-json\/wp\/v2\/product_brand?post=47777"},{"taxonomy":"product_cat","embeddable":true,"href":"https:\/\/dutchmicrodosing.com\/es\/wp-json\/wp\/v2\/product_cat?post=47777"},{"taxonomy":"product_tag","embeddable":true,"href":"https:\/\/dutchmicrodosing.com\/es\/wp-json\/wp\/v2\/product_tag?post=47777"}],"curies":[{"name":"wp","href":"https:\/\/api.w.org\/{rel}","templated":true}]}}