{"id":48604,"date":"2025-06-13T09:20:25","date_gmt":"2025-06-13T07:20:25","guid":{"rendered":"https:\/\/dutchmicrodosing.com\/shop\/sin%20categor\u00eda\/golden-teacher-paddo-broed\/"},"modified":"2026-01-31T14:18:34","modified_gmt":"2026-01-31T13:18:34","slug":"golden-teacher-paddo-broed","status":"publish","type":"product","link":"https:\/\/dutchmicrodosing.com\/es\/setas-alucinogenas\/especiales-growkit\/golden-teacher-paddo-broed\/","title":{"rendered":"Spawn de setas Golden Teacher"},"content":{"rendered":"<p><strong data-start=\"81\" data-end=\"111\">Golden Teacher Mushroom Brood<\/strong> es perfecto para el cultivador avanzado al que le gusta seguir su propio camino. Esta cepa legendaria es conocida por su aspecto llamativo, su generoso rendimiento y sus potentes efectos. Con suficiente cuidado y dedicaci\u00f3n, puedes cultivar setas que crezcan hasta 20 cm de altura.<\/p>\n<h3>\u00bfQu\u00e9 es una cr\u00eda Paddy?<\/h3>\n<p>La semilla de arroz, tambi\u00e9n conocida como semilla de grano, es un grano completamente cubierto de micelio. Esto constituye la base del \u00e9xito del cultivo de setas. En los kits de cultivo ya preparados, este germen suele estar ya mezclado con tierra de coco y vermiculita, envasado en una cantidad fija. Un kit de cultivo de este tipo produce una cosecha limitada y no se puede reutilizar despu\u00e9s. Trabajar t\u00fa mismo con las setas sueltas te da mucho m\u00e1s control y flexibilidad. Puedes determinar f\u00e1cilmente el tama\u00f1o de tu cultivo y tambi\u00e9n puedes propagar el micelio.<\/p>\n<p>De hecho, el fuerte micelio crece r\u00e1pida y vigorosamente: de un tarro de micelio de seta, puedes hacer varias porciones nuevas. As\u00ed es como puedes ampliar tu cultivo de 1 a 10, hasta 100 macetas, todo ello en unas pocas semanas. As\u00ed ya no tendr\u00e1s que conformarte con un kit de cultivo est\u00e1ndar de 250, 1200 o 2100 ml, sino que podr\u00e1s cultivar exactamente la cantidad de setas que desees. \u00bfY lo mejor? Esto es factible para todos, simplemente con objetos cotidianos de casa.<\/p>\n<h3>Caracter\u00edsticas<\/h3>\n<ul>\n<li>Variedad de setas potente y popular<\/li>\n<li>Adecuado para usuarios experimentados<\/li>\n<li>Rendimiento mucho mayor que los kits de cultivo listos para usar<\/li>\n<li>Libertad en el tama\u00f1o de tu cultivo<\/li>\n<li>Incluye un completo manual con instrucciones paso a paso<\/li>\n<li>No se requiere un entorno de trabajo est\u00e9ril<\/li>\n<\/ul>\n<h3>Ingredientes y\/o composici\u00f3n<\/h3>\n<ul>\n<li>382 mL de micelio en grano completamente crecido con micelio Golden Teacher<\/li>\n<\/ul>\n<h3>Utilice<\/h3>\n<p>Utiliza el engendro como base para tu propio proyecto de cr\u00eda. A\u00f1ade tu propio sustrato (como tierra de coco y vermiculita) y elige el tama\u00f1o de tu cultivo. Una maceta puede propagarse f\u00e1cilmente a varias macetas nuevas, gracias a su potente micelio. Esto te da todo lo que necesitas para montar un cultivo de setas sostenible y personal. Sigue atentamente el manual suministrado para obtener los mejores resultados.<\/p>\n<p><strong>DESCARGA AQU\u00cd: <a href=\"https:\/\/dutchmicrodosing.com\/wp-content\/uploads\/2025\/07\/white-ENGELS-1.pdf\" target=\"_blank\" rel=\"noopener\">Instrucciones \/ Manual de Paddobrood<\/a><\/strong><\/p>\n<p>Consejos importantes:<\/p>\n<ul>\n<li>Guarda los engendros en el frigor\u00edfico hasta 3 meses<\/li>\n<li>No abras el tarro hasta justo antes de usarlo<\/li>\n<li>Lee atentamente el manual antes de empezar<\/li>\n<\/ul>\n<h3>Contenido<\/h3>\n<ul>\n<li>1 jarra de 382 ml de Maestra Dorada elaborada<\/li>\n<li>Manual completo con fotos e instrucciones claras<\/li>\n<\/ul>\n<h3>Importante<\/h3>\n<ul>\n<li>Gu\u00e1rdalo en el frigor\u00edfico, cons\u00e9rvalo hasta 3 meses<\/li>\n<li>No abras el tarro antes de usarlo<\/li>\n<li>Lee siempre primero el manual suministrado<\/li>\n<\/ul>\n","protected":false},"excerpt":{"rendered":"<p>Golden Teacher Mushroom Brood es perfecto para el cultivador avanzado al que le gusta seguir su propio camino. Esta cepa legendaria es conocida por su aspecto llamativo, su generoso rendimiento y sus potentes efectos. Con suficiente cuidado y dedicaci\u00f3n, puedes cultivar setas que crezcan hasta 20 cm de altura. \u00bfQu\u00e9 es una cr\u00eda Paddy? La [&hellip;]<\/p>\n","protected":false},"featured_media":48586,"comment_status":"closed","ping_status":"closed","template":"","meta":[],"product_brand":[],"product_cat":[407],"product_tag":[],"class_list":{"0":"post-48604","1":"product","2":"type-product","3":"status-publish","4":"has-post-thumbnail","6":"product_cat-kits-de-cultivo-especiales","8":"first","9":"instock","10":"taxable","11":"shipping-taxable","12":"purchasable","13":"product-type-simple"},"yoast_head":"<!-- This site is optimized with the Yoast SEO Premium plugin v26.4 (Yoast SEO v27.4) - https:\/\/yoast.com\/product\/yoast-seo-premium-wordpress\/ -->\n<title>Spawn de setas Golden Teacher - Dutchmicrodosing<\/title>\n<meta name=\"description\" content=\"Golden Teacher Mushroom Brood es ideal para el cultivador avanzado que busca una variedad potente con un alto rendimiento y un aspecto llamativo....\" \/>\n<meta name=\"robots\" content=\"index, follow, max-snippet:-1, max-image-preview:large, max-video-preview:-1\" \/>\n<link rel=\"canonical\" href=\"https:\/\/dutchmicrodosing.com\/es\/setas-alucinogenas\/especiales-growkit\/golden-teacher-paddo-broed\/\" \/>\n<meta property=\"og:locale\" content=\"es_ES\" \/>\n<meta property=\"og:type\" content=\"article\" \/>\n<meta property=\"og:title\" content=\"Spawn de setas Golden Teacher\" \/>\n<meta property=\"og:description\" content=\"Golden Teacher Mushroom Brood es perfecto para el cultivador avanzado al que le gusta seguir su propio camino. Esta cepa legendaria es conocida por su\" \/>\n<meta property=\"og:url\" content=\"https:\/\/dutchmicrodosing.com\/es\/setas-alucinogenas\/especiales-growkit\/golden-teacher-paddo-broed\/\" \/>\n<meta property=\"og:site_name\" content=\"Dutchmicrodosing\" \/>\n<meta property=\"article:publisher\" content=\"https:\/\/www.facebook.com\/Dutchmicrodosingxp\/\" \/>\n<meta property=\"article:modified_time\" content=\"2026-01-31T13:18:34+00:00\" \/>\n<meta property=\"og:image\" content=\"https:\/\/dutchmicrodosing.com\/wp-content\/uploads\/2025\/06\/4113-5107-1.jpg\" \/>\n\t<meta property=\"og:image:width\" content=\"300\" \/>\n\t<meta property=\"og:image:height\" content=\"300\" \/>\n\t<meta property=\"og:image:type\" content=\"image\/jpeg\" \/>\n<meta name=\"twitter:card\" content=\"summary_large_image\" \/>\n<script type=\"application\/ld+json\" class=\"yoast-schema-graph\">{\"@context\":\"https:\\\/\\\/schema.org\",\"@graph\":[{\"@type\":\"WebPage\",\"@id\":\"https:\\\/\\\/dutchmicrodosing.com\\\/es\\\/setas-alucinogenas\\\/especiales-growkit\\\/golden-teacher-paddo-broed\\\/\",\"url\":\"https:\\\/\\\/dutchmicrodosing.com\\\/es\\\/setas-alucinogenas\\\/especiales-growkit\\\/golden-teacher-paddo-broed\\\/\",\"name\":\"Spawn de setas Golden Teacher - Dutchmicrodosing\",\"isPartOf\":{\"@id\":\"https:\\\/\\\/dutchmicrodosing.com\\\/es\\\/#website\"},\"primaryImageOfPage\":{\"@id\":\"https:\\\/\\\/dutchmicrodosing.com\\\/es\\\/setas-alucinogenas\\\/especiales-growkit\\\/golden-teacher-paddo-broed\\\/#primaryimage\"},\"image\":{\"@id\":\"https:\\\/\\\/dutchmicrodosing.com\\\/es\\\/setas-alucinogenas\\\/especiales-growkit\\\/golden-teacher-paddo-broed\\\/#primaryimage\"},\"thumbnailUrl\":\"https:\\\/\\\/dutchmicrodosing.com\\\/wp-content\\\/uploads\\\/2025\\\/06\\\/4113-5107-1.jpg\",\"datePublished\":\"2025-06-13T07:20:25+00:00\",\"dateModified\":\"2026-01-31T13:18:34+00:00\",\"description\":\"Golden Teacher Mushroom Brood es ideal para el cultivador avanzado que busca una variedad potente con un alto rendimiento y un aspecto llamativo....\",\"breadcrumb\":{\"@id\":\"https:\\\/\\\/dutchmicrodosing.com\\\/es\\\/setas-alucinogenas\\\/especiales-growkit\\\/golden-teacher-paddo-broed\\\/#breadcrumb\"},\"inLanguage\":\"es\",\"potentialAction\":[{\"@type\":\"ReadAction\",\"target\":[\"https:\\\/\\\/dutchmicrodosing.com\\\/es\\\/setas-alucinogenas\\\/especiales-growkit\\\/golden-teacher-paddo-broed\\\/\"]}]},{\"@type\":\"ImageObject\",\"inLanguage\":\"es\",\"@id\":\"https:\\\/\\\/dutchmicrodosing.com\\\/es\\\/setas-alucinogenas\\\/especiales-growkit\\\/golden-teacher-paddo-broed\\\/#primaryimage\",\"url\":\"https:\\\/\\\/dutchmicrodosing.com\\\/wp-content\\\/uploads\\\/2025\\\/06\\\/4113-5107-1.jpg\",\"contentUrl\":\"https:\\\/\\\/dutchmicrodosing.com\\\/wp-content\\\/uploads\\\/2025\\\/06\\\/4113-5107-1.jpg\",\"width\":300,\"height\":300},{\"@type\":\"BreadcrumbList\",\"@id\":\"https:\\\/\\\/dutchmicrodosing.com\\\/es\\\/setas-alucinogenas\\\/especiales-growkit\\\/golden-teacher-paddo-broed\\\/#breadcrumb\",\"itemListElement\":[{\"@type\":\"ListItem\",\"position\":1,\"name\":\"Home\",\"item\":\"https:\\\/\\\/dutchmicrodosing.com\\\/es\\\/\"},{\"@type\":\"ListItem\",\"position\":2,\"name\":\"Tienda\",\"item\":\"https:\\\/\\\/dutchmicrodosing.com\\\/es\\\/tienda\\\/\"},{\"@type\":\"ListItem\",\"position\":3,\"name\":\"Spawn de setas Golden Teacher\"}]},{\"@type\":\"WebSite\",\"@id\":\"https:\\\/\\\/dutchmicrodosing.com\\\/es\\\/#website\",\"url\":\"https:\\\/\\\/dutchmicrodosing.com\\\/es\\\/\",\"name\":\"Dutchmicrodosing\",\"description\":\"\",\"publisher\":{\"@id\":\"https:\\\/\\\/dutchmicrodosing.com\\\/es\\\/#organization\"},\"potentialAction\":[{\"@type\":\"SearchAction\",\"target\":{\"@type\":\"EntryPoint\",\"urlTemplate\":\"https:\\\/\\\/dutchmicrodosing.com\\\/es\\\/?s={search_term_string}\"},\"query-input\":{\"@type\":\"PropertyValueSpecification\",\"valueRequired\":true,\"valueName\":\"search_term_string\"}}],\"inLanguage\":\"es\"},{\"@type\":\"Organization\",\"@id\":\"https:\\\/\\\/dutchmicrodosing.com\\\/es\\\/#organization\",\"name\":\"Dutchmicrodosing\",\"url\":\"https:\\\/\\\/dutchmicrodosing.com\\\/es\\\/\",\"logo\":{\"@type\":\"ImageObject\",\"inLanguage\":\"es\",\"@id\":\"https:\\\/\\\/dutchmicrodosing.com\\\/es\\\/#\\\/schema\\\/logo\\\/image\\\/\",\"url\":\"https:\\\/\\\/dutchmicrodosing.com\\\/wp-content\\\/uploads\\\/2021\\\/01\\\/microdosing-categorie-pic-nieuw.jpg\",\"contentUrl\":\"https:\\\/\\\/dutchmicrodosing.com\\\/wp-content\\\/uploads\\\/2021\\\/01\\\/microdosing-categorie-pic-nieuw.jpg\",\"width\":500,\"height\":500,\"caption\":\"Dutchmicrodosing\"},\"image\":{\"@id\":\"https:\\\/\\\/dutchmicrodosing.com\\\/es\\\/#\\\/schema\\\/logo\\\/image\\\/\"},\"sameAs\":[\"https:\\\/\\\/www.facebook.com\\\/Dutchmicrodosingxp\\\/\",\"https:\\\/\\\/www.instagram.com\\\/dutchmicrodosing\\\/\"]}]}<\/script>\n<meta property=\"product:price:amount\" content=\"24.95\" \/>\n<meta property=\"product:price:currency\" content=\"EUR\" \/>\n<meta property=\"og:availability\" content=\"instock\" \/>\n<meta property=\"product:availability\" content=\"instock\" \/>\n<meta property=\"product:retailer_item_id\" content=\"5205652\" \/>\n<meta property=\"product:condition\" content=\"new\" \/>\n<!-- \/ Yoast SEO Premium plugin. -->","yoast_head_json":{"title":"Spawn de setas Golden Teacher - Dutchmicrodosing","description":"Golden Teacher Mushroom Brood es ideal para el cultivador avanzado que busca una variedad potente con un alto rendimiento y un aspecto llamativo....","robots":{"index":"index","follow":"follow","max-snippet":"max-snippet:-1","max-image-preview":"max-image-preview:large","max-video-preview":"max-video-preview:-1"},"canonical":"https:\/\/dutchmicrodosing.com\/es\/setas-alucinogenas\/especiales-growkit\/golden-teacher-paddo-broed\/","og_locale":"es_ES","og_type":"article","og_title":"Spawn de setas Golden Teacher","og_description":"Golden Teacher Mushroom Brood es perfecto para el cultivador avanzado al que le gusta seguir su propio camino. Esta cepa legendaria es conocida por su","og_url":"https:\/\/dutchmicrodosing.com\/es\/setas-alucinogenas\/especiales-growkit\/golden-teacher-paddo-broed\/","og_site_name":"Dutchmicrodosing","article_publisher":"https:\/\/www.facebook.com\/Dutchmicrodosingxp\/","article_modified_time":"2026-01-31T13:18:34+00:00","og_image":[{"width":300,"height":300,"url":"https:\/\/dutchmicrodosing.com\/wp-content\/uploads\/2025\/06\/4113-5107-1.jpg","type":"image\/jpeg"}],"twitter_card":"summary_large_image","schema":{"@context":"https:\/\/schema.org","@graph":[{"@type":"WebPage","@id":"https:\/\/dutchmicrodosing.com\/es\/setas-alucinogenas\/especiales-growkit\/golden-teacher-paddo-broed\/","url":"https:\/\/dutchmicrodosing.com\/es\/setas-alucinogenas\/especiales-growkit\/golden-teacher-paddo-broed\/","name":"Spawn de setas Golden Teacher - Dutchmicrodosing","isPartOf":{"@id":"https:\/\/dutchmicrodosing.com\/es\/#website"},"primaryImageOfPage":{"@id":"https:\/\/dutchmicrodosing.com\/es\/setas-alucinogenas\/especiales-growkit\/golden-teacher-paddo-broed\/#primaryimage"},"image":{"@id":"https:\/\/dutchmicrodosing.com\/es\/setas-alucinogenas\/especiales-growkit\/golden-teacher-paddo-broed\/#primaryimage"},"thumbnailUrl":"https:\/\/dutchmicrodosing.com\/wp-content\/uploads\/2025\/06\/4113-5107-1.jpg","datePublished":"2025-06-13T07:20:25+00:00","dateModified":"2026-01-31T13:18:34+00:00","description":"Golden Teacher Mushroom Brood es ideal para el cultivador avanzado que busca una variedad potente con un alto rendimiento y un aspecto llamativo....","breadcrumb":{"@id":"https:\/\/dutchmicrodosing.com\/es\/setas-alucinogenas\/especiales-growkit\/golden-teacher-paddo-broed\/#breadcrumb"},"inLanguage":"es","potentialAction":[{"@type":"ReadAction","target":["https:\/\/dutchmicrodosing.com\/es\/setas-alucinogenas\/especiales-growkit\/golden-teacher-paddo-broed\/"]}]},{"@type":"ImageObject","inLanguage":"es","@id":"https:\/\/dutchmicrodosing.com\/es\/setas-alucinogenas\/especiales-growkit\/golden-teacher-paddo-broed\/#primaryimage","url":"https:\/\/dutchmicrodosing.com\/wp-content\/uploads\/2025\/06\/4113-5107-1.jpg","contentUrl":"https:\/\/dutchmicrodosing.com\/wp-content\/uploads\/2025\/06\/4113-5107-1.jpg","width":300,"height":300},{"@type":"BreadcrumbList","@id":"https:\/\/dutchmicrodosing.com\/es\/setas-alucinogenas\/especiales-growkit\/golden-teacher-paddo-broed\/#breadcrumb","itemListElement":[{"@type":"ListItem","position":1,"name":"Home","item":"https:\/\/dutchmicrodosing.com\/es\/"},{"@type":"ListItem","position":2,"name":"Tienda","item":"https:\/\/dutchmicrodosing.com\/es\/tienda\/"},{"@type":"ListItem","position":3,"name":"Spawn de setas Golden Teacher"}]},{"@type":"WebSite","@id":"https:\/\/dutchmicrodosing.com\/es\/#website","url":"https:\/\/dutchmicrodosing.com\/es\/","name":"Dutchmicrodosing","description":"","publisher":{"@id":"https:\/\/dutchmicrodosing.com\/es\/#organization"},"potentialAction":[{"@type":"SearchAction","target":{"@type":"EntryPoint","urlTemplate":"https:\/\/dutchmicrodosing.com\/es\/?s={search_term_string}"},"query-input":{"@type":"PropertyValueSpecification","valueRequired":true,"valueName":"search_term_string"}}],"inLanguage":"es"},{"@type":"Organization","@id":"https:\/\/dutchmicrodosing.com\/es\/#organization","name":"Dutchmicrodosing","url":"https:\/\/dutchmicrodosing.com\/es\/","logo":{"@type":"ImageObject","inLanguage":"es","@id":"https:\/\/dutchmicrodosing.com\/es\/#\/schema\/logo\/image\/","url":"https:\/\/dutchmicrodosing.com\/wp-content\/uploads\/2021\/01\/microdosing-categorie-pic-nieuw.jpg","contentUrl":"https:\/\/dutchmicrodosing.com\/wp-content\/uploads\/2021\/01\/microdosing-categorie-pic-nieuw.jpg","width":500,"height":500,"caption":"Dutchmicrodosing"},"image":{"@id":"https:\/\/dutchmicrodosing.com\/es\/#\/schema\/logo\/image\/"},"sameAs":["https:\/\/www.facebook.com\/Dutchmicrodosingxp\/","https:\/\/www.instagram.com\/dutchmicrodosing\/"]}]},"product_price_amount":"24.95","product_price_currency":"EUR","og_availability":"instock","product_availability":"instock","product_retailer_item_id":"5205652","product_condition":"new"},"_links":{"self":[{"href":"https:\/\/dutchmicrodosing.com\/es\/wp-json\/wp\/v2\/product\/48604","targetHints":{"allow":["GET"]}}],"collection":[{"href":"https:\/\/dutchmicrodosing.com\/es\/wp-json\/wp\/v2\/product"}],"about":[{"href":"https:\/\/dutchmicrodosing.com\/es\/wp-json\/wp\/v2\/types\/product"}],"replies":[{"embeddable":true,"href":"https:\/\/dutchmicrodosing.com\/es\/wp-json\/wp\/v2\/comments?post=48604"}],"version-history":[{"count":2,"href":"https:\/\/dutchmicrodosing.com\/es\/wp-json\/wp\/v2\/product\/48604\/revisions"}],"predecessor-version":[{"id":62135,"href":"https:\/\/dutchmicrodosing.com\/es\/wp-json\/wp\/v2\/product\/48604\/revisions\/62135"}],"wp:featuredmedia":[{"embeddable":true,"href":"https:\/\/dutchmicrodosing.com\/es\/wp-json\/wp\/v2\/media\/48586"}],"wp:attachment":[{"href":"https:\/\/dutchmicrodosing.com\/es\/wp-json\/wp\/v2\/media?parent=48604"}],"wp:term":[{"taxonomy":"product_brand","embeddable":true,"href":"https:\/\/dutchmicrodosing.com\/es\/wp-json\/wp\/v2\/product_brand?post=48604"},{"taxonomy":"product_cat","embeddable":true,"href":"https:\/\/dutchmicrodosing.com\/es\/wp-json\/wp\/v2\/product_cat?post=48604"},{"taxonomy":"product_tag","embeddable":true,"href":"https:\/\/dutchmicrodosing.com\/es\/wp-json\/wp\/v2\/product_tag?post=48604"}],"curies":[{"name":"wp","href":"https:\/\/api.w.org\/{rel}","templated":true}]}}