{"id":48894,"date":"2025-06-18T13:53:34","date_gmt":"2025-06-18T11:53:34","guid":{"rendered":"https:\/\/dutchmicrodosing.com\/shop\/sin%20categor\u00eda\/maeng-da-red\/"},"modified":"2025-08-01T08:49:45","modified_gmt":"2025-08-01T06:49:45","slug":"maeng-da-red","status":"publish","type":"product","link":"https:\/\/dutchmicrodosing.com\/es\/hierbas-botanicas\/kratom\/maeng-da-red\/","title":{"rendered":"Maeng Da Rojo"},"content":{"rendered":"<p>El Kratom <strong>Rojo Maeng Da <\/strong>es una potente variedad de kratom rojo del sudeste asi\u00e1tico, apreciada por sus efectos calmantes y equilibrantes. Esta variedad ofrece una experiencia relajante y suele ser elegida por usuarios que buscan paz mental y una agradable sensaci\u00f3n de equilibrio.<\/p>\n<h3>Caracter\u00edsticas<\/h3>\n<ul>\n<li>Variedad de kratom rojo de car\u00e1cter calmante<\/li>\n<li>A menudo se utiliza para el estado de \u00e1nimo relajado y la euforia leve<\/li>\n<li>Conocido por su profunda relajaci\u00f3n y estado de calma mental<\/li>\n<li>Contiene altos niveles de mitraginina y diversos alcaloides<\/li>\n<\/ul>\n<h3>Ingredientes y\/o composici\u00f3n<\/h3>\n<p>100% hojas molidas del \u00e1rbol Mitragyna Speciosa (Maeng Da Red Vein)<\/p>\n<h3>Utilice<\/h3>\n<p>El Kratom Rojo Maeng Da puede prepararse de varias maneras. Los m\u00e9todos m\u00e1s comunes son mezclarlos con agua o hacer t\u00e9. El sabor es amargo, por lo que mucha gente utiliza el m\u00e9todo de \u00abechar y lavar\u00bb: primero se toma un trago de agua en la boca, luego una cucharada de kratom y se enjuaga inmediatamente.<\/p>\n<p><strong>Dosificaci\u00f3n con agua<\/strong><\/p>\n<ul>\n<li>2 gramos: ligero<\/li>\n<li>4 gramos: suave<\/li>\n<li>6 gramos: fuerte<\/li>\n<li>8 gramos: muy fuerte<\/li>\n<\/ul>\n<p><strong>Dosificaci\u00f3n al preparar el t\u00e9<\/strong><\/p>\n<ul>\n<li>1 gramo: ligero<\/li>\n<li>3 gramos: moderado<\/li>\n<li>5 gramos: de normal a fuerte<\/li>\n<li>10 gramos: fuerte<\/li>\n<li>15+ gramos: muy fuerte<\/li>\n<\/ul>\n<p>Deja que el kratom hierva suavemente durante 10-15 minutos y, a continuaci\u00f3n, vierte la infusi\u00f3n a trav\u00e9s de un colador. Es preferible empezar con una dosis baja, especialmente con el est\u00f3mago vac\u00edo, para evaluar adecuadamente los efectos.<\/p>\n<h3>Contenido<\/h3>\n<p>Disponible en envases de 25 o 100 gramos.<\/p>\n<h3>Descargo de responsabilidad<\/h3>\n<p><em>El contenido de este texto es meramente informativo y no sustituye al asesoramiento profesional. Este producto no es un medicamento y no est\u00e1 destinado a diagnosticar, tratar o curar ninguna afecci\u00f3n m\u00e9dica. Consulta a un especialista cualquier duda espec\u00edfica sobre el uso de este producto. Algunos estudios cient\u00edficos sobre los efectos de este producto a\u00fan est\u00e1n en curso y no todas las afirmaciones se han confirmado definitivamente.<\/em><\/p>\n","protected":false},"excerpt":{"rendered":"<p>El Kratom Rojo Maeng Da es una potente variedad de kratom rojo del sudeste asi\u00e1tico, apreciada por sus efectos calmantes y equilibrantes. Esta variedad ofrece una experiencia relajante y suele ser elegida por usuarios que buscan paz mental y una agradable sensaci\u00f3n de equilibrio. Caracter\u00edsticas Variedad de kratom rojo de car\u00e1cter calmante A menudo se [&hellip;]<\/p>\n","protected":false},"featured_media":48890,"comment_status":"closed","ping_status":"closed","template":"","meta":[],"product_brand":[],"product_cat":[418],"product_tag":[],"class_list":{"0":"post-48894","1":"product","2":"type-product","3":"status-publish","4":"has-post-thumbnail","6":"product_cat-kratom","8":"first","9":"instock","10":"taxable","11":"shipping-taxable","12":"purchasable","13":"product-type-variable"},"yoast_head":"<!-- This site is optimized with the Yoast SEO Premium plugin v26.4 (Yoast SEO v27.4) - https:\/\/yoast.com\/product\/yoast-seo-premium-wordpress\/ -->\n<title>Maeng Da Rojo - Dutchmicrodosing<\/title>\n<meta name=\"description\" content=\"Maeng Da Red Kratom - variedad de kratom rojo calmante para la relajaci\u00f3n y el equilibrio mental. Disponible en 25 o 100 gramos.\" \/>\n<meta name=\"robots\" content=\"index, follow, max-snippet:-1, max-image-preview:large, max-video-preview:-1\" \/>\n<link rel=\"canonical\" href=\"https:\/\/dutchmicrodosing.com\/es\/hierbas-botanicas\/kratom\/maeng-da-red\/\" \/>\n<meta property=\"og:locale\" content=\"es_ES\" \/>\n<meta property=\"og:type\" content=\"article\" \/>\n<meta property=\"og:title\" content=\"Maeng Da Rojo\" \/>\n<meta property=\"og:description\" content=\"El Kratom Rojo Maeng Da es una potente variedad de kratom rojo del sudeste asi\u00e1tico, apreciada por sus efectos calmantes y equilibrantes. Esta variedad\" \/>\n<meta property=\"og:url\" content=\"https:\/\/dutchmicrodosing.com\/es\/hierbas-botanicas\/kratom\/maeng-da-red\/\" \/>\n<meta property=\"og:site_name\" content=\"Dutchmicrodosing\" \/>\n<meta property=\"article:publisher\" content=\"https:\/\/www.facebook.com\/Dutchmicrodosingxp\/\" \/>\n<meta property=\"article:modified_time\" content=\"2025-08-01T06:49:45+00:00\" \/>\n<meta property=\"og:image\" content=\"https:\/\/dutchmicrodosing.com\/wp-content\/uploads\/2025\/06\/2674-3611.jpg\" \/>\n\t<meta property=\"og:image:width\" content=\"300\" \/>\n\t<meta property=\"og:image:height\" content=\"300\" \/>\n\t<meta property=\"og:image:type\" content=\"image\/jpeg\" \/>\n<meta name=\"twitter:card\" content=\"summary_large_image\" \/>\n<script type=\"application\/ld+json\" class=\"yoast-schema-graph\">{\"@context\":\"https:\\\/\\\/schema.org\",\"@graph\":[{\"@type\":\"WebPage\",\"@id\":\"https:\\\/\\\/dutchmicrodosing.com\\\/es\\\/hierbas-botanicas\\\/kratom\\\/maeng-da-red\\\/\",\"url\":\"https:\\\/\\\/dutchmicrodosing.com\\\/es\\\/hierbas-botanicas\\\/kratom\\\/maeng-da-red\\\/\",\"name\":\"Maeng Da Rojo - Dutchmicrodosing\",\"isPartOf\":{\"@id\":\"https:\\\/\\\/dutchmicrodosing.com\\\/es\\\/#website\"},\"primaryImageOfPage\":{\"@id\":\"https:\\\/\\\/dutchmicrodosing.com\\\/es\\\/hierbas-botanicas\\\/kratom\\\/maeng-da-red\\\/#primaryimage\"},\"image\":{\"@id\":\"https:\\\/\\\/dutchmicrodosing.com\\\/es\\\/hierbas-botanicas\\\/kratom\\\/maeng-da-red\\\/#primaryimage\"},\"thumbnailUrl\":\"https:\\\/\\\/dutchmicrodosing.com\\\/wp-content\\\/uploads\\\/2025\\\/06\\\/2674-3611.jpg\",\"datePublished\":\"2025-06-18T11:53:34+00:00\",\"dateModified\":\"2025-08-01T06:49:45+00:00\",\"description\":\"Maeng Da Red Kratom - variedad de kratom rojo calmante para la relajaci\u00f3n y el equilibrio mental. Disponible en 25 o 100 gramos.\",\"breadcrumb\":{\"@id\":\"https:\\\/\\\/dutchmicrodosing.com\\\/es\\\/hierbas-botanicas\\\/kratom\\\/maeng-da-red\\\/#breadcrumb\"},\"inLanguage\":\"es\",\"potentialAction\":[{\"@type\":\"ReadAction\",\"target\":[\"https:\\\/\\\/dutchmicrodosing.com\\\/es\\\/hierbas-botanicas\\\/kratom\\\/maeng-da-red\\\/\"]}]},{\"@type\":\"ImageObject\",\"inLanguage\":\"es\",\"@id\":\"https:\\\/\\\/dutchmicrodosing.com\\\/es\\\/hierbas-botanicas\\\/kratom\\\/maeng-da-red\\\/#primaryimage\",\"url\":\"https:\\\/\\\/dutchmicrodosing.com\\\/wp-content\\\/uploads\\\/2025\\\/06\\\/2674-3611.jpg\",\"contentUrl\":\"https:\\\/\\\/dutchmicrodosing.com\\\/wp-content\\\/uploads\\\/2025\\\/06\\\/2674-3611.jpg\",\"width\":300,\"height\":300},{\"@type\":\"BreadcrumbList\",\"@id\":\"https:\\\/\\\/dutchmicrodosing.com\\\/es\\\/hierbas-botanicas\\\/kratom\\\/maeng-da-red\\\/#breadcrumb\",\"itemListElement\":[{\"@type\":\"ListItem\",\"position\":1,\"name\":\"Home\",\"item\":\"https:\\\/\\\/dutchmicrodosing.com\\\/es\\\/\"},{\"@type\":\"ListItem\",\"position\":2,\"name\":\"Tienda\",\"item\":\"https:\\\/\\\/dutchmicrodosing.com\\\/es\\\/tienda\\\/\"},{\"@type\":\"ListItem\",\"position\":3,\"name\":\"Maeng Da Rojo\"}]},{\"@type\":\"WebSite\",\"@id\":\"https:\\\/\\\/dutchmicrodosing.com\\\/es\\\/#website\",\"url\":\"https:\\\/\\\/dutchmicrodosing.com\\\/es\\\/\",\"name\":\"Dutchmicrodosing\",\"description\":\"\",\"publisher\":{\"@id\":\"https:\\\/\\\/dutchmicrodosing.com\\\/es\\\/#organization\"},\"potentialAction\":[{\"@type\":\"SearchAction\",\"target\":{\"@type\":\"EntryPoint\",\"urlTemplate\":\"https:\\\/\\\/dutchmicrodosing.com\\\/es\\\/?s={search_term_string}\"},\"query-input\":{\"@type\":\"PropertyValueSpecification\",\"valueRequired\":true,\"valueName\":\"search_term_string\"}}],\"inLanguage\":\"es\"},{\"@type\":\"Organization\",\"@id\":\"https:\\\/\\\/dutchmicrodosing.com\\\/es\\\/#organization\",\"name\":\"Dutchmicrodosing\",\"url\":\"https:\\\/\\\/dutchmicrodosing.com\\\/es\\\/\",\"logo\":{\"@type\":\"ImageObject\",\"inLanguage\":\"es\",\"@id\":\"https:\\\/\\\/dutchmicrodosing.com\\\/es\\\/#\\\/schema\\\/logo\\\/image\\\/\",\"url\":\"https:\\\/\\\/dutchmicrodosing.com\\\/wp-content\\\/uploads\\\/2021\\\/01\\\/microdosing-categorie-pic-nieuw.jpg\",\"contentUrl\":\"https:\\\/\\\/dutchmicrodosing.com\\\/wp-content\\\/uploads\\\/2021\\\/01\\\/microdosing-categorie-pic-nieuw.jpg\",\"width\":500,\"height\":500,\"caption\":\"Dutchmicrodosing\"},\"image\":{\"@id\":\"https:\\\/\\\/dutchmicrodosing.com\\\/es\\\/#\\\/schema\\\/logo\\\/image\\\/\"},\"sameAs\":[\"https:\\\/\\\/www.facebook.com\\\/Dutchmicrodosingxp\\\/\",\"https:\\\/\\\/www.instagram.com\\\/dutchmicrodosing\\\/\"]}]}<\/script>\n<meta property=\"og:availability\" content=\"instock\" \/>\n<meta property=\"product:availability\" content=\"instock\" \/>\n<meta property=\"product:condition\" content=\"new\" \/>\n<!-- \/ Yoast SEO Premium plugin. -->","yoast_head_json":{"title":"Maeng Da Rojo - Dutchmicrodosing","description":"Maeng Da Red Kratom - variedad de kratom rojo calmante para la relajaci\u00f3n y el equilibrio mental. Disponible en 25 o 100 gramos.","robots":{"index":"index","follow":"follow","max-snippet":"max-snippet:-1","max-image-preview":"max-image-preview:large","max-video-preview":"max-video-preview:-1"},"canonical":"https:\/\/dutchmicrodosing.com\/es\/hierbas-botanicas\/kratom\/maeng-da-red\/","og_locale":"es_ES","og_type":"article","og_title":"Maeng Da Rojo","og_description":"El Kratom Rojo Maeng Da es una potente variedad de kratom rojo del sudeste asi\u00e1tico, apreciada por sus efectos calmantes y equilibrantes. Esta variedad","og_url":"https:\/\/dutchmicrodosing.com\/es\/hierbas-botanicas\/kratom\/maeng-da-red\/","og_site_name":"Dutchmicrodosing","article_publisher":"https:\/\/www.facebook.com\/Dutchmicrodosingxp\/","article_modified_time":"2025-08-01T06:49:45+00:00","og_image":[{"width":300,"height":300,"url":"https:\/\/dutchmicrodosing.com\/wp-content\/uploads\/2025\/06\/2674-3611.jpg","type":"image\/jpeg"}],"twitter_card":"summary_large_image","schema":{"@context":"https:\/\/schema.org","@graph":[{"@type":"WebPage","@id":"https:\/\/dutchmicrodosing.com\/es\/hierbas-botanicas\/kratom\/maeng-da-red\/","url":"https:\/\/dutchmicrodosing.com\/es\/hierbas-botanicas\/kratom\/maeng-da-red\/","name":"Maeng Da Rojo - Dutchmicrodosing","isPartOf":{"@id":"https:\/\/dutchmicrodosing.com\/es\/#website"},"primaryImageOfPage":{"@id":"https:\/\/dutchmicrodosing.com\/es\/hierbas-botanicas\/kratom\/maeng-da-red\/#primaryimage"},"image":{"@id":"https:\/\/dutchmicrodosing.com\/es\/hierbas-botanicas\/kratom\/maeng-da-red\/#primaryimage"},"thumbnailUrl":"https:\/\/dutchmicrodosing.com\/wp-content\/uploads\/2025\/06\/2674-3611.jpg","datePublished":"2025-06-18T11:53:34+00:00","dateModified":"2025-08-01T06:49:45+00:00","description":"Maeng Da Red Kratom - variedad de kratom rojo calmante para la relajaci\u00f3n y el equilibrio mental. Disponible en 25 o 100 gramos.","breadcrumb":{"@id":"https:\/\/dutchmicrodosing.com\/es\/hierbas-botanicas\/kratom\/maeng-da-red\/#breadcrumb"},"inLanguage":"es","potentialAction":[{"@type":"ReadAction","target":["https:\/\/dutchmicrodosing.com\/es\/hierbas-botanicas\/kratom\/maeng-da-red\/"]}]},{"@type":"ImageObject","inLanguage":"es","@id":"https:\/\/dutchmicrodosing.com\/es\/hierbas-botanicas\/kratom\/maeng-da-red\/#primaryimage","url":"https:\/\/dutchmicrodosing.com\/wp-content\/uploads\/2025\/06\/2674-3611.jpg","contentUrl":"https:\/\/dutchmicrodosing.com\/wp-content\/uploads\/2025\/06\/2674-3611.jpg","width":300,"height":300},{"@type":"BreadcrumbList","@id":"https:\/\/dutchmicrodosing.com\/es\/hierbas-botanicas\/kratom\/maeng-da-red\/#breadcrumb","itemListElement":[{"@type":"ListItem","position":1,"name":"Home","item":"https:\/\/dutchmicrodosing.com\/es\/"},{"@type":"ListItem","position":2,"name":"Tienda","item":"https:\/\/dutchmicrodosing.com\/es\/tienda\/"},{"@type":"ListItem","position":3,"name":"Maeng Da Rojo"}]},{"@type":"WebSite","@id":"https:\/\/dutchmicrodosing.com\/es\/#website","url":"https:\/\/dutchmicrodosing.com\/es\/","name":"Dutchmicrodosing","description":"","publisher":{"@id":"https:\/\/dutchmicrodosing.com\/es\/#organization"},"potentialAction":[{"@type":"SearchAction","target":{"@type":"EntryPoint","urlTemplate":"https:\/\/dutchmicrodosing.com\/es\/?s={search_term_string}"},"query-input":{"@type":"PropertyValueSpecification","valueRequired":true,"valueName":"search_term_string"}}],"inLanguage":"es"},{"@type":"Organization","@id":"https:\/\/dutchmicrodosing.com\/es\/#organization","name":"Dutchmicrodosing","url":"https:\/\/dutchmicrodosing.com\/es\/","logo":{"@type":"ImageObject","inLanguage":"es","@id":"https:\/\/dutchmicrodosing.com\/es\/#\/schema\/logo\/image\/","url":"https:\/\/dutchmicrodosing.com\/wp-content\/uploads\/2021\/01\/microdosing-categorie-pic-nieuw.jpg","contentUrl":"https:\/\/dutchmicrodosing.com\/wp-content\/uploads\/2021\/01\/microdosing-categorie-pic-nieuw.jpg","width":500,"height":500,"caption":"Dutchmicrodosing"},"image":{"@id":"https:\/\/dutchmicrodosing.com\/es\/#\/schema\/logo\/image\/"},"sameAs":["https:\/\/www.facebook.com\/Dutchmicrodosingxp\/","https:\/\/www.instagram.com\/dutchmicrodosing\/"]}]},"og_availability":"instock","product_availability":"instock","product_condition":"new"},"_links":{"self":[{"href":"https:\/\/dutchmicrodosing.com\/es\/wp-json\/wp\/v2\/product\/48894","targetHints":{"allow":["GET"]}}],"collection":[{"href":"https:\/\/dutchmicrodosing.com\/es\/wp-json\/wp\/v2\/product"}],"about":[{"href":"https:\/\/dutchmicrodosing.com\/es\/wp-json\/wp\/v2\/types\/product"}],"replies":[{"embeddable":true,"href":"https:\/\/dutchmicrodosing.com\/es\/wp-json\/wp\/v2\/comments?post=48894"}],"version-history":[{"count":0,"href":"https:\/\/dutchmicrodosing.com\/es\/wp-json\/wp\/v2\/product\/48894\/revisions"}],"wp:featuredmedia":[{"embeddable":true,"href":"https:\/\/dutchmicrodosing.com\/es\/wp-json\/wp\/v2\/media\/48890"}],"wp:attachment":[{"href":"https:\/\/dutchmicrodosing.com\/es\/wp-json\/wp\/v2\/media?parent=48894"}],"wp:term":[{"taxonomy":"product_brand","embeddable":true,"href":"https:\/\/dutchmicrodosing.com\/es\/wp-json\/wp\/v2\/product_brand?post=48894"},{"taxonomy":"product_cat","embeddable":true,"href":"https:\/\/dutchmicrodosing.com\/es\/wp-json\/wp\/v2\/product_cat?post=48894"},{"taxonomy":"product_tag","embeddable":true,"href":"https:\/\/dutchmicrodosing.com\/es\/wp-json\/wp\/v2\/product_tag?post=48894"}],"curies":[{"name":"wp","href":"https:\/\/api.w.org\/{rel}","templated":true}]}}