{"id":48963,"date":"2025-06-19T13:36:35","date_gmt":"2025-06-19T11:36:35","guid":{"rendered":"https:\/\/dutchmicrodosing.com\/shop\/sin%20categor\u00eda\/maeng-da-kratom-white\/"},"modified":"2025-08-01T16:54:15","modified_gmt":"2025-08-01T14:54:15","slug":"maeng-da-kratom-white","status":"publish","type":"product","link":"https:\/\/dutchmicrodosing.com\/es\/hierbas-botanicas\/kratom\/maeng-da-kratom-white\/","title":{"rendered":"Maeng Da Blanco"},"content":{"rendered":"<p><strong>Maeng Da <\/strong><strong>Kratom<\/strong> <strong>White <\/strong>es una potente variedad de kratom blanco del sudeste asi\u00e1tico, conocida por su naturaleza estimulante y edificante. Esta variedad suele ser elegida por personas que necesitan una nueva concentraci\u00f3n y un estado de \u00e1nimo positivo.<\/p>\n<h3>Caracter\u00edsticas<\/h3>\n<ul>\n<li>Variedad de kratom blanco con un efecto brillante y energ\u00e9tico<\/li>\n<li>Suele utilizarse para mejorar el estado de \u00e1nimo y la agudeza mental<\/li>\n<li>Contiene altos niveles de mitraginina y m\u00e1s de 25 alcaloides<\/li>\n<li>Adecuado para los momentos en los que necesita una mayor concentraci\u00f3n o motivaci\u00f3n<\/li>\n<\/ul>\n<h3>Ingredientes y\/o composici\u00f3n<\/h3>\n<p>100% hojas molidas del \u00e1rbol Mitragyna Speciosa (Maeng Da White Vein)<\/p>\n<h3>Utilice<\/h3>\n<p>El Kratom Blanco Maeng Da puede disolverse en agua, utilizarse para hacer t\u00e9 o mezclarse en un batido. Muchos usuarios optan por el m\u00e9todo de \u00abtirar y lavar\u00bb: beber un sorbo de agua, a\u00f1adir una cucharada de kratom y enjuagar inmediatamente con otro sorbo de agua.<\/p>\n<p><strong>Dosificaci\u00f3n con agua<\/strong><\/p>\n<ul>\n<li>2 gramos: ligero<\/li>\n<li>4 gramos: suave<\/li>\n<li>6 gramos: fuerte<\/li>\n<li>8 gramos: muy fuerte<\/li>\n<\/ul>\n<p><strong>Dosificaci\u00f3n al preparar el t\u00e9<\/strong><\/p>\n<ul>\n<li>1 gramo: ligero<\/li>\n<li>3 gramos: moderado<\/li>\n<li>5 gramos: normal<\/li>\n<li>10 gramos: fuerte<\/li>\n<li>15+ gramos: muy fuerte<\/li>\n<\/ul>\n<p>Deja que el kratom hierva suavemente durante 10-15 minutos y luego vi\u00e9rtelo a trav\u00e9s de un colador en una taza. Es preferible empezar con una dosis baja, especialmente con el est\u00f3mago vac\u00edo, para evaluar adecuadamente la reacci\u00f3n.<\/p>\n<h3>Contenido<\/h3>\n<p>Disponible en envases de 25 o 100 gramos.<\/p>\n<h3>Descargo de responsabilidad<\/h3>\n<p><em>El contenido de este texto es meramente informativo y no sustituye al asesoramiento profesional. Este producto no es un medicamento y no est\u00e1 destinado a diagnosticar, tratar o curar ninguna afecci\u00f3n m\u00e9dica. Consulta a un especialista cualquier duda espec\u00edfica sobre el uso de este producto. Algunos estudios cient\u00edficos sobre los efectos de este producto a\u00fan est\u00e1n en curso y no todas las afirmaciones se han confirmado definitivamente.<\/em><\/p>\n","protected":false},"excerpt":{"rendered":"<p>Maeng Da Kratom White es una potente variedad de kratom blanco del sudeste asi\u00e1tico, conocida por su naturaleza estimulante y edificante. Esta variedad suele ser elegida por personas que necesitan una nueva concentraci\u00f3n y un estado de \u00e1nimo positivo. Caracter\u00edsticas Variedad de kratom blanco con un efecto brillante y energ\u00e9tico Suele utilizarse para mejorar el [&hellip;]<\/p>\n","protected":false},"featured_media":48957,"comment_status":"closed","ping_status":"closed","template":"","meta":[],"product_brand":[],"product_cat":[418],"product_tag":[],"class_list":{"0":"post-48963","1":"product","2":"type-product","3":"status-publish","4":"has-post-thumbnail","6":"product_cat-kratom","8":"first","9":"instock","10":"taxable","11":"shipping-taxable","12":"purchasable","13":"product-type-variable"},"yoast_head":"<!-- This site is optimized with the Yoast SEO Premium plugin v26.4 (Yoast SEO v27.2) - https:\/\/yoast.com\/product\/yoast-seo-premium-wordpress\/ -->\n<title>Maeng Da Blanco - Dutchmicrodosing<\/title>\n<meta name=\"description\" content=\"Maeng Da White Kratom, potente variedad de kratom blanco con un efecto energizante y estimulante. Para la concentraci\u00f3n y la claridad. Disponible en 25 o 100 gramos.\" \/>\n<meta name=\"robots\" content=\"index, follow, max-snippet:-1, max-image-preview:large, max-video-preview:-1\" \/>\n<link rel=\"canonical\" href=\"https:\/\/dutchmicrodosing.com\/es\/hierbas-botanicas\/kratom\/maeng-da-kratom-white\/\" \/>\n<meta property=\"og:locale\" content=\"es_ES\" \/>\n<meta property=\"og:type\" content=\"article\" \/>\n<meta property=\"og:title\" content=\"Maeng Da Blanco\" \/>\n<meta property=\"og:description\" content=\"Maeng Da Kratom White es una potente variedad de kratom blanco del sudeste asi\u00e1tico, conocida por su naturaleza estimulante y edificante. Esta variedad\" \/>\n<meta property=\"og:url\" content=\"https:\/\/dutchmicrodosing.com\/es\/hierbas-botanicas\/kratom\/maeng-da-kratom-white\/\" \/>\n<meta property=\"og:site_name\" content=\"Dutchmicrodosing\" \/>\n<meta property=\"article:publisher\" content=\"https:\/\/www.facebook.com\/Dutchmicrodosingxp\/\" \/>\n<meta property=\"article:modified_time\" content=\"2025-08-01T14:54:15+00:00\" \/>\n<meta property=\"og:image\" content=\"https:\/\/dutchmicrodosing.com\/wp-content\/uploads\/2025\/06\/2676-3609.jpg\" \/>\n\t<meta property=\"og:image:width\" content=\"300\" \/>\n\t<meta property=\"og:image:height\" content=\"300\" \/>\n\t<meta property=\"og:image:type\" content=\"image\/jpeg\" \/>\n<meta name=\"twitter:card\" content=\"summary_large_image\" \/>\n<script type=\"application\/ld+json\" class=\"yoast-schema-graph\">{\"@context\":\"https:\/\/schema.org\",\"@graph\":[{\"@type\":\"WebPage\",\"@id\":\"https:\/\/dutchmicrodosing.com\/es\/hierbas-botanicas\/kratom\/maeng-da-kratom-white\/\",\"url\":\"https:\/\/dutchmicrodosing.com\/es\/hierbas-botanicas\/kratom\/maeng-da-kratom-white\/\",\"name\":\"Maeng Da Blanco - Dutchmicrodosing\",\"isPartOf\":{\"@id\":\"https:\/\/dutchmicrodosing.com\/es\/#website\"},\"primaryImageOfPage\":{\"@id\":\"https:\/\/dutchmicrodosing.com\/es\/hierbas-botanicas\/kratom\/maeng-da-kratom-white\/#primaryimage\"},\"image\":{\"@id\":\"https:\/\/dutchmicrodosing.com\/es\/hierbas-botanicas\/kratom\/maeng-da-kratom-white\/#primaryimage\"},\"thumbnailUrl\":\"https:\/\/dutchmicrodosing.com\/wp-content\/uploads\/2025\/06\/2676-3609.jpg\",\"datePublished\":\"2025-06-19T11:36:35+00:00\",\"dateModified\":\"2025-08-01T14:54:15+00:00\",\"description\":\"Maeng Da White Kratom, potente variedad de kratom blanco con un efecto energizante y estimulante. Para la concentraci\u00f3n y la claridad. Disponible en 25 o 100 gramos.\",\"breadcrumb\":{\"@id\":\"https:\/\/dutchmicrodosing.com\/es\/hierbas-botanicas\/kratom\/maeng-da-kratom-white\/#breadcrumb\"},\"inLanguage\":\"es\",\"potentialAction\":[{\"@type\":\"ReadAction\",\"target\":[\"https:\/\/dutchmicrodosing.com\/es\/hierbas-botanicas\/kratom\/maeng-da-kratom-white\/\"]}]},{\"@type\":\"ImageObject\",\"inLanguage\":\"es\",\"@id\":\"https:\/\/dutchmicrodosing.com\/es\/hierbas-botanicas\/kratom\/maeng-da-kratom-white\/#primaryimage\",\"url\":\"https:\/\/dutchmicrodosing.com\/wp-content\/uploads\/2025\/06\/2676-3609.jpg\",\"contentUrl\":\"https:\/\/dutchmicrodosing.com\/wp-content\/uploads\/2025\/06\/2676-3609.jpg\",\"width\":300,\"height\":300},{\"@type\":\"BreadcrumbList\",\"@id\":\"https:\/\/dutchmicrodosing.com\/es\/hierbas-botanicas\/kratom\/maeng-da-kratom-white\/#breadcrumb\",\"itemListElement\":[{\"@type\":\"ListItem\",\"position\":1,\"name\":\"Home\",\"item\":\"https:\/\/dutchmicrodosing.com\/es\/\"},{\"@type\":\"ListItem\",\"position\":2,\"name\":\"Tienda\",\"item\":\"https:\/\/dutchmicrodosing.com\/es\/tienda\/\"},{\"@type\":\"ListItem\",\"position\":3,\"name\":\"Maeng Da Blanco\"}]},{\"@type\":\"WebSite\",\"@id\":\"https:\/\/dutchmicrodosing.com\/es\/#website\",\"url\":\"https:\/\/dutchmicrodosing.com\/es\/\",\"name\":\"Dutchmicrodosing\",\"description\":\"\",\"publisher\":{\"@id\":\"https:\/\/dutchmicrodosing.com\/es\/#organization\"},\"potentialAction\":[{\"@type\":\"SearchAction\",\"target\":{\"@type\":\"EntryPoint\",\"urlTemplate\":\"https:\/\/dutchmicrodosing.com\/es\/?s={search_term_string}\"},\"query-input\":{\"@type\":\"PropertyValueSpecification\",\"valueRequired\":true,\"valueName\":\"search_term_string\"}}],\"inLanguage\":\"es\"},{\"@type\":\"Organization\",\"@id\":\"https:\/\/dutchmicrodosing.com\/es\/#organization\",\"name\":\"Dutchmicrodosing\",\"url\":\"https:\/\/dutchmicrodosing.com\/es\/\",\"logo\":{\"@type\":\"ImageObject\",\"inLanguage\":\"es\",\"@id\":\"https:\/\/dutchmicrodosing.com\/es\/#\/schema\/logo\/image\/\",\"url\":\"https:\/\/dutchmicrodosing.com\/wp-content\/uploads\/2021\/01\/microdosing-categorie-pic-nieuw.jpg\",\"contentUrl\":\"https:\/\/dutchmicrodosing.com\/wp-content\/uploads\/2021\/01\/microdosing-categorie-pic-nieuw.jpg\",\"width\":500,\"height\":500,\"caption\":\"Dutchmicrodosing\"},\"image\":{\"@id\":\"https:\/\/dutchmicrodosing.com\/es\/#\/schema\/logo\/image\/\"},\"sameAs\":[\"https:\/\/www.facebook.com\/Dutchmicrodosingxp\/\",\"https:\/\/www.instagram.com\/dutchmicrodosing\/\"]}]}<\/script>\n<meta property=\"og:availability\" content=\"instock\" \/>\n<meta property=\"product:availability\" content=\"instock\" \/>\n<meta property=\"product:condition\" content=\"new\" \/>\n<!-- \/ Yoast SEO Premium plugin. -->","yoast_head_json":{"title":"Maeng Da Blanco - Dutchmicrodosing","description":"Maeng Da White Kratom, potente variedad de kratom blanco con un efecto energizante y estimulante. Para la concentraci\u00f3n y la claridad. Disponible en 25 o 100 gramos.","robots":{"index":"index","follow":"follow","max-snippet":"max-snippet:-1","max-image-preview":"max-image-preview:large","max-video-preview":"max-video-preview:-1"},"canonical":"https:\/\/dutchmicrodosing.com\/es\/hierbas-botanicas\/kratom\/maeng-da-kratom-white\/","og_locale":"es_ES","og_type":"article","og_title":"Maeng Da Blanco","og_description":"Maeng Da Kratom White es una potente variedad de kratom blanco del sudeste asi\u00e1tico, conocida por su naturaleza estimulante y edificante. Esta variedad","og_url":"https:\/\/dutchmicrodosing.com\/es\/hierbas-botanicas\/kratom\/maeng-da-kratom-white\/","og_site_name":"Dutchmicrodosing","article_publisher":"https:\/\/www.facebook.com\/Dutchmicrodosingxp\/","article_modified_time":"2025-08-01T14:54:15+00:00","og_image":[{"width":300,"height":300,"url":"https:\/\/dutchmicrodosing.com\/wp-content\/uploads\/2025\/06\/2676-3609.jpg","type":"image\/jpeg"}],"twitter_card":"summary_large_image","schema":{"@context":"https:\/\/schema.org","@graph":[{"@type":"WebPage","@id":"https:\/\/dutchmicrodosing.com\/es\/hierbas-botanicas\/kratom\/maeng-da-kratom-white\/","url":"https:\/\/dutchmicrodosing.com\/es\/hierbas-botanicas\/kratom\/maeng-da-kratom-white\/","name":"Maeng Da Blanco - Dutchmicrodosing","isPartOf":{"@id":"https:\/\/dutchmicrodosing.com\/es\/#website"},"primaryImageOfPage":{"@id":"https:\/\/dutchmicrodosing.com\/es\/hierbas-botanicas\/kratom\/maeng-da-kratom-white\/#primaryimage"},"image":{"@id":"https:\/\/dutchmicrodosing.com\/es\/hierbas-botanicas\/kratom\/maeng-da-kratom-white\/#primaryimage"},"thumbnailUrl":"https:\/\/dutchmicrodosing.com\/wp-content\/uploads\/2025\/06\/2676-3609.jpg","datePublished":"2025-06-19T11:36:35+00:00","dateModified":"2025-08-01T14:54:15+00:00","description":"Maeng Da White Kratom, potente variedad de kratom blanco con un efecto energizante y estimulante. Para la concentraci\u00f3n y la claridad. Disponible en 25 o 100 gramos.","breadcrumb":{"@id":"https:\/\/dutchmicrodosing.com\/es\/hierbas-botanicas\/kratom\/maeng-da-kratom-white\/#breadcrumb"},"inLanguage":"es","potentialAction":[{"@type":"ReadAction","target":["https:\/\/dutchmicrodosing.com\/es\/hierbas-botanicas\/kratom\/maeng-da-kratom-white\/"]}]},{"@type":"ImageObject","inLanguage":"es","@id":"https:\/\/dutchmicrodosing.com\/es\/hierbas-botanicas\/kratom\/maeng-da-kratom-white\/#primaryimage","url":"https:\/\/dutchmicrodosing.com\/wp-content\/uploads\/2025\/06\/2676-3609.jpg","contentUrl":"https:\/\/dutchmicrodosing.com\/wp-content\/uploads\/2025\/06\/2676-3609.jpg","width":300,"height":300},{"@type":"BreadcrumbList","@id":"https:\/\/dutchmicrodosing.com\/es\/hierbas-botanicas\/kratom\/maeng-da-kratom-white\/#breadcrumb","itemListElement":[{"@type":"ListItem","position":1,"name":"Home","item":"https:\/\/dutchmicrodosing.com\/es\/"},{"@type":"ListItem","position":2,"name":"Tienda","item":"https:\/\/dutchmicrodosing.com\/es\/tienda\/"},{"@type":"ListItem","position":3,"name":"Maeng Da Blanco"}]},{"@type":"WebSite","@id":"https:\/\/dutchmicrodosing.com\/es\/#website","url":"https:\/\/dutchmicrodosing.com\/es\/","name":"Dutchmicrodosing","description":"","publisher":{"@id":"https:\/\/dutchmicrodosing.com\/es\/#organization"},"potentialAction":[{"@type":"SearchAction","target":{"@type":"EntryPoint","urlTemplate":"https:\/\/dutchmicrodosing.com\/es\/?s={search_term_string}"},"query-input":{"@type":"PropertyValueSpecification","valueRequired":true,"valueName":"search_term_string"}}],"inLanguage":"es"},{"@type":"Organization","@id":"https:\/\/dutchmicrodosing.com\/es\/#organization","name":"Dutchmicrodosing","url":"https:\/\/dutchmicrodosing.com\/es\/","logo":{"@type":"ImageObject","inLanguage":"es","@id":"https:\/\/dutchmicrodosing.com\/es\/#\/schema\/logo\/image\/","url":"https:\/\/dutchmicrodosing.com\/wp-content\/uploads\/2021\/01\/microdosing-categorie-pic-nieuw.jpg","contentUrl":"https:\/\/dutchmicrodosing.com\/wp-content\/uploads\/2021\/01\/microdosing-categorie-pic-nieuw.jpg","width":500,"height":500,"caption":"Dutchmicrodosing"},"image":{"@id":"https:\/\/dutchmicrodosing.com\/es\/#\/schema\/logo\/image\/"},"sameAs":["https:\/\/www.facebook.com\/Dutchmicrodosingxp\/","https:\/\/www.instagram.com\/dutchmicrodosing\/"]}]},"og_availability":"instock","product_availability":"instock","product_condition":"new"},"_links":{"self":[{"href":"https:\/\/dutchmicrodosing.com\/es\/wp-json\/wp\/v2\/product\/48963","targetHints":{"allow":["GET"]}}],"collection":[{"href":"https:\/\/dutchmicrodosing.com\/es\/wp-json\/wp\/v2\/product"}],"about":[{"href":"https:\/\/dutchmicrodosing.com\/es\/wp-json\/wp\/v2\/types\/product"}],"replies":[{"embeddable":true,"href":"https:\/\/dutchmicrodosing.com\/es\/wp-json\/wp\/v2\/comments?post=48963"}],"version-history":[{"count":0,"href":"https:\/\/dutchmicrodosing.com\/es\/wp-json\/wp\/v2\/product\/48963\/revisions"}],"wp:featuredmedia":[{"embeddable":true,"href":"https:\/\/dutchmicrodosing.com\/es\/wp-json\/wp\/v2\/media\/48957"}],"wp:attachment":[{"href":"https:\/\/dutchmicrodosing.com\/es\/wp-json\/wp\/v2\/media?parent=48963"}],"wp:term":[{"taxonomy":"product_brand","embeddable":true,"href":"https:\/\/dutchmicrodosing.com\/es\/wp-json\/wp\/v2\/product_brand?post=48963"},{"taxonomy":"product_cat","embeddable":true,"href":"https:\/\/dutchmicrodosing.com\/es\/wp-json\/wp\/v2\/product_cat?post=48963"},{"taxonomy":"product_tag","embeddable":true,"href":"https:\/\/dutchmicrodosing.com\/es\/wp-json\/wp\/v2\/product_tag?post=48963"}],"curies":[{"name":"wp","href":"https:\/\/api.w.org\/{rel}","templated":true}]}}