{"id":48995,"date":"2025-06-20T13:00:10","date_gmt":"2025-06-20T11:00:10","guid":{"rendered":"https:\/\/dutchmicrodosing.com\/shop\/sin%20categor\u00eda\/thai-kratom-red\/"},"modified":"2025-08-02T09:56:50","modified_gmt":"2025-08-02T07:56:50","slug":"thai-kratom-red","status":"publish","type":"product","link":"https:\/\/dutchmicrodosing.com\/es\/hierbas-botanicas\/kratom\/thai-kratom-red\/","title":{"rendered":"Rojo tailand\u00e9s"},"content":{"rendered":"<p data-start=\"126\" data-end=\"613\"><strong data-start=\"126\" data-end=\"166\">El Kratom Rojo Tailand\u00e9s <\/strong>(Mitragyna speciosa) es una hierba potente y relajante que se ha utilizado durante miles de a\u00f1os por sus propiedades medicinales y ligeramente psicod\u00e9licas. Esta variedad roja tailandesa contiene hasta un 66% de mitraginina y m\u00e1s de 25 alcaloides. La especie recibe su nombre de los caracter\u00edsticos tallos y nervaduras rojos de las hojas. El color rojo tambi\u00e9n proporciona una protecci\u00f3n natural contra las influencias externas, lo que hace que esta variedad de kratom sea muy adecuada para el cultivo.<\/p>\n<p data-start=\"615\" data-end=\"883\">El Kratom Rojo Tailand\u00e9s es conocido por sus efectos positivos, calmantes y ligeramente euf\u00f3ricos. Mientras que el kratom tailand\u00e9s blanco es principalmente estimulante y mejora el estado de \u00e1nimo, y la variante verde ofrece un equilibrio entre ambos, la variante roja se centra principalmente en la relajaci\u00f3n.<\/p>\n<h3>Ingredientes<\/h3>\n<p>Kratom Rojo Tailand\u00e9s (Mitragyna Speciosa)<\/p>\n<h3>Efectos<\/h3>\n<p>Potenciador del estado de \u00e1nimo<br \/>\nMuy relajado<br \/>\nCalmante<br \/>\nLigeramente euf\u00f3rico<\/p>\n<h3>Utilice<\/h3>\n<p>El Kratom tailand\u00e9s se puede disolver en agua, se puede hacer t\u00e9 con \u00e9l, y se puede masticar o fumar. Para obtener los mejores resultados, es aconsejable tomar Kratom con el est\u00f3mago vac\u00edo.<\/p>\n<p><strong>Disu\u00e9lvelo en agua<\/strong>:<\/p>\n<p>El kratom tiene un sabor ligeramente amargo y no se disuelve f\u00e1cilmente en agua. Si piensas tomar Kratom con agua, es mejor que primero bebas un sorbo de agua y lo mantengas en la boca. Pon la mitad de la dosis en una cuchara, t\u00f3matela e inmediatamente l\u00e1vate con otro sorbo de agua.<\/p>\n<ul>\n<li>2 gramos: efecto luz<\/li>\n<li>4 gramos: efecto leve<\/li>\n<li>6 gramos: efecto fuerte<\/li>\n<li>8 gramos: efecto muy fuerte<\/li>\n<\/ul>\n<p><strong>Preparar t\u00e9:<\/strong><\/p>\n<p>A\u00f1ade la cantidad deseada de Kratom al agua hirviendo y hierve suavemente durante 10-15 min cerca del punto de ebullici\u00f3n. Pon un colador en una taza y vierte en \u00e9l el t\u00e9 de Kratom directamente desde la cacerola. El residuo del tamiz puede desecharse.<\/p>\n<ul>\n<li>1 gramo: efecto luz<\/li>\n<li>3 gramos: efecto moderado<\/li>\n<li>5 gramos: efecto de normal a fuerte<\/li>\n<li>10 gramos: efecto fuerte<\/li>\n<li>15+ gramos: efecto muy fuerte<\/li>\n<\/ul>\n<h3>Consejos para el almacenamiento<\/h3>\n<p>Guarde este producto en un lugar fresco y oscuro, como un armario de cocina, y fuera del alcance de los ni\u00f1os.<\/p>\n<h3>Contenido<\/h3>\n<p>Kratom Rojo Tailand\u00e9s Mitragyna Speciosa &#8211; 25 o 100 gramos.<\/p>\n<h3>Advertencia<\/h3>\n<p>El kratom puede ser peligroso para la salud si se combina con ciertas drogas, alcohol o con IMAO. \u00bfEst\u00e1 tomando alg\u00fan medicamento? Consulte siempre primero a su m\u00e9dico y lea el prospecto de su medicamento para evitar riesgos para la salud. Tampoco consumas Kratom si est\u00e1s embarazada o en periodo de lactancia. No participes en el tr\u00e1fico cuando lo utilices.<\/p>\n","protected":false},"excerpt":{"rendered":"<p>El Kratom Rojo Tailand\u00e9s (Mitragyna speciosa) es una hierba potente y relajante que se ha utilizado durante miles de a\u00f1os por sus propiedades medicinales y ligeramente psicod\u00e9licas. Esta variedad roja tailandesa contiene hasta un 66% de mitraginina y m\u00e1s de 25 alcaloides. La especie recibe su nombre de los caracter\u00edsticos tallos y nervaduras rojos de [&hellip;]<\/p>\n","protected":false},"featured_media":48989,"comment_status":"closed","ping_status":"closed","template":"","meta":[],"product_brand":[],"product_cat":[418],"product_tag":[],"class_list":{"0":"post-48995","1":"product","2":"type-product","3":"status-publish","4":"has-post-thumbnail","6":"product_cat-kratom","8":"first","9":"instock","10":"taxable","11":"shipping-taxable","12":"purchasable","13":"product-type-variable"},"yoast_head":"<!-- This site is optimized with the Yoast SEO Premium plugin v26.4 (Yoast SEO v27.2) - https:\/\/yoast.com\/product\/yoast-seo-premium-wordpress\/ -->\n<title>Rojo tailand\u00e9s - Dutchmicrodosing<\/title>\n<meta name=\"robots\" content=\"index, follow, max-snippet:-1, max-image-preview:large, max-video-preview:-1\" \/>\n<link rel=\"canonical\" href=\"https:\/\/dutchmicrodosing.com\/es\/hierbas-botanicas\/kratom\/thai-kratom-red\/\" \/>\n<meta property=\"og:locale\" content=\"es_ES\" \/>\n<meta property=\"og:type\" content=\"article\" \/>\n<meta property=\"og:title\" content=\"Rojo tailand\u00e9s\" \/>\n<meta property=\"og:description\" content=\"El Kratom Rojo Tailand\u00e9s (Mitragyna speciosa) es una hierba potente y relajante que se ha utilizado durante miles de a\u00f1os por sus propiedades medicinales\" \/>\n<meta property=\"og:url\" content=\"https:\/\/dutchmicrodosing.com\/es\/hierbas-botanicas\/kratom\/thai-kratom-red\/\" \/>\n<meta property=\"og:site_name\" content=\"Dutchmicrodosing\" \/>\n<meta property=\"article:publisher\" content=\"https:\/\/www.facebook.com\/Dutchmicrodosingxp\/\" \/>\n<meta property=\"article:modified_time\" content=\"2025-08-02T07:56:50+00:00\" \/>\n<meta property=\"og:image\" content=\"https:\/\/dutchmicrodosing.com\/wp-content\/uploads\/2025\/06\/2701-3607.jpg\" \/>\n\t<meta property=\"og:image:width\" content=\"300\" \/>\n\t<meta property=\"og:image:height\" content=\"300\" \/>\n\t<meta property=\"og:image:type\" content=\"image\/jpeg\" \/>\n<meta name=\"twitter:card\" content=\"summary_large_image\" \/>\n<script type=\"application\/ld+json\" class=\"yoast-schema-graph\">{\"@context\":\"https:\/\/schema.org\",\"@graph\":[{\"@type\":\"WebPage\",\"@id\":\"https:\/\/dutchmicrodosing.com\/es\/hierbas-botanicas\/kratom\/thai-kratom-red\/\",\"url\":\"https:\/\/dutchmicrodosing.com\/es\/hierbas-botanicas\/kratom\/thai-kratom-red\/\",\"name\":\"Rojo tailand\u00e9s - Dutchmicrodosing\",\"isPartOf\":{\"@id\":\"https:\/\/dutchmicrodosing.com\/es\/#website\"},\"primaryImageOfPage\":{\"@id\":\"https:\/\/dutchmicrodosing.com\/es\/hierbas-botanicas\/kratom\/thai-kratom-red\/#primaryimage\"},\"image\":{\"@id\":\"https:\/\/dutchmicrodosing.com\/es\/hierbas-botanicas\/kratom\/thai-kratom-red\/#primaryimage\"},\"thumbnailUrl\":\"https:\/\/dutchmicrodosing.com\/wp-content\/uploads\/2025\/06\/2701-3607.jpg\",\"datePublished\":\"2025-06-20T11:00:10+00:00\",\"dateModified\":\"2025-08-02T07:56:50+00:00\",\"breadcrumb\":{\"@id\":\"https:\/\/dutchmicrodosing.com\/es\/hierbas-botanicas\/kratom\/thai-kratom-red\/#breadcrumb\"},\"inLanguage\":\"es\",\"potentialAction\":[{\"@type\":\"ReadAction\",\"target\":[\"https:\/\/dutchmicrodosing.com\/es\/hierbas-botanicas\/kratom\/thai-kratom-red\/\"]}]},{\"@type\":\"ImageObject\",\"inLanguage\":\"es\",\"@id\":\"https:\/\/dutchmicrodosing.com\/es\/hierbas-botanicas\/kratom\/thai-kratom-red\/#primaryimage\",\"url\":\"https:\/\/dutchmicrodosing.com\/wp-content\/uploads\/2025\/06\/2701-3607.jpg\",\"contentUrl\":\"https:\/\/dutchmicrodosing.com\/wp-content\/uploads\/2025\/06\/2701-3607.jpg\",\"width\":300,\"height\":300},{\"@type\":\"BreadcrumbList\",\"@id\":\"https:\/\/dutchmicrodosing.com\/es\/hierbas-botanicas\/kratom\/thai-kratom-red\/#breadcrumb\",\"itemListElement\":[{\"@type\":\"ListItem\",\"position\":1,\"name\":\"Home\",\"item\":\"https:\/\/dutchmicrodosing.com\/es\/\"},{\"@type\":\"ListItem\",\"position\":2,\"name\":\"Tienda\",\"item\":\"https:\/\/dutchmicrodosing.com\/es\/tienda\/\"},{\"@type\":\"ListItem\",\"position\":3,\"name\":\"Rojo tailand\u00e9s\"}]},{\"@type\":\"WebSite\",\"@id\":\"https:\/\/dutchmicrodosing.com\/es\/#website\",\"url\":\"https:\/\/dutchmicrodosing.com\/es\/\",\"name\":\"Dutchmicrodosing\",\"description\":\"\",\"publisher\":{\"@id\":\"https:\/\/dutchmicrodosing.com\/es\/#organization\"},\"potentialAction\":[{\"@type\":\"SearchAction\",\"target\":{\"@type\":\"EntryPoint\",\"urlTemplate\":\"https:\/\/dutchmicrodosing.com\/es\/?s={search_term_string}\"},\"query-input\":{\"@type\":\"PropertyValueSpecification\",\"valueRequired\":true,\"valueName\":\"search_term_string\"}}],\"inLanguage\":\"es\"},{\"@type\":\"Organization\",\"@id\":\"https:\/\/dutchmicrodosing.com\/es\/#organization\",\"name\":\"Dutchmicrodosing\",\"url\":\"https:\/\/dutchmicrodosing.com\/es\/\",\"logo\":{\"@type\":\"ImageObject\",\"inLanguage\":\"es\",\"@id\":\"https:\/\/dutchmicrodosing.com\/es\/#\/schema\/logo\/image\/\",\"url\":\"https:\/\/dutchmicrodosing.com\/wp-content\/uploads\/2021\/01\/microdosing-categorie-pic-nieuw.jpg\",\"contentUrl\":\"https:\/\/dutchmicrodosing.com\/wp-content\/uploads\/2021\/01\/microdosing-categorie-pic-nieuw.jpg\",\"width\":500,\"height\":500,\"caption\":\"Dutchmicrodosing\"},\"image\":{\"@id\":\"https:\/\/dutchmicrodosing.com\/es\/#\/schema\/logo\/image\/\"},\"sameAs\":[\"https:\/\/www.facebook.com\/Dutchmicrodosingxp\/\",\"https:\/\/www.instagram.com\/dutchmicrodosing\/\"]}]}<\/script>\n<meta property=\"og:availability\" content=\"instock\" \/>\n<meta property=\"product:availability\" content=\"instock\" \/>\n<meta property=\"product:condition\" content=\"new\" \/>\n<!-- \/ Yoast SEO Premium plugin. -->","yoast_head_json":{"title":"Rojo tailand\u00e9s - Dutchmicrodosing","robots":{"index":"index","follow":"follow","max-snippet":"max-snippet:-1","max-image-preview":"max-image-preview:large","max-video-preview":"max-video-preview:-1"},"canonical":"https:\/\/dutchmicrodosing.com\/es\/hierbas-botanicas\/kratom\/thai-kratom-red\/","og_locale":"es_ES","og_type":"article","og_title":"Rojo tailand\u00e9s","og_description":"El Kratom Rojo Tailand\u00e9s (Mitragyna speciosa) es una hierba potente y relajante que se ha utilizado durante miles de a\u00f1os por sus propiedades medicinales","og_url":"https:\/\/dutchmicrodosing.com\/es\/hierbas-botanicas\/kratom\/thai-kratom-red\/","og_site_name":"Dutchmicrodosing","article_publisher":"https:\/\/www.facebook.com\/Dutchmicrodosingxp\/","article_modified_time":"2025-08-02T07:56:50+00:00","og_image":[{"width":300,"height":300,"url":"https:\/\/dutchmicrodosing.com\/wp-content\/uploads\/2025\/06\/2701-3607.jpg","type":"image\/jpeg"}],"twitter_card":"summary_large_image","schema":{"@context":"https:\/\/schema.org","@graph":[{"@type":"WebPage","@id":"https:\/\/dutchmicrodosing.com\/es\/hierbas-botanicas\/kratom\/thai-kratom-red\/","url":"https:\/\/dutchmicrodosing.com\/es\/hierbas-botanicas\/kratom\/thai-kratom-red\/","name":"Rojo tailand\u00e9s - Dutchmicrodosing","isPartOf":{"@id":"https:\/\/dutchmicrodosing.com\/es\/#website"},"primaryImageOfPage":{"@id":"https:\/\/dutchmicrodosing.com\/es\/hierbas-botanicas\/kratom\/thai-kratom-red\/#primaryimage"},"image":{"@id":"https:\/\/dutchmicrodosing.com\/es\/hierbas-botanicas\/kratom\/thai-kratom-red\/#primaryimage"},"thumbnailUrl":"https:\/\/dutchmicrodosing.com\/wp-content\/uploads\/2025\/06\/2701-3607.jpg","datePublished":"2025-06-20T11:00:10+00:00","dateModified":"2025-08-02T07:56:50+00:00","breadcrumb":{"@id":"https:\/\/dutchmicrodosing.com\/es\/hierbas-botanicas\/kratom\/thai-kratom-red\/#breadcrumb"},"inLanguage":"es","potentialAction":[{"@type":"ReadAction","target":["https:\/\/dutchmicrodosing.com\/es\/hierbas-botanicas\/kratom\/thai-kratom-red\/"]}]},{"@type":"ImageObject","inLanguage":"es","@id":"https:\/\/dutchmicrodosing.com\/es\/hierbas-botanicas\/kratom\/thai-kratom-red\/#primaryimage","url":"https:\/\/dutchmicrodosing.com\/wp-content\/uploads\/2025\/06\/2701-3607.jpg","contentUrl":"https:\/\/dutchmicrodosing.com\/wp-content\/uploads\/2025\/06\/2701-3607.jpg","width":300,"height":300},{"@type":"BreadcrumbList","@id":"https:\/\/dutchmicrodosing.com\/es\/hierbas-botanicas\/kratom\/thai-kratom-red\/#breadcrumb","itemListElement":[{"@type":"ListItem","position":1,"name":"Home","item":"https:\/\/dutchmicrodosing.com\/es\/"},{"@type":"ListItem","position":2,"name":"Tienda","item":"https:\/\/dutchmicrodosing.com\/es\/tienda\/"},{"@type":"ListItem","position":3,"name":"Rojo tailand\u00e9s"}]},{"@type":"WebSite","@id":"https:\/\/dutchmicrodosing.com\/es\/#website","url":"https:\/\/dutchmicrodosing.com\/es\/","name":"Dutchmicrodosing","description":"","publisher":{"@id":"https:\/\/dutchmicrodosing.com\/es\/#organization"},"potentialAction":[{"@type":"SearchAction","target":{"@type":"EntryPoint","urlTemplate":"https:\/\/dutchmicrodosing.com\/es\/?s={search_term_string}"},"query-input":{"@type":"PropertyValueSpecification","valueRequired":true,"valueName":"search_term_string"}}],"inLanguage":"es"},{"@type":"Organization","@id":"https:\/\/dutchmicrodosing.com\/es\/#organization","name":"Dutchmicrodosing","url":"https:\/\/dutchmicrodosing.com\/es\/","logo":{"@type":"ImageObject","inLanguage":"es","@id":"https:\/\/dutchmicrodosing.com\/es\/#\/schema\/logo\/image\/","url":"https:\/\/dutchmicrodosing.com\/wp-content\/uploads\/2021\/01\/microdosing-categorie-pic-nieuw.jpg","contentUrl":"https:\/\/dutchmicrodosing.com\/wp-content\/uploads\/2021\/01\/microdosing-categorie-pic-nieuw.jpg","width":500,"height":500,"caption":"Dutchmicrodosing"},"image":{"@id":"https:\/\/dutchmicrodosing.com\/es\/#\/schema\/logo\/image\/"},"sameAs":["https:\/\/www.facebook.com\/Dutchmicrodosingxp\/","https:\/\/www.instagram.com\/dutchmicrodosing\/"]}]},"og_availability":"instock","product_availability":"instock","product_condition":"new"},"_links":{"self":[{"href":"https:\/\/dutchmicrodosing.com\/es\/wp-json\/wp\/v2\/product\/48995","targetHints":{"allow":["GET"]}}],"collection":[{"href":"https:\/\/dutchmicrodosing.com\/es\/wp-json\/wp\/v2\/product"}],"about":[{"href":"https:\/\/dutchmicrodosing.com\/es\/wp-json\/wp\/v2\/types\/product"}],"replies":[{"embeddable":true,"href":"https:\/\/dutchmicrodosing.com\/es\/wp-json\/wp\/v2\/comments?post=48995"}],"version-history":[{"count":0,"href":"https:\/\/dutchmicrodosing.com\/es\/wp-json\/wp\/v2\/product\/48995\/revisions"}],"wp:featuredmedia":[{"embeddable":true,"href":"https:\/\/dutchmicrodosing.com\/es\/wp-json\/wp\/v2\/media\/48989"}],"wp:attachment":[{"href":"https:\/\/dutchmicrodosing.com\/es\/wp-json\/wp\/v2\/media?parent=48995"}],"wp:term":[{"taxonomy":"product_brand","embeddable":true,"href":"https:\/\/dutchmicrodosing.com\/es\/wp-json\/wp\/v2\/product_brand?post=48995"},{"taxonomy":"product_cat","embeddable":true,"href":"https:\/\/dutchmicrodosing.com\/es\/wp-json\/wp\/v2\/product_cat?post=48995"},{"taxonomy":"product_tag","embeddable":true,"href":"https:\/\/dutchmicrodosing.com\/es\/wp-json\/wp\/v2\/product_tag?post=48995"}],"curies":[{"name":"wp","href":"https:\/\/api.w.org\/{rel}","templated":true}]}}