{"id":49109,"date":"2025-06-23T11:00:30","date_gmt":"2025-06-23T09:00:30","guid":{"rendered":"https:\/\/dutchmicrodosing.com\/shop\/sin%20categor\u00eda\/borneo-green\/"},"modified":"2025-07-31T13:06:34","modified_gmt":"2025-07-31T11:06:34","slug":"borneo-green","status":"publish","type":"product","link":"https:\/\/dutchmicrodosing.com\/es\/hierbas-botanicas\/kratom\/borneo-green\/","title":{"rendered":"Verde Borneo"},"content":{"rendered":"<p>El Kratom <strong>Verde de Borneo <\/strong>procede de la isla tropical de Borneo, un oasis verde donde el \u00e1rbol Mitragyna Speciosa crece en abundancia. Gracias al clima h\u00famedo y al rico suelo selv\u00e1tico, este \u00e1rbol desarrolla hojas robustas apreciadas desde hace generaciones.<\/p>\n<h3>Caracter\u00edsticas<\/h3>\n<ul>\n<li>Originaria de la selva tropical de Borneo<\/li>\n<li>Acci\u00f3n sutil y equilibrada<\/li>\n<li>A menudo apreciado por su car\u00e1cter suave y agradable<\/li>\n<li>Adecuado para varios tipos de preparaci\u00f3n<\/li>\n<\/ul>\n<h3>Ingredientes y\/o composici\u00f3n<\/h3>\n<p>100% hojas molidas del \u00e1rbol Mitragyna Speciosa (Vena Verde)<\/p>\n<h3>Utilice<\/h3>\n<p>El Kratom verde de Borneo puede utilizarse de varias maneras. Tradicionalmente, las hojas molidas se mezclan con una bebida caliente como t\u00e9, caf\u00e9 o incluso se incorporan a un batido. Para un sabor m\u00e1s agradable, puedes a\u00f1adir un poco de miel. La dosis habitual oscila entre 1 y 4 gramos. El efecto suele comenzar al cabo de 30 a 60 minutos y puede durar varias horas. Empiece siempre con una dosis baja para explorar la sensibilidad personal.<\/p>\n<h3>Contenido<\/h3>\n<p>Disponible en envases de 25, 100 o 1.000 gramos.<\/p>\n<h3>Descargo de responsabilidad<\/h3>\n<p><em>El contenido de este texto es meramente informativo y no sustituye al asesoramiento profesional. Este producto no es un medicamento y no est\u00e1 destinado a diagnosticar, tratar o curar ninguna afecci\u00f3n m\u00e9dica. Consulta a un especialista cualquier duda espec\u00edfica sobre el uso de este producto. Algunos estudios cient\u00edficos sobre los efectos de este producto a\u00fan est\u00e1n en curso y no todas las afirmaciones se han confirmado definitivamente.<\/em><\/p>\n","protected":false},"excerpt":{"rendered":"<p>El Kratom Verde de Borneo procede de la isla tropical de Borneo, un oasis verde donde el \u00e1rbol Mitragyna Speciosa crece en abundancia. Gracias al clima h\u00famedo y al rico suelo selv\u00e1tico, este \u00e1rbol desarrolla hojas robustas apreciadas desde hace generaciones. Caracter\u00edsticas Originaria de la selva tropical de Borneo Acci\u00f3n sutil y equilibrada A menudo [&hellip;]<\/p>\n","protected":false},"featured_media":49101,"comment_status":"closed","ping_status":"closed","template":"","meta":[],"product_brand":[],"product_cat":[418],"product_tag":[],"class_list":{"0":"post-49109","1":"product","2":"type-product","3":"status-publish","4":"has-post-thumbnail","6":"product_cat-kratom","8":"first","9":"instock","10":"taxable","11":"shipping-taxable","12":"purchasable","13":"product-type-variable"},"yoast_head":"<!-- This site is optimized with the Yoast SEO Premium plugin v26.4 (Yoast SEO v27.2) - https:\/\/yoast.com\/product\/yoast-seo-premium-wordpress\/ -->\n<title>Verde Borneo - Dutchmicrodosing<\/title>\n<meta name=\"description\" content=\"Descubra Borneo Green Kratom, una variedad de kratom natural de la isla de Borneo con un efecto suave y equilibrado. Disponible en 25, 100 o 1000 gramos.\" \/>\n<meta name=\"robots\" content=\"index, follow, max-snippet:-1, max-image-preview:large, max-video-preview:-1\" \/>\n<link rel=\"canonical\" href=\"https:\/\/dutchmicrodosing.com\/es\/hierbas-botanicas\/kratom\/borneo-green\/\" \/>\n<meta property=\"og:locale\" content=\"es_ES\" \/>\n<meta property=\"og:type\" content=\"article\" \/>\n<meta property=\"og:title\" content=\"Verde Borneo\" \/>\n<meta property=\"og:description\" content=\"El Kratom Verde de Borneo procede de la isla tropical de Borneo, un oasis verde donde el \u00e1rbol Mitragyna Speciosa crece en abundancia. Gracias al clima\" \/>\n<meta property=\"og:url\" content=\"https:\/\/dutchmicrodosing.com\/es\/hierbas-botanicas\/kratom\/borneo-green\/\" \/>\n<meta property=\"og:site_name\" content=\"Dutchmicrodosing\" \/>\n<meta property=\"article:publisher\" content=\"https:\/\/www.facebook.com\/Dutchmicrodosingxp\/\" \/>\n<meta property=\"article:modified_time\" content=\"2025-07-31T11:06:34+00:00\" \/>\n<meta property=\"og:image\" content=\"https:\/\/dutchmicrodosing.com\/wp-content\/uploads\/2025\/06\/3275-3596.jpg\" \/>\n\t<meta property=\"og:image:width\" content=\"300\" \/>\n\t<meta property=\"og:image:height\" content=\"300\" \/>\n\t<meta property=\"og:image:type\" content=\"image\/jpeg\" \/>\n<meta name=\"twitter:card\" content=\"summary_large_image\" \/>\n<script type=\"application\/ld+json\" class=\"yoast-schema-graph\">{\"@context\":\"https:\/\/schema.org\",\"@graph\":[{\"@type\":\"WebPage\",\"@id\":\"https:\/\/dutchmicrodosing.com\/es\/hierbas-botanicas\/kratom\/borneo-green\/\",\"url\":\"https:\/\/dutchmicrodosing.com\/es\/hierbas-botanicas\/kratom\/borneo-green\/\",\"name\":\"Verde Borneo - Dutchmicrodosing\",\"isPartOf\":{\"@id\":\"https:\/\/dutchmicrodosing.com\/es\/#website\"},\"primaryImageOfPage\":{\"@id\":\"https:\/\/dutchmicrodosing.com\/es\/hierbas-botanicas\/kratom\/borneo-green\/#primaryimage\"},\"image\":{\"@id\":\"https:\/\/dutchmicrodosing.com\/es\/hierbas-botanicas\/kratom\/borneo-green\/#primaryimage\"},\"thumbnailUrl\":\"https:\/\/dutchmicrodosing.com\/wp-content\/uploads\/2025\/06\/3275-3596.jpg\",\"datePublished\":\"2025-06-23T09:00:30+00:00\",\"dateModified\":\"2025-07-31T11:06:34+00:00\",\"description\":\"Descubra Borneo Green Kratom, una variedad de kratom natural de la isla de Borneo con un efecto suave y equilibrado. Disponible en 25, 100 o 1000 gramos.\",\"breadcrumb\":{\"@id\":\"https:\/\/dutchmicrodosing.com\/es\/hierbas-botanicas\/kratom\/borneo-green\/#breadcrumb\"},\"inLanguage\":\"es\",\"potentialAction\":[{\"@type\":\"ReadAction\",\"target\":[\"https:\/\/dutchmicrodosing.com\/es\/hierbas-botanicas\/kratom\/borneo-green\/\"]}]},{\"@type\":\"ImageObject\",\"inLanguage\":\"es\",\"@id\":\"https:\/\/dutchmicrodosing.com\/es\/hierbas-botanicas\/kratom\/borneo-green\/#primaryimage\",\"url\":\"https:\/\/dutchmicrodosing.com\/wp-content\/uploads\/2025\/06\/3275-3596.jpg\",\"contentUrl\":\"https:\/\/dutchmicrodosing.com\/wp-content\/uploads\/2025\/06\/3275-3596.jpg\",\"width\":300,\"height\":300},{\"@type\":\"BreadcrumbList\",\"@id\":\"https:\/\/dutchmicrodosing.com\/es\/hierbas-botanicas\/kratom\/borneo-green\/#breadcrumb\",\"itemListElement\":[{\"@type\":\"ListItem\",\"position\":1,\"name\":\"Home\",\"item\":\"https:\/\/dutchmicrodosing.com\/es\/\"},{\"@type\":\"ListItem\",\"position\":2,\"name\":\"Tienda\",\"item\":\"https:\/\/dutchmicrodosing.com\/es\/tienda\/\"},{\"@type\":\"ListItem\",\"position\":3,\"name\":\"Verde Borneo\"}]},{\"@type\":\"WebSite\",\"@id\":\"https:\/\/dutchmicrodosing.com\/es\/#website\",\"url\":\"https:\/\/dutchmicrodosing.com\/es\/\",\"name\":\"Dutchmicrodosing\",\"description\":\"\",\"publisher\":{\"@id\":\"https:\/\/dutchmicrodosing.com\/es\/#organization\"},\"potentialAction\":[{\"@type\":\"SearchAction\",\"target\":{\"@type\":\"EntryPoint\",\"urlTemplate\":\"https:\/\/dutchmicrodosing.com\/es\/?s={search_term_string}\"},\"query-input\":{\"@type\":\"PropertyValueSpecification\",\"valueRequired\":true,\"valueName\":\"search_term_string\"}}],\"inLanguage\":\"es\"},{\"@type\":\"Organization\",\"@id\":\"https:\/\/dutchmicrodosing.com\/es\/#organization\",\"name\":\"Dutchmicrodosing\",\"url\":\"https:\/\/dutchmicrodosing.com\/es\/\",\"logo\":{\"@type\":\"ImageObject\",\"inLanguage\":\"es\",\"@id\":\"https:\/\/dutchmicrodosing.com\/es\/#\/schema\/logo\/image\/\",\"url\":\"https:\/\/dutchmicrodosing.com\/wp-content\/uploads\/2021\/01\/microdosing-categorie-pic-nieuw.jpg\",\"contentUrl\":\"https:\/\/dutchmicrodosing.com\/wp-content\/uploads\/2021\/01\/microdosing-categorie-pic-nieuw.jpg\",\"width\":500,\"height\":500,\"caption\":\"Dutchmicrodosing\"},\"image\":{\"@id\":\"https:\/\/dutchmicrodosing.com\/es\/#\/schema\/logo\/image\/\"},\"sameAs\":[\"https:\/\/www.facebook.com\/Dutchmicrodosingxp\/\",\"https:\/\/www.instagram.com\/dutchmicrodosing\/\"]}]}<\/script>\n<meta property=\"og:availability\" content=\"instock\" \/>\n<meta property=\"product:availability\" content=\"instock\" \/>\n<meta property=\"product:condition\" content=\"new\" \/>\n<!-- \/ Yoast SEO Premium plugin. -->","yoast_head_json":{"title":"Verde Borneo - Dutchmicrodosing","description":"Descubra Borneo Green Kratom, una variedad de kratom natural de la isla de Borneo con un efecto suave y equilibrado. Disponible en 25, 100 o 1000 gramos.","robots":{"index":"index","follow":"follow","max-snippet":"max-snippet:-1","max-image-preview":"max-image-preview:large","max-video-preview":"max-video-preview:-1"},"canonical":"https:\/\/dutchmicrodosing.com\/es\/hierbas-botanicas\/kratom\/borneo-green\/","og_locale":"es_ES","og_type":"article","og_title":"Verde Borneo","og_description":"El Kratom Verde de Borneo procede de la isla tropical de Borneo, un oasis verde donde el \u00e1rbol Mitragyna Speciosa crece en abundancia. Gracias al clima","og_url":"https:\/\/dutchmicrodosing.com\/es\/hierbas-botanicas\/kratom\/borneo-green\/","og_site_name":"Dutchmicrodosing","article_publisher":"https:\/\/www.facebook.com\/Dutchmicrodosingxp\/","article_modified_time":"2025-07-31T11:06:34+00:00","og_image":[{"width":300,"height":300,"url":"https:\/\/dutchmicrodosing.com\/wp-content\/uploads\/2025\/06\/3275-3596.jpg","type":"image\/jpeg"}],"twitter_card":"summary_large_image","schema":{"@context":"https:\/\/schema.org","@graph":[{"@type":"WebPage","@id":"https:\/\/dutchmicrodosing.com\/es\/hierbas-botanicas\/kratom\/borneo-green\/","url":"https:\/\/dutchmicrodosing.com\/es\/hierbas-botanicas\/kratom\/borneo-green\/","name":"Verde Borneo - Dutchmicrodosing","isPartOf":{"@id":"https:\/\/dutchmicrodosing.com\/es\/#website"},"primaryImageOfPage":{"@id":"https:\/\/dutchmicrodosing.com\/es\/hierbas-botanicas\/kratom\/borneo-green\/#primaryimage"},"image":{"@id":"https:\/\/dutchmicrodosing.com\/es\/hierbas-botanicas\/kratom\/borneo-green\/#primaryimage"},"thumbnailUrl":"https:\/\/dutchmicrodosing.com\/wp-content\/uploads\/2025\/06\/3275-3596.jpg","datePublished":"2025-06-23T09:00:30+00:00","dateModified":"2025-07-31T11:06:34+00:00","description":"Descubra Borneo Green Kratom, una variedad de kratom natural de la isla de Borneo con un efecto suave y equilibrado. Disponible en 25, 100 o 1000 gramos.","breadcrumb":{"@id":"https:\/\/dutchmicrodosing.com\/es\/hierbas-botanicas\/kratom\/borneo-green\/#breadcrumb"},"inLanguage":"es","potentialAction":[{"@type":"ReadAction","target":["https:\/\/dutchmicrodosing.com\/es\/hierbas-botanicas\/kratom\/borneo-green\/"]}]},{"@type":"ImageObject","inLanguage":"es","@id":"https:\/\/dutchmicrodosing.com\/es\/hierbas-botanicas\/kratom\/borneo-green\/#primaryimage","url":"https:\/\/dutchmicrodosing.com\/wp-content\/uploads\/2025\/06\/3275-3596.jpg","contentUrl":"https:\/\/dutchmicrodosing.com\/wp-content\/uploads\/2025\/06\/3275-3596.jpg","width":300,"height":300},{"@type":"BreadcrumbList","@id":"https:\/\/dutchmicrodosing.com\/es\/hierbas-botanicas\/kratom\/borneo-green\/#breadcrumb","itemListElement":[{"@type":"ListItem","position":1,"name":"Home","item":"https:\/\/dutchmicrodosing.com\/es\/"},{"@type":"ListItem","position":2,"name":"Tienda","item":"https:\/\/dutchmicrodosing.com\/es\/tienda\/"},{"@type":"ListItem","position":3,"name":"Verde Borneo"}]},{"@type":"WebSite","@id":"https:\/\/dutchmicrodosing.com\/es\/#website","url":"https:\/\/dutchmicrodosing.com\/es\/","name":"Dutchmicrodosing","description":"","publisher":{"@id":"https:\/\/dutchmicrodosing.com\/es\/#organization"},"potentialAction":[{"@type":"SearchAction","target":{"@type":"EntryPoint","urlTemplate":"https:\/\/dutchmicrodosing.com\/es\/?s={search_term_string}"},"query-input":{"@type":"PropertyValueSpecification","valueRequired":true,"valueName":"search_term_string"}}],"inLanguage":"es"},{"@type":"Organization","@id":"https:\/\/dutchmicrodosing.com\/es\/#organization","name":"Dutchmicrodosing","url":"https:\/\/dutchmicrodosing.com\/es\/","logo":{"@type":"ImageObject","inLanguage":"es","@id":"https:\/\/dutchmicrodosing.com\/es\/#\/schema\/logo\/image\/","url":"https:\/\/dutchmicrodosing.com\/wp-content\/uploads\/2021\/01\/microdosing-categorie-pic-nieuw.jpg","contentUrl":"https:\/\/dutchmicrodosing.com\/wp-content\/uploads\/2021\/01\/microdosing-categorie-pic-nieuw.jpg","width":500,"height":500,"caption":"Dutchmicrodosing"},"image":{"@id":"https:\/\/dutchmicrodosing.com\/es\/#\/schema\/logo\/image\/"},"sameAs":["https:\/\/www.facebook.com\/Dutchmicrodosingxp\/","https:\/\/www.instagram.com\/dutchmicrodosing\/"]}]},"og_availability":"instock","product_availability":"instock","product_condition":"new"},"_links":{"self":[{"href":"https:\/\/dutchmicrodosing.com\/es\/wp-json\/wp\/v2\/product\/49109","targetHints":{"allow":["GET"]}}],"collection":[{"href":"https:\/\/dutchmicrodosing.com\/es\/wp-json\/wp\/v2\/product"}],"about":[{"href":"https:\/\/dutchmicrodosing.com\/es\/wp-json\/wp\/v2\/types\/product"}],"replies":[{"embeddable":true,"href":"https:\/\/dutchmicrodosing.com\/es\/wp-json\/wp\/v2\/comments?post=49109"}],"version-history":[{"count":0,"href":"https:\/\/dutchmicrodosing.com\/es\/wp-json\/wp\/v2\/product\/49109\/revisions"}],"wp:featuredmedia":[{"embeddable":true,"href":"https:\/\/dutchmicrodosing.com\/es\/wp-json\/wp\/v2\/media\/49101"}],"wp:attachment":[{"href":"https:\/\/dutchmicrodosing.com\/es\/wp-json\/wp\/v2\/media?parent=49109"}],"wp:term":[{"taxonomy":"product_brand","embeddable":true,"href":"https:\/\/dutchmicrodosing.com\/es\/wp-json\/wp\/v2\/product_brand?post=49109"},{"taxonomy":"product_cat","embeddable":true,"href":"https:\/\/dutchmicrodosing.com\/es\/wp-json\/wp\/v2\/product_cat?post=49109"},{"taxonomy":"product_tag","embeddable":true,"href":"https:\/\/dutchmicrodosing.com\/es\/wp-json\/wp\/v2\/product_tag?post=49109"}],"curies":[{"name":"wp","href":"https:\/\/api.w.org\/{rel}","templated":true}]}}