{"id":50376,"date":"2025-07-04T15:12:09","date_gmt":"2025-07-04T13:12:09","guid":{"rendered":"https:\/\/dutchmicrodosing.com\/shop\/sin%20categor\u00eda\/royale-flush-golden-bluey-vuitton-growkit\/"},"modified":"2025-11-13T14:47:49","modified_gmt":"2025-11-13T13:47:49","slug":"royale-flush-golden-bluey-vuitton-growkit","status":"publish","type":"product","link":"https:\/\/dutchmicrodosing.com\/es\/setas-alucinogenas\/especiales-growkit\/royale-flush-golden-bluey-vuitton-growkit\/","title":{"rendered":"Kit de cultivo Royale Flush Golden Bluey Vuitton"},"content":{"rendered":"<p>El <strong>Kit de Cultivo Royale Flush Golden Bluey Vuitton<\/strong> es la elecci\u00f3n correcta para aquellos que buscan una experiencia de cultivo de setas m\u00e1gicas extraordinaria con el m\u00ednimo esfuerzo. Gracias a la combinaci\u00f3n de gen\u00e9tica exclusiva y t\u00e9cnica de cultivo avanzada, este kit es perfecto tanto para usuarios principiantes como para cultivadores experimentados que valoran la calidad y la comodidad.<\/p>\n<h3>Variedad rara con propiedades llamativas<\/h3>\n<p>La Golden Bluey Vuitton surgi\u00f3 de una mutaci\u00f3n \u00fanica de la Bluey Vuitton original. Lo que hace que esta variedad sea tan especial son las esporas doradas extremadamente raras, una caracter\u00edstica que apenas se encuentra en todo el mundo. La potente combinaci\u00f3n gen\u00e9tica de Panam\u00e1 y MVP garantiza un ciclo de crecimiento fiable y robusto.<\/p>\n<h3>Cultivo sin complicaciones gracias a innovaciones inteligentes<\/h3>\n<p>Este kit de cultivo est\u00e1 dise\u00f1ado para que el cultivo sea sencillo y eficaz. El sustrato contiene todos los nutrientes esenciales, y con el flush booster y el hidrogel incluidos, tienes todo lo que necesitas para un cultivo exitoso. El manual multiling\u00fce, con fotos y v\u00eddeos claros, te gu\u00eda paso a paso, independientemente de tu experiencia.<\/p>\n<h3>Caracter\u00edsticas principales<\/h3>\n<ul>\n<li><strong>Rendimiento:<\/strong> de 400 a 800 gramos de setas frescas<\/li>\n<li><strong>Tiempo de crecimiento:<\/strong> aproximadamente de 4 a 5 semanas<\/li>\n<li><strong>Potencia:<\/strong> muy intensa<\/li>\n<li><strong>Caducidad:<\/strong><br \/>\n\u2013 Hasta 6 semanas fuera del frigor\u00edfico (m\u00e1x. 21\u00b0C)<br \/>\n\u2013 Hasta 6 meses en el frigor\u00edfico (\u00b1 3\u00b0C)<\/li>\n<\/ul>\n<h3>\u00bfQu\u00e9 contiene exactamente?<\/h3>\n<p>El kit contiene una mezcla de sustrato totalmente colonizada a base de centeno, vermiculita, perlita y la potente cepa Golden Bluey Vuitton. Todo est\u00e1 listo para usar, para que puedas empezar de inmediato.<\/p>\n<h3>\u00bfC\u00f3mo se usa el kit?<\/h3>\n<p>Coloca el kit de cultivo en la bolsa de cultivo suministrada, mant\u00e9n la humedad y coloca el kit en un lugar c\u00e1lido y luminoso (evita la luz solar directa). Las primeras setas aparecer\u00e1n en dos o tres semanas. Para obtener los mejores resultados, sigue las instrucciones del interior de la caja o cons\u00faltalas online a trav\u00e9s de este <span style=\"color: #0000ff\"><a style=\"text-decoration: underline;color: #0000ff\" href=\"https:\/\/royaleflush.nl\/en\/growguide\/?v=1a13105b7e4e\">enlace<\/a><\/span>.<\/p>\n<h3>Contenido del paquete<\/h3>\n<ul>\n<li>Kit de cultivo de 1200 cc con sustrato totalmente colonizado<\/li>\n<li>Bolsa de cultivo con filtros de aire<\/li>\n<li>Flush booster para un rendimiento extra<\/li>\n<li>Hidrogel para una humedad \u00f3ptima<\/li>\n<li>Manual multiling\u00fce claro con fotos y v\u00eddeos<\/li>\n<\/ul>\n","protected":false},"excerpt":{"rendered":"<p>El Kit de Cultivo Royale Flush Golden Bluey Vuitton es la elecci\u00f3n correcta para aquellos que buscan una experiencia de cultivo de setas m\u00e1gicas extraordinaria con el m\u00ednimo esfuerzo. Gracias a la combinaci\u00f3n de gen\u00e9tica exclusiva y t\u00e9cnica de cultivo avanzada, este kit es perfecto tanto para usuarios principiantes como para cultivadores experimentados que valoran [&hellip;]<\/p>\n","protected":false},"featured_media":50336,"comment_status":"closed","ping_status":"closed","template":"","meta":[],"product_brand":[],"product_cat":[407],"product_tag":[],"class_list":{"0":"post-50376","1":"product","2":"type-product","3":"status-publish","4":"has-post-thumbnail","6":"product_cat-kits-de-cultivo-especiales","8":"first","9":"instock","10":"taxable","11":"shipping-taxable","12":"purchasable","13":"product-type-simple"},"yoast_head":"<!-- This site is optimized with the Yoast SEO Premium plugin v26.4 (Yoast SEO v27.4) - https:\/\/yoast.com\/product\/yoast-seo-premium-wordpress\/ -->\n<title>Kit de cultivo Royale Flush Golden Bluey Vuitton - Dutchmicrodosing<\/title>\n<meta name=\"robots\" content=\"index, follow, max-snippet:-1, max-image-preview:large, max-video-preview:-1\" \/>\n<link rel=\"canonical\" href=\"https:\/\/dutchmicrodosing.com\/es\/setas-alucinogenas\/especiales-growkit\/royale-flush-golden-bluey-vuitton-growkit\/\" \/>\n<meta property=\"og:locale\" content=\"es_ES\" \/>\n<meta property=\"og:type\" content=\"article\" \/>\n<meta property=\"og:title\" content=\"Kit de cultivo Royale Flush Golden Bluey Vuitton\" \/>\n<meta property=\"og:description\" content=\"El Kit de Cultivo Royale Flush Golden Bluey Vuitton es la elecci\u00f3n correcta para aquellos que buscan una experiencia de cultivo de setas m\u00e1gicas\" \/>\n<meta property=\"og:url\" content=\"https:\/\/dutchmicrodosing.com\/es\/setas-alucinogenas\/especiales-growkit\/royale-flush-golden-bluey-vuitton-growkit\/\" \/>\n<meta property=\"og:site_name\" content=\"Dutchmicrodosing\" \/>\n<meta property=\"article:publisher\" content=\"https:\/\/www.facebook.com\/Dutchmicrodosingxp\/\" \/>\n<meta property=\"article:modified_time\" content=\"2025-11-13T13:47:49+00:00\" \/>\n<meta property=\"og:image\" content=\"https:\/\/dutchmicrodosing.com\/wp-content\/uploads\/2025\/07\/edfd04fa-0edb-4ba6-9c25-1345d528c386.jpg\" \/>\n\t<meta property=\"og:image:width\" content=\"600\" \/>\n\t<meta property=\"og:image:height\" content=\"399\" \/>\n\t<meta property=\"og:image:type\" content=\"image\/jpeg\" \/>\n<meta name=\"twitter:card\" content=\"summary_large_image\" \/>\n<script type=\"application\/ld+json\" class=\"yoast-schema-graph\">{\"@context\":\"https:\\\/\\\/schema.org\",\"@graph\":[{\"@type\":\"WebPage\",\"@id\":\"https:\\\/\\\/dutchmicrodosing.com\\\/es\\\/setas-alucinogenas\\\/especiales-growkit\\\/royale-flush-golden-bluey-vuitton-growkit\\\/\",\"url\":\"https:\\\/\\\/dutchmicrodosing.com\\\/es\\\/setas-alucinogenas\\\/especiales-growkit\\\/royale-flush-golden-bluey-vuitton-growkit\\\/\",\"name\":\"Kit de cultivo Royale Flush Golden Bluey Vuitton - Dutchmicrodosing\",\"isPartOf\":{\"@id\":\"https:\\\/\\\/dutchmicrodosing.com\\\/es\\\/#website\"},\"primaryImageOfPage\":{\"@id\":\"https:\\\/\\\/dutchmicrodosing.com\\\/es\\\/setas-alucinogenas\\\/especiales-growkit\\\/royale-flush-golden-bluey-vuitton-growkit\\\/#primaryimage\"},\"image\":{\"@id\":\"https:\\\/\\\/dutchmicrodosing.com\\\/es\\\/setas-alucinogenas\\\/especiales-growkit\\\/royale-flush-golden-bluey-vuitton-growkit\\\/#primaryimage\"},\"thumbnailUrl\":\"https:\\\/\\\/dutchmicrodosing.com\\\/wp-content\\\/uploads\\\/2025\\\/07\\\/edfd04fa-0edb-4ba6-9c25-1345d528c386.jpg\",\"datePublished\":\"2025-07-04T13:12:09+00:00\",\"dateModified\":\"2025-11-13T13:47:49+00:00\",\"breadcrumb\":{\"@id\":\"https:\\\/\\\/dutchmicrodosing.com\\\/es\\\/setas-alucinogenas\\\/especiales-growkit\\\/royale-flush-golden-bluey-vuitton-growkit\\\/#breadcrumb\"},\"inLanguage\":\"es\",\"potentialAction\":[{\"@type\":\"ReadAction\",\"target\":[\"https:\\\/\\\/dutchmicrodosing.com\\\/es\\\/setas-alucinogenas\\\/especiales-growkit\\\/royale-flush-golden-bluey-vuitton-growkit\\\/\"]}]},{\"@type\":\"ImageObject\",\"inLanguage\":\"es\",\"@id\":\"https:\\\/\\\/dutchmicrodosing.com\\\/es\\\/setas-alucinogenas\\\/especiales-growkit\\\/royale-flush-golden-bluey-vuitton-growkit\\\/#primaryimage\",\"url\":\"https:\\\/\\\/dutchmicrodosing.com\\\/wp-content\\\/uploads\\\/2025\\\/07\\\/edfd04fa-0edb-4ba6-9c25-1345d528c386.jpg\",\"contentUrl\":\"https:\\\/\\\/dutchmicrodosing.com\\\/wp-content\\\/uploads\\\/2025\\\/07\\\/edfd04fa-0edb-4ba6-9c25-1345d528c386.jpg\",\"width\":600,\"height\":399},{\"@type\":\"BreadcrumbList\",\"@id\":\"https:\\\/\\\/dutchmicrodosing.com\\\/es\\\/setas-alucinogenas\\\/especiales-growkit\\\/royale-flush-golden-bluey-vuitton-growkit\\\/#breadcrumb\",\"itemListElement\":[{\"@type\":\"ListItem\",\"position\":1,\"name\":\"Home\",\"item\":\"https:\\\/\\\/dutchmicrodosing.com\\\/es\\\/\"},{\"@type\":\"ListItem\",\"position\":2,\"name\":\"Tienda\",\"item\":\"https:\\\/\\\/dutchmicrodosing.com\\\/es\\\/tienda\\\/\"},{\"@type\":\"ListItem\",\"position\":3,\"name\":\"Kit de cultivo Royale Flush Golden Bluey Vuitton\"}]},{\"@type\":\"WebSite\",\"@id\":\"https:\\\/\\\/dutchmicrodosing.com\\\/es\\\/#website\",\"url\":\"https:\\\/\\\/dutchmicrodosing.com\\\/es\\\/\",\"name\":\"Dutchmicrodosing\",\"description\":\"\",\"publisher\":{\"@id\":\"https:\\\/\\\/dutchmicrodosing.com\\\/es\\\/#organization\"},\"potentialAction\":[{\"@type\":\"SearchAction\",\"target\":{\"@type\":\"EntryPoint\",\"urlTemplate\":\"https:\\\/\\\/dutchmicrodosing.com\\\/es\\\/?s={search_term_string}\"},\"query-input\":{\"@type\":\"PropertyValueSpecification\",\"valueRequired\":true,\"valueName\":\"search_term_string\"}}],\"inLanguage\":\"es\"},{\"@type\":\"Organization\",\"@id\":\"https:\\\/\\\/dutchmicrodosing.com\\\/es\\\/#organization\",\"name\":\"Dutchmicrodosing\",\"url\":\"https:\\\/\\\/dutchmicrodosing.com\\\/es\\\/\",\"logo\":{\"@type\":\"ImageObject\",\"inLanguage\":\"es\",\"@id\":\"https:\\\/\\\/dutchmicrodosing.com\\\/es\\\/#\\\/schema\\\/logo\\\/image\\\/\",\"url\":\"https:\\\/\\\/dutchmicrodosing.com\\\/wp-content\\\/uploads\\\/2021\\\/01\\\/microdosing-categorie-pic-nieuw.jpg\",\"contentUrl\":\"https:\\\/\\\/dutchmicrodosing.com\\\/wp-content\\\/uploads\\\/2021\\\/01\\\/microdosing-categorie-pic-nieuw.jpg\",\"width\":500,\"height\":500,\"caption\":\"Dutchmicrodosing\"},\"image\":{\"@id\":\"https:\\\/\\\/dutchmicrodosing.com\\\/es\\\/#\\\/schema\\\/logo\\\/image\\\/\"},\"sameAs\":[\"https:\\\/\\\/www.facebook.com\\\/Dutchmicrodosingxp\\\/\",\"https:\\\/\\\/www.instagram.com\\\/dutchmicrodosing\\\/\"]}]}<\/script>\n<meta property=\"product:price:amount\" content=\"37.50\" \/>\n<meta property=\"product:price:currency\" content=\"EUR\" \/>\n<meta property=\"og:availability\" content=\"instock\" \/>\n<meta property=\"product:availability\" content=\"instock\" \/>\n<meta property=\"product:retailer_item_id\" content=\"5207755\" \/>\n<meta property=\"product:condition\" content=\"new\" \/>\n<!-- \/ Yoast SEO Premium plugin. -->","yoast_head_json":{"title":"Kit de cultivo Royale Flush Golden Bluey Vuitton - Dutchmicrodosing","robots":{"index":"index","follow":"follow","max-snippet":"max-snippet:-1","max-image-preview":"max-image-preview:large","max-video-preview":"max-video-preview:-1"},"canonical":"https:\/\/dutchmicrodosing.com\/es\/setas-alucinogenas\/especiales-growkit\/royale-flush-golden-bluey-vuitton-growkit\/","og_locale":"es_ES","og_type":"article","og_title":"Kit de cultivo Royale Flush Golden Bluey Vuitton","og_description":"El Kit de Cultivo Royale Flush Golden Bluey Vuitton es la elecci\u00f3n correcta para aquellos que buscan una experiencia de cultivo de setas m\u00e1gicas","og_url":"https:\/\/dutchmicrodosing.com\/es\/setas-alucinogenas\/especiales-growkit\/royale-flush-golden-bluey-vuitton-growkit\/","og_site_name":"Dutchmicrodosing","article_publisher":"https:\/\/www.facebook.com\/Dutchmicrodosingxp\/","article_modified_time":"2025-11-13T13:47:49+00:00","og_image":[{"width":600,"height":399,"url":"https:\/\/dutchmicrodosing.com\/wp-content\/uploads\/2025\/07\/edfd04fa-0edb-4ba6-9c25-1345d528c386.jpg","type":"image\/jpeg"}],"twitter_card":"summary_large_image","schema":{"@context":"https:\/\/schema.org","@graph":[{"@type":"WebPage","@id":"https:\/\/dutchmicrodosing.com\/es\/setas-alucinogenas\/especiales-growkit\/royale-flush-golden-bluey-vuitton-growkit\/","url":"https:\/\/dutchmicrodosing.com\/es\/setas-alucinogenas\/especiales-growkit\/royale-flush-golden-bluey-vuitton-growkit\/","name":"Kit de cultivo Royale Flush Golden Bluey Vuitton - Dutchmicrodosing","isPartOf":{"@id":"https:\/\/dutchmicrodosing.com\/es\/#website"},"primaryImageOfPage":{"@id":"https:\/\/dutchmicrodosing.com\/es\/setas-alucinogenas\/especiales-growkit\/royale-flush-golden-bluey-vuitton-growkit\/#primaryimage"},"image":{"@id":"https:\/\/dutchmicrodosing.com\/es\/setas-alucinogenas\/especiales-growkit\/royale-flush-golden-bluey-vuitton-growkit\/#primaryimage"},"thumbnailUrl":"https:\/\/dutchmicrodosing.com\/wp-content\/uploads\/2025\/07\/edfd04fa-0edb-4ba6-9c25-1345d528c386.jpg","datePublished":"2025-07-04T13:12:09+00:00","dateModified":"2025-11-13T13:47:49+00:00","breadcrumb":{"@id":"https:\/\/dutchmicrodosing.com\/es\/setas-alucinogenas\/especiales-growkit\/royale-flush-golden-bluey-vuitton-growkit\/#breadcrumb"},"inLanguage":"es","potentialAction":[{"@type":"ReadAction","target":["https:\/\/dutchmicrodosing.com\/es\/setas-alucinogenas\/especiales-growkit\/royale-flush-golden-bluey-vuitton-growkit\/"]}]},{"@type":"ImageObject","inLanguage":"es","@id":"https:\/\/dutchmicrodosing.com\/es\/setas-alucinogenas\/especiales-growkit\/royale-flush-golden-bluey-vuitton-growkit\/#primaryimage","url":"https:\/\/dutchmicrodosing.com\/wp-content\/uploads\/2025\/07\/edfd04fa-0edb-4ba6-9c25-1345d528c386.jpg","contentUrl":"https:\/\/dutchmicrodosing.com\/wp-content\/uploads\/2025\/07\/edfd04fa-0edb-4ba6-9c25-1345d528c386.jpg","width":600,"height":399},{"@type":"BreadcrumbList","@id":"https:\/\/dutchmicrodosing.com\/es\/setas-alucinogenas\/especiales-growkit\/royale-flush-golden-bluey-vuitton-growkit\/#breadcrumb","itemListElement":[{"@type":"ListItem","position":1,"name":"Home","item":"https:\/\/dutchmicrodosing.com\/es\/"},{"@type":"ListItem","position":2,"name":"Tienda","item":"https:\/\/dutchmicrodosing.com\/es\/tienda\/"},{"@type":"ListItem","position":3,"name":"Kit de cultivo Royale Flush Golden Bluey Vuitton"}]},{"@type":"WebSite","@id":"https:\/\/dutchmicrodosing.com\/es\/#website","url":"https:\/\/dutchmicrodosing.com\/es\/","name":"Dutchmicrodosing","description":"","publisher":{"@id":"https:\/\/dutchmicrodosing.com\/es\/#organization"},"potentialAction":[{"@type":"SearchAction","target":{"@type":"EntryPoint","urlTemplate":"https:\/\/dutchmicrodosing.com\/es\/?s={search_term_string}"},"query-input":{"@type":"PropertyValueSpecification","valueRequired":true,"valueName":"search_term_string"}}],"inLanguage":"es"},{"@type":"Organization","@id":"https:\/\/dutchmicrodosing.com\/es\/#organization","name":"Dutchmicrodosing","url":"https:\/\/dutchmicrodosing.com\/es\/","logo":{"@type":"ImageObject","inLanguage":"es","@id":"https:\/\/dutchmicrodosing.com\/es\/#\/schema\/logo\/image\/","url":"https:\/\/dutchmicrodosing.com\/wp-content\/uploads\/2021\/01\/microdosing-categorie-pic-nieuw.jpg","contentUrl":"https:\/\/dutchmicrodosing.com\/wp-content\/uploads\/2021\/01\/microdosing-categorie-pic-nieuw.jpg","width":500,"height":500,"caption":"Dutchmicrodosing"},"image":{"@id":"https:\/\/dutchmicrodosing.com\/es\/#\/schema\/logo\/image\/"},"sameAs":["https:\/\/www.facebook.com\/Dutchmicrodosingxp\/","https:\/\/www.instagram.com\/dutchmicrodosing\/"]}]},"product_price_amount":"37.50","product_price_currency":"EUR","og_availability":"instock","product_availability":"instock","product_retailer_item_id":"5207755","product_condition":"new"},"_links":{"self":[{"href":"https:\/\/dutchmicrodosing.com\/es\/wp-json\/wp\/v2\/product\/50376","targetHints":{"allow":["GET"]}}],"collection":[{"href":"https:\/\/dutchmicrodosing.com\/es\/wp-json\/wp\/v2\/product"}],"about":[{"href":"https:\/\/dutchmicrodosing.com\/es\/wp-json\/wp\/v2\/types\/product"}],"replies":[{"embeddable":true,"href":"https:\/\/dutchmicrodosing.com\/es\/wp-json\/wp\/v2\/comments?post=50376"}],"version-history":[{"count":1,"href":"https:\/\/dutchmicrodosing.com\/es\/wp-json\/wp\/v2\/product\/50376\/revisions"}],"predecessor-version":[{"id":62137,"href":"https:\/\/dutchmicrodosing.com\/es\/wp-json\/wp\/v2\/product\/50376\/revisions\/62137"}],"wp:featuredmedia":[{"embeddable":true,"href":"https:\/\/dutchmicrodosing.com\/es\/wp-json\/wp\/v2\/media\/50336"}],"wp:attachment":[{"href":"https:\/\/dutchmicrodosing.com\/es\/wp-json\/wp\/v2\/media?parent=50376"}],"wp:term":[{"taxonomy":"product_brand","embeddable":true,"href":"https:\/\/dutchmicrodosing.com\/es\/wp-json\/wp\/v2\/product_brand?post=50376"},{"taxonomy":"product_cat","embeddable":true,"href":"https:\/\/dutchmicrodosing.com\/es\/wp-json\/wp\/v2\/product_cat?post=50376"},{"taxonomy":"product_tag","embeddable":true,"href":"https:\/\/dutchmicrodosing.com\/es\/wp-json\/wp\/v2\/product_tag?post=50376"}],"curies":[{"name":"wp","href":"https:\/\/api.w.org\/{rel}","templated":true}]}}