{"id":50425,"date":"2025-07-07T10:30:58","date_gmt":"2025-07-07T08:30:58","guid":{"rendered":"https:\/\/dutchmicrodosing.com\/shop\/sin%20categor\u00eda\/royale-flush-iceberg-growkit\/"},"modified":"2025-08-18T16:53:18","modified_gmt":"2025-08-18T14:53:18","slug":"royale-flush-iceberg-growkit","status":"publish","type":"product","link":"https:\/\/dutchmicrodosing.com\/es\/setas-alucinogenas\/especiales-growkit\/royale-flush-iceberg-growkit\/","title":{"rendered":"Kit de cultivo Royale Flush Iceberg"},"content":{"rendered":"<p>Con el <strong>Royale Flush Iceberg Growkit<\/strong>, tendr\u00e1 en casa una variedad de setas m\u00e1gica especial y potente. Este kit de cultivo est\u00e1 especialmente desarrollado para un cultivo sencillo y exitoso, independientemente de su experiencia. La Iceberg es una rara variante albina que destaca por su aspecto \u00fanico y es apreciada por sus efectos equilibrados.<\/p>\n<h3>Seta albina especial con crecimiento fiable<\/h3>\n<p>La Iceberg es una variante albina de la Thai Lipa Yai, una especie originaria de Tailandia. Gracias a a\u00f1os de cultivo selectivo, esta variante se ha convertido en una seta consistente con una apariencia impresionante: sombreros p\u00e1lidos y deshilachados con un aspecto casi helado. Una opci\u00f3n popular entre los conocedores de variedades especiales.<\/p>\n<h3>Cultivo f\u00e1cil y sin preocupaciones<\/h3>\n<p>Gracias a la inteligente tecnolog\u00eda de Royale Flush, este kit de cultivo es muy f\u00e1cil de usar. El sustrato est\u00e1 lleno de nutrientes y la base gen\u00e9tica es de primera calidad. Incluso sin experiencia en el cultivo, puede obtener excelentes resultados con este kit. La Iceberg requiere un cuidado m\u00ednimo y ofrece una cosecha abundante.<\/p>\n<h3>Especificaciones importantes<\/h3>\n<ul>\n<li><strong>Rendimiento:<\/strong> 400 &#8211; 800 gramos<\/li>\n<li><strong>Tiempo de crecimiento:<\/strong> de 2 a 3 semanas<\/li>\n<li><strong>Potencia:<\/strong> Media<\/li>\n<li><strong>Caducidad:<\/strong><br \/>\n\u2013 Sin refrigerar: hasta 6 semanas (m\u00e1x. 21 \u00b0C)<br \/>\n\u2013 En el frigor\u00edfico: hasta 6 meses (a 3 \u00b0C)<\/li>\n<\/ul>\n<h3>Ingredientes y composici\u00f3n<\/h3>\n<p>El kit contiene un sustrato completamente desarrollado, compuesto de centeno, perlita, vermiculita y esporas activas de la seta Iceberg. Todo est\u00e1 ya preparado para que pueda empezar directamente.<\/p>\n<h3>Manual del usuario<\/h3>\n<p>Coloque el kit de cultivo en la bolsa de cultivo suministrada y aseg\u00farese de que haya suficiente humedad. Coloque el kit en un lugar luminoso y c\u00e1lido (evite la luz solar directa). Las primeras setas aparecer\u00e1n en 2 o 3 semanas. Para obtener los mejores resultados, siga el manual (incluido o disponible en l\u00ednea a trav\u00e9s de este enlace: <span style=\"text-decoration: underline;color: #0000ff\"><a style=\"color: #0000ff;text-decoration: underline\" href=\"https:\/\/royaleflush.nl\/growguide\/?v=1a13105b7e4e\">Manual<\/a><\/span>) con instrucciones claras y fotos.<\/p>\n<h3>\u00bfQu\u00e9 hay en la caja?<\/h3>\n<ul>\n<li>Kit de cultivo de 1200 cc con sustrato completamente desarrollado<\/li>\n<li>Bolsa de cultivo con filtros de aire<\/li>\n<li>Refuerzo de descarga<\/li>\n<li>Hidrogel para un equilibrio \u00f3ptimo de la humedad<\/li>\n<li>Manual en varios idiomas<\/li>\n<\/ul>\n","protected":false},"excerpt":{"rendered":"<p>Con el Royale Flush Iceberg Growkit, tendr\u00e1 en casa una variedad de setas m\u00e1gica especial y potente. Este kit de cultivo est\u00e1 especialmente desarrollado para un cultivo sencillo y exitoso, independientemente de su experiencia. La Iceberg es una rara variante albina que destaca por su aspecto \u00fanico y es apreciada por sus efectos equilibrados. Seta [&hellip;]<\/p>\n","protected":false},"featured_media":50407,"comment_status":"closed","ping_status":"closed","template":"","meta":[],"product_brand":[],"product_cat":[407],"product_tag":[],"class_list":{"0":"post-50425","1":"product","2":"type-product","3":"status-publish","4":"has-post-thumbnail","6":"product_cat-kits-de-cultivo-especiales","8":"first","9":"instock","10":"taxable","11":"shipping-taxable","12":"purchasable","13":"product-type-simple"},"yoast_head":"<!-- This site is optimized with the Yoast SEO Premium plugin v26.4 (Yoast SEO v27.2) - https:\/\/yoast.com\/product\/yoast-seo-premium-wordpress\/ -->\n<title>Kit de cultivo Royale Flush Iceberg - Dutchmicrodosing<\/title>\n<meta name=\"description\" content=\"\u00a1Experimente el exclusivo kit de cultivo Royale Flush Iceberg! Cultivo sencillo, alto rendimiento (400\u2013800 g) y listo para usar. Ideal para principiantes y expertos.\" \/>\n<meta name=\"robots\" content=\"index, follow, max-snippet:-1, max-image-preview:large, max-video-preview:-1\" \/>\n<link rel=\"canonical\" href=\"https:\/\/dutchmicrodosing.com\/es\/setas-alucinogenas\/especiales-growkit\/royale-flush-iceberg-growkit\/\" \/>\n<meta property=\"og:locale\" content=\"es_ES\" \/>\n<meta property=\"og:type\" content=\"article\" \/>\n<meta property=\"og:title\" content=\"Kit de cultivo Royale Flush Iceberg\" \/>\n<meta property=\"og:description\" content=\"Con el Royale Flush Iceberg Growkit, tendr\u00e1 en casa una variedad de setas m\u00e1gica especial y potente. Este kit de cultivo est\u00e1 especialmente desarrollado\" \/>\n<meta property=\"og:url\" content=\"https:\/\/dutchmicrodosing.com\/es\/setas-alucinogenas\/especiales-growkit\/royale-flush-iceberg-growkit\/\" \/>\n<meta property=\"og:site_name\" content=\"Dutchmicrodosing\" \/>\n<meta property=\"article:publisher\" content=\"https:\/\/www.facebook.com\/Dutchmicrodosingxp\/\" \/>\n<meta property=\"article:modified_time\" content=\"2025-08-18T14:53:18+00:00\" \/>\n<meta property=\"og:image\" content=\"https:\/\/dutchmicrodosing.com\/wp-content\/uploads\/2025\/07\/RoyaleFlush1200ccgrowkit-600x400-1.jpg\" \/>\n\t<meta property=\"og:image:width\" content=\"600\" \/>\n\t<meta property=\"og:image:height\" content=\"400\" \/>\n\t<meta property=\"og:image:type\" content=\"image\/jpeg\" \/>\n<meta name=\"twitter:card\" content=\"summary_large_image\" \/>\n<script type=\"application\/ld+json\" class=\"yoast-schema-graph\">{\"@context\":\"https:\/\/schema.org\",\"@graph\":[{\"@type\":\"WebPage\",\"@id\":\"https:\/\/dutchmicrodosing.com\/es\/setas-alucinogenas\/especiales-growkit\/royale-flush-iceberg-growkit\/\",\"url\":\"https:\/\/dutchmicrodosing.com\/es\/setas-alucinogenas\/especiales-growkit\/royale-flush-iceberg-growkit\/\",\"name\":\"Kit de cultivo Royale Flush Iceberg - Dutchmicrodosing\",\"isPartOf\":{\"@id\":\"https:\/\/dutchmicrodosing.com\/es\/#website\"},\"primaryImageOfPage\":{\"@id\":\"https:\/\/dutchmicrodosing.com\/es\/setas-alucinogenas\/especiales-growkit\/royale-flush-iceberg-growkit\/#primaryimage\"},\"image\":{\"@id\":\"https:\/\/dutchmicrodosing.com\/es\/setas-alucinogenas\/especiales-growkit\/royale-flush-iceberg-growkit\/#primaryimage\"},\"thumbnailUrl\":\"https:\/\/dutchmicrodosing.com\/wp-content\/uploads\/2025\/07\/RoyaleFlush1200ccgrowkit-600x400-1.jpg\",\"datePublished\":\"2025-07-07T08:30:58+00:00\",\"dateModified\":\"2025-08-18T14:53:18+00:00\",\"description\":\"\u00a1Experimente el exclusivo kit de cultivo Royale Flush Iceberg! Cultivo sencillo, alto rendimiento (400\u2013800 g) y listo para usar. Ideal para principiantes y expertos.\",\"breadcrumb\":{\"@id\":\"https:\/\/dutchmicrodosing.com\/es\/setas-alucinogenas\/especiales-growkit\/royale-flush-iceberg-growkit\/#breadcrumb\"},\"inLanguage\":\"es\",\"potentialAction\":[{\"@type\":\"ReadAction\",\"target\":[\"https:\/\/dutchmicrodosing.com\/es\/setas-alucinogenas\/especiales-growkit\/royale-flush-iceberg-growkit\/\"]}]},{\"@type\":\"ImageObject\",\"inLanguage\":\"es\",\"@id\":\"https:\/\/dutchmicrodosing.com\/es\/setas-alucinogenas\/especiales-growkit\/royale-flush-iceberg-growkit\/#primaryimage\",\"url\":\"https:\/\/dutchmicrodosing.com\/wp-content\/uploads\/2025\/07\/RoyaleFlush1200ccgrowkit-600x400-1.jpg\",\"contentUrl\":\"https:\/\/dutchmicrodosing.com\/wp-content\/uploads\/2025\/07\/RoyaleFlush1200ccgrowkit-600x400-1.jpg\",\"width\":600,\"height\":400},{\"@type\":\"BreadcrumbList\",\"@id\":\"https:\/\/dutchmicrodosing.com\/es\/setas-alucinogenas\/especiales-growkit\/royale-flush-iceberg-growkit\/#breadcrumb\",\"itemListElement\":[{\"@type\":\"ListItem\",\"position\":1,\"name\":\"Home\",\"item\":\"https:\/\/dutchmicrodosing.com\/es\/\"},{\"@type\":\"ListItem\",\"position\":2,\"name\":\"Tienda\",\"item\":\"https:\/\/dutchmicrodosing.com\/es\/tienda\/\"},{\"@type\":\"ListItem\",\"position\":3,\"name\":\"Kit de cultivo Royale Flush Iceberg\"}]},{\"@type\":\"WebSite\",\"@id\":\"https:\/\/dutchmicrodosing.com\/es\/#website\",\"url\":\"https:\/\/dutchmicrodosing.com\/es\/\",\"name\":\"Dutchmicrodosing\",\"description\":\"\",\"publisher\":{\"@id\":\"https:\/\/dutchmicrodosing.com\/es\/#organization\"},\"potentialAction\":[{\"@type\":\"SearchAction\",\"target\":{\"@type\":\"EntryPoint\",\"urlTemplate\":\"https:\/\/dutchmicrodosing.com\/es\/?s={search_term_string}\"},\"query-input\":{\"@type\":\"PropertyValueSpecification\",\"valueRequired\":true,\"valueName\":\"search_term_string\"}}],\"inLanguage\":\"es\"},{\"@type\":\"Organization\",\"@id\":\"https:\/\/dutchmicrodosing.com\/es\/#organization\",\"name\":\"Dutchmicrodosing\",\"url\":\"https:\/\/dutchmicrodosing.com\/es\/\",\"logo\":{\"@type\":\"ImageObject\",\"inLanguage\":\"es\",\"@id\":\"https:\/\/dutchmicrodosing.com\/es\/#\/schema\/logo\/image\/\",\"url\":\"https:\/\/dutchmicrodosing.com\/wp-content\/uploads\/2021\/01\/microdosing-categorie-pic-nieuw.jpg\",\"contentUrl\":\"https:\/\/dutchmicrodosing.com\/wp-content\/uploads\/2021\/01\/microdosing-categorie-pic-nieuw.jpg\",\"width\":500,\"height\":500,\"caption\":\"Dutchmicrodosing\"},\"image\":{\"@id\":\"https:\/\/dutchmicrodosing.com\/es\/#\/schema\/logo\/image\/\"},\"sameAs\":[\"https:\/\/www.facebook.com\/Dutchmicrodosingxp\/\",\"https:\/\/www.instagram.com\/dutchmicrodosing\/\"]}]}<\/script>\n<meta property=\"product:price:amount\" content=\"37.50\" \/>\n<meta property=\"product:price:currency\" content=\"EUR\" \/>\n<meta property=\"og:availability\" content=\"instock\" \/>\n<meta property=\"product:availability\" content=\"instock\" \/>\n<meta property=\"product:retailer_item_id\" content=\"5207189\" \/>\n<meta property=\"product:condition\" content=\"new\" \/>\n<!-- \/ Yoast SEO Premium plugin. -->","yoast_head_json":{"title":"Kit de cultivo Royale Flush Iceberg - Dutchmicrodosing","description":"\u00a1Experimente el exclusivo kit de cultivo Royale Flush Iceberg! Cultivo sencillo, alto rendimiento (400\u2013800 g) y listo para usar. Ideal para principiantes y expertos.","robots":{"index":"index","follow":"follow","max-snippet":"max-snippet:-1","max-image-preview":"max-image-preview:large","max-video-preview":"max-video-preview:-1"},"canonical":"https:\/\/dutchmicrodosing.com\/es\/setas-alucinogenas\/especiales-growkit\/royale-flush-iceberg-growkit\/","og_locale":"es_ES","og_type":"article","og_title":"Kit de cultivo Royale Flush Iceberg","og_description":"Con el Royale Flush Iceberg Growkit, tendr\u00e1 en casa una variedad de setas m\u00e1gica especial y potente. Este kit de cultivo est\u00e1 especialmente desarrollado","og_url":"https:\/\/dutchmicrodosing.com\/es\/setas-alucinogenas\/especiales-growkit\/royale-flush-iceberg-growkit\/","og_site_name":"Dutchmicrodosing","article_publisher":"https:\/\/www.facebook.com\/Dutchmicrodosingxp\/","article_modified_time":"2025-08-18T14:53:18+00:00","og_image":[{"width":600,"height":400,"url":"https:\/\/dutchmicrodosing.com\/wp-content\/uploads\/2025\/07\/RoyaleFlush1200ccgrowkit-600x400-1.jpg","type":"image\/jpeg"}],"twitter_card":"summary_large_image","schema":{"@context":"https:\/\/schema.org","@graph":[{"@type":"WebPage","@id":"https:\/\/dutchmicrodosing.com\/es\/setas-alucinogenas\/especiales-growkit\/royale-flush-iceberg-growkit\/","url":"https:\/\/dutchmicrodosing.com\/es\/setas-alucinogenas\/especiales-growkit\/royale-flush-iceberg-growkit\/","name":"Kit de cultivo Royale Flush Iceberg - Dutchmicrodosing","isPartOf":{"@id":"https:\/\/dutchmicrodosing.com\/es\/#website"},"primaryImageOfPage":{"@id":"https:\/\/dutchmicrodosing.com\/es\/setas-alucinogenas\/especiales-growkit\/royale-flush-iceberg-growkit\/#primaryimage"},"image":{"@id":"https:\/\/dutchmicrodosing.com\/es\/setas-alucinogenas\/especiales-growkit\/royale-flush-iceberg-growkit\/#primaryimage"},"thumbnailUrl":"https:\/\/dutchmicrodosing.com\/wp-content\/uploads\/2025\/07\/RoyaleFlush1200ccgrowkit-600x400-1.jpg","datePublished":"2025-07-07T08:30:58+00:00","dateModified":"2025-08-18T14:53:18+00:00","description":"\u00a1Experimente el exclusivo kit de cultivo Royale Flush Iceberg! Cultivo sencillo, alto rendimiento (400\u2013800 g) y listo para usar. Ideal para principiantes y expertos.","breadcrumb":{"@id":"https:\/\/dutchmicrodosing.com\/es\/setas-alucinogenas\/especiales-growkit\/royale-flush-iceberg-growkit\/#breadcrumb"},"inLanguage":"es","potentialAction":[{"@type":"ReadAction","target":["https:\/\/dutchmicrodosing.com\/es\/setas-alucinogenas\/especiales-growkit\/royale-flush-iceberg-growkit\/"]}]},{"@type":"ImageObject","inLanguage":"es","@id":"https:\/\/dutchmicrodosing.com\/es\/setas-alucinogenas\/especiales-growkit\/royale-flush-iceberg-growkit\/#primaryimage","url":"https:\/\/dutchmicrodosing.com\/wp-content\/uploads\/2025\/07\/RoyaleFlush1200ccgrowkit-600x400-1.jpg","contentUrl":"https:\/\/dutchmicrodosing.com\/wp-content\/uploads\/2025\/07\/RoyaleFlush1200ccgrowkit-600x400-1.jpg","width":600,"height":400},{"@type":"BreadcrumbList","@id":"https:\/\/dutchmicrodosing.com\/es\/setas-alucinogenas\/especiales-growkit\/royale-flush-iceberg-growkit\/#breadcrumb","itemListElement":[{"@type":"ListItem","position":1,"name":"Home","item":"https:\/\/dutchmicrodosing.com\/es\/"},{"@type":"ListItem","position":2,"name":"Tienda","item":"https:\/\/dutchmicrodosing.com\/es\/tienda\/"},{"@type":"ListItem","position":3,"name":"Kit de cultivo Royale Flush Iceberg"}]},{"@type":"WebSite","@id":"https:\/\/dutchmicrodosing.com\/es\/#website","url":"https:\/\/dutchmicrodosing.com\/es\/","name":"Dutchmicrodosing","description":"","publisher":{"@id":"https:\/\/dutchmicrodosing.com\/es\/#organization"},"potentialAction":[{"@type":"SearchAction","target":{"@type":"EntryPoint","urlTemplate":"https:\/\/dutchmicrodosing.com\/es\/?s={search_term_string}"},"query-input":{"@type":"PropertyValueSpecification","valueRequired":true,"valueName":"search_term_string"}}],"inLanguage":"es"},{"@type":"Organization","@id":"https:\/\/dutchmicrodosing.com\/es\/#organization","name":"Dutchmicrodosing","url":"https:\/\/dutchmicrodosing.com\/es\/","logo":{"@type":"ImageObject","inLanguage":"es","@id":"https:\/\/dutchmicrodosing.com\/es\/#\/schema\/logo\/image\/","url":"https:\/\/dutchmicrodosing.com\/wp-content\/uploads\/2021\/01\/microdosing-categorie-pic-nieuw.jpg","contentUrl":"https:\/\/dutchmicrodosing.com\/wp-content\/uploads\/2021\/01\/microdosing-categorie-pic-nieuw.jpg","width":500,"height":500,"caption":"Dutchmicrodosing"},"image":{"@id":"https:\/\/dutchmicrodosing.com\/es\/#\/schema\/logo\/image\/"},"sameAs":["https:\/\/www.facebook.com\/Dutchmicrodosingxp\/","https:\/\/www.instagram.com\/dutchmicrodosing\/"]}]},"product_price_amount":"37.50","product_price_currency":"EUR","og_availability":"instock","product_availability":"instock","product_retailer_item_id":"5207189","product_condition":"new"},"_links":{"self":[{"href":"https:\/\/dutchmicrodosing.com\/es\/wp-json\/wp\/v2\/product\/50425","targetHints":{"allow":["GET"]}}],"collection":[{"href":"https:\/\/dutchmicrodosing.com\/es\/wp-json\/wp\/v2\/product"}],"about":[{"href":"https:\/\/dutchmicrodosing.com\/es\/wp-json\/wp\/v2\/types\/product"}],"replies":[{"embeddable":true,"href":"https:\/\/dutchmicrodosing.com\/es\/wp-json\/wp\/v2\/comments?post=50425"}],"version-history":[{"count":0,"href":"https:\/\/dutchmicrodosing.com\/es\/wp-json\/wp\/v2\/product\/50425\/revisions"}],"wp:featuredmedia":[{"embeddable":true,"href":"https:\/\/dutchmicrodosing.com\/es\/wp-json\/wp\/v2\/media\/50407"}],"wp:attachment":[{"href":"https:\/\/dutchmicrodosing.com\/es\/wp-json\/wp\/v2\/media?parent=50425"}],"wp:term":[{"taxonomy":"product_brand","embeddable":true,"href":"https:\/\/dutchmicrodosing.com\/es\/wp-json\/wp\/v2\/product_brand?post=50425"},{"taxonomy":"product_cat","embeddable":true,"href":"https:\/\/dutchmicrodosing.com\/es\/wp-json\/wp\/v2\/product_cat?post=50425"},{"taxonomy":"product_tag","embeddable":true,"href":"https:\/\/dutchmicrodosing.com\/es\/wp-json\/wp\/v2\/product_tag?post=50425"}],"curies":[{"name":"wp","href":"https:\/\/api.w.org\/{rel}","templated":true}]}}