{"id":52490,"date":"2025-08-04T08:50:27","date_gmt":"2025-08-04T06:50:27","guid":{"rendered":"https:\/\/dutchmicrodosing.com\/product\/premium-kratom-gummies-energia\/"},"modified":"2025-08-19T17:14:50","modified_gmt":"2025-08-19T15:14:50","slug":"premium-kratom-gummies-energia","status":"publish","type":"product","link":"https:\/\/dutchmicrodosing.com\/es\/hierbas-botanicas\/kratom\/premium-kratom-gummies-energia\/","title":{"rendered":"Premium Kratom Gummies &#8211; Energ\u00eda"},"content":{"rendered":"<p><strong>Premium Kratom Gummies &#8211; Energ\u00eda<\/strong> son la opci\u00f3n ideal para aquellos que buscan un impulso de energ\u00eda natural en una forma f\u00e1cil de usar y sabroso. Con su fresco sabor a cereza y su reconocible forma de hoja de kratom, este producto combina comodidad, sabor y eficacia, sin el regusto amargo del kratom en polvo cl\u00e1sico.<\/p>\n<h3>Caracter\u00edsticas Premium Kratom Gummies &#8211; Energ\u00eda<\/h3>\n<p>Estas gominolas son perfectas para llevar, al trabajo o durante un d\u00eda ajetreado. Gracias a la dosificaci\u00f3n precisa, usted sabe exactamente lo que est\u00e1 tomando y puede responder f\u00e1cilmente a sus necesidades personales. Una buena soluci\u00f3n tanto para usuarios novatos como experimentados de kratom.<\/p>\n<ul>\n<li>6 gominolas por envase, en total 300 mg de extracto de cratoma<\/li>\n<li>Refrescante sabor a cereza, sin regusto amargo<\/li>\n<li>Con forma de hoja de kratom<\/li>\n<li>Dosificaci\u00f3n precisa y facilidad de uso<\/li>\n<li>Adecuado para cualquier momento en el que pueda necesitar energ\u00eda extra<\/li>\n<\/ul>\n<h3>Ingredientes y\/o composici\u00f3n<\/h3>\n<p>Extracto de kratom (Mitragyna speciosa), az\u00facar, aromas naturales (cereza), colorantes, otros excipientes. Consulte la lista completa de ingredientes en el envase.<\/p>\n<h3>Utilice<\/h3>\n<p>Empieza con 1 gominola para probar c\u00f3mo reacciona tu cuerpo. No utilice una cantidad superior a la recomendada. Tenga siempre en cuenta su sensibilidad personal y la finalidad de su uso.<\/p>\n<h3>Contenido<\/h3>\n<ul>\n<li>1 paquete contiene 6 gominolas<\/li>\n<li>Total 300 mg de extracto de cratoma<\/li>\n<\/ul>\n<h3>Descargo de responsabilidad<\/h3>\n<p><em>El contenido de este texto es meramente informativo y no sustituye al asesoramiento profesional. Este producto no es un medicamento y no est\u00e1 destinado a diagnosticar, tratar o curar ninguna afecci\u00f3n m\u00e9dica.<\/em><\/p>\n","protected":false},"excerpt":{"rendered":"<p>Premium Kratom Gummies &#8211; Energ\u00eda son la opci\u00f3n ideal para aquellos que buscan un impulso de energ\u00eda natural en una forma f\u00e1cil de usar y sabroso. Con su fresco sabor a cereza y su reconocible forma de hoja de kratom, este producto combina comodidad, sabor y eficacia, sin el regusto amargo del kratom en polvo [&hellip;]<\/p>\n","protected":false},"featured_media":52473,"comment_status":"closed","ping_status":"closed","template":"","meta":[],"product_brand":[],"product_cat":[418],"product_tag":[],"class_list":{"0":"post-52490","1":"product","2":"type-product","3":"status-publish","4":"has-post-thumbnail","6":"product_cat-kratom","8":"first","9":"instock","10":"taxable","11":"shipping-taxable","12":"purchasable","13":"product-type-simple"},"yoast_head":"<!-- This site is optimized with the Yoast SEO Premium plugin v26.4 (Yoast SEO v27.4) - https:\/\/yoast.com\/product\/yoast-seo-premium-wordpress\/ -->\n<title>Premium Kratom Gummies - Energ\u00eda - Dutchmicrodosing<\/title>\n<meta name=\"description\" content=\"Premium Kratom Gummies - Energ\u00eda. Deliciosas gominolas con kratom para un impulso de energ\u00eda natural, c\u00f3modo y discreto.\" \/>\n<meta name=\"robots\" content=\"index, follow, max-snippet:-1, max-image-preview:large, max-video-preview:-1\" \/>\n<link rel=\"canonical\" href=\"https:\/\/dutchmicrodosing.com\/es\/hierbas-botanicas\/kratom\/premium-kratom-gummies-energia\/\" \/>\n<meta property=\"og:locale\" content=\"es_ES\" \/>\n<meta property=\"og:type\" content=\"article\" \/>\n<meta property=\"og:title\" content=\"Premium Kratom Gummies - Energ\u00eda\" \/>\n<meta property=\"og:description\" content=\"Premium Kratom Gummies - Energ\u00eda son la opci\u00f3n ideal para aquellos que buscan un impulso de energ\u00eda natural en una forma f\u00e1cil de usar y sabroso. Con su\" \/>\n<meta property=\"og:url\" content=\"https:\/\/dutchmicrodosing.com\/es\/hierbas-botanicas\/kratom\/premium-kratom-gummies-energia\/\" \/>\n<meta property=\"og:site_name\" content=\"Dutchmicrodosing\" \/>\n<meta property=\"article:publisher\" content=\"https:\/\/www.facebook.com\/Dutchmicrodosingxp\/\" \/>\n<meta property=\"article:modified_time\" content=\"2025-08-19T15:14:50+00:00\" \/>\n<meta property=\"og:image\" content=\"https:\/\/dutchmicrodosing.com\/wp-content\/uploads\/2025\/08\/4129-5131-2.jpg\" \/>\n\t<meta property=\"og:image:width\" content=\"300\" \/>\n\t<meta property=\"og:image:height\" content=\"300\" \/>\n\t<meta property=\"og:image:type\" content=\"image\/jpeg\" \/>\n<meta name=\"twitter:card\" content=\"summary_large_image\" \/>\n<script type=\"application\/ld+json\" class=\"yoast-schema-graph\">{\"@context\":\"https:\\\/\\\/schema.org\",\"@graph\":[{\"@type\":\"WebPage\",\"@id\":\"https:\\\/\\\/dutchmicrodosing.com\\\/es\\\/hierbas-botanicas\\\/kratom\\\/premium-kratom-gummies-energia\\\/\",\"url\":\"https:\\\/\\\/dutchmicrodosing.com\\\/es\\\/hierbas-botanicas\\\/kratom\\\/premium-kratom-gummies-energia\\\/\",\"name\":\"Premium Kratom Gummies - Energ\u00eda - Dutchmicrodosing\",\"isPartOf\":{\"@id\":\"https:\\\/\\\/dutchmicrodosing.com\\\/es\\\/#website\"},\"primaryImageOfPage\":{\"@id\":\"https:\\\/\\\/dutchmicrodosing.com\\\/es\\\/hierbas-botanicas\\\/kratom\\\/premium-kratom-gummies-energia\\\/#primaryimage\"},\"image\":{\"@id\":\"https:\\\/\\\/dutchmicrodosing.com\\\/es\\\/hierbas-botanicas\\\/kratom\\\/premium-kratom-gummies-energia\\\/#primaryimage\"},\"thumbnailUrl\":\"https:\\\/\\\/dutchmicrodosing.com\\\/wp-content\\\/uploads\\\/2025\\\/08\\\/4129-5131-2.jpg\",\"datePublished\":\"2025-08-04T06:50:27+00:00\",\"dateModified\":\"2025-08-19T15:14:50+00:00\",\"description\":\"Premium Kratom Gummies - Energ\u00eda. Deliciosas gominolas con kratom para un impulso de energ\u00eda natural, c\u00f3modo y discreto.\",\"breadcrumb\":{\"@id\":\"https:\\\/\\\/dutchmicrodosing.com\\\/es\\\/hierbas-botanicas\\\/kratom\\\/premium-kratom-gummies-energia\\\/#breadcrumb\"},\"inLanguage\":\"es\",\"potentialAction\":[{\"@type\":\"ReadAction\",\"target\":[\"https:\\\/\\\/dutchmicrodosing.com\\\/es\\\/hierbas-botanicas\\\/kratom\\\/premium-kratom-gummies-energia\\\/\"]}]},{\"@type\":\"ImageObject\",\"inLanguage\":\"es\",\"@id\":\"https:\\\/\\\/dutchmicrodosing.com\\\/es\\\/hierbas-botanicas\\\/kratom\\\/premium-kratom-gummies-energia\\\/#primaryimage\",\"url\":\"https:\\\/\\\/dutchmicrodosing.com\\\/wp-content\\\/uploads\\\/2025\\\/08\\\/4129-5131-2.jpg\",\"contentUrl\":\"https:\\\/\\\/dutchmicrodosing.com\\\/wp-content\\\/uploads\\\/2025\\\/08\\\/4129-5131-2.jpg\",\"width\":300,\"height\":300},{\"@type\":\"BreadcrumbList\",\"@id\":\"https:\\\/\\\/dutchmicrodosing.com\\\/es\\\/hierbas-botanicas\\\/kratom\\\/premium-kratom-gummies-energia\\\/#breadcrumb\",\"itemListElement\":[{\"@type\":\"ListItem\",\"position\":1,\"name\":\"Home\",\"item\":\"https:\\\/\\\/dutchmicrodosing.com\\\/es\\\/\"},{\"@type\":\"ListItem\",\"position\":2,\"name\":\"Tienda\",\"item\":\"https:\\\/\\\/dutchmicrodosing.com\\\/es\\\/tienda\\\/\"},{\"@type\":\"ListItem\",\"position\":3,\"name\":\"Premium Kratom Gummies &#8211; Energ\u00eda\"}]},{\"@type\":\"WebSite\",\"@id\":\"https:\\\/\\\/dutchmicrodosing.com\\\/es\\\/#website\",\"url\":\"https:\\\/\\\/dutchmicrodosing.com\\\/es\\\/\",\"name\":\"Dutchmicrodosing\",\"description\":\"\",\"publisher\":{\"@id\":\"https:\\\/\\\/dutchmicrodosing.com\\\/es\\\/#organization\"},\"potentialAction\":[{\"@type\":\"SearchAction\",\"target\":{\"@type\":\"EntryPoint\",\"urlTemplate\":\"https:\\\/\\\/dutchmicrodosing.com\\\/es\\\/?s={search_term_string}\"},\"query-input\":{\"@type\":\"PropertyValueSpecification\",\"valueRequired\":true,\"valueName\":\"search_term_string\"}}],\"inLanguage\":\"es\"},{\"@type\":\"Organization\",\"@id\":\"https:\\\/\\\/dutchmicrodosing.com\\\/es\\\/#organization\",\"name\":\"Dutchmicrodosing\",\"url\":\"https:\\\/\\\/dutchmicrodosing.com\\\/es\\\/\",\"logo\":{\"@type\":\"ImageObject\",\"inLanguage\":\"es\",\"@id\":\"https:\\\/\\\/dutchmicrodosing.com\\\/es\\\/#\\\/schema\\\/logo\\\/image\\\/\",\"url\":\"https:\\\/\\\/dutchmicrodosing.com\\\/wp-content\\\/uploads\\\/2021\\\/01\\\/microdosing-categorie-pic-nieuw.jpg\",\"contentUrl\":\"https:\\\/\\\/dutchmicrodosing.com\\\/wp-content\\\/uploads\\\/2021\\\/01\\\/microdosing-categorie-pic-nieuw.jpg\",\"width\":500,\"height\":500,\"caption\":\"Dutchmicrodosing\"},\"image\":{\"@id\":\"https:\\\/\\\/dutchmicrodosing.com\\\/es\\\/#\\\/schema\\\/logo\\\/image\\\/\"},\"sameAs\":[\"https:\\\/\\\/www.facebook.com\\\/Dutchmicrodosingxp\\\/\",\"https:\\\/\\\/www.instagram.com\\\/dutchmicrodosing\\\/\"]}]}<\/script>\n<meta property=\"product:price:amount\" content=\"9.95\" \/>\n<meta property=\"product:price:currency\" content=\"EUR\" \/>\n<meta property=\"og:availability\" content=\"instock\" \/>\n<meta property=\"product:availability\" content=\"instock\" \/>\n<meta property=\"product:retailer_item_id\" content=\"5206828\" \/>\n<meta property=\"product:condition\" content=\"new\" \/>\n<!-- \/ Yoast SEO Premium plugin. -->","yoast_head_json":{"title":"Premium Kratom Gummies - Energ\u00eda - Dutchmicrodosing","description":"Premium Kratom Gummies - Energ\u00eda. Deliciosas gominolas con kratom para un impulso de energ\u00eda natural, c\u00f3modo y discreto.","robots":{"index":"index","follow":"follow","max-snippet":"max-snippet:-1","max-image-preview":"max-image-preview:large","max-video-preview":"max-video-preview:-1"},"canonical":"https:\/\/dutchmicrodosing.com\/es\/hierbas-botanicas\/kratom\/premium-kratom-gummies-energia\/","og_locale":"es_ES","og_type":"article","og_title":"Premium Kratom Gummies - Energ\u00eda","og_description":"Premium Kratom Gummies - Energ\u00eda son la opci\u00f3n ideal para aquellos que buscan un impulso de energ\u00eda natural en una forma f\u00e1cil de usar y sabroso. Con su","og_url":"https:\/\/dutchmicrodosing.com\/es\/hierbas-botanicas\/kratom\/premium-kratom-gummies-energia\/","og_site_name":"Dutchmicrodosing","article_publisher":"https:\/\/www.facebook.com\/Dutchmicrodosingxp\/","article_modified_time":"2025-08-19T15:14:50+00:00","og_image":[{"width":300,"height":300,"url":"https:\/\/dutchmicrodosing.com\/wp-content\/uploads\/2025\/08\/4129-5131-2.jpg","type":"image\/jpeg"}],"twitter_card":"summary_large_image","schema":{"@context":"https:\/\/schema.org","@graph":[{"@type":"WebPage","@id":"https:\/\/dutchmicrodosing.com\/es\/hierbas-botanicas\/kratom\/premium-kratom-gummies-energia\/","url":"https:\/\/dutchmicrodosing.com\/es\/hierbas-botanicas\/kratom\/premium-kratom-gummies-energia\/","name":"Premium Kratom Gummies - Energ\u00eda - Dutchmicrodosing","isPartOf":{"@id":"https:\/\/dutchmicrodosing.com\/es\/#website"},"primaryImageOfPage":{"@id":"https:\/\/dutchmicrodosing.com\/es\/hierbas-botanicas\/kratom\/premium-kratom-gummies-energia\/#primaryimage"},"image":{"@id":"https:\/\/dutchmicrodosing.com\/es\/hierbas-botanicas\/kratom\/premium-kratom-gummies-energia\/#primaryimage"},"thumbnailUrl":"https:\/\/dutchmicrodosing.com\/wp-content\/uploads\/2025\/08\/4129-5131-2.jpg","datePublished":"2025-08-04T06:50:27+00:00","dateModified":"2025-08-19T15:14:50+00:00","description":"Premium Kratom Gummies - Energ\u00eda. Deliciosas gominolas con kratom para un impulso de energ\u00eda natural, c\u00f3modo y discreto.","breadcrumb":{"@id":"https:\/\/dutchmicrodosing.com\/es\/hierbas-botanicas\/kratom\/premium-kratom-gummies-energia\/#breadcrumb"},"inLanguage":"es","potentialAction":[{"@type":"ReadAction","target":["https:\/\/dutchmicrodosing.com\/es\/hierbas-botanicas\/kratom\/premium-kratom-gummies-energia\/"]}]},{"@type":"ImageObject","inLanguage":"es","@id":"https:\/\/dutchmicrodosing.com\/es\/hierbas-botanicas\/kratom\/premium-kratom-gummies-energia\/#primaryimage","url":"https:\/\/dutchmicrodosing.com\/wp-content\/uploads\/2025\/08\/4129-5131-2.jpg","contentUrl":"https:\/\/dutchmicrodosing.com\/wp-content\/uploads\/2025\/08\/4129-5131-2.jpg","width":300,"height":300},{"@type":"BreadcrumbList","@id":"https:\/\/dutchmicrodosing.com\/es\/hierbas-botanicas\/kratom\/premium-kratom-gummies-energia\/#breadcrumb","itemListElement":[{"@type":"ListItem","position":1,"name":"Home","item":"https:\/\/dutchmicrodosing.com\/es\/"},{"@type":"ListItem","position":2,"name":"Tienda","item":"https:\/\/dutchmicrodosing.com\/es\/tienda\/"},{"@type":"ListItem","position":3,"name":"Premium Kratom Gummies &#8211; Energ\u00eda"}]},{"@type":"WebSite","@id":"https:\/\/dutchmicrodosing.com\/es\/#website","url":"https:\/\/dutchmicrodosing.com\/es\/","name":"Dutchmicrodosing","description":"","publisher":{"@id":"https:\/\/dutchmicrodosing.com\/es\/#organization"},"potentialAction":[{"@type":"SearchAction","target":{"@type":"EntryPoint","urlTemplate":"https:\/\/dutchmicrodosing.com\/es\/?s={search_term_string}"},"query-input":{"@type":"PropertyValueSpecification","valueRequired":true,"valueName":"search_term_string"}}],"inLanguage":"es"},{"@type":"Organization","@id":"https:\/\/dutchmicrodosing.com\/es\/#organization","name":"Dutchmicrodosing","url":"https:\/\/dutchmicrodosing.com\/es\/","logo":{"@type":"ImageObject","inLanguage":"es","@id":"https:\/\/dutchmicrodosing.com\/es\/#\/schema\/logo\/image\/","url":"https:\/\/dutchmicrodosing.com\/wp-content\/uploads\/2021\/01\/microdosing-categorie-pic-nieuw.jpg","contentUrl":"https:\/\/dutchmicrodosing.com\/wp-content\/uploads\/2021\/01\/microdosing-categorie-pic-nieuw.jpg","width":500,"height":500,"caption":"Dutchmicrodosing"},"image":{"@id":"https:\/\/dutchmicrodosing.com\/es\/#\/schema\/logo\/image\/"},"sameAs":["https:\/\/www.facebook.com\/Dutchmicrodosingxp\/","https:\/\/www.instagram.com\/dutchmicrodosing\/"]}]},"product_price_amount":"9.95","product_price_currency":"EUR","og_availability":"instock","product_availability":"instock","product_retailer_item_id":"5206828","product_condition":"new"},"_links":{"self":[{"href":"https:\/\/dutchmicrodosing.com\/es\/wp-json\/wp\/v2\/product\/52490","targetHints":{"allow":["GET"]}}],"collection":[{"href":"https:\/\/dutchmicrodosing.com\/es\/wp-json\/wp\/v2\/product"}],"about":[{"href":"https:\/\/dutchmicrodosing.com\/es\/wp-json\/wp\/v2\/types\/product"}],"replies":[{"embeddable":true,"href":"https:\/\/dutchmicrodosing.com\/es\/wp-json\/wp\/v2\/comments?post=52490"}],"version-history":[{"count":0,"href":"https:\/\/dutchmicrodosing.com\/es\/wp-json\/wp\/v2\/product\/52490\/revisions"}],"wp:featuredmedia":[{"embeddable":true,"href":"https:\/\/dutchmicrodosing.com\/es\/wp-json\/wp\/v2\/media\/52473"}],"wp:attachment":[{"href":"https:\/\/dutchmicrodosing.com\/es\/wp-json\/wp\/v2\/media?parent=52490"}],"wp:term":[{"taxonomy":"product_brand","embeddable":true,"href":"https:\/\/dutchmicrodosing.com\/es\/wp-json\/wp\/v2\/product_brand?post=52490"},{"taxonomy":"product_cat","embeddable":true,"href":"https:\/\/dutchmicrodosing.com\/es\/wp-json\/wp\/v2\/product_cat?post=52490"},{"taxonomy":"product_tag","embeddable":true,"href":"https:\/\/dutchmicrodosing.com\/es\/wp-json\/wp\/v2\/product_tag?post=52490"}],"curies":[{"name":"wp","href":"https:\/\/api.w.org\/{rel}","templated":true}]}}