{"id":52533,"date":"2025-08-04T09:04:27","date_gmt":"2025-08-04T07:04:27","guid":{"rendered":"https:\/\/dutchmicrodosing.com\/product\/xreleaf-liquido-espectro-completo-5ml\/"},"modified":"2025-08-19T16:51:53","modified_gmt":"2025-08-19T14:51:53","slug":"xreleaf-liquido-espectro-completo-5ml","status":"publish","type":"product","link":"https:\/\/dutchmicrodosing.com\/es\/hierbas-botanicas\/kratom\/xreleaf-liquido-espectro-completo-5ml\/","title":{"rendered":"XRELEAF\u00ae L\u00edquido Espectro Completo &#8211; 5ml"},"content":{"rendered":"<p><strong>XRELEAF L\u00edquido Full Spectrum &#8211; 5 ml<\/strong> ofrece una experiencia de kratom pura e intensa en un l\u00edquido f\u00e1cil de dosificar. Este extracto est\u00e1 especialmente dise\u00f1ado para quienes buscan calidad, control y coherencia. Gracias a su perfil de espectro completo, usted disfruta de todos los alcaloides naturales que el kratom tiene para ofrecer, en una forma compacta y l\u00edquida.<\/p>\n<h3>Caracter\u00edsticas<\/h3>\n<p>Con nada menos que 87 mg de mitraginina por mililitro, XRELEAF garantiza una dosis potente. El extracto se somete a rigurosas pruebas en laboratorios independientes, por lo que puede estar seguro de que est\u00e1 utilizando un producto seguro y puro. Su forma l\u00edquida facilita su uso, tanto en casa como fuera de ella.<\/p>\n<ul>\n<li>Contiene 87 mg de mitraginina por ml<\/li>\n<li>Extracto de kratome de espectro completo &#8211; todos los alcaloides naturales conservados<\/li>\n<li>Forma l\u00edquida para una dosificaci\u00f3n precisa<\/li>\n<li>Calidad y pureza sometidas a pruebas independientes<\/li>\n<li>Producci\u00f3n sostenible respetuosa con la naturaleza y las personas<\/li>\n<\/ul>\n<h3>Ingredientes y\/o composici\u00f3n<\/h3>\n<p>Extracto de cratoma de espectro completo (Mitragyna speciosa), disolventes, conservantes naturales.<\/p>\n<h3>Utilice<\/h3>\n<p>Gotee la cantidad deseada bajo la lengua o m\u00e9zclela con una bebida de su elecci\u00f3n. Empiece con una dosis baja y aum\u00e9ntela lentamente, en funci\u00f3n de su experiencia y sus preferencias personales. Agitar bien antes de usar.<\/p>\n<h3>Contenido<\/h3>\n<ul>\n<li>5 ml por envase<\/li>\n<li>Contiene un total de unos 435 mg de mitraginina<\/li>\n<\/ul>\n<h3>Descargo de responsabilidad<\/h3>\n<p><em>El contenido de este texto es meramente informativo y no sustituye al asesoramiento profesional. Este producto no es un medicamento y no est\u00e1 destinado a diagnosticar ninguna afecci\u00f3n m\u00e9dica,<\/em><\/p>\n","protected":false},"excerpt":{"rendered":"<p>XRELEAF L\u00edquido Full Spectrum &#8211; 5 ml ofrece una experiencia de kratom pura e intensa en un l\u00edquido f\u00e1cil de dosificar. Este extracto est\u00e1 especialmente dise\u00f1ado para quienes buscan calidad, control y coherencia. Gracias a su perfil de espectro completo, usted disfruta de todos los alcaloides naturales que el kratom tiene para ofrecer, en una [&hellip;]<\/p>\n","protected":false},"featured_media":55084,"comment_status":"closed","ping_status":"closed","template":"","meta":[],"product_brand":[],"product_cat":[418],"product_tag":[],"class_list":{"0":"post-52533","1":"product","2":"type-product","3":"status-publish","4":"has-post-thumbnail","6":"product_cat-kratom","8":"first","9":"instock","10":"taxable","11":"shipping-taxable","12":"purchasable","13":"product-type-simple"},"yoast_head":"<!-- This site is optimized with the Yoast SEO Premium plugin v26.4 (Yoast SEO v27.2) - https:\/\/yoast.com\/product\/yoast-seo-premium-wordpress\/ -->\n<title>XRELEAF\u00ae L\u00edquido Espectro Completo - 5ml - Dutchmicrodosing<\/title>\n<meta name=\"description\" content=\"XRELEAF L\u00edquido Espectro Completo - 5 ml. Extracto de cratoma de alta calidad que contiene 87 mg de Mitragynine por ml. Espectro completo, rigurosamente probado y producido de forma sostenible.\" \/>\n<meta name=\"robots\" content=\"index, follow, max-snippet:-1, max-image-preview:large, max-video-preview:-1\" \/>\n<link rel=\"canonical\" href=\"https:\/\/dutchmicrodosing.com\/es\/hierbas-botanicas\/kratom\/xreleaf-liquido-espectro-completo-5ml\/\" \/>\n<meta property=\"og:locale\" content=\"es_ES\" \/>\n<meta property=\"og:type\" content=\"article\" \/>\n<meta property=\"og:title\" content=\"XRELEAF\u00ae L\u00edquido Espectro Completo - 5ml\" \/>\n<meta property=\"og:description\" content=\"XRELEAF L\u00edquido Full Spectrum - 5 ml ofrece una experiencia de kratom pura e intensa en un l\u00edquido f\u00e1cil de dosificar. Este extracto est\u00e1 especialmente\" \/>\n<meta property=\"og:url\" content=\"https:\/\/dutchmicrodosing.com\/es\/hierbas-botanicas\/kratom\/xreleaf-liquido-espectro-completo-5ml\/\" \/>\n<meta property=\"og:site_name\" content=\"Dutchmicrodosing\" \/>\n<meta property=\"article:publisher\" content=\"https:\/\/www.facebook.com\/Dutchmicrodosingxp\/\" \/>\n<meta property=\"article:modified_time\" content=\"2025-08-19T14:51:53+00:00\" \/>\n<meta property=\"og:image\" content=\"https:\/\/dutchmicrodosing.com\/wp-content\/uploads\/2025\/08\/Schermafbeelding-2024-11-06-134156-1.png\" \/>\n\t<meta property=\"og:image:width\" content=\"394\" \/>\n\t<meta property=\"og:image:height\" content=\"555\" \/>\n\t<meta property=\"og:image:type\" content=\"image\/png\" \/>\n<meta name=\"twitter:card\" content=\"summary_large_image\" \/>\n<script type=\"application\/ld+json\" class=\"yoast-schema-graph\">{\"@context\":\"https:\/\/schema.org\",\"@graph\":[{\"@type\":\"WebPage\",\"@id\":\"https:\/\/dutchmicrodosing.com\/es\/hierbas-botanicas\/kratom\/xreleaf-liquido-espectro-completo-5ml\/\",\"url\":\"https:\/\/dutchmicrodosing.com\/es\/hierbas-botanicas\/kratom\/xreleaf-liquido-espectro-completo-5ml\/\",\"name\":\"XRELEAF\u00ae L\u00edquido Espectro Completo - 5ml - Dutchmicrodosing\",\"isPartOf\":{\"@id\":\"https:\/\/dutchmicrodosing.com\/es\/#website\"},\"primaryImageOfPage\":{\"@id\":\"https:\/\/dutchmicrodosing.com\/es\/hierbas-botanicas\/kratom\/xreleaf-liquido-espectro-completo-5ml\/#primaryimage\"},\"image\":{\"@id\":\"https:\/\/dutchmicrodosing.com\/es\/hierbas-botanicas\/kratom\/xreleaf-liquido-espectro-completo-5ml\/#primaryimage\"},\"thumbnailUrl\":\"https:\/\/dutchmicrodosing.com\/wp-content\/uploads\/2025\/08\/Schermafbeelding-2024-11-06-134156-1.png\",\"datePublished\":\"2025-08-04T07:04:27+00:00\",\"dateModified\":\"2025-08-19T14:51:53+00:00\",\"description\":\"XRELEAF L\u00edquido Espectro Completo - 5 ml. Extracto de cratoma de alta calidad que contiene 87 mg de Mitragynine por ml. Espectro completo, rigurosamente probado y producido de forma sostenible.\",\"breadcrumb\":{\"@id\":\"https:\/\/dutchmicrodosing.com\/es\/hierbas-botanicas\/kratom\/xreleaf-liquido-espectro-completo-5ml\/#breadcrumb\"},\"inLanguage\":\"es\",\"potentialAction\":[{\"@type\":\"ReadAction\",\"target\":[\"https:\/\/dutchmicrodosing.com\/es\/hierbas-botanicas\/kratom\/xreleaf-liquido-espectro-completo-5ml\/\"]}]},{\"@type\":\"ImageObject\",\"inLanguage\":\"es\",\"@id\":\"https:\/\/dutchmicrodosing.com\/es\/hierbas-botanicas\/kratom\/xreleaf-liquido-espectro-completo-5ml\/#primaryimage\",\"url\":\"https:\/\/dutchmicrodosing.com\/wp-content\/uploads\/2025\/08\/Schermafbeelding-2024-11-06-134156-1.png\",\"contentUrl\":\"https:\/\/dutchmicrodosing.com\/wp-content\/uploads\/2025\/08\/Schermafbeelding-2024-11-06-134156-1.png\",\"width\":394,\"height\":555},{\"@type\":\"BreadcrumbList\",\"@id\":\"https:\/\/dutchmicrodosing.com\/es\/hierbas-botanicas\/kratom\/xreleaf-liquido-espectro-completo-5ml\/#breadcrumb\",\"itemListElement\":[{\"@type\":\"ListItem\",\"position\":1,\"name\":\"Home\",\"item\":\"https:\/\/dutchmicrodosing.com\/es\/\"},{\"@type\":\"ListItem\",\"position\":2,\"name\":\"Tienda\",\"item\":\"https:\/\/dutchmicrodosing.com\/es\/tienda\/\"},{\"@type\":\"ListItem\",\"position\":3,\"name\":\"XRELEAF\u00ae L\u00edquido Espectro Completo &#8211; 5ml\"}]},{\"@type\":\"WebSite\",\"@id\":\"https:\/\/dutchmicrodosing.com\/es\/#website\",\"url\":\"https:\/\/dutchmicrodosing.com\/es\/\",\"name\":\"Dutchmicrodosing\",\"description\":\"\",\"publisher\":{\"@id\":\"https:\/\/dutchmicrodosing.com\/es\/#organization\"},\"potentialAction\":[{\"@type\":\"SearchAction\",\"target\":{\"@type\":\"EntryPoint\",\"urlTemplate\":\"https:\/\/dutchmicrodosing.com\/es\/?s={search_term_string}\"},\"query-input\":{\"@type\":\"PropertyValueSpecification\",\"valueRequired\":true,\"valueName\":\"search_term_string\"}}],\"inLanguage\":\"es\"},{\"@type\":\"Organization\",\"@id\":\"https:\/\/dutchmicrodosing.com\/es\/#organization\",\"name\":\"Dutchmicrodosing\",\"url\":\"https:\/\/dutchmicrodosing.com\/es\/\",\"logo\":{\"@type\":\"ImageObject\",\"inLanguage\":\"es\",\"@id\":\"https:\/\/dutchmicrodosing.com\/es\/#\/schema\/logo\/image\/\",\"url\":\"https:\/\/dutchmicrodosing.com\/wp-content\/uploads\/2021\/01\/microdosing-categorie-pic-nieuw.jpg\",\"contentUrl\":\"https:\/\/dutchmicrodosing.com\/wp-content\/uploads\/2021\/01\/microdosing-categorie-pic-nieuw.jpg\",\"width\":500,\"height\":500,\"caption\":\"Dutchmicrodosing\"},\"image\":{\"@id\":\"https:\/\/dutchmicrodosing.com\/es\/#\/schema\/logo\/image\/\"},\"sameAs\":[\"https:\/\/www.facebook.com\/Dutchmicrodosingxp\/\",\"https:\/\/www.instagram.com\/dutchmicrodosing\/\"]}]}<\/script>\n<meta property=\"product:price:amount\" content=\"38.95\" \/>\n<meta property=\"product:price:currency\" content=\"EUR\" \/>\n<meta property=\"og:availability\" content=\"instock\" \/>\n<meta property=\"product:availability\" content=\"instock\" \/>\n<meta property=\"product:retailer_item_id\" content=\"5202602\" \/>\n<meta property=\"product:condition\" content=\"new\" \/>\n<!-- \/ Yoast SEO Premium plugin. -->","yoast_head_json":{"title":"XRELEAF\u00ae L\u00edquido Espectro Completo - 5ml - Dutchmicrodosing","description":"XRELEAF L\u00edquido Espectro Completo - 5 ml. Extracto de cratoma de alta calidad que contiene 87 mg de Mitragynine por ml. Espectro completo, rigurosamente probado y producido de forma sostenible.","robots":{"index":"index","follow":"follow","max-snippet":"max-snippet:-1","max-image-preview":"max-image-preview:large","max-video-preview":"max-video-preview:-1"},"canonical":"https:\/\/dutchmicrodosing.com\/es\/hierbas-botanicas\/kratom\/xreleaf-liquido-espectro-completo-5ml\/","og_locale":"es_ES","og_type":"article","og_title":"XRELEAF\u00ae L\u00edquido Espectro Completo - 5ml","og_description":"XRELEAF L\u00edquido Full Spectrum - 5 ml ofrece una experiencia de kratom pura e intensa en un l\u00edquido f\u00e1cil de dosificar. Este extracto est\u00e1 especialmente","og_url":"https:\/\/dutchmicrodosing.com\/es\/hierbas-botanicas\/kratom\/xreleaf-liquido-espectro-completo-5ml\/","og_site_name":"Dutchmicrodosing","article_publisher":"https:\/\/www.facebook.com\/Dutchmicrodosingxp\/","article_modified_time":"2025-08-19T14:51:53+00:00","og_image":[{"width":394,"height":555,"url":"https:\/\/dutchmicrodosing.com\/wp-content\/uploads\/2025\/08\/Schermafbeelding-2024-11-06-134156-1.png","type":"image\/png"}],"twitter_card":"summary_large_image","schema":{"@context":"https:\/\/schema.org","@graph":[{"@type":"WebPage","@id":"https:\/\/dutchmicrodosing.com\/es\/hierbas-botanicas\/kratom\/xreleaf-liquido-espectro-completo-5ml\/","url":"https:\/\/dutchmicrodosing.com\/es\/hierbas-botanicas\/kratom\/xreleaf-liquido-espectro-completo-5ml\/","name":"XRELEAF\u00ae L\u00edquido Espectro Completo - 5ml - Dutchmicrodosing","isPartOf":{"@id":"https:\/\/dutchmicrodosing.com\/es\/#website"},"primaryImageOfPage":{"@id":"https:\/\/dutchmicrodosing.com\/es\/hierbas-botanicas\/kratom\/xreleaf-liquido-espectro-completo-5ml\/#primaryimage"},"image":{"@id":"https:\/\/dutchmicrodosing.com\/es\/hierbas-botanicas\/kratom\/xreleaf-liquido-espectro-completo-5ml\/#primaryimage"},"thumbnailUrl":"https:\/\/dutchmicrodosing.com\/wp-content\/uploads\/2025\/08\/Schermafbeelding-2024-11-06-134156-1.png","datePublished":"2025-08-04T07:04:27+00:00","dateModified":"2025-08-19T14:51:53+00:00","description":"XRELEAF L\u00edquido Espectro Completo - 5 ml. Extracto de cratoma de alta calidad que contiene 87 mg de Mitragynine por ml. Espectro completo, rigurosamente probado y producido de forma sostenible.","breadcrumb":{"@id":"https:\/\/dutchmicrodosing.com\/es\/hierbas-botanicas\/kratom\/xreleaf-liquido-espectro-completo-5ml\/#breadcrumb"},"inLanguage":"es","potentialAction":[{"@type":"ReadAction","target":["https:\/\/dutchmicrodosing.com\/es\/hierbas-botanicas\/kratom\/xreleaf-liquido-espectro-completo-5ml\/"]}]},{"@type":"ImageObject","inLanguage":"es","@id":"https:\/\/dutchmicrodosing.com\/es\/hierbas-botanicas\/kratom\/xreleaf-liquido-espectro-completo-5ml\/#primaryimage","url":"https:\/\/dutchmicrodosing.com\/wp-content\/uploads\/2025\/08\/Schermafbeelding-2024-11-06-134156-1.png","contentUrl":"https:\/\/dutchmicrodosing.com\/wp-content\/uploads\/2025\/08\/Schermafbeelding-2024-11-06-134156-1.png","width":394,"height":555},{"@type":"BreadcrumbList","@id":"https:\/\/dutchmicrodosing.com\/es\/hierbas-botanicas\/kratom\/xreleaf-liquido-espectro-completo-5ml\/#breadcrumb","itemListElement":[{"@type":"ListItem","position":1,"name":"Home","item":"https:\/\/dutchmicrodosing.com\/es\/"},{"@type":"ListItem","position":2,"name":"Tienda","item":"https:\/\/dutchmicrodosing.com\/es\/tienda\/"},{"@type":"ListItem","position":3,"name":"XRELEAF\u00ae L\u00edquido Espectro Completo &#8211; 5ml"}]},{"@type":"WebSite","@id":"https:\/\/dutchmicrodosing.com\/es\/#website","url":"https:\/\/dutchmicrodosing.com\/es\/","name":"Dutchmicrodosing","description":"","publisher":{"@id":"https:\/\/dutchmicrodosing.com\/es\/#organization"},"potentialAction":[{"@type":"SearchAction","target":{"@type":"EntryPoint","urlTemplate":"https:\/\/dutchmicrodosing.com\/es\/?s={search_term_string}"},"query-input":{"@type":"PropertyValueSpecification","valueRequired":true,"valueName":"search_term_string"}}],"inLanguage":"es"},{"@type":"Organization","@id":"https:\/\/dutchmicrodosing.com\/es\/#organization","name":"Dutchmicrodosing","url":"https:\/\/dutchmicrodosing.com\/es\/","logo":{"@type":"ImageObject","inLanguage":"es","@id":"https:\/\/dutchmicrodosing.com\/es\/#\/schema\/logo\/image\/","url":"https:\/\/dutchmicrodosing.com\/wp-content\/uploads\/2021\/01\/microdosing-categorie-pic-nieuw.jpg","contentUrl":"https:\/\/dutchmicrodosing.com\/wp-content\/uploads\/2021\/01\/microdosing-categorie-pic-nieuw.jpg","width":500,"height":500,"caption":"Dutchmicrodosing"},"image":{"@id":"https:\/\/dutchmicrodosing.com\/es\/#\/schema\/logo\/image\/"},"sameAs":["https:\/\/www.facebook.com\/Dutchmicrodosingxp\/","https:\/\/www.instagram.com\/dutchmicrodosing\/"]}]},"product_price_amount":"38.95","product_price_currency":"EUR","og_availability":"instock","product_availability":"instock","product_retailer_item_id":"5202602","product_condition":"new"},"_links":{"self":[{"href":"https:\/\/dutchmicrodosing.com\/es\/wp-json\/wp\/v2\/product\/52533","targetHints":{"allow":["GET"]}}],"collection":[{"href":"https:\/\/dutchmicrodosing.com\/es\/wp-json\/wp\/v2\/product"}],"about":[{"href":"https:\/\/dutchmicrodosing.com\/es\/wp-json\/wp\/v2\/types\/product"}],"replies":[{"embeddable":true,"href":"https:\/\/dutchmicrodosing.com\/es\/wp-json\/wp\/v2\/comments?post=52533"}],"version-history":[{"count":0,"href":"https:\/\/dutchmicrodosing.com\/es\/wp-json\/wp\/v2\/product\/52533\/revisions"}],"wp:featuredmedia":[{"embeddable":true,"href":"https:\/\/dutchmicrodosing.com\/es\/wp-json\/wp\/v2\/media\/55084"}],"wp:attachment":[{"href":"https:\/\/dutchmicrodosing.com\/es\/wp-json\/wp\/v2\/media?parent=52533"}],"wp:term":[{"taxonomy":"product_brand","embeddable":true,"href":"https:\/\/dutchmicrodosing.com\/es\/wp-json\/wp\/v2\/product_brand?post=52533"},{"taxonomy":"product_cat","embeddable":true,"href":"https:\/\/dutchmicrodosing.com\/es\/wp-json\/wp\/v2\/product_cat?post=52533"},{"taxonomy":"product_tag","embeddable":true,"href":"https:\/\/dutchmicrodosing.com\/es\/wp-json\/wp\/v2\/product_tag?post=52533"}],"curies":[{"name":"wp","href":"https:\/\/api.w.org\/{rel}","templated":true}]}}