{"id":5309,"date":"2021-03-22T19:28:28","date_gmt":"2021-03-22T18:28:28","guid":{"rendered":"https:\/\/dutchmicrodosing.com\/shop\/sin%20categor\u00eda\/chaga-inonotus-obliquus-120-capsulas\/"},"modified":"2025-09-23T18:52:03","modified_gmt":"2025-09-23T16:52:03","slug":"chaga-inonotus-obliquus-120-caps","status":"publish","type":"product","link":"https:\/\/dutchmicrodosing.com\/es\/setas-medicinales\/chaga-inonotus-obliquus-120-caps\/","title":{"rendered":"Chaga (Inonotus Obliquus)-120 C\u00e1psulas"},"content":{"rendered":"<p>Los hongos pueden ayudar a mejorar su salud y el Chaga como suplemento deber\u00eda incluirse definitivamente en su botiqu\u00edn. Este hongo puede posiblemente ayudar con el c\u00e1ncer y la diabetes y puede ayudar a mantener su resistencia. En Rusia y China, el Chaga es conocido como un superalimento que puede utilizarse para todo tipo de dolencias. Si quieres apoyar tu salud con remedios naturales, entonces Chaga es una excelente opci\u00f3n.<\/p>\n<h2>Chaga: \u00bfPara qu\u00e9 se puede utilizar?<\/h2>\n<p>Los pueblos de la naturaleza tienen un enorme conocimiento sobre los poderes curativos de las plantas, las hierbas y las setas. Llevan miles de a\u00f1os utilizando el Chaga y lo consideran un medio importante para mejorar su salud. En Rusia lo utilizan como antiinflamatorio y tratan con \u00e9l los problemas de la piel. En China, el Chaga es el remedio ideal para potenciar el Chi (energ\u00eda vital).<\/p>\n<p>El Chaga se encuentra principalmente en el norte del mundo. Se puede encontrar en Rusia, Canad\u00e1, Am\u00e9rica y el noreste de Europa. El Chaga no es un hongo bonito: crece como un antiest\u00e9tico bulto nudoso en los abedules. Afortunadamente, el exterior no dice nada del interior. El Chaga de McMyco tiene propiedades especialmente potentes.<\/p>\n<p>Puedes utilizarlo en:<\/p>\n<ul>\n<li>Soporte de resistencia<\/li>\n<li>C\u00e1ncer (tiene propiedades anticancer\u00edgenas)<\/li>\n<li>Diabetes<\/li>\n<li>Quejas de los ancianos<\/li>\n<\/ul>\n<h2>Chaga y sus efectos en el organismo<\/h2>\n<h3>Apoya la resistencia<\/h3>\n<p>Cuando los invasores del exterior atacan tu cuerpo (virus, bacterias u hongos) es tu sistema inmunitario el que te protege. Es la l\u00ednea de defensa que garantiza la derrota de estos invasores. Para poder hacerlo, necesita los micronutrientes de los alimentos, para que su resistencia se mantenga en un buen nivel. Un suplemento como McMyco Chaga puede ser justo lo que necesitas.<\/p>\n<p>El chaga es rico en polisac\u00e1ridos no lineales de gran complejidad, que pueden proporcionar un potente apoyo a la resistencia. Se trata de polisac\u00e1ridos de cadena larga, que refuerzan el sistema inmunitario. Un ejemplo de estos polisac\u00e1ridos son los betaglucanos, que pueden hacer que el organismo produzca c\u00e9lulas asesinas naturales. Estos no s\u00f3lo se encargan de atacar a los invasores externos, sino que tambi\u00e9n contrarrestan la formaci\u00f3n de tumores.<\/p>\n<p>Otras sustancias de Chaga que pueden ayudar a su resistencia son el ergosterol, el episterol y el \u00e1cido betul\u00ednico. Cada una de estas sustancias tiene un efecto positivo sobre el sistema inmunitario, pero cuando se toman simult\u00e1neamente, tienen un efecto regulador de la resistencia. As\u00ed, pueden ayudar a mantener el cuerpo en forma y protegerlo de las enfermedades.<\/p>\n<h3>Funciona contra las c\u00e9lulas cancerosas<\/h3>\n<p>La ciencia est\u00e1 descubriendo cada vez m\u00e1s lo que los hongos medicinales pueden hacer en caso de enfermedad. Seg\u00fan las investigaciones, el chaga parece poder utilizarse contra las c\u00e9lulas cancerosas. Puede ser \u00fatil tomar Chaga para el c\u00e1ncer de mama, h\u00edgado y est\u00f3mago, por ejemplo. Las sustancias del Chaga pueden frenar el crecimiento de los tumores al estimular la producci\u00f3n de c\u00e9lulas asesinas naturales.<\/p>\n<p>Otra raz\u00f3n por la que un suplemento de Chaga puede ayudar con el c\u00e1ncer es que contiene ciertas sustancias que pueden provocar la apoptosis (muerte celular) de las c\u00e9lulas cancerosas. Estas c\u00e9lulas malignas se autodestruyen. Estas propiedades hacen del Chaga un remedio \u00fanico y poderoso contra el c\u00e1ncer.<\/p>\n<h3>Chaga con dolencias de la vejez<\/h3>\n<p>A medida que se envejece, pueden aparecer ciertos s\u00edntomas, como dolor en las articulaciones o una peor memoria de trabajo. Tomando un suplemento como el Chaga, podr\u00edas ralentizar este proceso. Los da\u00f1os que se producen a medida que envejecemos son causados, entre otras cosas, por los radicales libres. El chaga es rico en antioxidantes, que pueden eliminar estos radicales libres de nuestro cuerpo.<\/p>\n<p>Por ejemplo, contiene una gran cantidad de super\u00f3xido dismutasa, un antioxidante que puede neutralizar los radicales libres m\u00e1s peligrosos. El chaga contiene m\u00e1s de 25 veces esta sustancia que otros hongos medicinales. As\u00ed que eso lo hace realmente recomendable para las dolencias de la vejez.<\/p>\n<h2>Comprar Chaga de McMyco en l\u00ednea<\/h2>\n<p>Con Chaga de Mymcyo, tienes todo lo que necesitas para potenciar tu salud. Proporcione a su cuerpo todas las sustancias que necesita con Chaga. El chaga es seguro de usar. Sin embargo, se recomienda no utilizar Chaga si se est\u00e1 embarazada o en per\u00edodo de lactancia. Tampoco si est\u00e1 tomando anticoagulantes, medicaci\u00f3n para la diabetes o tiene una enfermedad autoinmune. Por supuesto, puede comprar f\u00e1cilmente este suplemento en nuestra tienda web. Un envase contiene 120 c\u00e1psulas.<\/p>\n<p><strong>Ingredientes:<\/strong><\/p>\n<p>Por c\u00e1psula vegetal: 400 mg de extracto org\u00e1nico de chaga (inonotus obliquus) procedente al 100% del cuerpo del fruto (esclerocios). Es un extracto de espectro completo obtenido mediante H2O y etanol. Esto es para aprovechar al m\u00e1ximo los cuerpos fruct\u00edferos. Contiene un 35% de polisac\u00e1ridos, betulina, \u00e1cido betul\u00ednico y esteroles.<\/p>\n<p>Excipientes: citrato de magnesio y di\u00f3xido de silicio<br \/>\nDosificaci\u00f3n: 2 veces al d\u00eda 1 c\u00e1psula durante las comidas con agua.<br \/>\nContenido : 120 c\u00e1psulas<br \/>\nConsejo de almacenaje: Almacenar en un lugar fresco y oscuro.<\/p>\n","protected":false},"excerpt":{"rendered":"<p>Los hongos pueden ayudar a mejorar su salud y el Chaga como suplemento deber\u00eda incluirse definitivamente en su botiqu\u00edn. Este hongo puede posiblemente ayudar con el c\u00e1ncer y la diabetes y puede ayudar a mantener su resistencia. En Rusia y China, el Chaga es conocido como un superalimento que puede utilizarse para todo tipo de [&hellip;]<\/p>\n","protected":false},"featured_media":3536,"comment_status":"open","ping_status":"closed","template":"","meta":[],"product_brand":[],"product_cat":[91,298],"product_tag":[],"class_list":{"0":"post-5309","1":"product","2":"type-product","3":"status-publish","4":"has-post-thumbnail","6":"product_cat-setas-medicinales","7":"product_cat-suplementos-para-el-sistema-inmunitario","9":"first","10":"instock","11":"taxable","12":"shipping-taxable","13":"purchasable","14":"product-type-simple"},"yoast_head":"<!-- This site is optimized with the Yoast SEO Premium plugin v26.4 (Yoast SEO v27.4) - https:\/\/yoast.com\/product\/yoast-seo-premium-wordpress\/ -->\n<title>Chaga (Inonotus Obliquus)-120 C\u00e1psulas - Dutchmicrodosing<\/title>\n<meta name=\"robots\" content=\"index, follow, max-snippet:-1, max-image-preview:large, max-video-preview:-1\" \/>\n<link rel=\"canonical\" href=\"https:\/\/dutchmicrodosing.com\/es\/setas-medicinales\/chaga-inonotus-obliquus-120-caps\/\" \/>\n<meta property=\"og:locale\" content=\"es_ES\" \/>\n<meta property=\"og:type\" content=\"article\" \/>\n<meta property=\"og:title\" content=\"Chaga (Inonotus Obliquus)-120 C\u00e1psulas\" \/>\n<meta property=\"og:description\" content=\"Los hongos pueden ayudar a mejorar su salud y el Chaga como suplemento deber\u00eda incluirse definitivamente en su botiqu\u00edn. Este hongo puede posiblemente\" \/>\n<meta property=\"og:url\" content=\"https:\/\/dutchmicrodosing.com\/es\/setas-medicinales\/chaga-inonotus-obliquus-120-caps\/\" \/>\n<meta property=\"og:site_name\" content=\"Dutchmicrodosing\" \/>\n<meta property=\"article:publisher\" content=\"https:\/\/www.facebook.com\/Dutchmicrodosingxp\/\" \/>\n<meta property=\"article:modified_time\" content=\"2025-09-23T16:52:03+00:00\" \/>\n<meta property=\"og:image\" content=\"https:\/\/dutchmicrodosing.com\/wp-content\/uploads\/2021\/03\/Chaga-2-1.jpg\" \/>\n\t<meta property=\"og:image:width\" content=\"1000\" \/>\n\t<meta property=\"og:image:height\" content=\"1000\" \/>\n\t<meta property=\"og:image:type\" content=\"image\/jpeg\" \/>\n<meta name=\"twitter:card\" content=\"summary_large_image\" \/>\n<script type=\"application\/ld+json\" class=\"yoast-schema-graph\">{\"@context\":\"https:\\\/\\\/schema.org\",\"@graph\":[{\"@type\":\"WebPage\",\"@id\":\"https:\\\/\\\/dutchmicrodosing.com\\\/es\\\/setas-medicinales\\\/chaga-inonotus-obliquus-120-caps\\\/\",\"url\":\"https:\\\/\\\/dutchmicrodosing.com\\\/es\\\/setas-medicinales\\\/chaga-inonotus-obliquus-120-caps\\\/\",\"name\":\"Chaga (Inonotus Obliquus)-120 C\u00e1psulas - Dutchmicrodosing\",\"isPartOf\":{\"@id\":\"https:\\\/\\\/dutchmicrodosing.com\\\/es\\\/#website\"},\"primaryImageOfPage\":{\"@id\":\"https:\\\/\\\/dutchmicrodosing.com\\\/es\\\/setas-medicinales\\\/chaga-inonotus-obliquus-120-caps\\\/#primaryimage\"},\"image\":{\"@id\":\"https:\\\/\\\/dutchmicrodosing.com\\\/es\\\/setas-medicinales\\\/chaga-inonotus-obliquus-120-caps\\\/#primaryimage\"},\"thumbnailUrl\":\"https:\\\/\\\/dutchmicrodosing.com\\\/wp-content\\\/uploads\\\/2021\\\/03\\\/Chaga-2-1.jpg\",\"datePublished\":\"2021-03-22T18:28:28+00:00\",\"dateModified\":\"2025-09-23T16:52:03+00:00\",\"breadcrumb\":{\"@id\":\"https:\\\/\\\/dutchmicrodosing.com\\\/es\\\/setas-medicinales\\\/chaga-inonotus-obliquus-120-caps\\\/#breadcrumb\"},\"inLanguage\":\"es\",\"potentialAction\":[{\"@type\":\"ReadAction\",\"target\":[\"https:\\\/\\\/dutchmicrodosing.com\\\/es\\\/setas-medicinales\\\/chaga-inonotus-obliquus-120-caps\\\/\"]}]},{\"@type\":\"ImageObject\",\"inLanguage\":\"es\",\"@id\":\"https:\\\/\\\/dutchmicrodosing.com\\\/es\\\/setas-medicinales\\\/chaga-inonotus-obliquus-120-caps\\\/#primaryimage\",\"url\":\"https:\\\/\\\/dutchmicrodosing.com\\\/wp-content\\\/uploads\\\/2021\\\/03\\\/Chaga-2-1.jpg\",\"contentUrl\":\"https:\\\/\\\/dutchmicrodosing.com\\\/wp-content\\\/uploads\\\/2021\\\/03\\\/Chaga-2-1.jpg\",\"width\":1000,\"height\":1000},{\"@type\":\"BreadcrumbList\",\"@id\":\"https:\\\/\\\/dutchmicrodosing.com\\\/es\\\/setas-medicinales\\\/chaga-inonotus-obliquus-120-caps\\\/#breadcrumb\",\"itemListElement\":[{\"@type\":\"ListItem\",\"position\":1,\"name\":\"Home\",\"item\":\"https:\\\/\\\/dutchmicrodosing.com\\\/es\\\/\"},{\"@type\":\"ListItem\",\"position\":2,\"name\":\"Tienda\",\"item\":\"https:\\\/\\\/dutchmicrodosing.com\\\/es\\\/tienda\\\/\"},{\"@type\":\"ListItem\",\"position\":3,\"name\":\"Chaga (Inonotus Obliquus)-120 C\u00e1psulas\"}]},{\"@type\":\"WebSite\",\"@id\":\"https:\\\/\\\/dutchmicrodosing.com\\\/es\\\/#website\",\"url\":\"https:\\\/\\\/dutchmicrodosing.com\\\/es\\\/\",\"name\":\"Dutchmicrodosing\",\"description\":\"\",\"publisher\":{\"@id\":\"https:\\\/\\\/dutchmicrodosing.com\\\/es\\\/#organization\"},\"potentialAction\":[{\"@type\":\"SearchAction\",\"target\":{\"@type\":\"EntryPoint\",\"urlTemplate\":\"https:\\\/\\\/dutchmicrodosing.com\\\/es\\\/?s={search_term_string}\"},\"query-input\":{\"@type\":\"PropertyValueSpecification\",\"valueRequired\":true,\"valueName\":\"search_term_string\"}}],\"inLanguage\":\"es\"},{\"@type\":\"Organization\",\"@id\":\"https:\\\/\\\/dutchmicrodosing.com\\\/es\\\/#organization\",\"name\":\"Dutchmicrodosing\",\"url\":\"https:\\\/\\\/dutchmicrodosing.com\\\/es\\\/\",\"logo\":{\"@type\":\"ImageObject\",\"inLanguage\":\"es\",\"@id\":\"https:\\\/\\\/dutchmicrodosing.com\\\/es\\\/#\\\/schema\\\/logo\\\/image\\\/\",\"url\":\"https:\\\/\\\/dutchmicrodosing.com\\\/wp-content\\\/uploads\\\/2021\\\/01\\\/microdosing-categorie-pic-nieuw.jpg\",\"contentUrl\":\"https:\\\/\\\/dutchmicrodosing.com\\\/wp-content\\\/uploads\\\/2021\\\/01\\\/microdosing-categorie-pic-nieuw.jpg\",\"width\":500,\"height\":500,\"caption\":\"Dutchmicrodosing\"},\"image\":{\"@id\":\"https:\\\/\\\/dutchmicrodosing.com\\\/es\\\/#\\\/schema\\\/logo\\\/image\\\/\"},\"sameAs\":[\"https:\\\/\\\/www.facebook.com\\\/Dutchmicrodosingxp\\\/\",\"https:\\\/\\\/www.instagram.com\\\/dutchmicrodosing\\\/\"]}]}<\/script>\n<meta property=\"product:price:amount\" content=\"34.95\" \/>\n<meta property=\"product:price:currency\" content=\"EUR\" \/>\n<meta property=\"og:availability\" content=\"instock\" \/>\n<meta property=\"product:availability\" content=\"instock\" \/>\n<meta property=\"product:retailer_item_id\" content=\"1203167\" \/>\n<meta property=\"product:condition\" content=\"new\" \/>\n<!-- \/ Yoast SEO Premium plugin. -->","yoast_head_json":{"title":"Chaga (Inonotus Obliquus)-120 C\u00e1psulas - Dutchmicrodosing","robots":{"index":"index","follow":"follow","max-snippet":"max-snippet:-1","max-image-preview":"max-image-preview:large","max-video-preview":"max-video-preview:-1"},"canonical":"https:\/\/dutchmicrodosing.com\/es\/setas-medicinales\/chaga-inonotus-obliquus-120-caps\/","og_locale":"es_ES","og_type":"article","og_title":"Chaga (Inonotus Obliquus)-120 C\u00e1psulas","og_description":"Los hongos pueden ayudar a mejorar su salud y el Chaga como suplemento deber\u00eda incluirse definitivamente en su botiqu\u00edn. Este hongo puede posiblemente","og_url":"https:\/\/dutchmicrodosing.com\/es\/setas-medicinales\/chaga-inonotus-obliquus-120-caps\/","og_site_name":"Dutchmicrodosing","article_publisher":"https:\/\/www.facebook.com\/Dutchmicrodosingxp\/","article_modified_time":"2025-09-23T16:52:03+00:00","og_image":[{"width":1000,"height":1000,"url":"https:\/\/dutchmicrodosing.com\/wp-content\/uploads\/2021\/03\/Chaga-2-1.jpg","type":"image\/jpeg"}],"twitter_card":"summary_large_image","schema":{"@context":"https:\/\/schema.org","@graph":[{"@type":"WebPage","@id":"https:\/\/dutchmicrodosing.com\/es\/setas-medicinales\/chaga-inonotus-obliquus-120-caps\/","url":"https:\/\/dutchmicrodosing.com\/es\/setas-medicinales\/chaga-inonotus-obliquus-120-caps\/","name":"Chaga (Inonotus Obliquus)-120 C\u00e1psulas - Dutchmicrodosing","isPartOf":{"@id":"https:\/\/dutchmicrodosing.com\/es\/#website"},"primaryImageOfPage":{"@id":"https:\/\/dutchmicrodosing.com\/es\/setas-medicinales\/chaga-inonotus-obliquus-120-caps\/#primaryimage"},"image":{"@id":"https:\/\/dutchmicrodosing.com\/es\/setas-medicinales\/chaga-inonotus-obliquus-120-caps\/#primaryimage"},"thumbnailUrl":"https:\/\/dutchmicrodosing.com\/wp-content\/uploads\/2021\/03\/Chaga-2-1.jpg","datePublished":"2021-03-22T18:28:28+00:00","dateModified":"2025-09-23T16:52:03+00:00","breadcrumb":{"@id":"https:\/\/dutchmicrodosing.com\/es\/setas-medicinales\/chaga-inonotus-obliquus-120-caps\/#breadcrumb"},"inLanguage":"es","potentialAction":[{"@type":"ReadAction","target":["https:\/\/dutchmicrodosing.com\/es\/setas-medicinales\/chaga-inonotus-obliquus-120-caps\/"]}]},{"@type":"ImageObject","inLanguage":"es","@id":"https:\/\/dutchmicrodosing.com\/es\/setas-medicinales\/chaga-inonotus-obliquus-120-caps\/#primaryimage","url":"https:\/\/dutchmicrodosing.com\/wp-content\/uploads\/2021\/03\/Chaga-2-1.jpg","contentUrl":"https:\/\/dutchmicrodosing.com\/wp-content\/uploads\/2021\/03\/Chaga-2-1.jpg","width":1000,"height":1000},{"@type":"BreadcrumbList","@id":"https:\/\/dutchmicrodosing.com\/es\/setas-medicinales\/chaga-inonotus-obliquus-120-caps\/#breadcrumb","itemListElement":[{"@type":"ListItem","position":1,"name":"Home","item":"https:\/\/dutchmicrodosing.com\/es\/"},{"@type":"ListItem","position":2,"name":"Tienda","item":"https:\/\/dutchmicrodosing.com\/es\/tienda\/"},{"@type":"ListItem","position":3,"name":"Chaga (Inonotus Obliquus)-120 C\u00e1psulas"}]},{"@type":"WebSite","@id":"https:\/\/dutchmicrodosing.com\/es\/#website","url":"https:\/\/dutchmicrodosing.com\/es\/","name":"Dutchmicrodosing","description":"","publisher":{"@id":"https:\/\/dutchmicrodosing.com\/es\/#organization"},"potentialAction":[{"@type":"SearchAction","target":{"@type":"EntryPoint","urlTemplate":"https:\/\/dutchmicrodosing.com\/es\/?s={search_term_string}"},"query-input":{"@type":"PropertyValueSpecification","valueRequired":true,"valueName":"search_term_string"}}],"inLanguage":"es"},{"@type":"Organization","@id":"https:\/\/dutchmicrodosing.com\/es\/#organization","name":"Dutchmicrodosing","url":"https:\/\/dutchmicrodosing.com\/es\/","logo":{"@type":"ImageObject","inLanguage":"es","@id":"https:\/\/dutchmicrodosing.com\/es\/#\/schema\/logo\/image\/","url":"https:\/\/dutchmicrodosing.com\/wp-content\/uploads\/2021\/01\/microdosing-categorie-pic-nieuw.jpg","contentUrl":"https:\/\/dutchmicrodosing.com\/wp-content\/uploads\/2021\/01\/microdosing-categorie-pic-nieuw.jpg","width":500,"height":500,"caption":"Dutchmicrodosing"},"image":{"@id":"https:\/\/dutchmicrodosing.com\/es\/#\/schema\/logo\/image\/"},"sameAs":["https:\/\/www.facebook.com\/Dutchmicrodosingxp\/","https:\/\/www.instagram.com\/dutchmicrodosing\/"]}]},"product_price_amount":"34.95","product_price_currency":"EUR","og_availability":"instock","product_availability":"instock","product_retailer_item_id":"1203167","product_condition":"new"},"_links":{"self":[{"href":"https:\/\/dutchmicrodosing.com\/es\/wp-json\/wp\/v2\/product\/5309","targetHints":{"allow":["GET"]}}],"collection":[{"href":"https:\/\/dutchmicrodosing.com\/es\/wp-json\/wp\/v2\/product"}],"about":[{"href":"https:\/\/dutchmicrodosing.com\/es\/wp-json\/wp\/v2\/types\/product"}],"replies":[{"embeddable":true,"href":"https:\/\/dutchmicrodosing.com\/es\/wp-json\/wp\/v2\/comments?post=5309"}],"version-history":[{"count":0,"href":"https:\/\/dutchmicrodosing.com\/es\/wp-json\/wp\/v2\/product\/5309\/revisions"}],"wp:featuredmedia":[{"embeddable":true,"href":"https:\/\/dutchmicrodosing.com\/es\/wp-json\/wp\/v2\/media\/3536"}],"wp:attachment":[{"href":"https:\/\/dutchmicrodosing.com\/es\/wp-json\/wp\/v2\/media?parent=5309"}],"wp:term":[{"taxonomy":"product_brand","embeddable":true,"href":"https:\/\/dutchmicrodosing.com\/es\/wp-json\/wp\/v2\/product_brand?post=5309"},{"taxonomy":"product_cat","embeddable":true,"href":"https:\/\/dutchmicrodosing.com\/es\/wp-json\/wp\/v2\/product_cat?post=5309"},{"taxonomy":"product_tag","embeddable":true,"href":"https:\/\/dutchmicrodosing.com\/es\/wp-json\/wp\/v2\/product_tag?post=5309"}],"curies":[{"name":"wp","href":"https:\/\/api.w.org\/{rel}","templated":true}]}}