{"id":5311,"date":"2021-03-22T19:24:18","date_gmt":"2021-03-22T18:24:18","guid":{"rendered":"https:\/\/dutchmicrodosing.com\/shop\/niet-gecategoriseerd\/reishi-ganoderma-lucidum-120-capsulas\/"},"modified":"2026-01-15T14:51:48","modified_gmt":"2026-01-15T13:51:48","slug":"reishi-ganoderma-lucidum-120-caps","status":"publish","type":"product","link":"https:\/\/dutchmicrodosing.com\/es\/setas-medicinales\/reishi-ganoderma-lucidum-120-caps\/","title":{"rendered":"Reishi (Ganoderma Lucidum)-120 c\u00e1psulas"},"content":{"rendered":"<p>El reishi, tambi\u00e9n conocido como seta de laca japonesa, es un hongo conocido en el Extremo Oriente por sus propiedades medicinales. No en vano recibe el apodo de \u00abseta divina de la inmortalidad\u00bb. Y que esto no es exagerado, se puede ver en el hecho de que usted puede beneficiarse de Reishi para las quejas de estr\u00e9s, el asma, el c\u00e1ncer y la fatiga.<\/p>\n<p>Con el Reishi de McMyco como suplemento, puede beneficiarse de los numerosos y valiosos compuestos de este hongo. Apoye su salud f\u00edsica y mental con el Reishi.<\/p>\n<h2>Los beneficios del Reishi<\/h2>\n<p>A este hongo de aspecto algo brillante le gusta crecer en el calor h\u00famedo y se encuentra principalmente en las regiones subtropicales. Puede crecer en una variedad de \u00e1rboles, pero prefiere los ciruelos. El Reishi se utiliza tradicionalmente para apoyar la resistencia, por lo que con las infecciones, inflamaciones y quejas al\u00e9rgicas. Con un suplemento de Reishi puede dar un impulso a su resistencia.<\/p>\n<p>El reishi tambi\u00e9n puede tener propiedades anticancer\u00edgenas y puede utilizarse para ayudar al h\u00edgado. Tambi\u00e9n puede tomar este suplemento para las dolencias mentales. Puede ayudar con la inquietud, el estr\u00e9s y el olvido. El Reishi de McMyco se puede utilizar con:<\/p>\n<ul>\n<li>Infecciones e inflamaciones (tambi\u00e9n con enfermedades autoinmunes y reacciones al\u00e9rgicas)<\/li>\n<li>C\u00e1ncer<\/li>\n<li>Quejas causadas por el estr\u00e9s<\/li>\n<li>Depresi\u00f3n<\/li>\n<li>Fatiga<\/li>\n<li>Para un coraz\u00f3n y unos vasos sangu\u00edneos sanos<\/li>\n<\/ul>\n<h2>Los efectos del Reishi<\/h2>\n<h3>Reishi con estr\u00e9s<\/h3>\n<p>El estr\u00e9s tiene un gran impacto negativo en nuestros cuerpos y mentes. El estr\u00e9s prolongado provoca un aumento de las hormonas del estr\u00e9s y, en consecuencia, tambi\u00e9n puede aumentar la presi\u00f3n arterial. Adem\u00e1s, el estr\u00e9s tiene un impacto negativo en el funcionamiento de los \u00f3rganos, la resistencia y la digesti\u00f3n. Mentalmente te sientes tenso, puedes sufrir de cavilaciones y por todo esto no duermes bien. A menudo est\u00e1 ansioso y puede llegar a deprimirse.<\/p>\n<p>En este tipo de circunstancias, el Reishi puede ser \u00fatil. Las sustancias de este hongo tienen un efecto adapt\u00f3geno. Esto significa que trabajan dondequiera que haya una necesidad. As\u00ed que puedes utilizar un suplemento como el Reishi para reducir los efectos del estr\u00e9s y recuperar el equilibrio. El reishi puede ayudar a reducir la presi\u00f3n arterial si es demasiado alta y mejora el transporte de ox\u00edgeno a trav\u00e9s del cuerpo. Las investigaciones tambi\u00e9n demuestran que este hongo puede mejorar el estado de \u00e1nimo. Esto le ayudar\u00e1 a afrontar los periodos de estr\u00e9s en su vida.<\/p>\n<h3>Las posibilidades del c\u00e1ncer<\/h3>\n<p>El reishi contiene sustancias que aumentan la actividad de las c\u00e9lulas asesinas que se producen de forma natural en el cuerpo. Estas c\u00e9lulas se encargan de eliminar las c\u00e9lulas cancerosas. Adem\u00e1s, el Reishi provoca el proceso de angiog\u00e9nesis en los tejidos cancerosos. La angiog\u00e9nesis significa que los tumores no pueden formar vasos sangu\u00edneos, lo que tiene el efecto de inhibir el crecimiento.<\/p>\n<p>En el c\u00e1ncer de mama, el hongo de la laca japonesa podr\u00eda prevenir la met\u00e1stasis. Esto evita que las c\u00e9lulas cancerosas se extiendan por todo el cuerpo. Tambi\u00e9n puede provocar la muerte de las c\u00e9lulas cancerosas. Las investigaciones muestran que el Reishi puede dar buenos resultados en el c\u00e1ncer de pr\u00f3stata, de mama y de colon. Este hongo tambi\u00e9n puede tomarse para reducir los efectos secundarios de la quimioterapia.<\/p>\n<h3>En caso de inflamaci\u00f3n<\/h3>\n<p>El Reishi de McMyco es un buen remedio natural para la inflamaci\u00f3n. Es rico en triterpenos que tienen un efecto antiinflamatorio. Por lo tanto, para muchas condiciones en las que la inflamaci\u00f3n es la causa subyacente, usted podr\u00eda tomar Reishi. Piensa en la cistitis, la fibromialgia, las enc\u00edas inflamadas o el reumatismo.<\/p>\n<h3>Reishi para la fatiga<\/h3>\n<p>Para las personas que suelen estar cansadas y experimentan falta de energ\u00eda, el Reishi podr\u00eda ser una soluci\u00f3n. Puede ayudar a dormir bien y aumenta la sensaci\u00f3n de bienestar. Las investigaciones demuestran que tambi\u00e9n puede tener un efecto positivo en el estado de \u00e1nimo.<\/p>\n<h2>Comprar Reishi<\/h2>\n<p>Si quiere probar el Reishi, las c\u00e1psulas de Reishi de McMyco son ideales. Las c\u00e1psulas contienen un extracto de Reishi de espectro completo. El uso del Reishi es muy seguro. Pueden producirse ligeras molestias digestivas. Las mujeres embarazadas y en periodo de lactancia deben tener cuidado con el uso del Reishi, ya que los efectos secundarios a\u00fan no se han estudiado adecuadamente. Si desea utilizar el Reishi, pida este suplemento natural r\u00e1pidamente para apoyar su salud.<\/p>\n<p><strong>Ingredientes:<\/strong><\/p>\n<p>Por c\u00e1psula vegetal: 400 mg de extracto org\u00e1nico de reishi (ganoderma lucidum) procedente al 100% del cuerpo fruct\u00edfero (hongo). Es un extracto de espectro completo obtenido mediante H2O y etanol. Esto es para aprovechar al m\u00e1ximo los cuerpos fruct\u00edferos. Contiene un 30% de polisac\u00e1ridos y betaglucanos.<\/p>\n<p>Excipientes: citrato de magnesio y di\u00f3xido de silicio<br \/>\nDosificaci\u00f3n: 2 veces al d\u00eda 1 c\u00e1psula durante las comidas con agua.<br \/>\nContenido : 120 c\u00e1psulas<br \/>\nConsejo de almacenaje: Almacenar en un lugar fresco y oscuro<\/p>\n","protected":false},"excerpt":{"rendered":"<p>El reishi, tambi\u00e9n conocido como seta de laca japonesa, es un hongo conocido en el Extremo Oriente por sus propiedades medicinales. No en vano recibe el apodo de \u00abseta divina de la inmortalidad\u00bb. Y que esto no es exagerado, se puede ver en el hecho de que usted puede beneficiarse de Reishi para las quejas [&hellip;]<\/p>\n","protected":false},"featured_media":3540,"comment_status":"open","ping_status":"closed","template":"","meta":[],"product_brand":[],"product_cat":[91,297,298],"product_tag":[],"class_list":{"0":"post-5311","1":"product","2":"type-product","3":"status-publish","4":"has-post-thumbnail","6":"product_cat-setas-medicinales","7":"product_cat-suplementos-energeticos","8":"product_cat-suplementos-para-el-sistema-inmunitario","10":"first","11":"instock","12":"taxable","13":"shipping-taxable","14":"purchasable","15":"product-type-simple"},"yoast_head":"<!-- This site is optimized with the Yoast SEO Premium plugin v26.4 (Yoast SEO v27.4) - https:\/\/yoast.com\/product\/yoast-seo-premium-wordpress\/ -->\n<title>Reishi (Ganoderma Lucidum)-120 c\u00e1psulas - Dutchmicrodosing<\/title>\n<meta name=\"robots\" content=\"index, follow, max-snippet:-1, max-image-preview:large, max-video-preview:-1\" \/>\n<link rel=\"canonical\" href=\"https:\/\/dutchmicrodosing.com\/es\/setas-medicinales\/reishi-ganoderma-lucidum-120-caps\/\" \/>\n<meta property=\"og:locale\" content=\"es_ES\" \/>\n<meta property=\"og:type\" content=\"article\" \/>\n<meta property=\"og:title\" content=\"Reishi (Ganoderma Lucidum)-120 c\u00e1psulas\" \/>\n<meta property=\"og:description\" content=\"El reishi, tambi\u00e9n conocido como seta de laca japonesa, es un hongo conocido en el Extremo Oriente por sus propiedades medicinales. No en vano recibe el\" \/>\n<meta property=\"og:url\" content=\"https:\/\/dutchmicrodosing.com\/es\/setas-medicinales\/reishi-ganoderma-lucidum-120-caps\/\" \/>\n<meta property=\"og:site_name\" content=\"Dutchmicrodosing\" \/>\n<meta property=\"article:publisher\" content=\"https:\/\/www.facebook.com\/Dutchmicrodosingxp\/\" \/>\n<meta property=\"article:modified_time\" content=\"2026-01-15T13:51:48+00:00\" \/>\n<meta property=\"og:image\" content=\"https:\/\/dutchmicrodosing.com\/wp-content\/uploads\/2021\/03\/Reishi-2.jpg\" \/>\n\t<meta property=\"og:image:width\" content=\"1000\" \/>\n\t<meta property=\"og:image:height\" content=\"1000\" \/>\n\t<meta property=\"og:image:type\" content=\"image\/jpeg\" \/>\n<meta name=\"twitter:card\" content=\"summary_large_image\" \/>\n<script type=\"application\/ld+json\" class=\"yoast-schema-graph\">{\"@context\":\"https:\\\/\\\/schema.org\",\"@graph\":[{\"@type\":\"WebPage\",\"@id\":\"https:\\\/\\\/dutchmicrodosing.com\\\/es\\\/setas-medicinales\\\/reishi-ganoderma-lucidum-120-caps\\\/\",\"url\":\"https:\\\/\\\/dutchmicrodosing.com\\\/es\\\/setas-medicinales\\\/reishi-ganoderma-lucidum-120-caps\\\/\",\"name\":\"Reishi (Ganoderma Lucidum)-120 c\u00e1psulas - Dutchmicrodosing\",\"isPartOf\":{\"@id\":\"https:\\\/\\\/dutchmicrodosing.com\\\/es\\\/#website\"},\"primaryImageOfPage\":{\"@id\":\"https:\\\/\\\/dutchmicrodosing.com\\\/es\\\/setas-medicinales\\\/reishi-ganoderma-lucidum-120-caps\\\/#primaryimage\"},\"image\":{\"@id\":\"https:\\\/\\\/dutchmicrodosing.com\\\/es\\\/setas-medicinales\\\/reishi-ganoderma-lucidum-120-caps\\\/#primaryimage\"},\"thumbnailUrl\":\"https:\\\/\\\/dutchmicrodosing.com\\\/wp-content\\\/uploads\\\/2021\\\/03\\\/Reishi-2.jpg\",\"datePublished\":\"2021-03-22T18:24:18+00:00\",\"dateModified\":\"2026-01-15T13:51:48+00:00\",\"breadcrumb\":{\"@id\":\"https:\\\/\\\/dutchmicrodosing.com\\\/es\\\/setas-medicinales\\\/reishi-ganoderma-lucidum-120-caps\\\/#breadcrumb\"},\"inLanguage\":\"es\",\"potentialAction\":[{\"@type\":\"ReadAction\",\"target\":[\"https:\\\/\\\/dutchmicrodosing.com\\\/es\\\/setas-medicinales\\\/reishi-ganoderma-lucidum-120-caps\\\/\"]}]},{\"@type\":\"ImageObject\",\"inLanguage\":\"es\",\"@id\":\"https:\\\/\\\/dutchmicrodosing.com\\\/es\\\/setas-medicinales\\\/reishi-ganoderma-lucidum-120-caps\\\/#primaryimage\",\"url\":\"https:\\\/\\\/dutchmicrodosing.com\\\/wp-content\\\/uploads\\\/2021\\\/03\\\/Reishi-2.jpg\",\"contentUrl\":\"https:\\\/\\\/dutchmicrodosing.com\\\/wp-content\\\/uploads\\\/2021\\\/03\\\/Reishi-2.jpg\",\"width\":1000,\"height\":1000},{\"@type\":\"BreadcrumbList\",\"@id\":\"https:\\\/\\\/dutchmicrodosing.com\\\/es\\\/setas-medicinales\\\/reishi-ganoderma-lucidum-120-caps\\\/#breadcrumb\",\"itemListElement\":[{\"@type\":\"ListItem\",\"position\":1,\"name\":\"Home\",\"item\":\"https:\\\/\\\/dutchmicrodosing.com\\\/es\\\/\"},{\"@type\":\"ListItem\",\"position\":2,\"name\":\"Tienda\",\"item\":\"https:\\\/\\\/dutchmicrodosing.com\\\/es\\\/tienda\\\/\"},{\"@type\":\"ListItem\",\"position\":3,\"name\":\"Reishi (Ganoderma Lucidum)-120 c\u00e1psulas\"}]},{\"@type\":\"WebSite\",\"@id\":\"https:\\\/\\\/dutchmicrodosing.com\\\/es\\\/#website\",\"url\":\"https:\\\/\\\/dutchmicrodosing.com\\\/es\\\/\",\"name\":\"Dutchmicrodosing\",\"description\":\"\",\"publisher\":{\"@id\":\"https:\\\/\\\/dutchmicrodosing.com\\\/es\\\/#organization\"},\"potentialAction\":[{\"@type\":\"SearchAction\",\"target\":{\"@type\":\"EntryPoint\",\"urlTemplate\":\"https:\\\/\\\/dutchmicrodosing.com\\\/es\\\/?s={search_term_string}\"},\"query-input\":{\"@type\":\"PropertyValueSpecification\",\"valueRequired\":true,\"valueName\":\"search_term_string\"}}],\"inLanguage\":\"es\"},{\"@type\":\"Organization\",\"@id\":\"https:\\\/\\\/dutchmicrodosing.com\\\/es\\\/#organization\",\"name\":\"Dutchmicrodosing\",\"url\":\"https:\\\/\\\/dutchmicrodosing.com\\\/es\\\/\",\"logo\":{\"@type\":\"ImageObject\",\"inLanguage\":\"es\",\"@id\":\"https:\\\/\\\/dutchmicrodosing.com\\\/es\\\/#\\\/schema\\\/logo\\\/image\\\/\",\"url\":\"https:\\\/\\\/dutchmicrodosing.com\\\/wp-content\\\/uploads\\\/2021\\\/01\\\/microdosing-categorie-pic-nieuw.jpg\",\"contentUrl\":\"https:\\\/\\\/dutchmicrodosing.com\\\/wp-content\\\/uploads\\\/2021\\\/01\\\/microdosing-categorie-pic-nieuw.jpg\",\"width\":500,\"height\":500,\"caption\":\"Dutchmicrodosing\"},\"image\":{\"@id\":\"https:\\\/\\\/dutchmicrodosing.com\\\/es\\\/#\\\/schema\\\/logo\\\/image\\\/\"},\"sameAs\":[\"https:\\\/\\\/www.facebook.com\\\/Dutchmicrodosingxp\\\/\",\"https:\\\/\\\/www.instagram.com\\\/dutchmicrodosing\\\/\"]}]}<\/script>\n<meta property=\"product:price:amount\" content=\"34.95\" \/>\n<meta property=\"product:price:currency\" content=\"EUR\" \/>\n<meta property=\"og:availability\" content=\"instock\" \/>\n<meta property=\"product:availability\" content=\"instock\" \/>\n<meta property=\"product:retailer_item_id\" content=\"1203562\" \/>\n<meta property=\"product:condition\" content=\"new\" \/>\n<!-- \/ Yoast SEO Premium plugin. -->","yoast_head_json":{"title":"Reishi (Ganoderma Lucidum)-120 c\u00e1psulas - Dutchmicrodosing","robots":{"index":"index","follow":"follow","max-snippet":"max-snippet:-1","max-image-preview":"max-image-preview:large","max-video-preview":"max-video-preview:-1"},"canonical":"https:\/\/dutchmicrodosing.com\/es\/setas-medicinales\/reishi-ganoderma-lucidum-120-caps\/","og_locale":"es_ES","og_type":"article","og_title":"Reishi (Ganoderma Lucidum)-120 c\u00e1psulas","og_description":"El reishi, tambi\u00e9n conocido como seta de laca japonesa, es un hongo conocido en el Extremo Oriente por sus propiedades medicinales. No en vano recibe el","og_url":"https:\/\/dutchmicrodosing.com\/es\/setas-medicinales\/reishi-ganoderma-lucidum-120-caps\/","og_site_name":"Dutchmicrodosing","article_publisher":"https:\/\/www.facebook.com\/Dutchmicrodosingxp\/","article_modified_time":"2026-01-15T13:51:48+00:00","og_image":[{"width":1000,"height":1000,"url":"https:\/\/dutchmicrodosing.com\/wp-content\/uploads\/2021\/03\/Reishi-2.jpg","type":"image\/jpeg"}],"twitter_card":"summary_large_image","schema":{"@context":"https:\/\/schema.org","@graph":[{"@type":"WebPage","@id":"https:\/\/dutchmicrodosing.com\/es\/setas-medicinales\/reishi-ganoderma-lucidum-120-caps\/","url":"https:\/\/dutchmicrodosing.com\/es\/setas-medicinales\/reishi-ganoderma-lucidum-120-caps\/","name":"Reishi (Ganoderma Lucidum)-120 c\u00e1psulas - Dutchmicrodosing","isPartOf":{"@id":"https:\/\/dutchmicrodosing.com\/es\/#website"},"primaryImageOfPage":{"@id":"https:\/\/dutchmicrodosing.com\/es\/setas-medicinales\/reishi-ganoderma-lucidum-120-caps\/#primaryimage"},"image":{"@id":"https:\/\/dutchmicrodosing.com\/es\/setas-medicinales\/reishi-ganoderma-lucidum-120-caps\/#primaryimage"},"thumbnailUrl":"https:\/\/dutchmicrodosing.com\/wp-content\/uploads\/2021\/03\/Reishi-2.jpg","datePublished":"2021-03-22T18:24:18+00:00","dateModified":"2026-01-15T13:51:48+00:00","breadcrumb":{"@id":"https:\/\/dutchmicrodosing.com\/es\/setas-medicinales\/reishi-ganoderma-lucidum-120-caps\/#breadcrumb"},"inLanguage":"es","potentialAction":[{"@type":"ReadAction","target":["https:\/\/dutchmicrodosing.com\/es\/setas-medicinales\/reishi-ganoderma-lucidum-120-caps\/"]}]},{"@type":"ImageObject","inLanguage":"es","@id":"https:\/\/dutchmicrodosing.com\/es\/setas-medicinales\/reishi-ganoderma-lucidum-120-caps\/#primaryimage","url":"https:\/\/dutchmicrodosing.com\/wp-content\/uploads\/2021\/03\/Reishi-2.jpg","contentUrl":"https:\/\/dutchmicrodosing.com\/wp-content\/uploads\/2021\/03\/Reishi-2.jpg","width":1000,"height":1000},{"@type":"BreadcrumbList","@id":"https:\/\/dutchmicrodosing.com\/es\/setas-medicinales\/reishi-ganoderma-lucidum-120-caps\/#breadcrumb","itemListElement":[{"@type":"ListItem","position":1,"name":"Home","item":"https:\/\/dutchmicrodosing.com\/es\/"},{"@type":"ListItem","position":2,"name":"Tienda","item":"https:\/\/dutchmicrodosing.com\/es\/tienda\/"},{"@type":"ListItem","position":3,"name":"Reishi (Ganoderma Lucidum)-120 c\u00e1psulas"}]},{"@type":"WebSite","@id":"https:\/\/dutchmicrodosing.com\/es\/#website","url":"https:\/\/dutchmicrodosing.com\/es\/","name":"Dutchmicrodosing","description":"","publisher":{"@id":"https:\/\/dutchmicrodosing.com\/es\/#organization"},"potentialAction":[{"@type":"SearchAction","target":{"@type":"EntryPoint","urlTemplate":"https:\/\/dutchmicrodosing.com\/es\/?s={search_term_string}"},"query-input":{"@type":"PropertyValueSpecification","valueRequired":true,"valueName":"search_term_string"}}],"inLanguage":"es"},{"@type":"Organization","@id":"https:\/\/dutchmicrodosing.com\/es\/#organization","name":"Dutchmicrodosing","url":"https:\/\/dutchmicrodosing.com\/es\/","logo":{"@type":"ImageObject","inLanguage":"es","@id":"https:\/\/dutchmicrodosing.com\/es\/#\/schema\/logo\/image\/","url":"https:\/\/dutchmicrodosing.com\/wp-content\/uploads\/2021\/01\/microdosing-categorie-pic-nieuw.jpg","contentUrl":"https:\/\/dutchmicrodosing.com\/wp-content\/uploads\/2021\/01\/microdosing-categorie-pic-nieuw.jpg","width":500,"height":500,"caption":"Dutchmicrodosing"},"image":{"@id":"https:\/\/dutchmicrodosing.com\/es\/#\/schema\/logo\/image\/"},"sameAs":["https:\/\/www.facebook.com\/Dutchmicrodosingxp\/","https:\/\/www.instagram.com\/dutchmicrodosing\/"]}]},"product_price_amount":"34.95","product_price_currency":"EUR","og_availability":"instock","product_availability":"instock","product_retailer_item_id":"1203562","product_condition":"new"},"_links":{"self":[{"href":"https:\/\/dutchmicrodosing.com\/es\/wp-json\/wp\/v2\/product\/5311","targetHints":{"allow":["GET"]}}],"collection":[{"href":"https:\/\/dutchmicrodosing.com\/es\/wp-json\/wp\/v2\/product"}],"about":[{"href":"https:\/\/dutchmicrodosing.com\/es\/wp-json\/wp\/v2\/types\/product"}],"replies":[{"embeddable":true,"href":"https:\/\/dutchmicrodosing.com\/es\/wp-json\/wp\/v2\/comments?post=5311"}],"version-history":[{"count":0,"href":"https:\/\/dutchmicrodosing.com\/es\/wp-json\/wp\/v2\/product\/5311\/revisions"}],"wp:featuredmedia":[{"embeddable":true,"href":"https:\/\/dutchmicrodosing.com\/es\/wp-json\/wp\/v2\/media\/3540"}],"wp:attachment":[{"href":"https:\/\/dutchmicrodosing.com\/es\/wp-json\/wp\/v2\/media?parent=5311"}],"wp:term":[{"taxonomy":"product_brand","embeddable":true,"href":"https:\/\/dutchmicrodosing.com\/es\/wp-json\/wp\/v2\/product_brand?post=5311"},{"taxonomy":"product_cat","embeddable":true,"href":"https:\/\/dutchmicrodosing.com\/es\/wp-json\/wp\/v2\/product_cat?post=5311"},{"taxonomy":"product_tag","embeddable":true,"href":"https:\/\/dutchmicrodosing.com\/es\/wp-json\/wp\/v2\/product_tag?post=5311"}],"curies":[{"name":"wp","href":"https:\/\/api.w.org\/{rel}","templated":true}]}}