{"id":5312,"date":"2021-03-22T19:31:14","date_gmt":"2021-03-22T18:31:14","guid":{"rendered":"https:\/\/dutchmicrodosing.com\/shop\/sin%20categor\u00eda\/melena-de-leon-hericium-erinaceus-120-caps\/"},"modified":"2025-08-19T15:25:08","modified_gmt":"2025-08-19T13:25:08","slug":"lions-mane-hericium-erinaceus-120-caps","status":"publish","type":"product","link":"https:\/\/dutchmicrodosing.com\/es\/setas-medicinales\/lions-mane-hericium-erinaceus-120-caps\/","title":{"rendered":"Melena de Le\u00f3n (Hericium erinaceus)-120 Caps."},"content":{"rendered":"<p>Lion\u2019s Mane van McMyco is een voedingssupplement waarmee je je gezondheid kunt ondersteunen. Als je de zwam Lion\u2019s Mane (in het Nederlands Pruikzwam) zou tegenkomen in het bos, dan zie je een opvallende verschijning: het lijkt alsof er een witte pruik, of de manen van een leeuw, op de stam van een boom groeit.  Helaas is de kans niet groot dat je hem in ons land tegenkomt, het is een bedreigde soort.<\/p>\n<p>Lion\u2019s mane valt ook op doordat hij je gezondheid kan helpen ondersteunen. Je zou hem kunnen gebruiken om o.a. je immuunsysteem een boost te geven. Maar zijn kracht ligt vooral in de beschermende werking die hij heeft op de hersenen.<\/p>\n<h2>Para qu\u00e9 se puede utilizar la melena de le\u00f3n<\/h2>\n<p>La melena de le\u00f3n se ha utilizado en Asia durante siglos, tanto en la cocina como por sus propiedades medicinales. El hongo tiene un sabor ligero y dulz\u00f3n, lo que lo convierte en un manjar en el Lejano Oriente. All\u00ed se utiliza en todo tipo de platos, incluso como sustituto de la carne.<\/p>\n<p>En Asia, el wigwam es conocido por sus propiedades protectoras. Se dice que devuelve el equilibrio al cuerpo y a la mente y se utiliza all\u00ed para la inquietud, los problemas de sue\u00f1o, la ansiedad y el estr\u00e9s. Tambi\u00e9n podr\u00eda tener un efecto positivo en su concentraci\u00f3n.<\/p>\n<p>El mundo m\u00e9dico occidental tambi\u00e9n est\u00e1 empezando a descubrir cada vez m\u00e1s lo que los hongos medicinales pueden ofrecer. Se est\u00e1 investigando mucho sobre los efectos medicinales de las setas. La Melena de Le\u00f3n de McMyco tambi\u00e9n puede contribuir a la buena salud. Puedes usar esto para:<\/p>\n<ul>\n<li>Problemas estomacales e intestinales<\/li>\n<li>Apoyo al sistema inmunitario<\/li>\n<li>Afecciones del sistema nervioso y del cerebro<\/li>\n<\/ul>\n<h2>La melena de le\u00f3n y sus efectos en el organismo<\/h2>\n<h3>El cerebro<\/h3>\n<p>Con la edad llegan las quejas, que solemos dar por supuestas. Lo notamos sobre todo en el peor funcionamiento de nuestro cerebro: aumentan los olvidos y no podemos seguir el ritmo con la misma facilidad. En casos graves, los ancianos pueden desarrollar la enfermedad de Alzheimer o de Parkinson. En estas enfermedades, las c\u00e9lulas nerviosas est\u00e1n da\u00f1adas y no hay forma de recuperarse de ellas.<\/p>\n<p>Tomar crin de le\u00f3n puede tener un efecto positivo sobre el cerebro y los nervios. Este hongo parece ser capaz de promover la producci\u00f3n de NGF (factor de crecimiento nervioso) y contiene neurop\u00e9ptidos, que participan en el mantenimiento y el crecimiento de la mielina y las c\u00e9lulas nerviosas. De este modo, la peluca tiene un efecto protector sobre los nervios y podr\u00eda limitar los efectos devastadores del Alzheimer y el Parkinson.<\/p>\n<h3>Para las molestias estomacales e intestinales<\/h3>\n<p>McMyco&#8217;s Lion&#8217;s Mane puede ayudar con varias dolencias gastrointestinales. Se puede utilizar para las inflamaciones, las \u00falceras, las infecciones bacterianas e incluso el c\u00e1ncer de est\u00f3mago. Los problemas del tracto gastrointestinal suelen estar causados por bacterias, como la H. Pylori. Este hongo en particular puede inhibir el crecimiento de esta bacteria y al mismo tiempo tiene un efecto protector sobre el revestimiento del est\u00f3mago.<\/p>\n<h3>Apoyo al sistema inmunitario<\/h3>\n<p>Muchas setas contienen todo tipo de sustancias valiosas. Por ejemplo, la melena de le\u00f3n es rica en polisac\u00e1ridos no lineales. Se trata de antioxidantes que tienen un efecto de apoyo a la resistencia, porque el cuerpo los necesita como material de construcci\u00f3n. As\u00ed que puede utilizar este suplemento para mantener su resistencia y protegerse contra las bacterias, los virus y otros par\u00e1sitos.<\/p>\n<h3>La melena de le\u00f3n de McMyco es f\u00e1cil de comprar en l\u00ednea<\/h3>\n<p>Si desea utilizar la Melena de Le\u00f3n para apoyar su salud, es bueno saber que este hongo es seguro de usar. Tenga cuidado si tiene alergias, en caso de embarazo o de lactancia. En ese caso, es aconsejable pedir consejo a su m\u00e9dico de cabecera. Compre este suplemento de forma r\u00e1pida y sencilla en nuestra tienda en un paquete de 120 c\u00e1psulas.<\/p>\n<p><strong>Ingredientes:<\/strong><\/p>\n<p>Por c\u00e1psula vegetal: 400 mg de extracto org\u00e1nico de melena de le\u00f3n (hericium erinaceus) procedente al 100% del cuerpo fruct\u00edfero (hongo). Es un extracto de espectro completo obtenido mediante H2O y etanol. Esto es para aprovechar al m\u00e1ximo los cuerpos fruct\u00edferos. Contiene un 30% de polisac\u00e1ridos y betaglucanos.<\/p>\n<p>Excipientes: citrato de magnesio y di\u00f3xido de silicio<br \/>\nDosificaci\u00f3n: 2 veces al d\u00eda 1 c\u00e1psula durante las comidas con agua.<br \/>\nContenido : 120 c\u00e1psulas<\/p>\n","protected":false},"excerpt":{"rendered":"<p>Lion\u2019s Mane van McMyco is een voedingssupplement waarmee je je gezondheid kunt ondersteunen. Als je de zwam Lion\u2019s Mane (in het Nederlands Pruikzwam) zou tegenkomen in het bos, dan zie je een opvallende verschijning: het lijkt alsof er een witte pruik, of de manen van een leeuw, op de stam van een boom groeit. Helaas [&hellip;]<\/p>\n","protected":false},"featured_media":3528,"comment_status":"open","ping_status":"closed","template":"","meta":[],"product_brand":[],"product_cat":[91,298],"product_tag":[],"class_list":{"0":"post-5312","1":"product","2":"type-product","3":"status-publish","4":"has-post-thumbnail","6":"product_cat-setas-medicinales","7":"product_cat-suplementos-para-el-sistema-inmunitario","9":"first","10":"instock","11":"taxable","12":"shipping-taxable","13":"purchasable","14":"product-type-simple"},"yoast_head":"<!-- This site is optimized with the Yoast SEO Premium plugin v26.4 (Yoast SEO v27.4) - https:\/\/yoast.com\/product\/yoast-seo-premium-wordpress\/ -->\n<title>Melena de Le\u00f3n (Hericium erinaceus)-120 Caps. - Dutchmicrodosing<\/title>\n<meta name=\"robots\" content=\"index, follow, max-snippet:-1, max-image-preview:large, max-video-preview:-1\" \/>\n<link rel=\"canonical\" href=\"https:\/\/dutchmicrodosing.com\/es\/setas-medicinales\/lions-mane-hericium-erinaceus-120-caps\/\" \/>\n<meta property=\"og:locale\" content=\"es_ES\" \/>\n<meta property=\"og:type\" content=\"article\" \/>\n<meta property=\"og:title\" content=\"Melena de Le\u00f3n (Hericium erinaceus)-120 Caps.\" \/>\n<meta property=\"og:description\" content=\"Lion\u2019s Mane van McMyco is een voedingssupplement waarmee je je gezondheid kunt ondersteunen. Als je de zwam Lion\u2019s Mane (in het Nederlands Pruikzwam) zou\" \/>\n<meta property=\"og:url\" content=\"https:\/\/dutchmicrodosing.com\/es\/setas-medicinales\/lions-mane-hericium-erinaceus-120-caps\/\" \/>\n<meta property=\"og:site_name\" content=\"Dutchmicrodosing\" \/>\n<meta property=\"article:publisher\" content=\"https:\/\/www.facebook.com\/Dutchmicrodosingxp\/\" \/>\n<meta property=\"article:modified_time\" content=\"2025-08-19T13:25:08+00:00\" \/>\n<meta property=\"og:image\" content=\"https:\/\/dutchmicrodosing.com\/wp-content\/uploads\/2021\/03\/Lions-mane-2-1.jpg\" \/>\n\t<meta property=\"og:image:width\" content=\"1000\" \/>\n\t<meta property=\"og:image:height\" content=\"1000\" \/>\n\t<meta property=\"og:image:type\" content=\"image\/jpeg\" \/>\n<meta name=\"twitter:card\" content=\"summary_large_image\" \/>\n<script type=\"application\/ld+json\" class=\"yoast-schema-graph\">{\"@context\":\"https:\\\/\\\/schema.org\",\"@graph\":[{\"@type\":\"WebPage\",\"@id\":\"https:\\\/\\\/dutchmicrodosing.com\\\/es\\\/setas-medicinales\\\/lions-mane-hericium-erinaceus-120-caps\\\/\",\"url\":\"https:\\\/\\\/dutchmicrodosing.com\\\/es\\\/setas-medicinales\\\/lions-mane-hericium-erinaceus-120-caps\\\/\",\"name\":\"Melena de Le\u00f3n (Hericium erinaceus)-120 Caps. - Dutchmicrodosing\",\"isPartOf\":{\"@id\":\"https:\\\/\\\/dutchmicrodosing.com\\\/es\\\/#website\"},\"primaryImageOfPage\":{\"@id\":\"https:\\\/\\\/dutchmicrodosing.com\\\/es\\\/setas-medicinales\\\/lions-mane-hericium-erinaceus-120-caps\\\/#primaryimage\"},\"image\":{\"@id\":\"https:\\\/\\\/dutchmicrodosing.com\\\/es\\\/setas-medicinales\\\/lions-mane-hericium-erinaceus-120-caps\\\/#primaryimage\"},\"thumbnailUrl\":\"https:\\\/\\\/dutchmicrodosing.com\\\/wp-content\\\/uploads\\\/2021\\\/03\\\/Lions-mane-2-1.jpg\",\"datePublished\":\"2021-03-22T18:31:14+00:00\",\"dateModified\":\"2025-08-19T13:25:08+00:00\",\"breadcrumb\":{\"@id\":\"https:\\\/\\\/dutchmicrodosing.com\\\/es\\\/setas-medicinales\\\/lions-mane-hericium-erinaceus-120-caps\\\/#breadcrumb\"},\"inLanguage\":\"es\",\"potentialAction\":[{\"@type\":\"ReadAction\",\"target\":[\"https:\\\/\\\/dutchmicrodosing.com\\\/es\\\/setas-medicinales\\\/lions-mane-hericium-erinaceus-120-caps\\\/\"]}]},{\"@type\":\"ImageObject\",\"inLanguage\":\"es\",\"@id\":\"https:\\\/\\\/dutchmicrodosing.com\\\/es\\\/setas-medicinales\\\/lions-mane-hericium-erinaceus-120-caps\\\/#primaryimage\",\"url\":\"https:\\\/\\\/dutchmicrodosing.com\\\/wp-content\\\/uploads\\\/2021\\\/03\\\/Lions-mane-2-1.jpg\",\"contentUrl\":\"https:\\\/\\\/dutchmicrodosing.com\\\/wp-content\\\/uploads\\\/2021\\\/03\\\/Lions-mane-2-1.jpg\",\"width\":1000,\"height\":1000},{\"@type\":\"BreadcrumbList\",\"@id\":\"https:\\\/\\\/dutchmicrodosing.com\\\/es\\\/setas-medicinales\\\/lions-mane-hericium-erinaceus-120-caps\\\/#breadcrumb\",\"itemListElement\":[{\"@type\":\"ListItem\",\"position\":1,\"name\":\"Home\",\"item\":\"https:\\\/\\\/dutchmicrodosing.com\\\/es\\\/\"},{\"@type\":\"ListItem\",\"position\":2,\"name\":\"Tienda\",\"item\":\"https:\\\/\\\/dutchmicrodosing.com\\\/es\\\/tienda\\\/\"},{\"@type\":\"ListItem\",\"position\":3,\"name\":\"Melena de Le\u00f3n (Hericium erinaceus)-120 Caps.\"}]},{\"@type\":\"WebSite\",\"@id\":\"https:\\\/\\\/dutchmicrodosing.com\\\/es\\\/#website\",\"url\":\"https:\\\/\\\/dutchmicrodosing.com\\\/es\\\/\",\"name\":\"Dutchmicrodosing\",\"description\":\"\",\"publisher\":{\"@id\":\"https:\\\/\\\/dutchmicrodosing.com\\\/es\\\/#organization\"},\"potentialAction\":[{\"@type\":\"SearchAction\",\"target\":{\"@type\":\"EntryPoint\",\"urlTemplate\":\"https:\\\/\\\/dutchmicrodosing.com\\\/es\\\/?s={search_term_string}\"},\"query-input\":{\"@type\":\"PropertyValueSpecification\",\"valueRequired\":true,\"valueName\":\"search_term_string\"}}],\"inLanguage\":\"es\"},{\"@type\":\"Organization\",\"@id\":\"https:\\\/\\\/dutchmicrodosing.com\\\/es\\\/#organization\",\"name\":\"Dutchmicrodosing\",\"url\":\"https:\\\/\\\/dutchmicrodosing.com\\\/es\\\/\",\"logo\":{\"@type\":\"ImageObject\",\"inLanguage\":\"es\",\"@id\":\"https:\\\/\\\/dutchmicrodosing.com\\\/es\\\/#\\\/schema\\\/logo\\\/image\\\/\",\"url\":\"https:\\\/\\\/dutchmicrodosing.com\\\/wp-content\\\/uploads\\\/2021\\\/01\\\/microdosing-categorie-pic-nieuw.jpg\",\"contentUrl\":\"https:\\\/\\\/dutchmicrodosing.com\\\/wp-content\\\/uploads\\\/2021\\\/01\\\/microdosing-categorie-pic-nieuw.jpg\",\"width\":500,\"height\":500,\"caption\":\"Dutchmicrodosing\"},\"image\":{\"@id\":\"https:\\\/\\\/dutchmicrodosing.com\\\/es\\\/#\\\/schema\\\/logo\\\/image\\\/\"},\"sameAs\":[\"https:\\\/\\\/www.facebook.com\\\/Dutchmicrodosingxp\\\/\",\"https:\\\/\\\/www.instagram.com\\\/dutchmicrodosing\\\/\"]}]}<\/script>\n<meta property=\"product:price:amount\" content=\"34.95\" \/>\n<meta property=\"product:price:currency\" content=\"EUR\" \/>\n<meta property=\"og:availability\" content=\"instock\" \/>\n<meta property=\"product:availability\" content=\"instock\" \/>\n<meta property=\"product:retailer_item_id\" content=\"1203592\" \/>\n<meta property=\"product:condition\" content=\"new\" \/>\n<!-- \/ Yoast SEO Premium plugin. -->","yoast_head_json":{"title":"Melena de Le\u00f3n (Hericium erinaceus)-120 Caps. - Dutchmicrodosing","robots":{"index":"index","follow":"follow","max-snippet":"max-snippet:-1","max-image-preview":"max-image-preview:large","max-video-preview":"max-video-preview:-1"},"canonical":"https:\/\/dutchmicrodosing.com\/es\/setas-medicinales\/lions-mane-hericium-erinaceus-120-caps\/","og_locale":"es_ES","og_type":"article","og_title":"Melena de Le\u00f3n (Hericium erinaceus)-120 Caps.","og_description":"Lion\u2019s Mane van McMyco is een voedingssupplement waarmee je je gezondheid kunt ondersteunen. Als je de zwam Lion\u2019s Mane (in het Nederlands Pruikzwam) zou","og_url":"https:\/\/dutchmicrodosing.com\/es\/setas-medicinales\/lions-mane-hericium-erinaceus-120-caps\/","og_site_name":"Dutchmicrodosing","article_publisher":"https:\/\/www.facebook.com\/Dutchmicrodosingxp\/","article_modified_time":"2025-08-19T13:25:08+00:00","og_image":[{"width":1000,"height":1000,"url":"https:\/\/dutchmicrodosing.com\/wp-content\/uploads\/2021\/03\/Lions-mane-2-1.jpg","type":"image\/jpeg"}],"twitter_card":"summary_large_image","schema":{"@context":"https:\/\/schema.org","@graph":[{"@type":"WebPage","@id":"https:\/\/dutchmicrodosing.com\/es\/setas-medicinales\/lions-mane-hericium-erinaceus-120-caps\/","url":"https:\/\/dutchmicrodosing.com\/es\/setas-medicinales\/lions-mane-hericium-erinaceus-120-caps\/","name":"Melena de Le\u00f3n (Hericium erinaceus)-120 Caps. - Dutchmicrodosing","isPartOf":{"@id":"https:\/\/dutchmicrodosing.com\/es\/#website"},"primaryImageOfPage":{"@id":"https:\/\/dutchmicrodosing.com\/es\/setas-medicinales\/lions-mane-hericium-erinaceus-120-caps\/#primaryimage"},"image":{"@id":"https:\/\/dutchmicrodosing.com\/es\/setas-medicinales\/lions-mane-hericium-erinaceus-120-caps\/#primaryimage"},"thumbnailUrl":"https:\/\/dutchmicrodosing.com\/wp-content\/uploads\/2021\/03\/Lions-mane-2-1.jpg","datePublished":"2021-03-22T18:31:14+00:00","dateModified":"2025-08-19T13:25:08+00:00","breadcrumb":{"@id":"https:\/\/dutchmicrodosing.com\/es\/setas-medicinales\/lions-mane-hericium-erinaceus-120-caps\/#breadcrumb"},"inLanguage":"es","potentialAction":[{"@type":"ReadAction","target":["https:\/\/dutchmicrodosing.com\/es\/setas-medicinales\/lions-mane-hericium-erinaceus-120-caps\/"]}]},{"@type":"ImageObject","inLanguage":"es","@id":"https:\/\/dutchmicrodosing.com\/es\/setas-medicinales\/lions-mane-hericium-erinaceus-120-caps\/#primaryimage","url":"https:\/\/dutchmicrodosing.com\/wp-content\/uploads\/2021\/03\/Lions-mane-2-1.jpg","contentUrl":"https:\/\/dutchmicrodosing.com\/wp-content\/uploads\/2021\/03\/Lions-mane-2-1.jpg","width":1000,"height":1000},{"@type":"BreadcrumbList","@id":"https:\/\/dutchmicrodosing.com\/es\/setas-medicinales\/lions-mane-hericium-erinaceus-120-caps\/#breadcrumb","itemListElement":[{"@type":"ListItem","position":1,"name":"Home","item":"https:\/\/dutchmicrodosing.com\/es\/"},{"@type":"ListItem","position":2,"name":"Tienda","item":"https:\/\/dutchmicrodosing.com\/es\/tienda\/"},{"@type":"ListItem","position":3,"name":"Melena de Le\u00f3n (Hericium erinaceus)-120 Caps."}]},{"@type":"WebSite","@id":"https:\/\/dutchmicrodosing.com\/es\/#website","url":"https:\/\/dutchmicrodosing.com\/es\/","name":"Dutchmicrodosing","description":"","publisher":{"@id":"https:\/\/dutchmicrodosing.com\/es\/#organization"},"potentialAction":[{"@type":"SearchAction","target":{"@type":"EntryPoint","urlTemplate":"https:\/\/dutchmicrodosing.com\/es\/?s={search_term_string}"},"query-input":{"@type":"PropertyValueSpecification","valueRequired":true,"valueName":"search_term_string"}}],"inLanguage":"es"},{"@type":"Organization","@id":"https:\/\/dutchmicrodosing.com\/es\/#organization","name":"Dutchmicrodosing","url":"https:\/\/dutchmicrodosing.com\/es\/","logo":{"@type":"ImageObject","inLanguage":"es","@id":"https:\/\/dutchmicrodosing.com\/es\/#\/schema\/logo\/image\/","url":"https:\/\/dutchmicrodosing.com\/wp-content\/uploads\/2021\/01\/microdosing-categorie-pic-nieuw.jpg","contentUrl":"https:\/\/dutchmicrodosing.com\/wp-content\/uploads\/2021\/01\/microdosing-categorie-pic-nieuw.jpg","width":500,"height":500,"caption":"Dutchmicrodosing"},"image":{"@id":"https:\/\/dutchmicrodosing.com\/es\/#\/schema\/logo\/image\/"},"sameAs":["https:\/\/www.facebook.com\/Dutchmicrodosingxp\/","https:\/\/www.instagram.com\/dutchmicrodosing\/"]}]},"product_price_amount":"34.95","product_price_currency":"EUR","og_availability":"instock","product_availability":"instock","product_retailer_item_id":"1203592","product_condition":"new"},"_links":{"self":[{"href":"https:\/\/dutchmicrodosing.com\/es\/wp-json\/wp\/v2\/product\/5312","targetHints":{"allow":["GET"]}}],"collection":[{"href":"https:\/\/dutchmicrodosing.com\/es\/wp-json\/wp\/v2\/product"}],"about":[{"href":"https:\/\/dutchmicrodosing.com\/es\/wp-json\/wp\/v2\/types\/product"}],"replies":[{"embeddable":true,"href":"https:\/\/dutchmicrodosing.com\/es\/wp-json\/wp\/v2\/comments?post=5312"}],"version-history":[{"count":0,"href":"https:\/\/dutchmicrodosing.com\/es\/wp-json\/wp\/v2\/product\/5312\/revisions"}],"wp:featuredmedia":[{"embeddable":true,"href":"https:\/\/dutchmicrodosing.com\/es\/wp-json\/wp\/v2\/media\/3528"}],"wp:attachment":[{"href":"https:\/\/dutchmicrodosing.com\/es\/wp-json\/wp\/v2\/media?parent=5312"}],"wp:term":[{"taxonomy":"product_brand","embeddable":true,"href":"https:\/\/dutchmicrodosing.com\/es\/wp-json\/wp\/v2\/product_brand?post=5312"},{"taxonomy":"product_cat","embeddable":true,"href":"https:\/\/dutchmicrodosing.com\/es\/wp-json\/wp\/v2\/product_cat?post=5312"},{"taxonomy":"product_tag","embeddable":true,"href":"https:\/\/dutchmicrodosing.com\/es\/wp-json\/wp\/v2\/product_tag?post=5312"}],"curies":[{"name":"wp","href":"https:\/\/api.w.org\/{rel}","templated":true}]}}