{"id":5314,"date":"2021-03-08T17:17:37","date_gmt":"2021-05-07T19:04:03","guid":{"rendered":"https:\/\/dutchmicrodosing.com\/shop\/niet-gecategoriseerd\/camboya-xp\/"},"modified":"2024-01-16T14:55:12","modified_gmt":"2024-01-16T13:55:12","slug":"camboya-xp","status":"publish","type":"product","link":"https:\/\/dutchmicrodosing.com\/es\/setas-alucinogenas\/kits-de-cultivo-fresh-mushrooms\/camboya-xp\/","title":{"rendered":"Camboya XP"},"content":{"rendered":"<p>Para un viaje medianamente fuerte con lecciones filos\u00f3ficas, elige el <strong>growkit Fresh Mushrooms Cambodian XP.<\/strong> \u00bfHas usado hongos m\u00e1gicos antes y est\u00e1s buscando algo m\u00e1s? Entonces est\u00e1s listo para el camboyano. Los efectos psicod\u00e9licos son medianamente fuertes y muy equilibrados. Esto los hace adecuados para los principiantes y los psiconautas m\u00e1s experimentados.<\/p>\n<h2>Cultiva tus propias setas camboyanas en casa<\/h2>\n<p>Con un growkit puedes cultivar tus propias setas camboyanas en casa. No es dif\u00edcil, sobre todo si elige el set de cultivo de setas frescas. Facilita el cultivo de setas. Adem\u00e1s, la Psilocybe Cubensis Camboya es una seta m\u00e1gica muy resistente, que crece r\u00e1pidamente y casi siempre emerge. En el growkit encontrar\u00e1s todo lo que necesitas para empezar tu cultivo. Si vas a usar los hongos m\u00e1gicos, entonces definitivamente tendr\u00e1s una experiencia maravillosa. Hay efectos visuales posibles, pero el efecto tambi\u00e9n afectar\u00e1 a tu pensamiento, haci\u00e9ndote tener reflexiones filos\u00f3ficas sobre la vida.<\/p>\n<h2>Efectos de las setas m\u00e1gicas camboyanas<\/h2>\n<p>Las setas de Camboya pueden provocar alucinaciones visuales. Los usuarios notan efectos de iluminaci\u00f3n, los colores son m\u00e1s brillantes y a veces los objetos se distorsionan. Estos efectos visuales pueden describirse como leves. Tambi\u00e9n es posible que empiece a o\u00edr los sonidos de forma diferente. Pero las setas m\u00e1gicas camboyanas son especialmente conocidas por su influencia filos\u00f3fica: a menudo ocurre que la gente obtiene percepciones especiales, sobre s\u00ed misma o sobre la vida. Te sientes creativo e inspirado.<\/p>\n<p>Tambi\u00e9n puedes perder la noci\u00f3n del tiempo. Adem\u00e1s, este hongo m\u00e1gico puede dar una sensaci\u00f3n de euforia. Tambi\u00e9n es posible que tenga problemas para hablar, lo que significa que no puede pronunciar bien las palabras y las frases. La seta camboyana es medianamente fuerte y la recomendamos para personas que hayan tropezado una o dos veces antes.<\/p>\n<h2>El hongo de Camboya: \u00bfde d\u00f3nde viene?<\/h2>\n<p>La seta camboyana es originaria de Camboya y fue encontrada por primera vez por el mic\u00f3logo John Allen cuando viajaba por este pa\u00eds. Encontr\u00f3 el hongo cerca del famoso templo de Angkor Watt. A pesar de que el mundo occidental s\u00f3lo conoci\u00f3 los efectos de expansi\u00f3n de la mente, la poblaci\u00f3n original sab\u00eda muy bien qu\u00e9 tipo de propiedades tiene el hongo. Lo utilizaron durante siglos en los rituales para entrar en contacto con los esp\u00edritus.<\/p>\n<h2>Kit de cultivo manual camboyano<\/h2>\n<p><a href=\"https:\/\/dutchmicrodosing.com\/es\/growkit_manual\/\">Descargue aqu\u00ed : Manual del kit de cultivo de setas frescas<\/a><\/p>\n<ol>\n<li>Saca el kit de cultivo, la bolsa de pl\u00e1stico y el clip de la caja. Retire la tapa del juego de cultivo (guarde la tapa en un lugar seguro). Aclare la tapa bajo el grifo. Lo necesitar\u00e1s de nuevo m\u00e1s adelante.<\/li>\n<li>Coloque el juego de cultivo sin tapa en la bolsa de pl\u00e1stico suministrada. Deslice la apertura de la bolsa bajo el fondo con la microperforaci\u00f3n hacia arriba. La apertura de la bolsa ya est\u00e1 pr\u00e1cticamente cerrada. No hay que preocuparse por la circulaci\u00f3n del aire.<\/li>\n<li>En cuanto veas que crecen bolitas, puedes empezar a poner la bolsa en posici\u00f3n vertical. No regar. Los primeros hongos ser\u00e1n visibles despu\u00e9s de una semana aproximadamente.<\/li>\n<li>Coloque el set de cultivo en una zona con suficiente luz natural y a una temperatura de entre 18 \u00b0C y 28 \u00b0C. NUNCA coloque el set de cultivo a la luz directa del sol. Aunque los hongos crecen a casi cualquier temperatura por encima de los 15 \u00b0C, 23 \u00b0C es la temperatura ideal para una cosecha \u00f3ptima. Existen alfombras t\u00e9rmicas especiales para garantizar esta temperatura y no tener que calentar toda la habitaci\u00f3n.<\/li>\n<li>A partir de este momento, deje la bolsa ligeramente abierta todo el tiempo, para que la humedad pueda evaporarse un poco. Un exceso de humedad no es bueno. Su primera cosecha ser\u00e1 aproximadamente una semana despu\u00e9s de la aparici\u00f3n de los primeros bulbos. Aseg\u00farate de cosechar antes de que empiecen a caer las primeras esporas.<\/li>\n<li>Estos conjuntos producen m\u00faltiples cosechas de setas. Para ello, llene el kit con agua limpia del grifo despu\u00e9s de la primera cosecha. Este proceso se conoce como choque de fr\u00edo y da nueva vida al micelio y asegura que haya suficiente humedad para que los hongos crezcan.<\/li>\n<li>Vuelva a colocar la tapa del kit de cultivo. Dejar reposar el conjunto durante 12 horas. Abra una esquina de la tapa y deje que el exceso de agua se escurra. A partir de aqu\u00ed puedes volver a seguir las instrucciones del paso 1. Este proceso puede repetirse varias veces.<\/li>\n<\/ol>\n<div>\n<h2>La cosecha de su kit de cultivo de setas frescas<\/h2>\n<p>Los kits de cultivo de Freshmushrooms producen su primera cosecha con bastante rapidez. Despu\u00e9s de una semana, los primeros brotes ya son visibles. Las temperaturas bajas y altas pueden ralentizar un poco este proceso de crecimiento. Una vez que los brotes son visibles, los hongos suelen tardar una semana en desarrollarse completamente.<\/p>\n<p>El momento de la cosecha es extremadamente importante. Cuando las membranas bajo los sombreros est\u00e1n todav\u00eda apretadas, pero corren el riesgo de reventar o aflojarse debido a la fuerza de los sombreros, es el momento de cosechar.<\/p>\n<\/div>\n<h3>\u00bfCu\u00e1nto hay que tomar?<\/h3>\n<p>Siempre aconsejamos a los principiantes que tengan cuidado con la dosificaci\u00f3n de las setas m\u00e1gicas. Si no has tropezado antes, debes tomar una dosis menor que si ya tienes experiencia. Cuanto m\u00e1s se tome, m\u00e1s pesada ser\u00e1 la punta. A la hora de dosificar, tambi\u00e9n es importante su peso y si tiene algo en el est\u00f3mago. Las siguientes directrices pueden ayudarle en su camino:<\/p>\n<ul>\n<li>Microdosificaci\u00f3n: 0,2 gramos de setas secas | 2 gramos de setas frescas<\/li>\n<li>Viaje suave: 1 gramo de setas secas | 9 gramos de setas frescas<\/li>\n<li>Viaje normal: 2 gramos de setas secas | 21 gramos de setas frescas<\/li>\n<li>Viaje intenso: 3,5 gramos de setas secas | 35 gramos de setas frescas<\/li>\n<\/ul>\n<p>El viaje con setas m\u00e1gicas es una experiencia personal. Cada persona reacciona de forma diferente, y lo que es c\u00f3modo para una persona no lo es para otra. No te dejes convencer para hacer algo que no te parece correcto. Setas frescas Las setas XP de Camboya se pueden comer crudas o secas. Tambi\u00e9n puedes preparar un t\u00e9 de hongos m\u00e1gicos. Hervir un poco de agua, dejarla enfriar un poco y verterla sobre las setas. Deja reposar el t\u00e9 durante 20 minutos y luego b\u00e9belo.<\/p>\n<h3>Preparar el viaje<\/h3>\n<p>Antes de empezar a tropezar, puedes pensar en el conjunto y el escenario. Esto significa que primero tienes que decidir d\u00f3nde vas a viajar: \u00bfen tu propia casa o con amigos? \u00bfY qui\u00e9n estar\u00e1 all\u00ed? Elige un lugar en el que te sientas relajado y rod\u00e9ate de gente en la que puedas confiar. Tambi\u00e9n hay que tener en cuenta su propio estado mental y emocional. Si est\u00e1 inquieto, asustado o enfadado, esto puede tener un efecto negativo en su viaje.<\/p>\n<p>Lleva a una persona de viaje contigo. Esta persona se mantiene sobria y, por tanto, no consume alcohol ni drogas. Si tomas las setas camboyanas, el tripsitter estar\u00e1 cerca para ayudarte si lo necesitas. Es agradable, cuando el viaje es un poco pesado, que haya alguien que pueda tranquilizarte. Tambi\u00e9n hay que disponer de un tap\u00f3n de viaje, esto puede hacer que los efectos de la seta disminuyan m\u00e1s r\u00e1pidamente.<\/p>\n<h2>Compre en l\u00ednea su kit de cultivo de setas XP de Camboya<\/h2>\n<p>\u00bfBusca una seta agradable para tener un buen viaje? Si eres principiante o ya tienes experiencia, la XP camboyana es ideal. Pida su propio kit de cultivo en nuestra tienda web, para que pueda cultivarlo f\u00e1cilmente en casa y experimentar por s\u00ed mismo lo que este hongo tiene que ense\u00f1arle. El kit de cultivo se env\u00eda en un embalaje seguro y neutro.<\/p>\n","protected":false},"excerpt":{"rendered":"<p>Para un viaje medianamente fuerte con lecciones filos\u00f3ficas, elige el growkit Fresh Mushrooms Cambodian XP. \u00bfHas usado hongos m\u00e1gicos antes y est\u00e1s buscando algo m\u00e1s? Entonces est\u00e1s listo para el camboyano. Los efectos psicod\u00e9licos son medianamente fuertes y muy equilibrados. Esto los hace adecuados para los principiantes y los psiconautas m\u00e1s experimentados. Cultiva tus propias [&hellip;]<\/p>\n","protected":false},"featured_media":3572,"comment_status":"open","ping_status":"closed","template":"","meta":[],"product_brand":[],"product_cat":[139],"product_tag":[],"class_list":{"0":"post-5314","1":"product","2":"type-product","3":"status-publish","4":"has-post-thumbnail","6":"product_cat-kits-de-cultivo-fresh-mushrooms","8":"first","9":"instock","10":"taxable","11":"shipping-taxable","12":"purchasable","13":"product-type-simple"},"yoast_head":"<!-- This site is optimized with the Yoast SEO Premium plugin v26.4 (Yoast SEO v27.4) - https:\/\/yoast.com\/product\/yoast-seo-premium-wordpress\/ -->\n<title>Compre su kit de cultivo de setas XP de Camboya en l\u00ednea | Entrega discreta<\/title>\n<meta name=\"description\" content=\"\u00bfBusca una seta agradable para tener un buen viaje? Si usted es un principiante o ya tiene algo de experiencia, entonces la XP camboyana es la seta ideal.\" \/>\n<meta name=\"robots\" content=\"index, follow, max-snippet:-1, max-image-preview:large, max-video-preview:-1\" \/>\n<link rel=\"canonical\" href=\"https:\/\/dutchmicrodosing.com\/es\/setas-alucinogenas\/kits-de-cultivo-fresh-mushrooms\/camboya-xp\/\" \/>\n<meta property=\"og:locale\" content=\"es_ES\" \/>\n<meta property=\"og:type\" content=\"article\" \/>\n<meta property=\"og:title\" content=\"Camboya XP\" \/>\n<meta property=\"og:description\" content=\"Para un viaje medianamente fuerte con lecciones filos\u00f3ficas, elige el growkit Fresh Mushrooms Cambodian XP. \u00bfHas usado hongos m\u00e1gicos antes y est\u00e1s\" \/>\n<meta property=\"og:url\" content=\"https:\/\/dutchmicrodosing.com\/es\/setas-alucinogenas\/kits-de-cultivo-fresh-mushrooms\/camboya-xp\/\" \/>\n<meta property=\"og:site_name\" content=\"Dutchmicrodosing\" \/>\n<meta property=\"article:publisher\" content=\"https:\/\/www.facebook.com\/Dutchmicrodosingxp\/\" \/>\n<meta property=\"article:modified_time\" content=\"2024-01-16T13:55:12+00:00\" \/>\n<meta property=\"og:image\" content=\"https:\/\/dutchmicrodosing.com\/wp-content\/uploads\/2021\/02\/Cabodian-xp.jpg\" \/>\n\t<meta property=\"og:image:width\" content=\"500\" \/>\n\t<meta property=\"og:image:height\" content=\"500\" \/>\n\t<meta property=\"og:image:type\" content=\"image\/jpeg\" \/>\n<meta name=\"twitter:card\" content=\"summary_large_image\" \/>\n<script type=\"application\/ld+json\" class=\"yoast-schema-graph\">{\"@context\":\"https:\\\/\\\/schema.org\",\"@graph\":[{\"@type\":\"WebPage\",\"@id\":\"https:\\\/\\\/dutchmicrodosing.com\\\/es\\\/setas-alucinogenas\\\/kits-de-cultivo-fresh-mushrooms\\\/camboya-xp\\\/\",\"url\":\"https:\\\/\\\/dutchmicrodosing.com\\\/es\\\/setas-alucinogenas\\\/kits-de-cultivo-fresh-mushrooms\\\/camboya-xp\\\/\",\"name\":\"Compre su kit de cultivo de setas XP de Camboya en l\u00ednea | Entrega discreta\",\"isPartOf\":{\"@id\":\"https:\\\/\\\/dutchmicrodosing.com\\\/es\\\/#website\"},\"primaryImageOfPage\":{\"@id\":\"https:\\\/\\\/dutchmicrodosing.com\\\/es\\\/setas-alucinogenas\\\/kits-de-cultivo-fresh-mushrooms\\\/camboya-xp\\\/#primaryimage\"},\"image\":{\"@id\":\"https:\\\/\\\/dutchmicrodosing.com\\\/es\\\/setas-alucinogenas\\\/kits-de-cultivo-fresh-mushrooms\\\/camboya-xp\\\/#primaryimage\"},\"thumbnailUrl\":\"https:\\\/\\\/dutchmicrodosing.com\\\/wp-content\\\/uploads\\\/2021\\\/02\\\/Cabodian-xp.jpg\",\"datePublished\":\"2021-05-07T19:04:03+00:00\",\"dateModified\":\"2024-01-16T13:55:12+00:00\",\"description\":\"\u00bfBusca una seta agradable para tener un buen viaje? Si usted es un principiante o ya tiene algo de experiencia, entonces la XP camboyana es la seta ideal.\",\"breadcrumb\":{\"@id\":\"https:\\\/\\\/dutchmicrodosing.com\\\/es\\\/setas-alucinogenas\\\/kits-de-cultivo-fresh-mushrooms\\\/camboya-xp\\\/#breadcrumb\"},\"inLanguage\":\"es\",\"potentialAction\":[{\"@type\":\"ReadAction\",\"target\":[\"https:\\\/\\\/dutchmicrodosing.com\\\/es\\\/setas-alucinogenas\\\/kits-de-cultivo-fresh-mushrooms\\\/camboya-xp\\\/\"]}]},{\"@type\":\"ImageObject\",\"inLanguage\":\"es\",\"@id\":\"https:\\\/\\\/dutchmicrodosing.com\\\/es\\\/setas-alucinogenas\\\/kits-de-cultivo-fresh-mushrooms\\\/camboya-xp\\\/#primaryimage\",\"url\":\"https:\\\/\\\/dutchmicrodosing.com\\\/wp-content\\\/uploads\\\/2021\\\/02\\\/Cabodian-xp.jpg\",\"contentUrl\":\"https:\\\/\\\/dutchmicrodosing.com\\\/wp-content\\\/uploads\\\/2021\\\/02\\\/Cabodian-xp.jpg\",\"width\":500,\"height\":500},{\"@type\":\"BreadcrumbList\",\"@id\":\"https:\\\/\\\/dutchmicrodosing.com\\\/es\\\/setas-alucinogenas\\\/kits-de-cultivo-fresh-mushrooms\\\/camboya-xp\\\/#breadcrumb\",\"itemListElement\":[{\"@type\":\"ListItem\",\"position\":1,\"name\":\"Home\",\"item\":\"https:\\\/\\\/dutchmicrodosing.com\\\/es\\\/\"},{\"@type\":\"ListItem\",\"position\":2,\"name\":\"Tienda\",\"item\":\"https:\\\/\\\/dutchmicrodosing.com\\\/es\\\/tienda\\\/\"},{\"@type\":\"ListItem\",\"position\":3,\"name\":\"Camboya XP\"}]},{\"@type\":\"WebSite\",\"@id\":\"https:\\\/\\\/dutchmicrodosing.com\\\/es\\\/#website\",\"url\":\"https:\\\/\\\/dutchmicrodosing.com\\\/es\\\/\",\"name\":\"Dutchmicrodosing\",\"description\":\"\",\"publisher\":{\"@id\":\"https:\\\/\\\/dutchmicrodosing.com\\\/es\\\/#organization\"},\"potentialAction\":[{\"@type\":\"SearchAction\",\"target\":{\"@type\":\"EntryPoint\",\"urlTemplate\":\"https:\\\/\\\/dutchmicrodosing.com\\\/es\\\/?s={search_term_string}\"},\"query-input\":{\"@type\":\"PropertyValueSpecification\",\"valueRequired\":true,\"valueName\":\"search_term_string\"}}],\"inLanguage\":\"es\"},{\"@type\":\"Organization\",\"@id\":\"https:\\\/\\\/dutchmicrodosing.com\\\/es\\\/#organization\",\"name\":\"Dutchmicrodosing\",\"url\":\"https:\\\/\\\/dutchmicrodosing.com\\\/es\\\/\",\"logo\":{\"@type\":\"ImageObject\",\"inLanguage\":\"es\",\"@id\":\"https:\\\/\\\/dutchmicrodosing.com\\\/es\\\/#\\\/schema\\\/logo\\\/image\\\/\",\"url\":\"https:\\\/\\\/dutchmicrodosing.com\\\/wp-content\\\/uploads\\\/2021\\\/01\\\/microdosing-categorie-pic-nieuw.jpg\",\"contentUrl\":\"https:\\\/\\\/dutchmicrodosing.com\\\/wp-content\\\/uploads\\\/2021\\\/01\\\/microdosing-categorie-pic-nieuw.jpg\",\"width\":500,\"height\":500,\"caption\":\"Dutchmicrodosing\"},\"image\":{\"@id\":\"https:\\\/\\\/dutchmicrodosing.com\\\/es\\\/#\\\/schema\\\/logo\\\/image\\\/\"},\"sameAs\":[\"https:\\\/\\\/www.facebook.com\\\/Dutchmicrodosingxp\\\/\",\"https:\\\/\\\/www.instagram.com\\\/dutchmicrodosing\\\/\"]}]}<\/script>\n<meta property=\"product:price:amount\" content=\"39.95\" \/>\n<meta property=\"product:price:currency\" content=\"EUR\" \/>\n<meta property=\"og:availability\" content=\"instock\" \/>\n<meta property=\"product:availability\" content=\"instock\" \/>\n<meta property=\"product:retailer_item_id\" content=\"0208957\" \/>\n<meta property=\"product:condition\" content=\"new\" \/>\n<!-- \/ Yoast SEO Premium plugin. -->","yoast_head_json":{"title":"Compre su kit de cultivo de setas XP de Camboya en l\u00ednea | Entrega discreta","description":"\u00bfBusca una seta agradable para tener un buen viaje? Si usted es un principiante o ya tiene algo de experiencia, entonces la XP camboyana es la seta ideal.","robots":{"index":"index","follow":"follow","max-snippet":"max-snippet:-1","max-image-preview":"max-image-preview:large","max-video-preview":"max-video-preview:-1"},"canonical":"https:\/\/dutchmicrodosing.com\/es\/setas-alucinogenas\/kits-de-cultivo-fresh-mushrooms\/camboya-xp\/","og_locale":"es_ES","og_type":"article","og_title":"Camboya XP","og_description":"Para un viaje medianamente fuerte con lecciones filos\u00f3ficas, elige el growkit Fresh Mushrooms Cambodian XP. \u00bfHas usado hongos m\u00e1gicos antes y est\u00e1s","og_url":"https:\/\/dutchmicrodosing.com\/es\/setas-alucinogenas\/kits-de-cultivo-fresh-mushrooms\/camboya-xp\/","og_site_name":"Dutchmicrodosing","article_publisher":"https:\/\/www.facebook.com\/Dutchmicrodosingxp\/","article_modified_time":"2024-01-16T13:55:12+00:00","og_image":[{"width":500,"height":500,"url":"https:\/\/dutchmicrodosing.com\/wp-content\/uploads\/2021\/02\/Cabodian-xp.jpg","type":"image\/jpeg"}],"twitter_card":"summary_large_image","schema":{"@context":"https:\/\/schema.org","@graph":[{"@type":"WebPage","@id":"https:\/\/dutchmicrodosing.com\/es\/setas-alucinogenas\/kits-de-cultivo-fresh-mushrooms\/camboya-xp\/","url":"https:\/\/dutchmicrodosing.com\/es\/setas-alucinogenas\/kits-de-cultivo-fresh-mushrooms\/camboya-xp\/","name":"Compre su kit de cultivo de setas XP de Camboya en l\u00ednea | Entrega discreta","isPartOf":{"@id":"https:\/\/dutchmicrodosing.com\/es\/#website"},"primaryImageOfPage":{"@id":"https:\/\/dutchmicrodosing.com\/es\/setas-alucinogenas\/kits-de-cultivo-fresh-mushrooms\/camboya-xp\/#primaryimage"},"image":{"@id":"https:\/\/dutchmicrodosing.com\/es\/setas-alucinogenas\/kits-de-cultivo-fresh-mushrooms\/camboya-xp\/#primaryimage"},"thumbnailUrl":"https:\/\/dutchmicrodosing.com\/wp-content\/uploads\/2021\/02\/Cabodian-xp.jpg","datePublished":"2021-05-07T19:04:03+00:00","dateModified":"2024-01-16T13:55:12+00:00","description":"\u00bfBusca una seta agradable para tener un buen viaje? Si usted es un principiante o ya tiene algo de experiencia, entonces la XP camboyana es la seta ideal.","breadcrumb":{"@id":"https:\/\/dutchmicrodosing.com\/es\/setas-alucinogenas\/kits-de-cultivo-fresh-mushrooms\/camboya-xp\/#breadcrumb"},"inLanguage":"es","potentialAction":[{"@type":"ReadAction","target":["https:\/\/dutchmicrodosing.com\/es\/setas-alucinogenas\/kits-de-cultivo-fresh-mushrooms\/camboya-xp\/"]}]},{"@type":"ImageObject","inLanguage":"es","@id":"https:\/\/dutchmicrodosing.com\/es\/setas-alucinogenas\/kits-de-cultivo-fresh-mushrooms\/camboya-xp\/#primaryimage","url":"https:\/\/dutchmicrodosing.com\/wp-content\/uploads\/2021\/02\/Cabodian-xp.jpg","contentUrl":"https:\/\/dutchmicrodosing.com\/wp-content\/uploads\/2021\/02\/Cabodian-xp.jpg","width":500,"height":500},{"@type":"BreadcrumbList","@id":"https:\/\/dutchmicrodosing.com\/es\/setas-alucinogenas\/kits-de-cultivo-fresh-mushrooms\/camboya-xp\/#breadcrumb","itemListElement":[{"@type":"ListItem","position":1,"name":"Home","item":"https:\/\/dutchmicrodosing.com\/es\/"},{"@type":"ListItem","position":2,"name":"Tienda","item":"https:\/\/dutchmicrodosing.com\/es\/tienda\/"},{"@type":"ListItem","position":3,"name":"Camboya XP"}]},{"@type":"WebSite","@id":"https:\/\/dutchmicrodosing.com\/es\/#website","url":"https:\/\/dutchmicrodosing.com\/es\/","name":"Dutchmicrodosing","description":"","publisher":{"@id":"https:\/\/dutchmicrodosing.com\/es\/#organization"},"potentialAction":[{"@type":"SearchAction","target":{"@type":"EntryPoint","urlTemplate":"https:\/\/dutchmicrodosing.com\/es\/?s={search_term_string}"},"query-input":{"@type":"PropertyValueSpecification","valueRequired":true,"valueName":"search_term_string"}}],"inLanguage":"es"},{"@type":"Organization","@id":"https:\/\/dutchmicrodosing.com\/es\/#organization","name":"Dutchmicrodosing","url":"https:\/\/dutchmicrodosing.com\/es\/","logo":{"@type":"ImageObject","inLanguage":"es","@id":"https:\/\/dutchmicrodosing.com\/es\/#\/schema\/logo\/image\/","url":"https:\/\/dutchmicrodosing.com\/wp-content\/uploads\/2021\/01\/microdosing-categorie-pic-nieuw.jpg","contentUrl":"https:\/\/dutchmicrodosing.com\/wp-content\/uploads\/2021\/01\/microdosing-categorie-pic-nieuw.jpg","width":500,"height":500,"caption":"Dutchmicrodosing"},"image":{"@id":"https:\/\/dutchmicrodosing.com\/es\/#\/schema\/logo\/image\/"},"sameAs":["https:\/\/www.facebook.com\/Dutchmicrodosingxp\/","https:\/\/www.instagram.com\/dutchmicrodosing\/"]}]},"product_price_amount":"39.95","product_price_currency":"EUR","og_availability":"instock","product_availability":"instock","product_retailer_item_id":"0208957","product_condition":"new"},"_links":{"self":[{"href":"https:\/\/dutchmicrodosing.com\/es\/wp-json\/wp\/v2\/product\/5314","targetHints":{"allow":["GET"]}}],"collection":[{"href":"https:\/\/dutchmicrodosing.com\/es\/wp-json\/wp\/v2\/product"}],"about":[{"href":"https:\/\/dutchmicrodosing.com\/es\/wp-json\/wp\/v2\/types\/product"}],"replies":[{"embeddable":true,"href":"https:\/\/dutchmicrodosing.com\/es\/wp-json\/wp\/v2\/comments?post=5314"}],"version-history":[{"count":0,"href":"https:\/\/dutchmicrodosing.com\/es\/wp-json\/wp\/v2\/product\/5314\/revisions"}],"wp:featuredmedia":[{"embeddable":true,"href":"https:\/\/dutchmicrodosing.com\/es\/wp-json\/wp\/v2\/media\/3572"}],"wp:attachment":[{"href":"https:\/\/dutchmicrodosing.com\/es\/wp-json\/wp\/v2\/media?parent=5314"}],"wp:term":[{"taxonomy":"product_brand","embeddable":true,"href":"https:\/\/dutchmicrodosing.com\/es\/wp-json\/wp\/v2\/product_brand?post=5314"},{"taxonomy":"product_cat","embeddable":true,"href":"https:\/\/dutchmicrodosing.com\/es\/wp-json\/wp\/v2\/product_cat?post=5314"},{"taxonomy":"product_tag","embeddable":true,"href":"https:\/\/dutchmicrodosing.com\/es\/wp-json\/wp\/v2\/product_tag?post=5314"}],"curies":[{"name":"wp","href":"https:\/\/api.w.org\/{rel}","templated":true}]}}