{"id":5315,"date":"2021-03-08T17:14:57","date_gmt":"2021-05-07T19:04:18","guid":{"rendered":"https:\/\/dutchmicrodosing.com\/shop\/niet-gecategoriseerd\/mazatapec-xp-2\/"},"modified":"2024-01-16T15:34:06","modified_gmt":"2024-01-16T14:34:06","slug":"mazatapec-xp","status":"publish","type":"product","link":"https:\/\/dutchmicrodosing.com\/es\/setas-alucinogenas\/kits-de-cultivo-fresh-mushrooms\/mazatapec-xp\/","title":{"rendered":"Mazatapec XP"},"content":{"rendered":"<p>El hongo <strong>psilocybe cubensis Mazatapec<\/strong> procede de M\u00e9xico, de la regi\u00f3n del mismo nombre. Es adecuado para los usuarios que ya han hecho zancadillas. Los efectos del Mazatapec son un poco m\u00e1s fuertes que los de las setas m\u00e1gicas tailandesas o camboyanas. As\u00ed que s\u00f3lo recomendamos su uso si tienes algo de experiencia.<\/p>\n<h2>Cultiva tu propio Mazatapec con este kit de cultivo<\/h2>\n<p>Si quieres un viaje m\u00e1s intenso que el que puedes conseguir con las setas m\u00e1gicas tailandesas o mexicanas, pero las ecuatorianas y las McKennaii est\u00e1n demasiado lejos para ti, entonces la Mazatapec XP es la elecci\u00f3n correcta. Te ayudan a sacar m\u00e1s partido a tus viajes y a profundizar en ellos. Y no tienes que preocuparte por un posible mal viaje. Cuando se viaja con psilocybe cubensis Mazatapec, nunca se produce un mal viaje, incluso cuando se toma una dosis alta.<\/p>\n<h3>Un poco de historia<\/h3>\n<p>Estos hongos m\u00e1gicos han sido cultivados durante siglos por los pueblos ind\u00edgenas de M\u00e9xico. Utilizan las largas y p\u00e1lidas setas con sus sombreros dorados con fines religiosos. El hongo Mazatapec XP crece r\u00e1pidamente y es f\u00e1cil de cultivar, incluso en casa con su propio kit de cultivo de Fresh Mushrooms.<\/p>\n<h2>Manual del kit de cr\u00eda Mazatapec<\/h2>\n<p><a href=\"https:\/\/dutchmicrodosing.com\/es\/growkit_manual\/\">Descargue aqu\u00ed : Manual del kit de cultivo de setas frescas<\/a><\/p>\n<ol>\n<li>Saca el kit de cultivo, la bolsa de pl\u00e1stico y el clip de la caja. Retire la tapa del juego de cultivo (guarde la tapa en un lugar seguro). Aclare la tapa bajo el grifo. Lo necesitar\u00e1s de nuevo m\u00e1s adelante.<\/li>\n<li>Coloque el juego de cultivo sin tapa en la bolsa de pl\u00e1stico suministrada. Deslice la apertura de la bolsa bajo el fondo con la microperforaci\u00f3n hacia arriba. La apertura de la bolsa ya est\u00e1 pr\u00e1cticamente cerrada. No hay que preocuparse por la circulaci\u00f3n del aire.<\/li>\n<li>En cuanto veas que crecen bolitas, puedes empezar a poner la bolsa en posici\u00f3n vertical. No regar. Los primeros hongos ser\u00e1n visibles despu\u00e9s de una semana aproximadamente.<\/li>\n<li>Coloque el set de cultivo en una zona con suficiente luz natural y a una temperatura de entre 18 \u00b0C y 28 \u00b0C. NUNCA coloque el set de cultivo a la luz directa del sol. Aunque los hongos crecen a casi cualquier temperatura por encima de los 15 \u00b0C, 23 \u00b0C es la temperatura ideal para una cosecha \u00f3ptima. Existen alfombras t\u00e9rmicas especiales para garantizar esta temperatura y no tener que calentar toda la habitaci\u00f3n.<\/li>\n<li>A partir de este momento, deje la bolsa ligeramente abierta todo el tiempo, para que la humedad pueda evaporarse un poco. Un exceso de humedad no es bueno. Su primera cosecha ser\u00e1 aproximadamente una semana despu\u00e9s de la aparici\u00f3n de los primeros bulbos. Aseg\u00farate de cosechar antes de que empiecen a caer las primeras esporas.<\/li>\n<li>Estos conjuntos producen m\u00faltiples cosechas de setas. Para ello, llene el kit con agua limpia del grifo despu\u00e9s de la primera cosecha. Este proceso se conoce como choque de fr\u00edo y da nueva vida al micelio y asegura que haya suficiente humedad para que los hongos crezcan.<\/li>\n<li>Vuelva a colocar la tapa del kit de cultivo. Dejar reposar el conjunto durante 12 horas. Abra una esquina de la tapa y deje que el exceso de agua se escurra. A partir de aqu\u00ed puedes volver a seguir las instrucciones del paso 1. Este proceso puede repetirse varias veces.<\/li>\n<\/ol>\n<h2>La cosecha:<\/h2>\n<p>Los kits de cultivo de Freshmushrooms producen su primera cosecha con bastante rapidez. Despu\u00e9s de una semana, los primeros brotes ya son visibles. Las temperaturas bajas y altas pueden ralentizar un poco este proceso de crecimiento. Una vez que los brotes son visibles, los hongos suelen tardar una semana en desarrollarse completamente. El momento de la cosecha es extremadamente importante. Cuando las membranas bajo los sombreros est\u00e1n todav\u00eda apretadas, pero corren el riesgo de reventar o aflojarse debido a la fuerza de los sombreros, es el momento de cosechar.<span style=\"text-decoration: underline;\"><br \/>\n<\/span><\/p>\n<h2>Rendimiento Mazatapec 100% micelio kit de cultivo de hongos m\u00e1gicos<\/h2>\n<p>Un kit de cultivo Mazatapec 1200cc de Freshmushrooms da una cosecha de entre 500g y 800g de setas frescas o 50-80g de setas secas.<\/p>\n<h2>Los efectos de las setas m\u00e1gicas de Mazatapec<\/h2>\n<p>Cuando empiece a utilizar los hongos Mazatapec (tambi\u00e9n conocidos por su apodo Maz), experimentar\u00e1 algo especial. El hongo m\u00e1gico es conocido por su efecto espiritual, donde su viaje puede ser profundo. Puedes tener visiones sobre la naturaleza del universo, sobre la naturaleza y tu conexi\u00f3n con el mundo que te rodea. Esa es tambi\u00e9n la raz\u00f3n por la que los mazatecos las utilizan para sus ceremonias religiosas.<\/p>\n<p>La seta m\u00e1gica tambi\u00e9n produce efectos visuales y agudiza los sentidos. As\u00ed que prep\u00e1rese para colores brillantes y sonidos m\u00e1s fuertes de lo que est\u00e1 acostumbrado. Tambi\u00e9n es posible que su sentido del tiempo y del espacio cambie.<\/p>\n<h3>\u00bfCu\u00e1nto hay que tomar?<\/h3>\n<p>Para calcular la cantidad de setas que debes tomar, puedes tener en cuenta: tu propio peso corporal, la experiencia que tienes con los viajes y la intensidad del viaje. Si nunca se ha tropezado antes, es conveniente probar primero con una dosis menor. Se pueden tomar las setas de diferentes maneras. Setas frescas Mazatapec XP Las setas pueden consumirse crudas o secas. Tambi\u00e9n se puede hacer t\u00e9 de arroz con \u00e9l. Empezar\u00e1 a notar el efecto en una media hora o una hora completa. El viaje durar\u00e1 entre 3 y 8 horas.<\/p>\n<p>Siga las siguientes pautas de dosificaci\u00f3n:<\/p>\n<p>Una dosis baja es de 1 a 2 gramos de setas secas. Si tienes setas frescas, son entre 12 y 24 gramos de setas frescas.<\/p>\n<h3>Preparar el viaje<\/h3>\n<p>Para disfrutar plenamente de su viaje con las setas de Mazatapec, es necesaria una buena preparaci\u00f3n. Por ejemplo, piense primero en el lugar al que va a viajar y en qui\u00e9n va a estar all\u00ed. Debes sentirte c\u00f3modo en ese lugar, porque s\u00f3lo as\u00ed podr\u00e1s relajarte y disfrutar de los efectos de las setas m\u00e1gicas.<\/p>\n<p>Si hay otras personas presentes, aseg\u00farate de que puedes confiar en ellas. Tambi\u00e9n es una buena idea organizar un tripsitter. Esta persona permanece sobria (sin alcohol ni drogas), para poder intervenir si su viaje es demasiado intenso. Es bueno tener a alguien que te tranquilice y te calme. Aseg\u00farate de llevar tambi\u00e9n un tap\u00f3n de viaje. Este f\u00e1rmaco puede quitarle importancia a un viaje.<\/p>\n<h2>Compre su kit de cultivo Mazatapec en l\u00ednea<\/h2>\n<p>\u00bfBusca ese viaje espiritual inolvidable? Entonces es el momento de probar el kit de cultivo Fresh Mushrooms Mazatapec. D\u00e9se la oportunidad de obtener esos conocimientos especiales que puede obtener durante un viaje de este tipo. S\u00f3lo tienes que pedir el kit de cultivo en l\u00ednea y te lo enviar\u00e1n a casa r\u00e1pidamente.<\/p>\n","protected":false},"excerpt":{"rendered":"<p>El hongo psilocybe cubensis Mazatapec procede de M\u00e9xico, de la regi\u00f3n del mismo nombre. Es adecuado para los usuarios que ya han hecho zancadillas. Los efectos del Mazatapec son un poco m\u00e1s fuertes que los de las setas m\u00e1gicas tailandesas o camboyanas. As\u00ed que s\u00f3lo recomendamos su uso si tienes algo de experiencia. Cultiva tu [&hellip;]<\/p>\n","protected":false},"featured_media":3588,"comment_status":"open","ping_status":"closed","template":"","meta":[],"product_brand":[],"product_cat":[139],"product_tag":[],"class_list":{"0":"post-5315","1":"product","2":"type-product","3":"status-publish","4":"has-post-thumbnail","6":"product_cat-kits-de-cultivo-fresh-mushrooms","8":"first","9":"instock","10":"taxable","11":"shipping-taxable","12":"purchasable","13":"product-type-simple"},"yoast_head":"<!-- This site is optimized with the Yoast SEO Premium plugin v26.4 (Yoast SEO v27.4) - https:\/\/yoast.com\/product\/yoast-seo-premium-wordpress\/ -->\n<title>Mazatapec growkit comprar en l\u00ednea | pedido antes de las 16:00 entregado ma\u00f1ana<\/title>\n<meta name=\"description\" content=\"\u00bfBusca ese viaje espiritual inolvidable? Entonces es el momento de probar el kit de cultivo Fresh Mushrooms Mazatapec.\" \/>\n<meta name=\"robots\" content=\"index, follow, max-snippet:-1, max-image-preview:large, max-video-preview:-1\" \/>\n<link rel=\"canonical\" href=\"https:\/\/dutchmicrodosing.com\/es\/setas-alucinogenas\/kits-de-cultivo-fresh-mushrooms\/mazatapec-xp\/\" \/>\n<meta property=\"og:locale\" content=\"es_ES\" \/>\n<meta property=\"og:type\" content=\"article\" \/>\n<meta property=\"og:title\" content=\"Mazatapec XP\" \/>\n<meta property=\"og:description\" content=\"El hongo psilocybe cubensis Mazatapec procede de M\u00e9xico, de la regi\u00f3n del mismo nombre. Es adecuado para los usuarios que ya han hecho zancadillas. Los\" \/>\n<meta property=\"og:url\" content=\"https:\/\/dutchmicrodosing.com\/es\/setas-alucinogenas\/kits-de-cultivo-fresh-mushrooms\/mazatapec-xp\/\" \/>\n<meta property=\"og:site_name\" content=\"Dutchmicrodosing\" \/>\n<meta property=\"article:publisher\" content=\"https:\/\/www.facebook.com\/Dutchmicrodosingxp\/\" \/>\n<meta property=\"article:modified_time\" content=\"2024-01-16T14:34:06+00:00\" \/>\n<meta property=\"og:image\" content=\"https:\/\/dutchmicrodosing.com\/wp-content\/uploads\/2021\/02\/Mazatapec.jpg\" \/>\n\t<meta property=\"og:image:width\" content=\"500\" \/>\n\t<meta property=\"og:image:height\" content=\"500\" \/>\n\t<meta property=\"og:image:type\" content=\"image\/jpeg\" \/>\n<meta name=\"twitter:card\" content=\"summary_large_image\" \/>\n<script type=\"application\/ld+json\" class=\"yoast-schema-graph\">{\"@context\":\"https:\\\/\\\/schema.org\",\"@graph\":[{\"@type\":\"WebPage\",\"@id\":\"https:\\\/\\\/dutchmicrodosing.com\\\/es\\\/setas-alucinogenas\\\/kits-de-cultivo-fresh-mushrooms\\\/mazatapec-xp\\\/\",\"url\":\"https:\\\/\\\/dutchmicrodosing.com\\\/es\\\/setas-alucinogenas\\\/kits-de-cultivo-fresh-mushrooms\\\/mazatapec-xp\\\/\",\"name\":\"Mazatapec growkit comprar en l\u00ednea | pedido antes de las 16:00 entregado ma\u00f1ana\",\"isPartOf\":{\"@id\":\"https:\\\/\\\/dutchmicrodosing.com\\\/es\\\/#website\"},\"primaryImageOfPage\":{\"@id\":\"https:\\\/\\\/dutchmicrodosing.com\\\/es\\\/setas-alucinogenas\\\/kits-de-cultivo-fresh-mushrooms\\\/mazatapec-xp\\\/#primaryimage\"},\"image\":{\"@id\":\"https:\\\/\\\/dutchmicrodosing.com\\\/es\\\/setas-alucinogenas\\\/kits-de-cultivo-fresh-mushrooms\\\/mazatapec-xp\\\/#primaryimage\"},\"thumbnailUrl\":\"https:\\\/\\\/dutchmicrodosing.com\\\/wp-content\\\/uploads\\\/2021\\\/02\\\/Mazatapec.jpg\",\"datePublished\":\"2021-05-07T19:04:18+00:00\",\"dateModified\":\"2024-01-16T14:34:06+00:00\",\"description\":\"\u00bfBusca ese viaje espiritual inolvidable? Entonces es el momento de probar el kit de cultivo Fresh Mushrooms Mazatapec.\",\"breadcrumb\":{\"@id\":\"https:\\\/\\\/dutchmicrodosing.com\\\/es\\\/setas-alucinogenas\\\/kits-de-cultivo-fresh-mushrooms\\\/mazatapec-xp\\\/#breadcrumb\"},\"inLanguage\":\"es\",\"potentialAction\":[{\"@type\":\"ReadAction\",\"target\":[\"https:\\\/\\\/dutchmicrodosing.com\\\/es\\\/setas-alucinogenas\\\/kits-de-cultivo-fresh-mushrooms\\\/mazatapec-xp\\\/\"]}]},{\"@type\":\"ImageObject\",\"inLanguage\":\"es\",\"@id\":\"https:\\\/\\\/dutchmicrodosing.com\\\/es\\\/setas-alucinogenas\\\/kits-de-cultivo-fresh-mushrooms\\\/mazatapec-xp\\\/#primaryimage\",\"url\":\"https:\\\/\\\/dutchmicrodosing.com\\\/wp-content\\\/uploads\\\/2021\\\/02\\\/Mazatapec.jpg\",\"contentUrl\":\"https:\\\/\\\/dutchmicrodosing.com\\\/wp-content\\\/uploads\\\/2021\\\/02\\\/Mazatapec.jpg\",\"width\":500,\"height\":500},{\"@type\":\"BreadcrumbList\",\"@id\":\"https:\\\/\\\/dutchmicrodosing.com\\\/es\\\/setas-alucinogenas\\\/kits-de-cultivo-fresh-mushrooms\\\/mazatapec-xp\\\/#breadcrumb\",\"itemListElement\":[{\"@type\":\"ListItem\",\"position\":1,\"name\":\"Home\",\"item\":\"https:\\\/\\\/dutchmicrodosing.com\\\/es\\\/\"},{\"@type\":\"ListItem\",\"position\":2,\"name\":\"Tienda\",\"item\":\"https:\\\/\\\/dutchmicrodosing.com\\\/es\\\/tienda\\\/\"},{\"@type\":\"ListItem\",\"position\":3,\"name\":\"Mazatapec XP\"}]},{\"@type\":\"WebSite\",\"@id\":\"https:\\\/\\\/dutchmicrodosing.com\\\/es\\\/#website\",\"url\":\"https:\\\/\\\/dutchmicrodosing.com\\\/es\\\/\",\"name\":\"Dutchmicrodosing\",\"description\":\"\",\"publisher\":{\"@id\":\"https:\\\/\\\/dutchmicrodosing.com\\\/es\\\/#organization\"},\"potentialAction\":[{\"@type\":\"SearchAction\",\"target\":{\"@type\":\"EntryPoint\",\"urlTemplate\":\"https:\\\/\\\/dutchmicrodosing.com\\\/es\\\/?s={search_term_string}\"},\"query-input\":{\"@type\":\"PropertyValueSpecification\",\"valueRequired\":true,\"valueName\":\"search_term_string\"}}],\"inLanguage\":\"es\"},{\"@type\":\"Organization\",\"@id\":\"https:\\\/\\\/dutchmicrodosing.com\\\/es\\\/#organization\",\"name\":\"Dutchmicrodosing\",\"url\":\"https:\\\/\\\/dutchmicrodosing.com\\\/es\\\/\",\"logo\":{\"@type\":\"ImageObject\",\"inLanguage\":\"es\",\"@id\":\"https:\\\/\\\/dutchmicrodosing.com\\\/es\\\/#\\\/schema\\\/logo\\\/image\\\/\",\"url\":\"https:\\\/\\\/dutchmicrodosing.com\\\/wp-content\\\/uploads\\\/2021\\\/01\\\/microdosing-categorie-pic-nieuw.jpg\",\"contentUrl\":\"https:\\\/\\\/dutchmicrodosing.com\\\/wp-content\\\/uploads\\\/2021\\\/01\\\/microdosing-categorie-pic-nieuw.jpg\",\"width\":500,\"height\":500,\"caption\":\"Dutchmicrodosing\"},\"image\":{\"@id\":\"https:\\\/\\\/dutchmicrodosing.com\\\/es\\\/#\\\/schema\\\/logo\\\/image\\\/\"},\"sameAs\":[\"https:\\\/\\\/www.facebook.com\\\/Dutchmicrodosingxp\\\/\",\"https:\\\/\\\/www.instagram.com\\\/dutchmicrodosing\\\/\"]}]}<\/script>\n<meta property=\"product:price:amount\" content=\"39.95\" \/>\n<meta property=\"product:price:currency\" content=\"EUR\" \/>\n<meta property=\"og:availability\" content=\"instock\" \/>\n<meta property=\"product:availability\" content=\"instock\" \/>\n<meta property=\"product:retailer_item_id\" content=\"0208272\" \/>\n<meta property=\"product:condition\" content=\"new\" \/>\n<!-- \/ Yoast SEO Premium plugin. -->","yoast_head_json":{"title":"Mazatapec growkit comprar en l\u00ednea | pedido antes de las 16:00 entregado ma\u00f1ana","description":"\u00bfBusca ese viaje espiritual inolvidable? Entonces es el momento de probar el kit de cultivo Fresh Mushrooms Mazatapec.","robots":{"index":"index","follow":"follow","max-snippet":"max-snippet:-1","max-image-preview":"max-image-preview:large","max-video-preview":"max-video-preview:-1"},"canonical":"https:\/\/dutchmicrodosing.com\/es\/setas-alucinogenas\/kits-de-cultivo-fresh-mushrooms\/mazatapec-xp\/","og_locale":"es_ES","og_type":"article","og_title":"Mazatapec XP","og_description":"El hongo psilocybe cubensis Mazatapec procede de M\u00e9xico, de la regi\u00f3n del mismo nombre. Es adecuado para los usuarios que ya han hecho zancadillas. Los","og_url":"https:\/\/dutchmicrodosing.com\/es\/setas-alucinogenas\/kits-de-cultivo-fresh-mushrooms\/mazatapec-xp\/","og_site_name":"Dutchmicrodosing","article_publisher":"https:\/\/www.facebook.com\/Dutchmicrodosingxp\/","article_modified_time":"2024-01-16T14:34:06+00:00","og_image":[{"width":500,"height":500,"url":"https:\/\/dutchmicrodosing.com\/wp-content\/uploads\/2021\/02\/Mazatapec.jpg","type":"image\/jpeg"}],"twitter_card":"summary_large_image","schema":{"@context":"https:\/\/schema.org","@graph":[{"@type":"WebPage","@id":"https:\/\/dutchmicrodosing.com\/es\/setas-alucinogenas\/kits-de-cultivo-fresh-mushrooms\/mazatapec-xp\/","url":"https:\/\/dutchmicrodosing.com\/es\/setas-alucinogenas\/kits-de-cultivo-fresh-mushrooms\/mazatapec-xp\/","name":"Mazatapec growkit comprar en l\u00ednea | pedido antes de las 16:00 entregado ma\u00f1ana","isPartOf":{"@id":"https:\/\/dutchmicrodosing.com\/es\/#website"},"primaryImageOfPage":{"@id":"https:\/\/dutchmicrodosing.com\/es\/setas-alucinogenas\/kits-de-cultivo-fresh-mushrooms\/mazatapec-xp\/#primaryimage"},"image":{"@id":"https:\/\/dutchmicrodosing.com\/es\/setas-alucinogenas\/kits-de-cultivo-fresh-mushrooms\/mazatapec-xp\/#primaryimage"},"thumbnailUrl":"https:\/\/dutchmicrodosing.com\/wp-content\/uploads\/2021\/02\/Mazatapec.jpg","datePublished":"2021-05-07T19:04:18+00:00","dateModified":"2024-01-16T14:34:06+00:00","description":"\u00bfBusca ese viaje espiritual inolvidable? Entonces es el momento de probar el kit de cultivo Fresh Mushrooms Mazatapec.","breadcrumb":{"@id":"https:\/\/dutchmicrodosing.com\/es\/setas-alucinogenas\/kits-de-cultivo-fresh-mushrooms\/mazatapec-xp\/#breadcrumb"},"inLanguage":"es","potentialAction":[{"@type":"ReadAction","target":["https:\/\/dutchmicrodosing.com\/es\/setas-alucinogenas\/kits-de-cultivo-fresh-mushrooms\/mazatapec-xp\/"]}]},{"@type":"ImageObject","inLanguage":"es","@id":"https:\/\/dutchmicrodosing.com\/es\/setas-alucinogenas\/kits-de-cultivo-fresh-mushrooms\/mazatapec-xp\/#primaryimage","url":"https:\/\/dutchmicrodosing.com\/wp-content\/uploads\/2021\/02\/Mazatapec.jpg","contentUrl":"https:\/\/dutchmicrodosing.com\/wp-content\/uploads\/2021\/02\/Mazatapec.jpg","width":500,"height":500},{"@type":"BreadcrumbList","@id":"https:\/\/dutchmicrodosing.com\/es\/setas-alucinogenas\/kits-de-cultivo-fresh-mushrooms\/mazatapec-xp\/#breadcrumb","itemListElement":[{"@type":"ListItem","position":1,"name":"Home","item":"https:\/\/dutchmicrodosing.com\/es\/"},{"@type":"ListItem","position":2,"name":"Tienda","item":"https:\/\/dutchmicrodosing.com\/es\/tienda\/"},{"@type":"ListItem","position":3,"name":"Mazatapec XP"}]},{"@type":"WebSite","@id":"https:\/\/dutchmicrodosing.com\/es\/#website","url":"https:\/\/dutchmicrodosing.com\/es\/","name":"Dutchmicrodosing","description":"","publisher":{"@id":"https:\/\/dutchmicrodosing.com\/es\/#organization"},"potentialAction":[{"@type":"SearchAction","target":{"@type":"EntryPoint","urlTemplate":"https:\/\/dutchmicrodosing.com\/es\/?s={search_term_string}"},"query-input":{"@type":"PropertyValueSpecification","valueRequired":true,"valueName":"search_term_string"}}],"inLanguage":"es"},{"@type":"Organization","@id":"https:\/\/dutchmicrodosing.com\/es\/#organization","name":"Dutchmicrodosing","url":"https:\/\/dutchmicrodosing.com\/es\/","logo":{"@type":"ImageObject","inLanguage":"es","@id":"https:\/\/dutchmicrodosing.com\/es\/#\/schema\/logo\/image\/","url":"https:\/\/dutchmicrodosing.com\/wp-content\/uploads\/2021\/01\/microdosing-categorie-pic-nieuw.jpg","contentUrl":"https:\/\/dutchmicrodosing.com\/wp-content\/uploads\/2021\/01\/microdosing-categorie-pic-nieuw.jpg","width":500,"height":500,"caption":"Dutchmicrodosing"},"image":{"@id":"https:\/\/dutchmicrodosing.com\/es\/#\/schema\/logo\/image\/"},"sameAs":["https:\/\/www.facebook.com\/Dutchmicrodosingxp\/","https:\/\/www.instagram.com\/dutchmicrodosing\/"]}]},"product_price_amount":"39.95","product_price_currency":"EUR","og_availability":"instock","product_availability":"instock","product_retailer_item_id":"0208272","product_condition":"new"},"_links":{"self":[{"href":"https:\/\/dutchmicrodosing.com\/es\/wp-json\/wp\/v2\/product\/5315","targetHints":{"allow":["GET"]}}],"collection":[{"href":"https:\/\/dutchmicrodosing.com\/es\/wp-json\/wp\/v2\/product"}],"about":[{"href":"https:\/\/dutchmicrodosing.com\/es\/wp-json\/wp\/v2\/types\/product"}],"replies":[{"embeddable":true,"href":"https:\/\/dutchmicrodosing.com\/es\/wp-json\/wp\/v2\/comments?post=5315"}],"version-history":[{"count":0,"href":"https:\/\/dutchmicrodosing.com\/es\/wp-json\/wp\/v2\/product\/5315\/revisions"}],"wp:featuredmedia":[{"embeddable":true,"href":"https:\/\/dutchmicrodosing.com\/es\/wp-json\/wp\/v2\/media\/3588"}],"wp:attachment":[{"href":"https:\/\/dutchmicrodosing.com\/es\/wp-json\/wp\/v2\/media?parent=5315"}],"wp:term":[{"taxonomy":"product_brand","embeddable":true,"href":"https:\/\/dutchmicrodosing.com\/es\/wp-json\/wp\/v2\/product_brand?post=5315"},{"taxonomy":"product_cat","embeddable":true,"href":"https:\/\/dutchmicrodosing.com\/es\/wp-json\/wp\/v2\/product_cat?post=5315"},{"taxonomy":"product_tag","embeddable":true,"href":"https:\/\/dutchmicrodosing.com\/es\/wp-json\/wp\/v2\/product_tag?post=5315"}],"curies":[{"name":"wp","href":"https:\/\/api.w.org\/{rel}","templated":true}]}}