{"id":5316,"date":"2021-03-08T17:11:33","date_gmt":"2021-05-07T19:05:15","guid":{"rendered":"https:\/\/dutchmicrodosing.com\/shop\/sin%20categor\u00eda\/ecuador-xp\/"},"modified":"2024-01-16T15:38:06","modified_gmt":"2024-01-16T14:38:06","slug":"ecuador-xp","status":"publish","type":"product","link":"https:\/\/dutchmicrodosing.com\/es\/setas-alucinogenas\/kits-de-cultivo-fresh-mushrooms\/ecuador-xp\/","title":{"rendered":"Ecuador XP"},"content":{"rendered":"<p>Si ya has hecho un viaje antes y buscas algo diferente, entonces la <strong>seta Fresh Mushrooms Ecuador XP<\/strong> puede ser para ti. Esta seta m\u00e1gica es originaria, como su nombre ya deja claro, de Ecuador. All\u00ed crece en lo alto de los Andes. Es una seta con potentes efectos visuales, por lo que est\u00e1 especialmente indicada para personas que ya tienen cierta experiencia con las setas m\u00e1gicas.<\/p>\n<h3>Efectos visuales fuertes<\/h3>\n<p>El kit de cultivo de setas m\u00e1gicas Ecuador XP produce una seta m\u00e1gica con un potente efecto. Lo recomendamos principalmente a los psiconautas experimentados. Si nunca te has tropezado antes, los efectos pueden ser bastante intensos. Alguien que haya tropezado antes sabr\u00e1 c\u00f3mo se siente y qu\u00e9 esperar. La Fresh Mushrooms Ecuador XP produce efectos de medios a fuertes. Se parecen a las setas m\u00e1gicas colombianas en intensidad, pero tienen un poco m\u00e1s de potencia.<\/p>\n<h2>Kit de cultivo ecuatoriano manual<\/h2>\n<p><a href=\"https:\/\/dutchmicrodosing.com\/es\/growkit_manual\/\">Descargue aqu\u00ed : Manual del kit de cultivo de setas frescas<\/a><\/p>\n<ol>\n<li>Saca el kit de cultivo, la bolsa de pl\u00e1stico y el clip de la caja. Retire la tapa del juego de cultivo (guarde la tapa en un lugar seguro). Aclare la tapa bajo el grifo. Lo necesitar\u00e1s de nuevo m\u00e1s adelante.<\/li>\n<li>Coloque el juego de cultivo sin tapa en la bolsa de pl\u00e1stico suministrada. Deslice la apertura de la bolsa bajo el fondo con la microperforaci\u00f3n hacia arriba. La apertura de la bolsa ya est\u00e1 pr\u00e1cticamente cerrada. No hay que preocuparse por la circulaci\u00f3n del aire.<\/li>\n<li>En cuanto veas que crecen bolitas, puedes empezar a poner la bolsa en posici\u00f3n vertical. No regar. Los primeros hongos ser\u00e1n visibles despu\u00e9s de una semana aproximadamente.<\/li>\n<li>Coloque el set de cultivo en una zona con suficiente luz natural y a una temperatura de entre 18 \u00b0C y 28 \u00b0C. NUNCA coloque el set de cultivo a la luz directa del sol. Aunque los hongos crecen a casi cualquier temperatura por encima de los 15 \u00b0C, 23 \u00b0C es la temperatura ideal para una cosecha \u00f3ptima. Existen alfombras t\u00e9rmicas especiales para garantizar esta temperatura y no tener que calentar toda la habitaci\u00f3n.<\/li>\n<li>A partir de este momento, deje la bolsa ligeramente abierta todo el tiempo, para que la humedad pueda evaporarse un poco. Un exceso de humedad no es bueno. Su primera cosecha ser\u00e1 aproximadamente una semana despu\u00e9s de la aparici\u00f3n de los primeros bulbos. Aseg\u00farate de cosechar antes de que empiecen a caer las primeras esporas.<\/li>\n<li>Estos conjuntos producen m\u00faltiples cosechas de setas. Para ello, llene el kit con agua limpia del grifo despu\u00e9s de la primera cosecha. Este proceso se conoce como choque de fr\u00edo y da nueva vida al micelio y asegura que haya suficiente humedad para que los hongos crezcan.<\/li>\n<li>Vuelva a colocar la tapa del kit de cultivo. Dejar reposar el conjunto durante 12 horas. Abra una esquina de la tapa y deje que el exceso de agua se escurra. A partir de aqu\u00ed puedes volver a seguir las instrucciones del paso 1. Este proceso puede repetirse varias veces.<\/li>\n<\/ol>\n<h2>La cosecha:<\/h2>\n<p>Los kits de cultivo de Freshmushrooms producen su primera cosecha con bastante rapidez. Despu\u00e9s de una semana, los primeros brotes ya son visibles. Las temperaturas bajas y altas pueden ralentizar un poco este proceso de crecimiento. Una vez que los brotes son visibles, los hongos suelen tardar una semana en desarrollarse completamente.<\/p>\n<p>El momento de la cosecha es extremadamente importante. Cuando las membranas bajo los sombreros est\u00e1n todav\u00eda apretadas, pero corren el riesgo de reventar o aflojarse debido a la fuerza de los sombreros, es el momento de cosechar.<span style=\"text-decoration: underline;\"><br \/>\n<\/span><\/p>\n<h2>Rendimiento 100% Micelio Kit de Cultivo de Setas M\u00e1gicas Ecuatorianas<\/h2>\n<p>Un kit de cultivo ecuatoriano de 1200cc de Freshmushrooms produce una cosecha de entre 500g y 800g de setas frescas o 50-80g de setas secas.<\/p>\n<h3>\u00bfQu\u00e9 puede esperar?<\/h3>\n<p>Si has cultivado pacientemente tus setas ecuatorianas en el kit de cultivo, te espera un viaje especial. La Psilocybe Equaescens, como se llama oficialmente, da energ\u00eda y se pueden ver patrones de movimiento en las paredes y el suelo. Tambi\u00e9n es posible que sientas que te alejas de ti mismo. Estos efectos pueden ser realmente intensos, por lo que es mejor utilizar esta seta cuando ya se tiene cierta experiencia. Algunos de los efectos que puede experimentar son:<\/p>\n<ul>\n<li>Efectos visuales de medios a fuertes<\/li>\n<li>Sensaci\u00f3n de energ\u00eda<\/li>\n<li>Ver patrones de colores y en movimiento<\/li>\n<li>Descubrir otros mundos<\/li>\n<li>Sensaci\u00f3n de desprendimiento de uno mismo<\/li>\n<li>Sensaci\u00f3n de que tu cuerpo se funde con el suelo<\/li>\n<li>Objetos que se mueven, como \u00e1rboles y farolas<\/li>\n<\/ul>\n<h2>Dosificaci\u00f3n de las setas XP de Ecuador<\/h2>\n<p>Tomar la dosis correcta es muy importante con las setas m\u00e1gicas. Si tomas muy poco, no experimentas (casi) nada. Pero si se toma demasiado, los efectos pueden ser abrumadores. Para determinar cu\u00e1l es una buena dosis, debes tener en cuenta tu propio peso, la experiencia que ya tienes con las setas m\u00e1gicas y el tipo de viaje que quieres conseguir. Si ya has viajado antes, puedes tomar m\u00e1s que si nunca lo has hecho. Si es un principiante, tome s\u00f3lo una peque\u00f1a dosis.<\/p>\n<p>Setas frescas Ecuador Las setas se pueden consumir frescas, pero tambi\u00e9n secas. Tambi\u00e9n es posible hacer t\u00e9 de arroz. Hervir agua y dejarla enfriar un rato. A continuaci\u00f3n, vi\u00e9rtalo sobre las setas y d\u00e9jelo reposar durante 20 minutos. Entonces su t\u00e9 de arroz est\u00e1 listo y puede beberlo.<\/p>\n<p>Puede utilizar las siguientes cantidades como orientaci\u00f3n:<\/p>\n<ul>\n<li>Peque\u00f1a dosis: de 1 a 2 gramos de setas secas o de 12 a 24 gramos de setas frescas.<\/li>\n<li>Dosis grande: 4 gramos de setas secas o 40 gramos de setas frescas.<\/li>\n<\/ul>\n<h2>Prepara tu viaje con las setas Ecuador XP<\/h2>\n<p>Antes de empezar a tropezar, es bueno que pienses en c\u00f3mo vas a hacerlo. Elige un lugar en el que te sientas c\u00f3modo. Preferiblemente en tu casa o con un buen amigo. Tambi\u00e9n puedes contratar a un \u00abtripsitter\u00bb, es decir, alguien que se queda contigo y puede ayudarte cuando el viaje se vuelve un poco intenso. Por supuesto, el \u00abtripsitter\u00bb se mantiene sobrio y no consume drogas ni alcohol.<\/p>\n<p>La presencia de un tripsitter no es ciertamente un lujo superfluo con las setas m\u00e1gicas de Ecuador. Puede perder el sentido del tiempo y del espacio. Cuando los efectos son graves, puede parecer que nunca van a terminar. Es muy agradable cuando tu tripsitter est\u00e1 presente y te ayuda a recuperar el sentido del tiempo. Tambi\u00e9n puedes llevar contigo un tap\u00f3n de viaje. Esto puede debilitar un poco los efectos del viaje.<\/p>\n<h2>Compre su kit de cultivo Ecuador XP en l\u00ednea<\/h2>\n<p>\u00bfT\u00fa tambi\u00e9n quieres un viaje inolvidable con setas de Ecuador y has experimentado varios viajes? Los kits de cultivo de Fresh Mushrooms facilitan el cultivo de setas en casa. Comprar tambi\u00e9n es f\u00e1cil: pide tu kit de cultivo r\u00e1pidamente y te lo llevas a casa en un embalaje neutro y seguro.<\/p>\n","protected":false},"excerpt":{"rendered":"<p>Si ya has hecho un viaje antes y buscas algo diferente, entonces la seta Fresh Mushrooms Ecuador XP puede ser para ti. Esta seta m\u00e1gica es originaria, como su nombre ya deja claro, de Ecuador. All\u00ed crece en lo alto de los Andes. Es una seta con potentes efectos visuales, por lo que est\u00e1 especialmente [&hellip;]<\/p>\n","protected":false},"featured_media":3580,"comment_status":"open","ping_status":"closed","template":"","meta":[],"product_brand":[],"product_cat":[139],"product_tag":[],"class_list":{"0":"post-5316","1":"product","2":"type-product","3":"status-publish","4":"has-post-thumbnail","6":"product_cat-kits-de-cultivo-fresh-mushrooms","8":"first","9":"instock","10":"taxable","11":"shipping-taxable","12":"purchasable","13":"product-type-simple"},"yoast_head":"<!-- This site is optimized with the Yoast SEO Premium plugin v26.4 (Yoast SEO v27.2) - https:\/\/yoast.com\/product\/yoast-seo-premium-wordpress\/ -->\n<title>Compre su kit de cultivo Ecuador XP online | Empaquetado de forma muy discreta<\/title>\n<meta name=\"description\" content=\"\u00bfT\u00fa tambi\u00e9n quieres un viaje inolvidable con setas de Ecuador y has experimentado varios viajes? Ver todos los kits de cultivo aqu\u00ed\" \/>\n<meta name=\"robots\" content=\"index, follow, max-snippet:-1, max-image-preview:large, max-video-preview:-1\" \/>\n<link rel=\"canonical\" href=\"https:\/\/dutchmicrodosing.com\/es\/setas-alucinogenas\/kits-de-cultivo-fresh-mushrooms\/ecuador-xp\/\" \/>\n<meta property=\"og:locale\" content=\"es_ES\" \/>\n<meta property=\"og:type\" content=\"article\" \/>\n<meta property=\"og:title\" content=\"Ecuador XP\" \/>\n<meta property=\"og:description\" content=\"Si ya has hecho un viaje antes y buscas algo diferente, entonces la seta Fresh Mushrooms Ecuador XP puede ser para ti. Esta seta m\u00e1gica es originaria,\" \/>\n<meta property=\"og:url\" content=\"https:\/\/dutchmicrodosing.com\/es\/setas-alucinogenas\/kits-de-cultivo-fresh-mushrooms\/ecuador-xp\/\" \/>\n<meta property=\"og:site_name\" content=\"Dutchmicrodosing\" \/>\n<meta property=\"article:publisher\" content=\"https:\/\/www.facebook.com\/Dutchmicrodosingxp\/\" \/>\n<meta property=\"article:modified_time\" content=\"2024-01-16T14:38:06+00:00\" \/>\n<meta property=\"og:image\" content=\"https:\/\/dutchmicrodosing.com\/wp-content\/uploads\/2021\/02\/Ecuador-xp.jpg\" \/>\n\t<meta property=\"og:image:width\" content=\"500\" \/>\n\t<meta property=\"og:image:height\" content=\"500\" \/>\n\t<meta property=\"og:image:type\" content=\"image\/jpeg\" \/>\n<meta name=\"twitter:card\" content=\"summary_large_image\" \/>\n<script type=\"application\/ld+json\" class=\"yoast-schema-graph\">{\"@context\":\"https:\/\/schema.org\",\"@graph\":[{\"@type\":\"WebPage\",\"@id\":\"https:\/\/dutchmicrodosing.com\/es\/setas-alucinogenas\/kits-de-cultivo-fresh-mushrooms\/ecuador-xp\/\",\"url\":\"https:\/\/dutchmicrodosing.com\/es\/setas-alucinogenas\/kits-de-cultivo-fresh-mushrooms\/ecuador-xp\/\",\"name\":\"Compre su kit de cultivo Ecuador XP online | Empaquetado de forma muy discreta\",\"isPartOf\":{\"@id\":\"https:\/\/dutchmicrodosing.com\/es\/#website\"},\"primaryImageOfPage\":{\"@id\":\"https:\/\/dutchmicrodosing.com\/es\/setas-alucinogenas\/kits-de-cultivo-fresh-mushrooms\/ecuador-xp\/#primaryimage\"},\"image\":{\"@id\":\"https:\/\/dutchmicrodosing.com\/es\/setas-alucinogenas\/kits-de-cultivo-fresh-mushrooms\/ecuador-xp\/#primaryimage\"},\"thumbnailUrl\":\"https:\/\/dutchmicrodosing.com\/wp-content\/uploads\/2021\/02\/Ecuador-xp.jpg\",\"datePublished\":\"2021-05-07T19:05:15+00:00\",\"dateModified\":\"2024-01-16T14:38:06+00:00\",\"description\":\"\u00bfT\u00fa tambi\u00e9n quieres un viaje inolvidable con setas de Ecuador y has experimentado varios viajes? Ver todos los kits de cultivo aqu\u00ed\",\"breadcrumb\":{\"@id\":\"https:\/\/dutchmicrodosing.com\/es\/setas-alucinogenas\/kits-de-cultivo-fresh-mushrooms\/ecuador-xp\/#breadcrumb\"},\"inLanguage\":\"es\",\"potentialAction\":[{\"@type\":\"ReadAction\",\"target\":[\"https:\/\/dutchmicrodosing.com\/es\/setas-alucinogenas\/kits-de-cultivo-fresh-mushrooms\/ecuador-xp\/\"]}]},{\"@type\":\"ImageObject\",\"inLanguage\":\"es\",\"@id\":\"https:\/\/dutchmicrodosing.com\/es\/setas-alucinogenas\/kits-de-cultivo-fresh-mushrooms\/ecuador-xp\/#primaryimage\",\"url\":\"https:\/\/dutchmicrodosing.com\/wp-content\/uploads\/2021\/02\/Ecuador-xp.jpg\",\"contentUrl\":\"https:\/\/dutchmicrodosing.com\/wp-content\/uploads\/2021\/02\/Ecuador-xp.jpg\",\"width\":500,\"height\":500},{\"@type\":\"BreadcrumbList\",\"@id\":\"https:\/\/dutchmicrodosing.com\/es\/setas-alucinogenas\/kits-de-cultivo-fresh-mushrooms\/ecuador-xp\/#breadcrumb\",\"itemListElement\":[{\"@type\":\"ListItem\",\"position\":1,\"name\":\"Home\",\"item\":\"https:\/\/dutchmicrodosing.com\/es\/\"},{\"@type\":\"ListItem\",\"position\":2,\"name\":\"Tienda\",\"item\":\"https:\/\/dutchmicrodosing.com\/es\/tienda\/\"},{\"@type\":\"ListItem\",\"position\":3,\"name\":\"Ecuador XP\"}]},{\"@type\":\"WebSite\",\"@id\":\"https:\/\/dutchmicrodosing.com\/es\/#website\",\"url\":\"https:\/\/dutchmicrodosing.com\/es\/\",\"name\":\"Dutchmicrodosing\",\"description\":\"\",\"publisher\":{\"@id\":\"https:\/\/dutchmicrodosing.com\/es\/#organization\"},\"potentialAction\":[{\"@type\":\"SearchAction\",\"target\":{\"@type\":\"EntryPoint\",\"urlTemplate\":\"https:\/\/dutchmicrodosing.com\/es\/?s={search_term_string}\"},\"query-input\":{\"@type\":\"PropertyValueSpecification\",\"valueRequired\":true,\"valueName\":\"search_term_string\"}}],\"inLanguage\":\"es\"},{\"@type\":\"Organization\",\"@id\":\"https:\/\/dutchmicrodosing.com\/es\/#organization\",\"name\":\"Dutchmicrodosing\",\"url\":\"https:\/\/dutchmicrodosing.com\/es\/\",\"logo\":{\"@type\":\"ImageObject\",\"inLanguage\":\"es\",\"@id\":\"https:\/\/dutchmicrodosing.com\/es\/#\/schema\/logo\/image\/\",\"url\":\"https:\/\/dutchmicrodosing.com\/wp-content\/uploads\/2021\/01\/microdosing-categorie-pic-nieuw.jpg\",\"contentUrl\":\"https:\/\/dutchmicrodosing.com\/wp-content\/uploads\/2021\/01\/microdosing-categorie-pic-nieuw.jpg\",\"width\":500,\"height\":500,\"caption\":\"Dutchmicrodosing\"},\"image\":{\"@id\":\"https:\/\/dutchmicrodosing.com\/es\/#\/schema\/logo\/image\/\"},\"sameAs\":[\"https:\/\/www.facebook.com\/Dutchmicrodosingxp\/\",\"https:\/\/www.instagram.com\/dutchmicrodosing\/\"]}]}<\/script>\n<meta property=\"product:price:amount\" content=\"39.95\" \/>\n<meta property=\"product:price:currency\" content=\"EUR\" \/>\n<meta property=\"og:availability\" content=\"instock\" \/>\n<meta property=\"product:availability\" content=\"instock\" \/>\n<meta property=\"product:retailer_item_id\" content=\"0208725\" \/>\n<meta property=\"product:condition\" content=\"new\" \/>\n<!-- \/ Yoast SEO Premium plugin. -->","yoast_head_json":{"title":"Compre su kit de cultivo Ecuador XP online | Empaquetado de forma muy discreta","description":"\u00bfT\u00fa tambi\u00e9n quieres un viaje inolvidable con setas de Ecuador y has experimentado varios viajes? Ver todos los kits de cultivo aqu\u00ed","robots":{"index":"index","follow":"follow","max-snippet":"max-snippet:-1","max-image-preview":"max-image-preview:large","max-video-preview":"max-video-preview:-1"},"canonical":"https:\/\/dutchmicrodosing.com\/es\/setas-alucinogenas\/kits-de-cultivo-fresh-mushrooms\/ecuador-xp\/","og_locale":"es_ES","og_type":"article","og_title":"Ecuador XP","og_description":"Si ya has hecho un viaje antes y buscas algo diferente, entonces la seta Fresh Mushrooms Ecuador XP puede ser para ti. Esta seta m\u00e1gica es originaria,","og_url":"https:\/\/dutchmicrodosing.com\/es\/setas-alucinogenas\/kits-de-cultivo-fresh-mushrooms\/ecuador-xp\/","og_site_name":"Dutchmicrodosing","article_publisher":"https:\/\/www.facebook.com\/Dutchmicrodosingxp\/","article_modified_time":"2024-01-16T14:38:06+00:00","og_image":[{"width":500,"height":500,"url":"https:\/\/dutchmicrodosing.com\/wp-content\/uploads\/2021\/02\/Ecuador-xp.jpg","type":"image\/jpeg"}],"twitter_card":"summary_large_image","schema":{"@context":"https:\/\/schema.org","@graph":[{"@type":"WebPage","@id":"https:\/\/dutchmicrodosing.com\/es\/setas-alucinogenas\/kits-de-cultivo-fresh-mushrooms\/ecuador-xp\/","url":"https:\/\/dutchmicrodosing.com\/es\/setas-alucinogenas\/kits-de-cultivo-fresh-mushrooms\/ecuador-xp\/","name":"Compre su kit de cultivo Ecuador XP online | Empaquetado de forma muy discreta","isPartOf":{"@id":"https:\/\/dutchmicrodosing.com\/es\/#website"},"primaryImageOfPage":{"@id":"https:\/\/dutchmicrodosing.com\/es\/setas-alucinogenas\/kits-de-cultivo-fresh-mushrooms\/ecuador-xp\/#primaryimage"},"image":{"@id":"https:\/\/dutchmicrodosing.com\/es\/setas-alucinogenas\/kits-de-cultivo-fresh-mushrooms\/ecuador-xp\/#primaryimage"},"thumbnailUrl":"https:\/\/dutchmicrodosing.com\/wp-content\/uploads\/2021\/02\/Ecuador-xp.jpg","datePublished":"2021-05-07T19:05:15+00:00","dateModified":"2024-01-16T14:38:06+00:00","description":"\u00bfT\u00fa tambi\u00e9n quieres un viaje inolvidable con setas de Ecuador y has experimentado varios viajes? Ver todos los kits de cultivo aqu\u00ed","breadcrumb":{"@id":"https:\/\/dutchmicrodosing.com\/es\/setas-alucinogenas\/kits-de-cultivo-fresh-mushrooms\/ecuador-xp\/#breadcrumb"},"inLanguage":"es","potentialAction":[{"@type":"ReadAction","target":["https:\/\/dutchmicrodosing.com\/es\/setas-alucinogenas\/kits-de-cultivo-fresh-mushrooms\/ecuador-xp\/"]}]},{"@type":"ImageObject","inLanguage":"es","@id":"https:\/\/dutchmicrodosing.com\/es\/setas-alucinogenas\/kits-de-cultivo-fresh-mushrooms\/ecuador-xp\/#primaryimage","url":"https:\/\/dutchmicrodosing.com\/wp-content\/uploads\/2021\/02\/Ecuador-xp.jpg","contentUrl":"https:\/\/dutchmicrodosing.com\/wp-content\/uploads\/2021\/02\/Ecuador-xp.jpg","width":500,"height":500},{"@type":"BreadcrumbList","@id":"https:\/\/dutchmicrodosing.com\/es\/setas-alucinogenas\/kits-de-cultivo-fresh-mushrooms\/ecuador-xp\/#breadcrumb","itemListElement":[{"@type":"ListItem","position":1,"name":"Home","item":"https:\/\/dutchmicrodosing.com\/es\/"},{"@type":"ListItem","position":2,"name":"Tienda","item":"https:\/\/dutchmicrodosing.com\/es\/tienda\/"},{"@type":"ListItem","position":3,"name":"Ecuador XP"}]},{"@type":"WebSite","@id":"https:\/\/dutchmicrodosing.com\/es\/#website","url":"https:\/\/dutchmicrodosing.com\/es\/","name":"Dutchmicrodosing","description":"","publisher":{"@id":"https:\/\/dutchmicrodosing.com\/es\/#organization"},"potentialAction":[{"@type":"SearchAction","target":{"@type":"EntryPoint","urlTemplate":"https:\/\/dutchmicrodosing.com\/es\/?s={search_term_string}"},"query-input":{"@type":"PropertyValueSpecification","valueRequired":true,"valueName":"search_term_string"}}],"inLanguage":"es"},{"@type":"Organization","@id":"https:\/\/dutchmicrodosing.com\/es\/#organization","name":"Dutchmicrodosing","url":"https:\/\/dutchmicrodosing.com\/es\/","logo":{"@type":"ImageObject","inLanguage":"es","@id":"https:\/\/dutchmicrodosing.com\/es\/#\/schema\/logo\/image\/","url":"https:\/\/dutchmicrodosing.com\/wp-content\/uploads\/2021\/01\/microdosing-categorie-pic-nieuw.jpg","contentUrl":"https:\/\/dutchmicrodosing.com\/wp-content\/uploads\/2021\/01\/microdosing-categorie-pic-nieuw.jpg","width":500,"height":500,"caption":"Dutchmicrodosing"},"image":{"@id":"https:\/\/dutchmicrodosing.com\/es\/#\/schema\/logo\/image\/"},"sameAs":["https:\/\/www.facebook.com\/Dutchmicrodosingxp\/","https:\/\/www.instagram.com\/dutchmicrodosing\/"]}]},"product_price_amount":"39.95","product_price_currency":"EUR","og_availability":"instock","product_availability":"instock","product_retailer_item_id":"0208725","product_condition":"new"},"_links":{"self":[{"href":"https:\/\/dutchmicrodosing.com\/es\/wp-json\/wp\/v2\/product\/5316","targetHints":{"allow":["GET"]}}],"collection":[{"href":"https:\/\/dutchmicrodosing.com\/es\/wp-json\/wp\/v2\/product"}],"about":[{"href":"https:\/\/dutchmicrodosing.com\/es\/wp-json\/wp\/v2\/types\/product"}],"replies":[{"embeddable":true,"href":"https:\/\/dutchmicrodosing.com\/es\/wp-json\/wp\/v2\/comments?post=5316"}],"version-history":[{"count":0,"href":"https:\/\/dutchmicrodosing.com\/es\/wp-json\/wp\/v2\/product\/5316\/revisions"}],"wp:featuredmedia":[{"embeddable":true,"href":"https:\/\/dutchmicrodosing.com\/es\/wp-json\/wp\/v2\/media\/3580"}],"wp:attachment":[{"href":"https:\/\/dutchmicrodosing.com\/es\/wp-json\/wp\/v2\/media?parent=5316"}],"wp:term":[{"taxonomy":"product_brand","embeddable":true,"href":"https:\/\/dutchmicrodosing.com\/es\/wp-json\/wp\/v2\/product_brand?post=5316"},{"taxonomy":"product_cat","embeddable":true,"href":"https:\/\/dutchmicrodosing.com\/es\/wp-json\/wp\/v2\/product_cat?post=5316"},{"taxonomy":"product_tag","embeddable":true,"href":"https:\/\/dutchmicrodosing.com\/es\/wp-json\/wp\/v2\/product_tag?post=5316"}],"curies":[{"name":"wp","href":"https:\/\/api.w.org\/{rel}","templated":true}]}}