{"id":5318,"date":"2021-03-08T17:08:27","date_gmt":"2021-05-07T19:05:32","guid":{"rendered":"https:\/\/dutchmicrodosing.com\/shop\/niet-gecategoriseerd\/xp-mexicano\/"},"modified":"2024-01-16T15:46:40","modified_gmt":"2024-01-16T14:46:40","slug":"mexican-xp","status":"publish","type":"product","link":"https:\/\/dutchmicrodosing.com\/es\/setas-alucinogenas\/kits-de-cultivo-fresh-mushrooms\/mexican-xp\/","title":{"rendered":"XP mexicano"},"content":{"rendered":"<p>La seta m\u00e1gica mexicana es quiz\u00e1s la m\u00e1s famosa de todas las setas m\u00e1gicas. Esto se debe en parte a que fue la primera en ser identificada como psicoactiva, pero tambi\u00e9n a que es una seta m\u00e1gica muy agradable para los principiantes. Con el <strong>kit de cultivo de Fresh Mushrooms Mexican<\/strong> puedes cultivar f\u00e1cilmente estas setas con efectos suaves en casa.<\/p>\n<h3>El suave hongo m\u00e1gico mexicano<\/h3>\n<p>Si a\u00fan no tienes experiencia con las zancadillas, deber\u00e1s empezar poco a poco. No te subes a la monta\u00f1a rusa m\u00e1s terror\u00edfica de un parque de atracciones. As\u00ed que un hongo suave es uno bueno para empezar y es el mexicano (Stropharia Cubensis). Con el mexicano puedes experimentar con seguridad lo que te hace, porque los efectos no son muy intensos.<\/p>\n<h2>Efectos de los hongos mexicanos<\/h2>\n<p>Los antiguos aztecas ya conoc\u00edan los efectos del hongo m\u00e1gico mexicano. Por algo llaman a estos hongos m\u00e1gicos que expanden la mente la Carne de los Dioses. Durante un viaje tu mente se abre y cre\u00edan que esto les facilitaba el contacto con los dioses. Pero, por supuesto, puedes seguir disfrutando del viaje, con la ayuda del kit de cultivo Fresh Mushrooms Mexican XP.<\/p>\n<p>Estas setas proporcionan un buen viaje con efectos agradables y suaves. Puede experimentar alucinaciones visuales, en las que ve colores o patrones. Todos tus sentidos se agudizan y pierdes el control del tiempo y el espacio. Viajar con hongos mexicanos es en general muy relajante. La mayor\u00eda de la gente se siente bien y un poco flotante, como si estuvieras so\u00f1ando. Con el hongo mexicano te vas de viaje, pero en tu propio interior. Viajando a menudo se aprende mucho sobre uno mismo o sobre el mundo que le rodea.<\/p>\n<h2>Kit de cultivo manual mexicano<\/h2>\n<p><a href=\"https:\/\/dutchmicrodosing.com\/es\/growkit_manual\/\">Descargue aqu\u00ed : Manual del kit de cultivo de setas frescas<\/a><\/p>\n<ol>\n<li>Saca el kit de cultivo, la bolsa de pl\u00e1stico y el clip de la caja. Retire la tapa del juego de cultivo (guarde la tapa en un lugar seguro). Aclare la tapa bajo el grifo. Lo necesitar\u00e1s de nuevo m\u00e1s adelante.<\/li>\n<li>Coloque el juego de cultivo sin tapa en la bolsa de pl\u00e1stico suministrada. Deslice la apertura de la bolsa bajo el fondo con la microperforaci\u00f3n hacia arriba. La apertura de la bolsa ya est\u00e1 pr\u00e1cticamente cerrada. No hay que preocuparse por la circulaci\u00f3n del aire.<\/li>\n<li>En cuanto veas que crecen bolitas, puedes empezar a poner la bolsa en posici\u00f3n vertical. No regar. Los primeros hongos ser\u00e1n visibles despu\u00e9s de una semana aproximadamente.<\/li>\n<li>Coloque el set de cultivo en una zona con suficiente luz natural y a una temperatura de entre 18 \u00b0C y 28 \u00b0C. NUNCA coloque el set de cultivo a la luz directa del sol. Aunque los hongos crecen a casi cualquier temperatura por encima de los 15 \u00b0C, 23 \u00b0C es la temperatura ideal para una cosecha \u00f3ptima. Existen alfombras t\u00e9rmicas especiales para garantizar esta temperatura y no tener que calentar toda la habitaci\u00f3n.<\/li>\n<li>A partir de este momento, deje la bolsa ligeramente abierta para que la humedad se evapore un poco. Un exceso de humedad no es bueno. Su primera cosecha ser\u00e1 aproximadamente una semana despu\u00e9s de la aparici\u00f3n de los primeros bulbos. Aseg\u00farate de cosechar antes de que empiecen a caer las primeras esporas.<\/li>\n<li>Estos conjuntos producen m\u00faltiples cosechas de setas. Para ello, llene el kit con agua limpia del grifo despu\u00e9s de la primera cosecha. Este proceso se conoce como choque de fr\u00edo y da nueva vida al micelio y asegura que haya suficiente humedad para que los hongos crezcan.<\/li>\n<li>Vuelva a colocar la tapa del kit de cultivo. Dejar reposar el conjunto durante 12 horas. Abra una esquina de la tapa y deje que el exceso de agua se escurra. A partir de aqu\u00ed puedes volver a seguir las instrucciones del paso 1. Este proceso puede repetirse varias veces.<\/li>\n<\/ol>\n<div>\n<h2>La cosecha:<\/h2>\n<p>Los kits de cultivo de Freshmushrooms producen su primera cosecha con bastante rapidez. Despu\u00e9s de una semana, los primeros brotes ya son visibles. Las temperaturas bajas y altas pueden ralentizar un poco este proceso de crecimiento. Una vez que los brotes son visibles, los hongos suelen tardar una semana en desarrollarse completamente. El momento de la cosecha es extremadamente importante. Cuando las membranas bajo los sombreros est\u00e1n todav\u00eda apretadas, pero corren el riesgo de reventar o aflojarse debido a la fuerza de los sombreros, es el momento de cosechar.<\/p>\n<\/div>\n<h2>Kit de cultivo de micelio 100% mexicano<\/h2>\n<p>Un kit de cultivo mexicano de 1200cc de Freshmushrooms proporciona una cosecha de entre 500g y 800g de setas frescas o 50-80g de setas secas.<\/p>\n<h3>Dosificaci\u00f3n de hongos mexicanos<\/h3>\n<p>Si quieres viajar con Setas Frescas Mexicanas, es conveniente dosificar con precisi\u00f3n. Utilice una balanza para pesarlos. A la hora de dosificar, influyen tu propio peso, tu experiencia y la intensidad deseada del viaje. Cuantos m\u00e1s hongos tomes, m\u00e1s intensa ser\u00e1 la punta. As\u00ed que los principiantes deben tener cuidado y tomar una dosis baja. Utiliza las siguientes pautas para determinar cu\u00e1ntas setas puedes tomar:<\/p>\n<p>Para la microdosificaci\u00f3n:<\/p>\n<p>Microdosificaci\u00f3n: 0,2 gramos de setas secas | 2 gramos de setas frescas<\/p>\n<p>Para el disparo se pueden asumir las siguientes cantidades:<\/p>\n<ul>\n<li>Viaje suave: 1 gramo de setas secas | 9 gramos de setas frescas<\/li>\n<li>Viaje normal: 2 gramos de setas secas | 21 gramos de setas frescas<\/li>\n<li>Viaje intenso: 3,5 gramos de setas secas | 35 gramos de setas frescas<\/li>\n<\/ul>\n<p>Si has elegido la dosis adecuada, puedes decidir c\u00f3mo quieres tomar las setas. Se pueden comer frescas o secas, pero no son muy sabrosas. Preparar t\u00e9 tambi\u00e9n es una opci\u00f3n. Hervir un poco de agua y pesar la cantidad adecuada de setas. Deja que el agua se enfr\u00ede un rato y luego vi\u00e9rtela sobre las setas. El t\u00e9 debe dejarse en remojo durante 20 minutos, despu\u00e9s de lo cual se puede beber.<\/p>\n<h3>Prepare su viaje<\/h3>\n<p>Con una buena preparaci\u00f3n aumentan las posibilidades de un gran viaje. Por eso es importante pensar en el lugar donde se va a viajar (un lugar en el que se sienta c\u00f3modo) y en qui\u00e9nes van a estar all\u00ed. Preferiblemente buenos amigos, gente en la que puedas confiar. Si no te sientes bien contigo mismo o si te sientes inc\u00f3modo, puedes tener un mal viaje.<\/p>\n<p>Aseg\u00farate tambi\u00e9n de tener un buen amigo cerca que quiera ser tripsitter. No tomar\u00e1 setas m\u00e1gicas, alcohol ni otras drogas. El tripsitter te vigila y puede ayudarte si el viaje es inesperadamente demasiado intenso. La tranquilidad de una persona as\u00ed puede marcar la diferencia. Otra cosa buena que hay que tener es el tope de viaje, que puede quitarle el aire a un viaje.<\/p>\n<h2>Comprar el kit de cultivo Fresh Mushrooms Mexican XP en l\u00ednea<\/h2>\n<p>\u00bfEst\u00e1 interesado en conocer el mundo de las setas m\u00e1gicas? Entonces pruebe el kit de cultivo Fresh Mushrooms XP. Esto facilita el cultivo en casa. Puede pedirlos en nuestra tienda web y el paquete se le enviar\u00e1 r\u00e1pidamente.<\/p>\n","protected":false},"excerpt":{"rendered":"<p>La seta m\u00e1gica mexicana es quiz\u00e1s la m\u00e1s famosa de todas las setas m\u00e1gicas. Esto se debe en parte a que fue la primera en ser identificada como psicoactiva, pero tambi\u00e9n a que es una seta m\u00e1gica muy agradable para los principiantes. Con el kit de cultivo de Fresh Mushrooms Mexican puedes cultivar f\u00e1cilmente estas [&hellip;]<\/p>\n","protected":false},"featured_media":3596,"comment_status":"open","ping_status":"closed","template":"","meta":[],"product_brand":[],"product_cat":[139],"product_tag":[],"class_list":{"0":"post-5318","1":"product","2":"type-product","3":"status-publish","4":"has-post-thumbnail","6":"product_cat-kits-de-cultivo-fresh-mushrooms","8":"first","9":"instock","10":"taxable","11":"shipping-taxable","12":"purchasable","13":"product-type-simple"},"yoast_head":"<!-- This site is optimized with the Yoast SEO Premium plugin v26.4 (Yoast SEO v27.4) - https:\/\/yoast.com\/product\/yoast-seo-premium-wordpress\/ -->\n<title>Comprar el kit de cultivo Fresh Mushrooms Mexican XP en l\u00ednea<\/title>\n<meta name=\"description\" content=\"\u00bfEst\u00e1 interesado en conocer el mundo de las setas m\u00e1gicas? Entonces pruebe el kit de cultivo Fresh Mushrooms XP.\" \/>\n<meta name=\"robots\" content=\"index, follow, max-snippet:-1, max-image-preview:large, max-video-preview:-1\" \/>\n<link rel=\"canonical\" href=\"https:\/\/dutchmicrodosing.com\/es\/setas-alucinogenas\/kits-de-cultivo-fresh-mushrooms\/mexican-xp\/\" \/>\n<meta property=\"og:locale\" content=\"es_ES\" \/>\n<meta property=\"og:type\" content=\"article\" \/>\n<meta property=\"og:title\" content=\"XP mexicano\" \/>\n<meta property=\"og:description\" content=\"La seta m\u00e1gica mexicana es quiz\u00e1s la m\u00e1s famosa de todas las setas m\u00e1gicas. Esto se debe en parte a que fue la primera en ser identificada como\" \/>\n<meta property=\"og:url\" content=\"https:\/\/dutchmicrodosing.com\/es\/setas-alucinogenas\/kits-de-cultivo-fresh-mushrooms\/mexican-xp\/\" \/>\n<meta property=\"og:site_name\" content=\"Dutchmicrodosing\" \/>\n<meta property=\"article:publisher\" content=\"https:\/\/www.facebook.com\/Dutchmicrodosingxp\/\" \/>\n<meta property=\"article:modified_time\" content=\"2024-01-16T14:46:40+00:00\" \/>\n<meta property=\"og:image\" content=\"https:\/\/dutchmicrodosing.com\/wp-content\/uploads\/2021\/02\/Mexican.jpg\" \/>\n\t<meta property=\"og:image:width\" content=\"500\" \/>\n\t<meta property=\"og:image:height\" content=\"500\" \/>\n\t<meta property=\"og:image:type\" content=\"image\/jpeg\" \/>\n<meta name=\"twitter:card\" content=\"summary_large_image\" \/>\n<script type=\"application\/ld+json\" class=\"yoast-schema-graph\">{\"@context\":\"https:\\\/\\\/schema.org\",\"@graph\":[{\"@type\":\"WebPage\",\"@id\":\"https:\\\/\\\/dutchmicrodosing.com\\\/es\\\/setas-alucinogenas\\\/kits-de-cultivo-fresh-mushrooms\\\/mexican-xp\\\/\",\"url\":\"https:\\\/\\\/dutchmicrodosing.com\\\/es\\\/setas-alucinogenas\\\/kits-de-cultivo-fresh-mushrooms\\\/mexican-xp\\\/\",\"name\":\"Comprar el kit de cultivo Fresh Mushrooms Mexican XP en l\u00ednea\",\"isPartOf\":{\"@id\":\"https:\\\/\\\/dutchmicrodosing.com\\\/es\\\/#website\"},\"primaryImageOfPage\":{\"@id\":\"https:\\\/\\\/dutchmicrodosing.com\\\/es\\\/setas-alucinogenas\\\/kits-de-cultivo-fresh-mushrooms\\\/mexican-xp\\\/#primaryimage\"},\"image\":{\"@id\":\"https:\\\/\\\/dutchmicrodosing.com\\\/es\\\/setas-alucinogenas\\\/kits-de-cultivo-fresh-mushrooms\\\/mexican-xp\\\/#primaryimage\"},\"thumbnailUrl\":\"https:\\\/\\\/dutchmicrodosing.com\\\/wp-content\\\/uploads\\\/2021\\\/02\\\/Mexican.jpg\",\"datePublished\":\"2021-05-07T19:05:32+00:00\",\"dateModified\":\"2024-01-16T14:46:40+00:00\",\"description\":\"\u00bfEst\u00e1 interesado en conocer el mundo de las setas m\u00e1gicas? Entonces pruebe el kit de cultivo Fresh Mushrooms XP.\",\"breadcrumb\":{\"@id\":\"https:\\\/\\\/dutchmicrodosing.com\\\/es\\\/setas-alucinogenas\\\/kits-de-cultivo-fresh-mushrooms\\\/mexican-xp\\\/#breadcrumb\"},\"inLanguage\":\"es\",\"potentialAction\":[{\"@type\":\"ReadAction\",\"target\":[\"https:\\\/\\\/dutchmicrodosing.com\\\/es\\\/setas-alucinogenas\\\/kits-de-cultivo-fresh-mushrooms\\\/mexican-xp\\\/\"]}]},{\"@type\":\"ImageObject\",\"inLanguage\":\"es\",\"@id\":\"https:\\\/\\\/dutchmicrodosing.com\\\/es\\\/setas-alucinogenas\\\/kits-de-cultivo-fresh-mushrooms\\\/mexican-xp\\\/#primaryimage\",\"url\":\"https:\\\/\\\/dutchmicrodosing.com\\\/wp-content\\\/uploads\\\/2021\\\/02\\\/Mexican.jpg\",\"contentUrl\":\"https:\\\/\\\/dutchmicrodosing.com\\\/wp-content\\\/uploads\\\/2021\\\/02\\\/Mexican.jpg\",\"width\":500,\"height\":500},{\"@type\":\"BreadcrumbList\",\"@id\":\"https:\\\/\\\/dutchmicrodosing.com\\\/es\\\/setas-alucinogenas\\\/kits-de-cultivo-fresh-mushrooms\\\/mexican-xp\\\/#breadcrumb\",\"itemListElement\":[{\"@type\":\"ListItem\",\"position\":1,\"name\":\"Home\",\"item\":\"https:\\\/\\\/dutchmicrodosing.com\\\/es\\\/\"},{\"@type\":\"ListItem\",\"position\":2,\"name\":\"Tienda\",\"item\":\"https:\\\/\\\/dutchmicrodosing.com\\\/es\\\/tienda\\\/\"},{\"@type\":\"ListItem\",\"position\":3,\"name\":\"XP mexicano\"}]},{\"@type\":\"WebSite\",\"@id\":\"https:\\\/\\\/dutchmicrodosing.com\\\/es\\\/#website\",\"url\":\"https:\\\/\\\/dutchmicrodosing.com\\\/es\\\/\",\"name\":\"Dutchmicrodosing\",\"description\":\"\",\"publisher\":{\"@id\":\"https:\\\/\\\/dutchmicrodosing.com\\\/es\\\/#organization\"},\"potentialAction\":[{\"@type\":\"SearchAction\",\"target\":{\"@type\":\"EntryPoint\",\"urlTemplate\":\"https:\\\/\\\/dutchmicrodosing.com\\\/es\\\/?s={search_term_string}\"},\"query-input\":{\"@type\":\"PropertyValueSpecification\",\"valueRequired\":true,\"valueName\":\"search_term_string\"}}],\"inLanguage\":\"es\"},{\"@type\":\"Organization\",\"@id\":\"https:\\\/\\\/dutchmicrodosing.com\\\/es\\\/#organization\",\"name\":\"Dutchmicrodosing\",\"url\":\"https:\\\/\\\/dutchmicrodosing.com\\\/es\\\/\",\"logo\":{\"@type\":\"ImageObject\",\"inLanguage\":\"es\",\"@id\":\"https:\\\/\\\/dutchmicrodosing.com\\\/es\\\/#\\\/schema\\\/logo\\\/image\\\/\",\"url\":\"https:\\\/\\\/dutchmicrodosing.com\\\/wp-content\\\/uploads\\\/2021\\\/01\\\/microdosing-categorie-pic-nieuw.jpg\",\"contentUrl\":\"https:\\\/\\\/dutchmicrodosing.com\\\/wp-content\\\/uploads\\\/2021\\\/01\\\/microdosing-categorie-pic-nieuw.jpg\",\"width\":500,\"height\":500,\"caption\":\"Dutchmicrodosing\"},\"image\":{\"@id\":\"https:\\\/\\\/dutchmicrodosing.com\\\/es\\\/#\\\/schema\\\/logo\\\/image\\\/\"},\"sameAs\":[\"https:\\\/\\\/www.facebook.com\\\/Dutchmicrodosingxp\\\/\",\"https:\\\/\\\/www.instagram.com\\\/dutchmicrodosing\\\/\"]}]}<\/script>\n<meta property=\"product:price:amount\" content=\"39.95\" \/>\n<meta property=\"product:price:currency\" content=\"EUR\" \/>\n<meta property=\"og:availability\" content=\"instock\" \/>\n<meta property=\"product:availability\" content=\"instock\" \/>\n<meta property=\"product:retailer_item_id\" content=\"0208285\" \/>\n<meta property=\"product:condition\" content=\"new\" \/>\n<!-- \/ Yoast SEO Premium plugin. -->","yoast_head_json":{"title":"Comprar el kit de cultivo Fresh Mushrooms Mexican XP en l\u00ednea","description":"\u00bfEst\u00e1 interesado en conocer el mundo de las setas m\u00e1gicas? Entonces pruebe el kit de cultivo Fresh Mushrooms XP.","robots":{"index":"index","follow":"follow","max-snippet":"max-snippet:-1","max-image-preview":"max-image-preview:large","max-video-preview":"max-video-preview:-1"},"canonical":"https:\/\/dutchmicrodosing.com\/es\/setas-alucinogenas\/kits-de-cultivo-fresh-mushrooms\/mexican-xp\/","og_locale":"es_ES","og_type":"article","og_title":"XP mexicano","og_description":"La seta m\u00e1gica mexicana es quiz\u00e1s la m\u00e1s famosa de todas las setas m\u00e1gicas. Esto se debe en parte a que fue la primera en ser identificada como","og_url":"https:\/\/dutchmicrodosing.com\/es\/setas-alucinogenas\/kits-de-cultivo-fresh-mushrooms\/mexican-xp\/","og_site_name":"Dutchmicrodosing","article_publisher":"https:\/\/www.facebook.com\/Dutchmicrodosingxp\/","article_modified_time":"2024-01-16T14:46:40+00:00","og_image":[{"width":500,"height":500,"url":"https:\/\/dutchmicrodosing.com\/wp-content\/uploads\/2021\/02\/Mexican.jpg","type":"image\/jpeg"}],"twitter_card":"summary_large_image","schema":{"@context":"https:\/\/schema.org","@graph":[{"@type":"WebPage","@id":"https:\/\/dutchmicrodosing.com\/es\/setas-alucinogenas\/kits-de-cultivo-fresh-mushrooms\/mexican-xp\/","url":"https:\/\/dutchmicrodosing.com\/es\/setas-alucinogenas\/kits-de-cultivo-fresh-mushrooms\/mexican-xp\/","name":"Comprar el kit de cultivo Fresh Mushrooms Mexican XP en l\u00ednea","isPartOf":{"@id":"https:\/\/dutchmicrodosing.com\/es\/#website"},"primaryImageOfPage":{"@id":"https:\/\/dutchmicrodosing.com\/es\/setas-alucinogenas\/kits-de-cultivo-fresh-mushrooms\/mexican-xp\/#primaryimage"},"image":{"@id":"https:\/\/dutchmicrodosing.com\/es\/setas-alucinogenas\/kits-de-cultivo-fresh-mushrooms\/mexican-xp\/#primaryimage"},"thumbnailUrl":"https:\/\/dutchmicrodosing.com\/wp-content\/uploads\/2021\/02\/Mexican.jpg","datePublished":"2021-05-07T19:05:32+00:00","dateModified":"2024-01-16T14:46:40+00:00","description":"\u00bfEst\u00e1 interesado en conocer el mundo de las setas m\u00e1gicas? Entonces pruebe el kit de cultivo Fresh Mushrooms XP.","breadcrumb":{"@id":"https:\/\/dutchmicrodosing.com\/es\/setas-alucinogenas\/kits-de-cultivo-fresh-mushrooms\/mexican-xp\/#breadcrumb"},"inLanguage":"es","potentialAction":[{"@type":"ReadAction","target":["https:\/\/dutchmicrodosing.com\/es\/setas-alucinogenas\/kits-de-cultivo-fresh-mushrooms\/mexican-xp\/"]}]},{"@type":"ImageObject","inLanguage":"es","@id":"https:\/\/dutchmicrodosing.com\/es\/setas-alucinogenas\/kits-de-cultivo-fresh-mushrooms\/mexican-xp\/#primaryimage","url":"https:\/\/dutchmicrodosing.com\/wp-content\/uploads\/2021\/02\/Mexican.jpg","contentUrl":"https:\/\/dutchmicrodosing.com\/wp-content\/uploads\/2021\/02\/Mexican.jpg","width":500,"height":500},{"@type":"BreadcrumbList","@id":"https:\/\/dutchmicrodosing.com\/es\/setas-alucinogenas\/kits-de-cultivo-fresh-mushrooms\/mexican-xp\/#breadcrumb","itemListElement":[{"@type":"ListItem","position":1,"name":"Home","item":"https:\/\/dutchmicrodosing.com\/es\/"},{"@type":"ListItem","position":2,"name":"Tienda","item":"https:\/\/dutchmicrodosing.com\/es\/tienda\/"},{"@type":"ListItem","position":3,"name":"XP mexicano"}]},{"@type":"WebSite","@id":"https:\/\/dutchmicrodosing.com\/es\/#website","url":"https:\/\/dutchmicrodosing.com\/es\/","name":"Dutchmicrodosing","description":"","publisher":{"@id":"https:\/\/dutchmicrodosing.com\/es\/#organization"},"potentialAction":[{"@type":"SearchAction","target":{"@type":"EntryPoint","urlTemplate":"https:\/\/dutchmicrodosing.com\/es\/?s={search_term_string}"},"query-input":{"@type":"PropertyValueSpecification","valueRequired":true,"valueName":"search_term_string"}}],"inLanguage":"es"},{"@type":"Organization","@id":"https:\/\/dutchmicrodosing.com\/es\/#organization","name":"Dutchmicrodosing","url":"https:\/\/dutchmicrodosing.com\/es\/","logo":{"@type":"ImageObject","inLanguage":"es","@id":"https:\/\/dutchmicrodosing.com\/es\/#\/schema\/logo\/image\/","url":"https:\/\/dutchmicrodosing.com\/wp-content\/uploads\/2021\/01\/microdosing-categorie-pic-nieuw.jpg","contentUrl":"https:\/\/dutchmicrodosing.com\/wp-content\/uploads\/2021\/01\/microdosing-categorie-pic-nieuw.jpg","width":500,"height":500,"caption":"Dutchmicrodosing"},"image":{"@id":"https:\/\/dutchmicrodosing.com\/es\/#\/schema\/logo\/image\/"},"sameAs":["https:\/\/www.facebook.com\/Dutchmicrodosingxp\/","https:\/\/www.instagram.com\/dutchmicrodosing\/"]}]},"product_price_amount":"39.95","product_price_currency":"EUR","og_availability":"instock","product_availability":"instock","product_retailer_item_id":"0208285","product_condition":"new"},"_links":{"self":[{"href":"https:\/\/dutchmicrodosing.com\/es\/wp-json\/wp\/v2\/product\/5318","targetHints":{"allow":["GET"]}}],"collection":[{"href":"https:\/\/dutchmicrodosing.com\/es\/wp-json\/wp\/v2\/product"}],"about":[{"href":"https:\/\/dutchmicrodosing.com\/es\/wp-json\/wp\/v2\/types\/product"}],"replies":[{"embeddable":true,"href":"https:\/\/dutchmicrodosing.com\/es\/wp-json\/wp\/v2\/comments?post=5318"}],"version-history":[{"count":0,"href":"https:\/\/dutchmicrodosing.com\/es\/wp-json\/wp\/v2\/product\/5318\/revisions"}],"wp:featuredmedia":[{"embeddable":true,"href":"https:\/\/dutchmicrodosing.com\/es\/wp-json\/wp\/v2\/media\/3596"}],"wp:attachment":[{"href":"https:\/\/dutchmicrodosing.com\/es\/wp-json\/wp\/v2\/media?parent=5318"}],"wp:term":[{"taxonomy":"product_brand","embeddable":true,"href":"https:\/\/dutchmicrodosing.com\/es\/wp-json\/wp\/v2\/product_brand?post=5318"},{"taxonomy":"product_cat","embeddable":true,"href":"https:\/\/dutchmicrodosing.com\/es\/wp-json\/wp\/v2\/product_cat?post=5318"},{"taxonomy":"product_tag","embeddable":true,"href":"https:\/\/dutchmicrodosing.com\/es\/wp-json\/wp\/v2\/product_tag?post=5318"}],"curies":[{"name":"wp","href":"https:\/\/api.w.org\/{rel}","templated":true}]}}