{"id":5321,"date":"2021-02-27T22:51:41","date_gmt":"2021-02-27T21:51:41","guid":{"rendered":"https:\/\/dutchmicrodosing.com\/shop\/niet-gecategoriseerd\/womans-multi-vit-30-capsulas\/"},"modified":"2025-08-27T09:41:25","modified_gmt":"2025-08-27T07:41:25","slug":"womans-multi-vit-30-caps","status":"publish","type":"product","link":"https:\/\/dutchmicrodosing.com\/es\/herbolario\/suplementos-de-vitaminas\/womans-multi-vit-30-caps\/","title":{"rendered":"Woman&#8217;s Multi Vit &#8211; 30 c\u00e1psulas"},"content":{"rendered":"<p>Especialmente desarrollado para las necesidades \u00fanicas de la mujer: <strong>Together&#8217;s Woman&#8217;s Multi Vit<\/strong>. Exactamente lo que necesita la mujer moderna. Todos los valores nutricionales proceden de alimentos, fuentes oce\u00e1nicas e ingredientes vegetales. Los suplementos se producen en condiciones controladas y a bajas temperaturas. Esto garantiza la conservaci\u00f3n de importantes valores nutricionales en los suplementos. Algunos ejemplos son: enzimas y fitonutrientes vivos, amino\u00e1cidos, oligoelementos y otros cofactores bioactivos.<\/p>\n<p>Este producto es completamente vegano y no contiene aditivos ni otros excipientes. Viene en una bolsa que cabe en el buz\u00f3n. Una bolsa contiene aproximadamente 30 c\u00e1psulas, lo que equivale a un suministro de aproximadamente un mes (una c\u00e1psula al d\u00eda).<i><\/i><\/p>\n<h3>Ingredientes<\/h3>\n<p>Concentrado de levadura con: hierro, selenio, zinc, cobre, cromo GTF, yodo, niacina, \u00e1cido pantot\u00e9nico, riboflavina, vitamina B6, tiamina, vitamina B12 y manganeso; Alga Lithothamnion Calcareum (aporta magnesio); Vitamina C procesada en pulpa de c\u00edtricos; Betacaroteno procesado en concentrado de zanahoria; Vitamina E combinada en aceite vegetal; Biotina procesada en harina de ma\u00edz; \u00c1cido f\u00f3lico y vitamina K2 procesados en concentrado de alfalfa; Extracto de tapioca; Liquen con vitamina D3 y C\u00e1psula vegana (celulosa vegetal)Betacaroteno 500\u03bcg.<\/p>\n<p><strong>Valores nutricionales por c\u00e1psula:<\/strong><\/p>\n<ul>\n<li>Vitamina D3 10\u03bcg<\/li>\n<li>Vitamina E 2,5mg \u03b1-TE<\/li>\n<li>Vitamina C 25mg<\/li>\n<li>Tiamina (Vitamina B1) 0,7mg<\/li>\n<li>Riboflavina (Vitamina B2) 0,8mg<\/li>\n<li>Niacina (como Niacinamida) 5mg<\/li>\n<li>Vitamina B6 1,4mg<\/li>\n<li>\u00c1cido f\u00f3lico (como folato) 100\u03bcg<\/li>\n<li>Vitamina B12 (como metilcobalamina) 5\u03bcg<\/li>\n<li>Biotina 75\u03bcg<\/li>\n<li>\u00c1cido pantot\u00e9nico (vitamina B5) 3 mg<\/li>\n<li>Vitamina K2 20\u03bcg<\/li>\n<li>Hierro 4,2mg<\/li>\n<li>Zinc 1,5mg<\/li>\n<li>Cobre 250\u03bcg<\/li>\n<li>Magnesio 55mg<\/li>\n<li>Manganeso 0,3mg<\/li>\n<li>Selenio 30\u03bcg<\/li>\n<li>Cromo (G.T.F.) 30\u03bcg<\/li>\n<li>Yodo 57\u03bcg<\/li>\n<li>Molibdeno 15\u03bcg<\/li>\n<\/ul>\n<h3>Contenido<\/h3>\n<p>Together Woman&#8217;s Multi Vit &#8211; 30 c\u00e1psulas<\/p>\n","protected":false},"excerpt":{"rendered":"<p>Especialmente desarrollado para las necesidades \u00fanicas de la mujer: Together&#8217;s Woman&#8217;s Multi Vit. Exactamente lo que necesita la mujer moderna. Todos los valores nutricionales proceden de alimentos, fuentes oce\u00e1nicas e ingredientes vegetales. Los suplementos se producen en condiciones controladas y a bajas temperaturas. Esto garantiza la conservaci\u00f3n de importantes valores nutricionales en los suplementos. Algunos [&hellip;]<\/p>\n","protected":false},"featured_media":3296,"comment_status":"open","ping_status":"closed","template":"","meta":[],"product_brand":[],"product_cat":[298,140],"product_tag":[],"class_list":{"0":"post-5321","1":"product","2":"type-product","3":"status-publish","4":"has-post-thumbnail","6":"product_cat-suplementos-para-el-sistema-inmunitario","7":"product_cat-suplementos-de-vitaminas","9":"first","10":"outofstock","11":"taxable","12":"shipping-taxable","13":"purchasable","14":"product-type-simple"},"yoast_head":"<!-- This site is optimized with the Yoast SEO Premium plugin v26.4 (Yoast SEO v27.4) - https:\/\/yoast.com\/product\/yoast-seo-premium-wordpress\/ -->\n<title>Woman&#039;s Multi Vit - 30 c\u00e1psulas - Dutchmicrodosing<\/title>\n<meta name=\"description\" content=\"Especialmente desarrollado para las necesidades \u00fanicas de las mujeres: el Woman&#039;s Multi Vit de Together. Exactamente lo que necesita la mujer moderna. Todos los valores nutricionales\" \/>\n<meta name=\"robots\" content=\"index, follow, max-snippet:-1, max-image-preview:large, max-video-preview:-1\" \/>\n<link rel=\"canonical\" href=\"https:\/\/dutchmicrodosing.com\/es\/herbolario\/suplementos-de-vitaminas\/womans-multi-vit-30-caps\/\" \/>\n<meta property=\"og:locale\" content=\"es_ES\" \/>\n<meta property=\"og:type\" content=\"article\" \/>\n<meta property=\"og:title\" content=\"Woman&#039;s Multi Vit - 30 c\u00e1psulas\" \/>\n<meta property=\"og:description\" content=\"Especialmente desarrollado para las necesidades \u00fanicas de la mujer: Together&#039;s Woman&#039;s Multi Vit. Exactamente lo que necesita la mujer moderna. Todos los\" \/>\n<meta property=\"og:url\" content=\"https:\/\/dutchmicrodosing.com\/es\/herbolario\/suplementos-de-vitaminas\/womans-multi-vit-30-caps\/\" \/>\n<meta property=\"og:site_name\" content=\"Dutchmicrodosing\" \/>\n<meta property=\"article:publisher\" content=\"https:\/\/www.facebook.com\/Dutchmicrodosingxp\/\" \/>\n<meta property=\"article:modified_time\" content=\"2025-08-27T07:41:25+00:00\" \/>\n<meta property=\"og:image\" content=\"https:\/\/dutchmicrodosing.com\/wp-content\/uploads\/2021\/02\/2271_Womans-Multi-Vit-Together-Health-30caps-2.jpg\" \/>\n\t<meta property=\"og:image:width\" content=\"1040\" \/>\n\t<meta property=\"og:image:height\" content=\"1040\" \/>\n\t<meta property=\"og:image:type\" content=\"image\/jpeg\" \/>\n<meta name=\"twitter:card\" content=\"summary_large_image\" \/>\n<script type=\"application\/ld+json\" class=\"yoast-schema-graph\">{\"@context\":\"https:\\\/\\\/schema.org\",\"@graph\":[{\"@type\":\"WebPage\",\"@id\":\"https:\\\/\\\/dutchmicrodosing.com\\\/es\\\/herbolario\\\/suplementos-de-vitaminas\\\/womans-multi-vit-30-caps\\\/\",\"url\":\"https:\\\/\\\/dutchmicrodosing.com\\\/es\\\/herbolario\\\/suplementos-de-vitaminas\\\/womans-multi-vit-30-caps\\\/\",\"name\":\"Woman's Multi Vit - 30 c\u00e1psulas - Dutchmicrodosing\",\"isPartOf\":{\"@id\":\"https:\\\/\\\/dutchmicrodosing.com\\\/es\\\/#website\"},\"primaryImageOfPage\":{\"@id\":\"https:\\\/\\\/dutchmicrodosing.com\\\/es\\\/herbolario\\\/suplementos-de-vitaminas\\\/womans-multi-vit-30-caps\\\/#primaryimage\"},\"image\":{\"@id\":\"https:\\\/\\\/dutchmicrodosing.com\\\/es\\\/herbolario\\\/suplementos-de-vitaminas\\\/womans-multi-vit-30-caps\\\/#primaryimage\"},\"thumbnailUrl\":\"https:\\\/\\\/dutchmicrodosing.com\\\/wp-content\\\/uploads\\\/2021\\\/02\\\/2271_Womans-Multi-Vit-Together-Health-30caps-2.jpg\",\"datePublished\":\"2021-02-27T21:51:41+00:00\",\"dateModified\":\"2025-08-27T07:41:25+00:00\",\"description\":\"Especialmente desarrollado para las necesidades \u00fanicas de las mujeres: el Woman's Multi Vit de Together. Exactamente lo que necesita la mujer moderna. Todos los valores nutricionales\",\"breadcrumb\":{\"@id\":\"https:\\\/\\\/dutchmicrodosing.com\\\/es\\\/herbolario\\\/suplementos-de-vitaminas\\\/womans-multi-vit-30-caps\\\/#breadcrumb\"},\"inLanguage\":\"es\",\"potentialAction\":[{\"@type\":\"ReadAction\",\"target\":[\"https:\\\/\\\/dutchmicrodosing.com\\\/es\\\/herbolario\\\/suplementos-de-vitaminas\\\/womans-multi-vit-30-caps\\\/\"]}]},{\"@type\":\"ImageObject\",\"inLanguage\":\"es\",\"@id\":\"https:\\\/\\\/dutchmicrodosing.com\\\/es\\\/herbolario\\\/suplementos-de-vitaminas\\\/womans-multi-vit-30-caps\\\/#primaryimage\",\"url\":\"https:\\\/\\\/dutchmicrodosing.com\\\/wp-content\\\/uploads\\\/2021\\\/02\\\/2271_Womans-Multi-Vit-Together-Health-30caps-2.jpg\",\"contentUrl\":\"https:\\\/\\\/dutchmicrodosing.com\\\/wp-content\\\/uploads\\\/2021\\\/02\\\/2271_Womans-Multi-Vit-Together-Health-30caps-2.jpg\",\"width\":1040,\"height\":1040},{\"@type\":\"BreadcrumbList\",\"@id\":\"https:\\\/\\\/dutchmicrodosing.com\\\/es\\\/herbolario\\\/suplementos-de-vitaminas\\\/womans-multi-vit-30-caps\\\/#breadcrumb\",\"itemListElement\":[{\"@type\":\"ListItem\",\"position\":1,\"name\":\"Home\",\"item\":\"https:\\\/\\\/dutchmicrodosing.com\\\/es\\\/\"},{\"@type\":\"ListItem\",\"position\":2,\"name\":\"Tienda\",\"item\":\"https:\\\/\\\/dutchmicrodosing.com\\\/es\\\/tienda\\\/\"},{\"@type\":\"ListItem\",\"position\":3,\"name\":\"Woman&#8217;s Multi Vit &#8211; 30 c\u00e1psulas\"}]},{\"@type\":\"WebSite\",\"@id\":\"https:\\\/\\\/dutchmicrodosing.com\\\/es\\\/#website\",\"url\":\"https:\\\/\\\/dutchmicrodosing.com\\\/es\\\/\",\"name\":\"Dutchmicrodosing\",\"description\":\"\",\"publisher\":{\"@id\":\"https:\\\/\\\/dutchmicrodosing.com\\\/es\\\/#organization\"},\"potentialAction\":[{\"@type\":\"SearchAction\",\"target\":{\"@type\":\"EntryPoint\",\"urlTemplate\":\"https:\\\/\\\/dutchmicrodosing.com\\\/es\\\/?s={search_term_string}\"},\"query-input\":{\"@type\":\"PropertyValueSpecification\",\"valueRequired\":true,\"valueName\":\"search_term_string\"}}],\"inLanguage\":\"es\"},{\"@type\":\"Organization\",\"@id\":\"https:\\\/\\\/dutchmicrodosing.com\\\/es\\\/#organization\",\"name\":\"Dutchmicrodosing\",\"url\":\"https:\\\/\\\/dutchmicrodosing.com\\\/es\\\/\",\"logo\":{\"@type\":\"ImageObject\",\"inLanguage\":\"es\",\"@id\":\"https:\\\/\\\/dutchmicrodosing.com\\\/es\\\/#\\\/schema\\\/logo\\\/image\\\/\",\"url\":\"https:\\\/\\\/dutchmicrodosing.com\\\/wp-content\\\/uploads\\\/2021\\\/01\\\/microdosing-categorie-pic-nieuw.jpg\",\"contentUrl\":\"https:\\\/\\\/dutchmicrodosing.com\\\/wp-content\\\/uploads\\\/2021\\\/01\\\/microdosing-categorie-pic-nieuw.jpg\",\"width\":500,\"height\":500,\"caption\":\"Dutchmicrodosing\"},\"image\":{\"@id\":\"https:\\\/\\\/dutchmicrodosing.com\\\/es\\\/#\\\/schema\\\/logo\\\/image\\\/\"},\"sameAs\":[\"https:\\\/\\\/www.facebook.com\\\/Dutchmicrodosingxp\\\/\",\"https:\\\/\\\/www.instagram.com\\\/dutchmicrodosing\\\/\"]}]}<\/script>\n<meta property=\"product:price:amount\" content=\"13.95\" \/>\n<meta property=\"product:price:currency\" content=\"EUR\" \/>\n<meta property=\"og:availability\" content=\"out of stock\" \/>\n<meta property=\"product:availability\" content=\"out of stock\" \/>\n<meta property=\"product:retailer_item_id\" content=\"1203626\" \/>\n<meta property=\"product:condition\" content=\"new\" \/>\n<!-- \/ Yoast SEO Premium plugin. -->","yoast_head_json":{"title":"Woman's Multi Vit - 30 c\u00e1psulas - Dutchmicrodosing","description":"Especialmente desarrollado para las necesidades \u00fanicas de las mujeres: el Woman's Multi Vit de Together. Exactamente lo que necesita la mujer moderna. Todos los valores nutricionales","robots":{"index":"index","follow":"follow","max-snippet":"max-snippet:-1","max-image-preview":"max-image-preview:large","max-video-preview":"max-video-preview:-1"},"canonical":"https:\/\/dutchmicrodosing.com\/es\/herbolario\/suplementos-de-vitaminas\/womans-multi-vit-30-caps\/","og_locale":"es_ES","og_type":"article","og_title":"Woman's Multi Vit - 30 c\u00e1psulas","og_description":"Especialmente desarrollado para las necesidades \u00fanicas de la mujer: Together's Woman's Multi Vit. Exactamente lo que necesita la mujer moderna. Todos los","og_url":"https:\/\/dutchmicrodosing.com\/es\/herbolario\/suplementos-de-vitaminas\/womans-multi-vit-30-caps\/","og_site_name":"Dutchmicrodosing","article_publisher":"https:\/\/www.facebook.com\/Dutchmicrodosingxp\/","article_modified_time":"2025-08-27T07:41:25+00:00","og_image":[{"width":1040,"height":1040,"url":"https:\/\/dutchmicrodosing.com\/wp-content\/uploads\/2021\/02\/2271_Womans-Multi-Vit-Together-Health-30caps-2.jpg","type":"image\/jpeg"}],"twitter_card":"summary_large_image","schema":{"@context":"https:\/\/schema.org","@graph":[{"@type":"WebPage","@id":"https:\/\/dutchmicrodosing.com\/es\/herbolario\/suplementos-de-vitaminas\/womans-multi-vit-30-caps\/","url":"https:\/\/dutchmicrodosing.com\/es\/herbolario\/suplementos-de-vitaminas\/womans-multi-vit-30-caps\/","name":"Woman's Multi Vit - 30 c\u00e1psulas - Dutchmicrodosing","isPartOf":{"@id":"https:\/\/dutchmicrodosing.com\/es\/#website"},"primaryImageOfPage":{"@id":"https:\/\/dutchmicrodosing.com\/es\/herbolario\/suplementos-de-vitaminas\/womans-multi-vit-30-caps\/#primaryimage"},"image":{"@id":"https:\/\/dutchmicrodosing.com\/es\/herbolario\/suplementos-de-vitaminas\/womans-multi-vit-30-caps\/#primaryimage"},"thumbnailUrl":"https:\/\/dutchmicrodosing.com\/wp-content\/uploads\/2021\/02\/2271_Womans-Multi-Vit-Together-Health-30caps-2.jpg","datePublished":"2021-02-27T21:51:41+00:00","dateModified":"2025-08-27T07:41:25+00:00","description":"Especialmente desarrollado para las necesidades \u00fanicas de las mujeres: el Woman's Multi Vit de Together. Exactamente lo que necesita la mujer moderna. Todos los valores nutricionales","breadcrumb":{"@id":"https:\/\/dutchmicrodosing.com\/es\/herbolario\/suplementos-de-vitaminas\/womans-multi-vit-30-caps\/#breadcrumb"},"inLanguage":"es","potentialAction":[{"@type":"ReadAction","target":["https:\/\/dutchmicrodosing.com\/es\/herbolario\/suplementos-de-vitaminas\/womans-multi-vit-30-caps\/"]}]},{"@type":"ImageObject","inLanguage":"es","@id":"https:\/\/dutchmicrodosing.com\/es\/herbolario\/suplementos-de-vitaminas\/womans-multi-vit-30-caps\/#primaryimage","url":"https:\/\/dutchmicrodosing.com\/wp-content\/uploads\/2021\/02\/2271_Womans-Multi-Vit-Together-Health-30caps-2.jpg","contentUrl":"https:\/\/dutchmicrodosing.com\/wp-content\/uploads\/2021\/02\/2271_Womans-Multi-Vit-Together-Health-30caps-2.jpg","width":1040,"height":1040},{"@type":"BreadcrumbList","@id":"https:\/\/dutchmicrodosing.com\/es\/herbolario\/suplementos-de-vitaminas\/womans-multi-vit-30-caps\/#breadcrumb","itemListElement":[{"@type":"ListItem","position":1,"name":"Home","item":"https:\/\/dutchmicrodosing.com\/es\/"},{"@type":"ListItem","position":2,"name":"Tienda","item":"https:\/\/dutchmicrodosing.com\/es\/tienda\/"},{"@type":"ListItem","position":3,"name":"Woman&#8217;s Multi Vit &#8211; 30 c\u00e1psulas"}]},{"@type":"WebSite","@id":"https:\/\/dutchmicrodosing.com\/es\/#website","url":"https:\/\/dutchmicrodosing.com\/es\/","name":"Dutchmicrodosing","description":"","publisher":{"@id":"https:\/\/dutchmicrodosing.com\/es\/#organization"},"potentialAction":[{"@type":"SearchAction","target":{"@type":"EntryPoint","urlTemplate":"https:\/\/dutchmicrodosing.com\/es\/?s={search_term_string}"},"query-input":{"@type":"PropertyValueSpecification","valueRequired":true,"valueName":"search_term_string"}}],"inLanguage":"es"},{"@type":"Organization","@id":"https:\/\/dutchmicrodosing.com\/es\/#organization","name":"Dutchmicrodosing","url":"https:\/\/dutchmicrodosing.com\/es\/","logo":{"@type":"ImageObject","inLanguage":"es","@id":"https:\/\/dutchmicrodosing.com\/es\/#\/schema\/logo\/image\/","url":"https:\/\/dutchmicrodosing.com\/wp-content\/uploads\/2021\/01\/microdosing-categorie-pic-nieuw.jpg","contentUrl":"https:\/\/dutchmicrodosing.com\/wp-content\/uploads\/2021\/01\/microdosing-categorie-pic-nieuw.jpg","width":500,"height":500,"caption":"Dutchmicrodosing"},"image":{"@id":"https:\/\/dutchmicrodosing.com\/es\/#\/schema\/logo\/image\/"},"sameAs":["https:\/\/www.facebook.com\/Dutchmicrodosingxp\/","https:\/\/www.instagram.com\/dutchmicrodosing\/"]}]},"product_price_amount":"13.95","product_price_currency":"EUR","og_availability":"out of stock","product_availability":"out of stock","product_retailer_item_id":"1203626","product_condition":"new"},"_links":{"self":[{"href":"https:\/\/dutchmicrodosing.com\/es\/wp-json\/wp\/v2\/product\/5321","targetHints":{"allow":["GET"]}}],"collection":[{"href":"https:\/\/dutchmicrodosing.com\/es\/wp-json\/wp\/v2\/product"}],"about":[{"href":"https:\/\/dutchmicrodosing.com\/es\/wp-json\/wp\/v2\/types\/product"}],"replies":[{"embeddable":true,"href":"https:\/\/dutchmicrodosing.com\/es\/wp-json\/wp\/v2\/comments?post=5321"}],"version-history":[{"count":0,"href":"https:\/\/dutchmicrodosing.com\/es\/wp-json\/wp\/v2\/product\/5321\/revisions"}],"wp:featuredmedia":[{"embeddable":true,"href":"https:\/\/dutchmicrodosing.com\/es\/wp-json\/wp\/v2\/media\/3296"}],"wp:attachment":[{"href":"https:\/\/dutchmicrodosing.com\/es\/wp-json\/wp\/v2\/media?parent=5321"}],"wp:term":[{"taxonomy":"product_brand","embeddable":true,"href":"https:\/\/dutchmicrodosing.com\/es\/wp-json\/wp\/v2\/product_brand?post=5321"},{"taxonomy":"product_cat","embeddable":true,"href":"https:\/\/dutchmicrodosing.com\/es\/wp-json\/wp\/v2\/product_cat?post=5321"},{"taxonomy":"product_tag","embeddable":true,"href":"https:\/\/dutchmicrodosing.com\/es\/wp-json\/wp\/v2\/product_tag?post=5321"}],"curies":[{"name":"wp","href":"https:\/\/api.w.org\/{rel}","templated":true}]}}