{"id":5324,"date":"2021-02-27T22:51:42","date_gmt":"2021-02-27T21:51:42","guid":{"rendered":"https:\/\/dutchmicrodosing.com\/shop\/niet-gecategoriseerd\/algae-omega-3-30-capsulas\/"},"modified":"2025-08-19T16:02:36","modified_gmt":"2025-08-19T14:02:36","slug":"algas-omega-3-30caps","status":"publish","type":"product","link":"https:\/\/dutchmicrodosing.com\/es\/herbolario\/suplementos-de-vitaminas\/algas-omega-3-30caps\/","title":{"rendered":"Algae Omega 3 &#8211; 30 c\u00e1psulas"},"content":{"rendered":"<p><strong>Algae Omega 3 <\/strong>de Together ofrece omega 3 de alta calidad procedente de algas, totalmente natural. Con esto se saltan el pescado y lo obtienen directamente de la fuente. La mayor\u00eda de los suplementos de Omega 3 se obtienen del pescado. Los peces se alimentan de algas, por lo que contienen omega 3. \u00bfLa ventaja de esto? Las algas son una forma mucho m\u00e1s directa, sostenible y ecol\u00f3gica de obtener omega 3. Together cultiva las algas en un entorno 100% libre de fertilizantes y extrae el omega sin utilizar productos qu\u00edmicos. Cada c\u00e1psula blanda est\u00e1 repleta de aceite de algas rico en DHA y EPA extra\u00eddo de forma natural.<\/p>\n<p>Este producto es completamente vegano y no contiene aditivos ni otros excipientes. Viene en una bolsa que cabe en el buz\u00f3n. Una bolsa contiene aproximadamente 60 c\u00e1psulas, lo que equivale a un suministro de aproximadamente un mes (2 c\u00e1psulas al d\u00eda).<\/p>\n<h3>Ingredientes<\/h3>\n<p>Aceite de algas y c\u00e1psula de gelatina blanda vegana*.<\/p>\n<p>* (glicerina vegetal de aceite de coco, almid\u00f3n de ma\u00edz: no OGM, carragenina no degradada de algas rojas, carbonato s\u00f3dico de algas) 100% vegetal.<\/p>\n<p><strong>Valores nutricionales por c\u00e1psula:<\/strong><\/p>\n<ul>\n<li>DHA 207mg<\/li>\n<li>EPA 123mg<\/li>\n<li>DPA 22mg<\/li>\n<\/ul>\n<p>Una c\u00e1psula blanda aporta una media de 352 mg de Omega 3.<\/p>\n<h3>Contenido<\/h3>\n<p>Juntos Algas Omega 3 &#8211; 60 c\u00e1psulas<\/p>\n","protected":false},"excerpt":{"rendered":"<p>Algae Omega 3 de Together ofrece omega 3 de alta calidad procedente de algas, totalmente natural. Con esto se saltan el pescado y lo obtienen directamente de la fuente. La mayor\u00eda de los suplementos de Omega 3 se obtienen del pescado. Los peces se alimentan de algas, por lo que contienen omega 3. \u00bfLa ventaja [&hellip;]<\/p>\n","protected":false},"featured_media":3264,"comment_status":"open","ping_status":"closed","template":"","meta":[],"product_brand":[],"product_cat":[298,324,140],"product_tag":[],"class_list":{"0":"post-5324","1":"product","2":"type-product","3":"status-publish","4":"has-post-thumbnail","6":"product_cat-suplementos-para-el-sistema-inmunitario","7":"product_cat-suplementos-para-la-concentracion","8":"product_cat-suplementos-de-vitaminas","10":"first","11":"outofstock","12":"taxable","13":"shipping-taxable","14":"purchasable","15":"product-type-simple"},"yoast_head":"<!-- This site is optimized with the Yoast SEO Premium plugin v26.4 (Yoast SEO v27.2) - https:\/\/yoast.com\/product\/yoast-seo-premium-wordpress\/ -->\n<title>Algae Omega 3 - 30 c\u00e1psulas - Dutchmicrodosing<\/title>\n<meta name=\"description\" content=\"La mayor\u00eda de los suplementos de Omega 3 se obtienen del pescado. Los peces se alimentan de algas, por lo que contienen omega 3. Algae Omega 3 de Together ofrece...\" \/>\n<meta name=\"robots\" content=\"index, follow, max-snippet:-1, max-image-preview:large, max-video-preview:-1\" \/>\n<link rel=\"canonical\" href=\"https:\/\/dutchmicrodosing.com\/es\/herbolario\/suplementos-de-vitaminas\/algas-omega-3-30caps\/\" \/>\n<meta property=\"og:locale\" content=\"es_ES\" \/>\n<meta property=\"og:type\" content=\"article\" \/>\n<meta property=\"og:title\" content=\"Algae Omega 3 - 30 c\u00e1psulas\" \/>\n<meta property=\"og:description\" content=\"Algae Omega 3 de Together ofrece omega 3 de alta calidad procedente de algas, totalmente natural. Con esto se saltan el pescado y lo obtienen directamente\" \/>\n<meta property=\"og:url\" content=\"https:\/\/dutchmicrodosing.com\/es\/herbolario\/suplementos-de-vitaminas\/algas-omega-3-30caps\/\" \/>\n<meta property=\"og:site_name\" content=\"Dutchmicrodosing\" \/>\n<meta property=\"article:publisher\" content=\"https:\/\/www.facebook.com\/Dutchmicrodosingxp\/\" \/>\n<meta property=\"article:modified_time\" content=\"2025-08-19T14:02:36+00:00\" \/>\n<meta property=\"og:image\" content=\"https:\/\/dutchmicrodosing.com\/wp-content\/uploads\/2021\/02\/2268_Algae-Omega-3-Together-Health-30caps-2.jpg\" \/>\n\t<meta property=\"og:image:width\" content=\"1040\" \/>\n\t<meta property=\"og:image:height\" content=\"1040\" \/>\n\t<meta property=\"og:image:type\" content=\"image\/jpeg\" \/>\n<meta name=\"twitter:card\" content=\"summary_large_image\" \/>\n<script type=\"application\/ld+json\" class=\"yoast-schema-graph\">{\"@context\":\"https:\/\/schema.org\",\"@graph\":[{\"@type\":\"WebPage\",\"@id\":\"https:\/\/dutchmicrodosing.com\/es\/herbolario\/suplementos-de-vitaminas\/algas-omega-3-30caps\/\",\"url\":\"https:\/\/dutchmicrodosing.com\/es\/herbolario\/suplementos-de-vitaminas\/algas-omega-3-30caps\/\",\"name\":\"Algae Omega 3 - 30 c\u00e1psulas - Dutchmicrodosing\",\"isPartOf\":{\"@id\":\"https:\/\/dutchmicrodosing.com\/es\/#website\"},\"primaryImageOfPage\":{\"@id\":\"https:\/\/dutchmicrodosing.com\/es\/herbolario\/suplementos-de-vitaminas\/algas-omega-3-30caps\/#primaryimage\"},\"image\":{\"@id\":\"https:\/\/dutchmicrodosing.com\/es\/herbolario\/suplementos-de-vitaminas\/algas-omega-3-30caps\/#primaryimage\"},\"thumbnailUrl\":\"https:\/\/dutchmicrodosing.com\/wp-content\/uploads\/2021\/02\/2268_Algae-Omega-3-Together-Health-30caps-2.jpg\",\"datePublished\":\"2021-02-27T21:51:42+00:00\",\"dateModified\":\"2025-08-19T14:02:36+00:00\",\"description\":\"La mayor\u00eda de los suplementos de Omega 3 se obtienen del pescado. Los peces se alimentan de algas, por lo que contienen omega 3. Algae Omega 3 de Together ofrece...\",\"breadcrumb\":{\"@id\":\"https:\/\/dutchmicrodosing.com\/es\/herbolario\/suplementos-de-vitaminas\/algas-omega-3-30caps\/#breadcrumb\"},\"inLanguage\":\"es\",\"potentialAction\":[{\"@type\":\"ReadAction\",\"target\":[\"https:\/\/dutchmicrodosing.com\/es\/herbolario\/suplementos-de-vitaminas\/algas-omega-3-30caps\/\"]}]},{\"@type\":\"ImageObject\",\"inLanguage\":\"es\",\"@id\":\"https:\/\/dutchmicrodosing.com\/es\/herbolario\/suplementos-de-vitaminas\/algas-omega-3-30caps\/#primaryimage\",\"url\":\"https:\/\/dutchmicrodosing.com\/wp-content\/uploads\/2021\/02\/2268_Algae-Omega-3-Together-Health-30caps-2.jpg\",\"contentUrl\":\"https:\/\/dutchmicrodosing.com\/wp-content\/uploads\/2021\/02\/2268_Algae-Omega-3-Together-Health-30caps-2.jpg\",\"width\":1040,\"height\":1040},{\"@type\":\"BreadcrumbList\",\"@id\":\"https:\/\/dutchmicrodosing.com\/es\/herbolario\/suplementos-de-vitaminas\/algas-omega-3-30caps\/#breadcrumb\",\"itemListElement\":[{\"@type\":\"ListItem\",\"position\":1,\"name\":\"Home\",\"item\":\"https:\/\/dutchmicrodosing.com\/es\/\"},{\"@type\":\"ListItem\",\"position\":2,\"name\":\"Tienda\",\"item\":\"https:\/\/dutchmicrodosing.com\/es\/tienda\/\"},{\"@type\":\"ListItem\",\"position\":3,\"name\":\"Algae Omega 3 &#8211; 30 c\u00e1psulas\"}]},{\"@type\":\"WebSite\",\"@id\":\"https:\/\/dutchmicrodosing.com\/es\/#website\",\"url\":\"https:\/\/dutchmicrodosing.com\/es\/\",\"name\":\"Dutchmicrodosing\",\"description\":\"\",\"publisher\":{\"@id\":\"https:\/\/dutchmicrodosing.com\/es\/#organization\"},\"potentialAction\":[{\"@type\":\"SearchAction\",\"target\":{\"@type\":\"EntryPoint\",\"urlTemplate\":\"https:\/\/dutchmicrodosing.com\/es\/?s={search_term_string}\"},\"query-input\":{\"@type\":\"PropertyValueSpecification\",\"valueRequired\":true,\"valueName\":\"search_term_string\"}}],\"inLanguage\":\"es\"},{\"@type\":\"Organization\",\"@id\":\"https:\/\/dutchmicrodosing.com\/es\/#organization\",\"name\":\"Dutchmicrodosing\",\"url\":\"https:\/\/dutchmicrodosing.com\/es\/\",\"logo\":{\"@type\":\"ImageObject\",\"inLanguage\":\"es\",\"@id\":\"https:\/\/dutchmicrodosing.com\/es\/#\/schema\/logo\/image\/\",\"url\":\"https:\/\/dutchmicrodosing.com\/wp-content\/uploads\/2021\/01\/microdosing-categorie-pic-nieuw.jpg\",\"contentUrl\":\"https:\/\/dutchmicrodosing.com\/wp-content\/uploads\/2021\/01\/microdosing-categorie-pic-nieuw.jpg\",\"width\":500,\"height\":500,\"caption\":\"Dutchmicrodosing\"},\"image\":{\"@id\":\"https:\/\/dutchmicrodosing.com\/es\/#\/schema\/logo\/image\/\"},\"sameAs\":[\"https:\/\/www.facebook.com\/Dutchmicrodosingxp\/\",\"https:\/\/www.instagram.com\/dutchmicrodosing\/\"]}]}<\/script>\n<meta property=\"product:price:amount\" content=\"16.95\" \/>\n<meta property=\"product:price:currency\" content=\"EUR\" \/>\n<meta property=\"og:availability\" content=\"out of stock\" \/>\n<meta property=\"product:availability\" content=\"out of stock\" \/>\n<meta property=\"product:retailer_item_id\" content=\"1203885\" \/>\n<meta property=\"product:condition\" content=\"new\" \/>\n<!-- \/ Yoast SEO Premium plugin. -->","yoast_head_json":{"title":"Algae Omega 3 - 30 c\u00e1psulas - Dutchmicrodosing","description":"La mayor\u00eda de los suplementos de Omega 3 se obtienen del pescado. Los peces se alimentan de algas, por lo que contienen omega 3. Algae Omega 3 de Together ofrece...","robots":{"index":"index","follow":"follow","max-snippet":"max-snippet:-1","max-image-preview":"max-image-preview:large","max-video-preview":"max-video-preview:-1"},"canonical":"https:\/\/dutchmicrodosing.com\/es\/herbolario\/suplementos-de-vitaminas\/algas-omega-3-30caps\/","og_locale":"es_ES","og_type":"article","og_title":"Algae Omega 3 - 30 c\u00e1psulas","og_description":"Algae Omega 3 de Together ofrece omega 3 de alta calidad procedente de algas, totalmente natural. Con esto se saltan el pescado y lo obtienen directamente","og_url":"https:\/\/dutchmicrodosing.com\/es\/herbolario\/suplementos-de-vitaminas\/algas-omega-3-30caps\/","og_site_name":"Dutchmicrodosing","article_publisher":"https:\/\/www.facebook.com\/Dutchmicrodosingxp\/","article_modified_time":"2025-08-19T14:02:36+00:00","og_image":[{"width":1040,"height":1040,"url":"https:\/\/dutchmicrodosing.com\/wp-content\/uploads\/2021\/02\/2268_Algae-Omega-3-Together-Health-30caps-2.jpg","type":"image\/jpeg"}],"twitter_card":"summary_large_image","schema":{"@context":"https:\/\/schema.org","@graph":[{"@type":"WebPage","@id":"https:\/\/dutchmicrodosing.com\/es\/herbolario\/suplementos-de-vitaminas\/algas-omega-3-30caps\/","url":"https:\/\/dutchmicrodosing.com\/es\/herbolario\/suplementos-de-vitaminas\/algas-omega-3-30caps\/","name":"Algae Omega 3 - 30 c\u00e1psulas - Dutchmicrodosing","isPartOf":{"@id":"https:\/\/dutchmicrodosing.com\/es\/#website"},"primaryImageOfPage":{"@id":"https:\/\/dutchmicrodosing.com\/es\/herbolario\/suplementos-de-vitaminas\/algas-omega-3-30caps\/#primaryimage"},"image":{"@id":"https:\/\/dutchmicrodosing.com\/es\/herbolario\/suplementos-de-vitaminas\/algas-omega-3-30caps\/#primaryimage"},"thumbnailUrl":"https:\/\/dutchmicrodosing.com\/wp-content\/uploads\/2021\/02\/2268_Algae-Omega-3-Together-Health-30caps-2.jpg","datePublished":"2021-02-27T21:51:42+00:00","dateModified":"2025-08-19T14:02:36+00:00","description":"La mayor\u00eda de los suplementos de Omega 3 se obtienen del pescado. Los peces se alimentan de algas, por lo que contienen omega 3. Algae Omega 3 de Together ofrece...","breadcrumb":{"@id":"https:\/\/dutchmicrodosing.com\/es\/herbolario\/suplementos-de-vitaminas\/algas-omega-3-30caps\/#breadcrumb"},"inLanguage":"es","potentialAction":[{"@type":"ReadAction","target":["https:\/\/dutchmicrodosing.com\/es\/herbolario\/suplementos-de-vitaminas\/algas-omega-3-30caps\/"]}]},{"@type":"ImageObject","inLanguage":"es","@id":"https:\/\/dutchmicrodosing.com\/es\/herbolario\/suplementos-de-vitaminas\/algas-omega-3-30caps\/#primaryimage","url":"https:\/\/dutchmicrodosing.com\/wp-content\/uploads\/2021\/02\/2268_Algae-Omega-3-Together-Health-30caps-2.jpg","contentUrl":"https:\/\/dutchmicrodosing.com\/wp-content\/uploads\/2021\/02\/2268_Algae-Omega-3-Together-Health-30caps-2.jpg","width":1040,"height":1040},{"@type":"BreadcrumbList","@id":"https:\/\/dutchmicrodosing.com\/es\/herbolario\/suplementos-de-vitaminas\/algas-omega-3-30caps\/#breadcrumb","itemListElement":[{"@type":"ListItem","position":1,"name":"Home","item":"https:\/\/dutchmicrodosing.com\/es\/"},{"@type":"ListItem","position":2,"name":"Tienda","item":"https:\/\/dutchmicrodosing.com\/es\/tienda\/"},{"@type":"ListItem","position":3,"name":"Algae Omega 3 &#8211; 30 c\u00e1psulas"}]},{"@type":"WebSite","@id":"https:\/\/dutchmicrodosing.com\/es\/#website","url":"https:\/\/dutchmicrodosing.com\/es\/","name":"Dutchmicrodosing","description":"","publisher":{"@id":"https:\/\/dutchmicrodosing.com\/es\/#organization"},"potentialAction":[{"@type":"SearchAction","target":{"@type":"EntryPoint","urlTemplate":"https:\/\/dutchmicrodosing.com\/es\/?s={search_term_string}"},"query-input":{"@type":"PropertyValueSpecification","valueRequired":true,"valueName":"search_term_string"}}],"inLanguage":"es"},{"@type":"Organization","@id":"https:\/\/dutchmicrodosing.com\/es\/#organization","name":"Dutchmicrodosing","url":"https:\/\/dutchmicrodosing.com\/es\/","logo":{"@type":"ImageObject","inLanguage":"es","@id":"https:\/\/dutchmicrodosing.com\/es\/#\/schema\/logo\/image\/","url":"https:\/\/dutchmicrodosing.com\/wp-content\/uploads\/2021\/01\/microdosing-categorie-pic-nieuw.jpg","contentUrl":"https:\/\/dutchmicrodosing.com\/wp-content\/uploads\/2021\/01\/microdosing-categorie-pic-nieuw.jpg","width":500,"height":500,"caption":"Dutchmicrodosing"},"image":{"@id":"https:\/\/dutchmicrodosing.com\/es\/#\/schema\/logo\/image\/"},"sameAs":["https:\/\/www.facebook.com\/Dutchmicrodosingxp\/","https:\/\/www.instagram.com\/dutchmicrodosing\/"]}]},"product_price_amount":"16.95","product_price_currency":"EUR","og_availability":"out of stock","product_availability":"out of stock","product_retailer_item_id":"1203885","product_condition":"new"},"_links":{"self":[{"href":"https:\/\/dutchmicrodosing.com\/es\/wp-json\/wp\/v2\/product\/5324","targetHints":{"allow":["GET"]}}],"collection":[{"href":"https:\/\/dutchmicrodosing.com\/es\/wp-json\/wp\/v2\/product"}],"about":[{"href":"https:\/\/dutchmicrodosing.com\/es\/wp-json\/wp\/v2\/types\/product"}],"replies":[{"embeddable":true,"href":"https:\/\/dutchmicrodosing.com\/es\/wp-json\/wp\/v2\/comments?post=5324"}],"version-history":[{"count":0,"href":"https:\/\/dutchmicrodosing.com\/es\/wp-json\/wp\/v2\/product\/5324\/revisions"}],"wp:featuredmedia":[{"embeddable":true,"href":"https:\/\/dutchmicrodosing.com\/es\/wp-json\/wp\/v2\/media\/3264"}],"wp:attachment":[{"href":"https:\/\/dutchmicrodosing.com\/es\/wp-json\/wp\/v2\/media?parent=5324"}],"wp:term":[{"taxonomy":"product_brand","embeddable":true,"href":"https:\/\/dutchmicrodosing.com\/es\/wp-json\/wp\/v2\/product_brand?post=5324"},{"taxonomy":"product_cat","embeddable":true,"href":"https:\/\/dutchmicrodosing.com\/es\/wp-json\/wp\/v2\/product_cat?post=5324"},{"taxonomy":"product_tag","embeddable":true,"href":"https:\/\/dutchmicrodosing.com\/es\/wp-json\/wp\/v2\/product_tag?post=5324"}],"curies":[{"name":"wp","href":"https:\/\/api.w.org\/{rel}","templated":true}]}}