{"id":5325,"date":"2021-02-27T22:51:42","date_gmt":"2021-02-27T21:51:42","guid":{"rendered":"https:\/\/dutchmicrodosing.com\/shop\/niet-gecategoriseerd\/alimento-fermentado-multibiotico-30-capsulas\/"},"modified":"2025-08-20T19:09:12","modified_gmt":"2025-08-20T17:09:12","slug":"multibiotic-fermented-food-30caps","status":"publish","type":"product","link":"https:\/\/dutchmicrodosing.com\/es\/herbolario\/suplementos-de-vitaminas\/multibiotic-fermented-food-30caps\/","title":{"rendered":"Alimento Fermentado Multibi\u00f3tico &#8211; 30 c\u00e1psulas"},"content":{"rendered":"<p>El Alimento <strong>Fermentado Multibi\u00f3tico<\/strong> es un suplemento multibi\u00f3tico \u00fanico que contiene m\u00e1s de un bill\u00f3n de bacterias intestinales beneficiosas para el equilibrio. Multibiotic Fermented Food (prebi\u00f3ticos) de Together es el suplemento para la salud intestinal y digestiva. Se produce gracias al m\u00e9todo de fermentaci\u00f3n de la kombucha; un proceso de producci\u00f3n natural que se utiliza para conservar los alimentos durante m\u00e1s tiempo. Este suplemento contiene 16 cepas bacterianas vivas, cuidadosamente seleccionadas, que representan un total de 13 mil millones de UFC por c\u00e1psula en el momento de su fabricaci\u00f3n. Tambi\u00e9n a\u00f1adimos isomalto-oligosac\u00e1rido e inulina a este suplemento para promover y apoyar de forma natural el crecimiento de las bacterias buenas.<\/p>\n<p>Este producto es completamente vegano y no contiene aditivos ni otros excipientes. Viene en una bolsa que cabe en el buz\u00f3n. Una bolsa contiene aproximadamente 30 c\u00e1psulas, lo que equivale a un suministro de aproximadamente un mes (1 c\u00e1psula al d\u00eda).<\/p>\n<h3>Ingredientes<\/h3>\n<p>Complejo de frutas y verduras fermentadas (zanahoria, apio*, remolacha, zanahoria morada, tomate, br\u00e9col, esp\u00e1rragos, calabaza, guisantes, espinacas, ma\u00edz dulce, pi\u00f1a, naranja, manzana, fruta de la pasi\u00f3n, pl\u00e1tano, mandarina, mango, papaya, lim\u00f3n, morera, uva roja, ciruela, noni, melocot\u00f3n, lichi, pomelo rojo, ciruela pasa, granada, aronia, ar\u00e1ndano rojo, fresa, frambuesa, cereza, grosella negra, baya, uva blanca, ca\u00f1a de az\u00facar, ar\u00e1ndano, ar\u00e1ndano de cera, kiwi, kumquat redondo, pei yu, mel\u00f3n cantalupo, cereza de las Indias Occidentales); Complejo de cultivos vivos multicepas (Bifidobacterium Lactis BS01, Lactobacillus Acidophilus LA02, Lactobacillus Plantarum LP01, Lactobacillus Rhamnosus GG, Bacillus Coagulans LMG 6326); Oligosac\u00e1ridos Ra\u00edces (extra\u00eddos de la achicoria); C\u00e1psula vegana (celulosa vegetal).<\/p>\n<p><strong>Valores nutricionales por c\u00e1psula:<\/strong><\/p>\n<ul>\n<li>13 mil millones de cultivos vivos (13 x 109)\u2020 120mg<\/li>\n<li>Inulina e isomalto-oligosac\u00e1ridos 160mg<\/li>\n<\/ul>\n<h3>Contenido<\/h3>\n<p>Together Alimento Fermentado Multibi\u00f3tico &#8211; 30 C\u00e1psulas<\/p>\n","protected":false},"excerpt":{"rendered":"<p>El Alimento Fermentado Multibi\u00f3tico es un suplemento multibi\u00f3tico \u00fanico que contiene m\u00e1s de un bill\u00f3n de bacterias intestinales beneficiosas para el equilibrio. Multibiotic Fermented Food (prebi\u00f3ticos) de Together es el suplemento para la salud intestinal y digestiva. Se produce gracias al m\u00e9todo de fermentaci\u00f3n de la kombucha; un proceso de producci\u00f3n natural que se utiliza [&hellip;]<\/p>\n","protected":false},"featured_media":3260,"comment_status":"open","ping_status":"closed","template":"","meta":[],"product_brand":[],"product_cat":[298,140],"product_tag":[],"class_list":{"0":"post-5325","1":"product","2":"type-product","3":"status-publish","4":"has-post-thumbnail","6":"product_cat-suplementos-para-el-sistema-inmunitario","7":"product_cat-suplementos-de-vitaminas","9":"first","10":"outofstock","11":"taxable","12":"shipping-taxable","13":"purchasable","14":"product-type-simple"},"yoast_head":"<!-- This site is optimized with the Yoast SEO Premium plugin v26.4 (Yoast SEO v27.4) - https:\/\/yoast.com\/product\/yoast-seo-premium-wordpress\/ -->\n<title>Alimento Fermentado Multibi\u00f3tico - 30 c\u00e1psulas - Dutchmicrodosing<\/title>\n<meta name=\"description\" content=\"El Alimento Fermentado Multibi\u00f3tico es un suplemento multibi\u00f3tico \u00fanico que contiene m\u00e1s de un bill\u00f3n de bacterias intestinales beneficiosas para el equilibrio. Multibi\u00f3tico Fermentado\" \/>\n<meta name=\"robots\" content=\"index, follow, max-snippet:-1, max-image-preview:large, max-video-preview:-1\" \/>\n<link rel=\"canonical\" href=\"https:\/\/dutchmicrodosing.com\/es\/herbolario\/suplementos-de-vitaminas\/multibiotic-fermented-food-30caps\/\" \/>\n<meta property=\"og:locale\" content=\"es_ES\" \/>\n<meta property=\"og:type\" content=\"article\" \/>\n<meta property=\"og:title\" content=\"Alimento Fermentado Multibi\u00f3tico - 30 c\u00e1psulas\" \/>\n<meta property=\"og:description\" content=\"El Alimento Fermentado Multibi\u00f3tico es un suplemento multibi\u00f3tico \u00fanico que contiene m\u00e1s de un bill\u00f3n de bacterias intestinales beneficiosas para el\" \/>\n<meta property=\"og:url\" content=\"https:\/\/dutchmicrodosing.com\/es\/herbolario\/suplementos-de-vitaminas\/multibiotic-fermented-food-30caps\/\" \/>\n<meta property=\"og:site_name\" content=\"Dutchmicrodosing\" \/>\n<meta property=\"article:publisher\" content=\"https:\/\/www.facebook.com\/Dutchmicrodosingxp\/\" \/>\n<meta property=\"article:modified_time\" content=\"2025-08-20T17:09:12+00:00\" \/>\n<meta property=\"og:image\" content=\"https:\/\/dutchmicrodosing.com\/wp-content\/uploads\/2021\/02\/2265_Multibiotic-Fermented-Food-Together-Health-30caps-1.jpg\" \/>\n\t<meta property=\"og:image:width\" content=\"1040\" \/>\n\t<meta property=\"og:image:height\" content=\"1040\" \/>\n\t<meta property=\"og:image:type\" content=\"image\/jpeg\" \/>\n<meta name=\"twitter:card\" content=\"summary_large_image\" \/>\n<script type=\"application\/ld+json\" class=\"yoast-schema-graph\">{\"@context\":\"https:\\\/\\\/schema.org\",\"@graph\":[{\"@type\":\"WebPage\",\"@id\":\"https:\\\/\\\/dutchmicrodosing.com\\\/es\\\/herbolario\\\/suplementos-de-vitaminas\\\/multibiotic-fermented-food-30caps\\\/\",\"url\":\"https:\\\/\\\/dutchmicrodosing.com\\\/es\\\/herbolario\\\/suplementos-de-vitaminas\\\/multibiotic-fermented-food-30caps\\\/\",\"name\":\"Alimento Fermentado Multibi\u00f3tico - 30 c\u00e1psulas - Dutchmicrodosing\",\"isPartOf\":{\"@id\":\"https:\\\/\\\/dutchmicrodosing.com\\\/es\\\/#website\"},\"primaryImageOfPage\":{\"@id\":\"https:\\\/\\\/dutchmicrodosing.com\\\/es\\\/herbolario\\\/suplementos-de-vitaminas\\\/multibiotic-fermented-food-30caps\\\/#primaryimage\"},\"image\":{\"@id\":\"https:\\\/\\\/dutchmicrodosing.com\\\/es\\\/herbolario\\\/suplementos-de-vitaminas\\\/multibiotic-fermented-food-30caps\\\/#primaryimage\"},\"thumbnailUrl\":\"https:\\\/\\\/dutchmicrodosing.com\\\/wp-content\\\/uploads\\\/2021\\\/02\\\/2265_Multibiotic-Fermented-Food-Together-Health-30caps-1.jpg\",\"datePublished\":\"2021-02-27T21:51:42+00:00\",\"dateModified\":\"2025-08-20T17:09:12+00:00\",\"description\":\"El Alimento Fermentado Multibi\u00f3tico es un suplemento multibi\u00f3tico \u00fanico que contiene m\u00e1s de un bill\u00f3n de bacterias intestinales beneficiosas para el equilibrio. Multibi\u00f3tico Fermentado\",\"breadcrumb\":{\"@id\":\"https:\\\/\\\/dutchmicrodosing.com\\\/es\\\/herbolario\\\/suplementos-de-vitaminas\\\/multibiotic-fermented-food-30caps\\\/#breadcrumb\"},\"inLanguage\":\"es\",\"potentialAction\":[{\"@type\":\"ReadAction\",\"target\":[\"https:\\\/\\\/dutchmicrodosing.com\\\/es\\\/herbolario\\\/suplementos-de-vitaminas\\\/multibiotic-fermented-food-30caps\\\/\"]}]},{\"@type\":\"ImageObject\",\"inLanguage\":\"es\",\"@id\":\"https:\\\/\\\/dutchmicrodosing.com\\\/es\\\/herbolario\\\/suplementos-de-vitaminas\\\/multibiotic-fermented-food-30caps\\\/#primaryimage\",\"url\":\"https:\\\/\\\/dutchmicrodosing.com\\\/wp-content\\\/uploads\\\/2021\\\/02\\\/2265_Multibiotic-Fermented-Food-Together-Health-30caps-1.jpg\",\"contentUrl\":\"https:\\\/\\\/dutchmicrodosing.com\\\/wp-content\\\/uploads\\\/2021\\\/02\\\/2265_Multibiotic-Fermented-Food-Together-Health-30caps-1.jpg\",\"width\":1040,\"height\":1040},{\"@type\":\"BreadcrumbList\",\"@id\":\"https:\\\/\\\/dutchmicrodosing.com\\\/es\\\/herbolario\\\/suplementos-de-vitaminas\\\/multibiotic-fermented-food-30caps\\\/#breadcrumb\",\"itemListElement\":[{\"@type\":\"ListItem\",\"position\":1,\"name\":\"Home\",\"item\":\"https:\\\/\\\/dutchmicrodosing.com\\\/es\\\/\"},{\"@type\":\"ListItem\",\"position\":2,\"name\":\"Tienda\",\"item\":\"https:\\\/\\\/dutchmicrodosing.com\\\/es\\\/tienda\\\/\"},{\"@type\":\"ListItem\",\"position\":3,\"name\":\"Alimento Fermentado Multibi\u00f3tico &#8211; 30 c\u00e1psulas\"}]},{\"@type\":\"WebSite\",\"@id\":\"https:\\\/\\\/dutchmicrodosing.com\\\/es\\\/#website\",\"url\":\"https:\\\/\\\/dutchmicrodosing.com\\\/es\\\/\",\"name\":\"Dutchmicrodosing\",\"description\":\"\",\"publisher\":{\"@id\":\"https:\\\/\\\/dutchmicrodosing.com\\\/es\\\/#organization\"},\"potentialAction\":[{\"@type\":\"SearchAction\",\"target\":{\"@type\":\"EntryPoint\",\"urlTemplate\":\"https:\\\/\\\/dutchmicrodosing.com\\\/es\\\/?s={search_term_string}\"},\"query-input\":{\"@type\":\"PropertyValueSpecification\",\"valueRequired\":true,\"valueName\":\"search_term_string\"}}],\"inLanguage\":\"es\"},{\"@type\":\"Organization\",\"@id\":\"https:\\\/\\\/dutchmicrodosing.com\\\/es\\\/#organization\",\"name\":\"Dutchmicrodosing\",\"url\":\"https:\\\/\\\/dutchmicrodosing.com\\\/es\\\/\",\"logo\":{\"@type\":\"ImageObject\",\"inLanguage\":\"es\",\"@id\":\"https:\\\/\\\/dutchmicrodosing.com\\\/es\\\/#\\\/schema\\\/logo\\\/image\\\/\",\"url\":\"https:\\\/\\\/dutchmicrodosing.com\\\/wp-content\\\/uploads\\\/2021\\\/01\\\/microdosing-categorie-pic-nieuw.jpg\",\"contentUrl\":\"https:\\\/\\\/dutchmicrodosing.com\\\/wp-content\\\/uploads\\\/2021\\\/01\\\/microdosing-categorie-pic-nieuw.jpg\",\"width\":500,\"height\":500,\"caption\":\"Dutchmicrodosing\"},\"image\":{\"@id\":\"https:\\\/\\\/dutchmicrodosing.com\\\/es\\\/#\\\/schema\\\/logo\\\/image\\\/\"},\"sameAs\":[\"https:\\\/\\\/www.facebook.com\\\/Dutchmicrodosingxp\\\/\",\"https:\\\/\\\/www.instagram.com\\\/dutchmicrodosing\\\/\"]}]}<\/script>\n<meta property=\"product:price:amount\" content=\"19.95\" \/>\n<meta property=\"product:price:currency\" content=\"EUR\" \/>\n<meta property=\"og:availability\" content=\"out of stock\" \/>\n<meta property=\"product:availability\" content=\"out of stock\" \/>\n<meta property=\"product:retailer_item_id\" content=\"1202726\" \/>\n<meta property=\"product:condition\" content=\"new\" \/>\n<!-- \/ Yoast SEO Premium plugin. -->","yoast_head_json":{"title":"Alimento Fermentado Multibi\u00f3tico - 30 c\u00e1psulas - Dutchmicrodosing","description":"El Alimento Fermentado Multibi\u00f3tico es un suplemento multibi\u00f3tico \u00fanico que contiene m\u00e1s de un bill\u00f3n de bacterias intestinales beneficiosas para el equilibrio. Multibi\u00f3tico Fermentado","robots":{"index":"index","follow":"follow","max-snippet":"max-snippet:-1","max-image-preview":"max-image-preview:large","max-video-preview":"max-video-preview:-1"},"canonical":"https:\/\/dutchmicrodosing.com\/es\/herbolario\/suplementos-de-vitaminas\/multibiotic-fermented-food-30caps\/","og_locale":"es_ES","og_type":"article","og_title":"Alimento Fermentado Multibi\u00f3tico - 30 c\u00e1psulas","og_description":"El Alimento Fermentado Multibi\u00f3tico es un suplemento multibi\u00f3tico \u00fanico que contiene m\u00e1s de un bill\u00f3n de bacterias intestinales beneficiosas para el","og_url":"https:\/\/dutchmicrodosing.com\/es\/herbolario\/suplementos-de-vitaminas\/multibiotic-fermented-food-30caps\/","og_site_name":"Dutchmicrodosing","article_publisher":"https:\/\/www.facebook.com\/Dutchmicrodosingxp\/","article_modified_time":"2025-08-20T17:09:12+00:00","og_image":[{"width":1040,"height":1040,"url":"https:\/\/dutchmicrodosing.com\/wp-content\/uploads\/2021\/02\/2265_Multibiotic-Fermented-Food-Together-Health-30caps-1.jpg","type":"image\/jpeg"}],"twitter_card":"summary_large_image","schema":{"@context":"https:\/\/schema.org","@graph":[{"@type":"WebPage","@id":"https:\/\/dutchmicrodosing.com\/es\/herbolario\/suplementos-de-vitaminas\/multibiotic-fermented-food-30caps\/","url":"https:\/\/dutchmicrodosing.com\/es\/herbolario\/suplementos-de-vitaminas\/multibiotic-fermented-food-30caps\/","name":"Alimento Fermentado Multibi\u00f3tico - 30 c\u00e1psulas - Dutchmicrodosing","isPartOf":{"@id":"https:\/\/dutchmicrodosing.com\/es\/#website"},"primaryImageOfPage":{"@id":"https:\/\/dutchmicrodosing.com\/es\/herbolario\/suplementos-de-vitaminas\/multibiotic-fermented-food-30caps\/#primaryimage"},"image":{"@id":"https:\/\/dutchmicrodosing.com\/es\/herbolario\/suplementos-de-vitaminas\/multibiotic-fermented-food-30caps\/#primaryimage"},"thumbnailUrl":"https:\/\/dutchmicrodosing.com\/wp-content\/uploads\/2021\/02\/2265_Multibiotic-Fermented-Food-Together-Health-30caps-1.jpg","datePublished":"2021-02-27T21:51:42+00:00","dateModified":"2025-08-20T17:09:12+00:00","description":"El Alimento Fermentado Multibi\u00f3tico es un suplemento multibi\u00f3tico \u00fanico que contiene m\u00e1s de un bill\u00f3n de bacterias intestinales beneficiosas para el equilibrio. Multibi\u00f3tico Fermentado","breadcrumb":{"@id":"https:\/\/dutchmicrodosing.com\/es\/herbolario\/suplementos-de-vitaminas\/multibiotic-fermented-food-30caps\/#breadcrumb"},"inLanguage":"es","potentialAction":[{"@type":"ReadAction","target":["https:\/\/dutchmicrodosing.com\/es\/herbolario\/suplementos-de-vitaminas\/multibiotic-fermented-food-30caps\/"]}]},{"@type":"ImageObject","inLanguage":"es","@id":"https:\/\/dutchmicrodosing.com\/es\/herbolario\/suplementos-de-vitaminas\/multibiotic-fermented-food-30caps\/#primaryimage","url":"https:\/\/dutchmicrodosing.com\/wp-content\/uploads\/2021\/02\/2265_Multibiotic-Fermented-Food-Together-Health-30caps-1.jpg","contentUrl":"https:\/\/dutchmicrodosing.com\/wp-content\/uploads\/2021\/02\/2265_Multibiotic-Fermented-Food-Together-Health-30caps-1.jpg","width":1040,"height":1040},{"@type":"BreadcrumbList","@id":"https:\/\/dutchmicrodosing.com\/es\/herbolario\/suplementos-de-vitaminas\/multibiotic-fermented-food-30caps\/#breadcrumb","itemListElement":[{"@type":"ListItem","position":1,"name":"Home","item":"https:\/\/dutchmicrodosing.com\/es\/"},{"@type":"ListItem","position":2,"name":"Tienda","item":"https:\/\/dutchmicrodosing.com\/es\/tienda\/"},{"@type":"ListItem","position":3,"name":"Alimento Fermentado Multibi\u00f3tico &#8211; 30 c\u00e1psulas"}]},{"@type":"WebSite","@id":"https:\/\/dutchmicrodosing.com\/es\/#website","url":"https:\/\/dutchmicrodosing.com\/es\/","name":"Dutchmicrodosing","description":"","publisher":{"@id":"https:\/\/dutchmicrodosing.com\/es\/#organization"},"potentialAction":[{"@type":"SearchAction","target":{"@type":"EntryPoint","urlTemplate":"https:\/\/dutchmicrodosing.com\/es\/?s={search_term_string}"},"query-input":{"@type":"PropertyValueSpecification","valueRequired":true,"valueName":"search_term_string"}}],"inLanguage":"es"},{"@type":"Organization","@id":"https:\/\/dutchmicrodosing.com\/es\/#organization","name":"Dutchmicrodosing","url":"https:\/\/dutchmicrodosing.com\/es\/","logo":{"@type":"ImageObject","inLanguage":"es","@id":"https:\/\/dutchmicrodosing.com\/es\/#\/schema\/logo\/image\/","url":"https:\/\/dutchmicrodosing.com\/wp-content\/uploads\/2021\/01\/microdosing-categorie-pic-nieuw.jpg","contentUrl":"https:\/\/dutchmicrodosing.com\/wp-content\/uploads\/2021\/01\/microdosing-categorie-pic-nieuw.jpg","width":500,"height":500,"caption":"Dutchmicrodosing"},"image":{"@id":"https:\/\/dutchmicrodosing.com\/es\/#\/schema\/logo\/image\/"},"sameAs":["https:\/\/www.facebook.com\/Dutchmicrodosingxp\/","https:\/\/www.instagram.com\/dutchmicrodosing\/"]}]},"product_price_amount":"19.95","product_price_currency":"EUR","og_availability":"out of stock","product_availability":"out of stock","product_retailer_item_id":"1202726","product_condition":"new"},"_links":{"self":[{"href":"https:\/\/dutchmicrodosing.com\/es\/wp-json\/wp\/v2\/product\/5325","targetHints":{"allow":["GET"]}}],"collection":[{"href":"https:\/\/dutchmicrodosing.com\/es\/wp-json\/wp\/v2\/product"}],"about":[{"href":"https:\/\/dutchmicrodosing.com\/es\/wp-json\/wp\/v2\/types\/product"}],"replies":[{"embeddable":true,"href":"https:\/\/dutchmicrodosing.com\/es\/wp-json\/wp\/v2\/comments?post=5325"}],"version-history":[{"count":0,"href":"https:\/\/dutchmicrodosing.com\/es\/wp-json\/wp\/v2\/product\/5325\/revisions"}],"wp:featuredmedia":[{"embeddable":true,"href":"https:\/\/dutchmicrodosing.com\/es\/wp-json\/wp\/v2\/media\/3260"}],"wp:attachment":[{"href":"https:\/\/dutchmicrodosing.com\/es\/wp-json\/wp\/v2\/media?parent=5325"}],"wp:term":[{"taxonomy":"product_brand","embeddable":true,"href":"https:\/\/dutchmicrodosing.com\/es\/wp-json\/wp\/v2\/product_brand?post=5325"},{"taxonomy":"product_cat","embeddable":true,"href":"https:\/\/dutchmicrodosing.com\/es\/wp-json\/wp\/v2\/product_cat?post=5325"},{"taxonomy":"product_tag","embeddable":true,"href":"https:\/\/dutchmicrodosing.com\/es\/wp-json\/wp\/v2\/product_tag?post=5325"}],"curies":[{"name":"wp","href":"https:\/\/api.w.org\/{rel}","templated":true}]}}