{"id":5330,"date":"2021-02-21T10:25:20","date_gmt":"2021-05-07T19:08:25","guid":{"rendered":"https:\/\/dutchmicrodosing.com\/shop\/sin%20categor\u00eda\/xp-tailandes\/"},"modified":"2024-01-16T15:53:51","modified_gmt":"2024-01-16T14:53:51","slug":"thai-xp","status":"publish","type":"product","link":"https:\/\/dutchmicrodosing.com\/es\/setas-alucinogenas\/kits-de-cultivo-fresh-mushrooms\/thai-xp\/","title":{"rendered":"Thai XP"},"content":{"rendered":"<p>Con un kit de cultivo <strong>Thai XP de Fresh Mushrooms<\/strong> puedes cultivar f\u00e1cilmente tus propias setas en casa. El kit de cultivo tailand\u00e9s le proporcionar\u00e1 un viaje que le har\u00e1 sentirse alegre y social. Es la seta m\u00e1gica perfecta para una fiesta. Es f\u00e1cil ponerse de buen humor. No es de extra\u00f1ar que estas setas sean muy utilizadas en Tailandia en las famosas fiestas de la Luna Llena.<\/p>\n<h2>Hazlo acogedor con el hongo tailand\u00e9s<\/h2>\n<p>El kit de cultivo de setas tailandesas de Fresh Mushrooms es ideal para iniciarse en el mundo de las setas m\u00e1gicas. Si nunca te has tropezado, esta seta m\u00e1gica es un buen comienzo. Pero no te equivoques, la seta m\u00e1gica tailandesa tambi\u00e9n provoca alucinaciones y te lleva a otro mundo. La mayor\u00eda de las veces te emocionas y te relajas al mismo tiempo. Tambi\u00e9n disfrutar\u00e1 de la compa\u00f1\u00eda de otras personas y el contacto ser\u00e1 m\u00e1s f\u00e1cil.<\/p>\n<h2>\u00bfDe d\u00f3nde viene el hongo m\u00e1gico tailand\u00e9s?<\/h2>\n<p>Esta es la primera seta m\u00e1gica encontrada por el mic\u00f3logo John Allen y provoc\u00f3 la difusi\u00f3n y popularidad de las setas m\u00e1gicas. Crece en Tailandia, preferentemente en suelos h\u00famedos, como los arrozales. Esto tambi\u00e9n se debe a que los b\u00fafalos de agua pasan por all\u00ed y fertilizan el suelo con sus excrementos. En este rico suelo hay mucho alimento disponible, donde los hongos pueden crecer bien.<\/p>\n<p>En casa puedes cultivar f\u00e1cilmente la seta tailandesa con el kit de cultivo de setas frescas. No es necesario tener ning\u00fan conocimiento especial para ello. Los hongos crecen muy r\u00e1pido. Cuando emergen se puede ver el color marr\u00f3n-anaranjado y los bonitos sombreros redondos.<\/p>\n<h2>Kit de cultivo manual tailand\u00e9s<\/h2>\n<p><a href=\"https:\/\/dutchmicrodosing.com\/es\/growkit_manual\/\">Descargue aqu\u00ed : Manual del kit de cultivo de setas frescas<\/a><\/p>\n<ol>\n<li>Saca el kit de cultivo, la bolsa de pl\u00e1stico y el clip de la caja. Retire la tapa del juego de cultivo (guarde la tapa en un lugar seguro). Aclare la tapa bajo el grifo. Lo necesitar\u00e1s de nuevo m\u00e1s adelante.<\/li>\n<li>Coloque el juego de cultivo sin tapa en la bolsa de pl\u00e1stico suministrada. Deslice la apertura de la bolsa bajo el fondo con la microperforaci\u00f3n hacia arriba. La apertura de la bolsa ya est\u00e1 pr\u00e1cticamente cerrada. No hay que preocuparse por la circulaci\u00f3n del aire.<\/li>\n<li>En cuanto veas que crecen bolitas, puedes empezar a poner la bolsa en posici\u00f3n vertical. No regar. Los primeros hongos ser\u00e1n visibles despu\u00e9s de una semana aproximadamente.<\/li>\n<li>Coloque el set de cultivo en una zona con suficiente luz natural y a una temperatura de entre 18 \u00b0C y 28 \u00b0C. NUNCA coloque el set de cultivo a la luz directa del sol. Aunque los hongos crecen a casi cualquier temperatura por encima de los 15 \u00b0C, 23 \u00b0C es la temperatura ideal para una cosecha \u00f3ptima. Existen alfombras t\u00e9rmicas especiales para garantizar esta temperatura y no tener que calentar toda la habitaci\u00f3n.<\/li>\n<li>A partir de este momento, deje la bolsa ligeramente abierta todo el tiempo, para que la humedad pueda evaporarse un poco. Un exceso de humedad no es bueno. Su primera cosecha ser\u00e1 aproximadamente una semana despu\u00e9s de la aparici\u00f3n de los primeros bulbos. Aseg\u00farate de cosechar antes de que empiecen a caer las primeras esporas.<\/li>\n<li>Estos conjuntos producen m\u00faltiples cosechas de setas. Para ello, llene el kit con agua limpia del grifo despu\u00e9s de la primera cosecha. Este proceso se conoce como choque de fr\u00edo y da nueva vida al micelio y asegura que haya suficiente humedad para que los hongos crezcan.<\/li>\n<li>Vuelva a colocar la tapa del kit de cultivo. Dejar reposar el conjunto durante 12 horas. Abra una esquina de la tapa y deje que el exceso de agua se escurra. A partir de aqu\u00ed puedes volver a seguir las instrucciones del paso 1. Este proceso puede repetirse varias veces.<\/li>\n<\/ol>\n<h2>La cosecha:<\/h2>\n<p>Los kits de cultivo de Freshmushrooms producen su primera cosecha con bastante rapidez. Despu\u00e9s de una semana, los primeros brotes ya son visibles. Las temperaturas bajas y altas pueden ralentizar un poco este proceso de crecimiento. Una vez que los brotes son visibles, los hongos suelen tardar una semana en desarrollarse completamente.<\/p>\n<p>El momento de la cosecha es extremadamente importante. Cuando las membranas bajo los sombreros est\u00e1n todav\u00eda apretadas, pero corren el riesgo de reventar o aflojarse debido a la fuerza de los sombreros, es el momento de cosechar.<span style=\"text-decoration: underline;\"><br \/>\n<\/span><\/p>\n<h2>Rendimiento Thai 100% micelio kit de cultivo de hongos m\u00e1gicos<\/h2>\n<p>Un kit de cultivo tailand\u00e9s de 1200cc de Freshmushrooms da una cosecha de entre 500g y 800g de setas frescas o 50-80g de setas secas.<\/p>\n<h2>Los efectos de las setas m\u00e1gicas tailandesas<\/h2>\n<p>Estas setas m\u00e1gicas son ideales para su uso durante las fiestas. Hace que sea m\u00e1s f\u00e1cil llevarse bien, disfrutar de las actividades sociales y le da un impulso de energ\u00eda. Durante el viaje te sentir\u00e1s feliz y alegre y no tendr\u00e1s problemas para hacer amigos.<\/p>\n<p>Adem\u00e1s de esta influencia en el estado de \u00e1nimo, las setas m\u00e1gicas tailandesas tambi\u00e9n tienen efectos visuales. Eso significa que puedes ver patrones u objetos distorsionados. Durante el viaje, tus sentidos pueden agudizarse. Oyes, ves, hueles y saboreas cosas que otros no pueden percibir. Un viaje de este tipo te permite experimentar el mundo de una manera completamente diferente y eso puede causar una gran impresi\u00f3n. Los efectos de estas setas duran unas 5 horas.<\/p>\n<h3>\u00bfCu\u00e1l es la dosis adecuada?<\/h3>\n<p>Setas frescas Las setas tailandesas pueden comerse crudas, pero no son muy sabrosas. La mayor\u00eda de la gente hace t\u00e9 de hongos m\u00e1gicos. Poner agua y llevar a ebullici\u00f3n. A continuaci\u00f3n, deja que se enfr\u00ede un poco (el agua hirviendo puede destruir las sustancias psicoactivas) y vierte el agua caliente sobre las setas. Despu\u00e9s de 20 minutos su t\u00e9 m\u00e1gico de hongos est\u00e1 listo.<\/p>\n<p>Para determinar la cantidad de setas que va a tomar, f\u00edjese en la intensidad del viaje que desea, la experiencia que tiene y si ha comido algo antes. Su peso corporal tambi\u00e9n influye. Por lo tanto, siempre depende de ti calcular la cantidad que puedes tomar, pero te recomendamos que empieces con una dosis baja. Especialmente si nunca has hecho un viaje antes. Puede utilizar las siguientes pautas para determinar su dosis:<\/p>\n<ul>\n<li>Microdosificaci\u00f3n: 0,2 gramos de setas secas | 2 gramos de setas frescas<\/li>\n<li>Viaje suave: 1 gramo de setas secas | 9 gramos de setas frescas<\/li>\n<li>Viaje normal: 2 gramos de setas secas | 21 gramos de setas frescas<\/li>\n<li>Viaje intenso: 3,5 gramos de setas secas | 35 gramos de setas frescas<\/li>\n<\/ul>\n<h3>Una buena preparaci\u00f3n para su viaje<\/h3>\n<p>Por supuesto, usted quiere que su viaje sea agradable. Por eso es buena idea preparar un poco el viaje. Elige un entorno en el que te sientas c\u00f3modo y aseg\u00farate de que hay alguien conocido en quien conf\u00edes. Esa otra persona puede ser tu tripsitter. Es alguien que no va a consumir drogas ni alcohol, por lo que puede ayudarte si lo necesitas.<\/p>\n<p>El tripsitter te vigila. A veces un viaje puede ser muy intenso y ayuda tener a alguien con usted para tranquilizarle. Tambi\u00e9n puedes comprar un tap\u00f3n de viaje. Este f\u00e1rmaco puede ayudar a aliviar los nervios de un viaje.<\/p>\n<h2>Compre su setas frescas Setas tailandesas online<\/h2>\n<p>\u00bfListo para una fiesta s\u00faper divertida? Aseg\u00farate de conseguir tu kit de cultivo de setas tailand\u00e9s a tiempo. P\u00eddalos aqu\u00ed en l\u00ednea y recibir\u00e1 su paquete r\u00e1pidamente en casa en un embalaje neutro y seguro.<\/p>\n","protected":false},"excerpt":{"rendered":"<p>Con un kit de cultivo Thai XP de Fresh Mushrooms puedes cultivar f\u00e1cilmente tus propias setas en casa. El kit de cultivo tailand\u00e9s le proporcionar\u00e1 un viaje que le har\u00e1 sentirse alegre y social. Es la seta m\u00e1gica perfecta para una fiesta. Es f\u00e1cil ponerse de buen humor. No es de extra\u00f1ar que estas setas [&hellip;]<\/p>\n","protected":false},"featured_media":3604,"comment_status":"open","ping_status":"closed","template":"","meta":[],"product_brand":[],"product_cat":[139],"product_tag":[],"class_list":{"0":"post-5330","1":"product","2":"type-product","3":"status-publish","4":"has-post-thumbnail","6":"product_cat-kits-de-cultivo-fresh-mushrooms","8":"first","9":"instock","10":"taxable","11":"shipping-taxable","12":"purchasable","13":"product-type-simple"},"yoast_head":"<!-- This site is optimized with the Yoast SEO Premium plugin v26.4 (Yoast SEO v27.4) - https:\/\/yoast.com\/product\/yoast-seo-premium-wordpress\/ -->\n<title>Compre su setas m\u00e1gicas tailandesas online | Entrega r\u00e1pida y discreta<\/title>\n<meta name=\"description\" content=\"\u00bfListo para una fiesta s\u00faper divertida? Aseg\u00farate de conseguir tu kit de cultivo de setas tailand\u00e9s a tiempo. P\u00eddalos en l\u00ednea aqu\u00ed\" \/>\n<meta name=\"robots\" content=\"index, follow, max-snippet:-1, max-image-preview:large, max-video-preview:-1\" \/>\n<link rel=\"canonical\" href=\"https:\/\/dutchmicrodosing.com\/es\/setas-alucinogenas\/kits-de-cultivo-fresh-mushrooms\/thai-xp\/\" \/>\n<meta property=\"og:locale\" content=\"es_ES\" \/>\n<meta property=\"og:type\" content=\"article\" \/>\n<meta property=\"og:title\" content=\"Thai XP\" \/>\n<meta property=\"og:description\" content=\"Con un kit de cultivo Thai XP de Fresh Mushrooms puedes cultivar f\u00e1cilmente tus propias setas en casa. El kit de cultivo tailand\u00e9s le proporcionar\u00e1 un\" \/>\n<meta property=\"og:url\" content=\"https:\/\/dutchmicrodosing.com\/es\/setas-alucinogenas\/kits-de-cultivo-fresh-mushrooms\/thai-xp\/\" \/>\n<meta property=\"og:site_name\" content=\"Dutchmicrodosing\" \/>\n<meta property=\"article:publisher\" content=\"https:\/\/www.facebook.com\/Dutchmicrodosingxp\/\" \/>\n<meta property=\"article:modified_time\" content=\"2024-01-16T14:53:51+00:00\" \/>\n<meta property=\"og:image\" content=\"https:\/\/dutchmicrodosing.com\/wp-content\/uploads\/2021\/02\/Thai-growkit.jpg\" \/>\n\t<meta property=\"og:image:width\" content=\"500\" \/>\n\t<meta property=\"og:image:height\" content=\"500\" \/>\n\t<meta property=\"og:image:type\" content=\"image\/jpeg\" \/>\n<meta name=\"twitter:card\" content=\"summary_large_image\" \/>\n<script type=\"application\/ld+json\" class=\"yoast-schema-graph\">{\"@context\":\"https:\\\/\\\/schema.org\",\"@graph\":[{\"@type\":\"WebPage\",\"@id\":\"https:\\\/\\\/dutchmicrodosing.com\\\/es\\\/setas-alucinogenas\\\/kits-de-cultivo-fresh-mushrooms\\\/thai-xp\\\/\",\"url\":\"https:\\\/\\\/dutchmicrodosing.com\\\/es\\\/setas-alucinogenas\\\/kits-de-cultivo-fresh-mushrooms\\\/thai-xp\\\/\",\"name\":\"Compre su setas m\u00e1gicas tailandesas online | Entrega r\u00e1pida y discreta\",\"isPartOf\":{\"@id\":\"https:\\\/\\\/dutchmicrodosing.com\\\/es\\\/#website\"},\"primaryImageOfPage\":{\"@id\":\"https:\\\/\\\/dutchmicrodosing.com\\\/es\\\/setas-alucinogenas\\\/kits-de-cultivo-fresh-mushrooms\\\/thai-xp\\\/#primaryimage\"},\"image\":{\"@id\":\"https:\\\/\\\/dutchmicrodosing.com\\\/es\\\/setas-alucinogenas\\\/kits-de-cultivo-fresh-mushrooms\\\/thai-xp\\\/#primaryimage\"},\"thumbnailUrl\":\"https:\\\/\\\/dutchmicrodosing.com\\\/wp-content\\\/uploads\\\/2021\\\/02\\\/Thai-growkit.jpg\",\"datePublished\":\"2021-05-07T19:08:25+00:00\",\"dateModified\":\"2024-01-16T14:53:51+00:00\",\"description\":\"\u00bfListo para una fiesta s\u00faper divertida? Aseg\u00farate de conseguir tu kit de cultivo de setas tailand\u00e9s a tiempo. P\u00eddalos en l\u00ednea aqu\u00ed\",\"breadcrumb\":{\"@id\":\"https:\\\/\\\/dutchmicrodosing.com\\\/es\\\/setas-alucinogenas\\\/kits-de-cultivo-fresh-mushrooms\\\/thai-xp\\\/#breadcrumb\"},\"inLanguage\":\"es\",\"potentialAction\":[{\"@type\":\"ReadAction\",\"target\":[\"https:\\\/\\\/dutchmicrodosing.com\\\/es\\\/setas-alucinogenas\\\/kits-de-cultivo-fresh-mushrooms\\\/thai-xp\\\/\"]}]},{\"@type\":\"ImageObject\",\"inLanguage\":\"es\",\"@id\":\"https:\\\/\\\/dutchmicrodosing.com\\\/es\\\/setas-alucinogenas\\\/kits-de-cultivo-fresh-mushrooms\\\/thai-xp\\\/#primaryimage\",\"url\":\"https:\\\/\\\/dutchmicrodosing.com\\\/wp-content\\\/uploads\\\/2021\\\/02\\\/Thai-growkit.jpg\",\"contentUrl\":\"https:\\\/\\\/dutchmicrodosing.com\\\/wp-content\\\/uploads\\\/2021\\\/02\\\/Thai-growkit.jpg\",\"width\":500,\"height\":500},{\"@type\":\"BreadcrumbList\",\"@id\":\"https:\\\/\\\/dutchmicrodosing.com\\\/es\\\/setas-alucinogenas\\\/kits-de-cultivo-fresh-mushrooms\\\/thai-xp\\\/#breadcrumb\",\"itemListElement\":[{\"@type\":\"ListItem\",\"position\":1,\"name\":\"Home\",\"item\":\"https:\\\/\\\/dutchmicrodosing.com\\\/es\\\/\"},{\"@type\":\"ListItem\",\"position\":2,\"name\":\"Tienda\",\"item\":\"https:\\\/\\\/dutchmicrodosing.com\\\/es\\\/tienda\\\/\"},{\"@type\":\"ListItem\",\"position\":3,\"name\":\"Thai XP\"}]},{\"@type\":\"WebSite\",\"@id\":\"https:\\\/\\\/dutchmicrodosing.com\\\/es\\\/#website\",\"url\":\"https:\\\/\\\/dutchmicrodosing.com\\\/es\\\/\",\"name\":\"Dutchmicrodosing\",\"description\":\"\",\"publisher\":{\"@id\":\"https:\\\/\\\/dutchmicrodosing.com\\\/es\\\/#organization\"},\"potentialAction\":[{\"@type\":\"SearchAction\",\"target\":{\"@type\":\"EntryPoint\",\"urlTemplate\":\"https:\\\/\\\/dutchmicrodosing.com\\\/es\\\/?s={search_term_string}\"},\"query-input\":{\"@type\":\"PropertyValueSpecification\",\"valueRequired\":true,\"valueName\":\"search_term_string\"}}],\"inLanguage\":\"es\"},{\"@type\":\"Organization\",\"@id\":\"https:\\\/\\\/dutchmicrodosing.com\\\/es\\\/#organization\",\"name\":\"Dutchmicrodosing\",\"url\":\"https:\\\/\\\/dutchmicrodosing.com\\\/es\\\/\",\"logo\":{\"@type\":\"ImageObject\",\"inLanguage\":\"es\",\"@id\":\"https:\\\/\\\/dutchmicrodosing.com\\\/es\\\/#\\\/schema\\\/logo\\\/image\\\/\",\"url\":\"https:\\\/\\\/dutchmicrodosing.com\\\/wp-content\\\/uploads\\\/2021\\\/01\\\/microdosing-categorie-pic-nieuw.jpg\",\"contentUrl\":\"https:\\\/\\\/dutchmicrodosing.com\\\/wp-content\\\/uploads\\\/2021\\\/01\\\/microdosing-categorie-pic-nieuw.jpg\",\"width\":500,\"height\":500,\"caption\":\"Dutchmicrodosing\"},\"image\":{\"@id\":\"https:\\\/\\\/dutchmicrodosing.com\\\/es\\\/#\\\/schema\\\/logo\\\/image\\\/\"},\"sameAs\":[\"https:\\\/\\\/www.facebook.com\\\/Dutchmicrodosingxp\\\/\",\"https:\\\/\\\/www.instagram.com\\\/dutchmicrodosing\\\/\"]}]}<\/script>\n<meta property=\"product:price:amount\" content=\"39.95\" \/>\n<meta property=\"product:price:currency\" content=\"EUR\" \/>\n<meta property=\"og:availability\" content=\"instock\" \/>\n<meta property=\"product:availability\" content=\"instock\" \/>\n<meta property=\"product:retailer_item_id\" content=\"0208777\" \/>\n<meta property=\"product:condition\" content=\"new\" \/>\n<!-- \/ Yoast SEO Premium plugin. -->","yoast_head_json":{"title":"Compre su setas m\u00e1gicas tailandesas online | Entrega r\u00e1pida y discreta","description":"\u00bfListo para una fiesta s\u00faper divertida? Aseg\u00farate de conseguir tu kit de cultivo de setas tailand\u00e9s a tiempo. P\u00eddalos en l\u00ednea aqu\u00ed","robots":{"index":"index","follow":"follow","max-snippet":"max-snippet:-1","max-image-preview":"max-image-preview:large","max-video-preview":"max-video-preview:-1"},"canonical":"https:\/\/dutchmicrodosing.com\/es\/setas-alucinogenas\/kits-de-cultivo-fresh-mushrooms\/thai-xp\/","og_locale":"es_ES","og_type":"article","og_title":"Thai XP","og_description":"Con un kit de cultivo Thai XP de Fresh Mushrooms puedes cultivar f\u00e1cilmente tus propias setas en casa. El kit de cultivo tailand\u00e9s le proporcionar\u00e1 un","og_url":"https:\/\/dutchmicrodosing.com\/es\/setas-alucinogenas\/kits-de-cultivo-fresh-mushrooms\/thai-xp\/","og_site_name":"Dutchmicrodosing","article_publisher":"https:\/\/www.facebook.com\/Dutchmicrodosingxp\/","article_modified_time":"2024-01-16T14:53:51+00:00","og_image":[{"width":500,"height":500,"url":"https:\/\/dutchmicrodosing.com\/wp-content\/uploads\/2021\/02\/Thai-growkit.jpg","type":"image\/jpeg"}],"twitter_card":"summary_large_image","schema":{"@context":"https:\/\/schema.org","@graph":[{"@type":"WebPage","@id":"https:\/\/dutchmicrodosing.com\/es\/setas-alucinogenas\/kits-de-cultivo-fresh-mushrooms\/thai-xp\/","url":"https:\/\/dutchmicrodosing.com\/es\/setas-alucinogenas\/kits-de-cultivo-fresh-mushrooms\/thai-xp\/","name":"Compre su setas m\u00e1gicas tailandesas online | Entrega r\u00e1pida y discreta","isPartOf":{"@id":"https:\/\/dutchmicrodosing.com\/es\/#website"},"primaryImageOfPage":{"@id":"https:\/\/dutchmicrodosing.com\/es\/setas-alucinogenas\/kits-de-cultivo-fresh-mushrooms\/thai-xp\/#primaryimage"},"image":{"@id":"https:\/\/dutchmicrodosing.com\/es\/setas-alucinogenas\/kits-de-cultivo-fresh-mushrooms\/thai-xp\/#primaryimage"},"thumbnailUrl":"https:\/\/dutchmicrodosing.com\/wp-content\/uploads\/2021\/02\/Thai-growkit.jpg","datePublished":"2021-05-07T19:08:25+00:00","dateModified":"2024-01-16T14:53:51+00:00","description":"\u00bfListo para una fiesta s\u00faper divertida? Aseg\u00farate de conseguir tu kit de cultivo de setas tailand\u00e9s a tiempo. P\u00eddalos en l\u00ednea aqu\u00ed","breadcrumb":{"@id":"https:\/\/dutchmicrodosing.com\/es\/setas-alucinogenas\/kits-de-cultivo-fresh-mushrooms\/thai-xp\/#breadcrumb"},"inLanguage":"es","potentialAction":[{"@type":"ReadAction","target":["https:\/\/dutchmicrodosing.com\/es\/setas-alucinogenas\/kits-de-cultivo-fresh-mushrooms\/thai-xp\/"]}]},{"@type":"ImageObject","inLanguage":"es","@id":"https:\/\/dutchmicrodosing.com\/es\/setas-alucinogenas\/kits-de-cultivo-fresh-mushrooms\/thai-xp\/#primaryimage","url":"https:\/\/dutchmicrodosing.com\/wp-content\/uploads\/2021\/02\/Thai-growkit.jpg","contentUrl":"https:\/\/dutchmicrodosing.com\/wp-content\/uploads\/2021\/02\/Thai-growkit.jpg","width":500,"height":500},{"@type":"BreadcrumbList","@id":"https:\/\/dutchmicrodosing.com\/es\/setas-alucinogenas\/kits-de-cultivo-fresh-mushrooms\/thai-xp\/#breadcrumb","itemListElement":[{"@type":"ListItem","position":1,"name":"Home","item":"https:\/\/dutchmicrodosing.com\/es\/"},{"@type":"ListItem","position":2,"name":"Tienda","item":"https:\/\/dutchmicrodosing.com\/es\/tienda\/"},{"@type":"ListItem","position":3,"name":"Thai XP"}]},{"@type":"WebSite","@id":"https:\/\/dutchmicrodosing.com\/es\/#website","url":"https:\/\/dutchmicrodosing.com\/es\/","name":"Dutchmicrodosing","description":"","publisher":{"@id":"https:\/\/dutchmicrodosing.com\/es\/#organization"},"potentialAction":[{"@type":"SearchAction","target":{"@type":"EntryPoint","urlTemplate":"https:\/\/dutchmicrodosing.com\/es\/?s={search_term_string}"},"query-input":{"@type":"PropertyValueSpecification","valueRequired":true,"valueName":"search_term_string"}}],"inLanguage":"es"},{"@type":"Organization","@id":"https:\/\/dutchmicrodosing.com\/es\/#organization","name":"Dutchmicrodosing","url":"https:\/\/dutchmicrodosing.com\/es\/","logo":{"@type":"ImageObject","inLanguage":"es","@id":"https:\/\/dutchmicrodosing.com\/es\/#\/schema\/logo\/image\/","url":"https:\/\/dutchmicrodosing.com\/wp-content\/uploads\/2021\/01\/microdosing-categorie-pic-nieuw.jpg","contentUrl":"https:\/\/dutchmicrodosing.com\/wp-content\/uploads\/2021\/01\/microdosing-categorie-pic-nieuw.jpg","width":500,"height":500,"caption":"Dutchmicrodosing"},"image":{"@id":"https:\/\/dutchmicrodosing.com\/es\/#\/schema\/logo\/image\/"},"sameAs":["https:\/\/www.facebook.com\/Dutchmicrodosingxp\/","https:\/\/www.instagram.com\/dutchmicrodosing\/"]}]},"product_price_amount":"39.95","product_price_currency":"EUR","og_availability":"instock","product_availability":"instock","product_retailer_item_id":"0208777","product_condition":"new"},"_links":{"self":[{"href":"https:\/\/dutchmicrodosing.com\/es\/wp-json\/wp\/v2\/product\/5330","targetHints":{"allow":["GET"]}}],"collection":[{"href":"https:\/\/dutchmicrodosing.com\/es\/wp-json\/wp\/v2\/product"}],"about":[{"href":"https:\/\/dutchmicrodosing.com\/es\/wp-json\/wp\/v2\/types\/product"}],"replies":[{"embeddable":true,"href":"https:\/\/dutchmicrodosing.com\/es\/wp-json\/wp\/v2\/comments?post=5330"}],"version-history":[{"count":0,"href":"https:\/\/dutchmicrodosing.com\/es\/wp-json\/wp\/v2\/product\/5330\/revisions"}],"wp:featuredmedia":[{"embeddable":true,"href":"https:\/\/dutchmicrodosing.com\/es\/wp-json\/wp\/v2\/media\/3604"}],"wp:attachment":[{"href":"https:\/\/dutchmicrodosing.com\/es\/wp-json\/wp\/v2\/media?parent=5330"}],"wp:term":[{"taxonomy":"product_brand","embeddable":true,"href":"https:\/\/dutchmicrodosing.com\/es\/wp-json\/wp\/v2\/product_brand?post=5330"},{"taxonomy":"product_cat","embeddable":true,"href":"https:\/\/dutchmicrodosing.com\/es\/wp-json\/wp\/v2\/product_cat?post=5330"},{"taxonomy":"product_tag","embeddable":true,"href":"https:\/\/dutchmicrodosing.com\/es\/wp-json\/wp\/v2\/product_tag?post=5330"}],"curies":[{"name":"wp","href":"https:\/\/api.w.org\/{rel}","templated":true}]}}