{"id":5362,"date":"2021-04-14T08:34:36","date_gmt":"2021-04-14T06:34:36","guid":{"rendered":"https:\/\/dutchmicrodosing.com\/shop\/sin%20categor\u00eda\/higrometro-termometro\/"},"modified":"2026-02-03T16:42:15","modified_gmt":"2026-02-03T15:42:15","slug":"hongo-magico-higrometro-termometro","status":"publish","type":"product","link":"https:\/\/dutchmicrodosing.com\/es\/setas-alucinogenas\/kits-de-cultivo-fresh-mushrooms\/hongo-magico-higrometro-termometro\/","title":{"rendered":"Higr\u00f3metro \/ Term\u00f3metro"},"content":{"rendered":"<p>Un higr\u00f3metro\/term\u00f3metro para hongos m\u00e1gicos es indispensable para el cultivo de hongos m\u00e1gicos. Cuando se cultivan setas psilocybe, es importante poder medir la temperatura para realizar la emergencia (setas) y las cosechas m\u00e1s grandes. Una humedad constante del 90% y una temperatura de entre 21 y 27\u00b0 C es lo ideal para una cosecha m\u00e1xima de setas psilocybe. Este higr\u00f3metro\/term\u00f3metro digital mide tanto la humedad del aire como la temperatura.<\/p>\n<ul>\n<li>Higr\u00f3metro (medidor de humedad)<\/li>\n<li>Term\u00f3metro<\/li>\n<li>Pantalla digital<\/li>\n<\/ul>\n","protected":false},"excerpt":{"rendered":"<p>Un higr\u00f3metro\/term\u00f3metro para hongos m\u00e1gicos es indispensable para el cultivo de hongos m\u00e1gicos. Cuando se cultivan setas psilocybe, es importante poder medir la temperatura para realizar la emergencia (setas) y las cosechas m\u00e1s grandes. Una humedad constante del 90% y una temperatura de entre 21 y 27\u00b0 C es lo ideal para una cosecha m\u00e1xima [&hellip;]<\/p>\n","protected":false},"featured_media":21841,"comment_status":"closed","ping_status":"closed","template":"","meta":[],"product_brand":[],"product_cat":[658],"product_tag":[],"class_list":{"0":"post-5362","1":"product","2":"type-product","3":"status-publish","4":"has-post-thumbnail","6":"product_cat-accesorios-de-cultivo","8":"first","9":"instock","10":"taxable","11":"shipping-taxable","12":"purchasable","13":"product-type-simple"},"yoast_head":"<!-- This site is optimized with the Yoast SEO Premium plugin v26.4 (Yoast SEO v27.4) - https:\/\/yoast.com\/product\/yoast-seo-premium-wordpress\/ -->\n<title>Higr\u00f3metro \/ Term\u00f3metro - Dutchmicrodosing<\/title>\n<meta name=\"robots\" content=\"index, follow, max-snippet:-1, max-image-preview:large, max-video-preview:-1\" \/>\n<link rel=\"canonical\" href=\"https:\/\/dutchmicrodosing.com\/es\/setas-alucinogenas\/kits-de-cultivo-fresh-mushrooms\/hongo-magico-higrometro-termometro\/\" \/>\n<meta property=\"og:locale\" content=\"es_ES\" \/>\n<meta property=\"og:type\" content=\"article\" \/>\n<meta property=\"og:title\" content=\"Higr\u00f3metro \/ Term\u00f3metro\" \/>\n<meta property=\"og:description\" content=\"Un higr\u00f3metro\/term\u00f3metro para hongos m\u00e1gicos es indispensable para el cultivo de hongos m\u00e1gicos. Cuando se cultivan setas psilocybe, es importante poder\" \/>\n<meta property=\"og:url\" content=\"https:\/\/dutchmicrodosing.com\/es\/setas-alucinogenas\/kits-de-cultivo-fresh-mushrooms\/hongo-magico-higrometro-termometro\/\" \/>\n<meta property=\"og:site_name\" content=\"Dutchmicrodosing\" \/>\n<meta property=\"article:publisher\" content=\"https:\/\/www.facebook.com\/Dutchmicrodosingxp\/\" \/>\n<meta property=\"article:modified_time\" content=\"2026-02-03T15:42:15+00:00\" \/>\n<meta property=\"og:image\" content=\"https:\/\/dutchmicrodosing.com\/wp-content\/uploads\/2021\/04\/hygro-tempratuurmeter.png\" \/>\n\t<meta property=\"og:image:width\" content=\"732\" \/>\n\t<meta property=\"og:image:height\" content=\"590\" \/>\n\t<meta property=\"og:image:type\" content=\"image\/png\" \/>\n<meta name=\"twitter:card\" content=\"summary_large_image\" \/>\n<script type=\"application\/ld+json\" class=\"yoast-schema-graph\">{\"@context\":\"https:\\\/\\\/schema.org\",\"@graph\":[{\"@type\":\"WebPage\",\"@id\":\"https:\\\/\\\/dutchmicrodosing.com\\\/es\\\/setas-alucinogenas\\\/kits-de-cultivo-fresh-mushrooms\\\/hongo-magico-higrometro-termometro\\\/\",\"url\":\"https:\\\/\\\/dutchmicrodosing.com\\\/es\\\/setas-alucinogenas\\\/kits-de-cultivo-fresh-mushrooms\\\/hongo-magico-higrometro-termometro\\\/\",\"name\":\"Higr\u00f3metro \\\/ Term\u00f3metro - Dutchmicrodosing\",\"isPartOf\":{\"@id\":\"https:\\\/\\\/dutchmicrodosing.com\\\/es\\\/#website\"},\"primaryImageOfPage\":{\"@id\":\"https:\\\/\\\/dutchmicrodosing.com\\\/es\\\/setas-alucinogenas\\\/kits-de-cultivo-fresh-mushrooms\\\/hongo-magico-higrometro-termometro\\\/#primaryimage\"},\"image\":{\"@id\":\"https:\\\/\\\/dutchmicrodosing.com\\\/es\\\/setas-alucinogenas\\\/kits-de-cultivo-fresh-mushrooms\\\/hongo-magico-higrometro-termometro\\\/#primaryimage\"},\"thumbnailUrl\":\"https:\\\/\\\/dutchmicrodosing.com\\\/wp-content\\\/uploads\\\/2021\\\/04\\\/hygro-tempratuurmeter.png\",\"datePublished\":\"2021-04-14T06:34:36+00:00\",\"dateModified\":\"2026-02-03T15:42:15+00:00\",\"breadcrumb\":{\"@id\":\"https:\\\/\\\/dutchmicrodosing.com\\\/es\\\/setas-alucinogenas\\\/kits-de-cultivo-fresh-mushrooms\\\/hongo-magico-higrometro-termometro\\\/#breadcrumb\"},\"inLanguage\":\"es\",\"potentialAction\":[{\"@type\":\"ReadAction\",\"target\":[\"https:\\\/\\\/dutchmicrodosing.com\\\/es\\\/setas-alucinogenas\\\/kits-de-cultivo-fresh-mushrooms\\\/hongo-magico-higrometro-termometro\\\/\"]}]},{\"@type\":\"ImageObject\",\"inLanguage\":\"es\",\"@id\":\"https:\\\/\\\/dutchmicrodosing.com\\\/es\\\/setas-alucinogenas\\\/kits-de-cultivo-fresh-mushrooms\\\/hongo-magico-higrometro-termometro\\\/#primaryimage\",\"url\":\"https:\\\/\\\/dutchmicrodosing.com\\\/wp-content\\\/uploads\\\/2021\\\/04\\\/hygro-tempratuurmeter.png\",\"contentUrl\":\"https:\\\/\\\/dutchmicrodosing.com\\\/wp-content\\\/uploads\\\/2021\\\/04\\\/hygro-tempratuurmeter.png\",\"width\":732,\"height\":590},{\"@type\":\"BreadcrumbList\",\"@id\":\"https:\\\/\\\/dutchmicrodosing.com\\\/es\\\/setas-alucinogenas\\\/kits-de-cultivo-fresh-mushrooms\\\/hongo-magico-higrometro-termometro\\\/#breadcrumb\",\"itemListElement\":[{\"@type\":\"ListItem\",\"position\":1,\"name\":\"Home\",\"item\":\"https:\\\/\\\/dutchmicrodosing.com\\\/es\\\/\"},{\"@type\":\"ListItem\",\"position\":2,\"name\":\"Tienda\",\"item\":\"https:\\\/\\\/dutchmicrodosing.com\\\/es\\\/tienda\\\/\"},{\"@type\":\"ListItem\",\"position\":3,\"name\":\"Higr\u00f3metro \\\/ Term\u00f3metro\"}]},{\"@type\":\"WebSite\",\"@id\":\"https:\\\/\\\/dutchmicrodosing.com\\\/es\\\/#website\",\"url\":\"https:\\\/\\\/dutchmicrodosing.com\\\/es\\\/\",\"name\":\"Dutchmicrodosing\",\"description\":\"\",\"publisher\":{\"@id\":\"https:\\\/\\\/dutchmicrodosing.com\\\/es\\\/#organization\"},\"potentialAction\":[{\"@type\":\"SearchAction\",\"target\":{\"@type\":\"EntryPoint\",\"urlTemplate\":\"https:\\\/\\\/dutchmicrodosing.com\\\/es\\\/?s={search_term_string}\"},\"query-input\":{\"@type\":\"PropertyValueSpecification\",\"valueRequired\":true,\"valueName\":\"search_term_string\"}}],\"inLanguage\":\"es\"},{\"@type\":\"Organization\",\"@id\":\"https:\\\/\\\/dutchmicrodosing.com\\\/es\\\/#organization\",\"name\":\"Dutchmicrodosing\",\"url\":\"https:\\\/\\\/dutchmicrodosing.com\\\/es\\\/\",\"logo\":{\"@type\":\"ImageObject\",\"inLanguage\":\"es\",\"@id\":\"https:\\\/\\\/dutchmicrodosing.com\\\/es\\\/#\\\/schema\\\/logo\\\/image\\\/\",\"url\":\"https:\\\/\\\/dutchmicrodosing.com\\\/wp-content\\\/uploads\\\/2021\\\/01\\\/microdosing-categorie-pic-nieuw.jpg\",\"contentUrl\":\"https:\\\/\\\/dutchmicrodosing.com\\\/wp-content\\\/uploads\\\/2021\\\/01\\\/microdosing-categorie-pic-nieuw.jpg\",\"width\":500,\"height\":500,\"caption\":\"Dutchmicrodosing\"},\"image\":{\"@id\":\"https:\\\/\\\/dutchmicrodosing.com\\\/es\\\/#\\\/schema\\\/logo\\\/image\\\/\"},\"sameAs\":[\"https:\\\/\\\/www.facebook.com\\\/Dutchmicrodosingxp\\\/\",\"https:\\\/\\\/www.instagram.com\\\/dutchmicrodosing\\\/\"]}]}<\/script>\n<meta property=\"product:price:amount\" content=\"9.95\" \/>\n<meta property=\"product:price:currency\" content=\"EUR\" \/>\n<meta property=\"og:availability\" content=\"instock\" \/>\n<meta property=\"product:availability\" content=\"instock\" \/>\n<meta property=\"product:retailer_item_id\" content=\"1201217\" \/>\n<meta property=\"product:condition\" content=\"new\" \/>\n<!-- \/ Yoast SEO Premium plugin. -->","yoast_head_json":{"title":"Higr\u00f3metro \/ Term\u00f3metro - Dutchmicrodosing","robots":{"index":"index","follow":"follow","max-snippet":"max-snippet:-1","max-image-preview":"max-image-preview:large","max-video-preview":"max-video-preview:-1"},"canonical":"https:\/\/dutchmicrodosing.com\/es\/setas-alucinogenas\/kits-de-cultivo-fresh-mushrooms\/hongo-magico-higrometro-termometro\/","og_locale":"es_ES","og_type":"article","og_title":"Higr\u00f3metro \/ Term\u00f3metro","og_description":"Un higr\u00f3metro\/term\u00f3metro para hongos m\u00e1gicos es indispensable para el cultivo de hongos m\u00e1gicos. Cuando se cultivan setas psilocybe, es importante poder","og_url":"https:\/\/dutchmicrodosing.com\/es\/setas-alucinogenas\/kits-de-cultivo-fresh-mushrooms\/hongo-magico-higrometro-termometro\/","og_site_name":"Dutchmicrodosing","article_publisher":"https:\/\/www.facebook.com\/Dutchmicrodosingxp\/","article_modified_time":"2026-02-03T15:42:15+00:00","og_image":[{"width":732,"height":590,"url":"https:\/\/dutchmicrodosing.com\/wp-content\/uploads\/2021\/04\/hygro-tempratuurmeter.png","type":"image\/png"}],"twitter_card":"summary_large_image","schema":{"@context":"https:\/\/schema.org","@graph":[{"@type":"WebPage","@id":"https:\/\/dutchmicrodosing.com\/es\/setas-alucinogenas\/kits-de-cultivo-fresh-mushrooms\/hongo-magico-higrometro-termometro\/","url":"https:\/\/dutchmicrodosing.com\/es\/setas-alucinogenas\/kits-de-cultivo-fresh-mushrooms\/hongo-magico-higrometro-termometro\/","name":"Higr\u00f3metro \/ Term\u00f3metro - Dutchmicrodosing","isPartOf":{"@id":"https:\/\/dutchmicrodosing.com\/es\/#website"},"primaryImageOfPage":{"@id":"https:\/\/dutchmicrodosing.com\/es\/setas-alucinogenas\/kits-de-cultivo-fresh-mushrooms\/hongo-magico-higrometro-termometro\/#primaryimage"},"image":{"@id":"https:\/\/dutchmicrodosing.com\/es\/setas-alucinogenas\/kits-de-cultivo-fresh-mushrooms\/hongo-magico-higrometro-termometro\/#primaryimage"},"thumbnailUrl":"https:\/\/dutchmicrodosing.com\/wp-content\/uploads\/2021\/04\/hygro-tempratuurmeter.png","datePublished":"2021-04-14T06:34:36+00:00","dateModified":"2026-02-03T15:42:15+00:00","breadcrumb":{"@id":"https:\/\/dutchmicrodosing.com\/es\/setas-alucinogenas\/kits-de-cultivo-fresh-mushrooms\/hongo-magico-higrometro-termometro\/#breadcrumb"},"inLanguage":"es","potentialAction":[{"@type":"ReadAction","target":["https:\/\/dutchmicrodosing.com\/es\/setas-alucinogenas\/kits-de-cultivo-fresh-mushrooms\/hongo-magico-higrometro-termometro\/"]}]},{"@type":"ImageObject","inLanguage":"es","@id":"https:\/\/dutchmicrodosing.com\/es\/setas-alucinogenas\/kits-de-cultivo-fresh-mushrooms\/hongo-magico-higrometro-termometro\/#primaryimage","url":"https:\/\/dutchmicrodosing.com\/wp-content\/uploads\/2021\/04\/hygro-tempratuurmeter.png","contentUrl":"https:\/\/dutchmicrodosing.com\/wp-content\/uploads\/2021\/04\/hygro-tempratuurmeter.png","width":732,"height":590},{"@type":"BreadcrumbList","@id":"https:\/\/dutchmicrodosing.com\/es\/setas-alucinogenas\/kits-de-cultivo-fresh-mushrooms\/hongo-magico-higrometro-termometro\/#breadcrumb","itemListElement":[{"@type":"ListItem","position":1,"name":"Home","item":"https:\/\/dutchmicrodosing.com\/es\/"},{"@type":"ListItem","position":2,"name":"Tienda","item":"https:\/\/dutchmicrodosing.com\/es\/tienda\/"},{"@type":"ListItem","position":3,"name":"Higr\u00f3metro \/ Term\u00f3metro"}]},{"@type":"WebSite","@id":"https:\/\/dutchmicrodosing.com\/es\/#website","url":"https:\/\/dutchmicrodosing.com\/es\/","name":"Dutchmicrodosing","description":"","publisher":{"@id":"https:\/\/dutchmicrodosing.com\/es\/#organization"},"potentialAction":[{"@type":"SearchAction","target":{"@type":"EntryPoint","urlTemplate":"https:\/\/dutchmicrodosing.com\/es\/?s={search_term_string}"},"query-input":{"@type":"PropertyValueSpecification","valueRequired":true,"valueName":"search_term_string"}}],"inLanguage":"es"},{"@type":"Organization","@id":"https:\/\/dutchmicrodosing.com\/es\/#organization","name":"Dutchmicrodosing","url":"https:\/\/dutchmicrodosing.com\/es\/","logo":{"@type":"ImageObject","inLanguage":"es","@id":"https:\/\/dutchmicrodosing.com\/es\/#\/schema\/logo\/image\/","url":"https:\/\/dutchmicrodosing.com\/wp-content\/uploads\/2021\/01\/microdosing-categorie-pic-nieuw.jpg","contentUrl":"https:\/\/dutchmicrodosing.com\/wp-content\/uploads\/2021\/01\/microdosing-categorie-pic-nieuw.jpg","width":500,"height":500,"caption":"Dutchmicrodosing"},"image":{"@id":"https:\/\/dutchmicrodosing.com\/es\/#\/schema\/logo\/image\/"},"sameAs":["https:\/\/www.facebook.com\/Dutchmicrodosingxp\/","https:\/\/www.instagram.com\/dutchmicrodosing\/"]}]},"product_price_amount":"9.95","product_price_currency":"EUR","og_availability":"instock","product_availability":"instock","product_retailer_item_id":"1201217","product_condition":"new"},"_links":{"self":[{"href":"https:\/\/dutchmicrodosing.com\/es\/wp-json\/wp\/v2\/product\/5362","targetHints":{"allow":["GET"]}}],"collection":[{"href":"https:\/\/dutchmicrodosing.com\/es\/wp-json\/wp\/v2\/product"}],"about":[{"href":"https:\/\/dutchmicrodosing.com\/es\/wp-json\/wp\/v2\/types\/product"}],"replies":[{"embeddable":true,"href":"https:\/\/dutchmicrodosing.com\/es\/wp-json\/wp\/v2\/comments?post=5362"}],"version-history":[{"count":1,"href":"https:\/\/dutchmicrodosing.com\/es\/wp-json\/wp\/v2\/product\/5362\/revisions"}],"predecessor-version":[{"id":64272,"href":"https:\/\/dutchmicrodosing.com\/es\/wp-json\/wp\/v2\/product\/5362\/revisions\/64272"}],"wp:featuredmedia":[{"embeddable":true,"href":"https:\/\/dutchmicrodosing.com\/es\/wp-json\/wp\/v2\/media\/21841"}],"wp:attachment":[{"href":"https:\/\/dutchmicrodosing.com\/es\/wp-json\/wp\/v2\/media?parent=5362"}],"wp:term":[{"taxonomy":"product_brand","embeddable":true,"href":"https:\/\/dutchmicrodosing.com\/es\/wp-json\/wp\/v2\/product_brand?post=5362"},{"taxonomy":"product_cat","embeddable":true,"href":"https:\/\/dutchmicrodosing.com\/es\/wp-json\/wp\/v2\/product_cat?post=5362"},{"taxonomy":"product_tag","embeddable":true,"href":"https:\/\/dutchmicrodosing.com\/es\/wp-json\/wp\/v2\/product_tag?post=5362"}],"curies":[{"name":"wp","href":"https:\/\/api.w.org\/{rel}","templated":true}]}}