{"id":5367,"date":"2021-02-27T22:51:44","date_gmt":"2021-02-27T21:51:44","guid":{"rendered":"https:\/\/dutchmicrodosing.com\/shop\/sin%20categor\u00eda\/complejo-vitaminico-b-30-capsulas\/"},"modified":"2025-08-31T09:05:04","modified_gmt":"2025-08-31T07:05:04","slug":"complejo-de-vitaminas-b-30-capsulas","status":"publish","type":"product","link":"https:\/\/dutchmicrodosing.com\/es\/herbolario\/suplementos-de-vitaminas\/complejo-de-vitaminas-b-30-capsulas\/","title":{"rendered":"Complejo vitam\u00ednico B &#8211; 30 c\u00e1psulas"},"content":{"rendered":"<p>Las investigaciones demuestran que todos los holandeses son deficientes en <strong>vitamina B<\/strong>. Con el complejo de vitaminas B de Together, sus clientes obtendr\u00e1n f\u00e1cilmente toda la vitamina B que necesitan. Todos los ingredientes de este suplemento est\u00e1n basados en alimentos &#8211; crudos y completos. Gracias al cuidadoso proceso de producci\u00f3n a bajas temperaturas, Together conserva todos sus valores nutricionales naturales. Algunos ejemplos son: enzimas y fitonutrientes vivos, amino\u00e1cidos, oligoelementos y otros cofactores bioactivos.<\/p>\n<p>Este producto es completamente vegano y no contiene aditivos ni otros excipientes. Viene en una bolsa que cabe en el buz\u00f3n. Una bolsa contiene aproximadamente 30 c\u00e1psulas, lo que equivale a un suministro de aproximadamente un mes (una c\u00e1psula al d\u00eda).<\/p>\n<h3>Ingredientes<\/h3>\n<p>Vitamina C procesada a partir de pulpa de c\u00edtricos; Levadura mineral fortificada con inositol, niacina, \u00e1cido pantot\u00e9nico, vitamina B6, riboflavina, tiamina, vitamina B12, \u00e1cido para-amino benzoico; Colina y biotina combinadas a partir de concentrado de harina de ma\u00edz; \u00c1cido f\u00f3lico a partir de concentrado de alfalfa; C\u00e1psula vegana (celulosa vegetal).<\/p>\n<p><strong>Valores nutricionales por c\u00e1psula:<\/strong><\/p>\n<ul>\n<li>Vitamina C 10mg<\/li>\n<li>Tiamina (vitamina B1) 2,5 mg<\/li>\n<li>Riboflavina (Vitamina B2) 5mg<\/li>\n<li>Niacina (Vitamina B3) 20mg<\/li>\n<li>Vitamina B6 5mg<\/li>\n<li>\u00c1cido f\u00f3lico (como folato, vitamina B11) 225\u03bcg<\/li>\n<li>Vitamina B12 (Metilcobalamina) 10\u03bcg<\/li>\n<li>Biotina 170\u03bcg<\/li>\n<li>\u00c1cido pantot\u00e9nico (vitamina B5) 2,5mg<\/li>\n<li>Colina 5mg<\/li>\n<li>Inositol 2mg<\/li>\n<li>\u00c1cido Para-Amino Benzoico 2mg<\/li>\n<li>Bioflavonoides 0,5mg<\/li>\n<\/ul>\n<h3>Contenido<\/h3>\n<p>Complejo vitam\u00ednico B Together &#8211; 30 C\u00e1psulas<\/p>\n","protected":false},"excerpt":{"rendered":"<p>Las investigaciones demuestran que todos los holandeses son deficientes en vitamina B. Con el complejo de vitaminas B de Together, sus clientes obtendr\u00e1n f\u00e1cilmente toda la vitamina B que necesitan. Todos los ingredientes de este suplemento est\u00e1n basados en alimentos &#8211; crudos y completos. Gracias al cuidadoso proceso de producci\u00f3n a bajas temperaturas, Together conserva [&hellip;]<\/p>\n","protected":false},"featured_media":3232,"comment_status":"open","ping_status":"closed","template":"","meta":[],"product_brand":[],"product_cat":[297,298,324,140],"product_tag":[],"class_list":{"0":"post-5367","1":"product","2":"type-product","3":"status-publish","4":"has-post-thumbnail","6":"product_cat-suplementos-energeticos","7":"product_cat-suplementos-para-el-sistema-inmunitario","8":"product_cat-suplementos-para-la-concentracion","9":"product_cat-suplementos-de-vitaminas","11":"first","12":"instock","13":"taxable","14":"shipping-taxable","15":"purchasable","16":"product-type-simple"},"yoast_head":"<!-- This site is optimized with the Yoast SEO Premium plugin v26.4 (Yoast SEO v27.2) - https:\/\/yoast.com\/product\/yoast-seo-premium-wordpress\/ -->\n<title>Complejo vitam\u00ednico B - 30 c\u00e1psulas - Dutchmicrodosing<\/title>\n<meta name=\"description\" content=\"Las investigaciones demuestran que todos los holandeses son deficientes en vitamina B. Con el complejo de vitaminas B de Together, sus clientes obtendr\u00e1n...\" \/>\n<meta name=\"robots\" content=\"index, follow, max-snippet:-1, max-image-preview:large, max-video-preview:-1\" \/>\n<link rel=\"canonical\" href=\"https:\/\/dutchmicrodosing.com\/es\/herbolario\/suplementos-de-vitaminas\/complejo-de-vitaminas-b-30-capsulas\/\" \/>\n<meta property=\"og:locale\" content=\"es_ES\" \/>\n<meta property=\"og:type\" content=\"article\" \/>\n<meta property=\"og:title\" content=\"Complejo vitam\u00ednico B - 30 c\u00e1psulas\" \/>\n<meta property=\"og:description\" content=\"Las investigaciones demuestran que todos los holandeses son deficientes en vitamina B. Con el complejo de vitaminas B de Together, sus clientes obtendr\u00e1n\" \/>\n<meta property=\"og:url\" content=\"https:\/\/dutchmicrodosing.com\/es\/herbolario\/suplementos-de-vitaminas\/complejo-de-vitaminas-b-30-capsulas\/\" \/>\n<meta property=\"og:site_name\" content=\"Dutchmicrodosing\" \/>\n<meta property=\"article:publisher\" content=\"https:\/\/www.facebook.com\/Dutchmicrodosingxp\/\" \/>\n<meta property=\"article:modified_time\" content=\"2025-08-31T07:05:04+00:00\" \/>\n<meta property=\"og:image\" content=\"https:\/\/dutchmicrodosing.com\/wp-content\/uploads\/2021\/02\/2261-B-Vitamin-Complex-Together-Health-30caps-1.jpg\" \/>\n\t<meta property=\"og:image:width\" content=\"1040\" \/>\n\t<meta property=\"og:image:height\" content=\"1040\" \/>\n\t<meta property=\"og:image:type\" content=\"image\/jpeg\" \/>\n<meta name=\"twitter:card\" content=\"summary_large_image\" \/>\n<script type=\"application\/ld+json\" class=\"yoast-schema-graph\">{\"@context\":\"https:\/\/schema.org\",\"@graph\":[{\"@type\":\"WebPage\",\"@id\":\"https:\/\/dutchmicrodosing.com\/es\/herbolario\/suplementos-de-vitaminas\/complejo-de-vitaminas-b-30-capsulas\/\",\"url\":\"https:\/\/dutchmicrodosing.com\/es\/herbolario\/suplementos-de-vitaminas\/complejo-de-vitaminas-b-30-capsulas\/\",\"name\":\"Complejo vitam\u00ednico B - 30 c\u00e1psulas - Dutchmicrodosing\",\"isPartOf\":{\"@id\":\"https:\/\/dutchmicrodosing.com\/es\/#website\"},\"primaryImageOfPage\":{\"@id\":\"https:\/\/dutchmicrodosing.com\/es\/herbolario\/suplementos-de-vitaminas\/complejo-de-vitaminas-b-30-capsulas\/#primaryimage\"},\"image\":{\"@id\":\"https:\/\/dutchmicrodosing.com\/es\/herbolario\/suplementos-de-vitaminas\/complejo-de-vitaminas-b-30-capsulas\/#primaryimage\"},\"thumbnailUrl\":\"https:\/\/dutchmicrodosing.com\/wp-content\/uploads\/2021\/02\/2261-B-Vitamin-Complex-Together-Health-30caps-1.jpg\",\"datePublished\":\"2021-02-27T21:51:44+00:00\",\"dateModified\":\"2025-08-31T07:05:04+00:00\",\"description\":\"Las investigaciones demuestran que todos los holandeses son deficientes en vitamina B. Con el complejo de vitaminas B de Together, sus clientes obtendr\u00e1n...\",\"breadcrumb\":{\"@id\":\"https:\/\/dutchmicrodosing.com\/es\/herbolario\/suplementos-de-vitaminas\/complejo-de-vitaminas-b-30-capsulas\/#breadcrumb\"},\"inLanguage\":\"es\",\"potentialAction\":[{\"@type\":\"ReadAction\",\"target\":[\"https:\/\/dutchmicrodosing.com\/es\/herbolario\/suplementos-de-vitaminas\/complejo-de-vitaminas-b-30-capsulas\/\"]}]},{\"@type\":\"ImageObject\",\"inLanguage\":\"es\",\"@id\":\"https:\/\/dutchmicrodosing.com\/es\/herbolario\/suplementos-de-vitaminas\/complejo-de-vitaminas-b-30-capsulas\/#primaryimage\",\"url\":\"https:\/\/dutchmicrodosing.com\/wp-content\/uploads\/2021\/02\/2261-B-Vitamin-Complex-Together-Health-30caps-1.jpg\",\"contentUrl\":\"https:\/\/dutchmicrodosing.com\/wp-content\/uploads\/2021\/02\/2261-B-Vitamin-Complex-Together-Health-30caps-1.jpg\",\"width\":1040,\"height\":1040},{\"@type\":\"BreadcrumbList\",\"@id\":\"https:\/\/dutchmicrodosing.com\/es\/herbolario\/suplementos-de-vitaminas\/complejo-de-vitaminas-b-30-capsulas\/#breadcrumb\",\"itemListElement\":[{\"@type\":\"ListItem\",\"position\":1,\"name\":\"Home\",\"item\":\"https:\/\/dutchmicrodosing.com\/es\/\"},{\"@type\":\"ListItem\",\"position\":2,\"name\":\"Tienda\",\"item\":\"https:\/\/dutchmicrodosing.com\/es\/tienda\/\"},{\"@type\":\"ListItem\",\"position\":3,\"name\":\"Complejo vitam\u00ednico B &#8211; 30 c\u00e1psulas\"}]},{\"@type\":\"WebSite\",\"@id\":\"https:\/\/dutchmicrodosing.com\/es\/#website\",\"url\":\"https:\/\/dutchmicrodosing.com\/es\/\",\"name\":\"Dutchmicrodosing\",\"description\":\"\",\"publisher\":{\"@id\":\"https:\/\/dutchmicrodosing.com\/es\/#organization\"},\"potentialAction\":[{\"@type\":\"SearchAction\",\"target\":{\"@type\":\"EntryPoint\",\"urlTemplate\":\"https:\/\/dutchmicrodosing.com\/es\/?s={search_term_string}\"},\"query-input\":{\"@type\":\"PropertyValueSpecification\",\"valueRequired\":true,\"valueName\":\"search_term_string\"}}],\"inLanguage\":\"es\"},{\"@type\":\"Organization\",\"@id\":\"https:\/\/dutchmicrodosing.com\/es\/#organization\",\"name\":\"Dutchmicrodosing\",\"url\":\"https:\/\/dutchmicrodosing.com\/es\/\",\"logo\":{\"@type\":\"ImageObject\",\"inLanguage\":\"es\",\"@id\":\"https:\/\/dutchmicrodosing.com\/es\/#\/schema\/logo\/image\/\",\"url\":\"https:\/\/dutchmicrodosing.com\/wp-content\/uploads\/2021\/01\/microdosing-categorie-pic-nieuw.jpg\",\"contentUrl\":\"https:\/\/dutchmicrodosing.com\/wp-content\/uploads\/2021\/01\/microdosing-categorie-pic-nieuw.jpg\",\"width\":500,\"height\":500,\"caption\":\"Dutchmicrodosing\"},\"image\":{\"@id\":\"https:\/\/dutchmicrodosing.com\/es\/#\/schema\/logo\/image\/\"},\"sameAs\":[\"https:\/\/www.facebook.com\/Dutchmicrodosingxp\/\",\"https:\/\/www.instagram.com\/dutchmicrodosing\/\"]}]}<\/script>\n<meta property=\"product:price:amount\" content=\"12.95\" \/>\n<meta property=\"product:price:currency\" content=\"EUR\" \/>\n<meta property=\"og:availability\" content=\"instock\" \/>\n<meta property=\"product:availability\" content=\"instock\" \/>\n<meta property=\"product:retailer_item_id\" content=\"1202417\" \/>\n<meta property=\"product:condition\" content=\"new\" \/>\n<!-- \/ Yoast SEO Premium plugin. -->","yoast_head_json":{"title":"Complejo vitam\u00ednico B - 30 c\u00e1psulas - Dutchmicrodosing","description":"Las investigaciones demuestran que todos los holandeses son deficientes en vitamina B. Con el complejo de vitaminas B de Together, sus clientes obtendr\u00e1n...","robots":{"index":"index","follow":"follow","max-snippet":"max-snippet:-1","max-image-preview":"max-image-preview:large","max-video-preview":"max-video-preview:-1"},"canonical":"https:\/\/dutchmicrodosing.com\/es\/herbolario\/suplementos-de-vitaminas\/complejo-de-vitaminas-b-30-capsulas\/","og_locale":"es_ES","og_type":"article","og_title":"Complejo vitam\u00ednico B - 30 c\u00e1psulas","og_description":"Las investigaciones demuestran que todos los holandeses son deficientes en vitamina B. Con el complejo de vitaminas B de Together, sus clientes obtendr\u00e1n","og_url":"https:\/\/dutchmicrodosing.com\/es\/herbolario\/suplementos-de-vitaminas\/complejo-de-vitaminas-b-30-capsulas\/","og_site_name":"Dutchmicrodosing","article_publisher":"https:\/\/www.facebook.com\/Dutchmicrodosingxp\/","article_modified_time":"2025-08-31T07:05:04+00:00","og_image":[{"width":1040,"height":1040,"url":"https:\/\/dutchmicrodosing.com\/wp-content\/uploads\/2021\/02\/2261-B-Vitamin-Complex-Together-Health-30caps-1.jpg","type":"image\/jpeg"}],"twitter_card":"summary_large_image","schema":{"@context":"https:\/\/schema.org","@graph":[{"@type":"WebPage","@id":"https:\/\/dutchmicrodosing.com\/es\/herbolario\/suplementos-de-vitaminas\/complejo-de-vitaminas-b-30-capsulas\/","url":"https:\/\/dutchmicrodosing.com\/es\/herbolario\/suplementos-de-vitaminas\/complejo-de-vitaminas-b-30-capsulas\/","name":"Complejo vitam\u00ednico B - 30 c\u00e1psulas - Dutchmicrodosing","isPartOf":{"@id":"https:\/\/dutchmicrodosing.com\/es\/#website"},"primaryImageOfPage":{"@id":"https:\/\/dutchmicrodosing.com\/es\/herbolario\/suplementos-de-vitaminas\/complejo-de-vitaminas-b-30-capsulas\/#primaryimage"},"image":{"@id":"https:\/\/dutchmicrodosing.com\/es\/herbolario\/suplementos-de-vitaminas\/complejo-de-vitaminas-b-30-capsulas\/#primaryimage"},"thumbnailUrl":"https:\/\/dutchmicrodosing.com\/wp-content\/uploads\/2021\/02\/2261-B-Vitamin-Complex-Together-Health-30caps-1.jpg","datePublished":"2021-02-27T21:51:44+00:00","dateModified":"2025-08-31T07:05:04+00:00","description":"Las investigaciones demuestran que todos los holandeses son deficientes en vitamina B. Con el complejo de vitaminas B de Together, sus clientes obtendr\u00e1n...","breadcrumb":{"@id":"https:\/\/dutchmicrodosing.com\/es\/herbolario\/suplementos-de-vitaminas\/complejo-de-vitaminas-b-30-capsulas\/#breadcrumb"},"inLanguage":"es","potentialAction":[{"@type":"ReadAction","target":["https:\/\/dutchmicrodosing.com\/es\/herbolario\/suplementos-de-vitaminas\/complejo-de-vitaminas-b-30-capsulas\/"]}]},{"@type":"ImageObject","inLanguage":"es","@id":"https:\/\/dutchmicrodosing.com\/es\/herbolario\/suplementos-de-vitaminas\/complejo-de-vitaminas-b-30-capsulas\/#primaryimage","url":"https:\/\/dutchmicrodosing.com\/wp-content\/uploads\/2021\/02\/2261-B-Vitamin-Complex-Together-Health-30caps-1.jpg","contentUrl":"https:\/\/dutchmicrodosing.com\/wp-content\/uploads\/2021\/02\/2261-B-Vitamin-Complex-Together-Health-30caps-1.jpg","width":1040,"height":1040},{"@type":"BreadcrumbList","@id":"https:\/\/dutchmicrodosing.com\/es\/herbolario\/suplementos-de-vitaminas\/complejo-de-vitaminas-b-30-capsulas\/#breadcrumb","itemListElement":[{"@type":"ListItem","position":1,"name":"Home","item":"https:\/\/dutchmicrodosing.com\/es\/"},{"@type":"ListItem","position":2,"name":"Tienda","item":"https:\/\/dutchmicrodosing.com\/es\/tienda\/"},{"@type":"ListItem","position":3,"name":"Complejo vitam\u00ednico B &#8211; 30 c\u00e1psulas"}]},{"@type":"WebSite","@id":"https:\/\/dutchmicrodosing.com\/es\/#website","url":"https:\/\/dutchmicrodosing.com\/es\/","name":"Dutchmicrodosing","description":"","publisher":{"@id":"https:\/\/dutchmicrodosing.com\/es\/#organization"},"potentialAction":[{"@type":"SearchAction","target":{"@type":"EntryPoint","urlTemplate":"https:\/\/dutchmicrodosing.com\/es\/?s={search_term_string}"},"query-input":{"@type":"PropertyValueSpecification","valueRequired":true,"valueName":"search_term_string"}}],"inLanguage":"es"},{"@type":"Organization","@id":"https:\/\/dutchmicrodosing.com\/es\/#organization","name":"Dutchmicrodosing","url":"https:\/\/dutchmicrodosing.com\/es\/","logo":{"@type":"ImageObject","inLanguage":"es","@id":"https:\/\/dutchmicrodosing.com\/es\/#\/schema\/logo\/image\/","url":"https:\/\/dutchmicrodosing.com\/wp-content\/uploads\/2021\/01\/microdosing-categorie-pic-nieuw.jpg","contentUrl":"https:\/\/dutchmicrodosing.com\/wp-content\/uploads\/2021\/01\/microdosing-categorie-pic-nieuw.jpg","width":500,"height":500,"caption":"Dutchmicrodosing"},"image":{"@id":"https:\/\/dutchmicrodosing.com\/es\/#\/schema\/logo\/image\/"},"sameAs":["https:\/\/www.facebook.com\/Dutchmicrodosingxp\/","https:\/\/www.instagram.com\/dutchmicrodosing\/"]}]},"product_price_amount":"12.95","product_price_currency":"EUR","og_availability":"instock","product_availability":"instock","product_retailer_item_id":"1202417","product_condition":"new"},"_links":{"self":[{"href":"https:\/\/dutchmicrodosing.com\/es\/wp-json\/wp\/v2\/product\/5367","targetHints":{"allow":["GET"]}}],"collection":[{"href":"https:\/\/dutchmicrodosing.com\/es\/wp-json\/wp\/v2\/product"}],"about":[{"href":"https:\/\/dutchmicrodosing.com\/es\/wp-json\/wp\/v2\/types\/product"}],"replies":[{"embeddable":true,"href":"https:\/\/dutchmicrodosing.com\/es\/wp-json\/wp\/v2\/comments?post=5367"}],"version-history":[{"count":0,"href":"https:\/\/dutchmicrodosing.com\/es\/wp-json\/wp\/v2\/product\/5367\/revisions"}],"wp:featuredmedia":[{"embeddable":true,"href":"https:\/\/dutchmicrodosing.com\/es\/wp-json\/wp\/v2\/media\/3232"}],"wp:attachment":[{"href":"https:\/\/dutchmicrodosing.com\/es\/wp-json\/wp\/v2\/media?parent=5367"}],"wp:term":[{"taxonomy":"product_brand","embeddable":true,"href":"https:\/\/dutchmicrodosing.com\/es\/wp-json\/wp\/v2\/product_brand?post=5367"},{"taxonomy":"product_cat","embeddable":true,"href":"https:\/\/dutchmicrodosing.com\/es\/wp-json\/wp\/v2\/product_cat?post=5367"},{"taxonomy":"product_tag","embeddable":true,"href":"https:\/\/dutchmicrodosing.com\/es\/wp-json\/wp\/v2\/product_tag?post=5367"}],"curies":[{"name":"wp","href":"https:\/\/api.w.org\/{rel}","templated":true}]}}