{"id":5372,"date":"2021-02-21T10:24:30","date_gmt":"2021-02-21T09:24:30","guid":{"rendered":"https:\/\/dutchmicrodosing.com\/shop\/sin%20categor\u00eda\/xp-colombiana\/"},"modified":"2025-11-20T15:58:42","modified_gmt":"2025-11-20T14:58:42","slug":"colombiano-xp","status":"publish","type":"product","link":"https:\/\/dutchmicrodosing.com\/es\/setas-alucinogenas\/kits-de-cultivo-fresh-mushrooms\/colombiano-xp\/","title":{"rendered":"XP colombiana"},"content":{"rendered":"<p>Para un viaje especial y espiritual se acaba autom\u00e1ticamente con la seta <strong>colombiana Fresh Mushrooms<\/strong>. Tienen mucho que ense\u00f1arte, as\u00ed que si tienes la mente abierta, prueba esta seta m\u00e1gica. Son poco exigentes y f\u00e1ciles de cultivar. Con este kit de cultivo tendr\u00e1s tus propias setas m\u00e1gicas en poco tiempo.<\/p>\n<h2>El poder de los hongos colombianos<\/h2>\n<p>El nombre oficial del hongo colombiano es Psilocybe Colombescens. Pero tambi\u00e9n son popularmente llamados entra\u00f1ablemente colombianos. Es un hongo m\u00e1gico especial, que puede darte un viaje espiritual. Pero eso no significa que no pueda tener efectos intensos. As\u00ed que, como principiante, puede que no sea la mejor opci\u00f3n. La seta m\u00e1gica colombiana puede ser un escal\u00f3n ideal para los psiconautas que encuentran la ecuatoriana demasiado intensa y la mexicana no lo suficientemente pesada.<\/p>\n<h2>Viaje espiritual con hongos colombianos<\/h2>\n<p>El hongo colombiano puede ser un verdadero maestro para ti. Muchos usuarios son entusiastas de sus experiencias con este hongo, lo que puede darte m\u00e1s informaci\u00f3n sobre ti mismo. Lo que hace que el viaje sea especial es que se obtiene una visi\u00f3n filos\u00f3fica del mundo. Tambi\u00e9n te sientes social y te entran ganas de estar con los dem\u00e1s. Entonces pueden surgir maravillosas conversaciones filos\u00f3ficas.<\/p>\n<p>Las alucinaciones visuales son menos fuertes con las setas frescas colombianas, en comparaci\u00f3n con otras especies de setas. Son m\u00e1s bien los efectos espirituales los que impresionar\u00e1n. No es una excepci\u00f3n tener experiencias espirituales durante un viaje, en las que se obtienen conocimientos esclarecedores sobre uno mismo, la naturaleza o el universo. Una ventaja del hongo colombiano es que rara vez se produce un mal viaje.<\/p>\n<h2>Instrucciones Kit de Cultivo Colombiano<\/h2>\n<p><a href=\"https:\/\/dutchmicrodosing.com\/es\/growkit_manual\/\">Descargue aqu\u00ed : Manual del kit de cultivo de setas frescas<\/a><\/p>\n<ol>\n<li>Saca el kit de cultivo, la bolsa de pl\u00e1stico y el clip de la caja. Retire la tapa del juego de cultivo (guarde la tapa en un lugar seguro). Aclare la tapa bajo el grifo. Lo necesitar\u00e1s de nuevo m\u00e1s adelante.<\/li>\n<li>Coloque el juego de cultivo sin tapa en la bolsa de pl\u00e1stico suministrada. Deslice la apertura de la bolsa bajo el fondo con la microperforaci\u00f3n hacia arriba. La apertura de la bolsa ya est\u00e1 pr\u00e1cticamente cerrada. No hay que preocuparse por la circulaci\u00f3n del aire.<\/li>\n<li>En cuanto veas que crecen bolitas, puedes empezar a poner la bolsa en posici\u00f3n vertical. No regar. Los primeros hongos ser\u00e1n visibles despu\u00e9s de una semana aproximadamente.<\/li>\n<li>Coloque el set de cultivo en una zona con suficiente luz natural y a una temperatura de entre 18 \u00b0C y 28 \u00b0C. NUNCA coloque el set de cultivo a la luz directa del sol. Aunque los hongos crecen a casi cualquier temperatura por encima de los 15 \u00b0C, 23 \u00b0C es la temperatura ideal para una cosecha \u00f3ptima. Existen alfombras t\u00e9rmicas especiales para garantizar esta temperatura y no tener que calentar toda la habitaci\u00f3n.<\/li>\n<li>A partir de este momento, deje la bolsa ligeramente abierta todo el tiempo, para que la humedad pueda evaporarse un poco. Un exceso de humedad no es bueno. Su primera cosecha ser\u00e1 aproximadamente una semana despu\u00e9s de la aparici\u00f3n de los primeros bulbos. Aseg\u00farate de cosechar antes de que empiecen a caer las primeras esporas.<\/li>\n<li>Estos conjuntos producen m\u00faltiples cosechas de setas. Para ello, llene el kit con agua limpia del grifo despu\u00e9s de la primera cosecha. Este proceso se conoce como choque de fr\u00edo y da nueva vida al micelio y asegura que haya suficiente humedad para que los hongos crezcan.<\/li>\n<li>Vuelva a colocar la tapa del kit de cultivo. Dejar reposar el conjunto durante 12 horas. Abra una esquina de la tapa y deje que el exceso de agua se escurra. A partir de aqu\u00ed puedes volver a seguir las instrucciones del paso 1. Este proceso puede repetirse varias veces.<\/li>\n<\/ol>\n<div>\n<h3>La cosecha:<\/h3>\n<p>Los kits de cultivo de Freshmushrooms producen su primera cosecha con bastante rapidez. Despu\u00e9s de una semana, los primeros brotes ya son visibles. Las temperaturas bajas y altas pueden ralentizar un poco este proceso de crecimiento. Una vez que los brotes son visibles, los hongos suelen tardar una semana en desarrollarse completamente.<\/p>\n<p>El momento de la cosecha es extremadamente importante. Cuando las membranas bajo los sombreros est\u00e1n todav\u00eda apretadas, pero corren el riesgo de reventar o aflojarse debido a la fuerza de los sombreros, es el momento de cosechar.<\/p>\n<h2>Rendimiento 100% micelio colombiano growkit<\/h2>\n<p>Un kit de cultivo de 1200cc de Freshmushrooms proporciona una cosecha de entre 500g y 800g de setas frescas o 50-80g de setas secas.<\/p>\n<\/div>\n<h3>\u00bfC\u00f3mo se dosifican las setas colombianas?<\/h3>\n<p>La cantidad de hongos que se toma determina en gran medida la intensidad del viaje. Es importante pensar cuidadosamente en la dosis. La experiencia en los viajes juega un papel importante: un principiante deber\u00eda tomar una dosis menor que un psiconauta experimentado. Tambi\u00e9n debes tener en cuenta tu peso corporal y si tienes comida en el est\u00f3mago. A continuaci\u00f3n se ofrecen algunas pautas para determinar su dosis:<\/p>\n<ul>\n<li>Microdosificaci\u00f3n: 0,2 gramos de setas secas | 2 gramos de setas frescas<\/li>\n<li>Viaje suave: 1 gramo de setas secas | 9 gramos de setas frescas<\/li>\n<li>Viaje normal: 2 gramos de setas secas | 21 gramos de setas frescas<\/li>\n<li>Viaje intenso: 3,5 gramos de setas secas | 35 gramos de setas frescas<\/li>\n<\/ul>\n<p>Los hongos colombianos se pueden tomar de diferentes maneras. Se pueden consumir frescas o secas. Pero tambi\u00e9n hay mucha gente que hace un t\u00e9 de setas. Hierve el agua y deja que se enfr\u00ede un poco (no viertas agua hirviendo sobre tus setas, esto puede da\u00f1ar los compuestos psicoactivos). Vierta el agua sobre las setas. Despu\u00e9s de 20 minutos puedes beber el t\u00e9.<\/p>\n<h3>Consejos para preparar su viaje<\/h3>\n<p>Antes de tomar setas frescas colombianas, es \u00fatil preparar su viaje: \u00bfd\u00f3nde va a viajar y qui\u00e9n estar\u00e1 presente? Elige un entorno que conozcas bien. Cuanto m\u00e1s c\u00f3modo se sienta, m\u00e1s probable ser\u00e1 que se relaje y tenga un buen viaje. Si est\u00e1s con m\u00e1s gente, aseg\u00farate de rodearte de amigos en los que puedas confiar.<\/p>\n<p>Adem\u00e1s, organ\u00edzate con un tripsitter. Se trata de una persona que no consumir\u00e1 narc\u00f3ticos (drogas o alcohol). Alguien que est\u00e9 sobrio puede prestar mucha atenci\u00f3n a las personas que est\u00e1n tropezando. Puede asegurarse de que no se produzcan situaciones peligrosas y, posiblemente, tranquilizarle si el viaje es m\u00e1s intenso de lo esperado. Puede ser agradable escuchar que los efectos del viaje son s\u00f3lo temporales. Tambi\u00e9n es \u00fatil tener un tap\u00f3n de viaje en casa.<\/p>\n<h2>Compre su kit de cultivo de hongos colombianos en l\u00ednea<\/h2>\n<p>\u00bfEst\u00e1s preparado para un viaje espiritual, una seta m\u00e1gica que sacuda tu mundo? \u00bfQuiere m\u00e1s de lo que el hongo mexicano puede ofrecer? A continuaci\u00f3n, elija el kit de cultivo de setas frescas de Colombia. P\u00eddelo ahora y recibir\u00e1s tu propio kit de cultivo en tu casa en breve.<\/p>\n","protected":false},"excerpt":{"rendered":"<p>Para un viaje especial y espiritual se acaba autom\u00e1ticamente con la seta colombiana Fresh Mushrooms. Tienen mucho que ense\u00f1arte, as\u00ed que si tienes la mente abierta, prueba esta seta m\u00e1gica. Son poco exigentes y f\u00e1ciles de cultivar. Con este kit de cultivo tendr\u00e1s tus propias setas m\u00e1gicas en poco tiempo. El poder de los hongos [&hellip;]<\/p>\n","protected":false},"featured_media":3576,"comment_status":"open","ping_status":"closed","template":"","meta":[],"product_brand":[],"product_cat":[139],"product_tag":[],"class_list":{"0":"post-5372","1":"product","2":"type-product","3":"status-publish","4":"has-post-thumbnail","6":"product_cat-kits-de-cultivo-fresh-mushrooms","8":"first","9":"instock","10":"taxable","11":"shipping-taxable","12":"purchasable","13":"product-type-simple"},"yoast_head":"<!-- This site is optimized with the Yoast SEO Premium plugin v26.4 (Yoast SEO v27.2) - https:\/\/yoast.com\/product\/yoast-seo-premium-wordpress\/ -->\n<title>XP colombiana - Dutchmicrodosing<\/title>\n<meta name=\"description\" content=\"La Psilocybe cubensis &#039;Colombian&#039; es adorada por su fuerte efecto, f\u00e1cil cultivo y abundante producci\u00f3n. El primero que encontrar\u00e1s en Columbia. Tambi\u00e9n se le conoce como &quot;seta social&quot; porque proporciona m\u00e1s interacci\u00f3n social a la mayor\u00eda de los individuos.\" \/>\n<meta name=\"robots\" content=\"index, follow, max-snippet:-1, max-image-preview:large, max-video-preview:-1\" \/>\n<link rel=\"canonical\" href=\"https:\/\/dutchmicrodosing.com\/es\/setas-alucinogenas\/kits-de-cultivo-fresh-mushrooms\/colombiano-xp\/\" \/>\n<meta property=\"og:locale\" content=\"es_ES\" \/>\n<meta property=\"og:type\" content=\"article\" \/>\n<meta property=\"og:title\" content=\"XP colombiana\" \/>\n<meta property=\"og:description\" content=\"Para un viaje especial y espiritual se acaba autom\u00e1ticamente con la seta colombiana Fresh Mushrooms. Tienen mucho que ense\u00f1arte, as\u00ed que si tienes la\" \/>\n<meta property=\"og:url\" content=\"https:\/\/dutchmicrodosing.com\/es\/setas-alucinogenas\/kits-de-cultivo-fresh-mushrooms\/colombiano-xp\/\" \/>\n<meta property=\"og:site_name\" content=\"Dutchmicrodosing\" \/>\n<meta property=\"article:publisher\" content=\"https:\/\/www.facebook.com\/Dutchmicrodosingxp\/\" \/>\n<meta property=\"article:modified_time\" content=\"2025-11-20T14:58:42+00:00\" \/>\n<meta property=\"og:image\" content=\"https:\/\/dutchmicrodosing.com\/wp-content\/uploads\/2021\/02\/Colombian.jpg\" \/>\n\t<meta property=\"og:image:width\" content=\"500\" \/>\n\t<meta property=\"og:image:height\" content=\"500\" \/>\n\t<meta property=\"og:image:type\" content=\"image\/jpeg\" \/>\n<meta name=\"twitter:card\" content=\"summary_large_image\" \/>\n<script type=\"application\/ld+json\" class=\"yoast-schema-graph\">{\"@context\":\"https:\/\/schema.org\",\"@graph\":[{\"@type\":\"WebPage\",\"@id\":\"https:\/\/dutchmicrodosing.com\/es\/setas-alucinogenas\/kits-de-cultivo-fresh-mushrooms\/colombiano-xp\/\",\"url\":\"https:\/\/dutchmicrodosing.com\/es\/setas-alucinogenas\/kits-de-cultivo-fresh-mushrooms\/colombiano-xp\/\",\"name\":\"XP colombiana - Dutchmicrodosing\",\"isPartOf\":{\"@id\":\"https:\/\/dutchmicrodosing.com\/es\/#website\"},\"primaryImageOfPage\":{\"@id\":\"https:\/\/dutchmicrodosing.com\/es\/setas-alucinogenas\/kits-de-cultivo-fresh-mushrooms\/colombiano-xp\/#primaryimage\"},\"image\":{\"@id\":\"https:\/\/dutchmicrodosing.com\/es\/setas-alucinogenas\/kits-de-cultivo-fresh-mushrooms\/colombiano-xp\/#primaryimage\"},\"thumbnailUrl\":\"https:\/\/dutchmicrodosing.com\/wp-content\/uploads\/2021\/02\/Colombian.jpg\",\"datePublished\":\"2021-02-21T09:24:30+00:00\",\"dateModified\":\"2025-11-20T14:58:42+00:00\",\"description\":\"La Psilocybe cubensis 'Colombian' es adorada por su fuerte efecto, f\u00e1cil cultivo y abundante producci\u00f3n. El primero que encontrar\u00e1s en Columbia. Tambi\u00e9n se le conoce como \\\"seta social\\\" porque proporciona m\u00e1s interacci\u00f3n social a la mayor\u00eda de los individuos.\",\"breadcrumb\":{\"@id\":\"https:\/\/dutchmicrodosing.com\/es\/setas-alucinogenas\/kits-de-cultivo-fresh-mushrooms\/colombiano-xp\/#breadcrumb\"},\"inLanguage\":\"es\",\"potentialAction\":[{\"@type\":\"ReadAction\",\"target\":[\"https:\/\/dutchmicrodosing.com\/es\/setas-alucinogenas\/kits-de-cultivo-fresh-mushrooms\/colombiano-xp\/\"]}]},{\"@type\":\"ImageObject\",\"inLanguage\":\"es\",\"@id\":\"https:\/\/dutchmicrodosing.com\/es\/setas-alucinogenas\/kits-de-cultivo-fresh-mushrooms\/colombiano-xp\/#primaryimage\",\"url\":\"https:\/\/dutchmicrodosing.com\/wp-content\/uploads\/2021\/02\/Colombian.jpg\",\"contentUrl\":\"https:\/\/dutchmicrodosing.com\/wp-content\/uploads\/2021\/02\/Colombian.jpg\",\"width\":500,\"height\":500},{\"@type\":\"BreadcrumbList\",\"@id\":\"https:\/\/dutchmicrodosing.com\/es\/setas-alucinogenas\/kits-de-cultivo-fresh-mushrooms\/colombiano-xp\/#breadcrumb\",\"itemListElement\":[{\"@type\":\"ListItem\",\"position\":1,\"name\":\"Home\",\"item\":\"https:\/\/dutchmicrodosing.com\/es\/\"},{\"@type\":\"ListItem\",\"position\":2,\"name\":\"Tienda\",\"item\":\"https:\/\/dutchmicrodosing.com\/es\/tienda\/\"},{\"@type\":\"ListItem\",\"position\":3,\"name\":\"XP colombiana\"}]},{\"@type\":\"WebSite\",\"@id\":\"https:\/\/dutchmicrodosing.com\/es\/#website\",\"url\":\"https:\/\/dutchmicrodosing.com\/es\/\",\"name\":\"Dutchmicrodosing\",\"description\":\"\",\"publisher\":{\"@id\":\"https:\/\/dutchmicrodosing.com\/es\/#organization\"},\"potentialAction\":[{\"@type\":\"SearchAction\",\"target\":{\"@type\":\"EntryPoint\",\"urlTemplate\":\"https:\/\/dutchmicrodosing.com\/es\/?s={search_term_string}\"},\"query-input\":{\"@type\":\"PropertyValueSpecification\",\"valueRequired\":true,\"valueName\":\"search_term_string\"}}],\"inLanguage\":\"es\"},{\"@type\":\"Organization\",\"@id\":\"https:\/\/dutchmicrodosing.com\/es\/#organization\",\"name\":\"Dutchmicrodosing\",\"url\":\"https:\/\/dutchmicrodosing.com\/es\/\",\"logo\":{\"@type\":\"ImageObject\",\"inLanguage\":\"es\",\"@id\":\"https:\/\/dutchmicrodosing.com\/es\/#\/schema\/logo\/image\/\",\"url\":\"https:\/\/dutchmicrodosing.com\/wp-content\/uploads\/2021\/01\/microdosing-categorie-pic-nieuw.jpg\",\"contentUrl\":\"https:\/\/dutchmicrodosing.com\/wp-content\/uploads\/2021\/01\/microdosing-categorie-pic-nieuw.jpg\",\"width\":500,\"height\":500,\"caption\":\"Dutchmicrodosing\"},\"image\":{\"@id\":\"https:\/\/dutchmicrodosing.com\/es\/#\/schema\/logo\/image\/\"},\"sameAs\":[\"https:\/\/www.facebook.com\/Dutchmicrodosingxp\/\",\"https:\/\/www.instagram.com\/dutchmicrodosing\/\"]}]}<\/script>\n<meta property=\"product:price:amount\" content=\"39.95\" \/>\n<meta property=\"product:price:currency\" content=\"EUR\" \/>\n<meta property=\"og:availability\" content=\"instock\" \/>\n<meta property=\"product:availability\" content=\"instock\" \/>\n<meta property=\"product:retailer_item_id\" content=\"0208224\" \/>\n<meta property=\"product:condition\" content=\"new\" \/>\n<!-- \/ Yoast SEO Premium plugin. -->","yoast_head_json":{"title":"XP colombiana - Dutchmicrodosing","description":"La Psilocybe cubensis 'Colombian' es adorada por su fuerte efecto, f\u00e1cil cultivo y abundante producci\u00f3n. El primero que encontrar\u00e1s en Columbia. Tambi\u00e9n se le conoce como \"seta social\" porque proporciona m\u00e1s interacci\u00f3n social a la mayor\u00eda de los individuos.","robots":{"index":"index","follow":"follow","max-snippet":"max-snippet:-1","max-image-preview":"max-image-preview:large","max-video-preview":"max-video-preview:-1"},"canonical":"https:\/\/dutchmicrodosing.com\/es\/setas-alucinogenas\/kits-de-cultivo-fresh-mushrooms\/colombiano-xp\/","og_locale":"es_ES","og_type":"article","og_title":"XP colombiana","og_description":"Para un viaje especial y espiritual se acaba autom\u00e1ticamente con la seta colombiana Fresh Mushrooms. Tienen mucho que ense\u00f1arte, as\u00ed que si tienes la","og_url":"https:\/\/dutchmicrodosing.com\/es\/setas-alucinogenas\/kits-de-cultivo-fresh-mushrooms\/colombiano-xp\/","og_site_name":"Dutchmicrodosing","article_publisher":"https:\/\/www.facebook.com\/Dutchmicrodosingxp\/","article_modified_time":"2025-11-20T14:58:42+00:00","og_image":[{"width":500,"height":500,"url":"https:\/\/dutchmicrodosing.com\/wp-content\/uploads\/2021\/02\/Colombian.jpg","type":"image\/jpeg"}],"twitter_card":"summary_large_image","schema":{"@context":"https:\/\/schema.org","@graph":[{"@type":"WebPage","@id":"https:\/\/dutchmicrodosing.com\/es\/setas-alucinogenas\/kits-de-cultivo-fresh-mushrooms\/colombiano-xp\/","url":"https:\/\/dutchmicrodosing.com\/es\/setas-alucinogenas\/kits-de-cultivo-fresh-mushrooms\/colombiano-xp\/","name":"XP colombiana - Dutchmicrodosing","isPartOf":{"@id":"https:\/\/dutchmicrodosing.com\/es\/#website"},"primaryImageOfPage":{"@id":"https:\/\/dutchmicrodosing.com\/es\/setas-alucinogenas\/kits-de-cultivo-fresh-mushrooms\/colombiano-xp\/#primaryimage"},"image":{"@id":"https:\/\/dutchmicrodosing.com\/es\/setas-alucinogenas\/kits-de-cultivo-fresh-mushrooms\/colombiano-xp\/#primaryimage"},"thumbnailUrl":"https:\/\/dutchmicrodosing.com\/wp-content\/uploads\/2021\/02\/Colombian.jpg","datePublished":"2021-02-21T09:24:30+00:00","dateModified":"2025-11-20T14:58:42+00:00","description":"La Psilocybe cubensis 'Colombian' es adorada por su fuerte efecto, f\u00e1cil cultivo y abundante producci\u00f3n. El primero que encontrar\u00e1s en Columbia. Tambi\u00e9n se le conoce como \"seta social\" porque proporciona m\u00e1s interacci\u00f3n social a la mayor\u00eda de los individuos.","breadcrumb":{"@id":"https:\/\/dutchmicrodosing.com\/es\/setas-alucinogenas\/kits-de-cultivo-fresh-mushrooms\/colombiano-xp\/#breadcrumb"},"inLanguage":"es","potentialAction":[{"@type":"ReadAction","target":["https:\/\/dutchmicrodosing.com\/es\/setas-alucinogenas\/kits-de-cultivo-fresh-mushrooms\/colombiano-xp\/"]}]},{"@type":"ImageObject","inLanguage":"es","@id":"https:\/\/dutchmicrodosing.com\/es\/setas-alucinogenas\/kits-de-cultivo-fresh-mushrooms\/colombiano-xp\/#primaryimage","url":"https:\/\/dutchmicrodosing.com\/wp-content\/uploads\/2021\/02\/Colombian.jpg","contentUrl":"https:\/\/dutchmicrodosing.com\/wp-content\/uploads\/2021\/02\/Colombian.jpg","width":500,"height":500},{"@type":"BreadcrumbList","@id":"https:\/\/dutchmicrodosing.com\/es\/setas-alucinogenas\/kits-de-cultivo-fresh-mushrooms\/colombiano-xp\/#breadcrumb","itemListElement":[{"@type":"ListItem","position":1,"name":"Home","item":"https:\/\/dutchmicrodosing.com\/es\/"},{"@type":"ListItem","position":2,"name":"Tienda","item":"https:\/\/dutchmicrodosing.com\/es\/tienda\/"},{"@type":"ListItem","position":3,"name":"XP colombiana"}]},{"@type":"WebSite","@id":"https:\/\/dutchmicrodosing.com\/es\/#website","url":"https:\/\/dutchmicrodosing.com\/es\/","name":"Dutchmicrodosing","description":"","publisher":{"@id":"https:\/\/dutchmicrodosing.com\/es\/#organization"},"potentialAction":[{"@type":"SearchAction","target":{"@type":"EntryPoint","urlTemplate":"https:\/\/dutchmicrodosing.com\/es\/?s={search_term_string}"},"query-input":{"@type":"PropertyValueSpecification","valueRequired":true,"valueName":"search_term_string"}}],"inLanguage":"es"},{"@type":"Organization","@id":"https:\/\/dutchmicrodosing.com\/es\/#organization","name":"Dutchmicrodosing","url":"https:\/\/dutchmicrodosing.com\/es\/","logo":{"@type":"ImageObject","inLanguage":"es","@id":"https:\/\/dutchmicrodosing.com\/es\/#\/schema\/logo\/image\/","url":"https:\/\/dutchmicrodosing.com\/wp-content\/uploads\/2021\/01\/microdosing-categorie-pic-nieuw.jpg","contentUrl":"https:\/\/dutchmicrodosing.com\/wp-content\/uploads\/2021\/01\/microdosing-categorie-pic-nieuw.jpg","width":500,"height":500,"caption":"Dutchmicrodosing"},"image":{"@id":"https:\/\/dutchmicrodosing.com\/es\/#\/schema\/logo\/image\/"},"sameAs":["https:\/\/www.facebook.com\/Dutchmicrodosingxp\/","https:\/\/www.instagram.com\/dutchmicrodosing\/"]}]},"product_price_amount":"39.95","product_price_currency":"EUR","og_availability":"instock","product_availability":"instock","product_retailer_item_id":"0208224","product_condition":"new"},"_links":{"self":[{"href":"https:\/\/dutchmicrodosing.com\/es\/wp-json\/wp\/v2\/product\/5372","targetHints":{"allow":["GET"]}}],"collection":[{"href":"https:\/\/dutchmicrodosing.com\/es\/wp-json\/wp\/v2\/product"}],"about":[{"href":"https:\/\/dutchmicrodosing.com\/es\/wp-json\/wp\/v2\/types\/product"}],"replies":[{"embeddable":true,"href":"https:\/\/dutchmicrodosing.com\/es\/wp-json\/wp\/v2\/comments?post=5372"}],"version-history":[{"count":1,"href":"https:\/\/dutchmicrodosing.com\/es\/wp-json\/wp\/v2\/product\/5372\/revisions"}],"predecessor-version":[{"id":62668,"href":"https:\/\/dutchmicrodosing.com\/es\/wp-json\/wp\/v2\/product\/5372\/revisions\/62668"}],"wp:featuredmedia":[{"embeddable":true,"href":"https:\/\/dutchmicrodosing.com\/es\/wp-json\/wp\/v2\/media\/3576"}],"wp:attachment":[{"href":"https:\/\/dutchmicrodosing.com\/es\/wp-json\/wp\/v2\/media?parent=5372"}],"wp:term":[{"taxonomy":"product_brand","embeddable":true,"href":"https:\/\/dutchmicrodosing.com\/es\/wp-json\/wp\/v2\/product_brand?post=5372"},{"taxonomy":"product_cat","embeddable":true,"href":"https:\/\/dutchmicrodosing.com\/es\/wp-json\/wp\/v2\/product_cat?post=5372"},{"taxonomy":"product_tag","embeddable":true,"href":"https:\/\/dutchmicrodosing.com\/es\/wp-json\/wp\/v2\/product_tag?post=5372"}],"curies":[{"name":"wp","href":"https:\/\/api.w.org\/{rel}","templated":true}]}}