{"id":5373,"date":"2021-02-21T10:23:40","date_gmt":"2021-05-07T19:30:32","guid":{"rendered":"https:\/\/dutchmicrodosing.com\/shop\/sin%20categor\u00eda\/b-xp\/"},"modified":"2024-01-16T16:03:40","modified_gmt":"2024-01-16T15:03:40","slug":"b-xp","status":"publish","type":"product","link":"https:\/\/dutchmicrodosing.com\/es\/setas-alucinogenas\/kits-de-cultivo-fresh-mushrooms\/b-xp\/","title":{"rendered":"B+ XP"},"content":{"rendered":"<p>Con un kit de cultivo de Freshmushrooms puedes cultivar f\u00e1cilmente setas B+ en casa. Estos hongos llegan a ser relativamente grandes, de hasta 30 cm de altura. Esta es tambi\u00e9n la raz\u00f3n por la que es una de las especies m\u00e1s populares. Esto tambi\u00e9n puede deberse a que no tendr\u00e1s tantas n\u00e1useas despu\u00e9s de comer, lo que puede ocurrir con otras setas m\u00e1gicas. As\u00ed que empieza a cultivar y disfruta del viaje especial y espiritual que puedes conseguir con el hongo B+.<\/p>\n<h2>Cultivo de setas B+<\/h2>\n<p>Si quieres comprar un <strong>kit de cultivo de Fresh Mushrooms B+<\/strong>, puede que te preguntes si eres apto para cultivar setas m\u00e1gicas. La mayor\u00eda de la gente que empieza esto no sabe nada. Pero estos kits de cultivo son muy f\u00e1ciles de usar. No necesitas ninguna habilidad especial para ello, as\u00ed que t\u00fa tambi\u00e9n puedes hacerlo. Y no hay nada m\u00e1s divertido que ver crecer tus propias setas.<\/p>\n<p>Y pueden crecer, el B+. Son poco exigentes: no les impresionan las fluctuaciones de temperatura ni un nivel de humedad m\u00e1s bajo. Es una especie resistente. Le sorprender\u00e1 su llamativo h\u00e1bito de crecimiento. Pueden crecer hasta 35 cm de altura. Los sombreros tienen el color del caramelo y la anchura media es de 2,5 a 7 cm. Eso es bastante grande comparado con otros hongos m\u00e1gicos.<\/p>\n<h2>Kit de cultivo manual B+<\/h2>\n<p><a href=\"https:\/\/dutchmicrodosing.com\/es\/growkit_manual\/\">Descargue aqu\u00ed : Manual del kit de cultivo de setas frescas<\/a><\/p>\n<ol>\n<li>Saca el kit de cultivo, la bolsa de pl\u00e1stico y el clip de la caja. Retire la tapa del juego de cultivo (guarde la tapa en un lugar seguro). Aclare la tapa bajo el grifo. Lo necesitar\u00e1s de nuevo m\u00e1s adelante.<\/li>\n<li>Coloque el juego de cultivo sin tapa en la bolsa de pl\u00e1stico suministrada. Deslice la apertura de la bolsa bajo el fondo con la microperforaci\u00f3n hacia arriba. La apertura de la bolsa ya est\u00e1 pr\u00e1cticamente cerrada. No hay que preocuparse por la circulaci\u00f3n del aire.<\/li>\n<li>En cuanto veas que crecen bolitas, puedes empezar a poner la bolsa en posici\u00f3n vertical. No regar. Los primeros hongos ser\u00e1n visibles despu\u00e9s de una semana aproximadamente.<\/li>\n<li>Coloque el set de cultivo en una zona con suficiente luz natural y a una temperatura de entre 18 \u00b0C y 28 \u00b0C. NUNCA coloque el set de cultivo a la luz directa del sol. Aunque los hongos crecen a casi cualquier temperatura por encima de los 15 \u00b0C, 23 \u00b0C es la temperatura ideal para una cosecha \u00f3ptima. Existen alfombras t\u00e9rmicas especiales para garantizar esta temperatura y no tener que calentar toda la habitaci\u00f3n.<\/li>\n<li>A partir de este momento, deje la bolsa ligeramente abierta todo el tiempo, para que la humedad pueda evaporarse un poco. Un exceso de humedad no es bueno. Su primera cosecha ser\u00e1 aproximadamente una semana despu\u00e9s de la aparici\u00f3n de los primeros bulbos. Aseg\u00farate de cosechar antes de que empiecen a caer las primeras esporas.<\/li>\n<li>Estos conjuntos producen m\u00faltiples cosechas de setas. Para ello, llene el kit con agua limpia del grifo despu\u00e9s de la primera cosecha. Este proceso se conoce como choque de fr\u00edo y da nueva vida al micelio y asegura que haya suficiente humedad para que los hongos crezcan.<\/li>\n<li>Vuelva a colocar la tapa del kit de cultivo. Dejar reposar el conjunto durante 12 horas. Abra una esquina de la tapa y deje que el exceso de agua se escurra. A partir de aqu\u00ed puedes volver a seguir las instrucciones del paso 1. Este proceso puede repetirse varias veces.<\/li>\n<\/ol>\n<div>\n<h2>La cosecha:<\/h2>\n<p>Los kits de cultivo de Freshmushrooms producen su primera cosecha con bastante rapidez. Despu\u00e9s de una semana, los primeros brotes ya son visibles. Las temperaturas bajas y altas pueden ralentizar un poco este proceso de crecimiento. Una vez que los brotes son visibles, los hongos suelen tardar una semana en desarrollarse completamente.<\/p>\n<p>El momento de la cosecha es extremadamente importante. Cuando las membranas bajo los sombreros est\u00e1n todav\u00eda apretadas, pero corren el riesgo de reventar o aflojarse debido a la fuerza de los sombreros, es el momento de cosechar.<span style=\"text-decoration: underline;\"><br \/>\n<\/span><\/p>\n<h2>Rendimiento B+ 100% micelio kit de cultivo de setas m\u00e1gicas<\/h2>\n<p>Un kit de cultivo B+ 1200cc de Freshmushrooms proporciona una cosecha de entre 500g y 800g de setas frescas o 50-80g de setas secas.<\/p>\n<\/div>\n<h3>\u00bfCu\u00e1les son los efectos?<\/h3>\n<p>La experiencia con los hongos B+ es que el viaje suele ser c\u00e1lido y positivo. La gente tiene experiencias espirituales, de las que obtiene un mensaje positivo. Hay alucinaciones visuales, pero el viaje con esta seta es realmente agradable. Te sientes feliz, alegre y un poco so\u00f1ador. El efecto es relajante. El B+ es adecuado para su uso en diversas condiciones. A continuaci\u00f3n se indican los efectos m\u00e1s frecuentes:<\/p>\n<ul>\n<li>Relajante<\/li>\n<li>Satisfacci\u00f3n<\/li>\n<li>Patadas de risa<\/li>\n<li>Experiencias espirituales<\/li>\n<li>Efectos visuales (fuerza media)<\/li>\n<li>M\u00e1s creatividad<\/li>\n<li>Ver colores intensos<\/li>\n<li>Trabajado, feliz<\/li>\n<\/ul>\n<p>Se sabe que el uso de setas m\u00e1gicas puede inducir n\u00e1useas. A veces incluso vomitas. Uno de los beneficios de las setas frescas B+ es que las n\u00e1useas son menos fuertes y son mejor toleradas por la mayor\u00eda de las personas.<\/p>\n<h3>Consejos para la dosificaci\u00f3n<\/h3>\n<p>Es prudente ser cauteloso con la dosificaci\u00f3n de las setas m\u00e1gicas, especialmente si no se tiene experiencia. A la hora de elegir la dosis adecuada, debes tener en cuenta el tipo de viaje que deseas (cuantas m\u00e1s setas tomes, m\u00e1s intenso ser\u00e1 el viaje), tu propia experiencia y tu peso corporal. Con el est\u00f3mago vac\u00edo los hongos tendr\u00e1n m\u00e1s efecto r\u00e1pidamente que cuando se ha comido algo. A continuaci\u00f3n se indican las instrucciones de dosificaci\u00f3n:<\/p>\n<ul>\n<li>Microdosificaci\u00f3n: 0,2 gramos de setas secas | 2 gramos de setas frescas<\/li>\n<li>Viaje suave: 1 gramo de setas secas | 9 gramos de setas frescas<\/li>\n<li>Viaje normal: 2 gramos de setas secas | 21 gramos de setas frescas<\/li>\n<li>Viaje intenso: 3,5 gramos de setas secas | 35 gramos de setas frescas<\/li>\n<\/ul>\n<h3>Instrucciones de uso de las setas m\u00e1gicas<\/h3>\n<p>Viajar es una experiencia especial. A algunas personas les gusta hacerlo solas, otras juntas. Si es la primera vez que tomas setas, lo mejor es que lo hagas junto a un tripsitter. Es alguien que no consume nada (incluido el alcohol) y te vigila. De este modo, puedes entregarte con seguridad a la experiencia y estar abierto a lo que la seta te traiga, pero sabiendo que al menos alguien est\u00e1 ah\u00ed para ayudarte si lo necesitas. Adem\u00e1s, siempre es \u00fatil un tap\u00f3n de viaje.<\/p>\n<h2>Compre en l\u00ednea su kit de cultivo de setas 100% Mycelium B+<\/h2>\n<p>Al comprar su kit de cultivo de setas B+ en l\u00ednea, se asegura de tener un kit de cultivo de alta calidad, que le dar\u00e1 un gran rendimiento. En el paquete encontrar\u00e1 todo lo que necesita para ayudar a que sus setas crezcan. P\u00eddalo ahora y tendr\u00e1 su paquete en poco tiempo.<\/p>\n","protected":false},"excerpt":{"rendered":"<p>Con un kit de cultivo de Freshmushrooms puedes cultivar f\u00e1cilmente setas B+ en casa. Estos hongos llegan a ser relativamente grandes, de hasta 30 cm de altura. Esta es tambi\u00e9n la raz\u00f3n por la que es una de las especies m\u00e1s populares. Esto tambi\u00e9n puede deberse a que no tendr\u00e1s tantas n\u00e1useas despu\u00e9s de comer, [&hellip;]<\/p>\n","protected":false},"featured_media":3568,"comment_status":"open","ping_status":"closed","template":"","meta":[],"product_brand":[],"product_cat":[139],"product_tag":[],"class_list":{"0":"post-5373","1":"product","2":"type-product","3":"status-publish","4":"has-post-thumbnail","6":"product_cat-kits-de-cultivo-fresh-mushrooms","8":"first","9":"instock","10":"taxable","11":"shipping-taxable","12":"purchasable","13":"product-type-simple"},"yoast_head":"<!-- This site is optimized with the Yoast SEO Premium plugin v26.4 (Yoast SEO v27.4) - https:\/\/yoast.com\/product\/yoast-seo-premium-wordpress\/ -->\n<title>Compre en l\u00ednea su kit de cultivo de setas 100% Mycelium B+<\/title>\n<meta name=\"description\" content=\"Al comprar su kit de cultivo de setas B+ en l\u00ednea, se asegura de tener un kit de cultivo de alta calidad, que le dar\u00e1 un gran rendimiento.\" \/>\n<meta name=\"robots\" content=\"index, follow, max-snippet:-1, max-image-preview:large, max-video-preview:-1\" \/>\n<link rel=\"canonical\" href=\"https:\/\/dutchmicrodosing.com\/es\/setas-alucinogenas\/kits-de-cultivo-fresh-mushrooms\/b-xp\/\" \/>\n<meta property=\"og:locale\" content=\"es_ES\" \/>\n<meta property=\"og:type\" content=\"article\" \/>\n<meta property=\"og:title\" content=\"B+ XP\" \/>\n<meta property=\"og:description\" content=\"Con un kit de cultivo de Freshmushrooms puedes cultivar f\u00e1cilmente setas B+ en casa. Estos hongos llegan a ser relativamente grandes, de hasta 30 cm de\" \/>\n<meta property=\"og:url\" content=\"https:\/\/dutchmicrodosing.com\/es\/setas-alucinogenas\/kits-de-cultivo-fresh-mushrooms\/b-xp\/\" \/>\n<meta property=\"og:site_name\" content=\"Dutchmicrodosing\" \/>\n<meta property=\"article:publisher\" content=\"https:\/\/www.facebook.com\/Dutchmicrodosingxp\/\" \/>\n<meta property=\"article:modified_time\" content=\"2024-01-16T15:03:40+00:00\" \/>\n<meta property=\"og:image\" content=\"https:\/\/dutchmicrodosing.com\/wp-content\/uploads\/2021\/02\/B-xp.jpg\" \/>\n\t<meta property=\"og:image:width\" content=\"500\" \/>\n\t<meta property=\"og:image:height\" content=\"500\" \/>\n\t<meta property=\"og:image:type\" content=\"image\/jpeg\" \/>\n<meta name=\"twitter:card\" content=\"summary_large_image\" \/>\n<script type=\"application\/ld+json\" class=\"yoast-schema-graph\">{\"@context\":\"https:\\\/\\\/schema.org\",\"@graph\":[{\"@type\":\"WebPage\",\"@id\":\"https:\\\/\\\/dutchmicrodosing.com\\\/es\\\/setas-alucinogenas\\\/kits-de-cultivo-fresh-mushrooms\\\/b-xp\\\/\",\"url\":\"https:\\\/\\\/dutchmicrodosing.com\\\/es\\\/setas-alucinogenas\\\/kits-de-cultivo-fresh-mushrooms\\\/b-xp\\\/\",\"name\":\"Compre en l\u00ednea su kit de cultivo de setas 100% Mycelium B+\",\"isPartOf\":{\"@id\":\"https:\\\/\\\/dutchmicrodosing.com\\\/es\\\/#website\"},\"primaryImageOfPage\":{\"@id\":\"https:\\\/\\\/dutchmicrodosing.com\\\/es\\\/setas-alucinogenas\\\/kits-de-cultivo-fresh-mushrooms\\\/b-xp\\\/#primaryimage\"},\"image\":{\"@id\":\"https:\\\/\\\/dutchmicrodosing.com\\\/es\\\/setas-alucinogenas\\\/kits-de-cultivo-fresh-mushrooms\\\/b-xp\\\/#primaryimage\"},\"thumbnailUrl\":\"https:\\\/\\\/dutchmicrodosing.com\\\/wp-content\\\/uploads\\\/2021\\\/02\\\/B-xp.jpg\",\"datePublished\":\"2021-05-07T19:30:32+00:00\",\"dateModified\":\"2024-01-16T15:03:40+00:00\",\"description\":\"Al comprar su kit de cultivo de setas B+ en l\u00ednea, se asegura de tener un kit de cultivo de alta calidad, que le dar\u00e1 un gran rendimiento.\",\"breadcrumb\":{\"@id\":\"https:\\\/\\\/dutchmicrodosing.com\\\/es\\\/setas-alucinogenas\\\/kits-de-cultivo-fresh-mushrooms\\\/b-xp\\\/#breadcrumb\"},\"inLanguage\":\"es\",\"potentialAction\":[{\"@type\":\"ReadAction\",\"target\":[\"https:\\\/\\\/dutchmicrodosing.com\\\/es\\\/setas-alucinogenas\\\/kits-de-cultivo-fresh-mushrooms\\\/b-xp\\\/\"]}]},{\"@type\":\"ImageObject\",\"inLanguage\":\"es\",\"@id\":\"https:\\\/\\\/dutchmicrodosing.com\\\/es\\\/setas-alucinogenas\\\/kits-de-cultivo-fresh-mushrooms\\\/b-xp\\\/#primaryimage\",\"url\":\"https:\\\/\\\/dutchmicrodosing.com\\\/wp-content\\\/uploads\\\/2021\\\/02\\\/B-xp.jpg\",\"contentUrl\":\"https:\\\/\\\/dutchmicrodosing.com\\\/wp-content\\\/uploads\\\/2021\\\/02\\\/B-xp.jpg\",\"width\":500,\"height\":500},{\"@type\":\"BreadcrumbList\",\"@id\":\"https:\\\/\\\/dutchmicrodosing.com\\\/es\\\/setas-alucinogenas\\\/kits-de-cultivo-fresh-mushrooms\\\/b-xp\\\/#breadcrumb\",\"itemListElement\":[{\"@type\":\"ListItem\",\"position\":1,\"name\":\"Home\",\"item\":\"https:\\\/\\\/dutchmicrodosing.com\\\/es\\\/\"},{\"@type\":\"ListItem\",\"position\":2,\"name\":\"Tienda\",\"item\":\"https:\\\/\\\/dutchmicrodosing.com\\\/es\\\/tienda\\\/\"},{\"@type\":\"ListItem\",\"position\":3,\"name\":\"B+ XP\"}]},{\"@type\":\"WebSite\",\"@id\":\"https:\\\/\\\/dutchmicrodosing.com\\\/es\\\/#website\",\"url\":\"https:\\\/\\\/dutchmicrodosing.com\\\/es\\\/\",\"name\":\"Dutchmicrodosing\",\"description\":\"\",\"publisher\":{\"@id\":\"https:\\\/\\\/dutchmicrodosing.com\\\/es\\\/#organization\"},\"potentialAction\":[{\"@type\":\"SearchAction\",\"target\":{\"@type\":\"EntryPoint\",\"urlTemplate\":\"https:\\\/\\\/dutchmicrodosing.com\\\/es\\\/?s={search_term_string}\"},\"query-input\":{\"@type\":\"PropertyValueSpecification\",\"valueRequired\":true,\"valueName\":\"search_term_string\"}}],\"inLanguage\":\"es\"},{\"@type\":\"Organization\",\"@id\":\"https:\\\/\\\/dutchmicrodosing.com\\\/es\\\/#organization\",\"name\":\"Dutchmicrodosing\",\"url\":\"https:\\\/\\\/dutchmicrodosing.com\\\/es\\\/\",\"logo\":{\"@type\":\"ImageObject\",\"inLanguage\":\"es\",\"@id\":\"https:\\\/\\\/dutchmicrodosing.com\\\/es\\\/#\\\/schema\\\/logo\\\/image\\\/\",\"url\":\"https:\\\/\\\/dutchmicrodosing.com\\\/wp-content\\\/uploads\\\/2021\\\/01\\\/microdosing-categorie-pic-nieuw.jpg\",\"contentUrl\":\"https:\\\/\\\/dutchmicrodosing.com\\\/wp-content\\\/uploads\\\/2021\\\/01\\\/microdosing-categorie-pic-nieuw.jpg\",\"width\":500,\"height\":500,\"caption\":\"Dutchmicrodosing\"},\"image\":{\"@id\":\"https:\\\/\\\/dutchmicrodosing.com\\\/es\\\/#\\\/schema\\\/logo\\\/image\\\/\"},\"sameAs\":[\"https:\\\/\\\/www.facebook.com\\\/Dutchmicrodosingxp\\\/\",\"https:\\\/\\\/www.instagram.com\\\/dutchmicrodosing\\\/\"]}]}<\/script>\n<meta property=\"product:price:amount\" content=\"39.95\" \/>\n<meta property=\"product:price:currency\" content=\"EUR\" \/>\n<meta property=\"og:availability\" content=\"instock\" \/>\n<meta property=\"product:availability\" content=\"instock\" \/>\n<meta property=\"product:retailer_item_id\" content=\"0208751\" \/>\n<meta property=\"product:condition\" content=\"new\" \/>\n<!-- \/ Yoast SEO Premium plugin. -->","yoast_head_json":{"title":"Compre en l\u00ednea su kit de cultivo de setas 100% Mycelium B+","description":"Al comprar su kit de cultivo de setas B+ en l\u00ednea, se asegura de tener un kit de cultivo de alta calidad, que le dar\u00e1 un gran rendimiento.","robots":{"index":"index","follow":"follow","max-snippet":"max-snippet:-1","max-image-preview":"max-image-preview:large","max-video-preview":"max-video-preview:-1"},"canonical":"https:\/\/dutchmicrodosing.com\/es\/setas-alucinogenas\/kits-de-cultivo-fresh-mushrooms\/b-xp\/","og_locale":"es_ES","og_type":"article","og_title":"B+ XP","og_description":"Con un kit de cultivo de Freshmushrooms puedes cultivar f\u00e1cilmente setas B+ en casa. Estos hongos llegan a ser relativamente grandes, de hasta 30 cm de","og_url":"https:\/\/dutchmicrodosing.com\/es\/setas-alucinogenas\/kits-de-cultivo-fresh-mushrooms\/b-xp\/","og_site_name":"Dutchmicrodosing","article_publisher":"https:\/\/www.facebook.com\/Dutchmicrodosingxp\/","article_modified_time":"2024-01-16T15:03:40+00:00","og_image":[{"width":500,"height":500,"url":"https:\/\/dutchmicrodosing.com\/wp-content\/uploads\/2021\/02\/B-xp.jpg","type":"image\/jpeg"}],"twitter_card":"summary_large_image","schema":{"@context":"https:\/\/schema.org","@graph":[{"@type":"WebPage","@id":"https:\/\/dutchmicrodosing.com\/es\/setas-alucinogenas\/kits-de-cultivo-fresh-mushrooms\/b-xp\/","url":"https:\/\/dutchmicrodosing.com\/es\/setas-alucinogenas\/kits-de-cultivo-fresh-mushrooms\/b-xp\/","name":"Compre en l\u00ednea su kit de cultivo de setas 100% Mycelium B+","isPartOf":{"@id":"https:\/\/dutchmicrodosing.com\/es\/#website"},"primaryImageOfPage":{"@id":"https:\/\/dutchmicrodosing.com\/es\/setas-alucinogenas\/kits-de-cultivo-fresh-mushrooms\/b-xp\/#primaryimage"},"image":{"@id":"https:\/\/dutchmicrodosing.com\/es\/setas-alucinogenas\/kits-de-cultivo-fresh-mushrooms\/b-xp\/#primaryimage"},"thumbnailUrl":"https:\/\/dutchmicrodosing.com\/wp-content\/uploads\/2021\/02\/B-xp.jpg","datePublished":"2021-05-07T19:30:32+00:00","dateModified":"2024-01-16T15:03:40+00:00","description":"Al comprar su kit de cultivo de setas B+ en l\u00ednea, se asegura de tener un kit de cultivo de alta calidad, que le dar\u00e1 un gran rendimiento.","breadcrumb":{"@id":"https:\/\/dutchmicrodosing.com\/es\/setas-alucinogenas\/kits-de-cultivo-fresh-mushrooms\/b-xp\/#breadcrumb"},"inLanguage":"es","potentialAction":[{"@type":"ReadAction","target":["https:\/\/dutchmicrodosing.com\/es\/setas-alucinogenas\/kits-de-cultivo-fresh-mushrooms\/b-xp\/"]}]},{"@type":"ImageObject","inLanguage":"es","@id":"https:\/\/dutchmicrodosing.com\/es\/setas-alucinogenas\/kits-de-cultivo-fresh-mushrooms\/b-xp\/#primaryimage","url":"https:\/\/dutchmicrodosing.com\/wp-content\/uploads\/2021\/02\/B-xp.jpg","contentUrl":"https:\/\/dutchmicrodosing.com\/wp-content\/uploads\/2021\/02\/B-xp.jpg","width":500,"height":500},{"@type":"BreadcrumbList","@id":"https:\/\/dutchmicrodosing.com\/es\/setas-alucinogenas\/kits-de-cultivo-fresh-mushrooms\/b-xp\/#breadcrumb","itemListElement":[{"@type":"ListItem","position":1,"name":"Home","item":"https:\/\/dutchmicrodosing.com\/es\/"},{"@type":"ListItem","position":2,"name":"Tienda","item":"https:\/\/dutchmicrodosing.com\/es\/tienda\/"},{"@type":"ListItem","position":3,"name":"B+ XP"}]},{"@type":"WebSite","@id":"https:\/\/dutchmicrodosing.com\/es\/#website","url":"https:\/\/dutchmicrodosing.com\/es\/","name":"Dutchmicrodosing","description":"","publisher":{"@id":"https:\/\/dutchmicrodosing.com\/es\/#organization"},"potentialAction":[{"@type":"SearchAction","target":{"@type":"EntryPoint","urlTemplate":"https:\/\/dutchmicrodosing.com\/es\/?s={search_term_string}"},"query-input":{"@type":"PropertyValueSpecification","valueRequired":true,"valueName":"search_term_string"}}],"inLanguage":"es"},{"@type":"Organization","@id":"https:\/\/dutchmicrodosing.com\/es\/#organization","name":"Dutchmicrodosing","url":"https:\/\/dutchmicrodosing.com\/es\/","logo":{"@type":"ImageObject","inLanguage":"es","@id":"https:\/\/dutchmicrodosing.com\/es\/#\/schema\/logo\/image\/","url":"https:\/\/dutchmicrodosing.com\/wp-content\/uploads\/2021\/01\/microdosing-categorie-pic-nieuw.jpg","contentUrl":"https:\/\/dutchmicrodosing.com\/wp-content\/uploads\/2021\/01\/microdosing-categorie-pic-nieuw.jpg","width":500,"height":500,"caption":"Dutchmicrodosing"},"image":{"@id":"https:\/\/dutchmicrodosing.com\/es\/#\/schema\/logo\/image\/"},"sameAs":["https:\/\/www.facebook.com\/Dutchmicrodosingxp\/","https:\/\/www.instagram.com\/dutchmicrodosing\/"]}]},"product_price_amount":"39.95","product_price_currency":"EUR","og_availability":"instock","product_availability":"instock","product_retailer_item_id":"0208751","product_condition":"new"},"_links":{"self":[{"href":"https:\/\/dutchmicrodosing.com\/es\/wp-json\/wp\/v2\/product\/5373","targetHints":{"allow":["GET"]}}],"collection":[{"href":"https:\/\/dutchmicrodosing.com\/es\/wp-json\/wp\/v2\/product"}],"about":[{"href":"https:\/\/dutchmicrodosing.com\/es\/wp-json\/wp\/v2\/types\/product"}],"replies":[{"embeddable":true,"href":"https:\/\/dutchmicrodosing.com\/es\/wp-json\/wp\/v2\/comments?post=5373"}],"version-history":[{"count":0,"href":"https:\/\/dutchmicrodosing.com\/es\/wp-json\/wp\/v2\/product\/5373\/revisions"}],"wp:featuredmedia":[{"embeddable":true,"href":"https:\/\/dutchmicrodosing.com\/es\/wp-json\/wp\/v2\/media\/3568"}],"wp:attachment":[{"href":"https:\/\/dutchmicrodosing.com\/es\/wp-json\/wp\/v2\/media?parent=5373"}],"wp:term":[{"taxonomy":"product_brand","embeddable":true,"href":"https:\/\/dutchmicrodosing.com\/es\/wp-json\/wp\/v2\/product_brand?post=5373"},{"taxonomy":"product_cat","embeddable":true,"href":"https:\/\/dutchmicrodosing.com\/es\/wp-json\/wp\/v2\/product_cat?post=5373"},{"taxonomy":"product_tag","embeddable":true,"href":"https:\/\/dutchmicrodosing.com\/es\/wp-json\/wp\/v2\/product_tag?post=5373"}],"curies":[{"name":"wp","href":"https:\/\/api.w.org\/{rel}","templated":true}]}}