{"id":5374,"date":"2021-02-21T10:22:35","date_gmt":"2021-02-21T09:22:35","guid":{"rendered":"https:\/\/dutchmicrodosing.com\/shop\/sin%20categor\u00eda\/mc-kennaii-xp\/"},"modified":"2025-11-20T15:04:51","modified_gmt":"2025-11-20T14:04:51","slug":"mc-kennaii-xp","status":"publish","type":"product","link":"https:\/\/dutchmicrodosing.com\/es\/setas-alucinogenas\/kits-de-cultivo-fresh-mushrooms\/mc-kennaii-xp\/","title":{"rendered":"Mc Kennaii XP"},"content":{"rendered":"<p>\u00bfHas estado tropezando antes y est\u00e1s acostumbrado a ello? Entonces quiz\u00e1 sea el momento de probar el <strong>hongo McKennaii<\/strong>. Estas setas m\u00e1gicas son conocidas por sus potentes e intensos efectos que sacudir\u00e1n tu mundo. Por lo tanto, este hongo m\u00e1gico s\u00f3lo es adecuado para usuarios experimentados. Es una de las setas m\u00e1gicas m\u00e1s fuertes de nuestro surtido.<\/p>\n<h2>Los fuertes efectos del hongo McKennaii<\/h2>\n<p>El hongo McKennaii le dar\u00e1 un viaje que no olvidar\u00e1 f\u00e1cilmente. Los potentes efectos visuales te llevan a un viaje fascinante. Este tipo de efectos puede ser genial, pero si nunca lo has experimentado antes, tambi\u00e9n puede asustarte. Por ello, nuestro consejo es que los pruebes s\u00f3lo cuando tengas algo m\u00e1s de experiencia.<\/p>\n<h2>\u00bfDe d\u00f3nde viene el McKennaii?<\/h2>\n<p>El hongo m\u00e1gico recibi\u00f3 su nombre en homenaje a un gran amante de las sustancias psicod\u00e9licas. Durante 25 a\u00f1os, el psiconauta estadounidense Terrence McKenna estudi\u00f3 el chamanismo y las herramientas que pod\u00edan ayudarles a realizar viajes espirituales.<\/p>\n<p>Le gustaba experimentar, por ejemplo con la ayahuasca y tambi\u00e9n con las setas m\u00e1gicas. Estaba convencido de los beneficios que las drogas psicod\u00e9licas pod\u00edan tener para el ser humano. McKennai ha impartido talleres y conferencias durante a\u00f1os y siempre ha defendido el uso responsable de los psicod\u00e9licos. Este poderoso hongo lleva su nombre por esa raz\u00f3n.<\/p>\n<p>Si va a cultivar estas hermosas setas usted mismo con el kit de cultivo de setas frescas, se dar\u00e1 cuenta de que son bastante resistentes. Pueden crecer en todo tipo de formas. Algunos son peque\u00f1os, otros son grandes. Sus sombreros pueden ser planos o redondos. Pero no te preocupes, la calidad y su poder m\u00e1gico no se ven mermados por ello.<\/p>\n<h2>\u00bfCu\u00e1les son los efectos de las setas McKennaii?<\/h2>\n<p>Un viaje en las setas McKennaii es muy visual. Las im\u00e1genes son visibles con los ojos abiertos, pero tambi\u00e9n con los ojos cerrados. Al mismo tiempo, tambi\u00e9n notar\u00e1s un impacto en tus pensamientos. Llegan a lo m\u00e1s profundo, como nunca antes. Te sientes filos\u00f3fico y te gusta compartir tus pensamientos con los dem\u00e1s. Las personas que tropiezan con esta seta son creativas. Tambi\u00e9n puede perder el sentido del tiempo y del espacio y sus sentidos se agudizan.<\/p>\n<p>El hongo McKennaii da un viaje intenso, as\u00ed que ten cuidado y s\u00f3lo ve a por \u00e9l si crees que puedes soportarlo.<\/p>\n<h2>Kit de cultivo manual Mckennaii<\/h2>\n<p><a href=\"https:\/\/dutchmicrodosing.com\/es\/growkit_manual\/\">Descargue aqu\u00ed : Manual del kit de cultivo de setas frescas<\/a><\/p>\n<ol>\n<li>Saca el kit de cultivo, la bolsa de pl\u00e1stico y el clip de la caja. Retire la tapa del juego de cultivo (guarde la tapa en un lugar seguro). Aclare la tapa bajo el grifo. Lo necesitar\u00e1s de nuevo m\u00e1s adelante.<\/li>\n<li>Coloque el juego de cultivo sin tapa en la bolsa de pl\u00e1stico suministrada. Deslice la apertura de la bolsa bajo el fondo con la microperforaci\u00f3n hacia arriba. La apertura de la bolsa ya est\u00e1 pr\u00e1cticamente cerrada. No hay que preocuparse por la circulaci\u00f3n del aire.<\/li>\n<li>En cuanto veas que crecen bolitas, puedes empezar a poner la bolsa en posici\u00f3n vertical. No regar. Los primeros hongos ser\u00e1n visibles despu\u00e9s de una semana aproximadamente.<\/li>\n<li>Coloque el set de cultivo en una zona con suficiente luz natural y a una temperatura de entre 18 \u00b0C y 28 \u00b0C. NUNCA coloque el set de cultivo a la luz directa del sol. Aunque los hongos crecen a casi cualquier temperatura por encima de los 15 \u00b0C, 23 \u00b0C es la temperatura ideal para una cosecha \u00f3ptima. Existen alfombras t\u00e9rmicas especiales para garantizar esta temperatura y no tener que calentar toda la habitaci\u00f3n.<\/li>\n<li>A partir de este momento, deje la bolsa ligeramente abierta todo el tiempo, para que la humedad pueda evaporarse un poco. Un exceso de humedad no es bueno. Su primera cosecha ser\u00e1 aproximadamente una semana despu\u00e9s de la aparici\u00f3n de los primeros bulbos. Aseg\u00farate de cosechar antes de que empiecen a caer las primeras esporas.<\/li>\n<li>Estos conjuntos producen m\u00faltiples cosechas de setas. Para ello, llene el kit con agua limpia del grifo despu\u00e9s de la primera cosecha. Este proceso se conoce como choque de fr\u00edo y da nueva vida al micelio y asegura que haya suficiente humedad para que los hongos crezcan.<\/li>\n<li>Vuelva a colocar la tapa del kit de cultivo. Dejar reposar el conjunto durante 12 horas. Abra una esquina de la tapa y deje que el exceso de agua se escurra. A partir de aqu\u00ed puedes volver a seguir las instrucciones del paso 1. Este proceso puede repetirse varias veces.<\/li>\n<\/ol>\n<h2>La cosecha:<\/h2>\n<p>Los kits de cultivo de Freshmushrooms producen su primera cosecha con bastante rapidez. Despu\u00e9s de una semana, los primeros brotes ya son visibles. Las temperaturas bajas y altas pueden ralentizar un poco este proceso de crecimiento. Una vez que los brotes son visibles, los hongos suelen tardar una semana en desarrollarse completamente.<\/p>\n<p>El momento de la cosecha es extremadamente importante. Cuando las membranas bajo los sombreros est\u00e1n todav\u00eda apretadas, pero corren el riesgo de reventar o aflojarse debido a la fuerza de los sombreros, es el momento de cosechar.<span style=\"text-decoration: underline;\"><br \/>\n<\/span><\/p>\n<h2>Rendimiento McKennaii 100% micelio setas m\u00e1gicas growkit<\/h2>\n<p>Un kit de cultivo Mckennaii 1200cc de Freshmushrooms da una cosecha de entre 500g y 800g de setas frescas o 50-80g de setas secas.<\/p>\n<h3>\u00bfCu\u00e1l es la dosis recomendada?<\/h3>\n<p>Setas frescas Las setas McKennaii pueden consumirse frescas, pero tambi\u00e9n secas. El efecto puede durar de 3 a 8 horas. La rapidez con la que se siente el efecto tambi\u00e9n depende de si se ha comido algo antes. Por lo general, es despu\u00e9s de media hora a una hora. Tambi\u00e9n se puede hacer un t\u00e9 con las setas. Hierve un poco de agua para el t\u00e9 de arroz, d\u00e9jala enfriar un rato y vi\u00e9rtela sobre las setas.<\/p>\n<p>Viaje suave: de 1 a 2 gramos de setas secas o de 12 a 24 gramos de setas frescas.<\/p>\n<p>Los psiconautas experimentados suelen saber c\u00f3mo reaccionan y pueden aguantar un poco m\u00e1s. Pero si no has tropezado antes con el McKennai, es mejor que tomes una cantidad menor. Utilice una balanza para medir con precisi\u00f3n la cantidad.<\/p>\n<h3>Preparar el viaje<\/h3>\n<p>\u00bfNecesita preparar su viaje? Esto tiene algunas ventajas: cuanto mejor te sientas en tu piel y a gusto, mejor ser\u00e1 tu viaje. Por lo tanto, es posible que quiera tomarse un momento para pensar en c\u00f3mo se siente, qui\u00e9n est\u00e1 presente en el viaje y d\u00f3nde lo va a hacer. Elige un lugar en el que te sientas c\u00f3modo y viaja s\u00f3lo con personas de confianza.<\/p>\n<p>Tambi\u00e9n es una buena idea organizar un tripsitter. Puede ser un buen amigo que se mantiene sobrio. As\u00ed, \u00e9l o ella no consumir\u00e1 drogas ni alcohol. Si el viaje resulta demasiado intenso, el tripsitter puede tranquilizarte. A menudo es diferente si hay alguien cerca que te diga que el viaje va a terminar. Tambi\u00e9n es una buena idea un tap\u00f3n de viaje.<\/p>\n<h2>Compre en l\u00ednea su kit de cultivo de Fresh Mushrooms McKennaii<\/h2>\n<p>\u00bfLe apetece un viaje tan impactante? Deja que el hongo m\u00e1gico McKennaii te lleve a lugares m\u00e1s altos. Ahora puedes cultivarlo f\u00e1cilmente en casa con un kit de cultivo de Fresh Mushrooms. Lo compras en nuestra tienda y te lo enviamos r\u00e1pidamente a casa en un embalaje neutro y seguro.<\/p>\n","protected":false},"excerpt":{"rendered":"<p>\u00bfHas estado tropezando antes y est\u00e1s acostumbrado a ello? Entonces quiz\u00e1 sea el momento de probar el hongo McKennaii. Estas setas m\u00e1gicas son conocidas por sus potentes e intensos efectos que sacudir\u00e1n tu mundo. Por lo tanto, este hongo m\u00e1gico s\u00f3lo es adecuado para usuarios experimentados. Es una de las setas m\u00e1gicas m\u00e1s fuertes de [&hellip;]<\/p>\n","protected":false},"featured_media":3592,"comment_status":"open","ping_status":"closed","template":"","meta":[],"product_brand":[],"product_cat":[139],"product_tag":[],"class_list":{"0":"post-5374","1":"product","2":"type-product","3":"status-publish","4":"has-post-thumbnail","6":"product_cat-kits-de-cultivo-fresh-mushrooms","8":"first","9":"instock","10":"taxable","11":"shipping-taxable","12":"purchasable","13":"product-type-simple"},"yoast_head":"<!-- This site is optimized with the Yoast SEO Premium plugin v26.4 (Yoast SEO v27.2) - https:\/\/yoast.com\/product\/yoast-seo-premium-wordpress\/ -->\n<title>Compre su growkit de setas frescas McKennaii online | Envasado discretamente<\/title>\n<meta name=\"description\" content=\"\u00bfLe apetece un viaje tan impactante? Deja que el hongo m\u00e1gico McKennaii te lleve a lugares m\u00e1s altos.\" \/>\n<meta name=\"robots\" content=\"index, follow, max-snippet:-1, max-image-preview:large, max-video-preview:-1\" \/>\n<link rel=\"canonical\" href=\"https:\/\/dutchmicrodosing.com\/es\/setas-alucinogenas\/kits-de-cultivo-fresh-mushrooms\/mc-kennaii-xp\/\" \/>\n<meta property=\"og:locale\" content=\"es_ES\" \/>\n<meta property=\"og:type\" content=\"article\" \/>\n<meta property=\"og:title\" content=\"Mc Kennaii XP\" \/>\n<meta property=\"og:description\" content=\"\u00bfHas estado tropezando antes y est\u00e1s acostumbrado a ello? Entonces quiz\u00e1 sea el momento de probar el hongo McKennaii. Estas setas m\u00e1gicas son conocidas\" \/>\n<meta property=\"og:url\" content=\"https:\/\/dutchmicrodosing.com\/es\/setas-alucinogenas\/kits-de-cultivo-fresh-mushrooms\/mc-kennaii-xp\/\" \/>\n<meta property=\"og:site_name\" content=\"Dutchmicrodosing\" \/>\n<meta property=\"article:publisher\" content=\"https:\/\/www.facebook.com\/Dutchmicrodosingxp\/\" \/>\n<meta property=\"article:modified_time\" content=\"2025-11-20T14:04:51+00:00\" \/>\n<meta property=\"og:image\" content=\"https:\/\/dutchmicrodosing.com\/wp-content\/uploads\/2021\/02\/Mckennaii.jpg\" \/>\n\t<meta property=\"og:image:width\" content=\"500\" \/>\n\t<meta property=\"og:image:height\" content=\"500\" \/>\n\t<meta property=\"og:image:type\" content=\"image\/jpeg\" \/>\n<meta name=\"twitter:card\" content=\"summary_large_image\" \/>\n<script type=\"application\/ld+json\" class=\"yoast-schema-graph\">{\"@context\":\"https:\/\/schema.org\",\"@graph\":[{\"@type\":\"WebPage\",\"@id\":\"https:\/\/dutchmicrodosing.com\/es\/setas-alucinogenas\/kits-de-cultivo-fresh-mushrooms\/mc-kennaii-xp\/\",\"url\":\"https:\/\/dutchmicrodosing.com\/es\/setas-alucinogenas\/kits-de-cultivo-fresh-mushrooms\/mc-kennaii-xp\/\",\"name\":\"Compre su growkit de setas frescas McKennaii online | Envasado discretamente\",\"isPartOf\":{\"@id\":\"https:\/\/dutchmicrodosing.com\/es\/#website\"},\"primaryImageOfPage\":{\"@id\":\"https:\/\/dutchmicrodosing.com\/es\/setas-alucinogenas\/kits-de-cultivo-fresh-mushrooms\/mc-kennaii-xp\/#primaryimage\"},\"image\":{\"@id\":\"https:\/\/dutchmicrodosing.com\/es\/setas-alucinogenas\/kits-de-cultivo-fresh-mushrooms\/mc-kennaii-xp\/#primaryimage\"},\"thumbnailUrl\":\"https:\/\/dutchmicrodosing.com\/wp-content\/uploads\/2021\/02\/Mckennaii.jpg\",\"datePublished\":\"2021-02-21T09:22:35+00:00\",\"dateModified\":\"2025-11-20T14:04:51+00:00\",\"description\":\"\u00bfLe apetece un viaje tan impactante? Deja que el hongo m\u00e1gico McKennaii te lleve a lugares m\u00e1s altos.\",\"breadcrumb\":{\"@id\":\"https:\/\/dutchmicrodosing.com\/es\/setas-alucinogenas\/kits-de-cultivo-fresh-mushrooms\/mc-kennaii-xp\/#breadcrumb\"},\"inLanguage\":\"es\",\"potentialAction\":[{\"@type\":\"ReadAction\",\"target\":[\"https:\/\/dutchmicrodosing.com\/es\/setas-alucinogenas\/kits-de-cultivo-fresh-mushrooms\/mc-kennaii-xp\/\"]}]},{\"@type\":\"ImageObject\",\"inLanguage\":\"es\",\"@id\":\"https:\/\/dutchmicrodosing.com\/es\/setas-alucinogenas\/kits-de-cultivo-fresh-mushrooms\/mc-kennaii-xp\/#primaryimage\",\"url\":\"https:\/\/dutchmicrodosing.com\/wp-content\/uploads\/2021\/02\/Mckennaii.jpg\",\"contentUrl\":\"https:\/\/dutchmicrodosing.com\/wp-content\/uploads\/2021\/02\/Mckennaii.jpg\",\"width\":500,\"height\":500},{\"@type\":\"BreadcrumbList\",\"@id\":\"https:\/\/dutchmicrodosing.com\/es\/setas-alucinogenas\/kits-de-cultivo-fresh-mushrooms\/mc-kennaii-xp\/#breadcrumb\",\"itemListElement\":[{\"@type\":\"ListItem\",\"position\":1,\"name\":\"Home\",\"item\":\"https:\/\/dutchmicrodosing.com\/es\/\"},{\"@type\":\"ListItem\",\"position\":2,\"name\":\"Tienda\",\"item\":\"https:\/\/dutchmicrodosing.com\/es\/tienda\/\"},{\"@type\":\"ListItem\",\"position\":3,\"name\":\"Mc Kennaii XP\"}]},{\"@type\":\"WebSite\",\"@id\":\"https:\/\/dutchmicrodosing.com\/es\/#website\",\"url\":\"https:\/\/dutchmicrodosing.com\/es\/\",\"name\":\"Dutchmicrodosing\",\"description\":\"\",\"publisher\":{\"@id\":\"https:\/\/dutchmicrodosing.com\/es\/#organization\"},\"potentialAction\":[{\"@type\":\"SearchAction\",\"target\":{\"@type\":\"EntryPoint\",\"urlTemplate\":\"https:\/\/dutchmicrodosing.com\/es\/?s={search_term_string}\"},\"query-input\":{\"@type\":\"PropertyValueSpecification\",\"valueRequired\":true,\"valueName\":\"search_term_string\"}}],\"inLanguage\":\"es\"},{\"@type\":\"Organization\",\"@id\":\"https:\/\/dutchmicrodosing.com\/es\/#organization\",\"name\":\"Dutchmicrodosing\",\"url\":\"https:\/\/dutchmicrodosing.com\/es\/\",\"logo\":{\"@type\":\"ImageObject\",\"inLanguage\":\"es\",\"@id\":\"https:\/\/dutchmicrodosing.com\/es\/#\/schema\/logo\/image\/\",\"url\":\"https:\/\/dutchmicrodosing.com\/wp-content\/uploads\/2021\/01\/microdosing-categorie-pic-nieuw.jpg\",\"contentUrl\":\"https:\/\/dutchmicrodosing.com\/wp-content\/uploads\/2021\/01\/microdosing-categorie-pic-nieuw.jpg\",\"width\":500,\"height\":500,\"caption\":\"Dutchmicrodosing\"},\"image\":{\"@id\":\"https:\/\/dutchmicrodosing.com\/es\/#\/schema\/logo\/image\/\"},\"sameAs\":[\"https:\/\/www.facebook.com\/Dutchmicrodosingxp\/\",\"https:\/\/www.instagram.com\/dutchmicrodosing\/\"]}]}<\/script>\n<meta property=\"product:price:amount\" content=\"39.95\" \/>\n<meta property=\"product:price:currency\" content=\"EUR\" \/>\n<meta property=\"og:availability\" content=\"instock\" \/>\n<meta property=\"product:availability\" content=\"instock\" \/>\n<meta property=\"product:retailer_item_id\" content=\"0208370\" \/>\n<meta property=\"product:condition\" content=\"new\" \/>\n<!-- \/ Yoast SEO Premium plugin. -->","yoast_head_json":{"title":"Compre su growkit de setas frescas McKennaii online | Envasado discretamente","description":"\u00bfLe apetece un viaje tan impactante? Deja que el hongo m\u00e1gico McKennaii te lleve a lugares m\u00e1s altos.","robots":{"index":"index","follow":"follow","max-snippet":"max-snippet:-1","max-image-preview":"max-image-preview:large","max-video-preview":"max-video-preview:-1"},"canonical":"https:\/\/dutchmicrodosing.com\/es\/setas-alucinogenas\/kits-de-cultivo-fresh-mushrooms\/mc-kennaii-xp\/","og_locale":"es_ES","og_type":"article","og_title":"Mc Kennaii XP","og_description":"\u00bfHas estado tropezando antes y est\u00e1s acostumbrado a ello? Entonces quiz\u00e1 sea el momento de probar el hongo McKennaii. Estas setas m\u00e1gicas son conocidas","og_url":"https:\/\/dutchmicrodosing.com\/es\/setas-alucinogenas\/kits-de-cultivo-fresh-mushrooms\/mc-kennaii-xp\/","og_site_name":"Dutchmicrodosing","article_publisher":"https:\/\/www.facebook.com\/Dutchmicrodosingxp\/","article_modified_time":"2025-11-20T14:04:51+00:00","og_image":[{"width":500,"height":500,"url":"https:\/\/dutchmicrodosing.com\/wp-content\/uploads\/2021\/02\/Mckennaii.jpg","type":"image\/jpeg"}],"twitter_card":"summary_large_image","schema":{"@context":"https:\/\/schema.org","@graph":[{"@type":"WebPage","@id":"https:\/\/dutchmicrodosing.com\/es\/setas-alucinogenas\/kits-de-cultivo-fresh-mushrooms\/mc-kennaii-xp\/","url":"https:\/\/dutchmicrodosing.com\/es\/setas-alucinogenas\/kits-de-cultivo-fresh-mushrooms\/mc-kennaii-xp\/","name":"Compre su growkit de setas frescas McKennaii online | Envasado discretamente","isPartOf":{"@id":"https:\/\/dutchmicrodosing.com\/es\/#website"},"primaryImageOfPage":{"@id":"https:\/\/dutchmicrodosing.com\/es\/setas-alucinogenas\/kits-de-cultivo-fresh-mushrooms\/mc-kennaii-xp\/#primaryimage"},"image":{"@id":"https:\/\/dutchmicrodosing.com\/es\/setas-alucinogenas\/kits-de-cultivo-fresh-mushrooms\/mc-kennaii-xp\/#primaryimage"},"thumbnailUrl":"https:\/\/dutchmicrodosing.com\/wp-content\/uploads\/2021\/02\/Mckennaii.jpg","datePublished":"2021-02-21T09:22:35+00:00","dateModified":"2025-11-20T14:04:51+00:00","description":"\u00bfLe apetece un viaje tan impactante? Deja que el hongo m\u00e1gico McKennaii te lleve a lugares m\u00e1s altos.","breadcrumb":{"@id":"https:\/\/dutchmicrodosing.com\/es\/setas-alucinogenas\/kits-de-cultivo-fresh-mushrooms\/mc-kennaii-xp\/#breadcrumb"},"inLanguage":"es","potentialAction":[{"@type":"ReadAction","target":["https:\/\/dutchmicrodosing.com\/es\/setas-alucinogenas\/kits-de-cultivo-fresh-mushrooms\/mc-kennaii-xp\/"]}]},{"@type":"ImageObject","inLanguage":"es","@id":"https:\/\/dutchmicrodosing.com\/es\/setas-alucinogenas\/kits-de-cultivo-fresh-mushrooms\/mc-kennaii-xp\/#primaryimage","url":"https:\/\/dutchmicrodosing.com\/wp-content\/uploads\/2021\/02\/Mckennaii.jpg","contentUrl":"https:\/\/dutchmicrodosing.com\/wp-content\/uploads\/2021\/02\/Mckennaii.jpg","width":500,"height":500},{"@type":"BreadcrumbList","@id":"https:\/\/dutchmicrodosing.com\/es\/setas-alucinogenas\/kits-de-cultivo-fresh-mushrooms\/mc-kennaii-xp\/#breadcrumb","itemListElement":[{"@type":"ListItem","position":1,"name":"Home","item":"https:\/\/dutchmicrodosing.com\/es\/"},{"@type":"ListItem","position":2,"name":"Tienda","item":"https:\/\/dutchmicrodosing.com\/es\/tienda\/"},{"@type":"ListItem","position":3,"name":"Mc Kennaii XP"}]},{"@type":"WebSite","@id":"https:\/\/dutchmicrodosing.com\/es\/#website","url":"https:\/\/dutchmicrodosing.com\/es\/","name":"Dutchmicrodosing","description":"","publisher":{"@id":"https:\/\/dutchmicrodosing.com\/es\/#organization"},"potentialAction":[{"@type":"SearchAction","target":{"@type":"EntryPoint","urlTemplate":"https:\/\/dutchmicrodosing.com\/es\/?s={search_term_string}"},"query-input":{"@type":"PropertyValueSpecification","valueRequired":true,"valueName":"search_term_string"}}],"inLanguage":"es"},{"@type":"Organization","@id":"https:\/\/dutchmicrodosing.com\/es\/#organization","name":"Dutchmicrodosing","url":"https:\/\/dutchmicrodosing.com\/es\/","logo":{"@type":"ImageObject","inLanguage":"es","@id":"https:\/\/dutchmicrodosing.com\/es\/#\/schema\/logo\/image\/","url":"https:\/\/dutchmicrodosing.com\/wp-content\/uploads\/2021\/01\/microdosing-categorie-pic-nieuw.jpg","contentUrl":"https:\/\/dutchmicrodosing.com\/wp-content\/uploads\/2021\/01\/microdosing-categorie-pic-nieuw.jpg","width":500,"height":500,"caption":"Dutchmicrodosing"},"image":{"@id":"https:\/\/dutchmicrodosing.com\/es\/#\/schema\/logo\/image\/"},"sameAs":["https:\/\/www.facebook.com\/Dutchmicrodosingxp\/","https:\/\/www.instagram.com\/dutchmicrodosing\/"]}]},"product_price_amount":"39.95","product_price_currency":"EUR","og_availability":"instock","product_availability":"instock","product_retailer_item_id":"0208370","product_condition":"new"},"_links":{"self":[{"href":"https:\/\/dutchmicrodosing.com\/es\/wp-json\/wp\/v2\/product\/5374","targetHints":{"allow":["GET"]}}],"collection":[{"href":"https:\/\/dutchmicrodosing.com\/es\/wp-json\/wp\/v2\/product"}],"about":[{"href":"https:\/\/dutchmicrodosing.com\/es\/wp-json\/wp\/v2\/types\/product"}],"replies":[{"embeddable":true,"href":"https:\/\/dutchmicrodosing.com\/es\/wp-json\/wp\/v2\/comments?post=5374"}],"version-history":[{"count":2,"href":"https:\/\/dutchmicrodosing.com\/es\/wp-json\/wp\/v2\/product\/5374\/revisions"}],"predecessor-version":[{"id":62657,"href":"https:\/\/dutchmicrodosing.com\/es\/wp-json\/wp\/v2\/product\/5374\/revisions\/62657"}],"wp:featuredmedia":[{"embeddable":true,"href":"https:\/\/dutchmicrodosing.com\/es\/wp-json\/wp\/v2\/media\/3592"}],"wp:attachment":[{"href":"https:\/\/dutchmicrodosing.com\/es\/wp-json\/wp\/v2\/media?parent=5374"}],"wp:term":[{"taxonomy":"product_brand","embeddable":true,"href":"https:\/\/dutchmicrodosing.com\/es\/wp-json\/wp\/v2\/product_brand?post=5374"},{"taxonomy":"product_cat","embeddable":true,"href":"https:\/\/dutchmicrodosing.com\/es\/wp-json\/wp\/v2\/product_cat?post=5374"},{"taxonomy":"product_tag","embeddable":true,"href":"https:\/\/dutchmicrodosing.com\/es\/wp-json\/wp\/v2\/product_tag?post=5374"}],"curies":[{"name":"wp","href":"https:\/\/api.w.org\/{rel}","templated":true}]}}