{"id":5375,"date":"2021-02-21T10:11:26","date_gmt":"2021-02-21T09:11:26","guid":{"rendered":"https:\/\/dutchmicrodosing.com\/shop\/sin%20categor\u00eda\/profesor-de-oro-xp\/"},"modified":"2025-11-20T11:04:33","modified_gmt":"2025-11-20T10:04:33","slug":"golden-teacher-xp","status":"publish","type":"product","link":"https:\/\/dutchmicrodosing.com\/es\/setas-alucinogenas\/kits-de-cultivo-fresh-mushrooms\/golden-teacher-xp\/","title":{"rendered":"Golden Teacher XP"},"content":{"rendered":"<p>El kit de cultivo de <strong>setas m\u00e1gicas Golden Teacher<\/strong> es ideal para los principiantes. Si tienes curiosidad por el mundo de las setas m\u00e1gicas y a\u00fan no tienes ninguna experiencia, entonces Golden Teacher es el lugar adecuado para empezar. Los efectos son leves y bien tolerados por casi todo el mundo. Si est\u00e1 buscando una seta para un buen viaje, elija este kit de cultivo de setas frescas.<\/p>\n<h2>Con\u00f3cete a ti mismo con el Maestro de Oro<\/h2>\n<p>El viaje puede ense\u00f1arte mucho sobre ti mismo, y ciertamente puede hacerlo con el Maestro de Oro. Este hermoso hongo dorado te ayuda a desentra\u00f1ar las capas m\u00e1s profundas de ti mismo y te da nuevas ideas. Despu\u00e9s de un viaje puedes ver el mundo y la vida misma de forma diferente. El kit de cultivo de hongos m\u00e1gicos Golden Teacher no se llama maestro por nada: te da m\u00e1s conocimiento de lo que es importante para ti.<\/p>\n<h2>El descubrimiento de las setas Golden Teacher<\/h2>\n<p>El Maestro de Oro fue encontrado no hace mucho tiempo en el sureste de Estados Unidos. Ya se han descubierto muchas setas psicoactivas, pero se siguen buscando nuevas especies con propiedades especiales. Por ejemplo, el Maestro de Oro fue encontrado por alguien en la d\u00e9cada de 1980. Fue bautizada como Psilocybe Aurumescens.<\/p>\n<p>Esta seta puede crecer bastante, unos 13 cm, y tiene un hermoso sombrero dorado y tallos de color marfil. Las cosechas suelen ser abundantes, y las setas pueden ser a\u00fan m\u00e1s abundantes y grandes con cada cosecha posterior. El Golden Teacher es una seta muy agradable para cultivar en casa, con el kit de cultivo de Fresh Mushrooms.<\/p>\n<h2>Efectos del hongo m\u00e1gico Golden Teacher<\/h2>\n<p>Los efectos del hongo m\u00e1gico Golden Teacher son visuales y emocionales\/mentales. Percibir\u00e1s la realidad de forma diferente. Afecta a tus sentidos. Puede experimentar alucinaciones, donde puede empezar a ver colores o patrones. Pero todos tus sentidos pueden agudizarse. Con estos hongos, es posible que tus pensamientos vayan m\u00e1s r\u00e1pido y que obtengas conocimientos sobre ti mismo. Tambi\u00e9n son posibles los ataques de risa, as\u00ed como los sentimientos de alegr\u00eda y felicidad.<\/p>\n<p>Un viaje con setas m\u00e1gicas puede ser diferente para todos. Eso tambi\u00e9n depende de tu propio estado de \u00e1nimo y de si ya tienes experiencia con los viajes. No hay forma de predecir c\u00f3mo reaccionar\u00e1, as\u00ed que tenga cuidado con la dosis. A continuaci\u00f3n encontrar\u00e1s m\u00e1s informaci\u00f3n sobre c\u00f3mo dosificar las setas m\u00e1gicas Golden Teacher.<\/p>\n<h2>Manual Golden Teacher Grow Kit<\/h2>\n<p><a href=\"https:\/\/dutchmicrodosing.com\/es\/growkit_manual\/\">Descargue aqu\u00ed : Manual del kit de cultivo de setas frescas<\/a><\/p>\n<ol>\n<li>Saca el kit de cultivo, la bolsa de pl\u00e1stico y el clip de la caja. Retire la tapa del juego de cultivo (guarde la tapa en un lugar seguro). Aclare la tapa bajo el grifo. Lo necesitar\u00e1s de nuevo m\u00e1s adelante.<\/li>\n<li>Coloque el juego de cultivo sin tapa en la bolsa de pl\u00e1stico suministrada. Deslice la apertura de la bolsa bajo el fondo con la microperforaci\u00f3n hacia arriba. La apertura de la bolsa ya est\u00e1 pr\u00e1cticamente cerrada. No hay que preocuparse por la circulaci\u00f3n del aire.<\/li>\n<li>En cuanto veas que crecen bolitas, puedes empezar a poner la bolsa en posici\u00f3n vertical. No regar. Los primeros hongos ser\u00e1n visibles despu\u00e9s de una semana aproximadamente.<\/li>\n<li>Coloque el set de cultivo en una zona con suficiente luz natural y a una temperatura de entre 18 \u00b0C y 28 \u00b0C. NUNCA coloque el set de cultivo a la luz directa del sol. Aunque los hongos crecen a casi cualquier temperatura por encima de los 15 \u00b0C, 23 \u00b0C es la temperatura ideal para una cosecha \u00f3ptima. Existen alfombras t\u00e9rmicas especiales para garantizar esta temperatura y no tener que calentar toda la habitaci\u00f3n.<\/li>\n<li>A partir de este momento, deje la bolsa ligeramente abierta todo el tiempo, para que la humedad pueda evaporarse un poco. Un exceso de humedad no es bueno. Su primera cosecha ser\u00e1 aproximadamente una semana despu\u00e9s de la aparici\u00f3n de los primeros bulbos. Aseg\u00farate de cosechar antes de que empiecen a caer las primeras esporas.<\/li>\n<li>Estos conjuntos producen m\u00faltiples cosechas de setas. Para ello, llene el kit con agua limpia del grifo despu\u00e9s de la primera cosecha. Este proceso se conoce como choque de fr\u00edo y da nueva vida al micelio y asegura que haya suficiente humedad para que los hongos crezcan.<\/li>\n<li>Vuelva a colocar la tapa del kit de cultivo. Dejar reposar el conjunto durante 12 horas. Abra una esquina de la tapa y deje que el exceso de agua se escurra. A partir de aqu\u00ed puedes volver a seguir las instrucciones del paso 1. Este proceso puede repetirse varias veces.<\/li>\n<\/ol>\n<h2>La cosecha:<\/h2>\n<p>Los kits de cultivo de Freshmushrooms producen su primera cosecha con bastante rapidez. Despu\u00e9s de una semana, los primeros brotes ya son visibles. Las temperaturas bajas y altas pueden ralentizar un poco este proceso de crecimiento. Una vez que los brotes son visibles, los hongos suelen tardar una semana en desarrollarse completamente.<\/p>\n<p>El momento de la cosecha es extremadamente importante. Cuando las membranas bajo los sombreros est\u00e1n todav\u00eda apretadas, pero corren el riesgo de reventar o aflojarse debido a la fuerza de los sombreros, es el momento de cosechar.<\/p>\n<h2>Rendimiento Golden Teacher 100% micelio growkit<\/h2>\n<p>Un kit de cultivo Golden Teacher 1200cc de Freshmushrooms da una cosecha de entre 500g y 800g de setas frescas o 50-80g de setas secas.<\/p>\n<h3>Dosificaci\u00f3n de las setas m\u00e1gicas<\/h3>\n<p>Una dosis correcta es importante para determinar la intensidad de su viaje. Una mayor cantidad de setas dar\u00e1 lugar a un viaje m\u00e1s intenso. Si no has consumido setas m\u00e1gicas muy a menudo, te recomendamos que empieces con una dosis menor. Si las secas, puedes tomar de 1 a 2 gramos de las setas frescas Golden Teacher. Si tomas setas frescas, puedes comer de 9 a 10 gramos. Para un usuario medio, son aceptables 2 gramos de setas secas o 20 gramos de setas frescas. Los efectos de un viaje pueden durar entre 3 y 8 horas.<\/p>\n<h3>Prepara tu viaje con setas m\u00e1gicas<\/h3>\n<p>Aunque el uso de las setas m\u00e1gicas es seguro, es bueno preparar el viaje. Esto es especialmente cierto si nunca lo has hecho antes. No vayas a tropezar por tu cuenta. Pide a un amigo de confianza que se quede contigo. Esa persona es la que viaja y se mantendr\u00e1 sobria, por lo que no consumir\u00e1 alcohol ni drogas. Un viaje con setas puede ser muy intenso. Es bueno tener a alguien contigo que te tranquilice. Tambi\u00e9n es una buena idea un tap\u00f3n de viaje.<\/p>\n<p>Adem\u00e1s, piense bien d\u00f3nde va a tropezar. Elige un entorno en el que te sientas c\u00f3modo. Y si vas a consumir setas m\u00e1gicas con otras personas, aseg\u00farate de que son personas con las que te sientes c\u00f3modo. Si no es as\u00ed, es menos f\u00e1cil rendirse a los efectos del hongo.<\/p>\n<h2>Comprar el kit de cultivo de setas frescas en l\u00ednea<\/h2>\n<p>Con el kit de cultivo Fresh Mushrooms Golden Teacher, cultivar setas m\u00e1gicas en casa es muy f\u00e1cil. Ahora puede comprar f\u00e1cilmente este kit de cultivo en l\u00ednea en nuestra tienda. Haga su pedido ahora y nos aseguraremos de que reciba su paquete lo antes posible.<\/p>\n","protected":false},"excerpt":{"rendered":"<p>El kit de cultivo de setas m\u00e1gicas Golden Teacher es ideal para los principiantes. Si tienes curiosidad por el mundo de las setas m\u00e1gicas y a\u00fan no tienes ninguna experiencia, entonces Golden Teacher es el lugar adecuado para empezar. Los efectos son leves y bien tolerados por casi todo el mundo. Si est\u00e1 buscando una [&hellip;]<\/p>\n","protected":false},"featured_media":3584,"comment_status":"open","ping_status":"closed","template":"","meta":[],"product_brand":[],"product_cat":[139],"product_tag":[],"class_list":{"0":"post-5375","1":"product","2":"type-product","3":"status-publish","4":"has-post-thumbnail","6":"product_cat-kits-de-cultivo-fresh-mushrooms","8":"first","9":"instock","10":"taxable","11":"shipping-taxable","12":"purchasable","13":"product-type-simple"},"yoast_head":"<!-- This site is optimized with the Yoast SEO Premium plugin v26.4 (Yoast SEO v27.2) - https:\/\/yoast.com\/product\/yoast-seo-premium-wordpress\/ -->\n<title>Comprar setas frescas Golden Teacher online con entrega r\u00e1pida<\/title>\n<meta name=\"description\" content=\"El Maestro de Oro de las Setas Frescas hace que cultivar setas m\u00e1gicas en casa sea f\u00e1cil. Puedes comprar este kit de cultivo f\u00e1cilmente online en nuestra tienda.\" \/>\n<meta name=\"robots\" content=\"index, follow, max-snippet:-1, max-image-preview:large, max-video-preview:-1\" \/>\n<link rel=\"canonical\" href=\"https:\/\/dutchmicrodosing.com\/es\/setas-alucinogenas\/kits-de-cultivo-fresh-mushrooms\/golden-teacher-xp\/\" \/>\n<meta property=\"og:locale\" content=\"es_ES\" \/>\n<meta property=\"og:type\" content=\"article\" \/>\n<meta property=\"og:title\" content=\"Golden Teacher XP\" \/>\n<meta property=\"og:description\" content=\"El kit de cultivo de setas m\u00e1gicas Golden Teacher es ideal para los principiantes. Si tienes curiosidad por el mundo de las setas m\u00e1gicas y a\u00fan no tienes\" \/>\n<meta property=\"og:url\" content=\"https:\/\/dutchmicrodosing.com\/es\/setas-alucinogenas\/kits-de-cultivo-fresh-mushrooms\/golden-teacher-xp\/\" \/>\n<meta property=\"og:site_name\" content=\"Dutchmicrodosing\" \/>\n<meta property=\"article:publisher\" content=\"https:\/\/www.facebook.com\/Dutchmicrodosingxp\/\" \/>\n<meta property=\"article:modified_time\" content=\"2025-11-20T10:04:33+00:00\" \/>\n<meta property=\"og:image\" content=\"https:\/\/dutchmicrodosing.com\/wp-content\/uploads\/2021\/02\/Golden-Teacher.jpg\" \/>\n\t<meta property=\"og:image:width\" content=\"500\" \/>\n\t<meta property=\"og:image:height\" content=\"500\" \/>\n\t<meta property=\"og:image:type\" content=\"image\/jpeg\" \/>\n<meta name=\"twitter:card\" content=\"summary_large_image\" \/>\n<script type=\"application\/ld+json\" class=\"yoast-schema-graph\">{\"@context\":\"https:\/\/schema.org\",\"@graph\":[{\"@type\":\"WebPage\",\"@id\":\"https:\/\/dutchmicrodosing.com\/es\/setas-alucinogenas\/kits-de-cultivo-fresh-mushrooms\/golden-teacher-xp\/\",\"url\":\"https:\/\/dutchmicrodosing.com\/es\/setas-alucinogenas\/kits-de-cultivo-fresh-mushrooms\/golden-teacher-xp\/\",\"name\":\"Comprar setas frescas Golden Teacher online con entrega r\u00e1pida\",\"isPartOf\":{\"@id\":\"https:\/\/dutchmicrodosing.com\/es\/#website\"},\"primaryImageOfPage\":{\"@id\":\"https:\/\/dutchmicrodosing.com\/es\/setas-alucinogenas\/kits-de-cultivo-fresh-mushrooms\/golden-teacher-xp\/#primaryimage\"},\"image\":{\"@id\":\"https:\/\/dutchmicrodosing.com\/es\/setas-alucinogenas\/kits-de-cultivo-fresh-mushrooms\/golden-teacher-xp\/#primaryimage\"},\"thumbnailUrl\":\"https:\/\/dutchmicrodosing.com\/wp-content\/uploads\/2021\/02\/Golden-Teacher.jpg\",\"datePublished\":\"2021-02-21T09:11:26+00:00\",\"dateModified\":\"2025-11-20T10:04:33+00:00\",\"description\":\"El Maestro de Oro de las Setas Frescas hace que cultivar setas m\u00e1gicas en casa sea f\u00e1cil. Puedes comprar este kit de cultivo f\u00e1cilmente online en nuestra tienda.\",\"breadcrumb\":{\"@id\":\"https:\/\/dutchmicrodosing.com\/es\/setas-alucinogenas\/kits-de-cultivo-fresh-mushrooms\/golden-teacher-xp\/#breadcrumb\"},\"inLanguage\":\"es\",\"potentialAction\":[{\"@type\":\"ReadAction\",\"target\":[\"https:\/\/dutchmicrodosing.com\/es\/setas-alucinogenas\/kits-de-cultivo-fresh-mushrooms\/golden-teacher-xp\/\"]}]},{\"@type\":\"ImageObject\",\"inLanguage\":\"es\",\"@id\":\"https:\/\/dutchmicrodosing.com\/es\/setas-alucinogenas\/kits-de-cultivo-fresh-mushrooms\/golden-teacher-xp\/#primaryimage\",\"url\":\"https:\/\/dutchmicrodosing.com\/wp-content\/uploads\/2021\/02\/Golden-Teacher.jpg\",\"contentUrl\":\"https:\/\/dutchmicrodosing.com\/wp-content\/uploads\/2021\/02\/Golden-Teacher.jpg\",\"width\":500,\"height\":500},{\"@type\":\"BreadcrumbList\",\"@id\":\"https:\/\/dutchmicrodosing.com\/es\/setas-alucinogenas\/kits-de-cultivo-fresh-mushrooms\/golden-teacher-xp\/#breadcrumb\",\"itemListElement\":[{\"@type\":\"ListItem\",\"position\":1,\"name\":\"Home\",\"item\":\"https:\/\/dutchmicrodosing.com\/es\/\"},{\"@type\":\"ListItem\",\"position\":2,\"name\":\"Tienda\",\"item\":\"https:\/\/dutchmicrodosing.com\/es\/tienda\/\"},{\"@type\":\"ListItem\",\"position\":3,\"name\":\"Golden Teacher XP\"}]},{\"@type\":\"WebSite\",\"@id\":\"https:\/\/dutchmicrodosing.com\/es\/#website\",\"url\":\"https:\/\/dutchmicrodosing.com\/es\/\",\"name\":\"Dutchmicrodosing\",\"description\":\"\",\"publisher\":{\"@id\":\"https:\/\/dutchmicrodosing.com\/es\/#organization\"},\"potentialAction\":[{\"@type\":\"SearchAction\",\"target\":{\"@type\":\"EntryPoint\",\"urlTemplate\":\"https:\/\/dutchmicrodosing.com\/es\/?s={search_term_string}\"},\"query-input\":{\"@type\":\"PropertyValueSpecification\",\"valueRequired\":true,\"valueName\":\"search_term_string\"}}],\"inLanguage\":\"es\"},{\"@type\":\"Organization\",\"@id\":\"https:\/\/dutchmicrodosing.com\/es\/#organization\",\"name\":\"Dutchmicrodosing\",\"url\":\"https:\/\/dutchmicrodosing.com\/es\/\",\"logo\":{\"@type\":\"ImageObject\",\"inLanguage\":\"es\",\"@id\":\"https:\/\/dutchmicrodosing.com\/es\/#\/schema\/logo\/image\/\",\"url\":\"https:\/\/dutchmicrodosing.com\/wp-content\/uploads\/2021\/01\/microdosing-categorie-pic-nieuw.jpg\",\"contentUrl\":\"https:\/\/dutchmicrodosing.com\/wp-content\/uploads\/2021\/01\/microdosing-categorie-pic-nieuw.jpg\",\"width\":500,\"height\":500,\"caption\":\"Dutchmicrodosing\"},\"image\":{\"@id\":\"https:\/\/dutchmicrodosing.com\/es\/#\/schema\/logo\/image\/\"},\"sameAs\":[\"https:\/\/www.facebook.com\/Dutchmicrodosingxp\/\",\"https:\/\/www.instagram.com\/dutchmicrodosing\/\"]}]}<\/script>\n<meta property=\"product:price:amount\" content=\"39.95\" \/>\n<meta property=\"product:price:currency\" content=\"EUR\" \/>\n<meta property=\"og:availability\" content=\"instock\" \/>\n<meta property=\"product:availability\" content=\"instock\" \/>\n<meta property=\"product:retailer_item_id\" content=\"0208819\" \/>\n<meta property=\"product:condition\" content=\"new\" \/>\n<!-- \/ Yoast SEO Premium plugin. -->","yoast_head_json":{"title":"Comprar setas frescas Golden Teacher online con entrega r\u00e1pida","description":"El Maestro de Oro de las Setas Frescas hace que cultivar setas m\u00e1gicas en casa sea f\u00e1cil. Puedes comprar este kit de cultivo f\u00e1cilmente online en nuestra tienda.","robots":{"index":"index","follow":"follow","max-snippet":"max-snippet:-1","max-image-preview":"max-image-preview:large","max-video-preview":"max-video-preview:-1"},"canonical":"https:\/\/dutchmicrodosing.com\/es\/setas-alucinogenas\/kits-de-cultivo-fresh-mushrooms\/golden-teacher-xp\/","og_locale":"es_ES","og_type":"article","og_title":"Golden Teacher XP","og_description":"El kit de cultivo de setas m\u00e1gicas Golden Teacher es ideal para los principiantes. Si tienes curiosidad por el mundo de las setas m\u00e1gicas y a\u00fan no tienes","og_url":"https:\/\/dutchmicrodosing.com\/es\/setas-alucinogenas\/kits-de-cultivo-fresh-mushrooms\/golden-teacher-xp\/","og_site_name":"Dutchmicrodosing","article_publisher":"https:\/\/www.facebook.com\/Dutchmicrodosingxp\/","article_modified_time":"2025-11-20T10:04:33+00:00","og_image":[{"width":500,"height":500,"url":"https:\/\/dutchmicrodosing.com\/wp-content\/uploads\/2021\/02\/Golden-Teacher.jpg","type":"image\/jpeg"}],"twitter_card":"summary_large_image","schema":{"@context":"https:\/\/schema.org","@graph":[{"@type":"WebPage","@id":"https:\/\/dutchmicrodosing.com\/es\/setas-alucinogenas\/kits-de-cultivo-fresh-mushrooms\/golden-teacher-xp\/","url":"https:\/\/dutchmicrodosing.com\/es\/setas-alucinogenas\/kits-de-cultivo-fresh-mushrooms\/golden-teacher-xp\/","name":"Comprar setas frescas Golden Teacher online con entrega r\u00e1pida","isPartOf":{"@id":"https:\/\/dutchmicrodosing.com\/es\/#website"},"primaryImageOfPage":{"@id":"https:\/\/dutchmicrodosing.com\/es\/setas-alucinogenas\/kits-de-cultivo-fresh-mushrooms\/golden-teacher-xp\/#primaryimage"},"image":{"@id":"https:\/\/dutchmicrodosing.com\/es\/setas-alucinogenas\/kits-de-cultivo-fresh-mushrooms\/golden-teacher-xp\/#primaryimage"},"thumbnailUrl":"https:\/\/dutchmicrodosing.com\/wp-content\/uploads\/2021\/02\/Golden-Teacher.jpg","datePublished":"2021-02-21T09:11:26+00:00","dateModified":"2025-11-20T10:04:33+00:00","description":"El Maestro de Oro de las Setas Frescas hace que cultivar setas m\u00e1gicas en casa sea f\u00e1cil. Puedes comprar este kit de cultivo f\u00e1cilmente online en nuestra tienda.","breadcrumb":{"@id":"https:\/\/dutchmicrodosing.com\/es\/setas-alucinogenas\/kits-de-cultivo-fresh-mushrooms\/golden-teacher-xp\/#breadcrumb"},"inLanguage":"es","potentialAction":[{"@type":"ReadAction","target":["https:\/\/dutchmicrodosing.com\/es\/setas-alucinogenas\/kits-de-cultivo-fresh-mushrooms\/golden-teacher-xp\/"]}]},{"@type":"ImageObject","inLanguage":"es","@id":"https:\/\/dutchmicrodosing.com\/es\/setas-alucinogenas\/kits-de-cultivo-fresh-mushrooms\/golden-teacher-xp\/#primaryimage","url":"https:\/\/dutchmicrodosing.com\/wp-content\/uploads\/2021\/02\/Golden-Teacher.jpg","contentUrl":"https:\/\/dutchmicrodosing.com\/wp-content\/uploads\/2021\/02\/Golden-Teacher.jpg","width":500,"height":500},{"@type":"BreadcrumbList","@id":"https:\/\/dutchmicrodosing.com\/es\/setas-alucinogenas\/kits-de-cultivo-fresh-mushrooms\/golden-teacher-xp\/#breadcrumb","itemListElement":[{"@type":"ListItem","position":1,"name":"Home","item":"https:\/\/dutchmicrodosing.com\/es\/"},{"@type":"ListItem","position":2,"name":"Tienda","item":"https:\/\/dutchmicrodosing.com\/es\/tienda\/"},{"@type":"ListItem","position":3,"name":"Golden Teacher XP"}]},{"@type":"WebSite","@id":"https:\/\/dutchmicrodosing.com\/es\/#website","url":"https:\/\/dutchmicrodosing.com\/es\/","name":"Dutchmicrodosing","description":"","publisher":{"@id":"https:\/\/dutchmicrodosing.com\/es\/#organization"},"potentialAction":[{"@type":"SearchAction","target":{"@type":"EntryPoint","urlTemplate":"https:\/\/dutchmicrodosing.com\/es\/?s={search_term_string}"},"query-input":{"@type":"PropertyValueSpecification","valueRequired":true,"valueName":"search_term_string"}}],"inLanguage":"es"},{"@type":"Organization","@id":"https:\/\/dutchmicrodosing.com\/es\/#organization","name":"Dutchmicrodosing","url":"https:\/\/dutchmicrodosing.com\/es\/","logo":{"@type":"ImageObject","inLanguage":"es","@id":"https:\/\/dutchmicrodosing.com\/es\/#\/schema\/logo\/image\/","url":"https:\/\/dutchmicrodosing.com\/wp-content\/uploads\/2021\/01\/microdosing-categorie-pic-nieuw.jpg","contentUrl":"https:\/\/dutchmicrodosing.com\/wp-content\/uploads\/2021\/01\/microdosing-categorie-pic-nieuw.jpg","width":500,"height":500,"caption":"Dutchmicrodosing"},"image":{"@id":"https:\/\/dutchmicrodosing.com\/es\/#\/schema\/logo\/image\/"},"sameAs":["https:\/\/www.facebook.com\/Dutchmicrodosingxp\/","https:\/\/www.instagram.com\/dutchmicrodosing\/"]}]},"product_price_amount":"39.95","product_price_currency":"EUR","og_availability":"instock","product_availability":"instock","product_retailer_item_id":"0208819","product_condition":"new"},"_links":{"self":[{"href":"https:\/\/dutchmicrodosing.com\/es\/wp-json\/wp\/v2\/product\/5375","targetHints":{"allow":["GET"]}}],"collection":[{"href":"https:\/\/dutchmicrodosing.com\/es\/wp-json\/wp\/v2\/product"}],"about":[{"href":"https:\/\/dutchmicrodosing.com\/es\/wp-json\/wp\/v2\/types\/product"}],"replies":[{"embeddable":true,"href":"https:\/\/dutchmicrodosing.com\/es\/wp-json\/wp\/v2\/comments?post=5375"}],"version-history":[{"count":3,"href":"https:\/\/dutchmicrodosing.com\/es\/wp-json\/wp\/v2\/product\/5375\/revisions"}],"predecessor-version":[{"id":62616,"href":"https:\/\/dutchmicrodosing.com\/es\/wp-json\/wp\/v2\/product\/5375\/revisions\/62616"}],"wp:featuredmedia":[{"embeddable":true,"href":"https:\/\/dutchmicrodosing.com\/es\/wp-json\/wp\/v2\/media\/3584"}],"wp:attachment":[{"href":"https:\/\/dutchmicrodosing.com\/es\/wp-json\/wp\/v2\/media?parent=5375"}],"wp:term":[{"taxonomy":"product_brand","embeddable":true,"href":"https:\/\/dutchmicrodosing.com\/es\/wp-json\/wp\/v2\/product_brand?post=5375"},{"taxonomy":"product_cat","embeddable":true,"href":"https:\/\/dutchmicrodosing.com\/es\/wp-json\/wp\/v2\/product_cat?post=5375"},{"taxonomy":"product_tag","embeddable":true,"href":"https:\/\/dutchmicrodosing.com\/es\/wp-json\/wp\/v2\/product_tag?post=5375"}],"curies":[{"name":"wp","href":"https:\/\/api.w.org\/{rel}","templated":true}]}}