{"id":5378,"date":"2021-02-02T15:34:14","date_gmt":"2021-05-07T19:31:49","guid":{"rendered":"https:\/\/dutchmicrodosing.com\/shop\/sin%20categor\u00eda\/trufas-psilocybe-galindoi-25-gr\/"},"modified":"2023-03-11T12:44:05","modified_gmt":"2023-03-11T11:44:05","slug":"trufas-de-galindoi-ecologicas","status":"publish","type":"product","link":"https:\/\/dutchmicrodosing.com\/es\/trufas-de-psilocibina\/trufas-magicas-ecologicas-xp\/trufas-de-galindoi-ecologicas\/","title":{"rendered":"Trufas de Galindoi ecol\u00f3gicas 25 Gr"},"content":{"rendered":"<p>La Trufa Galindoi 100% Ecol\u00f3gica de Psilocybe es una impresionante y poderosa trufa m\u00e1gica que altera la mente. Con una fuerza de cuatro (de cinco posibles) estrellas en los efectos visuales, el cerebro y el cuerpo alto, las visualizaciones de los ojos cerrados se sentir\u00e1n reales. Los patrones geom\u00e9tricos ser\u00e1n visibles y, a nivel mental, estas trufas m\u00e1gicas te permitir\u00e1n entrar en contacto m\u00e1s profundo contigo mismo. Este potente hongo psilocybe (trufa) es originario de M\u00e9xico y Am\u00e9rica. Se han descubierto hace relativamente poco tiempo y, por lo tanto, todav\u00eda son relativamente desconocidos entre los psiconautas. El Galindoi es un verdadero ente\u00f3geno, cuyo uso se remonta a siglos atr\u00e1s. Ente\u00f3geno significa \u00abprocedente del Dios interior\u00bb y un ente\u00f3geno es una categor\u00eda de sustancias psicoactivas que inducen una experiencia espiritual. Los mazatecos (tribu ind\u00edgena mexicana del estado de Oaxaca) fueron los primeros en la historia en utilizar el hongo Galindoi con fines rituales y espirituales. El nombre Galindoi se da en honor al respetado mic\u00f3logo y antrop\u00f3logo mexicano Gast\u00f3n Guzm\u00e1n Huerta, que dedic\u00f3 su vida al estudio e investigaci\u00f3n de los hongos y la psilocibina. El Galindoi se presta perfectamente a aquellos que han utilizado antes setas de psilocibina o trufas. Si eres nuevo en la psilocibina, te recomendamos que elijas una especie de trufa m\u00e1s suave como la Pajaritos o la Tampanensis.<\/p>\n<p><strong>Uso y contenido alucinante de las trufas de Psilocybe 100% ecol\u00f3gicas de Galindoi<\/strong><\/p>\n<p>La trufa Galindoi tiene un fuerte efecto psicod\u00e9lico. Si es la primera vez que pruebas las trufas con psilocibina, siempre recomendamos elegir una especie de trufa m\u00e1s ligera. Sin embargo, si opta por el Galindoi, comience con una dosis de 8 gramos. Las trufas Galindoi pueden consumirse directamente desde el envase. Es muy importante masticar bien las trufas antes de tragarlas. Esto aumenta considerablemente el efecto de las trufas. Tambi\u00e9n se puede hacer un t\u00e9 con las trufas, aunque esto debilitar\u00e1 un poco el efecto. La cantidad recomendada a tomar es:<\/p>\n<ul>\n<li>Viaje suave 10 gramos<\/li>\n<li>Viaje fuerte 15 gramos<\/li>\n<li>Viaje extremo 25 gramos<\/li>\n<\/ul>\n<p>\u00bfTienes alguna experiencia con las trufas de psilocibina? Entonces le recomendamos que tome 15 gramos. Sin embargo, si opta por un viaje extremo, tome todo el contenido del paquete (25 gramos). Aseg\u00farate de tener una atm\u00f3sfera relajada y un entorno tranquilo y familiar si piensas consumir estas trufas que alteran la mente. Su sal\u00f3n es perfecto para un buen viaje. Aseg\u00farate de tener un buen \u00abset &amp; setting\u00bb y toma medidas como ordenar la habitaci\u00f3n o preparar las cosas que crees que vas a necesitar durante el viaje con psilocibina. Despu\u00e9s de todo, no querr\u00e1s tener que ir a buscar esas cosas en medio de tu viaje psicod\u00e9lico. Por ejemplo, ten preparada una botella de agua o una colchoneta por si quieres tumbarte. Un antifaz para dormir (mindfold) tambi\u00e9n es deseable si est\u00e1s dispuesto y planeas explorar tu propio mundo interior espiritual.<\/p>\n<p>Para la mayor\u00eda, la experiencia de viajar con trufas de psilocybe es fant\u00e1stica y casi m\u00e1gica. Sin embargo, algunas personas no toleran muy bien los efectos visuales o el cambio de percepci\u00f3n de la realidad, lo que puede hacer que se asusten. No te preocupes, los efectos desaparecen despu\u00e9s de unas horas. En estos casos es aconsejable tener un \u00abtripsitter\u00bb al lado. Un tripsitter es una persona de confianza que est\u00e1 presente sobria y garantiza la paz y la seguridad de los usuarios durante el viaje, para que puedan entregarse completamente a la experiencia m\u00e1gica y psicod\u00e9lica.<\/p>\n<p>Una bolsa de Galindoi 100% Organic Psilocybe Truffles contiene 25 gramos de trufas de psilocibina. Esta cantidad puede ser tomada por una sola persona para un viaje extremo, pero tambi\u00e9n se puede optar por tener un viaje psicod\u00e9lico inolvidable junto a otra persona y tomar ambos una porci\u00f3n de 12,5 gramos.<\/p>\n<p><strong>Informaci\u00f3n nutricional por 100 gramos de Trufas de Galindoi 100% ecol\u00f3gicas:<\/strong><\/p>\n<p>Energ\u00eda 464,7 kJ<\/p>\n<p>Energ\u00eda 110,5 kcal<\/p>\n<p>Carbohidratos 13,2 g<\/p>\n<p>Prote\u00edna 5,3 gramos<\/p>\n<p>Grasa 0,4 gramos<\/p>\n<p>\u2981 Fibra diet\u00e9tica 16,7 gramos<\/p>\n<p>Sal (NaCl) 0,3 g<\/p>\n<p>Vitamina D 10,0 UI<\/p>\n<p>Sodio (Na) 13,6 mg<\/p>\n<p>F\u00f3sforo (P) 169,3 mg<\/p>\n<p>Potasio (K) 210,0 mg<\/p>\n<p>Calcio (Ca) 12,5 mg<\/p>\n<p>Hierro (F) 0,7 mg<\/p>\n<p><strong>Almacenamiento de las trufas 100% ecol\u00f3gicas y alucinantes de Galindoi<\/strong><\/p>\n<p>Si no tiene previsto consumir las trufas inmediatamente, le aconsejamos que las conserve en el frigor\u00edfico a una temperatura de entre 2 y 5 grados. Cuando llegan las trufas de psilocibina, se pueden conservar durante al menos un mes (nevera). Compruebe siempre la fecha de caducidad antes de decidirse a utilizar las trufas.<\/p>\n<p><strong>Advertencia sobre el uso de trufas de psilocibina que alteran la mente<\/strong><\/p>\n<p>Las trufas 100% ecol\u00f3gicas pueden ser peligrosas para la salud si se combinan con ciertos medicamentos, alcohol o con inhibidores de la MAO. \u00bfEst\u00e1 tomando alg\u00fan medicamento? Consulte siempre primero a su m\u00e9dico y lea el prospecto de su medicamento para evitar riesgos para la salud. No utilice las Trufas M\u00e1gicas si est\u00e1 embarazada o en per\u00edodo de lactancia. Sea responsable con estas trufas \u00fanicas y no las utilice en el tr\u00e1fico.<\/p>\n","protected":false},"excerpt":{"rendered":"<p>La Trufa Galindoi 100% Ecol\u00f3gica de Psilocybe es una impresionante y poderosa trufa m\u00e1gica que altera la mente. Con una fuerza de cuatro (de cinco posibles) estrellas en los efectos visuales, el cerebro y el cuerpo alto, las visualizaciones de los ojos cerrados se sentir\u00e1n reales. Los patrones geom\u00e9tricos ser\u00e1n visibles y, a nivel mental, [&hellip;]<\/p>\n","protected":false},"featured_media":3140,"comment_status":"open","ping_status":"closed","template":"","meta":[],"product_brand":[],"product_cat":[127],"product_tag":[],"class_list":{"0":"post-5378","1":"product","2":"type-product","3":"status-publish","4":"has-post-thumbnail","6":"product_cat-trufas-magicas-ecologicas-xp","8":"first","9":"instock","10":"taxable","11":"shipping-taxable","12":"purchasable","13":"product-type-simple"},"yoast_head":"<!-- This site is optimized with the Yoast SEO Premium plugin v26.4 (Yoast SEO v27.4) - https:\/\/yoast.com\/product\/yoast-seo-premium-wordpress\/ -->\n<title>Trufas de Galindoi ecol\u00f3gicas 25 Gr - Dutchmicrodosing<\/title>\n<meta name=\"robots\" content=\"index, follow, max-snippet:-1, max-image-preview:large, max-video-preview:-1\" \/>\n<link rel=\"canonical\" href=\"https:\/\/dutchmicrodosing.com\/es\/trufas-de-psilocibina\/trufas-magicas-ecologicas-xp\/trufas-de-galindoi-ecologicas\/\" \/>\n<meta property=\"og:locale\" content=\"es_ES\" \/>\n<meta property=\"og:type\" content=\"article\" \/>\n<meta property=\"og:title\" content=\"Trufas de Galindoi ecol\u00f3gicas 25 Gr\" \/>\n<meta property=\"og:description\" content=\"La Trufa Galindoi 100% Ecol\u00f3gica de Psilocybe es una impresionante y poderosa trufa m\u00e1gica que altera la mente. Con una fuerza de cuatro (de cinco\" \/>\n<meta property=\"og:url\" content=\"https:\/\/dutchmicrodosing.com\/es\/trufas-de-psilocibina\/trufas-magicas-ecologicas-xp\/trufas-de-galindoi-ecologicas\/\" \/>\n<meta property=\"og:site_name\" content=\"Dutchmicrodosing\" \/>\n<meta property=\"article:publisher\" content=\"https:\/\/www.facebook.com\/Dutchmicrodosingxp\/\" \/>\n<meta property=\"article:modified_time\" content=\"2023-03-11T11:44:05+00:00\" \/>\n<meta property=\"og:image\" content=\"https:\/\/dutchmicrodosing.com\/wp-content\/uploads\/2021\/02\/galindoi-product-truffles.jpg\" \/>\n\t<meta property=\"og:image:width\" content=\"500\" \/>\n\t<meta property=\"og:image:height\" content=\"500\" \/>\n\t<meta property=\"og:image:type\" content=\"image\/jpeg\" \/>\n<meta name=\"twitter:card\" content=\"summary_large_image\" \/>\n<script type=\"application\/ld+json\" class=\"yoast-schema-graph\">{\"@context\":\"https:\\\/\\\/schema.org\",\"@graph\":[{\"@type\":\"WebPage\",\"@id\":\"https:\\\/\\\/dutchmicrodosing.com\\\/es\\\/trufas-de-psilocibina\\\/trufas-magicas-ecologicas-xp\\\/trufas-de-galindoi-ecologicas\\\/\",\"url\":\"https:\\\/\\\/dutchmicrodosing.com\\\/es\\\/trufas-de-psilocibina\\\/trufas-magicas-ecologicas-xp\\\/trufas-de-galindoi-ecologicas\\\/\",\"name\":\"Trufas de Galindoi ecol\u00f3gicas 25 Gr - Dutchmicrodosing\",\"isPartOf\":{\"@id\":\"https:\\\/\\\/dutchmicrodosing.com\\\/es\\\/#website\"},\"primaryImageOfPage\":{\"@id\":\"https:\\\/\\\/dutchmicrodosing.com\\\/es\\\/trufas-de-psilocibina\\\/trufas-magicas-ecologicas-xp\\\/trufas-de-galindoi-ecologicas\\\/#primaryimage\"},\"image\":{\"@id\":\"https:\\\/\\\/dutchmicrodosing.com\\\/es\\\/trufas-de-psilocibina\\\/trufas-magicas-ecologicas-xp\\\/trufas-de-galindoi-ecologicas\\\/#primaryimage\"},\"thumbnailUrl\":\"https:\\\/\\\/dutchmicrodosing.com\\\/wp-content\\\/uploads\\\/2021\\\/02\\\/galindoi-product-truffles.jpg\",\"datePublished\":\"2021-05-07T19:31:49+00:00\",\"dateModified\":\"2023-03-11T11:44:05+00:00\",\"breadcrumb\":{\"@id\":\"https:\\\/\\\/dutchmicrodosing.com\\\/es\\\/trufas-de-psilocibina\\\/trufas-magicas-ecologicas-xp\\\/trufas-de-galindoi-ecologicas\\\/#breadcrumb\"},\"inLanguage\":\"es\",\"potentialAction\":[{\"@type\":\"ReadAction\",\"target\":[\"https:\\\/\\\/dutchmicrodosing.com\\\/es\\\/trufas-de-psilocibina\\\/trufas-magicas-ecologicas-xp\\\/trufas-de-galindoi-ecologicas\\\/\"]}]},{\"@type\":\"ImageObject\",\"inLanguage\":\"es\",\"@id\":\"https:\\\/\\\/dutchmicrodosing.com\\\/es\\\/trufas-de-psilocibina\\\/trufas-magicas-ecologicas-xp\\\/trufas-de-galindoi-ecologicas\\\/#primaryimage\",\"url\":\"https:\\\/\\\/dutchmicrodosing.com\\\/wp-content\\\/uploads\\\/2021\\\/02\\\/galindoi-product-truffles.jpg\",\"contentUrl\":\"https:\\\/\\\/dutchmicrodosing.com\\\/wp-content\\\/uploads\\\/2021\\\/02\\\/galindoi-product-truffles.jpg\",\"width\":500,\"height\":500},{\"@type\":\"BreadcrumbList\",\"@id\":\"https:\\\/\\\/dutchmicrodosing.com\\\/es\\\/trufas-de-psilocibina\\\/trufas-magicas-ecologicas-xp\\\/trufas-de-galindoi-ecologicas\\\/#breadcrumb\",\"itemListElement\":[{\"@type\":\"ListItem\",\"position\":1,\"name\":\"Home\",\"item\":\"https:\\\/\\\/dutchmicrodosing.com\\\/es\\\/\"},{\"@type\":\"ListItem\",\"position\":2,\"name\":\"Tienda\",\"item\":\"https:\\\/\\\/dutchmicrodosing.com\\\/es\\\/tienda\\\/\"},{\"@type\":\"ListItem\",\"position\":3,\"name\":\"Trufas de Galindoi ecol\u00f3gicas 25 Gr\"}]},{\"@type\":\"WebSite\",\"@id\":\"https:\\\/\\\/dutchmicrodosing.com\\\/es\\\/#website\",\"url\":\"https:\\\/\\\/dutchmicrodosing.com\\\/es\\\/\",\"name\":\"Dutchmicrodosing\",\"description\":\"\",\"publisher\":{\"@id\":\"https:\\\/\\\/dutchmicrodosing.com\\\/es\\\/#organization\"},\"potentialAction\":[{\"@type\":\"SearchAction\",\"target\":{\"@type\":\"EntryPoint\",\"urlTemplate\":\"https:\\\/\\\/dutchmicrodosing.com\\\/es\\\/?s={search_term_string}\"},\"query-input\":{\"@type\":\"PropertyValueSpecification\",\"valueRequired\":true,\"valueName\":\"search_term_string\"}}],\"inLanguage\":\"es\"},{\"@type\":\"Organization\",\"@id\":\"https:\\\/\\\/dutchmicrodosing.com\\\/es\\\/#organization\",\"name\":\"Dutchmicrodosing\",\"url\":\"https:\\\/\\\/dutchmicrodosing.com\\\/es\\\/\",\"logo\":{\"@type\":\"ImageObject\",\"inLanguage\":\"es\",\"@id\":\"https:\\\/\\\/dutchmicrodosing.com\\\/es\\\/#\\\/schema\\\/logo\\\/image\\\/\",\"url\":\"https:\\\/\\\/dutchmicrodosing.com\\\/wp-content\\\/uploads\\\/2021\\\/01\\\/microdosing-categorie-pic-nieuw.jpg\",\"contentUrl\":\"https:\\\/\\\/dutchmicrodosing.com\\\/wp-content\\\/uploads\\\/2021\\\/01\\\/microdosing-categorie-pic-nieuw.jpg\",\"width\":500,\"height\":500,\"caption\":\"Dutchmicrodosing\"},\"image\":{\"@id\":\"https:\\\/\\\/dutchmicrodosing.com\\\/es\\\/#\\\/schema\\\/logo\\\/image\\\/\"},\"sameAs\":[\"https:\\\/\\\/www.facebook.com\\\/Dutchmicrodosingxp\\\/\",\"https:\\\/\\\/www.instagram.com\\\/dutchmicrodosing\\\/\"]}]}<\/script>\n<meta property=\"product:price:amount\" content=\"22.95\" \/>\n<meta property=\"product:price:currency\" content=\"EUR\" \/>\n<meta property=\"og:availability\" content=\"instock\" \/>\n<meta property=\"product:availability\" content=\"instock\" \/>\n<meta property=\"product:retailer_item_id\" content=\"2212997\" \/>\n<meta property=\"product:condition\" content=\"new\" \/>\n<!-- \/ Yoast SEO Premium plugin. -->","yoast_head_json":{"title":"Trufas de Galindoi ecol\u00f3gicas 25 Gr - Dutchmicrodosing","robots":{"index":"index","follow":"follow","max-snippet":"max-snippet:-1","max-image-preview":"max-image-preview:large","max-video-preview":"max-video-preview:-1"},"canonical":"https:\/\/dutchmicrodosing.com\/es\/trufas-de-psilocibina\/trufas-magicas-ecologicas-xp\/trufas-de-galindoi-ecologicas\/","og_locale":"es_ES","og_type":"article","og_title":"Trufas de Galindoi ecol\u00f3gicas 25 Gr","og_description":"La Trufa Galindoi 100% Ecol\u00f3gica de Psilocybe es una impresionante y poderosa trufa m\u00e1gica que altera la mente. Con una fuerza de cuatro (de cinco","og_url":"https:\/\/dutchmicrodosing.com\/es\/trufas-de-psilocibina\/trufas-magicas-ecologicas-xp\/trufas-de-galindoi-ecologicas\/","og_site_name":"Dutchmicrodosing","article_publisher":"https:\/\/www.facebook.com\/Dutchmicrodosingxp\/","article_modified_time":"2023-03-11T11:44:05+00:00","og_image":[{"width":500,"height":500,"url":"https:\/\/dutchmicrodosing.com\/wp-content\/uploads\/2021\/02\/galindoi-product-truffles.jpg","type":"image\/jpeg"}],"twitter_card":"summary_large_image","schema":{"@context":"https:\/\/schema.org","@graph":[{"@type":"WebPage","@id":"https:\/\/dutchmicrodosing.com\/es\/trufas-de-psilocibina\/trufas-magicas-ecologicas-xp\/trufas-de-galindoi-ecologicas\/","url":"https:\/\/dutchmicrodosing.com\/es\/trufas-de-psilocibina\/trufas-magicas-ecologicas-xp\/trufas-de-galindoi-ecologicas\/","name":"Trufas de Galindoi ecol\u00f3gicas 25 Gr - Dutchmicrodosing","isPartOf":{"@id":"https:\/\/dutchmicrodosing.com\/es\/#website"},"primaryImageOfPage":{"@id":"https:\/\/dutchmicrodosing.com\/es\/trufas-de-psilocibina\/trufas-magicas-ecologicas-xp\/trufas-de-galindoi-ecologicas\/#primaryimage"},"image":{"@id":"https:\/\/dutchmicrodosing.com\/es\/trufas-de-psilocibina\/trufas-magicas-ecologicas-xp\/trufas-de-galindoi-ecologicas\/#primaryimage"},"thumbnailUrl":"https:\/\/dutchmicrodosing.com\/wp-content\/uploads\/2021\/02\/galindoi-product-truffles.jpg","datePublished":"2021-05-07T19:31:49+00:00","dateModified":"2023-03-11T11:44:05+00:00","breadcrumb":{"@id":"https:\/\/dutchmicrodosing.com\/es\/trufas-de-psilocibina\/trufas-magicas-ecologicas-xp\/trufas-de-galindoi-ecologicas\/#breadcrumb"},"inLanguage":"es","potentialAction":[{"@type":"ReadAction","target":["https:\/\/dutchmicrodosing.com\/es\/trufas-de-psilocibina\/trufas-magicas-ecologicas-xp\/trufas-de-galindoi-ecologicas\/"]}]},{"@type":"ImageObject","inLanguage":"es","@id":"https:\/\/dutchmicrodosing.com\/es\/trufas-de-psilocibina\/trufas-magicas-ecologicas-xp\/trufas-de-galindoi-ecologicas\/#primaryimage","url":"https:\/\/dutchmicrodosing.com\/wp-content\/uploads\/2021\/02\/galindoi-product-truffles.jpg","contentUrl":"https:\/\/dutchmicrodosing.com\/wp-content\/uploads\/2021\/02\/galindoi-product-truffles.jpg","width":500,"height":500},{"@type":"BreadcrumbList","@id":"https:\/\/dutchmicrodosing.com\/es\/trufas-de-psilocibina\/trufas-magicas-ecologicas-xp\/trufas-de-galindoi-ecologicas\/#breadcrumb","itemListElement":[{"@type":"ListItem","position":1,"name":"Home","item":"https:\/\/dutchmicrodosing.com\/es\/"},{"@type":"ListItem","position":2,"name":"Tienda","item":"https:\/\/dutchmicrodosing.com\/es\/tienda\/"},{"@type":"ListItem","position":3,"name":"Trufas de Galindoi ecol\u00f3gicas 25 Gr"}]},{"@type":"WebSite","@id":"https:\/\/dutchmicrodosing.com\/es\/#website","url":"https:\/\/dutchmicrodosing.com\/es\/","name":"Dutchmicrodosing","description":"","publisher":{"@id":"https:\/\/dutchmicrodosing.com\/es\/#organization"},"potentialAction":[{"@type":"SearchAction","target":{"@type":"EntryPoint","urlTemplate":"https:\/\/dutchmicrodosing.com\/es\/?s={search_term_string}"},"query-input":{"@type":"PropertyValueSpecification","valueRequired":true,"valueName":"search_term_string"}}],"inLanguage":"es"},{"@type":"Organization","@id":"https:\/\/dutchmicrodosing.com\/es\/#organization","name":"Dutchmicrodosing","url":"https:\/\/dutchmicrodosing.com\/es\/","logo":{"@type":"ImageObject","inLanguage":"es","@id":"https:\/\/dutchmicrodosing.com\/es\/#\/schema\/logo\/image\/","url":"https:\/\/dutchmicrodosing.com\/wp-content\/uploads\/2021\/01\/microdosing-categorie-pic-nieuw.jpg","contentUrl":"https:\/\/dutchmicrodosing.com\/wp-content\/uploads\/2021\/01\/microdosing-categorie-pic-nieuw.jpg","width":500,"height":500,"caption":"Dutchmicrodosing"},"image":{"@id":"https:\/\/dutchmicrodosing.com\/es\/#\/schema\/logo\/image\/"},"sameAs":["https:\/\/www.facebook.com\/Dutchmicrodosingxp\/","https:\/\/www.instagram.com\/dutchmicrodosing\/"]}]},"product_price_amount":"22.95","product_price_currency":"EUR","og_availability":"instock","product_availability":"instock","product_retailer_item_id":"2212997","product_condition":"new"},"_links":{"self":[{"href":"https:\/\/dutchmicrodosing.com\/es\/wp-json\/wp\/v2\/product\/5378","targetHints":{"allow":["GET"]}}],"collection":[{"href":"https:\/\/dutchmicrodosing.com\/es\/wp-json\/wp\/v2\/product"}],"about":[{"href":"https:\/\/dutchmicrodosing.com\/es\/wp-json\/wp\/v2\/types\/product"}],"replies":[{"embeddable":true,"href":"https:\/\/dutchmicrodosing.com\/es\/wp-json\/wp\/v2\/comments?post=5378"}],"version-history":[{"count":0,"href":"https:\/\/dutchmicrodosing.com\/es\/wp-json\/wp\/v2\/product\/5378\/revisions"}],"wp:featuredmedia":[{"embeddable":true,"href":"https:\/\/dutchmicrodosing.com\/es\/wp-json\/wp\/v2\/media\/3140"}],"wp:attachment":[{"href":"https:\/\/dutchmicrodosing.com\/es\/wp-json\/wp\/v2\/media?parent=5378"}],"wp:term":[{"taxonomy":"product_brand","embeddable":true,"href":"https:\/\/dutchmicrodosing.com\/es\/wp-json\/wp\/v2\/product_brand?post=5378"},{"taxonomy":"product_cat","embeddable":true,"href":"https:\/\/dutchmicrodosing.com\/es\/wp-json\/wp\/v2\/product_cat?post=5378"},{"taxonomy":"product_tag","embeddable":true,"href":"https:\/\/dutchmicrodosing.com\/es\/wp-json\/wp\/v2\/product_tag?post=5378"}],"curies":[{"name":"wp","href":"https:\/\/api.w.org\/{rel}","templated":true}]}}